{"id":37459,"date":"2021-09-30T09:49:02","date_gmt":"2021-09-30T09:49:02","guid":{"rendered":"https:\/\/lifenatura.dev.agenciagetdigital.com\/produto\/azucar-de-coco-bio-300-g-superalimentos-drasanvi\/"},"modified":"2024-06-12T20:28:18","modified_gmt":"2024-06-12T20:28:18","slug":"azucar-de-coco-bio-300-g-superalimentos-drasanvi","status":"publish","type":"product","link":"https:\/\/www.lifenatura.com\/es\/produto\/azucar-de-coco-bio-300-g-superalimentos-drasanvi\/","title":{"rendered":"Az\u00facar de Coco Bio 300 g &#8211; SuperAlimentos Drasanvi"},"content":{"rendered":"<h2 style=\"text-align: left;\"><strong>Az\u00facar de coco con bajo \u00edndice gluc\u00e9mico<\/strong><\/h2>\n<p>El az\u00facar de coco se obtiene del n\u00e9ctar de las flores del cocotero. Durante siglos se ha utilizado como edulcorante natural en los pa\u00edses del suroeste asi\u00e1tico, y en los \u00faltimos a\u00f1os su uso se ha popularizado debido a su bajo \u00edndice gluc\u00e9mico (IG), que no altera excesivamente los niveles de az\u00facar en sangre.<\/p>\n<p>El az\u00facar de coco Drasanvi es un edulcorante natural y saludable extra\u00eddo de las flores del cocotero. Conocido por su suave sabor a caramelo, este az\u00facar es una excelente alternativa al az\u00facar refinado tradicional.<\/p>\n<p>Rico en nutrientes como potasio, magnesio, zinc y hierro, el Az\u00facar de Coco Drasanvi mantiene bajo su \u00edndice gluc\u00e9mico, lo que lo hace adecuado para quienes buscan un estilo de vida m\u00e1s saludable. Ideal para endulzar bebidas, postres, cereales y mucho m\u00e1s, este az\u00facar es la elecci\u00f3n perfecta para sustituir al az\u00facar com\u00fan sin comprometer el sabor.<\/p>\n<p><strong>Principales beneficios:<\/strong><\/p>\n<ul>\n<li><strong>Bajo \u00edndice gluc\u00e9mico:<\/strong> Ayuda a mantener m\u00e1s estables los niveles de az\u00facar en sangre, por lo que es una opci\u00f3n m\u00e1s saludable para endulzar los alimentos.<\/li>\n<li><strong>Rico en nutrientes:<\/strong> Contiene minerales esenciales como potasio, magnesio, zinc y hierro, que contribuyen a una dieta equilibrada.<\/li>\n<li><strong>Sabor suave y agradable:<\/strong> Ofrece un sabor natural a caramelo que realza el sabor de diversas recetas sin ser excesivamente dulce.<\/li>\n<\/ul>\n<p>El Az\u00facar de Coco es un az\u00facar ecol\u00f3gico, tanto su obtenci\u00f3n como su procesamiento se realizan de forma sostenible, siendo considerado el az\u00facar m\u00e1s ecol\u00f3gico y sostenible del planeta.<\/p>\n<p><strong>PRESENTACI\u00d3N<\/strong><\/p>\n<p>300g<\/p>\n<p>&nbsp;<\/p>\n","protected":false},"excerpt":{"rendered":"<p>El Az\u00facar de Coco Drasanvi es la opci\u00f3n ideal para quienes desean una alternativa m\u00e1s nutritiva y saludable al az\u00facar refinado. [&#8230;]<\/p>\n<p><a class=\"btn btn-secondary understrap-read-more-link\" href=\"https:\/\/www.lifenatura.com\/es\/produto\/azucar-de-coco-bio-300-g-superalimentos-drasanvi\/\">Leer m\u00e1s&#8230;<span class=\"screen-reader-text\"> from Az\u00facar de Coco Bio 300 g &#8211; SuperAlimentos Drasanvi<\/span><\/a><\/p>\n","protected":false},"featured_media":19065,"template":"","meta":{"_acf_changed":false},"product_brand":[8498],"product_cat":[7064,7289,7686,7659,7074],"product_tag":[],"class_list":{"0":"post-37459","1":"product","2":"type-product","3":"status-publish","4":"has-post-thumbnail","6":"product_brand-drasanvi","7":"product_cat-alimentacion-sana","8":"product_cat-azucar-edulcorantes","9":"product_cat-coco-bio","10":"product_cat-ingrediente-natural-bio","11":"product_cat-productos-alimenticios","12":"pa_caracteristicas-biologico","14":"first","15":"instock","16":"sale","17":"shipping-taxable","18":"purchasable","19":"product-type-simple","20":"add-to-wishlist-before_image"},"acf":[],"yoast_head":"<!-- This site is optimized with the Yoast SEO Premium plugin v27.1 (Yoast SEO v27.5) - https:\/\/yoast.com\/product\/yoast-seo-premium-wordpress\/ -->\n<title>Az\u00facar de Coco Bio SuperAlimentos Drasanvi - Lifenatura<\/title>\n<meta name=\"description\" content=\"El Az\u00facar de Coco Drasanvi es la opci\u00f3n ideal para quienes desean una alternativa m\u00e1s nutritiva y saludable al az\u00facar refinado.\" \/>\n<meta name=\"robots\" content=\"index, follow, max-snippet:-1, max-image-preview:large, max-video-preview:-1\" \/>\n<link rel=\"canonical\" href=\"https:\/\/www.lifenatura.com\/es\/produto\/azucar-de-coco-bio-300-g-superalimentos-drasanvi\/\" \/>\n<meta property=\"og:locale\" content=\"es_ES\" \/>\n<meta property=\"og:type\" content=\"article\" \/>\n<meta property=\"og:title\" content=\"Az\u00facar de Coco Bio 300 g - SuperAlimentos Drasanvi - Na Lifenatura ao Melhor Pre\u00e7o | Envio 48h\" \/>\n<meta property=\"og:description\" content=\"Compre Az\u00facar de Coco Bio 300 g - SuperAlimentos Drasanvi com envio r\u00e1pido. Entrega em 48h e portes gr\u00e1tis em compras &gt;35\u20ac. Aproveite j\u00e1 na Lifenatura\" \/>\n<meta property=\"og:url\" content=\"https:\/\/www.lifenatura.com\/es\/produto\/azucar-de-coco-bio-300-g-superalimentos-drasanvi\/\" \/>\n<meta property=\"og:site_name\" content=\"Lifenatura\" \/>\n<meta property=\"article:publisher\" content=\"https:\/\/www.facebook.com\/lifenatura\" \/>\n<meta property=\"article:modified_time\" content=\"2024-06-12T20:28:18+00:00\" \/>\n<meta property=\"og:image\" content=\"https:\/\/www.lifenatura.com\/wp-content\/uploads\/2021\/09\/gd_acucar_de_coco_drasanvi_superalimentos.jpg\" \/>\n\t<meta property=\"og:image:width\" content=\"1000\" \/>\n\t<meta property=\"og:image:height\" content=\"1000\" \/>\n\t<meta property=\"og:image:type\" content=\"image\/jpeg\" \/>\n<meta name=\"twitter:card\" content=\"summary_large_image\" \/>\n<meta name=\"twitter:label1\" content=\"Precio\" \/>\n\t<meta name=\"twitter:data1\" content=\"4,77&nbsp;&euro;\" \/>\n\t<meta name=\"twitter:label2\" content=\"Disponibilidad\" \/>\n\t<meta name=\"twitter:data2\" content=\"Disponible\" \/>\n<script type=\"application\/ld+json\" class=\"yoast-schema-graph\">{\"@context\":\"https:\\\/\\\/schema.org\",\"@graph\":[{\"@type\":\"WebPage\",\"@id\":\"https:\\\/\\\/www.lifenatura.com\\\/es\\\/produto\\\/azucar-de-coco-bio-300-g-superalimentos-drasanvi\\\/\",\"url\":\"https:\\\/\\\/www.lifenatura.com\\\/es\\\/produto\\\/azucar-de-coco-bio-300-g-superalimentos-drasanvi\\\/\",\"name\":\"Az\u00facar de Coco Bio SuperAlimentos Drasanvi - Lifenatura\",\"isPartOf\":{\"@id\":\"https:\\\/\\\/www.lifenatura.com\\\/es\\\/#website\"},\"primaryImageOfPage\":{\"@id\":\"https:\\\/\\\/www.lifenatura.com\\\/es\\\/produto\\\/azucar-de-coco-bio-300-g-superalimentos-drasanvi\\\/#primaryimage\"},\"image\":{\"@id\":\"https:\\\/\\\/www.lifenatura.com\\\/es\\\/produto\\\/azucar-de-coco-bio-300-g-superalimentos-drasanvi\\\/#primaryimage\"},\"thumbnailUrl\":\"https:\\\/\\\/www.lifenatura.com\\\/wp-content\\\/uploads\\\/2021\\\/09\\\/gd_acucar_de_coco_drasanvi_superalimentos.jpg\",\"datePublished\":\"2021-09-30T09:49:02+00:00\",\"dateModified\":\"2024-06-12T20:28:18+00:00\",\"description\":\"El Az\u00facar de Coco Drasanvi es la opci\u00f3n ideal para quienes desean una alternativa m\u00e1s nutritiva y saludable al az\u00facar refinado.\",\"breadcrumb\":{\"@id\":\"https:\\\/\\\/www.lifenatura.com\\\/es\\\/produto\\\/azucar-de-coco-bio-300-g-superalimentos-drasanvi\\\/#breadcrumb\"},\"inLanguage\":\"es\",\"potentialAction\":[{\"@type\":\"ReadAction\",\"target\":[\"https:\\\/\\\/www.lifenatura.com\\\/es\\\/produto\\\/azucar-de-coco-bio-300-g-superalimentos-drasanvi\\\/\"]}]},{\"@type\":\"ImageObject\",\"inLanguage\":\"es\",\"@id\":\"https:\\\/\\\/www.lifenatura.com\\\/es\\\/produto\\\/azucar-de-coco-bio-300-g-superalimentos-drasanvi\\\/#primaryimage\",\"url\":\"https:\\\/\\\/www.lifenatura.com\\\/wp-content\\\/uploads\\\/2021\\\/09\\\/gd_acucar_de_coco_drasanvi_superalimentos.jpg\",\"contentUrl\":\"https:\\\/\\\/www.lifenatura.com\\\/wp-content\\\/uploads\\\/2021\\\/09\\\/gd_acucar_de_coco_drasanvi_superalimentos.jpg\",\"width\":1000,\"height\":1000,\"caption\":\"Az\u00facar de Coco Bio 300 g - SuperAlimentos Drasanvi\"},{\"@type\":\"BreadcrumbList\",\"@id\":\"https:\\\/\\\/www.lifenatura.com\\\/es\\\/produto\\\/azucar-de-coco-bio-300-g-superalimentos-drasanvi\\\/#breadcrumb\",\"itemListElement\":[{\"@type\":\"ListItem\",\"position\":1,\"name\":\"In\u00edcio\",\"item\":\"https:\\\/\\\/www.lifenatura.com\\\/es\\\/\"},{\"@type\":\"ListItem\",\"position\":2,\"name\":\"Todos los Productos\",\"item\":\"https:\\\/\\\/www.lifenatura.com\\\/es\\\/tienda\\\/\"},{\"@type\":\"ListItem\",\"position\":3,\"name\":\"Az\u00facar de Coco Bio 300 g &#8211; SuperAlimentos Drasanvi\"}]},{\"@type\":\"WebSite\",\"@id\":\"https:\\\/\\\/www.lifenatura.com\\\/es\\\/#website\",\"url\":\"https:\\\/\\\/www.lifenatura.com\\\/es\\\/\",\"name\":\"Lifenatura\",\"description\":\"A Lifenatura \u00e9 uma loja de produtos naturais, cosm\u00e9tica natural e alimenta\u00e7\u00e3o Biol\u00f3gica.\",\"publisher\":{\"@id\":\"https:\\\/\\\/www.lifenatura.com\\\/es\\\/#organization\"},\"potentialAction\":[{\"@type\":\"SearchAction\",\"target\":{\"@type\":\"EntryPoint\",\"urlTemplate\":\"https:\\\/\\\/www.lifenatura.com\\\/es\\\/?s={search_term_string}\"},\"query-input\":{\"@type\":\"PropertyValueSpecification\",\"valueRequired\":true,\"valueName\":\"search_term_string\"}}],\"inLanguage\":\"es\"},{\"@type\":\"Organization\",\"@id\":\"https:\\\/\\\/www.lifenatura.com\\\/es\\\/#organization\",\"name\":\"Lifenatura\",\"url\":\"https:\\\/\\\/www.lifenatura.com\\\/es\\\/\",\"logo\":{\"@type\":\"ImageObject\",\"inLanguage\":\"es\",\"@id\":\"https:\\\/\\\/www.lifenatura.com\\\/es\\\/#\\\/schema\\\/logo\\\/image\\\/\",\"url\":\"https:\\\/\\\/www.lifenatura.com\\\/wp-content\\\/uploads\\\/2021\\\/07\\\/logo.png\",\"contentUrl\":\"https:\\\/\\\/www.lifenatura.com\\\/wp-content\\\/uploads\\\/2021\\\/07\\\/logo.png\",\"width\":175,\"height\":55,\"caption\":\"Lifenatura\"},\"image\":{\"@id\":\"https:\\\/\\\/www.lifenatura.com\\\/es\\\/#\\\/schema\\\/logo\\\/image\\\/\"},\"sameAs\":[\"https:\\\/\\\/www.facebook.com\\\/lifenatura\",\"https:\\\/\\\/www.instagram.com\\\/lifenaturapt\\\/\"],\"hasMerchantReturnPolicy\":{\"@type\":\"MerchantReturnPolicy\",\"merchantReturnLink\":\"https:\\\/\\\/www.lifenatura.com\\\/termos-condicoes-lifenatura\\\/\"}}]}<\/script>\n<meta property=\"product:price:amount\" content=\"4.77\" \/>\n<meta property=\"product:price:currency\" content=\"EUR\" \/>\n<meta property=\"og:availability\" content=\"instock\" \/>\n<meta property=\"product:availability\" content=\"instock\" \/>\n<meta property=\"product:retailer_item_id\" content=\"8436044516122\" \/>\n<meta property=\"product:condition\" content=\"new\" \/>\n<!-- \/ Yoast SEO Premium plugin. -->","yoast_head_json":{"title":"Az\u00facar de Coco Bio SuperAlimentos Drasanvi - Lifenatura","description":"El Az\u00facar de Coco Drasanvi es la opci\u00f3n ideal para quienes desean una alternativa m\u00e1s nutritiva y saludable al az\u00facar refinado.","robots":{"index":"index","follow":"follow","max-snippet":"max-snippet:-1","max-image-preview":"max-image-preview:large","max-video-preview":"max-video-preview:-1"},"canonical":"https:\/\/www.lifenatura.com\/es\/produto\/azucar-de-coco-bio-300-g-superalimentos-drasanvi\/","og_locale":"es_ES","og_type":"article","og_title":"Az\u00facar de Coco Bio 300 g - SuperAlimentos Drasanvi - Na Lifenatura ao Melhor Pre\u00e7o | Envio 48h","og_description":"Compre Az\u00facar de Coco Bio 300 g - SuperAlimentos Drasanvi com envio r\u00e1pido. Entrega em 48h e portes gr\u00e1tis em compras >35\u20ac. Aproveite j\u00e1 na Lifenatura","og_url":"https:\/\/www.lifenatura.com\/es\/produto\/azucar-de-coco-bio-300-g-superalimentos-drasanvi\/","og_site_name":"Lifenatura","article_publisher":"https:\/\/www.facebook.com\/lifenatura","article_modified_time":"2024-06-12T20:28:18+00:00","og_image":[{"width":1000,"height":1000,"url":"https:\/\/www.lifenatura.com\/wp-content\/uploads\/2021\/09\/gd_acucar_de_coco_drasanvi_superalimentos.jpg","type":"image\/jpeg"}],"twitter_card":"summary_large_image","twitter_misc":{"Precio":"4,77&nbsp;&euro;","Disponibilidad":"Disponible"},"schema":{"@context":"https:\/\/schema.org","@graph":[{"@type":"WebPage","@id":"https:\/\/www.lifenatura.com\/es\/produto\/azucar-de-coco-bio-300-g-superalimentos-drasanvi\/","url":"https:\/\/www.lifenatura.com\/es\/produto\/azucar-de-coco-bio-300-g-superalimentos-drasanvi\/","name":"Az\u00facar de Coco Bio SuperAlimentos Drasanvi - Lifenatura","isPartOf":{"@id":"https:\/\/www.lifenatura.com\/es\/#website"},"primaryImageOfPage":{"@id":"https:\/\/www.lifenatura.com\/es\/produto\/azucar-de-coco-bio-300-g-superalimentos-drasanvi\/#primaryimage"},"image":{"@id":"https:\/\/www.lifenatura.com\/es\/produto\/azucar-de-coco-bio-300-g-superalimentos-drasanvi\/#primaryimage"},"thumbnailUrl":"https:\/\/www.lifenatura.com\/wp-content\/uploads\/2021\/09\/gd_acucar_de_coco_drasanvi_superalimentos.jpg","datePublished":"2021-09-30T09:49:02+00:00","dateModified":"2024-06-12T20:28:18+00:00","description":"El Az\u00facar de Coco Drasanvi es la opci\u00f3n ideal para quienes desean una alternativa m\u00e1s nutritiva y saludable al az\u00facar refinado.","breadcrumb":{"@id":"https:\/\/www.lifenatura.com\/es\/produto\/azucar-de-coco-bio-300-g-superalimentos-drasanvi\/#breadcrumb"},"inLanguage":"es","potentialAction":[{"@type":"ReadAction","target":["https:\/\/www.lifenatura.com\/es\/produto\/azucar-de-coco-bio-300-g-superalimentos-drasanvi\/"]}]},{"@type":"ImageObject","inLanguage":"es","@id":"https:\/\/www.lifenatura.com\/es\/produto\/azucar-de-coco-bio-300-g-superalimentos-drasanvi\/#primaryimage","url":"https:\/\/www.lifenatura.com\/wp-content\/uploads\/2021\/09\/gd_acucar_de_coco_drasanvi_superalimentos.jpg","contentUrl":"https:\/\/www.lifenatura.com\/wp-content\/uploads\/2021\/09\/gd_acucar_de_coco_drasanvi_superalimentos.jpg","width":1000,"height":1000,"caption":"Az\u00facar de Coco Bio 300 g - SuperAlimentos Drasanvi"},{"@type":"BreadcrumbList","@id":"https:\/\/www.lifenatura.com\/es\/produto\/azucar-de-coco-bio-300-g-superalimentos-drasanvi\/#breadcrumb","itemListElement":[{"@type":"ListItem","position":1,"name":"In\u00edcio","item":"https:\/\/www.lifenatura.com\/es\/"},{"@type":"ListItem","position":2,"name":"Todos los Productos","item":"https:\/\/www.lifenatura.com\/es\/tienda\/"},{"@type":"ListItem","position":3,"name":"Az\u00facar de Coco Bio 300 g &#8211; SuperAlimentos Drasanvi"}]},{"@type":"WebSite","@id":"https:\/\/www.lifenatura.com\/es\/#website","url":"https:\/\/www.lifenatura.com\/es\/","name":"Lifenatura","description":"A Lifenatura \u00e9 uma loja de produtos naturais, cosm\u00e9tica natural e alimenta\u00e7\u00e3o Biol\u00f3gica.","publisher":{"@id":"https:\/\/www.lifenatura.com\/es\/#organization"},"potentialAction":[{"@type":"SearchAction","target":{"@type":"EntryPoint","urlTemplate":"https:\/\/www.lifenatura.com\/es\/?s={search_term_string}"},"query-input":{"@type":"PropertyValueSpecification","valueRequired":true,"valueName":"search_term_string"}}],"inLanguage":"es"},{"@type":"Organization","@id":"https:\/\/www.lifenatura.com\/es\/#organization","name":"Lifenatura","url":"https:\/\/www.lifenatura.com\/es\/","logo":{"@type":"ImageObject","inLanguage":"es","@id":"https:\/\/www.lifenatura.com\/es\/#\/schema\/logo\/image\/","url":"https:\/\/www.lifenatura.com\/wp-content\/uploads\/2021\/07\/logo.png","contentUrl":"https:\/\/www.lifenatura.com\/wp-content\/uploads\/2021\/07\/logo.png","width":175,"height":55,"caption":"Lifenatura"},"image":{"@id":"https:\/\/www.lifenatura.com\/es\/#\/schema\/logo\/image\/"},"sameAs":["https:\/\/www.facebook.com\/lifenatura","https:\/\/www.instagram.com\/lifenaturapt\/"],"hasMerchantReturnPolicy":{"@type":"MerchantReturnPolicy","merchantReturnLink":"https:\/\/www.lifenatura.com\/termos-condicoes-lifenatura\/"}}]},"product_price_amount":"4.77","product_price_currency":"EUR","og_availability":"instock","product_availability":"instock","product_retailer_item_id":"8436044516122","product_condition":"new"},"df_price":4.77,"df_sale_price":4.77,"df_regular_price":7.95,"df_image_link":"https:\/\/www.lifenatura.com\/wp-content\/uploads\/2021\/09\/gd_acucar_de_coco_drasanvi_superalimentos-300x300.jpg","_links":{"self":[{"href":"https:\/\/www.lifenatura.com\/es\/wp-json\/wp\/v2\/product\/37459","targetHints":{"allow":["GET"]}}],"collection":[{"href":"https:\/\/www.lifenatura.com\/es\/wp-json\/wp\/v2\/product"}],"about":[{"href":"https:\/\/www.lifenatura.com\/es\/wp-json\/wp\/v2\/types\/product"}],"wp:featuredmedia":[{"embeddable":true,"href":"https:\/\/www.lifenatura.com\/es\/wp-json\/wp\/v2\/media\/19065"}],"wp:attachment":[{"href":"https:\/\/www.lifenatura.com\/es\/wp-json\/wp\/v2\/media?parent=37459"}],"wp:term":[{"taxonomy":"product_brand","embeddable":true,"href":"https:\/\/www.lifenatura.com\/es\/wp-json\/wp\/v2\/product_brand?post=37459"},{"taxonomy":"product_cat","embeddable":true,"href":"https:\/\/www.lifenatura.com\/es\/wp-json\/wp\/v2\/product_cat?post=37459"},{"taxonomy":"product_tag","embeddable":true,"href":"https:\/\/www.lifenatura.com\/es\/wp-json\/wp\/v2\/product_tag?post=37459"}],"curies":[{"name":"wp","href":"https:\/\/api.w.org\/{rel}","templated":true}]}}