{"id":37456,"date":"2021-09-30T09:49:02","date_gmt":"2021-09-30T09:49:02","guid":{"rendered":"https:\/\/lifenatura.dev.agenciagetdigital.com\/produto\/pack-collmar-beauty-frutos-rojos-oferta-creme-antiedad-drasanvi\/"},"modified":"2026-01-22T06:49:41","modified_gmt":"2026-01-22T06:49:41","slug":"pack-collmar-beauty-frutos-rojos-oferta-creme-antiedad-drasanvi","status":"publish","type":"product","link":"https:\/\/www.lifenatura.com\/es\/produto\/pack-collmar-beauty-frutos-rojos-oferta-creme-antiedad-drasanvi\/","title":{"rendered":"Pack Collmar Beauty Frutos Rojos Oferta Creme Antiedad &#8211; Drasanvi"},"content":{"rendered":"<p>Collmar Beauty Pack Oferta Crema Facial Sabor: Frutos Rojos Este Pack incluye Collmar Beauty y Collmar OFERTA Crema para la cara. Collmar Beauty contribuye al mantenimiento de la piel en condiciones normales por su contenido en biotina. Collmar Night Action y Day Action Cream con efecto antiarrugas y reparaci\u00f3n celular. La sinergia de sus ingredientes act\u00faa contra los signos del envejecimiento prematuro como: falta de firmeza, arrugas, l\u00edneas finas y p\u00e9rdida de hidrataci\u00f3n. La piel de 30 a\u00f1os, sufre numerosos cambios, arrugas, piel seca, p\u00e9rdida de firmeza y l\u00edneas finas. Todos estos cambios son consecuencia de la disminuci\u00f3n de la s\u00edntesis de col\u00e1geno por nuestra piel. La combinaci\u00f3n de ingredientes con col\u00e1geno marino hidrolizado ayuda a combatir este problema al mejorar la apariencia de la piel.<\/p>\n","protected":false},"excerpt":{"rendered":"<p>Collmar Beauty Pack Oferta Crema Facial Sabor: Frutos Rojos Este Pack incluye Collmar Beauty y Collmar OFERTA Crema para la cara. Collmar Beauty contribuye al mantenimiento de la piel en condiciones normales por su contenido en biotina. Collmar Night Action y Day Action Cream con efecto antiarrugas y reparaci\u00f3n celular. La sinergia de sus ingredientes [&#8230;]<\/p>\n<p><a class=\"btn btn-secondary understrap-read-more-link\" href=\"https:\/\/www.lifenatura.com\/es\/produto\/pack-collmar-beauty-frutos-rojos-oferta-creme-antiedad-drasanvi\/\">Leer m\u00e1s&#8230;<span class=\"screen-reader-text\"> from Pack Collmar Beauty Frutos Rojos Oferta Creme Antiedad &#8211; Drasanvi<\/span><\/a><\/p>\n","protected":false},"featured_media":19062,"template":"","meta":{"_acf_changed":false},"product_brand":[8498],"product_cat":[7689,7659,7237,7179],"product_tag":[],"class_list":{"0":"post-37456","1":"product","2":"type-product","3":"status-publish","4":"has-post-thumbnail","6":"product_brand-drasanvi","7":"product_cat-colagenio-natural","8":"product_cat-ingrediente-natural-bio","9":"product_cat-pelo-unas","10":"product_cat-salud","12":"first","13":"outofstock","14":"sale","15":"shipping-taxable","16":"purchasable","17":"product-type-simple","18":"add-to-wishlist-before_image"},"acf":[],"yoast_head":"<!-- This site is optimized with the Yoast SEO Premium plugin v27.1 (Yoast SEO v27.5) - https:\/\/yoast.com\/product\/yoast-seo-premium-wordpress\/ -->\n<title>Pack Collmar Beauty Frutos Rojos Oferta Creme Antiedad - Drasanvi<\/title>\n<meta name=\"description\" content=\"La sinergia de sus ingredientes act\u00faa contra los signos del envejecimiento prematuro como: falta de firmeza, arrugas, l\u00edneas finas.\" \/>\n<meta name=\"robots\" content=\"index, follow, max-snippet:-1, max-image-preview:large, max-video-preview:-1\" \/>\n<link rel=\"canonical\" href=\"https:\/\/www.lifenatura.com\/es\/produto\/pack-collmar-beauty-frutos-rojos-oferta-creme-antiedad-drasanvi\/\" \/>\n<meta property=\"og:locale\" content=\"es_ES\" \/>\n<meta property=\"og:type\" content=\"article\" \/>\n<meta property=\"og:title\" content=\"Pack Collmar Beauty Frutos Rojos Oferta Creme Antiedad - Drasanvi - Na Lifenatura ao Melhor Pre\u00e7o | Envio 48h\" \/>\n<meta property=\"og:description\" content=\"Compre Pack Collmar Beauty Frutos Rojos Oferta Creme Antiedad - Drasanvi com envio r\u00e1pido. Entrega em 48h e portes gr\u00e1tis em compras &gt;35\u20ac. Aproveite j\u00e1 na Lifenatura\" \/>\n<meta property=\"og:url\" content=\"https:\/\/www.lifenatura.com\/es\/produto\/pack-collmar-beauty-frutos-rojos-oferta-creme-antiedad-drasanvi\/\" \/>\n<meta property=\"og:site_name\" content=\"Lifenatura\" \/>\n<meta property=\"article:publisher\" content=\"https:\/\/www.facebook.com\/lifenatura\" \/>\n<meta property=\"article:modified_time\" content=\"2026-01-22T06:49:41+00:00\" \/>\n<meta property=\"og:image\" content=\"https:\/\/www.lifenatura.com\/wp-content\/uploads\/2021\/09\/gd_collmar_pack_natal_frutos_vermelhos.jpg\" \/>\n\t<meta property=\"og:image:width\" content=\"1000\" \/>\n\t<meta property=\"og:image:height\" content=\"1000\" \/>\n\t<meta property=\"og:image:type\" content=\"image\/jpeg\" \/>\n<meta name=\"twitter:card\" content=\"summary_large_image\" \/>\n<meta name=\"twitter:label1\" content=\"Precio\" \/>\n\t<meta name=\"twitter:data1\" content=\"23,13&nbsp;&euro;\" \/>\n\t<meta name=\"twitter:label2\" content=\"Disponibilidad\" \/>\n\t<meta name=\"twitter:data2\" content=\"Sin existencias\" \/>\n<script type=\"application\/ld+json\" class=\"yoast-schema-graph\">{\"@context\":\"https:\\\/\\\/schema.org\",\"@graph\":[{\"@type\":\"WebPage\",\"@id\":\"https:\\\/\\\/www.lifenatura.com\\\/es\\\/produto\\\/pack-collmar-beauty-frutos-rojos-oferta-creme-antiedad-drasanvi\\\/\",\"url\":\"https:\\\/\\\/www.lifenatura.com\\\/es\\\/produto\\\/pack-collmar-beauty-frutos-rojos-oferta-creme-antiedad-drasanvi\\\/\",\"name\":\"Pack Collmar Beauty Frutos Rojos Oferta Creme Antiedad - Drasanvi\",\"isPartOf\":{\"@id\":\"https:\\\/\\\/www.lifenatura.com\\\/es\\\/#website\"},\"primaryImageOfPage\":{\"@id\":\"https:\\\/\\\/www.lifenatura.com\\\/es\\\/produto\\\/pack-collmar-beauty-frutos-rojos-oferta-creme-antiedad-drasanvi\\\/#primaryimage\"},\"image\":{\"@id\":\"https:\\\/\\\/www.lifenatura.com\\\/es\\\/produto\\\/pack-collmar-beauty-frutos-rojos-oferta-creme-antiedad-drasanvi\\\/#primaryimage\"},\"thumbnailUrl\":\"https:\\\/\\\/www.lifenatura.com\\\/wp-content\\\/uploads\\\/2021\\\/09\\\/gd_collmar_pack_natal_frutos_vermelhos.jpg\",\"datePublished\":\"2021-09-30T09:49:02+00:00\",\"dateModified\":\"2026-01-22T06:49:41+00:00\",\"description\":\"La sinergia de sus ingredientes act\u00faa contra los signos del envejecimiento prematuro como: falta de firmeza, arrugas, l\u00edneas finas.\",\"breadcrumb\":{\"@id\":\"https:\\\/\\\/www.lifenatura.com\\\/es\\\/produto\\\/pack-collmar-beauty-frutos-rojos-oferta-creme-antiedad-drasanvi\\\/#breadcrumb\"},\"inLanguage\":\"es\",\"potentialAction\":[{\"@type\":\"ReadAction\",\"target\":[\"https:\\\/\\\/www.lifenatura.com\\\/es\\\/produto\\\/pack-collmar-beauty-frutos-rojos-oferta-creme-antiedad-drasanvi\\\/\"]}]},{\"@type\":\"ImageObject\",\"inLanguage\":\"es\",\"@id\":\"https:\\\/\\\/www.lifenatura.com\\\/es\\\/produto\\\/pack-collmar-beauty-frutos-rojos-oferta-creme-antiedad-drasanvi\\\/#primaryimage\",\"url\":\"https:\\\/\\\/www.lifenatura.com\\\/wp-content\\\/uploads\\\/2021\\\/09\\\/gd_collmar_pack_natal_frutos_vermelhos.jpg\",\"contentUrl\":\"https:\\\/\\\/www.lifenatura.com\\\/wp-content\\\/uploads\\\/2021\\\/09\\\/gd_collmar_pack_natal_frutos_vermelhos.jpg\",\"width\":1000,\"height\":1000,\"caption\":\"Pack Collmar Beauty Frutos Rojos Oferta Creme Antiedad - Drasanvi\"},{\"@type\":\"BreadcrumbList\",\"@id\":\"https:\\\/\\\/www.lifenatura.com\\\/es\\\/produto\\\/pack-collmar-beauty-frutos-rojos-oferta-creme-antiedad-drasanvi\\\/#breadcrumb\",\"itemListElement\":[{\"@type\":\"ListItem\",\"position\":1,\"name\":\"In\u00edcio\",\"item\":\"https:\\\/\\\/www.lifenatura.com\\\/es\\\/\"},{\"@type\":\"ListItem\",\"position\":2,\"name\":\"Todos los Productos\",\"item\":\"https:\\\/\\\/www.lifenatura.com\\\/es\\\/tienda\\\/\"},{\"@type\":\"ListItem\",\"position\":3,\"name\":\"Pack Collmar Beauty Frutos Rojos Oferta Creme Antiedad &#8211; Drasanvi\"}]},{\"@type\":\"WebSite\",\"@id\":\"https:\\\/\\\/www.lifenatura.com\\\/es\\\/#website\",\"url\":\"https:\\\/\\\/www.lifenatura.com\\\/es\\\/\",\"name\":\"Lifenatura\",\"description\":\"A Lifenatura \u00e9 uma loja de produtos naturais, cosm\u00e9tica natural e alimenta\u00e7\u00e3o Biol\u00f3gica.\",\"publisher\":{\"@id\":\"https:\\\/\\\/www.lifenatura.com\\\/es\\\/#organization\"},\"potentialAction\":[{\"@type\":\"SearchAction\",\"target\":{\"@type\":\"EntryPoint\",\"urlTemplate\":\"https:\\\/\\\/www.lifenatura.com\\\/es\\\/?s={search_term_string}\"},\"query-input\":{\"@type\":\"PropertyValueSpecification\",\"valueRequired\":true,\"valueName\":\"search_term_string\"}}],\"inLanguage\":\"es\"},{\"@type\":\"Organization\",\"@id\":\"https:\\\/\\\/www.lifenatura.com\\\/es\\\/#organization\",\"name\":\"Lifenatura\",\"url\":\"https:\\\/\\\/www.lifenatura.com\\\/es\\\/\",\"logo\":{\"@type\":\"ImageObject\",\"inLanguage\":\"es\",\"@id\":\"https:\\\/\\\/www.lifenatura.com\\\/es\\\/#\\\/schema\\\/logo\\\/image\\\/\",\"url\":\"https:\\\/\\\/www.lifenatura.com\\\/wp-content\\\/uploads\\\/2021\\\/07\\\/logo.png\",\"contentUrl\":\"https:\\\/\\\/www.lifenatura.com\\\/wp-content\\\/uploads\\\/2021\\\/07\\\/logo.png\",\"width\":175,\"height\":55,\"caption\":\"Lifenatura\"},\"image\":{\"@id\":\"https:\\\/\\\/www.lifenatura.com\\\/es\\\/#\\\/schema\\\/logo\\\/image\\\/\"},\"sameAs\":[\"https:\\\/\\\/www.facebook.com\\\/lifenatura\",\"https:\\\/\\\/www.instagram.com\\\/lifenaturapt\\\/\"],\"hasMerchantReturnPolicy\":{\"@type\":\"MerchantReturnPolicy\",\"merchantReturnLink\":\"https:\\\/\\\/www.lifenatura.com\\\/termos-condicoes-lifenatura\\\/\"}}]}<\/script>\n<meta property=\"product:price:amount\" content=\"23.13\" \/>\n<meta property=\"product:price:currency\" content=\"EUR\" \/>\n<meta property=\"og:availability\" content=\"out of stock\" \/>\n<meta property=\"product:availability\" content=\"out of stock\" \/>\n<meta property=\"product:retailer_item_id\" content=\"8436044516079\" \/>\n<meta property=\"product:condition\" content=\"new\" \/>\n<!-- \/ Yoast SEO Premium plugin. -->","yoast_head_json":{"title":"Pack Collmar Beauty Frutos Rojos Oferta Creme Antiedad - Drasanvi","description":"La sinergia de sus ingredientes act\u00faa contra los signos del envejecimiento prematuro como: falta de firmeza, arrugas, l\u00edneas finas.","robots":{"index":"index","follow":"follow","max-snippet":"max-snippet:-1","max-image-preview":"max-image-preview:large","max-video-preview":"max-video-preview:-1"},"canonical":"https:\/\/www.lifenatura.com\/es\/produto\/pack-collmar-beauty-frutos-rojos-oferta-creme-antiedad-drasanvi\/","og_locale":"es_ES","og_type":"article","og_title":"Pack Collmar Beauty Frutos Rojos Oferta Creme Antiedad - Drasanvi - Na Lifenatura ao Melhor Pre\u00e7o | Envio 48h","og_description":"Compre Pack Collmar Beauty Frutos Rojos Oferta Creme Antiedad - Drasanvi com envio r\u00e1pido. Entrega em 48h e portes gr\u00e1tis em compras >35\u20ac. Aproveite j\u00e1 na Lifenatura","og_url":"https:\/\/www.lifenatura.com\/es\/produto\/pack-collmar-beauty-frutos-rojos-oferta-creme-antiedad-drasanvi\/","og_site_name":"Lifenatura","article_publisher":"https:\/\/www.facebook.com\/lifenatura","article_modified_time":"2026-01-22T06:49:41+00:00","og_image":[{"width":1000,"height":1000,"url":"https:\/\/www.lifenatura.com\/wp-content\/uploads\/2021\/09\/gd_collmar_pack_natal_frutos_vermelhos.jpg","type":"image\/jpeg"}],"twitter_card":"summary_large_image","twitter_misc":{"Precio":"23,13&nbsp;&euro;","Disponibilidad":"Sin existencias"},"schema":{"@context":"https:\/\/schema.org","@graph":[{"@type":"WebPage","@id":"https:\/\/www.lifenatura.com\/es\/produto\/pack-collmar-beauty-frutos-rojos-oferta-creme-antiedad-drasanvi\/","url":"https:\/\/www.lifenatura.com\/es\/produto\/pack-collmar-beauty-frutos-rojos-oferta-creme-antiedad-drasanvi\/","name":"Pack Collmar Beauty Frutos Rojos Oferta Creme Antiedad - Drasanvi","isPartOf":{"@id":"https:\/\/www.lifenatura.com\/es\/#website"},"primaryImageOfPage":{"@id":"https:\/\/www.lifenatura.com\/es\/produto\/pack-collmar-beauty-frutos-rojos-oferta-creme-antiedad-drasanvi\/#primaryimage"},"image":{"@id":"https:\/\/www.lifenatura.com\/es\/produto\/pack-collmar-beauty-frutos-rojos-oferta-creme-antiedad-drasanvi\/#primaryimage"},"thumbnailUrl":"https:\/\/www.lifenatura.com\/wp-content\/uploads\/2021\/09\/gd_collmar_pack_natal_frutos_vermelhos.jpg","datePublished":"2021-09-30T09:49:02+00:00","dateModified":"2026-01-22T06:49:41+00:00","description":"La sinergia de sus ingredientes act\u00faa contra los signos del envejecimiento prematuro como: falta de firmeza, arrugas, l\u00edneas finas.","breadcrumb":{"@id":"https:\/\/www.lifenatura.com\/es\/produto\/pack-collmar-beauty-frutos-rojos-oferta-creme-antiedad-drasanvi\/#breadcrumb"},"inLanguage":"es","potentialAction":[{"@type":"ReadAction","target":["https:\/\/www.lifenatura.com\/es\/produto\/pack-collmar-beauty-frutos-rojos-oferta-creme-antiedad-drasanvi\/"]}]},{"@type":"ImageObject","inLanguage":"es","@id":"https:\/\/www.lifenatura.com\/es\/produto\/pack-collmar-beauty-frutos-rojos-oferta-creme-antiedad-drasanvi\/#primaryimage","url":"https:\/\/www.lifenatura.com\/wp-content\/uploads\/2021\/09\/gd_collmar_pack_natal_frutos_vermelhos.jpg","contentUrl":"https:\/\/www.lifenatura.com\/wp-content\/uploads\/2021\/09\/gd_collmar_pack_natal_frutos_vermelhos.jpg","width":1000,"height":1000,"caption":"Pack Collmar Beauty Frutos Rojos Oferta Creme Antiedad - Drasanvi"},{"@type":"BreadcrumbList","@id":"https:\/\/www.lifenatura.com\/es\/produto\/pack-collmar-beauty-frutos-rojos-oferta-creme-antiedad-drasanvi\/#breadcrumb","itemListElement":[{"@type":"ListItem","position":1,"name":"In\u00edcio","item":"https:\/\/www.lifenatura.com\/es\/"},{"@type":"ListItem","position":2,"name":"Todos los Productos","item":"https:\/\/www.lifenatura.com\/es\/tienda\/"},{"@type":"ListItem","position":3,"name":"Pack Collmar Beauty Frutos Rojos Oferta Creme Antiedad &#8211; Drasanvi"}]},{"@type":"WebSite","@id":"https:\/\/www.lifenatura.com\/es\/#website","url":"https:\/\/www.lifenatura.com\/es\/","name":"Lifenatura","description":"A Lifenatura \u00e9 uma loja de produtos naturais, cosm\u00e9tica natural e alimenta\u00e7\u00e3o Biol\u00f3gica.","publisher":{"@id":"https:\/\/www.lifenatura.com\/es\/#organization"},"potentialAction":[{"@type":"SearchAction","target":{"@type":"EntryPoint","urlTemplate":"https:\/\/www.lifenatura.com\/es\/?s={search_term_string}"},"query-input":{"@type":"PropertyValueSpecification","valueRequired":true,"valueName":"search_term_string"}}],"inLanguage":"es"},{"@type":"Organization","@id":"https:\/\/www.lifenatura.com\/es\/#organization","name":"Lifenatura","url":"https:\/\/www.lifenatura.com\/es\/","logo":{"@type":"ImageObject","inLanguage":"es","@id":"https:\/\/www.lifenatura.com\/es\/#\/schema\/logo\/image\/","url":"https:\/\/www.lifenatura.com\/wp-content\/uploads\/2021\/07\/logo.png","contentUrl":"https:\/\/www.lifenatura.com\/wp-content\/uploads\/2021\/07\/logo.png","width":175,"height":55,"caption":"Lifenatura"},"image":{"@id":"https:\/\/www.lifenatura.com\/es\/#\/schema\/logo\/image\/"},"sameAs":["https:\/\/www.facebook.com\/lifenatura","https:\/\/www.instagram.com\/lifenaturapt\/"],"hasMerchantReturnPolicy":{"@type":"MerchantReturnPolicy","merchantReturnLink":"https:\/\/www.lifenatura.com\/termos-condicoes-lifenatura\/"}}]},"product_price_amount":"23.13","product_price_currency":"EUR","og_availability":"out of stock","product_availability":"out of stock","product_retailer_item_id":"8436044516079","product_condition":"new"},"df_price":23.13,"df_sale_price":23.13,"df_regular_price":44.6,"df_image_link":"https:\/\/www.lifenatura.com\/wp-content\/uploads\/2021\/09\/gd_collmar_pack_natal_frutos_vermelhos-300x300.jpg","_links":{"self":[{"href":"https:\/\/www.lifenatura.com\/es\/wp-json\/wp\/v2\/product\/37456","targetHints":{"allow":["GET"]}}],"collection":[{"href":"https:\/\/www.lifenatura.com\/es\/wp-json\/wp\/v2\/product"}],"about":[{"href":"https:\/\/www.lifenatura.com\/es\/wp-json\/wp\/v2\/types\/product"}],"wp:featuredmedia":[{"embeddable":true,"href":"https:\/\/www.lifenatura.com\/es\/wp-json\/wp\/v2\/media\/19062"}],"wp:attachment":[{"href":"https:\/\/www.lifenatura.com\/es\/wp-json\/wp\/v2\/media?parent=37456"}],"wp:term":[{"taxonomy":"product_brand","embeddable":true,"href":"https:\/\/www.lifenatura.com\/es\/wp-json\/wp\/v2\/product_brand?post=37456"},{"taxonomy":"product_cat","embeddable":true,"href":"https:\/\/www.lifenatura.com\/es\/wp-json\/wp\/v2\/product_cat?post=37456"},{"taxonomy":"product_tag","embeddable":true,"href":"https:\/\/www.lifenatura.com\/es\/wp-json\/wp\/v2\/product_tag?post=37456"}],"curies":[{"name":"wp","href":"https:\/\/api.w.org\/{rel}","templated":true}]}}