{"id":37437,"date":"2021-09-30T09:48:41","date_gmt":"2021-09-30T09:48:41","guid":{"rendered":"https:\/\/lifenatura.dev.agenciagetdigital.com\/produto\/vitalpur-50-senior-20-ampolas-de-15-ml-drasanvi\/"},"modified":"2026-01-22T06:49:34","modified_gmt":"2026-01-22T06:49:34","slug":"vitalpur-50-senior-20-ampolas-de-15-ml-drasanvi","status":"publish","type":"product","link":"https:\/\/www.lifenatura.com\/es\/produto\/vitalpur-50-senior-20-ampolas-de-15-ml-drasanvi\/","title":{"rendered":"Vitalpur 50+ Senior 20 Ampolas de 15 ml &#8211; Drasanvi"},"content":{"rendered":"<p>Indicado para proporcionar energ\u00eda Vitalpur Senior es un suplemento alimenticio pensado para personas mayores de 50 a\u00f1os. Su ingrediente b\u00e1sico es la Geleia Real (750 mg). Vitalpur Senior incorpora magnesio, que contribuye al correcto funcionamiento de los huesos en condiciones normales, minerales como el hierro que ayudan a disminuir el cansancio y la fatiga, ingredientes que contribuyen a la protecci\u00f3n de las c\u00e9lulas frente al da\u00f1o oxidativo y tambi\u00e9n ingredientes que contribuyen al mantenimiento de la visi\u00f3n en condiciones normales. PRESENTACI\u00d3N 20 Ampollas.<\/p>\n","protected":false},"excerpt":{"rendered":"<p>Indicado para proporcionar energ\u00eda Vitalpur Senior es un suplemento alimenticio pensado para personas mayores de 50 a\u00f1os. Su ingrediente b\u00e1sico es la Geleia Real (750 mg). Vitalpur Senior incorpora magnesio, que contribuye al correcto funcionamiento de los huesos en condiciones normales, minerales como el hierro que ayudan a disminuir el cansancio y la fatiga, ingredientes [&#8230;]<\/p>\n<p><a class=\"btn btn-secondary understrap-read-more-link\" href=\"https:\/\/www.lifenatura.com\/es\/produto\/vitalpur-50-senior-20-ampolas-de-15-ml-drasanvi\/\">Leer m\u00e1s&#8230;<span class=\"screen-reader-text\"> from Vitalpur 50+ Senior 20 Ampolas de 15 ml &#8211; Drasanvi<\/span><\/a><\/p>\n","protected":false},"featured_media":141332,"template":"","meta":{"_acf_changed":false},"product_brand":[8498],"product_cat":[7238,7659,7164,7179],"product_tag":[],"class_list":{"0":"post-37437","1":"product","2":"type-product","3":"status-publish","4":"has-post-thumbnail","6":"product_brand-drasanvi","7":"product_cat-energizante-natural","8":"product_cat-ingrediente-natural-bio","9":"product_cat-jalea-real","10":"product_cat-salud","12":"first","13":"instock","14":"sale","15":"featured","16":"shipping-taxable","17":"purchasable","18":"product-type-simple","19":"add-to-wishlist-before_image"},"acf":[],"yoast_head":"<!-- This site is optimized with the Yoast SEO Premium plugin v27.1 (Yoast SEO v27.6) - https:\/\/yoast.com\/product\/yoast-seo-premium-wordpress\/ -->\n<title>Vitalpur 50+ Senior 20 Ampolas de 15 ml - Drasanvi - Na Lifenatura ao Melhor Pre\u00e7o | Envio em 48h<\/title>\n<meta name=\"description\" content=\"Vitalpur Senior es un suplemento alimentario pensado para personas mayores de 50 a\u00f1os, indicado para el cansancio y la fatiga.\" \/>\n<meta name=\"robots\" content=\"index, follow, max-snippet:-1, max-image-preview:large, max-video-preview:-1\" \/>\n<link rel=\"canonical\" href=\"https:\/\/www.lifenatura.com\/es\/produto\/vitalpur-50-senior-20-ampolas-de-15-ml-drasanvi\/\" \/>\n<meta property=\"og:locale\" content=\"es_ES\" \/>\n<meta property=\"og:type\" content=\"article\" \/>\n<meta property=\"og:title\" content=\"Vitalpur 50+ Senior 20 Ampolas de 15 ml - Drasanvi - Na Lifenatura ao Melhor Pre\u00e7o | Envio 48h\" \/>\n<meta property=\"og:description\" content=\"Compre Vitalpur 50+ Senior 20 Ampolas de 15 ml - Drasanvi com envio r\u00e1pido. Entrega em 48h e portes gr\u00e1tis em compras &gt;35\u20ac. Aproveite j\u00e1 na Lifenatura\" \/>\n<meta property=\"og:url\" content=\"https:\/\/www.lifenatura.com\/es\/produto\/vitalpur-50-senior-20-ampolas-de-15-ml-drasanvi\/\" \/>\n<meta property=\"og:site_name\" content=\"Lifenatura\" \/>\n<meta property=\"article:publisher\" content=\"https:\/\/www.facebook.com\/lifenatura\" \/>\n<meta property=\"article:modified_time\" content=\"2026-01-22T06:49:34+00:00\" \/>\n<meta property=\"og:image\" content=\"https:\/\/www.lifenatura.com\/wp-content\/uploads\/2021\/09\/gd_vitalpur-50-senior-20-ampolas-de-15-ml-drasanvi.jpg\" \/>\n\t<meta property=\"og:image:width\" content=\"1000\" \/>\n\t<meta property=\"og:image:height\" content=\"1000\" \/>\n\t<meta property=\"og:image:type\" content=\"image\/jpeg\" \/>\n<meta name=\"twitter:card\" content=\"summary_large_image\" \/>\n<meta name=\"twitter:label1\" content=\"Precio\" \/>\n\t<meta name=\"twitter:data1\" content=\"25,50&nbsp;&euro;\" \/>\n\t<meta name=\"twitter:label2\" content=\"Disponibilidad\" \/>\n\t<meta name=\"twitter:data2\" content=\"Disponible\" \/>\n<script type=\"application\/ld+json\" class=\"yoast-schema-graph\">{\"@context\":\"https:\\\/\\\/schema.org\",\"@graph\":[{\"@type\":\"WebPage\",\"@id\":\"https:\\\/\\\/www.lifenatura.com\\\/es\\\/produto\\\/vitalpur-50-senior-20-ampolas-de-15-ml-drasanvi\\\/\",\"url\":\"https:\\\/\\\/www.lifenatura.com\\\/es\\\/produto\\\/vitalpur-50-senior-20-ampolas-de-15-ml-drasanvi\\\/\",\"name\":\"Vitalpur 50+ Senior 20 Ampolas de 15 ml - Drasanvi - Na Lifenatura ao Melhor Pre\u00e7o | Envio em 48h\",\"isPartOf\":{\"@id\":\"https:\\\/\\\/www.lifenatura.com\\\/es\\\/#website\"},\"primaryImageOfPage\":{\"@id\":\"https:\\\/\\\/www.lifenatura.com\\\/es\\\/produto\\\/vitalpur-50-senior-20-ampolas-de-15-ml-drasanvi\\\/#primaryimage\"},\"image\":{\"@id\":\"https:\\\/\\\/www.lifenatura.com\\\/es\\\/produto\\\/vitalpur-50-senior-20-ampolas-de-15-ml-drasanvi\\\/#primaryimage\"},\"thumbnailUrl\":\"https:\\\/\\\/www.lifenatura.com\\\/wp-content\\\/uploads\\\/2026\\\/05\\\/032050075.png\",\"datePublished\":\"2021-09-30T09:48:41+00:00\",\"dateModified\":\"2026-01-22T06:49:34+00:00\",\"description\":\"Vitalpur Senior es un suplemento alimentario pensado para personas mayores de 50 a\u00f1os, indicado para el cansancio y la fatiga.\",\"breadcrumb\":{\"@id\":\"https:\\\/\\\/www.lifenatura.com\\\/es\\\/produto\\\/vitalpur-50-senior-20-ampolas-de-15-ml-drasanvi\\\/#breadcrumb\"},\"inLanguage\":\"es\",\"potentialAction\":[{\"@type\":\"ReadAction\",\"target\":[\"https:\\\/\\\/www.lifenatura.com\\\/es\\\/produto\\\/vitalpur-50-senior-20-ampolas-de-15-ml-drasanvi\\\/\"]}]},{\"@type\":\"ImageObject\",\"inLanguage\":\"es\",\"@id\":\"https:\\\/\\\/www.lifenatura.com\\\/es\\\/produto\\\/vitalpur-50-senior-20-ampolas-de-15-ml-drasanvi\\\/#primaryimage\",\"url\":\"https:\\\/\\\/www.lifenatura.com\\\/wp-content\\\/uploads\\\/2026\\\/05\\\/032050075.png\",\"contentUrl\":\"https:\\\/\\\/www.lifenatura.com\\\/wp-content\\\/uploads\\\/2026\\\/05\\\/032050075.png\",\"width\":1000,\"height\":1000},{\"@type\":\"BreadcrumbList\",\"@id\":\"https:\\\/\\\/www.lifenatura.com\\\/es\\\/produto\\\/vitalpur-50-senior-20-ampolas-de-15-ml-drasanvi\\\/#breadcrumb\",\"itemListElement\":[{\"@type\":\"ListItem\",\"position\":1,\"name\":\"In\u00edcio\",\"item\":\"https:\\\/\\\/www.lifenatura.com\\\/es\\\/\"},{\"@type\":\"ListItem\",\"position\":2,\"name\":\"Todos los Productos\",\"item\":\"https:\\\/\\\/www.lifenatura.com\\\/es\\\/tienda\\\/\"},{\"@type\":\"ListItem\",\"position\":3,\"name\":\"Vitalpur 50+ Senior 20 Ampolas de 15 ml &#8211; Drasanvi\"}]},{\"@type\":\"WebSite\",\"@id\":\"https:\\\/\\\/www.lifenatura.com\\\/es\\\/#website\",\"url\":\"https:\\\/\\\/www.lifenatura.com\\\/es\\\/\",\"name\":\"Lifenatura\",\"description\":\"A Lifenatura \u00e9 uma loja de produtos naturais, cosm\u00e9tica natural e alimenta\u00e7\u00e3o Biol\u00f3gica.\",\"publisher\":{\"@id\":\"https:\\\/\\\/www.lifenatura.com\\\/es\\\/#organization\"},\"potentialAction\":[{\"@type\":\"SearchAction\",\"target\":{\"@type\":\"EntryPoint\",\"urlTemplate\":\"https:\\\/\\\/www.lifenatura.com\\\/es\\\/?s={search_term_string}\"},\"query-input\":{\"@type\":\"PropertyValueSpecification\",\"valueRequired\":true,\"valueName\":\"search_term_string\"}}],\"inLanguage\":\"es\"},{\"@type\":\"Organization\",\"@id\":\"https:\\\/\\\/www.lifenatura.com\\\/es\\\/#organization\",\"name\":\"Lifenatura\",\"url\":\"https:\\\/\\\/www.lifenatura.com\\\/es\\\/\",\"logo\":{\"@type\":\"ImageObject\",\"inLanguage\":\"es\",\"@id\":\"https:\\\/\\\/www.lifenatura.com\\\/es\\\/#\\\/schema\\\/logo\\\/image\\\/\",\"url\":\"https:\\\/\\\/www.lifenatura.com\\\/wp-content\\\/uploads\\\/2021\\\/07\\\/logo.png\",\"contentUrl\":\"https:\\\/\\\/www.lifenatura.com\\\/wp-content\\\/uploads\\\/2021\\\/07\\\/logo.png\",\"width\":175,\"height\":55,\"caption\":\"Lifenatura\"},\"image\":{\"@id\":\"https:\\\/\\\/www.lifenatura.com\\\/es\\\/#\\\/schema\\\/logo\\\/image\\\/\"},\"sameAs\":[\"https:\\\/\\\/www.facebook.com\\\/lifenatura\",\"https:\\\/\\\/www.instagram.com\\\/lifenaturapt\\\/\"],\"hasMerchantReturnPolicy\":{\"@type\":\"MerchantReturnPolicy\",\"merchantReturnLink\":\"https:\\\/\\\/www.lifenatura.com\\\/termos-condicoes-lifenatura\\\/\"}}]}<\/script>\n<meta property=\"product:price:amount\" content=\"25.50\" \/>\n<meta property=\"product:price:currency\" content=\"EUR\" \/>\n<meta property=\"og:availability\" content=\"instock\" \/>\n<meta property=\"product:availability\" content=\"instock\" \/>\n<meta property=\"product:retailer_item_id\" content=\"8436044512377\" \/>\n<meta property=\"product:condition\" content=\"new\" \/>\n<!-- \/ Yoast SEO Premium plugin. -->","yoast_head_json":{"title":"Vitalpur 50+ Senior 20 Ampolas de 15 ml - Drasanvi - Na Lifenatura ao Melhor Pre\u00e7o | Envio em 48h","description":"Vitalpur Senior es un suplemento alimentario pensado para personas mayores de 50 a\u00f1os, indicado para el cansancio y la fatiga.","robots":{"index":"index","follow":"follow","max-snippet":"max-snippet:-1","max-image-preview":"max-image-preview:large","max-video-preview":"max-video-preview:-1"},"canonical":"https:\/\/www.lifenatura.com\/es\/produto\/vitalpur-50-senior-20-ampolas-de-15-ml-drasanvi\/","og_locale":"es_ES","og_type":"article","og_title":"Vitalpur 50+ Senior 20 Ampolas de 15 ml - Drasanvi - Na Lifenatura ao Melhor Pre\u00e7o | Envio 48h","og_description":"Compre Vitalpur 50+ Senior 20 Ampolas de 15 ml - Drasanvi com envio r\u00e1pido. Entrega em 48h e portes gr\u00e1tis em compras >35\u20ac. Aproveite j\u00e1 na Lifenatura","og_url":"https:\/\/www.lifenatura.com\/es\/produto\/vitalpur-50-senior-20-ampolas-de-15-ml-drasanvi\/","og_site_name":"Lifenatura","article_publisher":"https:\/\/www.facebook.com\/lifenatura","article_modified_time":"2026-01-22T06:49:34+00:00","og_image":[{"width":1000,"height":1000,"url":"https:\/\/www.lifenatura.com\/wp-content\/uploads\/2021\/09\/gd_vitalpur-50-senior-20-ampolas-de-15-ml-drasanvi.jpg","type":"image\/jpeg"}],"twitter_card":"summary_large_image","twitter_misc":{"Precio":"25,50&nbsp;&euro;","Disponibilidad":"Disponible"},"schema":{"@context":"https:\/\/schema.org","@graph":[{"@type":"WebPage","@id":"https:\/\/www.lifenatura.com\/es\/produto\/vitalpur-50-senior-20-ampolas-de-15-ml-drasanvi\/","url":"https:\/\/www.lifenatura.com\/es\/produto\/vitalpur-50-senior-20-ampolas-de-15-ml-drasanvi\/","name":"Vitalpur 50+ Senior 20 Ampolas de 15 ml - Drasanvi - Na Lifenatura ao Melhor Pre\u00e7o | Envio em 48h","isPartOf":{"@id":"https:\/\/www.lifenatura.com\/es\/#website"},"primaryImageOfPage":{"@id":"https:\/\/www.lifenatura.com\/es\/produto\/vitalpur-50-senior-20-ampolas-de-15-ml-drasanvi\/#primaryimage"},"image":{"@id":"https:\/\/www.lifenatura.com\/es\/produto\/vitalpur-50-senior-20-ampolas-de-15-ml-drasanvi\/#primaryimage"},"thumbnailUrl":"https:\/\/www.lifenatura.com\/wp-content\/uploads\/2026\/05\/032050075.png","datePublished":"2021-09-30T09:48:41+00:00","dateModified":"2026-01-22T06:49:34+00:00","description":"Vitalpur Senior es un suplemento alimentario pensado para personas mayores de 50 a\u00f1os, indicado para el cansancio y la fatiga.","breadcrumb":{"@id":"https:\/\/www.lifenatura.com\/es\/produto\/vitalpur-50-senior-20-ampolas-de-15-ml-drasanvi\/#breadcrumb"},"inLanguage":"es","potentialAction":[{"@type":"ReadAction","target":["https:\/\/www.lifenatura.com\/es\/produto\/vitalpur-50-senior-20-ampolas-de-15-ml-drasanvi\/"]}]},{"@type":"ImageObject","inLanguage":"es","@id":"https:\/\/www.lifenatura.com\/es\/produto\/vitalpur-50-senior-20-ampolas-de-15-ml-drasanvi\/#primaryimage","url":"https:\/\/www.lifenatura.com\/wp-content\/uploads\/2026\/05\/032050075.png","contentUrl":"https:\/\/www.lifenatura.com\/wp-content\/uploads\/2026\/05\/032050075.png","width":1000,"height":1000},{"@type":"BreadcrumbList","@id":"https:\/\/www.lifenatura.com\/es\/produto\/vitalpur-50-senior-20-ampolas-de-15-ml-drasanvi\/#breadcrumb","itemListElement":[{"@type":"ListItem","position":1,"name":"In\u00edcio","item":"https:\/\/www.lifenatura.com\/es\/"},{"@type":"ListItem","position":2,"name":"Todos los Productos","item":"https:\/\/www.lifenatura.com\/es\/tienda\/"},{"@type":"ListItem","position":3,"name":"Vitalpur 50+ Senior 20 Ampolas de 15 ml &#8211; Drasanvi"}]},{"@type":"WebSite","@id":"https:\/\/www.lifenatura.com\/es\/#website","url":"https:\/\/www.lifenatura.com\/es\/","name":"Lifenatura","description":"A Lifenatura \u00e9 uma loja de produtos naturais, cosm\u00e9tica natural e alimenta\u00e7\u00e3o Biol\u00f3gica.","publisher":{"@id":"https:\/\/www.lifenatura.com\/es\/#organization"},"potentialAction":[{"@type":"SearchAction","target":{"@type":"EntryPoint","urlTemplate":"https:\/\/www.lifenatura.com\/es\/?s={search_term_string}"},"query-input":{"@type":"PropertyValueSpecification","valueRequired":true,"valueName":"search_term_string"}}],"inLanguage":"es"},{"@type":"Organization","@id":"https:\/\/www.lifenatura.com\/es\/#organization","name":"Lifenatura","url":"https:\/\/www.lifenatura.com\/es\/","logo":{"@type":"ImageObject","inLanguage":"es","@id":"https:\/\/www.lifenatura.com\/es\/#\/schema\/logo\/image\/","url":"https:\/\/www.lifenatura.com\/wp-content\/uploads\/2021\/07\/logo.png","contentUrl":"https:\/\/www.lifenatura.com\/wp-content\/uploads\/2021\/07\/logo.png","width":175,"height":55,"caption":"Lifenatura"},"image":{"@id":"https:\/\/www.lifenatura.com\/es\/#\/schema\/logo\/image\/"},"sameAs":["https:\/\/www.facebook.com\/lifenatura","https:\/\/www.instagram.com\/lifenaturapt\/"],"hasMerchantReturnPolicy":{"@type":"MerchantReturnPolicy","merchantReturnLink":"https:\/\/www.lifenatura.com\/termos-condicoes-lifenatura\/"}}]},"product_price_amount":"25.50","product_price_currency":"EUR","og_availability":"instock","product_availability":"instock","product_retailer_item_id":"8436044512377","product_condition":"new"},"df_price":25.5,"df_sale_price":25.5,"df_regular_price":42.5,"df_image_link":"https:\/\/www.lifenatura.com\/wp-content\/uploads\/2026\/05\/032050075-300x300.png","_links":{"self":[{"href":"https:\/\/www.lifenatura.com\/es\/wp-json\/wp\/v2\/product\/37437","targetHints":{"allow":["GET"]}}],"collection":[{"href":"https:\/\/www.lifenatura.com\/es\/wp-json\/wp\/v2\/product"}],"about":[{"href":"https:\/\/www.lifenatura.com\/es\/wp-json\/wp\/v2\/types\/product"}],"wp:featuredmedia":[{"embeddable":true,"href":"https:\/\/www.lifenatura.com\/es\/wp-json\/wp\/v2\/media\/141332"}],"wp:attachment":[{"href":"https:\/\/www.lifenatura.com\/es\/wp-json\/wp\/v2\/media?parent=37437"}],"wp:term":[{"taxonomy":"product_brand","embeddable":true,"href":"https:\/\/www.lifenatura.com\/es\/wp-json\/wp\/v2\/product_brand?post=37437"},{"taxonomy":"product_cat","embeddable":true,"href":"https:\/\/www.lifenatura.com\/es\/wp-json\/wp\/v2\/product_cat?post=37437"},{"taxonomy":"product_tag","embeddable":true,"href":"https:\/\/www.lifenatura.com\/es\/wp-json\/wp\/v2\/product_tag?post=37437"}],"curies":[{"name":"wp","href":"https:\/\/api.w.org\/{rel}","templated":true}]}}