{"id":37378,"date":"2021-09-30T09:47:38","date_gmt":"2021-09-30T09:47:38","guid":{"rendered":"https:\/\/lifenatura.dev.agenciagetdigital.com\/produto\/propolis-proporal-30-comprimidos-drasanvi\/"},"modified":"2026-01-22T06:49:14","modified_gmt":"2026-01-22T06:49:14","slug":"propolis-proporal-30-comprimidos-drasanvi","status":"publish","type":"product","link":"https:\/\/www.lifenatura.com\/es\/produto\/propolis-proporal-30-comprimidos-drasanvi\/","title":{"rendered":"Pr\u00f3polis Proporal 30 comprimidos &#8211; Drasanvi"},"content":{"rendered":"<p>El Pr\u00f3polis fortalece el Sistema Inmunitario Pr\u00f3polis Proporal es un suplemento alimenticio en forma de comprimidos para disolver en la boca. De su composici\u00f3n, destacamos Pr\u00f3polis, Alca\u00e7uz, Er\u00edsimo (conocida como la planta de los cantantes), Acerola y Gordolobo. A esta formulaci\u00f3n juntamos aceite esencial de pino y de or\u00e9gano, para aportar un agradable e inconfundible sabor. Se trata de un comprimido rico en Vitamina C, de origen natural, obtenido de Acerola. La Acerola es un fruto rojo conocido por contener mayor cantidad de vitamina C. PRESENTACI\u00d3N 30 comprimidos.<\/p>\n","protected":false},"excerpt":{"rendered":"<p>El Pr\u00f3polis fortalece el Sistema Inmunitario Pr\u00f3polis Proporal es un suplemento alimenticio en forma de comprimidos para disolver en la boca. De su composici\u00f3n, destacamos Pr\u00f3polis, Alca\u00e7uz, Er\u00edsimo (conocida como la planta de los cantantes), Acerola y Gordolobo. A esta formulaci\u00f3n juntamos aceite esencial de pino y de or\u00e9gano, para aportar un agradable e inconfundible [&#8230;]<\/p>\n<p><a class=\"btn btn-secondary understrap-read-more-link\" href=\"https:\/\/www.lifenatura.com\/es\/produto\/propolis-proporal-30-comprimidos-drasanvi\/\">Leer m\u00e1s&#8230;<span class=\"screen-reader-text\"> from Pr\u00f3polis Proporal 30 comprimidos &#8211; Drasanvi<\/span><\/a><\/p>\n","protected":false},"featured_media":18984,"template":"","meta":{"_acf_changed":false},"product_brand":[8498],"product_cat":[7659,7773,7211,7179],"product_tag":[],"class_list":{"0":"post-37378","1":"product","2":"type-product","3":"status-publish","4":"has-post-thumbnail","6":"product_brand-drasanvi","7":"product_cat-ingrediente-natural-bio","8":"product_cat-propolis-es","9":"product_cat-reforza-la-inmunidad-salud","10":"product_cat-salud","12":"first","13":"instock","14":"sale","15":"shipping-taxable","16":"purchasable","17":"product-type-simple","18":"add-to-wishlist-before_image"},"acf":[],"yoast_head":"<!-- This site is optimized with the Yoast SEO Premium plugin v27.1 (Yoast SEO v27.4) - https:\/\/yoast.com\/product\/yoast-seo-premium-wordpress\/ -->\n<title>Pr\u00f3polis Proporal 30 comprimidos - Drasanvi<\/title>\n<meta name=\"description\" content=\"Pr\u00f3polis Proporal es un suplemento alimenticio en forma de comprimidos para disolver en la boca, indicado para el sistema inmunitario.\" \/>\n<meta name=\"robots\" content=\"index, follow, max-snippet:-1, max-image-preview:large, max-video-preview:-1\" \/>\n<link rel=\"canonical\" href=\"https:\/\/www.lifenatura.com\/es\/produto\/propolis-proporal-30-comprimidos-drasanvi\/\" \/>\n<meta property=\"og:locale\" content=\"es_ES\" \/>\n<meta property=\"og:type\" content=\"article\" \/>\n<meta property=\"og:title\" content=\"Pr\u00f3polis Proporal 30 comprimidos - Drasanvi - Lifenatura\" \/>\n<meta property=\"og:description\" content=\"Compre aqui o seu Pr\u00f3polis Proporal 30 comprimidos - Drasanvi e a Lifenatura Online envia em 48 H com Portes Gratis &gt;35\u20ac de Pedido.\" \/>\n<meta property=\"og:url\" content=\"https:\/\/www.lifenatura.com\/es\/produto\/propolis-proporal-30-comprimidos-drasanvi\/\" \/>\n<meta property=\"og:site_name\" content=\"Lifenatura\" \/>\n<meta property=\"article:publisher\" content=\"https:\/\/www.facebook.com\/lifenatura\" \/>\n<meta property=\"article:modified_time\" content=\"2026-01-22T06:49:14+00:00\" \/>\n<meta property=\"og:image\" content=\"https:\/\/www.lifenatura.com\/wp-content\/uploads\/2021\/09\/gd_propolis-proporal-30-comprimidos-drasanvi.jpg\" \/>\n\t<meta property=\"og:image:width\" content=\"1000\" \/>\n\t<meta property=\"og:image:height\" content=\"1000\" \/>\n\t<meta property=\"og:image:type\" content=\"image\/jpeg\" \/>\n<meta name=\"twitter:card\" content=\"summary_large_image\" \/>\n<meta name=\"twitter:label1\" content=\"Precio\" \/>\n\t<meta name=\"twitter:data1\" content=\"5,55&nbsp;&euro;\" \/>\n\t<meta name=\"twitter:label2\" content=\"Disponibilidad\" \/>\n\t<meta name=\"twitter:data2\" content=\"Disponible\" \/>\n<meta property=\"product:price:amount\" content=\"5.55\" \/>\n<meta property=\"product:price:currency\" content=\"EUR\" \/>\n<meta property=\"og:availability\" content=\"instock\" \/>\n<meta property=\"product:availability\" content=\"instock\" \/>\n<meta property=\"product:retailer_item_id\" content=\"8437006921442\" \/>\n<meta property=\"product:condition\" content=\"new\" \/>\n<!-- \/ Yoast SEO Premium plugin. -->","yoast_head_json":{"title":"Pr\u00f3polis Proporal 30 comprimidos - Drasanvi","description":"Pr\u00f3polis Proporal es un suplemento alimenticio en forma de comprimidos para disolver en la boca, indicado para el sistema inmunitario.","robots":{"index":"index","follow":"follow","max-snippet":"max-snippet:-1","max-image-preview":"max-image-preview:large","max-video-preview":"max-video-preview:-1"},"canonical":"https:\/\/www.lifenatura.com\/es\/produto\/propolis-proporal-30-comprimidos-drasanvi\/","og_locale":"es_ES","og_type":"article","og_title":"Pr\u00f3polis Proporal 30 comprimidos - Drasanvi - Lifenatura","og_description":"Compre aqui o seu Pr\u00f3polis Proporal 30 comprimidos - Drasanvi e a Lifenatura Online envia em 48 H com Portes Gratis >35\u20ac de Pedido.","og_url":"https:\/\/www.lifenatura.com\/es\/produto\/propolis-proporal-30-comprimidos-drasanvi\/","og_site_name":"Lifenatura","article_publisher":"https:\/\/www.facebook.com\/lifenatura","article_modified_time":"2026-01-22T06:49:14+00:00","og_image":[{"width":1000,"height":1000,"url":"https:\/\/www.lifenatura.com\/wp-content\/uploads\/2021\/09\/gd_propolis-proporal-30-comprimidos-drasanvi.jpg","type":"image\/jpeg"}],"twitter_card":"summary_large_image","twitter_misc":{"Precio":"5,55&nbsp;&euro;","Disponibilidad":"Disponible"},"schema":{"@context":"https:\/\/schema.org","@graph":[{"@type":"WebPage","@id":"https:\/\/www.lifenatura.com\/es\/produto\/propolis-proporal-30-comprimidos-drasanvi\/","url":"https:\/\/www.lifenatura.com\/es\/produto\/propolis-proporal-30-comprimidos-drasanvi\/","name":"Pr\u00f3polis Proporal 30 comprimidos - Drasanvi","isPartOf":{"@id":"https:\/\/www.lifenatura.com\/es\/#website"},"primaryImageOfPage":{"@id":"https:\/\/www.lifenatura.com\/es\/produto\/propolis-proporal-30-comprimidos-drasanvi\/#primaryimage"},"image":{"@id":"https:\/\/www.lifenatura.com\/es\/produto\/propolis-proporal-30-comprimidos-drasanvi\/#primaryimage"},"thumbnailUrl":"https:\/\/www.lifenatura.com\/wp-content\/uploads\/2021\/09\/gd_propolis-proporal-30-comprimidos-drasanvi.jpg","datePublished":"2021-09-30T09:47:38+00:00","dateModified":"2026-01-22T06:49:14+00:00","description":"Pr\u00f3polis Proporal es un suplemento alimenticio en forma de comprimidos para disolver en la boca, indicado para el sistema inmunitario.","breadcrumb":{"@id":"https:\/\/www.lifenatura.com\/es\/produto\/propolis-proporal-30-comprimidos-drasanvi\/#breadcrumb"},"inLanguage":"es","potentialAction":[{"@type":"ReadAction","target":["https:\/\/www.lifenatura.com\/es\/produto\/propolis-proporal-30-comprimidos-drasanvi\/"]}]},{"@type":"ImageObject","inLanguage":"es","@id":"https:\/\/www.lifenatura.com\/es\/produto\/propolis-proporal-30-comprimidos-drasanvi\/#primaryimage","url":"https:\/\/www.lifenatura.com\/wp-content\/uploads\/2021\/09\/gd_propolis-proporal-30-comprimidos-drasanvi.jpg","contentUrl":"https:\/\/www.lifenatura.com\/wp-content\/uploads\/2021\/09\/gd_propolis-proporal-30-comprimidos-drasanvi.jpg","width":1000,"height":1000,"caption":"Pr\u00f3polis Proporal 30 comprimidos - Drasanvi"},{"@type":"BreadcrumbList","@id":"https:\/\/www.lifenatura.com\/es\/produto\/propolis-proporal-30-comprimidos-drasanvi\/#breadcrumb","itemListElement":[{"@type":"ListItem","position":1,"name":"In\u00edcio","item":"https:\/\/www.lifenatura.com\/es\/"},{"@type":"ListItem","position":2,"name":"Todos los Productos","item":"https:\/\/www.lifenatura.com\/es\/tienda\/"},{"@type":"ListItem","position":3,"name":"Pr\u00f3polis Proporal 30 comprimidos &#8211; Drasanvi"}]},{"@type":"WebSite","@id":"https:\/\/www.lifenatura.com\/es\/#website","url":"https:\/\/www.lifenatura.com\/es\/","name":"Lifenatura","description":"A Lifenatura \u00e9 uma loja de produtos naturais, cosm\u00e9tica natural e alimenta\u00e7\u00e3o Biol\u00f3gica.","publisher":{"@id":"https:\/\/www.lifenatura.com\/es\/#organization"},"potentialAction":[{"@type":"SearchAction","target":{"@type":"EntryPoint","urlTemplate":"https:\/\/www.lifenatura.com\/es\/?s={search_term_string}"},"query-input":{"@type":"PropertyValueSpecification","valueRequired":true,"valueName":"search_term_string"}}],"inLanguage":"es"},{"@type":"Organization","@id":"https:\/\/www.lifenatura.com\/es\/#organization","name":"Lifenatura","url":"https:\/\/www.lifenatura.com\/es\/","logo":{"@type":"ImageObject","inLanguage":"es","@id":"https:\/\/www.lifenatura.com\/es\/#\/schema\/logo\/image\/","url":"https:\/\/www.lifenatura.com\/wp-content\/uploads\/2021\/11\/logo.png","contentUrl":"https:\/\/www.lifenatura.com\/wp-content\/uploads\/2021\/11\/logo.png","width":175,"height":55,"caption":"Lifenatura"},"image":{"@id":"https:\/\/www.lifenatura.com\/es\/#\/schema\/logo\/image\/"},"sameAs":["https:\/\/www.facebook.com\/lifenatura","https:\/\/www.instagram.com\/lifenaturapt\/"]}]},"product_price_amount":"5.55","product_price_currency":"EUR","og_availability":"instock","product_availability":"instock","product_retailer_item_id":"8437006921442","product_condition":"new"},"df_price":5.55,"df_sale_price":5.55,"df_regular_price":9.25,"df_image_link":"https:\/\/www.lifenatura.com\/wp-content\/uploads\/2021\/09\/gd_propolis-proporal-30-comprimidos-drasanvi-300x300.jpg","_links":{"self":[{"href":"https:\/\/www.lifenatura.com\/es\/wp-json\/wp\/v2\/product\/37378","targetHints":{"allow":["GET"]}}],"collection":[{"href":"https:\/\/www.lifenatura.com\/es\/wp-json\/wp\/v2\/product"}],"about":[{"href":"https:\/\/www.lifenatura.com\/es\/wp-json\/wp\/v2\/types\/product"}],"wp:featuredmedia":[{"embeddable":true,"href":"https:\/\/www.lifenatura.com\/es\/wp-json\/wp\/v2\/media\/18984"}],"wp:attachment":[{"href":"https:\/\/www.lifenatura.com\/es\/wp-json\/wp\/v2\/media?parent=37378"}],"wp:term":[{"taxonomy":"product_brand","embeddable":true,"href":"https:\/\/www.lifenatura.com\/es\/wp-json\/wp\/v2\/product_brand?post=37378"},{"taxonomy":"product_cat","embeddable":true,"href":"https:\/\/www.lifenatura.com\/es\/wp-json\/wp\/v2\/product_cat?post=37378"},{"taxonomy":"product_tag","embeddable":true,"href":"https:\/\/www.lifenatura.com\/es\/wp-json\/wp\/v2\/product_tag?post=37378"}],"curies":[{"name":"wp","href":"https:\/\/api.w.org\/{rel}","templated":true}]}}