{"id":37291,"date":"2021-09-30T09:46:05","date_gmt":"2021-09-30T09:46:05","guid":{"rendered":"https:\/\/lifenatura.dev.agenciagetdigital.com\/produto\/flavogen-silhueta-40-500-ml-drasanvi\/"},"modified":"2026-01-22T06:48:41","modified_gmt":"2026-01-22T06:48:41","slug":"flavogen-silhueta-40-500-ml-drasanvi","status":"publish","type":"product","link":"https:\/\/www.lifenatura.com\/es\/produto\/flavogen-silhueta-40-500-ml-drasanvi\/","title":{"rendered":"Flavogen Silhueta +40 500 ml &#8211; Drasanvi"},"content":{"rendered":"<p>Regula la actividad Hormonal Flavogen Silueta 40+ es un suplemento alimenticio que incorpora extracto de Lino con alto porcentaje en fitoestr\u00f3genos. Complementan la acci\u00f3n del Lino, los extractos de la Manga Africana, el Diente de le\u00f3n, la Alcachofra, la Vidira, el Cobre, el Zinc y el \u00c1cido F\u00f3lico. Su aporte en Zinc contribuye al metabolismo normal de los carbohidratos. PRESENTACI\u00d3N 500 Ml.<\/p>\n","protected":false},"excerpt":{"rendered":"<p>Regula la actividad Hormonal Flavogen Silueta 40+ es un suplemento alimenticio que incorpora extracto de Lino con alto porcentaje en fitoestr\u00f3genos. Complementan la acci\u00f3n del Lino, los extractos de la Manga Africana, el Diente de le\u00f3n, la Alcachofra, la Vidira, el Cobre, el Zinc y el \u00c1cido F\u00f3lico. Su aporte en Zinc contribuye al metabolismo [&#8230;]<\/p>\n<p><a class=\"btn btn-secondary understrap-read-more-link\" href=\"https:\/\/www.lifenatura.com\/es\/produto\/flavogen-silhueta-40-500-ml-drasanvi\/\">Leer m\u00e1s&#8230;<span class=\"screen-reader-text\"> from Flavogen Silhueta +40 500 ml &#8211; Drasanvi<\/span><\/a><\/p>\n","protected":false},"featured_media":18897,"template":"","meta":{"_acf_changed":false},"product_brand":[8498],"product_cat":[7179,7244],"product_tag":[],"class_list":{"0":"post-37291","1":"product","2":"type-product","3":"status-publish","4":"has-post-thumbnail","6":"product_brand-drasanvi","7":"product_cat-salud","8":"product_cat-salud-de-la-mujer","10":"first","11":"outofstock","12":"sale","13":"shipping-taxable","14":"purchasable","15":"product-type-simple","16":"add-to-wishlist-before_image"},"acf":[],"yoast_head":"<!-- This site is optimized with the Yoast SEO Premium plugin v27.1 (Yoast SEO v27.4) - https:\/\/yoast.com\/product\/yoast-seo-premium-wordpress\/ -->\n<title>Flavogen Silhueta +40 500 ml - Drasanvi<\/title>\n<meta name=\"description\" content=\"Flavogen Silueta 40+ es un suplemento alimenticio que incorpora extracto de Lino con alto porcentaje en fitoestr\u00f3genos.\" \/>\n<meta name=\"robots\" content=\"index, follow, max-snippet:-1, max-image-preview:large, max-video-preview:-1\" \/>\n<link rel=\"canonical\" href=\"https:\/\/www.lifenatura.com\/es\/produto\/flavogen-silhueta-40-500-ml-drasanvi\/\" \/>\n<meta property=\"og:locale\" content=\"es_ES\" \/>\n<meta property=\"og:type\" content=\"article\" \/>\n<meta property=\"og:title\" content=\"Flavogen Silhueta +40 500 ml - Drasanvi - Lifenatura\" \/>\n<meta property=\"og:description\" content=\"Compre aqui o seu Flavogen Silhueta +40 500 ml - Drasanvi e a Lifenatura Online envia em 48 H com Portes Gratis &gt;35\u20ac de Pedido.\" \/>\n<meta property=\"og:url\" content=\"https:\/\/www.lifenatura.com\/es\/produto\/flavogen-silhueta-40-500-ml-drasanvi\/\" \/>\n<meta property=\"og:site_name\" content=\"Lifenatura\" \/>\n<meta property=\"article:publisher\" content=\"https:\/\/www.facebook.com\/lifenatura\" \/>\n<meta property=\"article:modified_time\" content=\"2026-01-22T06:48:41+00:00\" \/>\n<meta property=\"og:image\" content=\"https:\/\/www.lifenatura.com\/wp-content\/uploads\/2021\/09\/gd_flavogen-silhueta-40-500-ml-drasanvi.jpg\" \/>\n\t<meta property=\"og:image:width\" content=\"1000\" \/>\n\t<meta property=\"og:image:height\" content=\"1000\" \/>\n\t<meta property=\"og:image:type\" content=\"image\/jpeg\" \/>\n<meta name=\"twitter:card\" content=\"summary_large_image\" \/>\n<meta name=\"twitter:label1\" content=\"Precio\" \/>\n\t<meta name=\"twitter:data1\" content=\"21,93&nbsp;&euro;\" \/>\n\t<meta name=\"twitter:label2\" content=\"Disponibilidad\" \/>\n\t<meta name=\"twitter:data2\" content=\"Sin existencias\" \/>\n<meta property=\"product:price:amount\" content=\"21.93\" \/>\n<meta property=\"product:price:currency\" content=\"EUR\" \/>\n<meta property=\"og:availability\" content=\"out of stock\" \/>\n<meta property=\"product:availability\" content=\"out of stock\" \/>\n<meta property=\"product:retailer_item_id\" content=\"8436044511899\" \/>\n<meta property=\"product:condition\" content=\"new\" \/>\n<!-- \/ Yoast SEO Premium plugin. -->","yoast_head_json":{"title":"Flavogen Silhueta +40 500 ml - Drasanvi","description":"Flavogen Silueta 40+ es un suplemento alimenticio que incorpora extracto de Lino con alto porcentaje en fitoestr\u00f3genos.","robots":{"index":"index","follow":"follow","max-snippet":"max-snippet:-1","max-image-preview":"max-image-preview:large","max-video-preview":"max-video-preview:-1"},"canonical":"https:\/\/www.lifenatura.com\/es\/produto\/flavogen-silhueta-40-500-ml-drasanvi\/","og_locale":"es_ES","og_type":"article","og_title":"Flavogen Silhueta +40 500 ml - Drasanvi - Lifenatura","og_description":"Compre aqui o seu Flavogen Silhueta +40 500 ml - Drasanvi e a Lifenatura Online envia em 48 H com Portes Gratis >35\u20ac de Pedido.","og_url":"https:\/\/www.lifenatura.com\/es\/produto\/flavogen-silhueta-40-500-ml-drasanvi\/","og_site_name":"Lifenatura","article_publisher":"https:\/\/www.facebook.com\/lifenatura","article_modified_time":"2026-01-22T06:48:41+00:00","og_image":[{"width":1000,"height":1000,"url":"https:\/\/www.lifenatura.com\/wp-content\/uploads\/2021\/09\/gd_flavogen-silhueta-40-500-ml-drasanvi.jpg","type":"image\/jpeg"}],"twitter_card":"summary_large_image","twitter_misc":{"Precio":"21,93&nbsp;&euro;","Disponibilidad":"Sin existencias"},"schema":{"@context":"https:\/\/schema.org","@graph":[{"@type":"WebPage","@id":"https:\/\/www.lifenatura.com\/es\/produto\/flavogen-silhueta-40-500-ml-drasanvi\/","url":"https:\/\/www.lifenatura.com\/es\/produto\/flavogen-silhueta-40-500-ml-drasanvi\/","name":"Flavogen Silhueta +40 500 ml - Drasanvi","isPartOf":{"@id":"https:\/\/www.lifenatura.com\/es\/#website"},"primaryImageOfPage":{"@id":"https:\/\/www.lifenatura.com\/es\/produto\/flavogen-silhueta-40-500-ml-drasanvi\/#primaryimage"},"image":{"@id":"https:\/\/www.lifenatura.com\/es\/produto\/flavogen-silhueta-40-500-ml-drasanvi\/#primaryimage"},"thumbnailUrl":"https:\/\/www.lifenatura.com\/wp-content\/uploads\/2021\/09\/gd_flavogen-silhueta-40-500-ml-drasanvi.jpg","datePublished":"2021-09-30T09:46:05+00:00","dateModified":"2026-01-22T06:48:41+00:00","description":"Flavogen Silueta 40+ es un suplemento alimenticio que incorpora extracto de Lino con alto porcentaje en fitoestr\u00f3genos.","breadcrumb":{"@id":"https:\/\/www.lifenatura.com\/es\/produto\/flavogen-silhueta-40-500-ml-drasanvi\/#breadcrumb"},"inLanguage":"es","potentialAction":[{"@type":"ReadAction","target":["https:\/\/www.lifenatura.com\/es\/produto\/flavogen-silhueta-40-500-ml-drasanvi\/"]}]},{"@type":"ImageObject","inLanguage":"es","@id":"https:\/\/www.lifenatura.com\/es\/produto\/flavogen-silhueta-40-500-ml-drasanvi\/#primaryimage","url":"https:\/\/www.lifenatura.com\/wp-content\/uploads\/2021\/09\/gd_flavogen-silhueta-40-500-ml-drasanvi.jpg","contentUrl":"https:\/\/www.lifenatura.com\/wp-content\/uploads\/2021\/09\/gd_flavogen-silhueta-40-500-ml-drasanvi.jpg","width":1000,"height":1000,"caption":"Flavogen Silhueta +40 500 ml - Drasanvi"},{"@type":"BreadcrumbList","@id":"https:\/\/www.lifenatura.com\/es\/produto\/flavogen-silhueta-40-500-ml-drasanvi\/#breadcrumb","itemListElement":[{"@type":"ListItem","position":1,"name":"In\u00edcio","item":"https:\/\/www.lifenatura.com\/es\/"},{"@type":"ListItem","position":2,"name":"Todos los Productos","item":"https:\/\/www.lifenatura.com\/es\/tienda\/"},{"@type":"ListItem","position":3,"name":"Flavogen Silhueta +40 500 ml &#8211; Drasanvi"}]},{"@type":"WebSite","@id":"https:\/\/www.lifenatura.com\/es\/#website","url":"https:\/\/www.lifenatura.com\/es\/","name":"Lifenatura","description":"A Lifenatura \u00e9 uma loja de produtos naturais, cosm\u00e9tica natural e alimenta\u00e7\u00e3o Biol\u00f3gica.","publisher":{"@id":"https:\/\/www.lifenatura.com\/es\/#organization"},"potentialAction":[{"@type":"SearchAction","target":{"@type":"EntryPoint","urlTemplate":"https:\/\/www.lifenatura.com\/es\/?s={search_term_string}"},"query-input":{"@type":"PropertyValueSpecification","valueRequired":true,"valueName":"search_term_string"}}],"inLanguage":"es"},{"@type":"Organization","@id":"https:\/\/www.lifenatura.com\/es\/#organization","name":"Lifenatura","url":"https:\/\/www.lifenatura.com\/es\/","logo":{"@type":"ImageObject","inLanguage":"es","@id":"https:\/\/www.lifenatura.com\/es\/#\/schema\/logo\/image\/","url":"https:\/\/www.lifenatura.com\/wp-content\/uploads\/2021\/11\/logo.png","contentUrl":"https:\/\/www.lifenatura.com\/wp-content\/uploads\/2021\/11\/logo.png","width":175,"height":55,"caption":"Lifenatura"},"image":{"@id":"https:\/\/www.lifenatura.com\/es\/#\/schema\/logo\/image\/"},"sameAs":["https:\/\/www.facebook.com\/lifenatura","https:\/\/www.instagram.com\/lifenaturapt\/"]}]},"product_price_amount":"21.93","product_price_currency":"EUR","og_availability":"out of stock","product_availability":"out of stock","product_retailer_item_id":"8436044511899","product_condition":"new"},"df_price":21.93,"df_sale_price":21.93,"df_regular_price":36.55,"df_image_link":"https:\/\/www.lifenatura.com\/wp-content\/uploads\/2021\/09\/gd_flavogen-silhueta-40-500-ml-drasanvi-300x300.jpg","_links":{"self":[{"href":"https:\/\/www.lifenatura.com\/es\/wp-json\/wp\/v2\/product\/37291","targetHints":{"allow":["GET"]}}],"collection":[{"href":"https:\/\/www.lifenatura.com\/es\/wp-json\/wp\/v2\/product"}],"about":[{"href":"https:\/\/www.lifenatura.com\/es\/wp-json\/wp\/v2\/types\/product"}],"wp:featuredmedia":[{"embeddable":true,"href":"https:\/\/www.lifenatura.com\/es\/wp-json\/wp\/v2\/media\/18897"}],"wp:attachment":[{"href":"https:\/\/www.lifenatura.com\/es\/wp-json\/wp\/v2\/media?parent=37291"}],"wp:term":[{"taxonomy":"product_brand","embeddable":true,"href":"https:\/\/www.lifenatura.com\/es\/wp-json\/wp\/v2\/product_brand?post=37291"},{"taxonomy":"product_cat","embeddable":true,"href":"https:\/\/www.lifenatura.com\/es\/wp-json\/wp\/v2\/product_cat?post=37291"},{"taxonomy":"product_tag","embeddable":true,"href":"https:\/\/www.lifenatura.com\/es\/wp-json\/wp\/v2\/product_tag?post=37291"}],"curies":[{"name":"wp","href":"https:\/\/api.w.org\/{rel}","templated":true}]}}