{"id":37268,"date":"2021-09-30T09:45:42","date_gmt":"2021-09-30T09:45:42","guid":{"rendered":"https:\/\/lifenatura.dev.agenciagetdigital.com\/produto\/creme-facial-canamo-50-ml-drasanvi-cosmetica-natural\/"},"modified":"2026-01-22T06:48:31","modified_gmt":"2026-01-22T06:48:31","slug":"creme-facial-canamo-50-ml-drasanvi-cosmetica-natural","status":"publish","type":"product","link":"https:\/\/www.lifenatura.com\/es\/produto\/creme-facial-canamo-50-ml-drasanvi-cosmetica-natural\/","title":{"rendered":"Creme Facial C\u00e1\u00f1amo 50 ml &#8211; Drasanvi Cosm\u00e9tica Natural"},"content":{"rendered":"<p>Crema Facial de C\u00e1\u00f1amo La crema facial de c\u00e1\u00f1amo proporciona una hidrataci\u00f3n extra de la piel. Est\u00e1 indicado para todo tipo de piel. El aceite esencial de Ylang Ylang presente en su formulaci\u00f3n permite que la crema est\u00e9 indicada para todo tipo de pieles, grasas y secas, ya que nos ayuda a equilibrar y controlar la gl\u00e1ndula seb\u00e1cea. El aceite esencial de Ylang Ylang proporciona alegr\u00eda y ayuda a relajar el sistema nervioso. PRESENTACI\u00d3N 50 Ml.<\/p>\n","protected":false},"excerpt":{"rendered":"<p>Crema Facial de C\u00e1\u00f1amo La crema facial de c\u00e1\u00f1amo proporciona una hidrataci\u00f3n extra de la piel. Est\u00e1 indicado para todo tipo de piel. El aceite esencial de Ylang Ylang presente en su formulaci\u00f3n permite que la crema est\u00e9 indicada para todo tipo de pieles, grasas y secas, ya que nos ayuda a equilibrar y controlar [&#8230;]<\/p>\n<p><a class=\"btn btn-secondary understrap-read-more-link\" href=\"https:\/\/www.lifenatura.com\/es\/produto\/creme-facial-canamo-50-ml-drasanvi-cosmetica-natural\/\">Leer m\u00e1s&#8230;<span class=\"screen-reader-text\"> from Creme Facial C\u00e1\u00f1amo 50 ml &#8211; Drasanvi Cosm\u00e9tica Natural<\/span><\/a><\/p>\n","protected":false},"featured_media":18874,"template":"","meta":{"_acf_changed":false},"product_brand":[8498],"product_cat":[7153,7653,7105,7102,7659],"product_tag":[],"class_list":{"0":"post-37268","1":"product","2":"type-product","3":"status-publish","4":"has-post-thumbnail","6":"product_brand-drasanvi","7":"product_cat-canamo","8":"product_cat-cosmetica-natural-lifenatura","9":"product_cat-crema-hidratante","10":"product_cat-cuidado-del-cuerpo","11":"product_cat-ingrediente-natural-bio","13":"first","14":"instock","15":"sale","16":"shipping-taxable","17":"purchasable","18":"product-type-simple","19":"add-to-wishlist-before_image"},"acf":[],"yoast_head":"<!-- This site is optimized with the Yoast SEO Premium plugin v27.1 (Yoast SEO v27.5) - https:\/\/yoast.com\/product\/yoast-seo-premium-wordpress\/ -->\n<title>Creme Facial C\u00e1\u00f1amo 50 ml - Drasanvi Cosm\u00e9tica Natural<\/title>\n<meta name=\"description\" content=\"La crema facial de c\u00e1\u00f1amo proporciona una hidrataci\u00f3n extra de la piel. Est\u00e1 indicado para todo tipo de piel.\" \/>\n<meta name=\"robots\" content=\"index, follow, max-snippet:-1, max-image-preview:large, max-video-preview:-1\" \/>\n<link rel=\"canonical\" href=\"https:\/\/www.lifenatura.com\/es\/produto\/creme-facial-canamo-50-ml-drasanvi-cosmetica-natural\/\" \/>\n<meta property=\"og:locale\" content=\"es_ES\" \/>\n<meta property=\"og:type\" content=\"article\" \/>\n<meta property=\"og:title\" content=\"Creme Facial C\u00e1\u00f1amo 50 ml - Drasanvi Cosm\u00e9tica Natural - Na Lifenatura ao Melhor Pre\u00e7o | Envio 48h\" \/>\n<meta property=\"og:description\" content=\"Compre Creme Facial C\u00e1\u00f1amo 50 ml - Drasanvi Cosm\u00e9tica Natural com envio r\u00e1pido. Entrega em 48h e portes gr\u00e1tis em compras &gt;35\u20ac. Aproveite j\u00e1 na Lifenatura\" \/>\n<meta property=\"og:url\" content=\"https:\/\/www.lifenatura.com\/es\/produto\/creme-facial-canamo-50-ml-drasanvi-cosmetica-natural\/\" \/>\n<meta property=\"og:site_name\" content=\"Lifenatura\" \/>\n<meta property=\"article:publisher\" content=\"https:\/\/www.facebook.com\/lifenatura\" \/>\n<meta property=\"article:modified_time\" content=\"2026-01-22T06:48:31+00:00\" \/>\n<meta property=\"og:image\" content=\"https:\/\/www.lifenatura.com\/wp-content\/uploads\/2021\/09\/gd_creme-facial-canhamo-50-ml-drasanvi.jpg\" \/>\n\t<meta property=\"og:image:width\" content=\"1000\" \/>\n\t<meta property=\"og:image:height\" content=\"1000\" \/>\n\t<meta property=\"og:image:type\" content=\"image\/jpeg\" \/>\n<meta name=\"twitter:card\" content=\"summary_large_image\" \/>\n<meta name=\"twitter:label1\" content=\"Precio\" \/>\n\t<meta name=\"twitter:data1\" content=\"14,31&nbsp;&euro;\" \/>\n\t<meta name=\"twitter:label2\" content=\"Disponibilidad\" \/>\n\t<meta name=\"twitter:data2\" content=\"Disponible\" \/>\n<script type=\"application\/ld+json\" class=\"yoast-schema-graph\">{\"@context\":\"https:\\\/\\\/schema.org\",\"@graph\":[{\"@type\":\"WebPage\",\"@id\":\"https:\\\/\\\/www.lifenatura.com\\\/es\\\/produto\\\/creme-facial-canamo-50-ml-drasanvi-cosmetica-natural\\\/\",\"url\":\"https:\\\/\\\/www.lifenatura.com\\\/es\\\/produto\\\/creme-facial-canamo-50-ml-drasanvi-cosmetica-natural\\\/\",\"name\":\"Creme Facial C\u00e1\u00f1amo 50 ml - Drasanvi Cosm\u00e9tica Natural\",\"isPartOf\":{\"@id\":\"https:\\\/\\\/www.lifenatura.com\\\/es\\\/#website\"},\"primaryImageOfPage\":{\"@id\":\"https:\\\/\\\/www.lifenatura.com\\\/es\\\/produto\\\/creme-facial-canamo-50-ml-drasanvi-cosmetica-natural\\\/#primaryimage\"},\"image\":{\"@id\":\"https:\\\/\\\/www.lifenatura.com\\\/es\\\/produto\\\/creme-facial-canamo-50-ml-drasanvi-cosmetica-natural\\\/#primaryimage\"},\"thumbnailUrl\":\"https:\\\/\\\/www.lifenatura.com\\\/wp-content\\\/uploads\\\/2021\\\/09\\\/gd_creme-facial-canhamo-50-ml-drasanvi.jpg\",\"datePublished\":\"2021-09-30T09:45:42+00:00\",\"dateModified\":\"2026-01-22T06:48:31+00:00\",\"description\":\"La crema facial de c\u00e1\u00f1amo proporciona una hidrataci\u00f3n extra de la piel. Est\u00e1 indicado para todo tipo de piel.\",\"breadcrumb\":{\"@id\":\"https:\\\/\\\/www.lifenatura.com\\\/es\\\/produto\\\/creme-facial-canamo-50-ml-drasanvi-cosmetica-natural\\\/#breadcrumb\"},\"inLanguage\":\"es\",\"potentialAction\":[{\"@type\":\"ReadAction\",\"target\":[\"https:\\\/\\\/www.lifenatura.com\\\/es\\\/produto\\\/creme-facial-canamo-50-ml-drasanvi-cosmetica-natural\\\/\"]}]},{\"@type\":\"ImageObject\",\"inLanguage\":\"es\",\"@id\":\"https:\\\/\\\/www.lifenatura.com\\\/es\\\/produto\\\/creme-facial-canamo-50-ml-drasanvi-cosmetica-natural\\\/#primaryimage\",\"url\":\"https:\\\/\\\/www.lifenatura.com\\\/wp-content\\\/uploads\\\/2021\\\/09\\\/gd_creme-facial-canhamo-50-ml-drasanvi.jpg\",\"contentUrl\":\"https:\\\/\\\/www.lifenatura.com\\\/wp-content\\\/uploads\\\/2021\\\/09\\\/gd_creme-facial-canhamo-50-ml-drasanvi.jpg\",\"width\":1000,\"height\":1000,\"caption\":\"Creme Facial C\u00e1\u00f1amo 50 ml - Drasanvi Cosm\u00e9tica Natural\"},{\"@type\":\"BreadcrumbList\",\"@id\":\"https:\\\/\\\/www.lifenatura.com\\\/es\\\/produto\\\/creme-facial-canamo-50-ml-drasanvi-cosmetica-natural\\\/#breadcrumb\",\"itemListElement\":[{\"@type\":\"ListItem\",\"position\":1,\"name\":\"In\u00edcio\",\"item\":\"https:\\\/\\\/www.lifenatura.com\\\/es\\\/\"},{\"@type\":\"ListItem\",\"position\":2,\"name\":\"Todos los Productos\",\"item\":\"https:\\\/\\\/www.lifenatura.com\\\/es\\\/tienda\\\/\"},{\"@type\":\"ListItem\",\"position\":3,\"name\":\"Creme Facial C\u00e1\u00f1amo 50 ml &#8211; Drasanvi Cosm\u00e9tica Natural\"}]},{\"@type\":\"WebSite\",\"@id\":\"https:\\\/\\\/www.lifenatura.com\\\/es\\\/#website\",\"url\":\"https:\\\/\\\/www.lifenatura.com\\\/es\\\/\",\"name\":\"Lifenatura\",\"description\":\"A Lifenatura \u00e9 uma loja de produtos naturais, cosm\u00e9tica natural e alimenta\u00e7\u00e3o Biol\u00f3gica.\",\"publisher\":{\"@id\":\"https:\\\/\\\/www.lifenatura.com\\\/es\\\/#organization\"},\"potentialAction\":[{\"@type\":\"SearchAction\",\"target\":{\"@type\":\"EntryPoint\",\"urlTemplate\":\"https:\\\/\\\/www.lifenatura.com\\\/es\\\/?s={search_term_string}\"},\"query-input\":{\"@type\":\"PropertyValueSpecification\",\"valueRequired\":true,\"valueName\":\"search_term_string\"}}],\"inLanguage\":\"es\"},{\"@type\":\"Organization\",\"@id\":\"https:\\\/\\\/www.lifenatura.com\\\/es\\\/#organization\",\"name\":\"Lifenatura\",\"url\":\"https:\\\/\\\/www.lifenatura.com\\\/es\\\/\",\"logo\":{\"@type\":\"ImageObject\",\"inLanguage\":\"es\",\"@id\":\"https:\\\/\\\/www.lifenatura.com\\\/es\\\/#\\\/schema\\\/logo\\\/image\\\/\",\"url\":\"https:\\\/\\\/www.lifenatura.com\\\/wp-content\\\/uploads\\\/2021\\\/07\\\/logo.png\",\"contentUrl\":\"https:\\\/\\\/www.lifenatura.com\\\/wp-content\\\/uploads\\\/2021\\\/07\\\/logo.png\",\"width\":175,\"height\":55,\"caption\":\"Lifenatura\"},\"image\":{\"@id\":\"https:\\\/\\\/www.lifenatura.com\\\/es\\\/#\\\/schema\\\/logo\\\/image\\\/\"},\"sameAs\":[\"https:\\\/\\\/www.facebook.com\\\/lifenatura\",\"https:\\\/\\\/www.instagram.com\\\/lifenaturapt\\\/\"],\"hasMerchantReturnPolicy\":{\"@type\":\"MerchantReturnPolicy\",\"merchantReturnLink\":\"https:\\\/\\\/www.lifenatura.com\\\/termos-condicoes-lifenatura\\\/\"}}]}<\/script>\n<meta property=\"product:price:amount\" content=\"14.31\" \/>\n<meta property=\"product:price:currency\" content=\"EUR\" \/>\n<meta property=\"og:availability\" content=\"instock\" \/>\n<meta property=\"product:availability\" content=\"instock\" \/>\n<meta property=\"product:retailer_item_id\" content=\"8436044516863\" \/>\n<meta property=\"product:condition\" content=\"new\" \/>\n<!-- \/ Yoast SEO Premium plugin. -->","yoast_head_json":{"title":"Creme Facial C\u00e1\u00f1amo 50 ml - Drasanvi Cosm\u00e9tica Natural","description":"La crema facial de c\u00e1\u00f1amo proporciona una hidrataci\u00f3n extra de la piel. Est\u00e1 indicado para todo tipo de piel.","robots":{"index":"index","follow":"follow","max-snippet":"max-snippet:-1","max-image-preview":"max-image-preview:large","max-video-preview":"max-video-preview:-1"},"canonical":"https:\/\/www.lifenatura.com\/es\/produto\/creme-facial-canamo-50-ml-drasanvi-cosmetica-natural\/","og_locale":"es_ES","og_type":"article","og_title":"Creme Facial C\u00e1\u00f1amo 50 ml - Drasanvi Cosm\u00e9tica Natural - Na Lifenatura ao Melhor Pre\u00e7o | Envio 48h","og_description":"Compre Creme Facial C\u00e1\u00f1amo 50 ml - Drasanvi Cosm\u00e9tica Natural com envio r\u00e1pido. Entrega em 48h e portes gr\u00e1tis em compras >35\u20ac. Aproveite j\u00e1 na Lifenatura","og_url":"https:\/\/www.lifenatura.com\/es\/produto\/creme-facial-canamo-50-ml-drasanvi-cosmetica-natural\/","og_site_name":"Lifenatura","article_publisher":"https:\/\/www.facebook.com\/lifenatura","article_modified_time":"2026-01-22T06:48:31+00:00","og_image":[{"width":1000,"height":1000,"url":"https:\/\/www.lifenatura.com\/wp-content\/uploads\/2021\/09\/gd_creme-facial-canhamo-50-ml-drasanvi.jpg","type":"image\/jpeg"}],"twitter_card":"summary_large_image","twitter_misc":{"Precio":"14,31&nbsp;&euro;","Disponibilidad":"Disponible"},"schema":{"@context":"https:\/\/schema.org","@graph":[{"@type":"WebPage","@id":"https:\/\/www.lifenatura.com\/es\/produto\/creme-facial-canamo-50-ml-drasanvi-cosmetica-natural\/","url":"https:\/\/www.lifenatura.com\/es\/produto\/creme-facial-canamo-50-ml-drasanvi-cosmetica-natural\/","name":"Creme Facial C\u00e1\u00f1amo 50 ml - Drasanvi Cosm\u00e9tica Natural","isPartOf":{"@id":"https:\/\/www.lifenatura.com\/es\/#website"},"primaryImageOfPage":{"@id":"https:\/\/www.lifenatura.com\/es\/produto\/creme-facial-canamo-50-ml-drasanvi-cosmetica-natural\/#primaryimage"},"image":{"@id":"https:\/\/www.lifenatura.com\/es\/produto\/creme-facial-canamo-50-ml-drasanvi-cosmetica-natural\/#primaryimage"},"thumbnailUrl":"https:\/\/www.lifenatura.com\/wp-content\/uploads\/2021\/09\/gd_creme-facial-canhamo-50-ml-drasanvi.jpg","datePublished":"2021-09-30T09:45:42+00:00","dateModified":"2026-01-22T06:48:31+00:00","description":"La crema facial de c\u00e1\u00f1amo proporciona una hidrataci\u00f3n extra de la piel. Est\u00e1 indicado para todo tipo de piel.","breadcrumb":{"@id":"https:\/\/www.lifenatura.com\/es\/produto\/creme-facial-canamo-50-ml-drasanvi-cosmetica-natural\/#breadcrumb"},"inLanguage":"es","potentialAction":[{"@type":"ReadAction","target":["https:\/\/www.lifenatura.com\/es\/produto\/creme-facial-canamo-50-ml-drasanvi-cosmetica-natural\/"]}]},{"@type":"ImageObject","inLanguage":"es","@id":"https:\/\/www.lifenatura.com\/es\/produto\/creme-facial-canamo-50-ml-drasanvi-cosmetica-natural\/#primaryimage","url":"https:\/\/www.lifenatura.com\/wp-content\/uploads\/2021\/09\/gd_creme-facial-canhamo-50-ml-drasanvi.jpg","contentUrl":"https:\/\/www.lifenatura.com\/wp-content\/uploads\/2021\/09\/gd_creme-facial-canhamo-50-ml-drasanvi.jpg","width":1000,"height":1000,"caption":"Creme Facial C\u00e1\u00f1amo 50 ml - Drasanvi Cosm\u00e9tica Natural"},{"@type":"BreadcrumbList","@id":"https:\/\/www.lifenatura.com\/es\/produto\/creme-facial-canamo-50-ml-drasanvi-cosmetica-natural\/#breadcrumb","itemListElement":[{"@type":"ListItem","position":1,"name":"In\u00edcio","item":"https:\/\/www.lifenatura.com\/es\/"},{"@type":"ListItem","position":2,"name":"Todos los Productos","item":"https:\/\/www.lifenatura.com\/es\/tienda\/"},{"@type":"ListItem","position":3,"name":"Creme Facial C\u00e1\u00f1amo 50 ml &#8211; Drasanvi Cosm\u00e9tica Natural"}]},{"@type":"WebSite","@id":"https:\/\/www.lifenatura.com\/es\/#website","url":"https:\/\/www.lifenatura.com\/es\/","name":"Lifenatura","description":"A Lifenatura \u00e9 uma loja de produtos naturais, cosm\u00e9tica natural e alimenta\u00e7\u00e3o Biol\u00f3gica.","publisher":{"@id":"https:\/\/www.lifenatura.com\/es\/#organization"},"potentialAction":[{"@type":"SearchAction","target":{"@type":"EntryPoint","urlTemplate":"https:\/\/www.lifenatura.com\/es\/?s={search_term_string}"},"query-input":{"@type":"PropertyValueSpecification","valueRequired":true,"valueName":"search_term_string"}}],"inLanguage":"es"},{"@type":"Organization","@id":"https:\/\/www.lifenatura.com\/es\/#organization","name":"Lifenatura","url":"https:\/\/www.lifenatura.com\/es\/","logo":{"@type":"ImageObject","inLanguage":"es","@id":"https:\/\/www.lifenatura.com\/es\/#\/schema\/logo\/image\/","url":"https:\/\/www.lifenatura.com\/wp-content\/uploads\/2021\/07\/logo.png","contentUrl":"https:\/\/www.lifenatura.com\/wp-content\/uploads\/2021\/07\/logo.png","width":175,"height":55,"caption":"Lifenatura"},"image":{"@id":"https:\/\/www.lifenatura.com\/es\/#\/schema\/logo\/image\/"},"sameAs":["https:\/\/www.facebook.com\/lifenatura","https:\/\/www.instagram.com\/lifenaturapt\/"],"hasMerchantReturnPolicy":{"@type":"MerchantReturnPolicy","merchantReturnLink":"https:\/\/www.lifenatura.com\/termos-condicoes-lifenatura\/"}}]},"product_price_amount":"14.31","product_price_currency":"EUR","og_availability":"instock","product_availability":"instock","product_retailer_item_id":"8436044516863","product_condition":"new"},"df_price":14.31,"df_sale_price":14.31,"df_regular_price":23.85,"df_image_link":"https:\/\/www.lifenatura.com\/wp-content\/uploads\/2021\/09\/gd_creme-facial-canhamo-50-ml-drasanvi-300x300.jpg","_links":{"self":[{"href":"https:\/\/www.lifenatura.com\/es\/wp-json\/wp\/v2\/product\/37268","targetHints":{"allow":["GET"]}}],"collection":[{"href":"https:\/\/www.lifenatura.com\/es\/wp-json\/wp\/v2\/product"}],"about":[{"href":"https:\/\/www.lifenatura.com\/es\/wp-json\/wp\/v2\/types\/product"}],"wp:featuredmedia":[{"embeddable":true,"href":"https:\/\/www.lifenatura.com\/es\/wp-json\/wp\/v2\/media\/18874"}],"wp:attachment":[{"href":"https:\/\/www.lifenatura.com\/es\/wp-json\/wp\/v2\/media?parent=37268"}],"wp:term":[{"taxonomy":"product_brand","embeddable":true,"href":"https:\/\/www.lifenatura.com\/es\/wp-json\/wp\/v2\/product_brand?post=37268"},{"taxonomy":"product_cat","embeddable":true,"href":"https:\/\/www.lifenatura.com\/es\/wp-json\/wp\/v2\/product_cat?post=37268"},{"taxonomy":"product_tag","embeddable":true,"href":"https:\/\/www.lifenatura.com\/es\/wp-json\/wp\/v2\/product_tag?post=37268"}],"curies":[{"name":"wp","href":"https:\/\/api.w.org\/{rel}","templated":true}]}}