{"id":37229,"date":"2021-09-30T09:45:02","date_gmt":"2021-09-30T09:45:02","guid":{"rendered":"https:\/\/lifenatura.dev.agenciagetdigital.com\/produto\/bcaas-glutamina-300g-drasanvi\/"},"modified":"2026-01-22T06:48:15","modified_gmt":"2026-01-22T06:48:15","slug":"bcaas-glutamina-300g-drasanvi","status":"publish","type":"product","link":"https:\/\/www.lifenatura.com\/es\/produto\/bcaas-glutamina-300g-drasanvi\/","title":{"rendered":"Bcaas + Glutamina 300g &#8211; Drasanvi"},"content":{"rendered":"<p>Amino\u00e1cidos para la construcci\u00f3n muscular Bcaa&#8217;s + Glutamina contiene los amino\u00e1cidos que son los bloques de construcci\u00f3n de prote\u00ednas, que auxilian en la construcci\u00f3n de m\u00fasculos y cart\u00edlagos y son fundamentales para un sistema inmunol\u00f3gico efectivo. Durante el entrenamiento intenso, nuestro cuerpo degrada los amino\u00e1cidos que forman parte de nuestras prote\u00ednas musculares. As\u00ed, la suplementaci\u00f3n de BCAA durante entrenamiento intenso puede ser apropiada. PRESENTACI\u00d3N 300 g.<\/p>\n","protected":false},"excerpt":{"rendered":"<p>Amino\u00e1cidos para la construcci\u00f3n muscular Bcaa&#8217;s + Glutamina contiene los amino\u00e1cidos que son los bloques de construcci\u00f3n de prote\u00ednas, que auxilian en la construcci\u00f3n de m\u00fasculos y cart\u00edlagos y son fundamentales para un sistema inmunol\u00f3gico efectivo. Durante el entrenamiento intenso, nuestro cuerpo degrada los amino\u00e1cidos que forman parte de nuestras prote\u00ednas musculares. As\u00ed, la suplementaci\u00f3n [&#8230;]<\/p>\n<p><a class=\"btn btn-secondary understrap-read-more-link\" href=\"https:\/\/www.lifenatura.com\/es\/produto\/bcaas-glutamina-300g-drasanvi\/\">Leer m\u00e1s&#8230;<span class=\"screen-reader-text\"> from Bcaas + Glutamina 300g &#8211; Drasanvi<\/span><\/a><\/p>\n","protected":false},"featured_media":18835,"template":"","meta":{"_acf_changed":false},"product_brand":[8498],"product_cat":[7169,7293],"product_tag":[],"class_list":{"0":"post-37229","1":"product","2":"type-product","3":"status-publish","4":"has-post-thumbnail","6":"product_brand-drasanvi","7":"product_cat-aminoacidos-bcaas-nutricion","8":"product_cat-nutricion-deportiva","10":"first","11":"instock","12":"shipping-taxable","13":"purchasable","14":"product-type-simple","15":"add-to-wishlist-before_image"},"acf":[],"yoast_head":"<!-- This site is optimized with the Yoast SEO Premium plugin v27.1 (Yoast SEO v27.4) - https:\/\/yoast.com\/product\/yoast-seo-premium-wordpress\/ -->\n<title>Bcaas + Glutamina 300g - Drasanvi<\/title>\n<meta name=\"description\" content=\"Bcaa&#039;s + Glutamina contiene los amino\u00e1cidos que son los bloques de construcci\u00f3n de prote\u00ednas, que auxilian en la construcci\u00f3n de m\u00fasculos y cart\u00edlagos y son fundamentales para un sistema inmunol\u00f3gico efectivo.\" \/>\n<meta name=\"robots\" content=\"index, follow, max-snippet:-1, max-image-preview:large, max-video-preview:-1\" \/>\n<link rel=\"canonical\" href=\"https:\/\/www.lifenatura.com\/es\/produto\/bcaas-glutamina-300g-drasanvi\/\" \/>\n<meta property=\"og:locale\" content=\"es_ES\" \/>\n<meta property=\"og:type\" content=\"article\" \/>\n<meta property=\"og:title\" content=\"Bcaas + Glutamina 300g - Drasanvi - Lifenatura\" \/>\n<meta property=\"og:description\" content=\"Compre aqui o seu Bcaas + Glutamina 300g - Drasanvi e a Lifenatura Online envia em 48 H com Portes Gratis &gt;35\u20ac de Pedido.\" \/>\n<meta property=\"og:url\" content=\"https:\/\/www.lifenatura.com\/es\/produto\/bcaas-glutamina-300g-drasanvi\/\" \/>\n<meta property=\"og:site_name\" content=\"Lifenatura\" \/>\n<meta property=\"article:publisher\" content=\"https:\/\/www.facebook.com\/lifenatura\" \/>\n<meta property=\"article:modified_time\" content=\"2026-01-22T06:48:15+00:00\" \/>\n<meta property=\"og:image\" content=\"https:\/\/www.lifenatura.com\/wp-content\/uploads\/2021\/09\/gd_bcaas-glutamina-drasanvi.jpg\" \/>\n\t<meta property=\"og:image:width\" content=\"1000\" \/>\n\t<meta property=\"og:image:height\" content=\"1000\" \/>\n\t<meta property=\"og:image:type\" content=\"image\/jpeg\" \/>\n<meta name=\"twitter:card\" content=\"summary_large_image\" \/>\n<meta name=\"twitter:label1\" content=\"Precio\" \/>\n\t<meta name=\"twitter:data1\" content=\"29,20&nbsp;&euro;\" \/>\n\t<meta name=\"twitter:label2\" content=\"Disponibilidad\" \/>\n\t<meta name=\"twitter:data2\" content=\"Disponible\" \/>\n<meta property=\"product:price:amount\" content=\"29.20\" \/>\n<meta property=\"product:price:currency\" content=\"EUR\" \/>\n<meta property=\"og:availability\" content=\"instock\" \/>\n<meta property=\"product:availability\" content=\"instock\" \/>\n<meta property=\"product:retailer_item_id\" content=\"8436044517310\" \/>\n<meta property=\"product:condition\" content=\"new\" \/>\n<!-- \/ Yoast SEO Premium plugin. -->","yoast_head_json":{"title":"Bcaas + Glutamina 300g - Drasanvi","description":"Bcaa's + Glutamina contiene los amino\u00e1cidos que son los bloques de construcci\u00f3n de prote\u00ednas, que auxilian en la construcci\u00f3n de m\u00fasculos y cart\u00edlagos y son fundamentales para un sistema inmunol\u00f3gico efectivo.","robots":{"index":"index","follow":"follow","max-snippet":"max-snippet:-1","max-image-preview":"max-image-preview:large","max-video-preview":"max-video-preview:-1"},"canonical":"https:\/\/www.lifenatura.com\/es\/produto\/bcaas-glutamina-300g-drasanvi\/","og_locale":"es_ES","og_type":"article","og_title":"Bcaas + Glutamina 300g - Drasanvi - Lifenatura","og_description":"Compre aqui o seu Bcaas + Glutamina 300g - Drasanvi e a Lifenatura Online envia em 48 H com Portes Gratis >35\u20ac de Pedido.","og_url":"https:\/\/www.lifenatura.com\/es\/produto\/bcaas-glutamina-300g-drasanvi\/","og_site_name":"Lifenatura","article_publisher":"https:\/\/www.facebook.com\/lifenatura","article_modified_time":"2026-01-22T06:48:15+00:00","og_image":[{"width":1000,"height":1000,"url":"https:\/\/www.lifenatura.com\/wp-content\/uploads\/2021\/09\/gd_bcaas-glutamina-drasanvi.jpg","type":"image\/jpeg"}],"twitter_card":"summary_large_image","twitter_misc":{"Precio":"29,20&nbsp;&euro;","Disponibilidad":"Disponible"},"schema":{"@context":"https:\/\/schema.org","@graph":[{"@type":"WebPage","@id":"https:\/\/www.lifenatura.com\/es\/produto\/bcaas-glutamina-300g-drasanvi\/","url":"https:\/\/www.lifenatura.com\/es\/produto\/bcaas-glutamina-300g-drasanvi\/","name":"Bcaas + Glutamina 300g - Drasanvi","isPartOf":{"@id":"https:\/\/www.lifenatura.com\/#website"},"primaryImageOfPage":{"@id":"https:\/\/www.lifenatura.com\/es\/produto\/bcaas-glutamina-300g-drasanvi\/#primaryimage"},"image":{"@id":"https:\/\/www.lifenatura.com\/es\/produto\/bcaas-glutamina-300g-drasanvi\/#primaryimage"},"thumbnailUrl":"https:\/\/www.lifenatura.com\/wp-content\/uploads\/2021\/09\/gd_bcaas-glutamina-drasanvi.jpg","datePublished":"2021-09-30T09:45:02+00:00","dateModified":"2026-01-22T06:48:15+00:00","description":"Bcaa's + Glutamina contiene los amino\u00e1cidos que son los bloques de construcci\u00f3n de prote\u00ednas, que auxilian en la construcci\u00f3n de m\u00fasculos y cart\u00edlagos y son fundamentales para un sistema inmunol\u00f3gico efectivo.","breadcrumb":{"@id":"https:\/\/www.lifenatura.com\/es\/produto\/bcaas-glutamina-300g-drasanvi\/#breadcrumb"},"inLanguage":"es","potentialAction":[{"@type":"ReadAction","target":["https:\/\/www.lifenatura.com\/es\/produto\/bcaas-glutamina-300g-drasanvi\/"]}]},{"@type":"ImageObject","inLanguage":"es","@id":"https:\/\/www.lifenatura.com\/es\/produto\/bcaas-glutamina-300g-drasanvi\/#primaryimage","url":"https:\/\/www.lifenatura.com\/wp-content\/uploads\/2021\/09\/gd_bcaas-glutamina-drasanvi.jpg","contentUrl":"https:\/\/www.lifenatura.com\/wp-content\/uploads\/2021\/09\/gd_bcaas-glutamina-drasanvi.jpg","width":1000,"height":1000,"caption":"Bcaas + Glutamina 300g - Drasanvi"},{"@type":"BreadcrumbList","@id":"https:\/\/www.lifenatura.com\/es\/produto\/bcaas-glutamina-300g-drasanvi\/#breadcrumb","itemListElement":[{"@type":"ListItem","position":1,"name":"In\u00edcio","item":"https:\/\/www.lifenatura.com\/es\/"},{"@type":"ListItem","position":2,"name":"Todos los Productos","item":"https:\/\/www.lifenatura.com\/es\/tienda\/"},{"@type":"ListItem","position":3,"name":"Bcaas + Glutamina 300g &#8211; Drasanvi"}]},{"@type":"WebSite","@id":"https:\/\/www.lifenatura.com\/#website","url":"https:\/\/www.lifenatura.com\/","name":"Lifenatura","description":"A Lifenatura \u00e9 uma loja de produtos naturais, cosm\u00e9tica natural e alimenta\u00e7\u00e3o Biol\u00f3gica.","publisher":{"@id":"https:\/\/www.lifenatura.com\/#organization"},"potentialAction":[{"@type":"SearchAction","target":{"@type":"EntryPoint","urlTemplate":"https:\/\/www.lifenatura.com\/?s={search_term_string}"},"query-input":{"@type":"PropertyValueSpecification","valueRequired":true,"valueName":"search_term_string"}}],"inLanguage":"es"},{"@type":"Organization","@id":"https:\/\/www.lifenatura.com\/#organization","name":"Lifenatura","url":"https:\/\/www.lifenatura.com\/","logo":{"@type":"ImageObject","inLanguage":"es","@id":"https:\/\/www.lifenatura.com\/#\/schema\/logo\/image\/","url":"https:\/\/www.lifenatura.com\/wp-content\/uploads\/2021\/11\/logo.png","contentUrl":"https:\/\/www.lifenatura.com\/wp-content\/uploads\/2021\/11\/logo.png","width":175,"height":55,"caption":"Lifenatura"},"image":{"@id":"https:\/\/www.lifenatura.com\/#\/schema\/logo\/image\/"},"sameAs":["https:\/\/www.facebook.com\/lifenatura","https:\/\/www.instagram.com\/lifenaturapt\/"]}]},"product_price_amount":"29.20","product_price_currency":"EUR","og_availability":"instock","product_availability":"instock","product_retailer_item_id":"8436044517310","product_condition":"new"},"df_price":29.2,"df_sale_price":"","df_regular_price":29.2,"df_image_link":"https:\/\/www.lifenatura.com\/wp-content\/uploads\/2021\/09\/gd_bcaas-glutamina-drasanvi-300x300.jpg","_links":{"self":[{"href":"https:\/\/www.lifenatura.com\/es\/wp-json\/wp\/v2\/product\/37229","targetHints":{"allow":["GET"]}}],"collection":[{"href":"https:\/\/www.lifenatura.com\/es\/wp-json\/wp\/v2\/product"}],"about":[{"href":"https:\/\/www.lifenatura.com\/es\/wp-json\/wp\/v2\/types\/product"}],"wp:featuredmedia":[{"embeddable":true,"href":"https:\/\/www.lifenatura.com\/es\/wp-json\/wp\/v2\/media\/18835"}],"wp:attachment":[{"href":"https:\/\/www.lifenatura.com\/es\/wp-json\/wp\/v2\/media?parent=37229"}],"wp:term":[{"taxonomy":"product_brand","embeddable":true,"href":"https:\/\/www.lifenatura.com\/es\/wp-json\/wp\/v2\/product_brand?post=37229"},{"taxonomy":"product_cat","embeddable":true,"href":"https:\/\/www.lifenatura.com\/es\/wp-json\/wp\/v2\/product_cat?post=37229"},{"taxonomy":"product_tag","embeddable":true,"href":"https:\/\/www.lifenatura.com\/es\/wp-json\/wp\/v2\/product_tag?post=37229"}],"curies":[{"name":"wp","href":"https:\/\/api.w.org\/{rel}","templated":true}]}}