{"id":37225,"date":"2021-09-30T09:45:02","date_gmt":"2021-09-30T09:45:02","guid":{"rendered":"https:\/\/lifenatura.dev.agenciagetdigital.com\/produto\/arandano-rojo-30-capsulas-vegetais-nutrabasics-drasanvi\/"},"modified":"2026-01-22T06:48:13","modified_gmt":"2026-01-22T06:48:13","slug":"arandano-rojo-30-capsulas-vegetais-nutrabasics-drasanvi","status":"publish","type":"product","link":"https:\/\/www.lifenatura.com\/es\/produto\/arandano-rojo-30-capsulas-vegetais-nutrabasics-drasanvi\/","title":{"rendered":"Ar\u00e1ndano Rojo 30 c\u00e1psulas vegetais &#8211; Nutrabasics Drasanvi"},"content":{"rendered":"<p>Indicado para el Sistema Urinario El Arando Rojo se utiliza de forma tradicional para proteger el tracto urinario, ya que impide el crecimiento de bacterias pat\u00f3genas. El Arando Rojo, Vaccinium macrocarpon, es tambi\u00e9n conocido como Cranberry. El inter\u00e9s de esta especie ha crecido considerablemente en los \u00faltimos a\u00f1os debido a su interesante valor nutricional: fibra, vitaminas, minerales y proantocianidinas A. De estos todos, son las Proantocianidinas A (PAC-A) el principio activo m\u00e1s importante. Hay numerosas especies de Arando, pero es el Rojo Americano m\u00e1s rico en proantocinidinas tipo A. PRESENTACI\u00d3N 30 C\u00e1psulas.<\/p>\n","protected":false},"excerpt":{"rendered":"<p>Indicado para el Sistema Urinario El Arando Rojo se utiliza de forma tradicional para proteger el tracto urinario, ya que impide el crecimiento de bacterias pat\u00f3genas. El Arando Rojo, Vaccinium macrocarpon, es tambi\u00e9n conocido como Cranberry. El inter\u00e9s de esta especie ha crecido considerablemente en los \u00faltimos a\u00f1os debido a su interesante valor nutricional: fibra, [&#8230;]<\/p>\n<p><a class=\"btn btn-secondary understrap-read-more-link\" href=\"https:\/\/www.lifenatura.com\/es\/produto\/arandano-rojo-30-capsulas-vegetais-nutrabasics-drasanvi\/\">Leer m\u00e1s&#8230;<span class=\"screen-reader-text\"> from Ar\u00e1ndano Rojo 30 c\u00e1psulas vegetais &#8211; Nutrabasics Drasanvi<\/span><\/a><\/p>\n","protected":false},"featured_media":18831,"template":"","meta":{"_acf_changed":false},"product_brand":[8498],"product_cat":[8019,7249,7659,7179],"product_tag":[],"class_list":{"0":"post-37225","1":"product","2":"type-product","3":"status-publish","4":"has-post-thumbnail","6":"product_brand-drasanvi","7":"product_cat-arandano","8":"product_cat-infecciones-urinarias","9":"product_cat-ingrediente-natural-bio","10":"product_cat-salud","12":"first","13":"instock","14":"sale","15":"shipping-taxable","16":"purchasable","17":"product-type-simple","18":"add-to-wishlist-before_image"},"acf":[],"yoast_head":"<!-- This site is optimized with the Yoast SEO Premium plugin v27.1 (Yoast SEO v27.5) - https:\/\/yoast.com\/product\/yoast-seo-premium-wordpress\/ -->\n<title>Ar\u00e1ndano Rojo 30 c\u00e1psulas vegetais - Nutrabasics Drasanvi<\/title>\n<meta name=\"description\" content=\"El Arando Rojo se utiliza de forma tradicional para proteger el tracto urinario, ya que impide el crecimiento de bacterias pat\u00f3genas.\" \/>\n<meta name=\"robots\" content=\"index, follow, max-snippet:-1, max-image-preview:large, max-video-preview:-1\" \/>\n<link rel=\"canonical\" href=\"https:\/\/www.lifenatura.com\/es\/produto\/arandano-rojo-30-capsulas-vegetais-nutrabasics-drasanvi\/\" \/>\n<meta property=\"og:locale\" content=\"es_ES\" \/>\n<meta property=\"og:type\" content=\"article\" \/>\n<meta property=\"og:title\" content=\"Ar\u00e1ndano Rojo 30 c\u00e1psulas vegetais - Nutrabasics Drasanvi - Na Lifenatura ao Melhor Pre\u00e7o | Envio 48h\" \/>\n<meta property=\"og:description\" content=\"Compre Ar\u00e1ndano Rojo 30 c\u00e1psulas vegetais - Nutrabasics Drasanvi com envio r\u00e1pido. Entrega em 48h e portes gr\u00e1tis em compras &gt;35\u20ac. Aproveite j\u00e1 na Lifenatura\" \/>\n<meta property=\"og:url\" content=\"https:\/\/www.lifenatura.com\/es\/produto\/arandano-rojo-30-capsulas-vegetais-nutrabasics-drasanvi\/\" \/>\n<meta property=\"og:site_name\" content=\"Lifenatura\" \/>\n<meta property=\"article:publisher\" content=\"https:\/\/www.facebook.com\/lifenatura\" \/>\n<meta property=\"article:modified_time\" content=\"2026-01-22T06:48:13+00:00\" \/>\n<meta property=\"og:image\" content=\"https:\/\/www.lifenatura.com\/wp-content\/uploads\/2021\/09\/gd_arando-vermelho-30-capsulas-vegetais-nutrabasics-drasanvi.jpg\" \/>\n\t<meta property=\"og:image:width\" content=\"1000\" \/>\n\t<meta property=\"og:image:height\" content=\"1000\" \/>\n\t<meta property=\"og:image:type\" content=\"image\/jpeg\" \/>\n<meta name=\"twitter:card\" content=\"summary_large_image\" \/>\n<meta name=\"twitter:label1\" content=\"Precio\" \/>\n\t<meta name=\"twitter:data1\" content=\"9,09&nbsp;&euro;\" \/>\n\t<meta name=\"twitter:label2\" content=\"Disponibilidad\" \/>\n\t<meta name=\"twitter:data2\" content=\"Disponible\" \/>\n<script type=\"application\/ld+json\" class=\"yoast-schema-graph\">{\"@context\":\"https:\\\/\\\/schema.org\",\"@graph\":[{\"@type\":\"WebPage\",\"@id\":\"https:\\\/\\\/www.lifenatura.com\\\/es\\\/produto\\\/arandano-rojo-30-capsulas-vegetais-nutrabasics-drasanvi\\\/\",\"url\":\"https:\\\/\\\/www.lifenatura.com\\\/es\\\/produto\\\/arandano-rojo-30-capsulas-vegetais-nutrabasics-drasanvi\\\/\",\"name\":\"Ar\u00e1ndano Rojo 30 c\u00e1psulas vegetais - Nutrabasics Drasanvi\",\"isPartOf\":{\"@id\":\"https:\\\/\\\/www.lifenatura.com\\\/es\\\/#website\"},\"primaryImageOfPage\":{\"@id\":\"https:\\\/\\\/www.lifenatura.com\\\/es\\\/produto\\\/arandano-rojo-30-capsulas-vegetais-nutrabasics-drasanvi\\\/#primaryimage\"},\"image\":{\"@id\":\"https:\\\/\\\/www.lifenatura.com\\\/es\\\/produto\\\/arandano-rojo-30-capsulas-vegetais-nutrabasics-drasanvi\\\/#primaryimage\"},\"thumbnailUrl\":\"https:\\\/\\\/www.lifenatura.com\\\/wp-content\\\/uploads\\\/2021\\\/09\\\/gd_arando-vermelho-30-capsulas-vegetais-nutrabasics-drasanvi.jpg\",\"datePublished\":\"2021-09-30T09:45:02+00:00\",\"dateModified\":\"2026-01-22T06:48:13+00:00\",\"description\":\"El Arando Rojo se utiliza de forma tradicional para proteger el tracto urinario, ya que impide el crecimiento de bacterias pat\u00f3genas.\",\"breadcrumb\":{\"@id\":\"https:\\\/\\\/www.lifenatura.com\\\/es\\\/produto\\\/arandano-rojo-30-capsulas-vegetais-nutrabasics-drasanvi\\\/#breadcrumb\"},\"inLanguage\":\"es\",\"potentialAction\":[{\"@type\":\"ReadAction\",\"target\":[\"https:\\\/\\\/www.lifenatura.com\\\/es\\\/produto\\\/arandano-rojo-30-capsulas-vegetais-nutrabasics-drasanvi\\\/\"]}]},{\"@type\":\"ImageObject\",\"inLanguage\":\"es\",\"@id\":\"https:\\\/\\\/www.lifenatura.com\\\/es\\\/produto\\\/arandano-rojo-30-capsulas-vegetais-nutrabasics-drasanvi\\\/#primaryimage\",\"url\":\"https:\\\/\\\/www.lifenatura.com\\\/wp-content\\\/uploads\\\/2021\\\/09\\\/gd_arando-vermelho-30-capsulas-vegetais-nutrabasics-drasanvi.jpg\",\"contentUrl\":\"https:\\\/\\\/www.lifenatura.com\\\/wp-content\\\/uploads\\\/2021\\\/09\\\/gd_arando-vermelho-30-capsulas-vegetais-nutrabasics-drasanvi.jpg\",\"width\":1000,\"height\":1000,\"caption\":\"Ar\u00e1ndano Rojo 30 c\u00e1psulas vegetais - Nutrabasics Drasanvi\"},{\"@type\":\"BreadcrumbList\",\"@id\":\"https:\\\/\\\/www.lifenatura.com\\\/es\\\/produto\\\/arandano-rojo-30-capsulas-vegetais-nutrabasics-drasanvi\\\/#breadcrumb\",\"itemListElement\":[{\"@type\":\"ListItem\",\"position\":1,\"name\":\"In\u00edcio\",\"item\":\"https:\\\/\\\/www.lifenatura.com\\\/es\\\/\"},{\"@type\":\"ListItem\",\"position\":2,\"name\":\"Todos los Productos\",\"item\":\"https:\\\/\\\/www.lifenatura.com\\\/es\\\/tienda\\\/\"},{\"@type\":\"ListItem\",\"position\":3,\"name\":\"Ar\u00e1ndano Rojo 30 c\u00e1psulas vegetais &#8211; Nutrabasics Drasanvi\"}]},{\"@type\":\"WebSite\",\"@id\":\"https:\\\/\\\/www.lifenatura.com\\\/es\\\/#website\",\"url\":\"https:\\\/\\\/www.lifenatura.com\\\/es\\\/\",\"name\":\"Lifenatura\",\"description\":\"A Lifenatura \u00e9 uma loja de produtos naturais, cosm\u00e9tica natural e alimenta\u00e7\u00e3o Biol\u00f3gica.\",\"publisher\":{\"@id\":\"https:\\\/\\\/www.lifenatura.com\\\/es\\\/#organization\"},\"potentialAction\":[{\"@type\":\"SearchAction\",\"target\":{\"@type\":\"EntryPoint\",\"urlTemplate\":\"https:\\\/\\\/www.lifenatura.com\\\/es\\\/?s={search_term_string}\"},\"query-input\":{\"@type\":\"PropertyValueSpecification\",\"valueRequired\":true,\"valueName\":\"search_term_string\"}}],\"inLanguage\":\"es\"},{\"@type\":\"Organization\",\"@id\":\"https:\\\/\\\/www.lifenatura.com\\\/es\\\/#organization\",\"name\":\"Lifenatura\",\"url\":\"https:\\\/\\\/www.lifenatura.com\\\/es\\\/\",\"logo\":{\"@type\":\"ImageObject\",\"inLanguage\":\"es\",\"@id\":\"https:\\\/\\\/www.lifenatura.com\\\/es\\\/#\\\/schema\\\/logo\\\/image\\\/\",\"url\":\"https:\\\/\\\/www.lifenatura.com\\\/wp-content\\\/uploads\\\/2021\\\/07\\\/logo.png\",\"contentUrl\":\"https:\\\/\\\/www.lifenatura.com\\\/wp-content\\\/uploads\\\/2021\\\/07\\\/logo.png\",\"width\":175,\"height\":55,\"caption\":\"Lifenatura\"},\"image\":{\"@id\":\"https:\\\/\\\/www.lifenatura.com\\\/es\\\/#\\\/schema\\\/logo\\\/image\\\/\"},\"sameAs\":[\"https:\\\/\\\/www.facebook.com\\\/lifenatura\",\"https:\\\/\\\/www.instagram.com\\\/lifenaturapt\\\/\"],\"hasMerchantReturnPolicy\":{\"@type\":\"MerchantReturnPolicy\",\"merchantReturnLink\":\"https:\\\/\\\/www.lifenatura.com\\\/termos-condicoes-lifenatura\\\/\"}}]}<\/script>\n<meta property=\"product:price:amount\" content=\"9.09\" \/>\n<meta property=\"product:price:currency\" content=\"EUR\" \/>\n<meta property=\"og:availability\" content=\"instock\" \/>\n<meta property=\"product:availability\" content=\"instock\" \/>\n<meta property=\"product:retailer_item_id\" content=\"8436044513800\" \/>\n<meta property=\"product:condition\" content=\"new\" \/>\n<!-- \/ Yoast SEO Premium plugin. -->","yoast_head_json":{"title":"Ar\u00e1ndano Rojo 30 c\u00e1psulas vegetais - Nutrabasics Drasanvi","description":"El Arando Rojo se utiliza de forma tradicional para proteger el tracto urinario, ya que impide el crecimiento de bacterias pat\u00f3genas.","robots":{"index":"index","follow":"follow","max-snippet":"max-snippet:-1","max-image-preview":"max-image-preview:large","max-video-preview":"max-video-preview:-1"},"canonical":"https:\/\/www.lifenatura.com\/es\/produto\/arandano-rojo-30-capsulas-vegetais-nutrabasics-drasanvi\/","og_locale":"es_ES","og_type":"article","og_title":"Ar\u00e1ndano Rojo 30 c\u00e1psulas vegetais - Nutrabasics Drasanvi - Na Lifenatura ao Melhor Pre\u00e7o | Envio 48h","og_description":"Compre Ar\u00e1ndano Rojo 30 c\u00e1psulas vegetais - Nutrabasics Drasanvi com envio r\u00e1pido. Entrega em 48h e portes gr\u00e1tis em compras >35\u20ac. Aproveite j\u00e1 na Lifenatura","og_url":"https:\/\/www.lifenatura.com\/es\/produto\/arandano-rojo-30-capsulas-vegetais-nutrabasics-drasanvi\/","og_site_name":"Lifenatura","article_publisher":"https:\/\/www.facebook.com\/lifenatura","article_modified_time":"2026-01-22T06:48:13+00:00","og_image":[{"width":1000,"height":1000,"url":"https:\/\/www.lifenatura.com\/wp-content\/uploads\/2021\/09\/gd_arando-vermelho-30-capsulas-vegetais-nutrabasics-drasanvi.jpg","type":"image\/jpeg"}],"twitter_card":"summary_large_image","twitter_misc":{"Precio":"9,09&nbsp;&euro;","Disponibilidad":"Disponible"},"schema":{"@context":"https:\/\/schema.org","@graph":[{"@type":"WebPage","@id":"https:\/\/www.lifenatura.com\/es\/produto\/arandano-rojo-30-capsulas-vegetais-nutrabasics-drasanvi\/","url":"https:\/\/www.lifenatura.com\/es\/produto\/arandano-rojo-30-capsulas-vegetais-nutrabasics-drasanvi\/","name":"Ar\u00e1ndano Rojo 30 c\u00e1psulas vegetais - Nutrabasics Drasanvi","isPartOf":{"@id":"https:\/\/www.lifenatura.com\/es\/#website"},"primaryImageOfPage":{"@id":"https:\/\/www.lifenatura.com\/es\/produto\/arandano-rojo-30-capsulas-vegetais-nutrabasics-drasanvi\/#primaryimage"},"image":{"@id":"https:\/\/www.lifenatura.com\/es\/produto\/arandano-rojo-30-capsulas-vegetais-nutrabasics-drasanvi\/#primaryimage"},"thumbnailUrl":"https:\/\/www.lifenatura.com\/wp-content\/uploads\/2021\/09\/gd_arando-vermelho-30-capsulas-vegetais-nutrabasics-drasanvi.jpg","datePublished":"2021-09-30T09:45:02+00:00","dateModified":"2026-01-22T06:48:13+00:00","description":"El Arando Rojo se utiliza de forma tradicional para proteger el tracto urinario, ya que impide el crecimiento de bacterias pat\u00f3genas.","breadcrumb":{"@id":"https:\/\/www.lifenatura.com\/es\/produto\/arandano-rojo-30-capsulas-vegetais-nutrabasics-drasanvi\/#breadcrumb"},"inLanguage":"es","potentialAction":[{"@type":"ReadAction","target":["https:\/\/www.lifenatura.com\/es\/produto\/arandano-rojo-30-capsulas-vegetais-nutrabasics-drasanvi\/"]}]},{"@type":"ImageObject","inLanguage":"es","@id":"https:\/\/www.lifenatura.com\/es\/produto\/arandano-rojo-30-capsulas-vegetais-nutrabasics-drasanvi\/#primaryimage","url":"https:\/\/www.lifenatura.com\/wp-content\/uploads\/2021\/09\/gd_arando-vermelho-30-capsulas-vegetais-nutrabasics-drasanvi.jpg","contentUrl":"https:\/\/www.lifenatura.com\/wp-content\/uploads\/2021\/09\/gd_arando-vermelho-30-capsulas-vegetais-nutrabasics-drasanvi.jpg","width":1000,"height":1000,"caption":"Ar\u00e1ndano Rojo 30 c\u00e1psulas vegetais - Nutrabasics Drasanvi"},{"@type":"BreadcrumbList","@id":"https:\/\/www.lifenatura.com\/es\/produto\/arandano-rojo-30-capsulas-vegetais-nutrabasics-drasanvi\/#breadcrumb","itemListElement":[{"@type":"ListItem","position":1,"name":"In\u00edcio","item":"https:\/\/www.lifenatura.com\/es\/"},{"@type":"ListItem","position":2,"name":"Todos los Productos","item":"https:\/\/www.lifenatura.com\/es\/tienda\/"},{"@type":"ListItem","position":3,"name":"Ar\u00e1ndano Rojo 30 c\u00e1psulas vegetais &#8211; Nutrabasics Drasanvi"}]},{"@type":"WebSite","@id":"https:\/\/www.lifenatura.com\/es\/#website","url":"https:\/\/www.lifenatura.com\/es\/","name":"Lifenatura","description":"A Lifenatura \u00e9 uma loja de produtos naturais, cosm\u00e9tica natural e alimenta\u00e7\u00e3o Biol\u00f3gica.","publisher":{"@id":"https:\/\/www.lifenatura.com\/es\/#organization"},"potentialAction":[{"@type":"SearchAction","target":{"@type":"EntryPoint","urlTemplate":"https:\/\/www.lifenatura.com\/es\/?s={search_term_string}"},"query-input":{"@type":"PropertyValueSpecification","valueRequired":true,"valueName":"search_term_string"}}],"inLanguage":"es"},{"@type":"Organization","@id":"https:\/\/www.lifenatura.com\/es\/#organization","name":"Lifenatura","url":"https:\/\/www.lifenatura.com\/es\/","logo":{"@type":"ImageObject","inLanguage":"es","@id":"https:\/\/www.lifenatura.com\/es\/#\/schema\/logo\/image\/","url":"https:\/\/www.lifenatura.com\/wp-content\/uploads\/2021\/07\/logo.png","contentUrl":"https:\/\/www.lifenatura.com\/wp-content\/uploads\/2021\/07\/logo.png","width":175,"height":55,"caption":"Lifenatura"},"image":{"@id":"https:\/\/www.lifenatura.com\/es\/#\/schema\/logo\/image\/"},"sameAs":["https:\/\/www.facebook.com\/lifenatura","https:\/\/www.instagram.com\/lifenaturapt\/"],"hasMerchantReturnPolicy":{"@type":"MerchantReturnPolicy","merchantReturnLink":"https:\/\/www.lifenatura.com\/termos-condicoes-lifenatura\/"}}]},"product_price_amount":"9.09","product_price_currency":"EUR","og_availability":"instock","product_availability":"instock","product_retailer_item_id":"8436044513800","product_condition":"new"},"df_price":9.09,"df_sale_price":9.09,"df_regular_price":15.15,"df_image_link":"https:\/\/www.lifenatura.com\/wp-content\/uploads\/2021\/09\/gd_arando-vermelho-30-capsulas-vegetais-nutrabasics-drasanvi-300x300.jpg","_links":{"self":[{"href":"https:\/\/www.lifenatura.com\/es\/wp-json\/wp\/v2\/product\/37225","targetHints":{"allow":["GET"]}}],"collection":[{"href":"https:\/\/www.lifenatura.com\/es\/wp-json\/wp\/v2\/product"}],"about":[{"href":"https:\/\/www.lifenatura.com\/es\/wp-json\/wp\/v2\/types\/product"}],"wp:featuredmedia":[{"embeddable":true,"href":"https:\/\/www.lifenatura.com\/es\/wp-json\/wp\/v2\/media\/18831"}],"wp:attachment":[{"href":"https:\/\/www.lifenatura.com\/es\/wp-json\/wp\/v2\/media?parent=37225"}],"wp:term":[{"taxonomy":"product_brand","embeddable":true,"href":"https:\/\/www.lifenatura.com\/es\/wp-json\/wp\/v2\/product_brand?post=37225"},{"taxonomy":"product_cat","embeddable":true,"href":"https:\/\/www.lifenatura.com\/es\/wp-json\/wp\/v2\/product_cat?post=37225"},{"taxonomy":"product_tag","embeddable":true,"href":"https:\/\/www.lifenatura.com\/es\/wp-json\/wp\/v2\/product_tag?post=37225"}],"curies":[{"name":"wp","href":"https:\/\/api.w.org\/{rel}","templated":true}]}}