{"id":37200,"date":"2021-09-30T09:44:17","date_gmt":"2021-09-30T09:44:17","guid":{"rendered":"https:\/\/lifenatura.dev.agenciagetdigital.com\/produto\/zell-oxygen-enzymas-250-ml-dr-wolz\/"},"modified":"2026-05-03T00:06:49","modified_gmt":"2026-05-03T00:06:49","slug":"zell-oxygen-enzymas-250-ml-dr-wolz","status":"publish","type":"product","link":"https:\/\/www.lifenatura.com\/es\/produto\/zell-oxygen-enzymas-250-ml-dr-wolz\/","title":{"rendered":"Zell Oxygen Enzymas 250 ml &#8211; Dr. Wolz"},"content":{"rendered":"<p>Fortalece el Sistema Inmunitario Zell Oxygen aumenta la utilizaci\u00f3n de ox\u00edgeno tan necesaria en casos de cansancio y agotamiento. La combinaci\u00f3n de todos los constituyentes permite la utilizaci\u00f3n del producto en situaciones donde es necesaria una mejor oxigenaci\u00f3n, protecci\u00f3n del estr\u00e9s oxidativo, fortalecimiento del sistema inmunitario, purificaci\u00f3n del organismo, suministro de las necesidades de micronutrientes al organismo. PRESENTACI\u00d3N 250 Ml.<\/p>\n","protected":false},"excerpt":{"rendered":"<p>Fortalece el Sistema Inmunitario Zell Oxygen aumenta la utilizaci\u00f3n de ox\u00edgeno tan necesaria en casos de cansancio y agotamiento. La combinaci\u00f3n de todos los constituyentes permite la utilizaci\u00f3n del producto en situaciones donde es necesaria una mejor oxigenaci\u00f3n, protecci\u00f3n del estr\u00e9s oxidativo, fortalecimiento del sistema inmunitario, purificaci\u00f3n del organismo, suministro de las necesidades de micronutrientes [&#8230;]<\/p>\n<p><a class=\"btn btn-secondary understrap-read-more-link\" href=\"https:\/\/www.lifenatura.com\/es\/produto\/zell-oxygen-enzymas-250-ml-dr-wolz\/\">Leer m\u00e1s&#8230;<span class=\"screen-reader-text\"> from Zell Oxygen Enzymas 250 ml &#8211; Dr. Wolz<\/span><\/a><\/p>\n","protected":false},"featured_media":130661,"template":"","meta":{"_acf_changed":false},"product_brand":[8500],"product_cat":[7211,7179],"product_tag":[8701],"class_list":{"0":"post-37200","1":"product","2":"type-product","3":"status-publish","4":"has-post-thumbnail","6":"product_brand-dr-wolz","7":"product_cat-reforza-la-inmunidad-salud","8":"product_cat-salud","9":"product_tag-natiris","11":"first","12":"instock","13":"sale","14":"featured","15":"shipping-taxable","16":"purchasable","17":"product-type-simple","18":"add-to-wishlist-before_image"},"acf":[],"yoast_head":"<!-- This site is optimized with the Yoast SEO Premium plugin v27.1 (Yoast SEO v27.6) - https:\/\/yoast.com\/product\/yoast-seo-premium-wordpress\/ -->\n<title>Zell Oxygen Enzymas 250 ml - Dr. Wolz - Na Lifenatura ao Melhor Pre\u00e7o | Envio em 48h<\/title>\n<meta name=\"description\" content=\"El Zell Oxygen indicado para una mejor oxigenaci\u00f3n, protecci\u00f3n del estr\u00e9s oxidativo, fortalecimiento del sistema inmunitario, purificaci\u00f3n del organismo, suministro de las necesidades de micronutrientes al organismo.\" \/>\n<meta name=\"robots\" content=\"index, follow, max-snippet:-1, max-image-preview:large, max-video-preview:-1\" \/>\n<link rel=\"canonical\" href=\"https:\/\/www.lifenatura.com\/es\/produto\/zell-oxygen-enzymas-250-ml-dr-wolz\/\" \/>\n<meta property=\"og:locale\" content=\"es_ES\" \/>\n<meta property=\"og:type\" content=\"article\" \/>\n<meta property=\"og:title\" content=\"Zell Oxygen Enzymas 250 ml - Dr. Wolz - Na Lifenatura ao Melhor Pre\u00e7o | Envio 48h\" \/>\n<meta property=\"og:description\" content=\"Compre Zell Oxygen Enzymas 250 ml - Dr. Wolz com envio r\u00e1pido. Entrega em 48h e portes gr\u00e1tis em compras &gt;35\u20ac. Aproveite j\u00e1 na Lifenatura\" \/>\n<meta property=\"og:url\" content=\"https:\/\/www.lifenatura.com\/es\/produto\/zell-oxygen-enzymas-250-ml-dr-wolz\/\" \/>\n<meta property=\"og:site_name\" content=\"Lifenatura\" \/>\n<meta property=\"article:publisher\" content=\"https:\/\/www.facebook.com\/lifenatura\" \/>\n<meta property=\"article:modified_time\" content=\"2026-05-03T00:06:49+00:00\" \/>\n<meta property=\"og:image\" content=\"https:\/\/www.lifenatura.com\/wp-content\/uploads\/2026\/03\/ZELL_OXYGEN_ENZYMAS.jpg\" \/>\n\t<meta property=\"og:image:width\" content=\"600\" \/>\n\t<meta property=\"og:image:height\" content=\"600\" \/>\n\t<meta property=\"og:image:type\" content=\"image\/jpeg\" \/>\n<meta name=\"twitter:card\" content=\"summary_large_image\" \/>\n<meta name=\"twitter:label1\" content=\"Precio\" \/>\n\t<meta name=\"twitter:data1\" content=\"25,19&nbsp;&euro;\" \/>\n\t<meta name=\"twitter:label2\" content=\"Disponibilidad\" \/>\n\t<meta name=\"twitter:data2\" content=\"Disponible\" \/>\n<script type=\"application\/ld+json\" class=\"yoast-schema-graph\">{\"@context\":\"https:\\\/\\\/schema.org\",\"@graph\":[{\"@type\":\"WebPage\",\"@id\":\"https:\\\/\\\/www.lifenatura.com\\\/es\\\/produto\\\/zell-oxygen-enzymas-250-ml-dr-wolz\\\/\",\"url\":\"https:\\\/\\\/www.lifenatura.com\\\/es\\\/produto\\\/zell-oxygen-enzymas-250-ml-dr-wolz\\\/\",\"name\":\"Zell Oxygen Enzymas 250 ml - Dr. Wolz - Na Lifenatura ao Melhor Pre\u00e7o | Envio em 48h\",\"isPartOf\":{\"@id\":\"https:\\\/\\\/www.lifenatura.com\\\/es\\\/#website\"},\"primaryImageOfPage\":{\"@id\":\"https:\\\/\\\/www.lifenatura.com\\\/es\\\/produto\\\/zell-oxygen-enzymas-250-ml-dr-wolz\\\/#primaryimage\"},\"image\":{\"@id\":\"https:\\\/\\\/www.lifenatura.com\\\/es\\\/produto\\\/zell-oxygen-enzymas-250-ml-dr-wolz\\\/#primaryimage\"},\"thumbnailUrl\":\"https:\\\/\\\/www.lifenatura.com\\\/wp-content\\\/uploads\\\/2026\\\/03\\\/ZELL_OXYGEN_ENZYMAS.jpg\",\"datePublished\":\"2021-09-30T09:44:17+00:00\",\"dateModified\":\"2026-05-03T00:06:49+00:00\",\"description\":\"El Zell Oxygen indicado para una mejor oxigenaci\u00f3n, protecci\u00f3n del estr\u00e9s oxidativo, fortalecimiento del sistema inmunitario, purificaci\u00f3n del organismo, suministro de las necesidades de micronutrientes al organismo.\",\"breadcrumb\":{\"@id\":\"https:\\\/\\\/www.lifenatura.com\\\/es\\\/produto\\\/zell-oxygen-enzymas-250-ml-dr-wolz\\\/#breadcrumb\"},\"inLanguage\":\"es\",\"potentialAction\":[{\"@type\":\"ReadAction\",\"target\":[\"https:\\\/\\\/www.lifenatura.com\\\/es\\\/produto\\\/zell-oxygen-enzymas-250-ml-dr-wolz\\\/\"]}]},{\"@type\":\"ImageObject\",\"inLanguage\":\"es\",\"@id\":\"https:\\\/\\\/www.lifenatura.com\\\/es\\\/produto\\\/zell-oxygen-enzymas-250-ml-dr-wolz\\\/#primaryimage\",\"url\":\"https:\\\/\\\/www.lifenatura.com\\\/wp-content\\\/uploads\\\/2026\\\/03\\\/ZELL_OXYGEN_ENZYMAS.jpg\",\"contentUrl\":\"https:\\\/\\\/www.lifenatura.com\\\/wp-content\\\/uploads\\\/2026\\\/03\\\/ZELL_OXYGEN_ENZYMAS.jpg\",\"width\":600,\"height\":600},{\"@type\":\"BreadcrumbList\",\"@id\":\"https:\\\/\\\/www.lifenatura.com\\\/es\\\/produto\\\/zell-oxygen-enzymas-250-ml-dr-wolz\\\/#breadcrumb\",\"itemListElement\":[{\"@type\":\"ListItem\",\"position\":1,\"name\":\"In\u00edcio\",\"item\":\"https:\\\/\\\/www.lifenatura.com\\\/es\\\/\"},{\"@type\":\"ListItem\",\"position\":2,\"name\":\"Todos los Productos\",\"item\":\"https:\\\/\\\/www.lifenatura.com\\\/es\\\/tienda\\\/\"},{\"@type\":\"ListItem\",\"position\":3,\"name\":\"Zell Oxygen Enzymas 250 ml &#8211; Dr. Wolz\"}]},{\"@type\":\"WebSite\",\"@id\":\"https:\\\/\\\/www.lifenatura.com\\\/es\\\/#website\",\"url\":\"https:\\\/\\\/www.lifenatura.com\\\/es\\\/\",\"name\":\"Lifenatura\",\"description\":\"A Lifenatura \u00e9 uma loja de produtos naturais, cosm\u00e9tica natural e alimenta\u00e7\u00e3o Biol\u00f3gica.\",\"publisher\":{\"@id\":\"https:\\\/\\\/www.lifenatura.com\\\/es\\\/#organization\"},\"potentialAction\":[{\"@type\":\"SearchAction\",\"target\":{\"@type\":\"EntryPoint\",\"urlTemplate\":\"https:\\\/\\\/www.lifenatura.com\\\/es\\\/?s={search_term_string}\"},\"query-input\":{\"@type\":\"PropertyValueSpecification\",\"valueRequired\":true,\"valueName\":\"search_term_string\"}}],\"inLanguage\":\"es\"},{\"@type\":\"Organization\",\"@id\":\"https:\\\/\\\/www.lifenatura.com\\\/es\\\/#organization\",\"name\":\"Lifenatura\",\"url\":\"https:\\\/\\\/www.lifenatura.com\\\/es\\\/\",\"logo\":{\"@type\":\"ImageObject\",\"inLanguage\":\"es\",\"@id\":\"https:\\\/\\\/www.lifenatura.com\\\/es\\\/#\\\/schema\\\/logo\\\/image\\\/\",\"url\":\"https:\\\/\\\/www.lifenatura.com\\\/wp-content\\\/uploads\\\/2021\\\/07\\\/logo.png\",\"contentUrl\":\"https:\\\/\\\/www.lifenatura.com\\\/wp-content\\\/uploads\\\/2021\\\/07\\\/logo.png\",\"width\":175,\"height\":55,\"caption\":\"Lifenatura\"},\"image\":{\"@id\":\"https:\\\/\\\/www.lifenatura.com\\\/es\\\/#\\\/schema\\\/logo\\\/image\\\/\"},\"sameAs\":[\"https:\\\/\\\/www.facebook.com\\\/lifenatura\",\"https:\\\/\\\/www.instagram.com\\\/lifenaturapt\\\/\"],\"hasMerchantReturnPolicy\":{\"@type\":\"MerchantReturnPolicy\",\"merchantReturnLink\":\"https:\\\/\\\/www.lifenatura.com\\\/termos-condicoes-lifenatura\\\/\"}}]}<\/script>\n<meta property=\"product:price:amount\" content=\"25.19\" \/>\n<meta property=\"product:price:currency\" content=\"EUR\" \/>\n<meta property=\"og:availability\" content=\"instock\" \/>\n<meta property=\"product:availability\" content=\"instock\" \/>\n<meta property=\"product:retailer_item_id\" content=\"4021901887077\" \/>\n<meta property=\"product:condition\" content=\"new\" \/>\n<!-- \/ Yoast SEO Premium plugin. -->","yoast_head_json":{"title":"Zell Oxygen Enzymas 250 ml - Dr. Wolz - Na Lifenatura ao Melhor Pre\u00e7o | Envio em 48h","description":"El Zell Oxygen indicado para una mejor oxigenaci\u00f3n, protecci\u00f3n del estr\u00e9s oxidativo, fortalecimiento del sistema inmunitario, purificaci\u00f3n del organismo, suministro de las necesidades de micronutrientes al organismo.","robots":{"index":"index","follow":"follow","max-snippet":"max-snippet:-1","max-image-preview":"max-image-preview:large","max-video-preview":"max-video-preview:-1"},"canonical":"https:\/\/www.lifenatura.com\/es\/produto\/zell-oxygen-enzymas-250-ml-dr-wolz\/","og_locale":"es_ES","og_type":"article","og_title":"Zell Oxygen Enzymas 250 ml - Dr. Wolz - Na Lifenatura ao Melhor Pre\u00e7o | Envio 48h","og_description":"Compre Zell Oxygen Enzymas 250 ml - Dr. Wolz com envio r\u00e1pido. Entrega em 48h e portes gr\u00e1tis em compras >35\u20ac. Aproveite j\u00e1 na Lifenatura","og_url":"https:\/\/www.lifenatura.com\/es\/produto\/zell-oxygen-enzymas-250-ml-dr-wolz\/","og_site_name":"Lifenatura","article_publisher":"https:\/\/www.facebook.com\/lifenatura","article_modified_time":"2026-05-03T00:06:49+00:00","og_image":[{"width":600,"height":600,"url":"https:\/\/www.lifenatura.com\/wp-content\/uploads\/2026\/03\/ZELL_OXYGEN_ENZYMAS.jpg","type":"image\/jpeg"}],"twitter_card":"summary_large_image","twitter_misc":{"Precio":"25,19&nbsp;&euro;","Disponibilidad":"Disponible"},"schema":{"@context":"https:\/\/schema.org","@graph":[{"@type":"WebPage","@id":"https:\/\/www.lifenatura.com\/es\/produto\/zell-oxygen-enzymas-250-ml-dr-wolz\/","url":"https:\/\/www.lifenatura.com\/es\/produto\/zell-oxygen-enzymas-250-ml-dr-wolz\/","name":"Zell Oxygen Enzymas 250 ml - Dr. Wolz - Na Lifenatura ao Melhor Pre\u00e7o | Envio em 48h","isPartOf":{"@id":"https:\/\/www.lifenatura.com\/es\/#website"},"primaryImageOfPage":{"@id":"https:\/\/www.lifenatura.com\/es\/produto\/zell-oxygen-enzymas-250-ml-dr-wolz\/#primaryimage"},"image":{"@id":"https:\/\/www.lifenatura.com\/es\/produto\/zell-oxygen-enzymas-250-ml-dr-wolz\/#primaryimage"},"thumbnailUrl":"https:\/\/www.lifenatura.com\/wp-content\/uploads\/2026\/03\/ZELL_OXYGEN_ENZYMAS.jpg","datePublished":"2021-09-30T09:44:17+00:00","dateModified":"2026-05-03T00:06:49+00:00","description":"El Zell Oxygen indicado para una mejor oxigenaci\u00f3n, protecci\u00f3n del estr\u00e9s oxidativo, fortalecimiento del sistema inmunitario, purificaci\u00f3n del organismo, suministro de las necesidades de micronutrientes al organismo.","breadcrumb":{"@id":"https:\/\/www.lifenatura.com\/es\/produto\/zell-oxygen-enzymas-250-ml-dr-wolz\/#breadcrumb"},"inLanguage":"es","potentialAction":[{"@type":"ReadAction","target":["https:\/\/www.lifenatura.com\/es\/produto\/zell-oxygen-enzymas-250-ml-dr-wolz\/"]}]},{"@type":"ImageObject","inLanguage":"es","@id":"https:\/\/www.lifenatura.com\/es\/produto\/zell-oxygen-enzymas-250-ml-dr-wolz\/#primaryimage","url":"https:\/\/www.lifenatura.com\/wp-content\/uploads\/2026\/03\/ZELL_OXYGEN_ENZYMAS.jpg","contentUrl":"https:\/\/www.lifenatura.com\/wp-content\/uploads\/2026\/03\/ZELL_OXYGEN_ENZYMAS.jpg","width":600,"height":600},{"@type":"BreadcrumbList","@id":"https:\/\/www.lifenatura.com\/es\/produto\/zell-oxygen-enzymas-250-ml-dr-wolz\/#breadcrumb","itemListElement":[{"@type":"ListItem","position":1,"name":"In\u00edcio","item":"https:\/\/www.lifenatura.com\/es\/"},{"@type":"ListItem","position":2,"name":"Todos los Productos","item":"https:\/\/www.lifenatura.com\/es\/tienda\/"},{"@type":"ListItem","position":3,"name":"Zell Oxygen Enzymas 250 ml &#8211; Dr. Wolz"}]},{"@type":"WebSite","@id":"https:\/\/www.lifenatura.com\/es\/#website","url":"https:\/\/www.lifenatura.com\/es\/","name":"Lifenatura","description":"A Lifenatura \u00e9 uma loja de produtos naturais, cosm\u00e9tica natural e alimenta\u00e7\u00e3o Biol\u00f3gica.","publisher":{"@id":"https:\/\/www.lifenatura.com\/es\/#organization"},"potentialAction":[{"@type":"SearchAction","target":{"@type":"EntryPoint","urlTemplate":"https:\/\/www.lifenatura.com\/es\/?s={search_term_string}"},"query-input":{"@type":"PropertyValueSpecification","valueRequired":true,"valueName":"search_term_string"}}],"inLanguage":"es"},{"@type":"Organization","@id":"https:\/\/www.lifenatura.com\/es\/#organization","name":"Lifenatura","url":"https:\/\/www.lifenatura.com\/es\/","logo":{"@type":"ImageObject","inLanguage":"es","@id":"https:\/\/www.lifenatura.com\/es\/#\/schema\/logo\/image\/","url":"https:\/\/www.lifenatura.com\/wp-content\/uploads\/2021\/07\/logo.png","contentUrl":"https:\/\/www.lifenatura.com\/wp-content\/uploads\/2021\/07\/logo.png","width":175,"height":55,"caption":"Lifenatura"},"image":{"@id":"https:\/\/www.lifenatura.com\/es\/#\/schema\/logo\/image\/"},"sameAs":["https:\/\/www.facebook.com\/lifenatura","https:\/\/www.instagram.com\/lifenaturapt\/"],"hasMerchantReturnPolicy":{"@type":"MerchantReturnPolicy","merchantReturnLink":"https:\/\/www.lifenatura.com\/termos-condicoes-lifenatura\/"}}]},"product_price_amount":"25.19","product_price_currency":"EUR","og_availability":"instock","product_availability":"instock","product_retailer_item_id":"4021901887077","product_condition":"new"},"df_price":25.19,"df_sale_price":25.19,"df_regular_price":38.76,"df_image_link":"https:\/\/www.lifenatura.com\/wp-content\/uploads\/2026\/03\/ZELL_OXYGEN_ENZYMAS-300x300.jpg","_links":{"self":[{"href":"https:\/\/www.lifenatura.com\/es\/wp-json\/wp\/v2\/product\/37200","targetHints":{"allow":["GET"]}}],"collection":[{"href":"https:\/\/www.lifenatura.com\/es\/wp-json\/wp\/v2\/product"}],"about":[{"href":"https:\/\/www.lifenatura.com\/es\/wp-json\/wp\/v2\/types\/product"}],"wp:featuredmedia":[{"embeddable":true,"href":"https:\/\/www.lifenatura.com\/es\/wp-json\/wp\/v2\/media\/130661"}],"wp:attachment":[{"href":"https:\/\/www.lifenatura.com\/es\/wp-json\/wp\/v2\/media?parent=37200"}],"wp:term":[{"taxonomy":"product_brand","embeddable":true,"href":"https:\/\/www.lifenatura.com\/es\/wp-json\/wp\/v2\/product_brand?post=37200"},{"taxonomy":"product_cat","embeddable":true,"href":"https:\/\/www.lifenatura.com\/es\/wp-json\/wp\/v2\/product_cat?post=37200"},{"taxonomy":"product_tag","embeddable":true,"href":"https:\/\/www.lifenatura.com\/es\/wp-json\/wp\/v2\/product_tag?post=37200"}],"curies":[{"name":"wp","href":"https:\/\/api.w.org\/{rel}","templated":true}]}}