{"id":37198,"date":"2021-09-30T09:44:17","date_gmt":"2021-09-30T09:44:17","guid":{"rendered":"https:\/\/lifenatura.dev.agenciagetdigital.com\/produto\/shampo-sal-mar-morto-250-ml-dr-sachers\/"},"modified":"2026-01-17T06:06:15","modified_gmt":"2026-01-17T06:06:15","slug":"shampo-sal-mar-morto-250-ml-dr-sachers","status":"publish","type":"product","link":"https:\/\/www.lifenatura.com\/es\/produto\/shampo-sal-mar-morto-250-ml-dr-sachers\/","title":{"rendered":"Champ\u00fa Sal Mar Morto 250 ml &#8211; Dr. Sachers"},"content":{"rendered":"<h2 style=\"text-align: left;\"><strong>Champ\u00fa Original con Sal del Mar Muerto<\/strong><\/h2>\n<p>&nbsp;<\/p>\n<p>Totes Meer Salz es un champ\u00fa de uso frecuente que combina minerales, sales, oligoelementos, aceite de espino amarillo, extracto de manzanilla y pantenol.<\/p>\n<p>Es un champ\u00fa con acci\u00f3n fortificante y remineralizante para el cabello y la epidermis del cuero cabelludo. Su combinaci\u00f3n de minerales, sales, oligoelementos, aceite de espino amarillo y extracto de manzanilla fortalece el cabello desde la ra\u00edz hasta las puntas.<\/p>\n<p>El cabello se revitaliza y recupera su brillo natural, y el cuero cabelludo queda protegido contra el prurito (picor o alergia).<\/p>\n<p>La sal del Mar Muerto, extremadamente rica en minerales, suaviza, hidrata y rejuvenece la piel del cuero cabelludo, pudiendo aliviar situaciones de psoriasis y eccema.<\/p>\n<p>Las propiedades de la sal del Mar Muerto se ven reforzadas por el aceite de espino amarillo, o Hippophae Rhamnoides, un arbusto espinoso cuyas bayas son ricas en omega 7, \u00fatil para el embellecimiento y que contribuye a la mejora y prevenci\u00f3n de afecciones cut\u00e1neas, como el eccema y la dermatitis at\u00f3pica, gracias a sus propiedades antiinflamatorias, antioxidantes y antirresecantes de la piel, mejorando el estado de hidrataci\u00f3n del cuero cabelludo.<\/p>\n<p>El aceite de espino amarillo tambi\u00e9n protege de las lesiones cut\u00e1neas provocadas por las radiaciones y acelera la cicatrizaci\u00f3n de las heridas.<\/p>\n<p><strong>PRESENTACI\u00d3N<\/strong><\/p>\n<p>250 ml<\/p>\n<p>&nbsp;<\/p>\n","protected":false},"excerpt":{"rendered":"<p>El Champu del mar muerto es de uso frecuente que combina minerales, sales, oligoelementos, aceite de espino marino, extracto de manzanilla y pantenol. [&#8230;]<\/p>\n<p><a class=\"btn btn-secondary understrap-read-more-link\" href=\"https:\/\/www.lifenatura.com\/es\/produto\/shampo-sal-mar-morto-250-ml-dr-sachers\/\">Leer m\u00e1s&#8230;<span class=\"screen-reader-text\"> from Champ\u00fa Sal Mar Morto 250 ml &#8211; Dr. Sachers<\/span><\/a><\/p>\n","protected":false},"featured_media":18804,"template":"","meta":{"_acf_changed":false},"product_brand":[8501],"product_cat":[7124,7130,7653],"product_tag":[],"class_list":{"0":"post-37198","1":"product","2":"type-product","3":"status-publish","4":"has-post-thumbnail","6":"product_brand-dr-sachers","7":"product_cat-cabello","8":"product_cat-champu-natural","9":"product_cat-cosmetica-natural-lifenatura","11":"first","12":"instock","13":"sale","14":"shipping-taxable","15":"purchasable","16":"product-type-simple","17":"add-to-wishlist-before_image"},"acf":[],"yoast_head":"<!-- This site is optimized with the Yoast SEO Premium plugin v27.1 (Yoast SEO v27.5) - https:\/\/yoast.com\/product\/yoast-seo-premium-wordpress\/ -->\n<title>Champ\u00fa Sal Mar Muerto Dr. Sachers - Lifenatura<\/title>\n<meta name=\"description\" content=\"El Champu del mar muerto es de uso frecuente que combina minerales, sales, oligoelementos, aceite de espino marino, extracto de manzanilla y pantenol.\" \/>\n<meta name=\"robots\" content=\"index, follow, max-snippet:-1, max-image-preview:large, max-video-preview:-1\" \/>\n<link rel=\"canonical\" href=\"https:\/\/www.lifenatura.com\/es\/produto\/shampo-sal-mar-morto-250-ml-dr-sachers\/\" \/>\n<meta property=\"og:locale\" content=\"es_ES\" \/>\n<meta property=\"og:type\" content=\"article\" \/>\n<meta property=\"og:title\" content=\"Champ\u00fa Sal Mar Morto 250 ml - Dr. Sachers - Na Lifenatura ao Melhor Pre\u00e7o | Envio 48h\" \/>\n<meta property=\"og:description\" content=\"Compre Champ\u00fa Sal Mar Morto 250 ml - Dr. Sachers com envio r\u00e1pido. Entrega em 48h e portes gr\u00e1tis em compras &gt;35\u20ac. Aproveite j\u00e1 na Lifenatura\" \/>\n<meta property=\"og:url\" content=\"https:\/\/www.lifenatura.com\/es\/produto\/shampo-sal-mar-morto-250-ml-dr-sachers\/\" \/>\n<meta property=\"og:site_name\" content=\"Lifenatura\" \/>\n<meta property=\"article:publisher\" content=\"https:\/\/www.facebook.com\/lifenatura\" \/>\n<meta property=\"article:modified_time\" content=\"2026-01-17T06:06:15+00:00\" \/>\n<meta property=\"og:image\" content=\"https:\/\/www.lifenatura.com\/wp-content\/uploads\/2021\/09\/gd_shampoo-sal-mar-morto-250-ml-dr-sachers.jpg\" \/>\n\t<meta property=\"og:image:width\" content=\"1000\" \/>\n\t<meta property=\"og:image:height\" content=\"1100\" \/>\n\t<meta property=\"og:image:type\" content=\"image\/jpeg\" \/>\n<meta name=\"twitter:card\" content=\"summary_large_image\" \/>\n<meta name=\"twitter:label1\" content=\"Precio\" \/>\n\t<meta name=\"twitter:data1\" content=\"5,07&nbsp;&euro;\" \/>\n\t<meta name=\"twitter:label2\" content=\"Disponibilidad\" \/>\n\t<meta name=\"twitter:data2\" content=\"Disponible\" \/>\n<script type=\"application\/ld+json\" class=\"yoast-schema-graph\">{\"@context\":\"https:\\\/\\\/schema.org\",\"@graph\":[{\"@type\":\"WebPage\",\"@id\":\"https:\\\/\\\/www.lifenatura.com\\\/es\\\/produto\\\/shampo-sal-mar-morto-250-ml-dr-sachers\\\/\",\"url\":\"https:\\\/\\\/www.lifenatura.com\\\/es\\\/produto\\\/shampo-sal-mar-morto-250-ml-dr-sachers\\\/\",\"name\":\"Champ\u00fa Sal Mar Muerto Dr. Sachers - Lifenatura\",\"isPartOf\":{\"@id\":\"https:\\\/\\\/www.lifenatura.com\\\/es\\\/#website\"},\"primaryImageOfPage\":{\"@id\":\"https:\\\/\\\/www.lifenatura.com\\\/es\\\/produto\\\/shampo-sal-mar-morto-250-ml-dr-sachers\\\/#primaryimage\"},\"image\":{\"@id\":\"https:\\\/\\\/www.lifenatura.com\\\/es\\\/produto\\\/shampo-sal-mar-morto-250-ml-dr-sachers\\\/#primaryimage\"},\"thumbnailUrl\":\"https:\\\/\\\/www.lifenatura.com\\\/wp-content\\\/uploads\\\/2021\\\/09\\\/gd_shampoo-sal-mar-morto-250-ml-dr-sachers.jpg\",\"datePublished\":\"2021-09-30T09:44:17+00:00\",\"dateModified\":\"2026-01-17T06:06:15+00:00\",\"description\":\"El Champu del mar muerto es de uso frecuente que combina minerales, sales, oligoelementos, aceite de espino marino, extracto de manzanilla y pantenol.\",\"breadcrumb\":{\"@id\":\"https:\\\/\\\/www.lifenatura.com\\\/es\\\/produto\\\/shampo-sal-mar-morto-250-ml-dr-sachers\\\/#breadcrumb\"},\"inLanguage\":\"es\",\"potentialAction\":[{\"@type\":\"ReadAction\",\"target\":[\"https:\\\/\\\/www.lifenatura.com\\\/es\\\/produto\\\/shampo-sal-mar-morto-250-ml-dr-sachers\\\/\"]}]},{\"@type\":\"ImageObject\",\"inLanguage\":\"es\",\"@id\":\"https:\\\/\\\/www.lifenatura.com\\\/es\\\/produto\\\/shampo-sal-mar-morto-250-ml-dr-sachers\\\/#primaryimage\",\"url\":\"https:\\\/\\\/www.lifenatura.com\\\/wp-content\\\/uploads\\\/2021\\\/09\\\/gd_shampoo-sal-mar-morto-250-ml-dr-sachers.jpg\",\"contentUrl\":\"https:\\\/\\\/www.lifenatura.com\\\/wp-content\\\/uploads\\\/2021\\\/09\\\/gd_shampoo-sal-mar-morto-250-ml-dr-sachers.jpg\",\"width\":1000,\"height\":1100,\"caption\":\"Shampo Sal Mar Morto 250 ml - Dr. Sacher\u00b4s\"},{\"@type\":\"BreadcrumbList\",\"@id\":\"https:\\\/\\\/www.lifenatura.com\\\/es\\\/produto\\\/shampo-sal-mar-morto-250-ml-dr-sachers\\\/#breadcrumb\",\"itemListElement\":[{\"@type\":\"ListItem\",\"position\":1,\"name\":\"In\u00edcio\",\"item\":\"https:\\\/\\\/www.lifenatura.com\\\/es\\\/\"},{\"@type\":\"ListItem\",\"position\":2,\"name\":\"Todos los Productos\",\"item\":\"https:\\\/\\\/www.lifenatura.com\\\/es\\\/tienda\\\/\"},{\"@type\":\"ListItem\",\"position\":3,\"name\":\"Champ\u00fa Sal Mar Morto 250 ml &#8211; Dr. Sachers\"}]},{\"@type\":\"WebSite\",\"@id\":\"https:\\\/\\\/www.lifenatura.com\\\/es\\\/#website\",\"url\":\"https:\\\/\\\/www.lifenatura.com\\\/es\\\/\",\"name\":\"Lifenatura\",\"description\":\"A Lifenatura \u00e9 uma loja de produtos naturais, cosm\u00e9tica natural e alimenta\u00e7\u00e3o Biol\u00f3gica.\",\"publisher\":{\"@id\":\"https:\\\/\\\/www.lifenatura.com\\\/es\\\/#organization\"},\"potentialAction\":[{\"@type\":\"SearchAction\",\"target\":{\"@type\":\"EntryPoint\",\"urlTemplate\":\"https:\\\/\\\/www.lifenatura.com\\\/es\\\/?s={search_term_string}\"},\"query-input\":{\"@type\":\"PropertyValueSpecification\",\"valueRequired\":true,\"valueName\":\"search_term_string\"}}],\"inLanguage\":\"es\"},{\"@type\":\"Organization\",\"@id\":\"https:\\\/\\\/www.lifenatura.com\\\/es\\\/#organization\",\"name\":\"Lifenatura\",\"url\":\"https:\\\/\\\/www.lifenatura.com\\\/es\\\/\",\"logo\":{\"@type\":\"ImageObject\",\"inLanguage\":\"es\",\"@id\":\"https:\\\/\\\/www.lifenatura.com\\\/es\\\/#\\\/schema\\\/logo\\\/image\\\/\",\"url\":\"https:\\\/\\\/www.lifenatura.com\\\/wp-content\\\/uploads\\\/2021\\\/07\\\/logo.png\",\"contentUrl\":\"https:\\\/\\\/www.lifenatura.com\\\/wp-content\\\/uploads\\\/2021\\\/07\\\/logo.png\",\"width\":175,\"height\":55,\"caption\":\"Lifenatura\"},\"image\":{\"@id\":\"https:\\\/\\\/www.lifenatura.com\\\/es\\\/#\\\/schema\\\/logo\\\/image\\\/\"},\"sameAs\":[\"https:\\\/\\\/www.facebook.com\\\/lifenatura\",\"https:\\\/\\\/www.instagram.com\\\/lifenaturapt\\\/\"],\"hasMerchantReturnPolicy\":{\"@type\":\"MerchantReturnPolicy\",\"merchantReturnLink\":\"https:\\\/\\\/www.lifenatura.com\\\/termos-condicoes-lifenatura\\\/\"}}]}<\/script>\n<meta property=\"product:price:amount\" content=\"5.07\" \/>\n<meta property=\"product:price:currency\" content=\"EUR\" \/>\n<meta property=\"og:availability\" content=\"instock\" \/>\n<meta property=\"product:availability\" content=\"instock\" \/>\n<meta property=\"product:retailer_item_id\" content=\"4030348198615\" \/>\n<meta property=\"product:condition\" content=\"new\" \/>\n<!-- \/ Yoast SEO Premium plugin. -->","yoast_head_json":{"title":"Champ\u00fa Sal Mar Muerto Dr. Sachers - Lifenatura","description":"El Champu del mar muerto es de uso frecuente que combina minerales, sales, oligoelementos, aceite de espino marino, extracto de manzanilla y pantenol.","robots":{"index":"index","follow":"follow","max-snippet":"max-snippet:-1","max-image-preview":"max-image-preview:large","max-video-preview":"max-video-preview:-1"},"canonical":"https:\/\/www.lifenatura.com\/es\/produto\/shampo-sal-mar-morto-250-ml-dr-sachers\/","og_locale":"es_ES","og_type":"article","og_title":"Champ\u00fa Sal Mar Morto 250 ml - Dr. Sachers - Na Lifenatura ao Melhor Pre\u00e7o | Envio 48h","og_description":"Compre Champ\u00fa Sal Mar Morto 250 ml - Dr. Sachers com envio r\u00e1pido. Entrega em 48h e portes gr\u00e1tis em compras >35\u20ac. Aproveite j\u00e1 na Lifenatura","og_url":"https:\/\/www.lifenatura.com\/es\/produto\/shampo-sal-mar-morto-250-ml-dr-sachers\/","og_site_name":"Lifenatura","article_publisher":"https:\/\/www.facebook.com\/lifenatura","article_modified_time":"2026-01-17T06:06:15+00:00","og_image":[{"width":1000,"height":1100,"url":"https:\/\/www.lifenatura.com\/wp-content\/uploads\/2021\/09\/gd_shampoo-sal-mar-morto-250-ml-dr-sachers.jpg","type":"image\/jpeg"}],"twitter_card":"summary_large_image","twitter_misc":{"Precio":"5,07&nbsp;&euro;","Disponibilidad":"Disponible"},"schema":{"@context":"https:\/\/schema.org","@graph":[{"@type":"WebPage","@id":"https:\/\/www.lifenatura.com\/es\/produto\/shampo-sal-mar-morto-250-ml-dr-sachers\/","url":"https:\/\/www.lifenatura.com\/es\/produto\/shampo-sal-mar-morto-250-ml-dr-sachers\/","name":"Champ\u00fa Sal Mar Muerto Dr. Sachers - Lifenatura","isPartOf":{"@id":"https:\/\/www.lifenatura.com\/es\/#website"},"primaryImageOfPage":{"@id":"https:\/\/www.lifenatura.com\/es\/produto\/shampo-sal-mar-morto-250-ml-dr-sachers\/#primaryimage"},"image":{"@id":"https:\/\/www.lifenatura.com\/es\/produto\/shampo-sal-mar-morto-250-ml-dr-sachers\/#primaryimage"},"thumbnailUrl":"https:\/\/www.lifenatura.com\/wp-content\/uploads\/2021\/09\/gd_shampoo-sal-mar-morto-250-ml-dr-sachers.jpg","datePublished":"2021-09-30T09:44:17+00:00","dateModified":"2026-01-17T06:06:15+00:00","description":"El Champu del mar muerto es de uso frecuente que combina minerales, sales, oligoelementos, aceite de espino marino, extracto de manzanilla y pantenol.","breadcrumb":{"@id":"https:\/\/www.lifenatura.com\/es\/produto\/shampo-sal-mar-morto-250-ml-dr-sachers\/#breadcrumb"},"inLanguage":"es","potentialAction":[{"@type":"ReadAction","target":["https:\/\/www.lifenatura.com\/es\/produto\/shampo-sal-mar-morto-250-ml-dr-sachers\/"]}]},{"@type":"ImageObject","inLanguage":"es","@id":"https:\/\/www.lifenatura.com\/es\/produto\/shampo-sal-mar-morto-250-ml-dr-sachers\/#primaryimage","url":"https:\/\/www.lifenatura.com\/wp-content\/uploads\/2021\/09\/gd_shampoo-sal-mar-morto-250-ml-dr-sachers.jpg","contentUrl":"https:\/\/www.lifenatura.com\/wp-content\/uploads\/2021\/09\/gd_shampoo-sal-mar-morto-250-ml-dr-sachers.jpg","width":1000,"height":1100,"caption":"Shampo Sal Mar Morto 250 ml - Dr. Sacher\u00b4s"},{"@type":"BreadcrumbList","@id":"https:\/\/www.lifenatura.com\/es\/produto\/shampo-sal-mar-morto-250-ml-dr-sachers\/#breadcrumb","itemListElement":[{"@type":"ListItem","position":1,"name":"In\u00edcio","item":"https:\/\/www.lifenatura.com\/es\/"},{"@type":"ListItem","position":2,"name":"Todos los Productos","item":"https:\/\/www.lifenatura.com\/es\/tienda\/"},{"@type":"ListItem","position":3,"name":"Champ\u00fa Sal Mar Morto 250 ml &#8211; Dr. Sachers"}]},{"@type":"WebSite","@id":"https:\/\/www.lifenatura.com\/es\/#website","url":"https:\/\/www.lifenatura.com\/es\/","name":"Lifenatura","description":"A Lifenatura \u00e9 uma loja de produtos naturais, cosm\u00e9tica natural e alimenta\u00e7\u00e3o Biol\u00f3gica.","publisher":{"@id":"https:\/\/www.lifenatura.com\/es\/#organization"},"potentialAction":[{"@type":"SearchAction","target":{"@type":"EntryPoint","urlTemplate":"https:\/\/www.lifenatura.com\/es\/?s={search_term_string}"},"query-input":{"@type":"PropertyValueSpecification","valueRequired":true,"valueName":"search_term_string"}}],"inLanguage":"es"},{"@type":"Organization","@id":"https:\/\/www.lifenatura.com\/es\/#organization","name":"Lifenatura","url":"https:\/\/www.lifenatura.com\/es\/","logo":{"@type":"ImageObject","inLanguage":"es","@id":"https:\/\/www.lifenatura.com\/es\/#\/schema\/logo\/image\/","url":"https:\/\/www.lifenatura.com\/wp-content\/uploads\/2021\/07\/logo.png","contentUrl":"https:\/\/www.lifenatura.com\/wp-content\/uploads\/2021\/07\/logo.png","width":175,"height":55,"caption":"Lifenatura"},"image":{"@id":"https:\/\/www.lifenatura.com\/es\/#\/schema\/logo\/image\/"},"sameAs":["https:\/\/www.facebook.com\/lifenatura","https:\/\/www.instagram.com\/lifenaturapt\/"],"hasMerchantReturnPolicy":{"@type":"MerchantReturnPolicy","merchantReturnLink":"https:\/\/www.lifenatura.com\/termos-condicoes-lifenatura\/"}}]},"product_price_amount":"5.07","product_price_currency":"EUR","og_availability":"instock","product_availability":"instock","product_retailer_item_id":"4030348198615","product_condition":"new"},"df_price":5.07,"df_sale_price":5.07,"df_regular_price":5.64,"df_image_link":"https:\/\/www.lifenatura.com\/wp-content\/uploads\/2021\/09\/gd_shampoo-sal-mar-morto-250-ml-dr-sachers-273x300.jpg","_links":{"self":[{"href":"https:\/\/www.lifenatura.com\/es\/wp-json\/wp\/v2\/product\/37198","targetHints":{"allow":["GET"]}}],"collection":[{"href":"https:\/\/www.lifenatura.com\/es\/wp-json\/wp\/v2\/product"}],"about":[{"href":"https:\/\/www.lifenatura.com\/es\/wp-json\/wp\/v2\/types\/product"}],"wp:featuredmedia":[{"embeddable":true,"href":"https:\/\/www.lifenatura.com\/es\/wp-json\/wp\/v2\/media\/18804"}],"wp:attachment":[{"href":"https:\/\/www.lifenatura.com\/es\/wp-json\/wp\/v2\/media?parent=37198"}],"wp:term":[{"taxonomy":"product_brand","embeddable":true,"href":"https:\/\/www.lifenatura.com\/es\/wp-json\/wp\/v2\/product_brand?post=37198"},{"taxonomy":"product_cat","embeddable":true,"href":"https:\/\/www.lifenatura.com\/es\/wp-json\/wp\/v2\/product_cat?post=37198"},{"taxonomy":"product_tag","embeddable":true,"href":"https:\/\/www.lifenatura.com\/es\/wp-json\/wp\/v2\/product_tag?post=37198"}],"curies":[{"name":"wp","href":"https:\/\/api.w.org\/{rel}","templated":true}]}}