{"id":37189,"date":"2021-09-30T09:44:17","date_gmt":"2021-09-30T09:44:17","guid":{"rendered":"https:\/\/lifenatura.dev.agenciagetdigital.com\/produto\/arnica-fussbad-250-ml-dr-sachers\/"},"modified":"2026-01-16T14:40:54","modified_gmt":"2026-01-16T14:40:54","slug":"arnica-fussbad-250-ml-dr-sachers","status":"publish","type":"product","link":"https:\/\/www.lifenatura.com\/es\/produto\/arnica-fussbad-250-ml-dr-sachers\/","title":{"rendered":"Gel de ba\u00f1o de los pies con Arnica 250 ml &#8211; Dr. Sachers"},"content":{"rendered":"<h2 style=\"text-align: left;\"><strong>Gel de ba\u00f1o con \u00e1rnica para los pies<\/strong><\/h2>\n<p>&nbsp;<\/p>\n<p>Arnika Fussbad es un gel de ba\u00f1o para la higiene de los pies que combina extracto de hojas de \u00e1rnica y mentol.<\/p>\n<p>Arnika Fussbad es un gel para la higiene de los pies que elimina el mal olor y la sudoraci\u00f3n excesiva de los pies. Estimula y refresca las piernas y los pies cansados o doloridos. Su combinaci\u00f3n de mentol y extracto de \u00e1rnica proporciona una sensaci\u00f3n de alivio inmediato y favorece la elasticidad cut\u00e1nea de los pies y las piernas.<\/p>\n<p>El \u00e1rnica mejora la circulaci\u00f3n, reduce los edemas y relaja los m\u00fasculos, activando la recuperaci\u00f3n postraum\u00e1tica resultante de la actividad diaria o tras la pr\u00e1ctica deportiva.<\/p>\n<p>Acelera la reabsorci\u00f3n de hematomas. Evita la formaci\u00f3n de lesiones en los pies, en el caso de pacientes diab\u00e9ticos.<\/p>\n<p>Despu\u00e9s de una cirug\u00eda, tiene acci\u00f3n analg\u00e9sica, antiedematosa y cicatrizante.<\/p>\n<p><strong>PRESENTACI\u00d3N<\/strong><\/p>\n<p>250 ml<\/p>\n<p>&nbsp;<\/p>\n","protected":false},"excerpt":{"rendered":"<p>Gel de ba\u00f1o para la higiene de los pies que combina extracto de hojas de \u00e1rnica y mentol, elimina el mal olor y la transpiraci\u00f3n excesiva. [&#8230;]<\/p>\n<p><a class=\"btn btn-secondary understrap-read-more-link\" href=\"https:\/\/www.lifenatura.com\/es\/produto\/arnica-fussbad-250-ml-dr-sachers\/\">Leer m\u00e1s&#8230;<span class=\"screen-reader-text\"> from Gel de ba\u00f1o de los pies con Arnica 250 ml &#8211; Dr. Sachers<\/span><\/a><\/p>\n","protected":false},"featured_media":18795,"template":"","meta":{"_acf_changed":false},"product_brand":[8501],"product_cat":[7671,7653,7102,7109,7659],"product_tag":[],"class_list":{"0":"post-37189","1":"product","2":"type-product","3":"status-publish","4":"has-post-thumbnail","6":"product_brand-dr-sachers","7":"product_cat-arnica-bio","8":"product_cat-cosmetica-natural-lifenatura","9":"product_cat-cuidado-del-cuerpo","10":"product_cat-gel-de-bano","11":"product_cat-ingrediente-natural-bio","13":"first","14":"instock","15":"shipping-taxable","16":"purchasable","17":"product-type-simple","18":"add-to-wishlist-before_image"},"acf":[],"yoast_head":"<!-- This site is optimized with the Yoast SEO Premium plugin v27.1 (Yoast SEO v27.4) - https:\/\/yoast.com\/product\/yoast-seo-premium-wordpress\/ -->\n<title>Gel de ba\u00f1o de los pies con Arnica Dr. Sachers - Lifenatura<\/title>\n<meta name=\"description\" content=\"Gel de ba\u00f1o para la higiene de los pies que combina extracto de hojas de \u00e1rnica y mentol, elimina el mal olor y la transpiraci\u00f3n excesiva.\" \/>\n<meta name=\"robots\" content=\"index, follow, max-snippet:-1, max-image-preview:large, max-video-preview:-1\" \/>\n<link rel=\"canonical\" href=\"https:\/\/www.lifenatura.com\/es\/produto\/arnica-fussbad-250-ml-dr-sachers\/\" \/>\n<meta property=\"og:locale\" content=\"es_ES\" \/>\n<meta property=\"og:type\" content=\"article\" \/>\n<meta property=\"og:title\" content=\"Gel de ba\u00f1o de los pies con Arnica 250 ml - Dr. Sachers - Lifenatura\" \/>\n<meta property=\"og:description\" content=\"Compre aqui o seu Gel de ba\u00f1o de los pies con Arnica 250 ml - Dr. Sachers e a Lifenatura Online envia em 48 H com Portes Gratis &gt;35\u20ac de Pedido.\" \/>\n<meta property=\"og:url\" content=\"https:\/\/www.lifenatura.com\/es\/produto\/arnica-fussbad-250-ml-dr-sachers\/\" \/>\n<meta property=\"og:site_name\" content=\"Lifenatura\" \/>\n<meta property=\"article:publisher\" content=\"https:\/\/www.facebook.com\/lifenatura\" \/>\n<meta property=\"article:modified_time\" content=\"2026-01-16T14:40:54+00:00\" \/>\n<meta property=\"og:image\" content=\"https:\/\/www.lifenatura.com\/wp-content\/uploads\/2021\/09\/gd_arnika-fussbad-250-ml-dr-sachers.jpg\" \/>\n\t<meta property=\"og:image:width\" content=\"1000\" \/>\n\t<meta property=\"og:image:height\" content=\"1000\" \/>\n\t<meta property=\"og:image:type\" content=\"image\/jpeg\" \/>\n<meta name=\"twitter:card\" content=\"summary_large_image\" \/>\n<meta name=\"twitter:label1\" content=\"Precio\" \/>\n\t<meta name=\"twitter:data1\" content=\"6,73&nbsp;&euro;\" \/>\n\t<meta name=\"twitter:label2\" content=\"Disponibilidad\" \/>\n\t<meta name=\"twitter:data2\" content=\"Disponible\" \/>\n<meta property=\"product:price:amount\" content=\"6.73\" \/>\n<meta property=\"product:price:currency\" content=\"EUR\" \/>\n<meta property=\"og:availability\" content=\"instock\" \/>\n<meta property=\"product:availability\" content=\"instock\" \/>\n<meta property=\"product:retailer_item_id\" content=\"4030348203111\" \/>\n<meta property=\"product:condition\" content=\"new\" \/>\n<!-- \/ Yoast SEO Premium plugin. -->","yoast_head_json":{"title":"Gel de ba\u00f1o de los pies con Arnica Dr. Sachers - Lifenatura","description":"Gel de ba\u00f1o para la higiene de los pies que combina extracto de hojas de \u00e1rnica y mentol, elimina el mal olor y la transpiraci\u00f3n excesiva.","robots":{"index":"index","follow":"follow","max-snippet":"max-snippet:-1","max-image-preview":"max-image-preview:large","max-video-preview":"max-video-preview:-1"},"canonical":"https:\/\/www.lifenatura.com\/es\/produto\/arnica-fussbad-250-ml-dr-sachers\/","og_locale":"es_ES","og_type":"article","og_title":"Gel de ba\u00f1o de los pies con Arnica 250 ml - Dr. Sachers - Lifenatura","og_description":"Compre aqui o seu Gel de ba\u00f1o de los pies con Arnica 250 ml - Dr. Sachers e a Lifenatura Online envia em 48 H com Portes Gratis >35\u20ac de Pedido.","og_url":"https:\/\/www.lifenatura.com\/es\/produto\/arnica-fussbad-250-ml-dr-sachers\/","og_site_name":"Lifenatura","article_publisher":"https:\/\/www.facebook.com\/lifenatura","article_modified_time":"2026-01-16T14:40:54+00:00","og_image":[{"width":1000,"height":1000,"url":"https:\/\/www.lifenatura.com\/wp-content\/uploads\/2021\/09\/gd_arnika-fussbad-250-ml-dr-sachers.jpg","type":"image\/jpeg"}],"twitter_card":"summary_large_image","twitter_misc":{"Precio":"6,73&nbsp;&euro;","Disponibilidad":"Disponible"},"schema":{"@context":"https:\/\/schema.org","@graph":[{"@type":"WebPage","@id":"https:\/\/www.lifenatura.com\/es\/produto\/arnica-fussbad-250-ml-dr-sachers\/","url":"https:\/\/www.lifenatura.com\/es\/produto\/arnica-fussbad-250-ml-dr-sachers\/","name":"Gel de ba\u00f1o de los pies con Arnica Dr. Sachers - Lifenatura","isPartOf":{"@id":"https:\/\/www.lifenatura.com\/#website"},"primaryImageOfPage":{"@id":"https:\/\/www.lifenatura.com\/es\/produto\/arnica-fussbad-250-ml-dr-sachers\/#primaryimage"},"image":{"@id":"https:\/\/www.lifenatura.com\/es\/produto\/arnica-fussbad-250-ml-dr-sachers\/#primaryimage"},"thumbnailUrl":"https:\/\/www.lifenatura.com\/wp-content\/uploads\/2021\/09\/gd_arnika-fussbad-250-ml-dr-sachers.jpg","datePublished":"2021-09-30T09:44:17+00:00","dateModified":"2026-01-16T14:40:54+00:00","description":"Gel de ba\u00f1o para la higiene de los pies que combina extracto de hojas de \u00e1rnica y mentol, elimina el mal olor y la transpiraci\u00f3n excesiva.","breadcrumb":{"@id":"https:\/\/www.lifenatura.com\/es\/produto\/arnica-fussbad-250-ml-dr-sachers\/#breadcrumb"},"inLanguage":"es","potentialAction":[{"@type":"ReadAction","target":["https:\/\/www.lifenatura.com\/es\/produto\/arnica-fussbad-250-ml-dr-sachers\/"]}]},{"@type":"ImageObject","inLanguage":"es","@id":"https:\/\/www.lifenatura.com\/es\/produto\/arnica-fussbad-250-ml-dr-sachers\/#primaryimage","url":"https:\/\/www.lifenatura.com\/wp-content\/uploads\/2021\/09\/gd_arnika-fussbad-250-ml-dr-sachers.jpg","contentUrl":"https:\/\/www.lifenatura.com\/wp-content\/uploads\/2021\/09\/gd_arnika-fussbad-250-ml-dr-sachers.jpg","width":1000,"height":1000,"caption":"Arnica Fussbad 250 ml - Dr. Sacher\u00b4s"},{"@type":"BreadcrumbList","@id":"https:\/\/www.lifenatura.com\/es\/produto\/arnica-fussbad-250-ml-dr-sachers\/#breadcrumb","itemListElement":[{"@type":"ListItem","position":1,"name":"In\u00edcio","item":"https:\/\/www.lifenatura.com\/es\/"},{"@type":"ListItem","position":2,"name":"Todos los Productos","item":"https:\/\/www.lifenatura.com\/es\/tienda\/"},{"@type":"ListItem","position":3,"name":"Gel de ba\u00f1o de los pies con Arnica 250 ml &#8211; Dr. Sachers"}]},{"@type":"WebSite","@id":"https:\/\/www.lifenatura.com\/#website","url":"https:\/\/www.lifenatura.com\/","name":"Lifenatura","description":"A Lifenatura \u00e9 uma loja de produtos naturais, cosm\u00e9tica natural e alimenta\u00e7\u00e3o Biol\u00f3gica.","publisher":{"@id":"https:\/\/www.lifenatura.com\/#organization"},"potentialAction":[{"@type":"SearchAction","target":{"@type":"EntryPoint","urlTemplate":"https:\/\/www.lifenatura.com\/?s={search_term_string}"},"query-input":{"@type":"PropertyValueSpecification","valueRequired":true,"valueName":"search_term_string"}}],"inLanguage":"es"},{"@type":"Organization","@id":"https:\/\/www.lifenatura.com\/#organization","name":"Lifenatura","url":"https:\/\/www.lifenatura.com\/","logo":{"@type":"ImageObject","inLanguage":"es","@id":"https:\/\/www.lifenatura.com\/#\/schema\/logo\/image\/","url":"https:\/\/www.lifenatura.com\/wp-content\/uploads\/2021\/11\/logo.png","contentUrl":"https:\/\/www.lifenatura.com\/wp-content\/uploads\/2021\/11\/logo.png","width":175,"height":55,"caption":"Lifenatura"},"image":{"@id":"https:\/\/www.lifenatura.com\/#\/schema\/logo\/image\/"},"sameAs":["https:\/\/www.facebook.com\/lifenatura","https:\/\/www.instagram.com\/lifenaturapt\/"]}]},"product_price_amount":"6.73","product_price_currency":"EUR","og_availability":"instock","product_availability":"instock","product_retailer_item_id":"4030348203111","product_condition":"new"},"df_price":6.73,"df_sale_price":"","df_regular_price":6.73,"df_image_link":"https:\/\/www.lifenatura.com\/wp-content\/uploads\/2021\/09\/gd_arnika-fussbad-250-ml-dr-sachers-300x300.jpg","_links":{"self":[{"href":"https:\/\/www.lifenatura.com\/es\/wp-json\/wp\/v2\/product\/37189","targetHints":{"allow":["GET"]}}],"collection":[{"href":"https:\/\/www.lifenatura.com\/es\/wp-json\/wp\/v2\/product"}],"about":[{"href":"https:\/\/www.lifenatura.com\/es\/wp-json\/wp\/v2\/types\/product"}],"wp:featuredmedia":[{"embeddable":true,"href":"https:\/\/www.lifenatura.com\/es\/wp-json\/wp\/v2\/media\/18795"}],"wp:attachment":[{"href":"https:\/\/www.lifenatura.com\/es\/wp-json\/wp\/v2\/media?parent=37189"}],"wp:term":[{"taxonomy":"product_brand","embeddable":true,"href":"https:\/\/www.lifenatura.com\/es\/wp-json\/wp\/v2\/product_brand?post=37189"},{"taxonomy":"product_cat","embeddable":true,"href":"https:\/\/www.lifenatura.com\/es\/wp-json\/wp\/v2\/product_cat?post=37189"},{"taxonomy":"product_tag","embeddable":true,"href":"https:\/\/www.lifenatura.com\/es\/wp-json\/wp\/v2\/product_tag?post=37189"}],"curies":[{"name":"wp","href":"https:\/\/api.w.org\/{rel}","templated":true}]}}