{"id":37162,"date":"2021-09-30T09:43:57","date_gmt":"2021-09-30T09:43:57","guid":{"rendered":"https:\/\/lifenatura.dev.agenciagetdigital.com\/produto\/v-c-15-forte-neo-24-x-10-ml-ampollas-dr-reckeweg\/"},"modified":"2025-02-02T00:01:16","modified_gmt":"2025-02-02T00:01:16","slug":"v-c-15-forte-neo-24-x-10-ml-ampollas-dr-reckeweg","status":"publish","type":"product","link":"https:\/\/www.lifenatura.com\/es\/produto\/v-c-15-forte-neo-24-x-10-ml-ampollas-dr-reckeweg\/","title":{"rendered":"V-C 15 Forte Neo 24 x 10 ml ampollas &#8211; Dr. Reckeweg"},"content":{"rendered":"<h2 style=\"text-align: left;\"><strong>V-C 15 Forte &#8211; Ampollas Homeop\u00e1ticas<\/strong><\/h2>\n<p>&nbsp;<\/p>\n<p>V-C 15 Forte Neo Ampollas es un complemento alimenticio para casos de agotamiento, agotamiento nervioso, estados depresivos, efectos del estr\u00e9s diario, remineralizante, anemia, anorexia, estados de convalecencia &#8211; especialmente tras s\u00edndromes febriles o postoperatorios, revigorizante general (aumenta la capacidad de trabajo y concentraci\u00f3n) y alteraciones de la libido y\/o impotencia.<\/p>\n<p>V-C 15 Forte Neo del Dr. Reckeweg es un suplemento en ampollas, formulado para dar al organismo un impulso de vitalidad. Enriquecido con vitamina C, complejo B y otros nutrientes esenciales, este producto ayuda a combatir el cansancio y la fatiga, mejorando el bienestar general y reforzando las defensas naturales del organismo.<\/p>\n<p>Su f\u00f3rmula concentrada en ampollas se absorbe f\u00e1cilmente, por lo que es ideal para quienes buscan un complemento pr\u00e1ctico y eficaz para el d\u00eda a d\u00eda.<\/p>\n<p><strong>Principales beneficios:<\/strong><\/p>\n<ul>\n<li><strong>Combate el cansancio y la fatiga:<\/strong> Gracias a su alta concentraci\u00f3n en Vitamina C y complejo B, ayuda a reducir los niveles de cansancio, favoreciendo una mayor energ\u00eda.<\/li>\n<li><strong>Refuerza las defensas naturales:<\/strong> Ayuda a fortalecer el sistema inmunol\u00f3gico, ayudando a prevenir resfriados y gripes.<\/li>\n<li><strong>Acci\u00f3n revitalizante:<\/strong> Ofrece un impulso a la vitalidad y el estado de \u00e1nimo, especialmente en momentos de mayor estr\u00e9s o agotamiento f\u00edsico y mental.<\/li>\n<li><strong>F\u00e1cil absorci\u00f3n:<\/strong> Presentado en ampollas, facilita la administraci\u00f3n y permite una r\u00e1pida absorci\u00f3n de los nutrientes.<\/li>\n<li><strong>Apoyo nutricional completo:<\/strong> Incluye vitaminas y nutrientes esenciales para mantener el bienestar y el equilibrio general del organismo.<\/li>\n<\/ul>\n<p><strong>Indicado para:<\/strong><\/p>\n<ul>\n<li><strong>Personas con Fatiga o Agotamiento:<\/strong> Ideal para quienes se enfrentan a un cansancio excesivo, ya sea por razones f\u00edsicas o mentales.<\/li>\n<li><strong>Refuerzo inmunitario:<\/strong> Adecuado para quienes desean reforzar las defensas del organismo, especialmente en per\u00edodos de mayor vulnerabilidad.<\/li>\n<li><strong>Personas con altas demandas nutricionales:<\/strong> Adecuado para personas en fase de recuperaci\u00f3n o que necesitan un suplemento vitam\u00ednico extra.<\/li>\n<li><strong>Estilo de Vida Activo:<\/strong> Perfecto para quienes necesitan m\u00e1s energ\u00eda y vitalidad para su ajetreado d\u00eda a d\u00eda.<\/li>\n<\/ul>\n<p><strong>PRESENTACI\u00d3N<\/strong><\/p>\n<p>Caja de 24 ampollas bebibles de 10 ml.<\/p>\n<p>&nbsp;<\/p>\n","protected":false},"excerpt":{"rendered":"<p>V-C 15 Forte para casos de agotamiento, agotamiento nervioso, estados depresivos, efectos del estr\u00e9s diario, remineralizaci\u00f3n, anemia, anorexia. [&#8230;]<\/p>\n<p><a class=\"btn btn-secondary understrap-read-more-link\" href=\"https:\/\/www.lifenatura.com\/es\/produto\/v-c-15-forte-neo-24-x-10-ml-ampollas-dr-reckeweg\/\">Leer m\u00e1s&#8230;<span class=\"screen-reader-text\"> from V-C 15 Forte Neo 24 x 10 ml ampollas &#8211; Dr. Reckeweg<\/span><\/a><\/p>\n","protected":false},"featured_media":47830,"template":"","meta":{"_acf_changed":false},"product_brand":[8503],"product_cat":[7196,7263,7179,7273],"product_tag":[],"class_list":{"0":"post-37162","1":"product","2":"type-product","3":"status-publish","4":"has-post-thumbnail","6":"product_brand-dr-reckeweg","7":"product_cat-homeopatia-salud","8":"product_cat-packs-de-salud","9":"product_cat-salud","10":"product_cat-top-10-ventas","11":"pa_caracteristicas-ampollas-bebibles","13":"first","14":"instock","15":"sale","16":"shipping-taxable","17":"purchasable","18":"product-type-simple","19":"add-to-wishlist-before_image"},"acf":[],"yoast_head":"<!-- This site is optimized with the Yoast SEO Premium plugin v27.1 (Yoast SEO v27.6) - https:\/\/yoast.com\/product\/yoast-seo-premium-wordpress\/ -->\n<title>V-C 15 Forte Neo 24 x 10 ml ampollas - Dr. Reckeweg - Na Lifenatura ao Melhor Pre\u00e7o | Envio em 48h<\/title>\n<meta name=\"description\" content=\"V-C 15 Forte para casos de agotamiento, agotamiento nervioso, estados depresivos, efectos del estr\u00e9s diario, remineralizaci\u00f3n, anemia, anorexia.\" \/>\n<meta name=\"robots\" content=\"index, follow, max-snippet:-1, max-image-preview:large, max-video-preview:-1\" \/>\n<link rel=\"canonical\" href=\"https:\/\/www.lifenatura.com\/es\/produto\/v-c-15-forte-neo-24-x-10-ml-ampollas-dr-reckeweg\/\" \/>\n<meta property=\"og:locale\" content=\"es_ES\" \/>\n<meta property=\"og:type\" content=\"article\" \/>\n<meta property=\"og:title\" content=\"V-C 15 Forte Neo 24 x 10 ml ampollas - Dr. Reckeweg - Na Lifenatura ao Melhor Pre\u00e7o | Envio 48h\" \/>\n<meta property=\"og:description\" content=\"Compre V-C 15 Forte Neo 24 x 10 ml ampollas - Dr. Reckeweg com envio r\u00e1pido. Entrega em 48h e portes gr\u00e1tis em compras &gt;35\u20ac. Aproveite j\u00e1 na Lifenatura\" \/>\n<meta property=\"og:url\" content=\"https:\/\/www.lifenatura.com\/es\/produto\/v-c-15-forte-neo-24-x-10-ml-ampollas-dr-reckeweg\/\" \/>\n<meta property=\"og:site_name\" content=\"Lifenatura\" \/>\n<meta property=\"article:publisher\" content=\"https:\/\/www.facebook.com\/lifenatura\" \/>\n<meta property=\"article:modified_time\" content=\"2025-02-02T00:01:16+00:00\" \/>\n<meta property=\"og:image\" content=\"https:\/\/www.lifenatura.com\/wp-content\/uploads\/2021\/09\/Dr-reckeweg-vc15-forte-neo.jpg\" \/>\n\t<meta property=\"og:image:width\" content=\"1000\" \/>\n\t<meta property=\"og:image:height\" content=\"1000\" \/>\n\t<meta property=\"og:image:type\" content=\"image\/jpeg\" \/>\n<meta name=\"twitter:card\" content=\"summary_large_image\" \/>\n<meta name=\"twitter:label1\" content=\"Precio\" \/>\n\t<meta name=\"twitter:data1\" content=\"47,42&nbsp;&euro;\" \/>\n\t<meta name=\"twitter:label2\" content=\"Disponibilidad\" \/>\n\t<meta name=\"twitter:data2\" content=\"Disponible\" \/>\n<script type=\"application\/ld+json\" class=\"yoast-schema-graph\">{\"@context\":\"https:\\\/\\\/schema.org\",\"@graph\":[{\"@type\":\"WebPage\",\"@id\":\"https:\\\/\\\/www.lifenatura.com\\\/es\\\/produto\\\/v-c-15-forte-neo-24-x-10-ml-ampollas-dr-reckeweg\\\/\",\"url\":\"https:\\\/\\\/www.lifenatura.com\\\/es\\\/produto\\\/v-c-15-forte-neo-24-x-10-ml-ampollas-dr-reckeweg\\\/\",\"name\":\"V-C 15 Forte Neo 24 x 10 ml ampollas - Dr. Reckeweg - Na Lifenatura ao Melhor Pre\u00e7o | Envio em 48h\",\"isPartOf\":{\"@id\":\"https:\\\/\\\/www.lifenatura.com\\\/es\\\/#website\"},\"primaryImageOfPage\":{\"@id\":\"https:\\\/\\\/www.lifenatura.com\\\/es\\\/produto\\\/v-c-15-forte-neo-24-x-10-ml-ampollas-dr-reckeweg\\\/#primaryimage\"},\"image\":{\"@id\":\"https:\\\/\\\/www.lifenatura.com\\\/es\\\/produto\\\/v-c-15-forte-neo-24-x-10-ml-ampollas-dr-reckeweg\\\/#primaryimage\"},\"thumbnailUrl\":\"https:\\\/\\\/www.lifenatura.com\\\/wp-content\\\/uploads\\\/2021\\\/09\\\/Dr-reckeweg-vc15-forte-neo.jpg\",\"datePublished\":\"2021-09-30T09:43:57+00:00\",\"dateModified\":\"2025-02-02T00:01:16+00:00\",\"description\":\"V-C 15 Forte para casos de agotamiento, agotamiento nervioso, estados depresivos, efectos del estr\u00e9s diario, remineralizaci\u00f3n, anemia, anorexia.\",\"breadcrumb\":{\"@id\":\"https:\\\/\\\/www.lifenatura.com\\\/es\\\/produto\\\/v-c-15-forte-neo-24-x-10-ml-ampollas-dr-reckeweg\\\/#breadcrumb\"},\"inLanguage\":\"es\",\"potentialAction\":[{\"@type\":\"ReadAction\",\"target\":[\"https:\\\/\\\/www.lifenatura.com\\\/es\\\/produto\\\/v-c-15-forte-neo-24-x-10-ml-ampollas-dr-reckeweg\\\/\"]}]},{\"@type\":\"ImageObject\",\"inLanguage\":\"es\",\"@id\":\"https:\\\/\\\/www.lifenatura.com\\\/es\\\/produto\\\/v-c-15-forte-neo-24-x-10-ml-ampollas-dr-reckeweg\\\/#primaryimage\",\"url\":\"https:\\\/\\\/www.lifenatura.com\\\/wp-content\\\/uploads\\\/2021\\\/09\\\/Dr-reckeweg-vc15-forte-neo.jpg\",\"contentUrl\":\"https:\\\/\\\/www.lifenatura.com\\\/wp-content\\\/uploads\\\/2021\\\/09\\\/Dr-reckeweg-vc15-forte-neo.jpg\",\"width\":1000,\"height\":1000,\"caption\":\"V-C 15 Forte Neo 24 x 10 ml ampolas - Dr. Reckeweg\"},{\"@type\":\"BreadcrumbList\",\"@id\":\"https:\\\/\\\/www.lifenatura.com\\\/es\\\/produto\\\/v-c-15-forte-neo-24-x-10-ml-ampollas-dr-reckeweg\\\/#breadcrumb\",\"itemListElement\":[{\"@type\":\"ListItem\",\"position\":1,\"name\":\"In\u00edcio\",\"item\":\"https:\\\/\\\/www.lifenatura.com\\\/es\\\/\"},{\"@type\":\"ListItem\",\"position\":2,\"name\":\"Todos los Productos\",\"item\":\"https:\\\/\\\/www.lifenatura.com\\\/es\\\/tienda\\\/\"},{\"@type\":\"ListItem\",\"position\":3,\"name\":\"V-C 15 Forte Neo 24 x 10 ml ampollas &#8211; Dr. Reckeweg\"}]},{\"@type\":\"WebSite\",\"@id\":\"https:\\\/\\\/www.lifenatura.com\\\/es\\\/#website\",\"url\":\"https:\\\/\\\/www.lifenatura.com\\\/es\\\/\",\"name\":\"Lifenatura\",\"description\":\"A Lifenatura \u00e9 uma loja de produtos naturais, cosm\u00e9tica natural e alimenta\u00e7\u00e3o Biol\u00f3gica.\",\"publisher\":{\"@id\":\"https:\\\/\\\/www.lifenatura.com\\\/es\\\/#organization\"},\"potentialAction\":[{\"@type\":\"SearchAction\",\"target\":{\"@type\":\"EntryPoint\",\"urlTemplate\":\"https:\\\/\\\/www.lifenatura.com\\\/es\\\/?s={search_term_string}\"},\"query-input\":{\"@type\":\"PropertyValueSpecification\",\"valueRequired\":true,\"valueName\":\"search_term_string\"}}],\"inLanguage\":\"es\"},{\"@type\":\"Organization\",\"@id\":\"https:\\\/\\\/www.lifenatura.com\\\/es\\\/#organization\",\"name\":\"Lifenatura\",\"url\":\"https:\\\/\\\/www.lifenatura.com\\\/es\\\/\",\"logo\":{\"@type\":\"ImageObject\",\"inLanguage\":\"es\",\"@id\":\"https:\\\/\\\/www.lifenatura.com\\\/es\\\/#\\\/schema\\\/logo\\\/image\\\/\",\"url\":\"https:\\\/\\\/www.lifenatura.com\\\/wp-content\\\/uploads\\\/2021\\\/07\\\/logo.png\",\"contentUrl\":\"https:\\\/\\\/www.lifenatura.com\\\/wp-content\\\/uploads\\\/2021\\\/07\\\/logo.png\",\"width\":175,\"height\":55,\"caption\":\"Lifenatura\"},\"image\":{\"@id\":\"https:\\\/\\\/www.lifenatura.com\\\/es\\\/#\\\/schema\\\/logo\\\/image\\\/\"},\"sameAs\":[\"https:\\\/\\\/www.facebook.com\\\/lifenatura\",\"https:\\\/\\\/www.instagram.com\\\/lifenaturapt\\\/\"],\"hasMerchantReturnPolicy\":{\"@type\":\"MerchantReturnPolicy\",\"merchantReturnLink\":\"https:\\\/\\\/www.lifenatura.com\\\/termos-condicoes-lifenatura\\\/\"}}]}<\/script>\n<meta property=\"product:price:amount\" content=\"47.42\" \/>\n<meta property=\"product:price:currency\" content=\"EUR\" \/>\n<meta property=\"og:availability\" content=\"instock\" \/>\n<meta property=\"product:availability\" content=\"instock\" \/>\n<meta property=\"product:retailer_item_id\" content=\"5605481701337\" \/>\n<meta property=\"product:condition\" content=\"new\" \/>\n<!-- \/ Yoast SEO Premium plugin. -->","yoast_head_json":{"title":"V-C 15 Forte Neo 24 x 10 ml ampollas - Dr. Reckeweg - Na Lifenatura ao Melhor Pre\u00e7o | Envio em 48h","description":"V-C 15 Forte para casos de agotamiento, agotamiento nervioso, estados depresivos, efectos del estr\u00e9s diario, remineralizaci\u00f3n, anemia, anorexia.","robots":{"index":"index","follow":"follow","max-snippet":"max-snippet:-1","max-image-preview":"max-image-preview:large","max-video-preview":"max-video-preview:-1"},"canonical":"https:\/\/www.lifenatura.com\/es\/produto\/v-c-15-forte-neo-24-x-10-ml-ampollas-dr-reckeweg\/","og_locale":"es_ES","og_type":"article","og_title":"V-C 15 Forte Neo 24 x 10 ml ampollas - Dr. Reckeweg - Na Lifenatura ao Melhor Pre\u00e7o | Envio 48h","og_description":"Compre V-C 15 Forte Neo 24 x 10 ml ampollas - Dr. Reckeweg com envio r\u00e1pido. Entrega em 48h e portes gr\u00e1tis em compras >35\u20ac. Aproveite j\u00e1 na Lifenatura","og_url":"https:\/\/www.lifenatura.com\/es\/produto\/v-c-15-forte-neo-24-x-10-ml-ampollas-dr-reckeweg\/","og_site_name":"Lifenatura","article_publisher":"https:\/\/www.facebook.com\/lifenatura","article_modified_time":"2025-02-02T00:01:16+00:00","og_image":[{"width":1000,"height":1000,"url":"https:\/\/www.lifenatura.com\/wp-content\/uploads\/2021\/09\/Dr-reckeweg-vc15-forte-neo.jpg","type":"image\/jpeg"}],"twitter_card":"summary_large_image","twitter_misc":{"Precio":"47,42&nbsp;&euro;","Disponibilidad":"Disponible"},"schema":{"@context":"https:\/\/schema.org","@graph":[{"@type":"WebPage","@id":"https:\/\/www.lifenatura.com\/es\/produto\/v-c-15-forte-neo-24-x-10-ml-ampollas-dr-reckeweg\/","url":"https:\/\/www.lifenatura.com\/es\/produto\/v-c-15-forte-neo-24-x-10-ml-ampollas-dr-reckeweg\/","name":"V-C 15 Forte Neo 24 x 10 ml ampollas - Dr. Reckeweg - Na Lifenatura ao Melhor Pre\u00e7o | Envio em 48h","isPartOf":{"@id":"https:\/\/www.lifenatura.com\/es\/#website"},"primaryImageOfPage":{"@id":"https:\/\/www.lifenatura.com\/es\/produto\/v-c-15-forte-neo-24-x-10-ml-ampollas-dr-reckeweg\/#primaryimage"},"image":{"@id":"https:\/\/www.lifenatura.com\/es\/produto\/v-c-15-forte-neo-24-x-10-ml-ampollas-dr-reckeweg\/#primaryimage"},"thumbnailUrl":"https:\/\/www.lifenatura.com\/wp-content\/uploads\/2021\/09\/Dr-reckeweg-vc15-forte-neo.jpg","datePublished":"2021-09-30T09:43:57+00:00","dateModified":"2025-02-02T00:01:16+00:00","description":"V-C 15 Forte para casos de agotamiento, agotamiento nervioso, estados depresivos, efectos del estr\u00e9s diario, remineralizaci\u00f3n, anemia, anorexia.","breadcrumb":{"@id":"https:\/\/www.lifenatura.com\/es\/produto\/v-c-15-forte-neo-24-x-10-ml-ampollas-dr-reckeweg\/#breadcrumb"},"inLanguage":"es","potentialAction":[{"@type":"ReadAction","target":["https:\/\/www.lifenatura.com\/es\/produto\/v-c-15-forte-neo-24-x-10-ml-ampollas-dr-reckeweg\/"]}]},{"@type":"ImageObject","inLanguage":"es","@id":"https:\/\/www.lifenatura.com\/es\/produto\/v-c-15-forte-neo-24-x-10-ml-ampollas-dr-reckeweg\/#primaryimage","url":"https:\/\/www.lifenatura.com\/wp-content\/uploads\/2021\/09\/Dr-reckeweg-vc15-forte-neo.jpg","contentUrl":"https:\/\/www.lifenatura.com\/wp-content\/uploads\/2021\/09\/Dr-reckeweg-vc15-forte-neo.jpg","width":1000,"height":1000,"caption":"V-C 15 Forte Neo 24 x 10 ml ampolas - Dr. Reckeweg"},{"@type":"BreadcrumbList","@id":"https:\/\/www.lifenatura.com\/es\/produto\/v-c-15-forte-neo-24-x-10-ml-ampollas-dr-reckeweg\/#breadcrumb","itemListElement":[{"@type":"ListItem","position":1,"name":"In\u00edcio","item":"https:\/\/www.lifenatura.com\/es\/"},{"@type":"ListItem","position":2,"name":"Todos los Productos","item":"https:\/\/www.lifenatura.com\/es\/tienda\/"},{"@type":"ListItem","position":3,"name":"V-C 15 Forte Neo 24 x 10 ml ampollas &#8211; Dr. Reckeweg"}]},{"@type":"WebSite","@id":"https:\/\/www.lifenatura.com\/es\/#website","url":"https:\/\/www.lifenatura.com\/es\/","name":"Lifenatura","description":"A Lifenatura \u00e9 uma loja de produtos naturais, cosm\u00e9tica natural e alimenta\u00e7\u00e3o Biol\u00f3gica.","publisher":{"@id":"https:\/\/www.lifenatura.com\/es\/#organization"},"potentialAction":[{"@type":"SearchAction","target":{"@type":"EntryPoint","urlTemplate":"https:\/\/www.lifenatura.com\/es\/?s={search_term_string}"},"query-input":{"@type":"PropertyValueSpecification","valueRequired":true,"valueName":"search_term_string"}}],"inLanguage":"es"},{"@type":"Organization","@id":"https:\/\/www.lifenatura.com\/es\/#organization","name":"Lifenatura","url":"https:\/\/www.lifenatura.com\/es\/","logo":{"@type":"ImageObject","inLanguage":"es","@id":"https:\/\/www.lifenatura.com\/es\/#\/schema\/logo\/image\/","url":"https:\/\/www.lifenatura.com\/wp-content\/uploads\/2021\/07\/logo.png","contentUrl":"https:\/\/www.lifenatura.com\/wp-content\/uploads\/2021\/07\/logo.png","width":175,"height":55,"caption":"Lifenatura"},"image":{"@id":"https:\/\/www.lifenatura.com\/es\/#\/schema\/logo\/image\/"},"sameAs":["https:\/\/www.facebook.com\/lifenatura","https:\/\/www.instagram.com\/lifenaturapt\/"],"hasMerchantReturnPolicy":{"@type":"MerchantReturnPolicy","merchantReturnLink":"https:\/\/www.lifenatura.com\/termos-condicoes-lifenatura\/"}}]},"product_price_amount":"47.42","product_price_currency":"EUR","og_availability":"instock","product_availability":"instock","product_retailer_item_id":"5605481701337","product_condition":"new"},"df_price":47.42,"df_sale_price":47.42,"df_regular_price":65.86,"df_image_link":"https:\/\/www.lifenatura.com\/wp-content\/uploads\/2021\/09\/Dr-reckeweg-vc15-forte-neo-300x300.jpg","_links":{"self":[{"href":"https:\/\/www.lifenatura.com\/es\/wp-json\/wp\/v2\/product\/37162","targetHints":{"allow":["GET"]}}],"collection":[{"href":"https:\/\/www.lifenatura.com\/es\/wp-json\/wp\/v2\/product"}],"about":[{"href":"https:\/\/www.lifenatura.com\/es\/wp-json\/wp\/v2\/types\/product"}],"wp:featuredmedia":[{"embeddable":true,"href":"https:\/\/www.lifenatura.com\/es\/wp-json\/wp\/v2\/media\/47830"}],"wp:attachment":[{"href":"https:\/\/www.lifenatura.com\/es\/wp-json\/wp\/v2\/media?parent=37162"}],"wp:term":[{"taxonomy":"product_brand","embeddable":true,"href":"https:\/\/www.lifenatura.com\/es\/wp-json\/wp\/v2\/product_brand?post=37162"},{"taxonomy":"product_cat","embeddable":true,"href":"https:\/\/www.lifenatura.com\/es\/wp-json\/wp\/v2\/product_cat?post=37162"},{"taxonomy":"product_tag","embeddable":true,"href":"https:\/\/www.lifenatura.com\/es\/wp-json\/wp\/v2\/product_tag?post=37162"}],"curies":[{"name":"wp","href":"https:\/\/api.w.org\/{rel}","templated":true}]}}