{"id":37136,"date":"2021-09-30T09:43:18","date_gmt":"2021-09-30T09:43:18","guid":{"rendered":"https:\/\/lifenatura.dev.agenciagetdigital.com\/produto\/rekin-13-10-ampollas-bebiveis-dr-reckeweg\/"},"modified":"2025-07-31T00:07:20","modified_gmt":"2025-07-31T00:07:20","slug":"rekin-13-10-ampollas-bebiveis-dr-reckeweg","status":"publish","type":"product","link":"https:\/\/www.lifenatura.com\/es\/produto\/rekin-13-10-ampollas-bebiveis-dr-reckeweg\/","title":{"rendered":"Rekin 13 &#8211; 10 Ampollas Beb\u00edveis &#8211; Dr. Reckeweg"},"content":{"rendered":"<h2 style=\"text-align: left\"><strong>Rekin 13 &#8211; Ampollas homeop\u00e1ticas<\/strong><\/h2>\n<p>&nbsp;<\/p>\n<p>Rekin 13 est\u00e1 indicado para las hemorroides, las fisuras del recto, el eczema del ano, el dolor anal, el varicocele, el estre\u00f1imiento, la flatulencia, la dispepsia, el ardor de est\u00f3mago, la regurgitaci\u00f3n y la hernia de hiato.<\/p>\n<p>&nbsp;<\/p>\n<p><strong>PRESENTACI\u00d3N<\/strong><\/p>\n<p>10 ampollas bebibles<\/p>\n<p>&nbsp;<\/p>\n","protected":false},"excerpt":{"rendered":"<p>Para hemorroides, fisuras del recto, eczema del ano, dolor anal, varicocele, estre\u00f1imiento, flatulencia, dispepsia, acidez y regurgitaci\u00f3n. [&#8230;]<\/p>\n<p><a class=\"btn btn-secondary understrap-read-more-link\" href=\"https:\/\/www.lifenatura.com\/es\/produto\/rekin-13-10-ampollas-bebiveis-dr-reckeweg\/\">Leer m\u00e1s&#8230;<span class=\"screen-reader-text\"> from Rekin 13 &#8211; 10 Ampollas Beb\u00edveis &#8211; Dr. Reckeweg<\/span><\/a><\/p>\n","protected":false},"featured_media":47780,"template":"","meta":{"_acf_changed":false},"product_brand":[8503],"product_cat":[7196,7179],"product_tag":[],"class_list":{"0":"post-37136","1":"product","2":"type-product","3":"status-publish","4":"has-post-thumbnail","6":"product_brand-dr-reckeweg","7":"product_cat-homeopatia-salud","8":"product_cat-salud","10":"first","11":"instock","12":"sale","13":"shipping-taxable","14":"purchasable","15":"product-type-simple","16":"add-to-wishlist-before_image"},"acf":[],"yoast_head":"<!-- This site is optimized with the Yoast SEO Premium plugin v27.1 (Yoast SEO v27.3) - https:\/\/yoast.com\/product\/yoast-seo-premium-wordpress\/ -->\n<title>Rekin 13 - 10 Ampollas Beb\u00edveis - Dr. Reckeweg<\/title>\n<meta name=\"description\" content=\"Para hemorroides, fisuras del recto, eczema del ano, dolor anal, varicocele, estre\u00f1imiento, flatulencia, dispepsia, acidez y regurgitaci\u00f3n.\" \/>\n<meta name=\"robots\" content=\"index, follow, max-snippet:-1, max-image-preview:large, max-video-preview:-1\" \/>\n<link rel=\"canonical\" href=\"https:\/\/www.lifenatura.com\/es\/produto\/rekin-13-10-ampollas-bebiveis-dr-reckeweg\/\" \/>\n<meta property=\"og:locale\" content=\"es_ES\" \/>\n<meta property=\"og:type\" content=\"article\" \/>\n<meta property=\"og:title\" content=\"Rekin 13 - 10 Ampollas Beb\u00edveis - Dr. Reckeweg - Lifenatura\" \/>\n<meta property=\"og:description\" content=\"Compre aqui o seu Rekin 13 - 10 Ampollas Beb\u00edveis - Dr. Reckeweg e a Lifenatura Online envia em 48 H com Portes Gratis &gt;35\u20ac de Pedido.\" \/>\n<meta property=\"og:url\" content=\"https:\/\/www.lifenatura.com\/es\/produto\/rekin-13-10-ampollas-bebiveis-dr-reckeweg\/\" \/>\n<meta property=\"og:site_name\" content=\"Lifenatura\" \/>\n<meta property=\"article:publisher\" content=\"https:\/\/www.facebook.com\/lifenatura\" \/>\n<meta property=\"article:modified_time\" content=\"2025-07-31T00:07:20+00:00\" \/>\n<meta property=\"og:image\" content=\"https:\/\/www.lifenatura.com\/wp-content\/uploads\/2021\/09\/Dr-reckeweg-rekin-13-homeopatico.jpg\" \/>\n\t<meta property=\"og:image:width\" content=\"1000\" \/>\n\t<meta property=\"og:image:height\" content=\"1000\" \/>\n\t<meta property=\"og:image:type\" content=\"image\/jpeg\" \/>\n<meta name=\"twitter:card\" content=\"summary_large_image\" \/>\n<meta name=\"twitter:label1\" content=\"Precio\" \/>\n\t<meta name=\"twitter:data1\" content=\"26,24&nbsp;&euro;\" \/>\n\t<meta name=\"twitter:label2\" content=\"Disponibilidad\" \/>\n\t<meta name=\"twitter:data2\" content=\"Disponible\" \/>\n<meta property=\"product:price:amount\" content=\"26.24\" \/>\n<meta property=\"product:price:currency\" content=\"EUR\" \/>\n<meta property=\"og:availability\" content=\"instock\" \/>\n<meta property=\"product:availability\" content=\"instock\" \/>\n<meta property=\"product:retailer_item_id\" content=\"5605481701092\" \/>\n<meta property=\"product:condition\" content=\"new\" \/>\n<!-- \/ Yoast SEO Premium plugin. -->","yoast_head_json":{"title":"Rekin 13 - 10 Ampollas Beb\u00edveis - Dr. Reckeweg","description":"Para hemorroides, fisuras del recto, eczema del ano, dolor anal, varicocele, estre\u00f1imiento, flatulencia, dispepsia, acidez y regurgitaci\u00f3n.","robots":{"index":"index","follow":"follow","max-snippet":"max-snippet:-1","max-image-preview":"max-image-preview:large","max-video-preview":"max-video-preview:-1"},"canonical":"https:\/\/www.lifenatura.com\/es\/produto\/rekin-13-10-ampollas-bebiveis-dr-reckeweg\/","og_locale":"es_ES","og_type":"article","og_title":"Rekin 13 - 10 Ampollas Beb\u00edveis - Dr. Reckeweg - Lifenatura","og_description":"Compre aqui o seu Rekin 13 - 10 Ampollas Beb\u00edveis - Dr. Reckeweg e a Lifenatura Online envia em 48 H com Portes Gratis >35\u20ac de Pedido.","og_url":"https:\/\/www.lifenatura.com\/es\/produto\/rekin-13-10-ampollas-bebiveis-dr-reckeweg\/","og_site_name":"Lifenatura","article_publisher":"https:\/\/www.facebook.com\/lifenatura","article_modified_time":"2025-07-31T00:07:20+00:00","og_image":[{"width":1000,"height":1000,"url":"https:\/\/www.lifenatura.com\/wp-content\/uploads\/2021\/09\/Dr-reckeweg-rekin-13-homeopatico.jpg","type":"image\/jpeg"}],"twitter_card":"summary_large_image","twitter_misc":{"Precio":"26,24&nbsp;&euro;","Disponibilidad":"Disponible"},"schema":{"@context":"https:\/\/schema.org","@graph":[{"@type":"WebPage","@id":"https:\/\/www.lifenatura.com\/es\/produto\/rekin-13-10-ampollas-bebiveis-dr-reckeweg\/","url":"https:\/\/www.lifenatura.com\/es\/produto\/rekin-13-10-ampollas-bebiveis-dr-reckeweg\/","name":"Rekin 13 - 10 Ampollas Beb\u00edveis - Dr. Reckeweg","isPartOf":{"@id":"https:\/\/www.lifenatura.com\/es\/#website"},"primaryImageOfPage":{"@id":"https:\/\/www.lifenatura.com\/es\/produto\/rekin-13-10-ampollas-bebiveis-dr-reckeweg\/#primaryimage"},"image":{"@id":"https:\/\/www.lifenatura.com\/es\/produto\/rekin-13-10-ampollas-bebiveis-dr-reckeweg\/#primaryimage"},"thumbnailUrl":"https:\/\/www.lifenatura.com\/wp-content\/uploads\/2021\/09\/Dr-reckeweg-rekin-13-homeopatico.jpg","datePublished":"2021-09-30T09:43:18+00:00","dateModified":"2025-07-31T00:07:20+00:00","description":"Para hemorroides, fisuras del recto, eczema del ano, dolor anal, varicocele, estre\u00f1imiento, flatulencia, dispepsia, acidez y regurgitaci\u00f3n.","breadcrumb":{"@id":"https:\/\/www.lifenatura.com\/es\/produto\/rekin-13-10-ampollas-bebiveis-dr-reckeweg\/#breadcrumb"},"inLanguage":"es","potentialAction":[{"@type":"ReadAction","target":["https:\/\/www.lifenatura.com\/es\/produto\/rekin-13-10-ampollas-bebiveis-dr-reckeweg\/"]}]},{"@type":"ImageObject","inLanguage":"es","@id":"https:\/\/www.lifenatura.com\/es\/produto\/rekin-13-10-ampollas-bebiveis-dr-reckeweg\/#primaryimage","url":"https:\/\/www.lifenatura.com\/wp-content\/uploads\/2021\/09\/Dr-reckeweg-rekin-13-homeopatico.jpg","contentUrl":"https:\/\/www.lifenatura.com\/wp-content\/uploads\/2021\/09\/Dr-reckeweg-rekin-13-homeopatico.jpg","width":1000,"height":1000,"caption":"Rekin 13 - 10 Ampolas Beb\u00edveis - Dr. Reckeweg"},{"@type":"BreadcrumbList","@id":"https:\/\/www.lifenatura.com\/es\/produto\/rekin-13-10-ampollas-bebiveis-dr-reckeweg\/#breadcrumb","itemListElement":[{"@type":"ListItem","position":1,"name":"In\u00edcio","item":"https:\/\/www.lifenatura.com\/es\/"},{"@type":"ListItem","position":2,"name":"Todos los Productos","item":"https:\/\/www.lifenatura.com\/es\/tienda\/"},{"@type":"ListItem","position":3,"name":"Rekin 13 &#8211; 10 Ampollas Beb\u00edveis &#8211; Dr. Reckeweg"}]},{"@type":"WebSite","@id":"https:\/\/www.lifenatura.com\/es\/#website","url":"https:\/\/www.lifenatura.com\/es\/","name":"Lifenatura","description":"A Lifenatura \u00e9 uma loja de produtos naturais, cosm\u00e9tica natural e alimenta\u00e7\u00e3o Biol\u00f3gica.","publisher":{"@id":"https:\/\/www.lifenatura.com\/es\/#organization"},"potentialAction":[{"@type":"SearchAction","target":{"@type":"EntryPoint","urlTemplate":"https:\/\/www.lifenatura.com\/es\/?s={search_term_string}"},"query-input":{"@type":"PropertyValueSpecification","valueRequired":true,"valueName":"search_term_string"}}],"inLanguage":"es"},{"@type":"Organization","@id":"https:\/\/www.lifenatura.com\/es\/#organization","name":"Lifenatura","url":"https:\/\/www.lifenatura.com\/es\/","logo":{"@type":"ImageObject","inLanguage":"es","@id":"https:\/\/www.lifenatura.com\/es\/#\/schema\/logo\/image\/","url":"https:\/\/www.lifenatura.com\/wp-content\/uploads\/2021\/11\/logo.png","contentUrl":"https:\/\/www.lifenatura.com\/wp-content\/uploads\/2021\/11\/logo.png","width":175,"height":55,"caption":"Lifenatura"},"image":{"@id":"https:\/\/www.lifenatura.com\/es\/#\/schema\/logo\/image\/"},"sameAs":["https:\/\/www.facebook.com\/lifenatura","https:\/\/www.instagram.com\/lifenaturapt\/"]}]},"product_price_amount":"26.24","product_price_currency":"EUR","og_availability":"instock","product_availability":"instock","product_retailer_item_id":"5605481701092","product_condition":"new"},"df_price":26.24,"df_sale_price":26.24,"df_regular_price":34.99,"df_image_link":"https:\/\/www.lifenatura.com\/wp-content\/uploads\/2021\/09\/Dr-reckeweg-rekin-13-homeopatico-300x300.jpg","_links":{"self":[{"href":"https:\/\/www.lifenatura.com\/es\/wp-json\/wp\/v2\/product\/37136","targetHints":{"allow":["GET"]}}],"collection":[{"href":"https:\/\/www.lifenatura.com\/es\/wp-json\/wp\/v2\/product"}],"about":[{"href":"https:\/\/www.lifenatura.com\/es\/wp-json\/wp\/v2\/types\/product"}],"wp:featuredmedia":[{"embeddable":true,"href":"https:\/\/www.lifenatura.com\/es\/wp-json\/wp\/v2\/media\/47780"}],"wp:attachment":[{"href":"https:\/\/www.lifenatura.com\/es\/wp-json\/wp\/v2\/media?parent=37136"}],"wp:term":[{"taxonomy":"product_brand","embeddable":true,"href":"https:\/\/www.lifenatura.com\/es\/wp-json\/wp\/v2\/product_brand?post=37136"},{"taxonomy":"product_cat","embeddable":true,"href":"https:\/\/www.lifenatura.com\/es\/wp-json\/wp\/v2\/product_cat?post=37136"},{"taxonomy":"product_tag","embeddable":true,"href":"https:\/\/www.lifenatura.com\/es\/wp-json\/wp\/v2\/product_tag?post=37136"}],"curies":[{"name":"wp","href":"https:\/\/api.w.org\/{rel}","templated":true}]}}