{"id":37108,"date":"2021-09-30T09:42:58","date_gmt":"2021-09-30T09:42:58","guid":{"rendered":"https:\/\/lifenatura.dev.agenciagetdigital.com\/produto\/r60-gotas-orales-dr-reckeweg\/"},"modified":"2025-07-31T00:07:09","modified_gmt":"2025-07-31T00:07:09","slug":"r60-gotas-orales-dr-reckeweg","status":"publish","type":"product","link":"https:\/\/www.lifenatura.com\/es\/produto\/r60-gotas-orales-dr-reckeweg\/","title":{"rendered":"R60 Gotas Orales &#8211; Dr. Reckeweg"},"content":{"rendered":"<h2 style=\"text-align: left\"><strong>Dr. Reckeweg\u00ae R60 &#8211; Medicamento homeop\u00e1tico<\/strong><\/h2>\n<p>&nbsp;<\/p>\n<p>Las Gotas Homeop\u00e1ticas R60 se basan en los usos tradicionales de cada uno de los componentes homeop\u00e1ticos entre los que se encuentran la dermatitis cr\u00f3nica (drenante de la piel &#8211; facilita el proceso de desintoxicaci\u00f3n).<\/p>\n<p><strong>PRESENTACI\u00d3N<\/strong><\/p>\n<p>50ml<\/p>\n<p>&nbsp;<\/p>\n","protected":false},"excerpt":{"rendered":"<p>R60 se basan en los usos tradicionales de cada uno de los componentes homeop\u00e1ticos entre los que se encuentra la dermatitis cr\u00f3nica. [&#8230;]<\/p>\n<p><a class=\"btn btn-secondary understrap-read-more-link\" href=\"https:\/\/www.lifenatura.com\/es\/produto\/r60-gotas-orales-dr-reckeweg\/\">Leer m\u00e1s&#8230;<span class=\"screen-reader-text\"> from R60 Gotas Orales &#8211; Dr. Reckeweg<\/span><\/a><\/p>\n","protected":false},"featured_media":47338,"template":"","meta":{"_acf_changed":false},"product_brand":[8503],"product_cat":[7196,7179],"product_tag":[],"class_list":{"0":"post-37108","1":"product","2":"type-product","3":"status-publish","4":"has-post-thumbnail","6":"product_brand-dr-reckeweg","7":"product_cat-homeopatia-salud","8":"product_cat-salud","10":"first","11":"instock","12":"sale","13":"shipping-taxable","14":"purchasable","15":"product-type-simple","16":"add-to-wishlist-before_image"},"acf":[],"yoast_head":"<!-- This site is optimized with the Yoast SEO Premium plugin v27.1 (Yoast SEO v27.3) - https:\/\/yoast.com\/product\/yoast-seo-premium-wordpress\/ -->\n<title>Dr. Reckeweg R1 Gotas orales - Lifenatura<\/title>\n<meta name=\"description\" content=\"R60 se basan en los usos tradicionales de cada uno de los componentes homeop\u00e1ticos entre los que se encuentra la dermatitis cr\u00f3nica.\" \/>\n<meta name=\"robots\" content=\"index, follow, max-snippet:-1, max-image-preview:large, max-video-preview:-1\" \/>\n<link rel=\"canonical\" href=\"https:\/\/www.lifenatura.com\/es\/produto\/r60-gotas-orales-dr-reckeweg\/\" \/>\n<meta property=\"og:locale\" content=\"es_ES\" \/>\n<meta property=\"og:type\" content=\"article\" \/>\n<meta property=\"og:title\" content=\"R60 Gotas Orales - Dr. Reckeweg - Lifenatura\" \/>\n<meta property=\"og:description\" content=\"Compre aqui o seu R60 Gotas Orales - Dr. Reckeweg e a Lifenatura Online envia em 48 H com Portes Gratis &gt;35\u20ac de Pedido.\" \/>\n<meta property=\"og:url\" content=\"https:\/\/www.lifenatura.com\/es\/produto\/r60-gotas-orales-dr-reckeweg\/\" \/>\n<meta property=\"og:site_name\" content=\"Lifenatura\" \/>\n<meta property=\"article:publisher\" content=\"https:\/\/www.facebook.com\/lifenatura\" \/>\n<meta property=\"article:modified_time\" content=\"2025-07-31T00:07:09+00:00\" \/>\n<meta property=\"og:image\" content=\"https:\/\/www.lifenatura.com\/wp-content\/uploads\/2021\/09\/Dr-reckeweg-r60-gotas-orais.jpg\" \/>\n\t<meta property=\"og:image:width\" content=\"1000\" \/>\n\t<meta property=\"og:image:height\" content=\"1000\" \/>\n\t<meta property=\"og:image:type\" content=\"image\/jpeg\" \/>\n<meta name=\"twitter:card\" content=\"summary_large_image\" \/>\n<meta name=\"twitter:label1\" content=\"Precio\" \/>\n\t<meta name=\"twitter:data1\" content=\"15,95&nbsp;&euro;\" \/>\n\t<meta name=\"twitter:label2\" content=\"Disponibilidad\" \/>\n\t<meta name=\"twitter:data2\" content=\"Disponible\" \/>\n<meta property=\"product:price:amount\" content=\"15.95\" \/>\n<meta property=\"product:price:currency\" content=\"EUR\" \/>\n<meta property=\"og:availability\" content=\"instock\" \/>\n<meta property=\"product:availability\" content=\"instock\" \/>\n<meta property=\"product:retailer_item_id\" content=\"5605481703584\" \/>\n<meta property=\"product:condition\" content=\"new\" \/>\n<!-- \/ Yoast SEO Premium plugin. -->","yoast_head_json":{"title":"Dr. Reckeweg R1 Gotas orales - Lifenatura","description":"R60 se basan en los usos tradicionales de cada uno de los componentes homeop\u00e1ticos entre los que se encuentra la dermatitis cr\u00f3nica.","robots":{"index":"index","follow":"follow","max-snippet":"max-snippet:-1","max-image-preview":"max-image-preview:large","max-video-preview":"max-video-preview:-1"},"canonical":"https:\/\/www.lifenatura.com\/es\/produto\/r60-gotas-orales-dr-reckeweg\/","og_locale":"es_ES","og_type":"article","og_title":"R60 Gotas Orales - Dr. Reckeweg - Lifenatura","og_description":"Compre aqui o seu R60 Gotas Orales - Dr. Reckeweg e a Lifenatura Online envia em 48 H com Portes Gratis >35\u20ac de Pedido.","og_url":"https:\/\/www.lifenatura.com\/es\/produto\/r60-gotas-orales-dr-reckeweg\/","og_site_name":"Lifenatura","article_publisher":"https:\/\/www.facebook.com\/lifenatura","article_modified_time":"2025-07-31T00:07:09+00:00","og_image":[{"width":1000,"height":1000,"url":"https:\/\/www.lifenatura.com\/wp-content\/uploads\/2021\/09\/Dr-reckeweg-r60-gotas-orais.jpg","type":"image\/jpeg"}],"twitter_card":"summary_large_image","twitter_misc":{"Precio":"15,95&nbsp;&euro;","Disponibilidad":"Disponible"},"schema":{"@context":"https:\/\/schema.org","@graph":[{"@type":"WebPage","@id":"https:\/\/www.lifenatura.com\/es\/produto\/r60-gotas-orales-dr-reckeweg\/","url":"https:\/\/www.lifenatura.com\/es\/produto\/r60-gotas-orales-dr-reckeweg\/","name":"Dr. Reckeweg R1 Gotas orales - Lifenatura","isPartOf":{"@id":"https:\/\/www.lifenatura.com\/es\/#website"},"primaryImageOfPage":{"@id":"https:\/\/www.lifenatura.com\/es\/produto\/r60-gotas-orales-dr-reckeweg\/#primaryimage"},"image":{"@id":"https:\/\/www.lifenatura.com\/es\/produto\/r60-gotas-orales-dr-reckeweg\/#primaryimage"},"thumbnailUrl":"https:\/\/www.lifenatura.com\/wp-content\/uploads\/2021\/09\/Dr-reckeweg-r60-gotas-orais.jpg","datePublished":"2021-09-30T09:42:58+00:00","dateModified":"2025-07-31T00:07:09+00:00","description":"R60 se basan en los usos tradicionales de cada uno de los componentes homeop\u00e1ticos entre los que se encuentra la dermatitis cr\u00f3nica.","breadcrumb":{"@id":"https:\/\/www.lifenatura.com\/es\/produto\/r60-gotas-orales-dr-reckeweg\/#breadcrumb"},"inLanguage":"es","potentialAction":[{"@type":"ReadAction","target":["https:\/\/www.lifenatura.com\/es\/produto\/r60-gotas-orales-dr-reckeweg\/"]}]},{"@type":"ImageObject","inLanguage":"es","@id":"https:\/\/www.lifenatura.com\/es\/produto\/r60-gotas-orales-dr-reckeweg\/#primaryimage","url":"https:\/\/www.lifenatura.com\/wp-content\/uploads\/2021\/09\/Dr-reckeweg-r60-gotas-orais.jpg","contentUrl":"https:\/\/www.lifenatura.com\/wp-content\/uploads\/2021\/09\/Dr-reckeweg-r60-gotas-orais.jpg","width":1000,"height":1000,"caption":"R46 Gotas Orais - Dr. Reckeweg"},{"@type":"BreadcrumbList","@id":"https:\/\/www.lifenatura.com\/es\/produto\/r60-gotas-orales-dr-reckeweg\/#breadcrumb","itemListElement":[{"@type":"ListItem","position":1,"name":"In\u00edcio","item":"https:\/\/www.lifenatura.com\/es\/"},{"@type":"ListItem","position":2,"name":"Todos los Productos","item":"https:\/\/www.lifenatura.com\/es\/tienda\/"},{"@type":"ListItem","position":3,"name":"R60 Gotas Orales &#8211; Dr. Reckeweg"}]},{"@type":"WebSite","@id":"https:\/\/www.lifenatura.com\/es\/#website","url":"https:\/\/www.lifenatura.com\/es\/","name":"Lifenatura","description":"A Lifenatura \u00e9 uma loja de produtos naturais, cosm\u00e9tica natural e alimenta\u00e7\u00e3o Biol\u00f3gica.","publisher":{"@id":"https:\/\/www.lifenatura.com\/es\/#organization"},"potentialAction":[{"@type":"SearchAction","target":{"@type":"EntryPoint","urlTemplate":"https:\/\/www.lifenatura.com\/es\/?s={search_term_string}"},"query-input":{"@type":"PropertyValueSpecification","valueRequired":true,"valueName":"search_term_string"}}],"inLanguage":"es"},{"@type":"Organization","@id":"https:\/\/www.lifenatura.com\/es\/#organization","name":"Lifenatura","url":"https:\/\/www.lifenatura.com\/es\/","logo":{"@type":"ImageObject","inLanguage":"es","@id":"https:\/\/www.lifenatura.com\/es\/#\/schema\/logo\/image\/","url":"https:\/\/www.lifenatura.com\/wp-content\/uploads\/2021\/11\/logo.png","contentUrl":"https:\/\/www.lifenatura.com\/wp-content\/uploads\/2021\/11\/logo.png","width":175,"height":55,"caption":"Lifenatura"},"image":{"@id":"https:\/\/www.lifenatura.com\/es\/#\/schema\/logo\/image\/"},"sameAs":["https:\/\/www.facebook.com\/lifenatura","https:\/\/www.instagram.com\/lifenaturapt\/"]}]},"product_price_amount":"15.95","product_price_currency":"EUR","og_availability":"instock","product_availability":"instock","product_retailer_item_id":"5605481703584","product_condition":"new"},"df_price":15.95,"df_sale_price":15.95,"df_regular_price":21.26,"df_image_link":"https:\/\/www.lifenatura.com\/wp-content\/uploads\/2021\/09\/Dr-reckeweg-r60-gotas-orais-300x300.jpg","_links":{"self":[{"href":"https:\/\/www.lifenatura.com\/es\/wp-json\/wp\/v2\/product\/37108","targetHints":{"allow":["GET"]}}],"collection":[{"href":"https:\/\/www.lifenatura.com\/es\/wp-json\/wp\/v2\/product"}],"about":[{"href":"https:\/\/www.lifenatura.com\/es\/wp-json\/wp\/v2\/types\/product"}],"wp:featuredmedia":[{"embeddable":true,"href":"https:\/\/www.lifenatura.com\/es\/wp-json\/wp\/v2\/media\/47338"}],"wp:attachment":[{"href":"https:\/\/www.lifenatura.com\/es\/wp-json\/wp\/v2\/media?parent=37108"}],"wp:term":[{"taxonomy":"product_brand","embeddable":true,"href":"https:\/\/www.lifenatura.com\/es\/wp-json\/wp\/v2\/product_brand?post=37108"},{"taxonomy":"product_cat","embeddable":true,"href":"https:\/\/www.lifenatura.com\/es\/wp-json\/wp\/v2\/product_cat?post=37108"},{"taxonomy":"product_tag","embeddable":true,"href":"https:\/\/www.lifenatura.com\/es\/wp-json\/wp\/v2\/product_tag?post=37108"}],"curies":[{"name":"wp","href":"https:\/\/api.w.org\/{rel}","templated":true}]}}