{"id":37039,"date":"2021-09-30T09:41:33","date_gmt":"2021-09-30T09:41:33","guid":{"rendered":"https:\/\/lifenatura.dev.agenciagetdigital.com\/produto\/rosas-mascarilla-facial-bio-125-ml-dr-organic\/"},"modified":"2022-08-21T14:18:14","modified_gmt":"2022-08-21T14:18:14","slug":"rosas-mascarilla-facial-bio-125-ml-dr-organic","status":"publish","type":"product","link":"https:\/\/www.lifenatura.com\/es\/produto\/rosas-mascarilla-facial-bio-125-ml-dr-organic\/","title":{"rendered":"Rosas Mascarilla Facial bio 125 ml &#8211; Dr. Organic"},"content":{"rendered":"<p>M\u00e1scara facial con Rosas La m\u00e1scara facial con aceite de rosa Damascena es bioactivo, biol\u00f3gico y es un aceite esencial con propiedades regeneradoras e hidratantes, t\u00f3nicas y anti-envejecimiento. Combinamos este maravilloso y arom\u00e1tico aceite con una mezcla rica de ingredientes bioactivos, naturales y biol\u00f3gicos entre los cuales el kaolin (arcilla de China), rica en minerales. Esta formulaci\u00f3n rica en nutrientes basada en la arcilla elimina la oleosidad de los poros al mismo tiempo que elimina de la superficie de la piel las c\u00e9lulas muertas e impurezas, estimulando la circulaci\u00f3n en profundidad de los capilares, dejando la piel m\u00e1s joven, con aspecto rejuvenecido, tonificado, regenerado y regenerado purificada. PRESENTACI\u00d3N 125ml.<\/p>\n","protected":false},"excerpt":{"rendered":"<p>M\u00e1scara facial con Rosas La m\u00e1scara facial con aceite de rosa Damascena es bioactivo, biol\u00f3gico y es un aceite esencial con propiedades regeneradoras e hidratantes, t\u00f3nicas y anti-envejecimiento. Combinamos este maravilloso y arom\u00e1tico aceite con una mezcla rica de ingredientes bioactivos, naturales y biol\u00f3gicos entre los cuales el kaolin (arcilla de China), rica en minerales. [&#8230;]<\/p>\n<p><a class=\"btn btn-secondary understrap-read-more-link\" href=\"https:\/\/www.lifenatura.com\/es\/produto\/rosas-mascarilla-facial-bio-125-ml-dr-organic\/\">Leer m\u00e1s&#8230;<span class=\"screen-reader-text\"> from Rosas Mascarilla Facial bio 125 ml &#8211; Dr. Organic<\/span><\/a><\/p>\n","protected":false},"featured_media":18646,"template":"","meta":{"_acf_changed":false},"product_brand":[8502],"product_cat":[7291],"product_tag":[],"class_list":{"0":"post-37039","1":"product","2":"type-product","3":"status-publish","4":"has-post-thumbnail","6":"product_brand-dr-organic","7":"product_cat-agotados","9":"first","10":"outofstock","11":"shipping-taxable","12":"purchasable","13":"product-type-simple","14":"add-to-wishlist-before_image"},"acf":[],"yoast_head":"<!-- This site is optimized with the Yoast SEO Premium plugin v27.1 (Yoast SEO v27.4) - https:\/\/yoast.com\/product\/yoast-seo-premium-wordpress\/ -->\n<title>Rosas Mascarilla Facial bio 125 ml - Dr. Organic<\/title>\n<meta name=\"description\" content=\"La m\u00e1scara facial con aceite de rosa Damascena es bioactivo, biol\u00f3gico y es un aceite esencial con propiedades regeneradoras e hidratantes, t\u00f3nicas y anti-envejecimiento.\" \/>\n<meta name=\"robots\" content=\"index, follow, max-snippet:-1, max-image-preview:large, max-video-preview:-1\" \/>\n<link rel=\"canonical\" href=\"https:\/\/www.lifenatura.com\/es\/produto\/rosas-mascarilla-facial-bio-125-ml-dr-organic\/\" \/>\n<meta property=\"og:locale\" content=\"es_ES\" \/>\n<meta property=\"og:type\" content=\"article\" \/>\n<meta property=\"og:title\" content=\"Rosas Mascarilla Facial bio 125 ml - Dr. Organic - Lifenatura\" \/>\n<meta property=\"og:description\" content=\"Compre aqui o seu Rosas Mascarilla Facial bio 125 ml - Dr. Organic e a Lifenatura Online envia em 48 H com Portes Gratis &gt;35\u20ac de Pedido.\" \/>\n<meta property=\"og:url\" content=\"https:\/\/www.lifenatura.com\/es\/produto\/rosas-mascarilla-facial-bio-125-ml-dr-organic\/\" \/>\n<meta property=\"og:site_name\" content=\"Lifenatura\" \/>\n<meta property=\"article:publisher\" content=\"https:\/\/www.facebook.com\/lifenatura\" \/>\n<meta property=\"article:modified_time\" content=\"2022-08-21T14:18:14+00:00\" \/>\n<meta property=\"og:image\" content=\"https:\/\/www.lifenatura.com\/wp-content\/uploads\/2021\/09\/gd_rosa-mascara-facial-dr-organic.jpg\" \/>\n\t<meta property=\"og:image:width\" content=\"1000\" \/>\n\t<meta property=\"og:image:height\" content=\"1000\" \/>\n\t<meta property=\"og:image:type\" content=\"image\/jpeg\" \/>\n<meta name=\"twitter:card\" content=\"summary_large_image\" \/>\n<meta name=\"twitter:label1\" content=\"Precio\" \/>\n\t<meta name=\"twitter:data1\" content=\"8,62&nbsp;&euro;\" \/>\n\t<meta name=\"twitter:label2\" content=\"Disponibilidad\" \/>\n\t<meta name=\"twitter:data2\" content=\"Sin existencias\" \/>\n<meta property=\"product:price:amount\" content=\"8.62\" \/>\n<meta property=\"product:price:currency\" content=\"EUR\" \/>\n<meta property=\"og:availability\" content=\"out of stock\" \/>\n<meta property=\"product:availability\" content=\"out of stock\" \/>\n<meta property=\"product:retailer_item_id\" content=\"5060176672833\" \/>\n<meta property=\"product:condition\" content=\"new\" \/>\n<!-- \/ Yoast SEO Premium plugin. -->","yoast_head_json":{"title":"Rosas Mascarilla Facial bio 125 ml - Dr. Organic","description":"La m\u00e1scara facial con aceite de rosa Damascena es bioactivo, biol\u00f3gico y es un aceite esencial con propiedades regeneradoras e hidratantes, t\u00f3nicas y anti-envejecimiento.","robots":{"index":"index","follow":"follow","max-snippet":"max-snippet:-1","max-image-preview":"max-image-preview:large","max-video-preview":"max-video-preview:-1"},"canonical":"https:\/\/www.lifenatura.com\/es\/produto\/rosas-mascarilla-facial-bio-125-ml-dr-organic\/","og_locale":"es_ES","og_type":"article","og_title":"Rosas Mascarilla Facial bio 125 ml - Dr. Organic - Lifenatura","og_description":"Compre aqui o seu Rosas Mascarilla Facial bio 125 ml - Dr. Organic e a Lifenatura Online envia em 48 H com Portes Gratis >35\u20ac de Pedido.","og_url":"https:\/\/www.lifenatura.com\/es\/produto\/rosas-mascarilla-facial-bio-125-ml-dr-organic\/","og_site_name":"Lifenatura","article_publisher":"https:\/\/www.facebook.com\/lifenatura","article_modified_time":"2022-08-21T14:18:14+00:00","og_image":[{"width":1000,"height":1000,"url":"https:\/\/www.lifenatura.com\/wp-content\/uploads\/2021\/09\/gd_rosa-mascara-facial-dr-organic.jpg","type":"image\/jpeg"}],"twitter_card":"summary_large_image","twitter_misc":{"Precio":"8,62&nbsp;&euro;","Disponibilidad":"Sin existencias"},"schema":{"@context":"https:\/\/schema.org","@graph":[{"@type":"WebPage","@id":"https:\/\/www.lifenatura.com\/es\/produto\/rosas-mascarilla-facial-bio-125-ml-dr-organic\/","url":"https:\/\/www.lifenatura.com\/es\/produto\/rosas-mascarilla-facial-bio-125-ml-dr-organic\/","name":"Rosas Mascarilla Facial bio 125 ml - Dr. Organic","isPartOf":{"@id":"https:\/\/www.lifenatura.com\/#website"},"primaryImageOfPage":{"@id":"https:\/\/www.lifenatura.com\/es\/produto\/rosas-mascarilla-facial-bio-125-ml-dr-organic\/#primaryimage"},"image":{"@id":"https:\/\/www.lifenatura.com\/es\/produto\/rosas-mascarilla-facial-bio-125-ml-dr-organic\/#primaryimage"},"thumbnailUrl":"https:\/\/www.lifenatura.com\/wp-content\/uploads\/2021\/09\/gd_rosa-mascara-facial-dr-organic.jpg","datePublished":"2021-09-30T09:41:33+00:00","dateModified":"2022-08-21T14:18:14+00:00","description":"La m\u00e1scara facial con aceite de rosa Damascena es bioactivo, biol\u00f3gico y es un aceite esencial con propiedades regeneradoras e hidratantes, t\u00f3nicas y anti-envejecimiento.","breadcrumb":{"@id":"https:\/\/www.lifenatura.com\/es\/produto\/rosas-mascarilla-facial-bio-125-ml-dr-organic\/#breadcrumb"},"inLanguage":"es","potentialAction":[{"@type":"ReadAction","target":["https:\/\/www.lifenatura.com\/es\/produto\/rosas-mascarilla-facial-bio-125-ml-dr-organic\/"]}]},{"@type":"ImageObject","inLanguage":"es","@id":"https:\/\/www.lifenatura.com\/es\/produto\/rosas-mascarilla-facial-bio-125-ml-dr-organic\/#primaryimage","url":"https:\/\/www.lifenatura.com\/wp-content\/uploads\/2021\/09\/gd_rosa-mascara-facial-dr-organic.jpg","contentUrl":"https:\/\/www.lifenatura.com\/wp-content\/uploads\/2021\/09\/gd_rosa-mascara-facial-dr-organic.jpg","width":1000,"height":1000,"caption":"Rosas Mascarilla Facial bio 125 ml - Dr. Organic"},{"@type":"BreadcrumbList","@id":"https:\/\/www.lifenatura.com\/es\/produto\/rosas-mascarilla-facial-bio-125-ml-dr-organic\/#breadcrumb","itemListElement":[{"@type":"ListItem","position":1,"name":"In\u00edcio","item":"https:\/\/www.lifenatura.com\/es\/"},{"@type":"ListItem","position":2,"name":"Todos los Productos","item":"https:\/\/www.lifenatura.com\/es\/tienda\/"},{"@type":"ListItem","position":3,"name":"Rosas Mascarilla Facial bio 125 ml &#8211; Dr. Organic"}]},{"@type":"WebSite","@id":"https:\/\/www.lifenatura.com\/#website","url":"https:\/\/www.lifenatura.com\/","name":"Lifenatura","description":"A Lifenatura \u00e9 uma loja de produtos naturais, cosm\u00e9tica natural e alimenta\u00e7\u00e3o Biol\u00f3gica.","publisher":{"@id":"https:\/\/www.lifenatura.com\/#organization"},"potentialAction":[{"@type":"SearchAction","target":{"@type":"EntryPoint","urlTemplate":"https:\/\/www.lifenatura.com\/?s={search_term_string}"},"query-input":{"@type":"PropertyValueSpecification","valueRequired":true,"valueName":"search_term_string"}}],"inLanguage":"es"},{"@type":"Organization","@id":"https:\/\/www.lifenatura.com\/#organization","name":"Lifenatura","url":"https:\/\/www.lifenatura.com\/","logo":{"@type":"ImageObject","inLanguage":"es","@id":"https:\/\/www.lifenatura.com\/#\/schema\/logo\/image\/","url":"https:\/\/www.lifenatura.com\/wp-content\/uploads\/2021\/11\/logo.png","contentUrl":"https:\/\/www.lifenatura.com\/wp-content\/uploads\/2021\/11\/logo.png","width":175,"height":55,"caption":"Lifenatura"},"image":{"@id":"https:\/\/www.lifenatura.com\/#\/schema\/logo\/image\/"},"sameAs":["https:\/\/www.facebook.com\/lifenatura","https:\/\/www.instagram.com\/lifenaturapt\/"]}]},"product_price_amount":"8.62","product_price_currency":"EUR","og_availability":"out of stock","product_availability":"out of stock","product_retailer_item_id":"5060176672833","product_condition":"new"},"df_price":8.62,"df_sale_price":"","df_regular_price":8.62,"df_image_link":"https:\/\/www.lifenatura.com\/wp-content\/uploads\/2021\/09\/gd_rosa-mascara-facial-dr-organic-300x300.jpg","_links":{"self":[{"href":"https:\/\/www.lifenatura.com\/es\/wp-json\/wp\/v2\/product\/37039","targetHints":{"allow":["GET"]}}],"collection":[{"href":"https:\/\/www.lifenatura.com\/es\/wp-json\/wp\/v2\/product"}],"about":[{"href":"https:\/\/www.lifenatura.com\/es\/wp-json\/wp\/v2\/types\/product"}],"wp:featuredmedia":[{"embeddable":true,"href":"https:\/\/www.lifenatura.com\/es\/wp-json\/wp\/v2\/media\/18646"}],"wp:attachment":[{"href":"https:\/\/www.lifenatura.com\/es\/wp-json\/wp\/v2\/media?parent=37039"}],"wp:term":[{"taxonomy":"product_brand","embeddable":true,"href":"https:\/\/www.lifenatura.com\/es\/wp-json\/wp\/v2\/product_brand?post=37039"},{"taxonomy":"product_cat","embeddable":true,"href":"https:\/\/www.lifenatura.com\/es\/wp-json\/wp\/v2\/product_cat?post=37039"},{"taxonomy":"product_tag","embeddable":true,"href":"https:\/\/www.lifenatura.com\/es\/wp-json\/wp\/v2\/product_tag?post=37039"}],"curies":[{"name":"wp","href":"https:\/\/api.w.org\/{rel}","templated":true}]}}