{"id":37012,"date":"2021-09-30T09:41:11","date_gmt":"2021-09-30T09:41:11","guid":{"rendered":"https:\/\/lifenatura.dev.agenciagetdigital.com\/produto\/arbol-del-te-locion-hidratante-cuerpo-bio-200-ml-dr-organic\/"},"modified":"2022-08-21T14:17:55","modified_gmt":"2022-08-21T14:17:55","slug":"arbol-del-te-locion-hidratante-cuerpo-bio-200-ml-dr-organic","status":"publish","type":"product","link":"https:\/\/www.lifenatura.com\/es\/produto\/arbol-del-te-locion-hidratante-cuerpo-bio-200-ml-dr-organic\/","title":{"rendered":"\u00c1rbol del T\u00e9 Loci\u00f3n Hidratante Cuerpo Bio 200 ml &#8211; Dr. Organic"},"content":{"rendered":"<p>Loci\u00f3n Hidratante y calmante de la piel del cuerpo La loci\u00f3n con Aceite de \u00c1rbol del T\u00e9 biol\u00f3gico de Dr. Organic se enriquece con aloe vera, manteca de cacao, manteca de karit\u00e9, aceite de oliva, aceite de girasol, musgo irland\u00e9s, vitaminas A y E. Presenta una acci\u00f3n calmante y reparadora adecuada para ser utilizada como hidratante y calmante de pieles secas, da\u00f1adas e irritadas. Se trata de una f\u00f3rmula no grasosa, f\u00e1cilmente absorbida por la piel, que protege, nutre, tonifica e hidrata, dej\u00e1ndola purificada, fresca, confortable y naturalmente sana. PRESENTACI\u00d3N 200ml<\/p>\n","protected":false},"excerpt":{"rendered":"<p>Loci\u00f3n Hidratante y calmante de la piel del cuerpo La loci\u00f3n con Aceite de \u00c1rbol del T\u00e9 biol\u00f3gico de Dr. Organic se enriquece con aloe vera, manteca de cacao, manteca de karit\u00e9, aceite de oliva, aceite de girasol, musgo irland\u00e9s, vitaminas A y E. Presenta una acci\u00f3n calmante y reparadora adecuada para ser utilizada como [&#8230;]<\/p>\n<p><a class=\"btn btn-secondary understrap-read-more-link\" href=\"https:\/\/www.lifenatura.com\/es\/produto\/arbol-del-te-locion-hidratante-cuerpo-bio-200-ml-dr-organic\/\">Leer m\u00e1s&#8230;<span class=\"screen-reader-text\"> from \u00c1rbol del T\u00e9 Loci\u00f3n Hidratante Cuerpo Bio 200 ml &#8211; Dr. Organic<\/span><\/a><\/p>\n","protected":false},"featured_media":0,"template":"","meta":{"_acf_changed":false},"product_brand":[8502],"product_cat":[7653,7105,7102],"product_tag":[],"class_list":{"0":"post-37012","1":"product","2":"type-product","3":"status-publish","5":"product_brand-dr-organic","6":"product_cat-cosmetica-natural-lifenatura","7":"product_cat-crema-hidratante","8":"product_cat-cuidado-del-cuerpo","10":"first","11":"instock","12":"shipping-taxable","13":"purchasable","14":"product-type-simple","15":"add-to-wishlist-before_image"},"acf":[],"yoast_head":"<!-- This site is optimized with the Yoast SEO Premium plugin v27.1 (Yoast SEO v27.3) - https:\/\/yoast.com\/product\/yoast-seo-premium-wordpress\/ -->\n<title>\u00c1rbol del T\u00e9 Loci\u00f3n Hidratante Cuerpo Bio 200 ml - Dr. Organic<\/title>\n<meta name=\"description\" content=\"Presenta una acci\u00f3n calmante y reparadora adecuada para ser utilizada como hidratante y calmante de pieles secas, da\u00f1adas e irritadas.\" \/>\n<meta name=\"robots\" content=\"index, follow, max-snippet:-1, max-image-preview:large, max-video-preview:-1\" \/>\n<link rel=\"canonical\" href=\"https:\/\/www.lifenatura.com\/es\/produto\/arbol-del-te-locion-hidratante-cuerpo-bio-200-ml-dr-organic\/\" \/>\n<meta property=\"og:locale\" content=\"es_ES\" \/>\n<meta property=\"og:type\" content=\"article\" \/>\n<meta property=\"og:title\" content=\"\u00c1rbol del T\u00e9 Loci\u00f3n Hidratante Cuerpo Bio 200 ml - Dr. Organic - Lifenatura\" \/>\n<meta property=\"og:description\" content=\"Compre aqui o seu \u00c1rbol del T\u00e9 Loci\u00f3n Hidratante Cuerpo Bio 200 ml - Dr. Organic e a Lifenatura Online envia em 48 H com Portes Gratis &gt;35\u20ac de Pedido.\" \/>\n<meta property=\"og:url\" content=\"https:\/\/www.lifenatura.com\/es\/produto\/arbol-del-te-locion-hidratante-cuerpo-bio-200-ml-dr-organic\/\" \/>\n<meta property=\"og:site_name\" content=\"Lifenatura\" \/>\n<meta property=\"article:publisher\" content=\"https:\/\/www.facebook.com\/lifenatura\" \/>\n<meta property=\"article:modified_time\" content=\"2022-08-21T14:17:55+00:00\" \/>\n<meta property=\"og:image\" content=\"https:\/\/www.lifenatura.com\/wp-content\/uploads\/2021\/09\/gd_melaleuca-creme-hidratante-corpo-dr-organic.jpg\" \/>\n\t<meta property=\"og:image:width\" content=\"1000\" \/>\n\t<meta property=\"og:image:height\" content=\"1000\" \/>\n\t<meta property=\"og:image:type\" content=\"image\/jpeg\" \/>\n<meta name=\"twitter:card\" content=\"summary_large_image\" \/>\n<meta name=\"twitter:label1\" content=\"Precio\" \/>\n\t<meta name=\"twitter:data1\" content=\"8,62&nbsp;&euro;\" \/>\n\t<meta name=\"twitter:label2\" content=\"Disponibilidad\" \/>\n\t<meta name=\"twitter:data2\" content=\"Disponible\" \/>\n<meta property=\"product:price:amount\" content=\"8.62\" \/>\n<meta property=\"product:price:currency\" content=\"EUR\" \/>\n<meta property=\"og:availability\" content=\"instock\" \/>\n<meta property=\"product:availability\" content=\"instock\" \/>\n<meta property=\"product:retailer_item_id\" content=\"5060176670488\" \/>\n<meta property=\"product:condition\" content=\"new\" \/>\n<!-- \/ Yoast SEO Premium plugin. -->","yoast_head_json":{"title":"\u00c1rbol del T\u00e9 Loci\u00f3n Hidratante Cuerpo Bio 200 ml - Dr. Organic","description":"Presenta una acci\u00f3n calmante y reparadora adecuada para ser utilizada como hidratante y calmante de pieles secas, da\u00f1adas e irritadas.","robots":{"index":"index","follow":"follow","max-snippet":"max-snippet:-1","max-image-preview":"max-image-preview:large","max-video-preview":"max-video-preview:-1"},"canonical":"https:\/\/www.lifenatura.com\/es\/produto\/arbol-del-te-locion-hidratante-cuerpo-bio-200-ml-dr-organic\/","og_locale":"es_ES","og_type":"article","og_title":"\u00c1rbol del T\u00e9 Loci\u00f3n Hidratante Cuerpo Bio 200 ml - Dr. Organic - Lifenatura","og_description":"Compre aqui o seu \u00c1rbol del T\u00e9 Loci\u00f3n Hidratante Cuerpo Bio 200 ml - Dr. Organic e a Lifenatura Online envia em 48 H com Portes Gratis >35\u20ac de Pedido.","og_url":"https:\/\/www.lifenatura.com\/es\/produto\/arbol-del-te-locion-hidratante-cuerpo-bio-200-ml-dr-organic\/","og_site_name":"Lifenatura","article_publisher":"https:\/\/www.facebook.com\/lifenatura","article_modified_time":"2022-08-21T14:17:55+00:00","og_image":[{"width":1000,"height":1000,"url":"https:\/\/www.lifenatura.com\/wp-content\/uploads\/2021\/09\/gd_melaleuca-creme-hidratante-corpo-dr-organic.jpg","type":"image\/jpeg"}],"twitter_card":"summary_large_image","twitter_misc":{"Precio":"8,62&nbsp;&euro;","Disponibilidad":"Disponible"},"schema":{"@context":"https:\/\/schema.org","@graph":[{"@type":"WebPage","@id":"https:\/\/www.lifenatura.com\/es\/produto\/arbol-del-te-locion-hidratante-cuerpo-bio-200-ml-dr-organic\/","url":"https:\/\/www.lifenatura.com\/es\/produto\/arbol-del-te-locion-hidratante-cuerpo-bio-200-ml-dr-organic\/","name":"\u00c1rbol del T\u00e9 Loci\u00f3n Hidratante Cuerpo Bio 200 ml - Dr. Organic","isPartOf":{"@id":"https:\/\/www.lifenatura.com\/es\/#website"},"datePublished":"2021-09-30T09:41:11+00:00","dateModified":"2022-08-21T14:17:55+00:00","description":"Presenta una acci\u00f3n calmante y reparadora adecuada para ser utilizada como hidratante y calmante de pieles secas, da\u00f1adas e irritadas.","breadcrumb":{"@id":"https:\/\/www.lifenatura.com\/es\/produto\/arbol-del-te-locion-hidratante-cuerpo-bio-200-ml-dr-organic\/#breadcrumb"},"inLanguage":"es","potentialAction":[{"@type":"ReadAction","target":["https:\/\/www.lifenatura.com\/es\/produto\/arbol-del-te-locion-hidratante-cuerpo-bio-200-ml-dr-organic\/"]}]},{"@type":"BreadcrumbList","@id":"https:\/\/www.lifenatura.com\/es\/produto\/arbol-del-te-locion-hidratante-cuerpo-bio-200-ml-dr-organic\/#breadcrumb","itemListElement":[{"@type":"ListItem","position":1,"name":"In\u00edcio","item":"https:\/\/www.lifenatura.com\/es\/"},{"@type":"ListItem","position":2,"name":"Todos los Productos","item":"https:\/\/www.lifenatura.com\/es\/tienda\/"},{"@type":"ListItem","position":3,"name":"\u00c1rbol del T\u00e9 Loci\u00f3n Hidratante Cuerpo Bio 200 ml &#8211; Dr. Organic"}]},{"@type":"WebSite","@id":"https:\/\/www.lifenatura.com\/es\/#website","url":"https:\/\/www.lifenatura.com\/es\/","name":"Lifenatura","description":"A Lifenatura \u00e9 uma loja de produtos naturais, cosm\u00e9tica natural e alimenta\u00e7\u00e3o Biol\u00f3gica.","publisher":{"@id":"https:\/\/www.lifenatura.com\/es\/#organization"},"potentialAction":[{"@type":"SearchAction","target":{"@type":"EntryPoint","urlTemplate":"https:\/\/www.lifenatura.com\/es\/?s={search_term_string}"},"query-input":{"@type":"PropertyValueSpecification","valueRequired":true,"valueName":"search_term_string"}}],"inLanguage":"es"},{"@type":"Organization","@id":"https:\/\/www.lifenatura.com\/es\/#organization","name":"Lifenatura","url":"https:\/\/www.lifenatura.com\/es\/","logo":{"@type":"ImageObject","inLanguage":"es","@id":"https:\/\/www.lifenatura.com\/es\/#\/schema\/logo\/image\/","url":"https:\/\/www.lifenatura.com\/wp-content\/uploads\/2021\/11\/logo.png","contentUrl":"https:\/\/www.lifenatura.com\/wp-content\/uploads\/2021\/11\/logo.png","width":175,"height":55,"caption":"Lifenatura"},"image":{"@id":"https:\/\/www.lifenatura.com\/es\/#\/schema\/logo\/image\/"},"sameAs":["https:\/\/www.facebook.com\/lifenatura","https:\/\/www.instagram.com\/lifenaturapt\/"]}]},"product_price_amount":"8.62","product_price_currency":"EUR","og_availability":"instock","product_availability":"instock","product_retailer_item_id":"5060176670488","product_condition":"new"},"df_price":8.62,"df_sale_price":"","df_regular_price":8.62,"df_image_link":"https:\/\/www.lifenatura.com\/wp-content\/uploads\/woocommerce-placeholder-300x300.png","_links":{"self":[{"href":"https:\/\/www.lifenatura.com\/es\/wp-json\/wp\/v2\/product\/37012","targetHints":{"allow":["GET"]}}],"collection":[{"href":"https:\/\/www.lifenatura.com\/es\/wp-json\/wp\/v2\/product"}],"about":[{"href":"https:\/\/www.lifenatura.com\/es\/wp-json\/wp\/v2\/types\/product"}],"wp:attachment":[{"href":"https:\/\/www.lifenatura.com\/es\/wp-json\/wp\/v2\/media?parent=37012"}],"wp:term":[{"taxonomy":"product_brand","embeddable":true,"href":"https:\/\/www.lifenatura.com\/es\/wp-json\/wp\/v2\/product_brand?post=37012"},{"taxonomy":"product_cat","embeddable":true,"href":"https:\/\/www.lifenatura.com\/es\/wp-json\/wp\/v2\/product_cat?post=37012"},{"taxonomy":"product_tag","embeddable":true,"href":"https:\/\/www.lifenatura.com\/es\/wp-json\/wp\/v2\/product_tag?post=37012"}],"curies":[{"name":"wp","href":"https:\/\/api.w.org\/{rel}","templated":true}]}}