{"id":36999,"date":"2021-09-30T09:40:50","date_gmt":"2021-09-30T09:40:50","guid":{"rendered":"https:\/\/lifenatura.dev.agenciagetdigital.com\/produto\/granada-desodorante-bio-50-ml-dr-organic\/"},"modified":"2022-08-21T14:17:47","modified_gmt":"2022-08-21T14:17:47","slug":"granada-desodorante-bio-50-ml-dr-organic","status":"publish","type":"product","link":"https:\/\/www.lifenatura.com\/es\/produto\/granada-desodorante-bio-50-ml-dr-organic\/","title":{"rendered":"Granada Desodorante Bio 50 ml &#8211; Dr. Organic"},"content":{"rendered":"<p>Desodorante en roll-on con protege la piel sensible Desodorante cremoso en roll-on con granada biol\u00f3gica del Dr. Organic, extremadamente suave pero altamente eficaz para proveer el cuidado de todo tipo de piel. El desodorante biol\u00f3gico de Dr. Organic deja la piel suave, suave e hidratada con una protecci\u00f3n de larga duraci\u00f3n contra los malos olores. PRESENTACI\u00d3N 50ml.<\/p>\n","protected":false},"excerpt":{"rendered":"<p>Desodorante en roll-on con protege la piel sensible Desodorante cremoso en roll-on con granada biol\u00f3gica del Dr. Organic, extremadamente suave pero altamente eficaz para proveer el cuidado de todo tipo de piel. El desodorante biol\u00f3gico de Dr. Organic deja la piel suave, suave e hidratada con una protecci\u00f3n de larga duraci\u00f3n contra los malos olores. [&#8230;]<\/p>\n<p><a class=\"btn btn-secondary understrap-read-more-link\" href=\"https:\/\/www.lifenatura.com\/es\/produto\/granada-desodorante-bio-50-ml-dr-organic\/\">Leer m\u00e1s&#8230;<span class=\"screen-reader-text\"> from Granada Desodorante Bio 50 ml &#8211; Dr. Organic<\/span><\/a><\/p>\n","protected":false},"featured_media":18606,"template":"","meta":{"_acf_changed":false},"product_brand":[8502],"product_cat":[7653,7102,7107],"product_tag":[],"class_list":{"0":"post-36999","1":"product","2":"type-product","3":"status-publish","4":"has-post-thumbnail","6":"product_brand-dr-organic","7":"product_cat-cosmetica-natural-lifenatura","8":"product_cat-cuidado-del-cuerpo","9":"product_cat-desodorantes","11":"first","12":"instock","13":"shipping-taxable","14":"purchasable","15":"product-type-simple","16":"add-to-wishlist-before_image"},"acf":[],"yoast_head":"<!-- This site is optimized with the Yoast SEO Premium plugin v27.1 (Yoast SEO v27.5) - https:\/\/yoast.com\/product\/yoast-seo-premium-wordpress\/ -->\n<title>Granada Desodorante Bio 50 ml - Dr. Organic<\/title>\n<meta name=\"description\" content=\"Desodorante cremoso en roll-on con granada biol\u00f3gica del Dr. Organic, extremadamente suave pero altamente eficaz para proveer el cuidado de todo tipo de piel.\" \/>\n<meta name=\"robots\" content=\"index, follow, max-snippet:-1, max-image-preview:large, max-video-preview:-1\" \/>\n<link rel=\"canonical\" href=\"https:\/\/www.lifenatura.com\/es\/produto\/granada-desodorante-bio-50-ml-dr-organic\/\" \/>\n<meta property=\"og:locale\" content=\"es_ES\" \/>\n<meta property=\"og:type\" content=\"article\" \/>\n<meta property=\"og:title\" content=\"Granada Desodorante Bio 50 ml - Dr. Organic - Na Lifenatura ao Melhor Pre\u00e7o | Envio 48h\" \/>\n<meta property=\"og:description\" content=\"Compre Granada Desodorante Bio 50 ml - Dr. Organic com envio r\u00e1pido. Entrega em 48h e portes gr\u00e1tis em compras &gt;35\u20ac. Aproveite j\u00e1 na Lifenatura\" \/>\n<meta property=\"og:url\" content=\"https:\/\/www.lifenatura.com\/es\/produto\/granada-desodorante-bio-50-ml-dr-organic\/\" \/>\n<meta property=\"og:site_name\" content=\"Lifenatura\" \/>\n<meta property=\"article:publisher\" content=\"https:\/\/www.facebook.com\/lifenatura\" \/>\n<meta property=\"article:modified_time\" content=\"2022-08-21T14:17:47+00:00\" \/>\n<meta property=\"og:image\" content=\"https:\/\/www.lifenatura.com\/wp-content\/uploads\/2021\/09\/gd_roma-desodorizante-dr-organic.jpg\" \/>\n\t<meta property=\"og:image:width\" content=\"1000\" \/>\n\t<meta property=\"og:image:height\" content=\"1000\" \/>\n\t<meta property=\"og:image:type\" content=\"image\/jpeg\" \/>\n<meta name=\"twitter:card\" content=\"summary_large_image\" \/>\n<meta name=\"twitter:label1\" content=\"Precio\" \/>\n\t<meta name=\"twitter:data1\" content=\"6,26&nbsp;&euro;\" \/>\n\t<meta name=\"twitter:label2\" content=\"Disponibilidad\" \/>\n\t<meta name=\"twitter:data2\" content=\"Disponible\" \/>\n<script type=\"application\/ld+json\" class=\"yoast-schema-graph\">{\"@context\":\"https:\\\/\\\/schema.org\",\"@graph\":[{\"@type\":\"WebPage\",\"@id\":\"https:\\\/\\\/www.lifenatura.com\\\/es\\\/produto\\\/granada-desodorante-bio-50-ml-dr-organic\\\/\",\"url\":\"https:\\\/\\\/www.lifenatura.com\\\/es\\\/produto\\\/granada-desodorante-bio-50-ml-dr-organic\\\/\",\"name\":\"Granada Desodorante Bio 50 ml - Dr. Organic\",\"isPartOf\":{\"@id\":\"https:\\\/\\\/www.lifenatura.com\\\/es\\\/#website\"},\"primaryImageOfPage\":{\"@id\":\"https:\\\/\\\/www.lifenatura.com\\\/es\\\/produto\\\/granada-desodorante-bio-50-ml-dr-organic\\\/#primaryimage\"},\"image\":{\"@id\":\"https:\\\/\\\/www.lifenatura.com\\\/es\\\/produto\\\/granada-desodorante-bio-50-ml-dr-organic\\\/#primaryimage\"},\"thumbnailUrl\":\"https:\\\/\\\/www.lifenatura.com\\\/wp-content\\\/uploads\\\/2021\\\/09\\\/gd_roma-desodorizante-dr-organic.jpg\",\"datePublished\":\"2021-09-30T09:40:50+00:00\",\"dateModified\":\"2022-08-21T14:17:47+00:00\",\"description\":\"Desodorante cremoso en roll-on con granada biol\u00f3gica del Dr. Organic, extremadamente suave pero altamente eficaz para proveer el cuidado de todo tipo de piel.\",\"breadcrumb\":{\"@id\":\"https:\\\/\\\/www.lifenatura.com\\\/es\\\/produto\\\/granada-desodorante-bio-50-ml-dr-organic\\\/#breadcrumb\"},\"inLanguage\":\"es\",\"potentialAction\":[{\"@type\":\"ReadAction\",\"target\":[\"https:\\\/\\\/www.lifenatura.com\\\/es\\\/produto\\\/granada-desodorante-bio-50-ml-dr-organic\\\/\"]}]},{\"@type\":\"ImageObject\",\"inLanguage\":\"es\",\"@id\":\"https:\\\/\\\/www.lifenatura.com\\\/es\\\/produto\\\/granada-desodorante-bio-50-ml-dr-organic\\\/#primaryimage\",\"url\":\"https:\\\/\\\/www.lifenatura.com\\\/wp-content\\\/uploads\\\/2021\\\/09\\\/gd_roma-desodorizante-dr-organic.jpg\",\"contentUrl\":\"https:\\\/\\\/www.lifenatura.com\\\/wp-content\\\/uploads\\\/2021\\\/09\\\/gd_roma-desodorizante-dr-organic.jpg\",\"width\":1000,\"height\":1000,\"caption\":\"Granada Desodorante Bio 50 ml - Dr. Organic\"},{\"@type\":\"BreadcrumbList\",\"@id\":\"https:\\\/\\\/www.lifenatura.com\\\/es\\\/produto\\\/granada-desodorante-bio-50-ml-dr-organic\\\/#breadcrumb\",\"itemListElement\":[{\"@type\":\"ListItem\",\"position\":1,\"name\":\"In\u00edcio\",\"item\":\"https:\\\/\\\/www.lifenatura.com\\\/es\\\/\"},{\"@type\":\"ListItem\",\"position\":2,\"name\":\"Todos los Productos\",\"item\":\"https:\\\/\\\/www.lifenatura.com\\\/es\\\/tienda\\\/\"},{\"@type\":\"ListItem\",\"position\":3,\"name\":\"Granada Desodorante Bio 50 ml &#8211; Dr. Organic\"}]},{\"@type\":\"WebSite\",\"@id\":\"https:\\\/\\\/www.lifenatura.com\\\/es\\\/#website\",\"url\":\"https:\\\/\\\/www.lifenatura.com\\\/es\\\/\",\"name\":\"Lifenatura\",\"description\":\"A Lifenatura \u00e9 uma loja de produtos naturais, cosm\u00e9tica natural e alimenta\u00e7\u00e3o Biol\u00f3gica.\",\"publisher\":{\"@id\":\"https:\\\/\\\/www.lifenatura.com\\\/es\\\/#organization\"},\"potentialAction\":[{\"@type\":\"SearchAction\",\"target\":{\"@type\":\"EntryPoint\",\"urlTemplate\":\"https:\\\/\\\/www.lifenatura.com\\\/es\\\/?s={search_term_string}\"},\"query-input\":{\"@type\":\"PropertyValueSpecification\",\"valueRequired\":true,\"valueName\":\"search_term_string\"}}],\"inLanguage\":\"es\"},{\"@type\":\"Organization\",\"@id\":\"https:\\\/\\\/www.lifenatura.com\\\/es\\\/#organization\",\"name\":\"Lifenatura\",\"url\":\"https:\\\/\\\/www.lifenatura.com\\\/es\\\/\",\"logo\":{\"@type\":\"ImageObject\",\"inLanguage\":\"es\",\"@id\":\"https:\\\/\\\/www.lifenatura.com\\\/es\\\/#\\\/schema\\\/logo\\\/image\\\/\",\"url\":\"https:\\\/\\\/www.lifenatura.com\\\/wp-content\\\/uploads\\\/2021\\\/07\\\/logo.png\",\"contentUrl\":\"https:\\\/\\\/www.lifenatura.com\\\/wp-content\\\/uploads\\\/2021\\\/07\\\/logo.png\",\"width\":175,\"height\":55,\"caption\":\"Lifenatura\"},\"image\":{\"@id\":\"https:\\\/\\\/www.lifenatura.com\\\/es\\\/#\\\/schema\\\/logo\\\/image\\\/\"},\"sameAs\":[\"https:\\\/\\\/www.facebook.com\\\/lifenatura\",\"https:\\\/\\\/www.instagram.com\\\/lifenaturapt\\\/\"],\"hasMerchantReturnPolicy\":{\"@type\":\"MerchantReturnPolicy\",\"merchantReturnLink\":\"https:\\\/\\\/www.lifenatura.com\\\/termos-condicoes-lifenatura\\\/\"}}]}<\/script>\n<meta property=\"product:price:amount\" content=\"6.26\" \/>\n<meta property=\"product:price:currency\" content=\"EUR\" \/>\n<meta property=\"og:availability\" content=\"instock\" \/>\n<meta property=\"product:availability\" content=\"instock\" \/>\n<meta property=\"product:retailer_item_id\" content=\"5060176671416\" \/>\n<meta property=\"product:condition\" content=\"new\" \/>\n<!-- \/ Yoast SEO Premium plugin. -->","yoast_head_json":{"title":"Granada Desodorante Bio 50 ml - Dr. Organic","description":"Desodorante cremoso en roll-on con granada biol\u00f3gica del Dr. Organic, extremadamente suave pero altamente eficaz para proveer el cuidado de todo tipo de piel.","robots":{"index":"index","follow":"follow","max-snippet":"max-snippet:-1","max-image-preview":"max-image-preview:large","max-video-preview":"max-video-preview:-1"},"canonical":"https:\/\/www.lifenatura.com\/es\/produto\/granada-desodorante-bio-50-ml-dr-organic\/","og_locale":"es_ES","og_type":"article","og_title":"Granada Desodorante Bio 50 ml - Dr. Organic - Na Lifenatura ao Melhor Pre\u00e7o | Envio 48h","og_description":"Compre Granada Desodorante Bio 50 ml - Dr. Organic com envio r\u00e1pido. Entrega em 48h e portes gr\u00e1tis em compras >35\u20ac. Aproveite j\u00e1 na Lifenatura","og_url":"https:\/\/www.lifenatura.com\/es\/produto\/granada-desodorante-bio-50-ml-dr-organic\/","og_site_name":"Lifenatura","article_publisher":"https:\/\/www.facebook.com\/lifenatura","article_modified_time":"2022-08-21T14:17:47+00:00","og_image":[{"width":1000,"height":1000,"url":"https:\/\/www.lifenatura.com\/wp-content\/uploads\/2021\/09\/gd_roma-desodorizante-dr-organic.jpg","type":"image\/jpeg"}],"twitter_card":"summary_large_image","twitter_misc":{"Precio":"6,26&nbsp;&euro;","Disponibilidad":"Disponible"},"schema":{"@context":"https:\/\/schema.org","@graph":[{"@type":"WebPage","@id":"https:\/\/www.lifenatura.com\/es\/produto\/granada-desodorante-bio-50-ml-dr-organic\/","url":"https:\/\/www.lifenatura.com\/es\/produto\/granada-desodorante-bio-50-ml-dr-organic\/","name":"Granada Desodorante Bio 50 ml - Dr. Organic","isPartOf":{"@id":"https:\/\/www.lifenatura.com\/es\/#website"},"primaryImageOfPage":{"@id":"https:\/\/www.lifenatura.com\/es\/produto\/granada-desodorante-bio-50-ml-dr-organic\/#primaryimage"},"image":{"@id":"https:\/\/www.lifenatura.com\/es\/produto\/granada-desodorante-bio-50-ml-dr-organic\/#primaryimage"},"thumbnailUrl":"https:\/\/www.lifenatura.com\/wp-content\/uploads\/2021\/09\/gd_roma-desodorizante-dr-organic.jpg","datePublished":"2021-09-30T09:40:50+00:00","dateModified":"2022-08-21T14:17:47+00:00","description":"Desodorante cremoso en roll-on con granada biol\u00f3gica del Dr. Organic, extremadamente suave pero altamente eficaz para proveer el cuidado de todo tipo de piel.","breadcrumb":{"@id":"https:\/\/www.lifenatura.com\/es\/produto\/granada-desodorante-bio-50-ml-dr-organic\/#breadcrumb"},"inLanguage":"es","potentialAction":[{"@type":"ReadAction","target":["https:\/\/www.lifenatura.com\/es\/produto\/granada-desodorante-bio-50-ml-dr-organic\/"]}]},{"@type":"ImageObject","inLanguage":"es","@id":"https:\/\/www.lifenatura.com\/es\/produto\/granada-desodorante-bio-50-ml-dr-organic\/#primaryimage","url":"https:\/\/www.lifenatura.com\/wp-content\/uploads\/2021\/09\/gd_roma-desodorizante-dr-organic.jpg","contentUrl":"https:\/\/www.lifenatura.com\/wp-content\/uploads\/2021\/09\/gd_roma-desodorizante-dr-organic.jpg","width":1000,"height":1000,"caption":"Granada Desodorante Bio 50 ml - Dr. Organic"},{"@type":"BreadcrumbList","@id":"https:\/\/www.lifenatura.com\/es\/produto\/granada-desodorante-bio-50-ml-dr-organic\/#breadcrumb","itemListElement":[{"@type":"ListItem","position":1,"name":"In\u00edcio","item":"https:\/\/www.lifenatura.com\/es\/"},{"@type":"ListItem","position":2,"name":"Todos los Productos","item":"https:\/\/www.lifenatura.com\/es\/tienda\/"},{"@type":"ListItem","position":3,"name":"Granada Desodorante Bio 50 ml &#8211; Dr. Organic"}]},{"@type":"WebSite","@id":"https:\/\/www.lifenatura.com\/es\/#website","url":"https:\/\/www.lifenatura.com\/es\/","name":"Lifenatura","description":"A Lifenatura \u00e9 uma loja de produtos naturais, cosm\u00e9tica natural e alimenta\u00e7\u00e3o Biol\u00f3gica.","publisher":{"@id":"https:\/\/www.lifenatura.com\/es\/#organization"},"potentialAction":[{"@type":"SearchAction","target":{"@type":"EntryPoint","urlTemplate":"https:\/\/www.lifenatura.com\/es\/?s={search_term_string}"},"query-input":{"@type":"PropertyValueSpecification","valueRequired":true,"valueName":"search_term_string"}}],"inLanguage":"es"},{"@type":"Organization","@id":"https:\/\/www.lifenatura.com\/es\/#organization","name":"Lifenatura","url":"https:\/\/www.lifenatura.com\/es\/","logo":{"@type":"ImageObject","inLanguage":"es","@id":"https:\/\/www.lifenatura.com\/es\/#\/schema\/logo\/image\/","url":"https:\/\/www.lifenatura.com\/wp-content\/uploads\/2021\/07\/logo.png","contentUrl":"https:\/\/www.lifenatura.com\/wp-content\/uploads\/2021\/07\/logo.png","width":175,"height":55,"caption":"Lifenatura"},"image":{"@id":"https:\/\/www.lifenatura.com\/es\/#\/schema\/logo\/image\/"},"sameAs":["https:\/\/www.facebook.com\/lifenatura","https:\/\/www.instagram.com\/lifenaturapt\/"],"hasMerchantReturnPolicy":{"@type":"MerchantReturnPolicy","merchantReturnLink":"https:\/\/www.lifenatura.com\/termos-condicoes-lifenatura\/"}}]},"product_price_amount":"6.26","product_price_currency":"EUR","og_availability":"instock","product_availability":"instock","product_retailer_item_id":"5060176671416","product_condition":"new"},"df_price":6.26,"df_sale_price":"","df_regular_price":6.26,"df_image_link":"https:\/\/www.lifenatura.com\/wp-content\/uploads\/2021\/09\/gd_roma-desodorizante-dr-organic-300x300.jpg","_links":{"self":[{"href":"https:\/\/www.lifenatura.com\/es\/wp-json\/wp\/v2\/product\/36999","targetHints":{"allow":["GET"]}}],"collection":[{"href":"https:\/\/www.lifenatura.com\/es\/wp-json\/wp\/v2\/product"}],"about":[{"href":"https:\/\/www.lifenatura.com\/es\/wp-json\/wp\/v2\/types\/product"}],"wp:featuredmedia":[{"embeddable":true,"href":"https:\/\/www.lifenatura.com\/es\/wp-json\/wp\/v2\/media\/18606"}],"wp:attachment":[{"href":"https:\/\/www.lifenatura.com\/es\/wp-json\/wp\/v2\/media?parent=36999"}],"wp:term":[{"taxonomy":"product_brand","embeddable":true,"href":"https:\/\/www.lifenatura.com\/es\/wp-json\/wp\/v2\/product_brand?post=36999"},{"taxonomy":"product_cat","embeddable":true,"href":"https:\/\/www.lifenatura.com\/es\/wp-json\/wp\/v2\/product_cat?post=36999"},{"taxonomy":"product_tag","embeddable":true,"href":"https:\/\/www.lifenatura.com\/es\/wp-json\/wp\/v2\/product_tag?post=36999"}],"curies":[{"name":"wp","href":"https:\/\/api.w.org\/{rel}","templated":true}]}}