{"id":36990,"date":"2021-09-30T09:40:50","date_gmt":"2021-09-30T09:40:50","guid":{"rendered":"https:\/\/lifenatura.dev.agenciagetdigital.com\/produto\/aceite-de-coco-virgen-crema-noche-bio-50-ml-dr-organic\/"},"modified":"2022-08-21T14:17:41","modified_gmt":"2022-08-21T14:17:41","slug":"aceite-de-coco-virgen-crema-noche-bio-50-ml-dr-organic","status":"publish","type":"product","link":"https:\/\/www.lifenatura.com\/es\/produto\/aceite-de-coco-virgen-crema-noche-bio-50-ml-dr-organic\/","title":{"rendered":"Aceite de Coco Virgen Crema Noche Bio 50 ml &#8211; Dr. Organic"},"content":{"rendered":"<p>Crema hidratante de noche con acci\u00f3n antienvejecedora Crema de noche de la Dr. Organic con ingredientes a base de Aceite de Coco Virgo y tambi\u00e9n extracto de este fruto y a\u00fan enriquecido con SEPILFT\u00aeDPHP, una f\u00f3rmula con m\u00faltiples acciones anti-envejecimiento cut\u00e1neo comprobadas, entre ellas triple acci\u00f3n en la promoci\u00f3n de la firmeza de la piel. Debido al alto nivel de triglic\u00e9ridos de cadena media presentes en el aceite de coco, este es altamente hidratante y equilibra el nivel de hidrataci\u00f3n de la piel, dej\u00e1ndola sana y fresca, firme y tonificada. Crema hidratante que act\u00faa a lo largo de la noche. PRESENTACI\u00d3N 50ml.<\/p>\n","protected":false},"excerpt":{"rendered":"<p>Crema hidratante de noche con acci\u00f3n antienvejecedora Crema de noche de la Dr. Organic con ingredientes a base de Aceite de Coco Virgo y tambi\u00e9n extracto de este fruto y a\u00fan enriquecido con SEPILFT\u00aeDPHP, una f\u00f3rmula con m\u00faltiples acciones anti-envejecimiento cut\u00e1neo comprobadas, entre ellas triple acci\u00f3n en la promoci\u00f3n de la firmeza de la piel. [&#8230;]<\/p>\n<p><a class=\"btn btn-secondary understrap-read-more-link\" href=\"https:\/\/www.lifenatura.com\/es\/produto\/aceite-de-coco-virgen-crema-noche-bio-50-ml-dr-organic\/\">Leer m\u00e1s&#8230;<span class=\"screen-reader-text\"> from Aceite de Coco Virgen Crema Noche Bio 50 ml &#8211; Dr. Organic<\/span><\/a><\/p>\n","protected":false},"featured_media":18597,"template":"","meta":{"_acf_changed":false},"product_brand":[8502],"product_cat":[7686,7653,7105,7102,7659],"product_tag":[],"class_list":{"0":"post-36990","1":"product","2":"type-product","3":"status-publish","4":"has-post-thumbnail","6":"product_brand-dr-organic","7":"product_cat-coco-bio","8":"product_cat-cosmetica-natural-lifenatura","9":"product_cat-crema-hidratante","10":"product_cat-cuidado-del-cuerpo","11":"product_cat-ingrediente-natural-bio","13":"first","14":"outofstock","15":"shipping-taxable","16":"purchasable","17":"product-type-simple","18":"add-to-wishlist-before_image"},"acf":[],"yoast_head":"<!-- This site is optimized with the Yoast SEO Premium plugin v27.1 (Yoast SEO v27.4) - https:\/\/yoast.com\/product\/yoast-seo-premium-wordpress\/ -->\n<title>Aceite de Coco Virgen Crema Noche Bio 50 ml - Dr. Organic<\/title>\n<meta name=\"description\" content=\"Dr. Organic con ingredientes a base de Aceite de Coco Virgo y tambi\u00e9n extracto de este fruto y a\u00fan enriquecido con SEPILFT\u00aeDPHP, una f\u00f3rmula con m\u00faltiples acciones anti-envejecimiento\" \/>\n<meta name=\"robots\" content=\"index, follow, max-snippet:-1, max-image-preview:large, max-video-preview:-1\" \/>\n<link rel=\"canonical\" href=\"https:\/\/www.lifenatura.com\/es\/produto\/aceite-de-coco-virgen-crema-noche-bio-50-ml-dr-organic\/\" \/>\n<meta property=\"og:locale\" content=\"es_ES\" \/>\n<meta property=\"og:type\" content=\"article\" \/>\n<meta property=\"og:title\" content=\"Aceite de Coco Virgen Crema Noche Bio 50 ml - Dr. Organic - Lifenatura\" \/>\n<meta property=\"og:description\" content=\"Compre aqui o seu Aceite de Coco Virgen Crema Noche Bio 50 ml - Dr. Organic e a Lifenatura Online envia em 48 H com Portes Gratis &gt;35\u20ac de Pedido.\" \/>\n<meta property=\"og:url\" content=\"https:\/\/www.lifenatura.com\/es\/produto\/aceite-de-coco-virgen-crema-noche-bio-50-ml-dr-organic\/\" \/>\n<meta property=\"og:site_name\" content=\"Lifenatura\" \/>\n<meta property=\"article:publisher\" content=\"https:\/\/www.facebook.com\/lifenatura\" \/>\n<meta property=\"article:modified_time\" content=\"2022-08-21T14:17:41+00:00\" \/>\n<meta property=\"og:image\" content=\"https:\/\/www.lifenatura.com\/wp-content\/uploads\/2021\/09\/gd_oleo-coco-creme-noite-dr-organic.jpg\" \/>\n\t<meta property=\"og:image:width\" content=\"1000\" \/>\n\t<meta property=\"og:image:height\" content=\"1000\" \/>\n\t<meta property=\"og:image:type\" content=\"image\/jpeg\" \/>\n<meta name=\"twitter:card\" content=\"summary_large_image\" \/>\n<meta name=\"twitter:label1\" content=\"Precio\" \/>\n\t<meta name=\"twitter:data1\" content=\"12,47&nbsp;&euro;\" \/>\n\t<meta name=\"twitter:label2\" content=\"Disponibilidad\" \/>\n\t<meta name=\"twitter:data2\" content=\"Sin existencias\" \/>\n<meta property=\"product:price:amount\" content=\"12.47\" \/>\n<meta property=\"product:price:currency\" content=\"EUR\" \/>\n<meta property=\"og:availability\" content=\"out of stock\" \/>\n<meta property=\"product:availability\" content=\"out of stock\" \/>\n<meta property=\"product:retailer_item_id\" content=\"5060176675087\" \/>\n<meta property=\"product:condition\" content=\"new\" \/>\n<!-- \/ Yoast SEO Premium plugin. -->","yoast_head_json":{"title":"Aceite de Coco Virgen Crema Noche Bio 50 ml - Dr. Organic","description":"Dr. Organic con ingredientes a base de Aceite de Coco Virgo y tambi\u00e9n extracto de este fruto y a\u00fan enriquecido con SEPILFT\u00aeDPHP, una f\u00f3rmula con m\u00faltiples acciones anti-envejecimiento","robots":{"index":"index","follow":"follow","max-snippet":"max-snippet:-1","max-image-preview":"max-image-preview:large","max-video-preview":"max-video-preview:-1"},"canonical":"https:\/\/www.lifenatura.com\/es\/produto\/aceite-de-coco-virgen-crema-noche-bio-50-ml-dr-organic\/","og_locale":"es_ES","og_type":"article","og_title":"Aceite de Coco Virgen Crema Noche Bio 50 ml - Dr. Organic - Lifenatura","og_description":"Compre aqui o seu Aceite de Coco Virgen Crema Noche Bio 50 ml - Dr. Organic e a Lifenatura Online envia em 48 H com Portes Gratis >35\u20ac de Pedido.","og_url":"https:\/\/www.lifenatura.com\/es\/produto\/aceite-de-coco-virgen-crema-noche-bio-50-ml-dr-organic\/","og_site_name":"Lifenatura","article_publisher":"https:\/\/www.facebook.com\/lifenatura","article_modified_time":"2022-08-21T14:17:41+00:00","og_image":[{"width":1000,"height":1000,"url":"https:\/\/www.lifenatura.com\/wp-content\/uploads\/2021\/09\/gd_oleo-coco-creme-noite-dr-organic.jpg","type":"image\/jpeg"}],"twitter_card":"summary_large_image","twitter_misc":{"Precio":"12,47&nbsp;&euro;","Disponibilidad":"Sin existencias"},"schema":{"@context":"https:\/\/schema.org","@graph":[{"@type":"WebPage","@id":"https:\/\/www.lifenatura.com\/es\/produto\/aceite-de-coco-virgen-crema-noche-bio-50-ml-dr-organic\/","url":"https:\/\/www.lifenatura.com\/es\/produto\/aceite-de-coco-virgen-crema-noche-bio-50-ml-dr-organic\/","name":"Aceite de Coco Virgen Crema Noche Bio 50 ml - Dr. Organic","isPartOf":{"@id":"https:\/\/www.lifenatura.com\/#website"},"primaryImageOfPage":{"@id":"https:\/\/www.lifenatura.com\/es\/produto\/aceite-de-coco-virgen-crema-noche-bio-50-ml-dr-organic\/#primaryimage"},"image":{"@id":"https:\/\/www.lifenatura.com\/es\/produto\/aceite-de-coco-virgen-crema-noche-bio-50-ml-dr-organic\/#primaryimage"},"thumbnailUrl":"https:\/\/www.lifenatura.com\/wp-content\/uploads\/2021\/09\/gd_oleo-coco-creme-noite-dr-organic.jpg","datePublished":"2021-09-30T09:40:50+00:00","dateModified":"2022-08-21T14:17:41+00:00","description":"Dr. Organic con ingredientes a base de Aceite de Coco Virgo y tambi\u00e9n extracto de este fruto y a\u00fan enriquecido con SEPILFT\u00aeDPHP, una f\u00f3rmula con m\u00faltiples acciones anti-envejecimiento","breadcrumb":{"@id":"https:\/\/www.lifenatura.com\/es\/produto\/aceite-de-coco-virgen-crema-noche-bio-50-ml-dr-organic\/#breadcrumb"},"inLanguage":"es","potentialAction":[{"@type":"ReadAction","target":["https:\/\/www.lifenatura.com\/es\/produto\/aceite-de-coco-virgen-crema-noche-bio-50-ml-dr-organic\/"]}]},{"@type":"ImageObject","inLanguage":"es","@id":"https:\/\/www.lifenatura.com\/es\/produto\/aceite-de-coco-virgen-crema-noche-bio-50-ml-dr-organic\/#primaryimage","url":"https:\/\/www.lifenatura.com\/wp-content\/uploads\/2021\/09\/gd_oleo-coco-creme-noite-dr-organic.jpg","contentUrl":"https:\/\/www.lifenatura.com\/wp-content\/uploads\/2021\/09\/gd_oleo-coco-creme-noite-dr-organic.jpg","width":1000,"height":1000,"caption":"Aceite de Coco Virgen Crema Noche Bio 50 ml - Dr. Organic"},{"@type":"BreadcrumbList","@id":"https:\/\/www.lifenatura.com\/es\/produto\/aceite-de-coco-virgen-crema-noche-bio-50-ml-dr-organic\/#breadcrumb","itemListElement":[{"@type":"ListItem","position":1,"name":"In\u00edcio","item":"https:\/\/www.lifenatura.com\/es\/"},{"@type":"ListItem","position":2,"name":"Todos los Productos","item":"https:\/\/www.lifenatura.com\/es\/tienda\/"},{"@type":"ListItem","position":3,"name":"Aceite de Coco Virgen Crema Noche Bio 50 ml &#8211; Dr. Organic"}]},{"@type":"WebSite","@id":"https:\/\/www.lifenatura.com\/#website","url":"https:\/\/www.lifenatura.com\/","name":"Lifenatura","description":"A Lifenatura \u00e9 uma loja de produtos naturais, cosm\u00e9tica natural e alimenta\u00e7\u00e3o Biol\u00f3gica.","publisher":{"@id":"https:\/\/www.lifenatura.com\/#organization"},"potentialAction":[{"@type":"SearchAction","target":{"@type":"EntryPoint","urlTemplate":"https:\/\/www.lifenatura.com\/?s={search_term_string}"},"query-input":{"@type":"PropertyValueSpecification","valueRequired":true,"valueName":"search_term_string"}}],"inLanguage":"es"},{"@type":"Organization","@id":"https:\/\/www.lifenatura.com\/#organization","name":"Lifenatura","url":"https:\/\/www.lifenatura.com\/","logo":{"@type":"ImageObject","inLanguage":"es","@id":"https:\/\/www.lifenatura.com\/#\/schema\/logo\/image\/","url":"https:\/\/www.lifenatura.com\/wp-content\/uploads\/2021\/11\/logo.png","contentUrl":"https:\/\/www.lifenatura.com\/wp-content\/uploads\/2021\/11\/logo.png","width":175,"height":55,"caption":"Lifenatura"},"image":{"@id":"https:\/\/www.lifenatura.com\/#\/schema\/logo\/image\/"},"sameAs":["https:\/\/www.facebook.com\/lifenatura","https:\/\/www.instagram.com\/lifenaturapt\/"]}]},"product_price_amount":"12.47","product_price_currency":"EUR","og_availability":"out of stock","product_availability":"out of stock","product_retailer_item_id":"5060176675087","product_condition":"new"},"df_price":12.47,"df_sale_price":"","df_regular_price":12.47,"df_image_link":"https:\/\/www.lifenatura.com\/wp-content\/uploads\/2021\/09\/gd_oleo-coco-creme-noite-dr-organic-300x300.jpg","_links":{"self":[{"href":"https:\/\/www.lifenatura.com\/es\/wp-json\/wp\/v2\/product\/36990","targetHints":{"allow":["GET"]}}],"collection":[{"href":"https:\/\/www.lifenatura.com\/es\/wp-json\/wp\/v2\/product"}],"about":[{"href":"https:\/\/www.lifenatura.com\/es\/wp-json\/wp\/v2\/types\/product"}],"wp:featuredmedia":[{"embeddable":true,"href":"https:\/\/www.lifenatura.com\/es\/wp-json\/wp\/v2\/media\/18597"}],"wp:attachment":[{"href":"https:\/\/www.lifenatura.com\/es\/wp-json\/wp\/v2\/media?parent=36990"}],"wp:term":[{"taxonomy":"product_brand","embeddable":true,"href":"https:\/\/www.lifenatura.com\/es\/wp-json\/wp\/v2\/product_brand?post=36990"},{"taxonomy":"product_cat","embeddable":true,"href":"https:\/\/www.lifenatura.com\/es\/wp-json\/wp\/v2\/product_cat?post=36990"},{"taxonomy":"product_tag","embeddable":true,"href":"https:\/\/www.lifenatura.com\/es\/wp-json\/wp\/v2\/product_tag?post=36990"}],"curies":[{"name":"wp","href":"https:\/\/api.w.org\/{rel}","templated":true}]}}