{"id":36923,"date":"2022-01-10T09:21:36","date_gmt":"2022-01-10T09:21:36","guid":{"rendered":"https:\/\/lifenatura.dev.agenciagetdigital.com\/produto\/hepafort-20-ampolas-dietmed\/"},"modified":"2026-01-22T06:44:43","modified_gmt":"2026-01-22T06:44:43","slug":"hepafort-20-ampolas-dietmed","status":"publish","type":"product","link":"https:\/\/www.lifenatura.com\/es\/produto\/hepafort-20-ampolas-dietmed\/","title":{"rendered":"Hepafort 20 ampolas &#8211; Dietmed"},"content":{"rendered":"<h2 style=\"text-align: left\"><strong>Hepafort protege el h\u00edgado y el est\u00f3mago<\/strong><\/h2>\n<p>&nbsp;<\/p>\n<p>Hepafort, 100% natural, es un activo para el h\u00edgado y la ves\u00edcula biliar, por lo que desempe\u00f1an sus funciones respectivas en el cuerpo, es decir, en la depuraci\u00f3n y regeneraci\u00f3n del h\u00edgado, funcionando correctamente. Hepafort es un complemento alimenticio a base de fitonutrientes y nutrientes. Contiene colina, que contribuye al metabolismo normal de los l\u00edpidos y al mantenimiento de la funci\u00f3n hep\u00e1tica normal, y vitamina C, que contribuye al metabolismo normal de producci\u00f3n de energ\u00eda, para proteger las c\u00e9lulas contra la oxidaci\u00f3n no deseada, para reducir la fatiga y la fatiga. funcionamiento del sistema inmunol\u00f3gico.<\/p>\n<p>&nbsp;<\/p>\n<p><strong>PRESENTACI\u00d3N<\/strong><\/p>\n<p>20 ampollas<\/p>\n<p>&nbsp;<\/p>\n","protected":false},"excerpt":{"rendered":"<p>Hepafort, 100% natural, es un activo para el h\u00edgado y la ves\u00edcula biliar, por lo que desempe\u00f1an sus funciones respectivas en el cuerpo. [&#8230;]<\/p>\n<p><a class=\"btn btn-secondary understrap-read-more-link\" href=\"https:\/\/www.lifenatura.com\/es\/produto\/hepafort-20-ampolas-dietmed\/\">Leer m\u00e1s&#8230;<span class=\"screen-reader-text\"> from Hepafort 20 ampolas &#8211; Dietmed<\/span><\/a><\/p>\n","protected":false},"featured_media":18530,"template":"","meta":{"_acf_changed":false},"product_brand":[8509],"product_cat":[7677,7254,7659,7179],"product_tag":[],"class_list":{"0":"post-36923","1":"product","2":"type-product","3":"status-publish","4":"has-post-thumbnail","6":"product_brand-dietmed-es","7":"product_cat-cardo-mariano-bio","8":"product_cat-higado-vesicula","9":"product_cat-ingrediente-natural-bio","10":"product_cat-salud","12":"first","13":"instock","14":"sale","15":"shipping-taxable","16":"purchasable","17":"product-type-simple","18":"add-to-wishlist-before_image"},"acf":[],"yoast_head":"<!-- This site is optimized with the Yoast SEO Premium plugin v27.1 (Yoast SEO v27.4) - https:\/\/yoast.com\/product\/yoast-seo-premium-wordpress\/ -->\n<title>Hepafort 20 ampolas - Dietmed<\/title>\n<meta name=\"description\" content=\"Hepafort, 100% natural, es un activo para el h\u00edgado y la ves\u00edcula biliar, por lo que desempe\u00f1an sus funciones respectivas en el cuerpo.\" \/>\n<meta name=\"robots\" content=\"index, follow, max-snippet:-1, max-image-preview:large, max-video-preview:-1\" \/>\n<link rel=\"canonical\" href=\"https:\/\/www.lifenatura.com\/es\/produto\/hepafort-20-ampolas-dietmed\/\" \/>\n<meta property=\"og:locale\" content=\"es_ES\" \/>\n<meta property=\"og:type\" content=\"article\" \/>\n<meta property=\"og:title\" content=\"Hepafort 20 ampolas - Dietmed - Lifenatura\" \/>\n<meta property=\"og:description\" content=\"Compre aqui o seu Hepafort 20 ampolas - Dietmed e a Lifenatura Online envia em 48 H com Portes Gratis &gt;35\u20ac de Pedido.\" \/>\n<meta property=\"og:url\" content=\"https:\/\/www.lifenatura.com\/es\/produto\/hepafort-20-ampolas-dietmed\/\" \/>\n<meta property=\"og:site_name\" content=\"Lifenatura\" \/>\n<meta property=\"article:publisher\" content=\"https:\/\/www.facebook.com\/lifenatura\" \/>\n<meta property=\"article:modified_time\" content=\"2026-01-22T06:44:43+00:00\" \/>\n<meta property=\"og:image\" content=\"https:\/\/www.lifenatura.com\/wp-content\/uploads\/2021\/09\/gd_hepafort_dietmed.jpg\" \/>\n\t<meta property=\"og:image:width\" content=\"1000\" \/>\n\t<meta property=\"og:image:height\" content=\"1000\" \/>\n\t<meta property=\"og:image:type\" content=\"image\/jpeg\" \/>\n<meta name=\"twitter:card\" content=\"summary_large_image\" \/>\n<meta name=\"twitter:label1\" content=\"Precio\" \/>\n\t<meta name=\"twitter:data1\" content=\"25,11&nbsp;&euro;\" \/>\n\t<meta name=\"twitter:label2\" content=\"Disponibilidad\" \/>\n\t<meta name=\"twitter:data2\" content=\"Disponible\" \/>\n<meta property=\"product:price:amount\" content=\"25.11\" \/>\n<meta property=\"product:price:currency\" content=\"EUR\" \/>\n<meta property=\"og:availability\" content=\"instock\" \/>\n<meta property=\"product:availability\" content=\"instock\" \/>\n<meta property=\"product:retailer_item_id\" content=\"5605481101526\" \/>\n<meta property=\"product:condition\" content=\"new\" \/>\n<!-- \/ Yoast SEO Premium plugin. -->","yoast_head_json":{"title":"Hepafort 20 ampolas - Dietmed","description":"Hepafort, 100% natural, es un activo para el h\u00edgado y la ves\u00edcula biliar, por lo que desempe\u00f1an sus funciones respectivas en el cuerpo.","robots":{"index":"index","follow":"follow","max-snippet":"max-snippet:-1","max-image-preview":"max-image-preview:large","max-video-preview":"max-video-preview:-1"},"canonical":"https:\/\/www.lifenatura.com\/es\/produto\/hepafort-20-ampolas-dietmed\/","og_locale":"es_ES","og_type":"article","og_title":"Hepafort 20 ampolas - Dietmed - Lifenatura","og_description":"Compre aqui o seu Hepafort 20 ampolas - Dietmed e a Lifenatura Online envia em 48 H com Portes Gratis >35\u20ac de Pedido.","og_url":"https:\/\/www.lifenatura.com\/es\/produto\/hepafort-20-ampolas-dietmed\/","og_site_name":"Lifenatura","article_publisher":"https:\/\/www.facebook.com\/lifenatura","article_modified_time":"2026-01-22T06:44:43+00:00","og_image":[{"width":1000,"height":1000,"url":"https:\/\/www.lifenatura.com\/wp-content\/uploads\/2021\/09\/gd_hepafort_dietmed.jpg","type":"image\/jpeg"}],"twitter_card":"summary_large_image","twitter_misc":{"Precio":"25,11&nbsp;&euro;","Disponibilidad":"Disponible"},"schema":{"@context":"https:\/\/schema.org","@graph":[{"@type":"WebPage","@id":"https:\/\/www.lifenatura.com\/es\/produto\/hepafort-20-ampolas-dietmed\/","url":"https:\/\/www.lifenatura.com\/es\/produto\/hepafort-20-ampolas-dietmed\/","name":"Hepafort 20 ampolas - Dietmed","isPartOf":{"@id":"https:\/\/www.lifenatura.com\/#website"},"primaryImageOfPage":{"@id":"https:\/\/www.lifenatura.com\/es\/produto\/hepafort-20-ampolas-dietmed\/#primaryimage"},"image":{"@id":"https:\/\/www.lifenatura.com\/es\/produto\/hepafort-20-ampolas-dietmed\/#primaryimage"},"thumbnailUrl":"https:\/\/www.lifenatura.com\/wp-content\/uploads\/2021\/09\/gd_hepafort_dietmed.jpg","datePublished":"2022-01-10T09:21:36+00:00","dateModified":"2026-01-22T06:44:43+00:00","description":"Hepafort, 100% natural, es un activo para el h\u00edgado y la ves\u00edcula biliar, por lo que desempe\u00f1an sus funciones respectivas en el cuerpo.","breadcrumb":{"@id":"https:\/\/www.lifenatura.com\/es\/produto\/hepafort-20-ampolas-dietmed\/#breadcrumb"},"inLanguage":"es","potentialAction":[{"@type":"ReadAction","target":["https:\/\/www.lifenatura.com\/es\/produto\/hepafort-20-ampolas-dietmed\/"]}]},{"@type":"ImageObject","inLanguage":"es","@id":"https:\/\/www.lifenatura.com\/es\/produto\/hepafort-20-ampolas-dietmed\/#primaryimage","url":"https:\/\/www.lifenatura.com\/wp-content\/uploads\/2021\/09\/gd_hepafort_dietmed.jpg","contentUrl":"https:\/\/www.lifenatura.com\/wp-content\/uploads\/2021\/09\/gd_hepafort_dietmed.jpg","width":1000,"height":1000,"caption":"Hepafort 20 ampolas - Dietmed"},{"@type":"BreadcrumbList","@id":"https:\/\/www.lifenatura.com\/es\/produto\/hepafort-20-ampolas-dietmed\/#breadcrumb","itemListElement":[{"@type":"ListItem","position":1,"name":"In\u00edcio","item":"https:\/\/www.lifenatura.com\/es\/"},{"@type":"ListItem","position":2,"name":"Todos los Productos","item":"https:\/\/www.lifenatura.com\/es\/tienda\/"},{"@type":"ListItem","position":3,"name":"Hepafort 20 ampolas &#8211; Dietmed"}]},{"@type":"WebSite","@id":"https:\/\/www.lifenatura.com\/#website","url":"https:\/\/www.lifenatura.com\/","name":"Lifenatura","description":"A Lifenatura \u00e9 uma loja de produtos naturais, cosm\u00e9tica natural e alimenta\u00e7\u00e3o Biol\u00f3gica.","publisher":{"@id":"https:\/\/www.lifenatura.com\/#organization"},"potentialAction":[{"@type":"SearchAction","target":{"@type":"EntryPoint","urlTemplate":"https:\/\/www.lifenatura.com\/?s={search_term_string}"},"query-input":{"@type":"PropertyValueSpecification","valueRequired":true,"valueName":"search_term_string"}}],"inLanguage":"es"},{"@type":"Organization","@id":"https:\/\/www.lifenatura.com\/#organization","name":"Lifenatura","url":"https:\/\/www.lifenatura.com\/","logo":{"@type":"ImageObject","inLanguage":"es","@id":"https:\/\/www.lifenatura.com\/#\/schema\/logo\/image\/","url":"https:\/\/www.lifenatura.com\/wp-content\/uploads\/2021\/11\/logo.png","contentUrl":"https:\/\/www.lifenatura.com\/wp-content\/uploads\/2021\/11\/logo.png","width":175,"height":55,"caption":"Lifenatura"},"image":{"@id":"https:\/\/www.lifenatura.com\/#\/schema\/logo\/image\/"},"sameAs":["https:\/\/www.facebook.com\/lifenatura","https:\/\/www.instagram.com\/lifenaturapt\/"]}]},"product_price_amount":"25.11","product_price_currency":"EUR","og_availability":"instock","product_availability":"instock","product_retailer_item_id":"5605481101526","product_condition":"new"},"df_price":25.11,"df_sale_price":25.11,"df_regular_price":31.38,"df_image_link":"https:\/\/www.lifenatura.com\/wp-content\/uploads\/2021\/09\/gd_hepafort_dietmed-300x300.jpg","_links":{"self":[{"href":"https:\/\/www.lifenatura.com\/es\/wp-json\/wp\/v2\/product\/36923","targetHints":{"allow":["GET"]}}],"collection":[{"href":"https:\/\/www.lifenatura.com\/es\/wp-json\/wp\/v2\/product"}],"about":[{"href":"https:\/\/www.lifenatura.com\/es\/wp-json\/wp\/v2\/types\/product"}],"wp:featuredmedia":[{"embeddable":true,"href":"https:\/\/www.lifenatura.com\/es\/wp-json\/wp\/v2\/media\/18530"}],"wp:attachment":[{"href":"https:\/\/www.lifenatura.com\/es\/wp-json\/wp\/v2\/media?parent=36923"}],"wp:term":[{"taxonomy":"product_brand","embeddable":true,"href":"https:\/\/www.lifenatura.com\/es\/wp-json\/wp\/v2\/product_brand?post=36923"},{"taxonomy":"product_cat","embeddable":true,"href":"https:\/\/www.lifenatura.com\/es\/wp-json\/wp\/v2\/product_cat?post=36923"},{"taxonomy":"product_tag","embeddable":true,"href":"https:\/\/www.lifenatura.com\/es\/wp-json\/wp\/v2\/product_tag?post=36923"}],"curies":[{"name":"wp","href":"https:\/\/api.w.org\/{rel}","templated":true}]}}