{"id":36911,"date":"2021-09-30T09:39:27","date_gmt":"2021-09-30T09:39:27","guid":{"rendered":"https:\/\/lifenatura.dev.agenciagetdigital.com\/produto\/vitamineral-energy-pack3-dietmed\/"},"modified":"2026-03-29T22:38:59","modified_gmt":"2026-03-29T22:38:59","slug":"vitamineral-energy-pack3-dietmed","status":"publish","type":"product","link":"https:\/\/www.lifenatura.com\/es\/produto\/vitamineral-energy-pack3-dietmed\/","title":{"rendered":"Vitamineral Energy Pack3 &#8211; Dietmed"},"content":{"rendered":"<h2 style=\"text-align: left;\"><strong>Vitamineral Energy m\u00e1s energ\u00eda y menos cansancio<\/strong><\/h2>\n<p>&nbsp;<\/p>\n<p>La energ\u00eda vitam\u00ednica de dietmed es un suplemento multivitam\u00ednico natural que le aporta energ\u00eda, mejora el rendimiento f\u00edsico y mental, y tambi\u00e9n es un excelente antioxidante. Vitamineral favorece la acci\u00f3n nutrac\u00e9utica, es decir, combina la acci\u00f3n terap\u00e9utica de las vitaminas con plantas y omega 3. Las plantas son ricas en principios activos con una amplia acci\u00f3n terap\u00e9utica que al combinarse con la acci\u00f3n modeladora de la inflamaci\u00f3n y mejora del funcionamiento celular de la omega 3 potencia la acci\u00f3n de las Vitaminas seleccionadas para Vitamineral.<\/p>\n<p>&nbsp;<\/p>\n<p><strong>ENERG\u00cdA<\/strong><\/p>\n<p>La vitamina B1 (tiamina), la vitamina B6, la vitamina B12, el \u00e1cido pantot\u00e9nico, la biotina, la niacina y la vitamina C contribuyen al metabolismo normal de producci\u00f3n de energ\u00eda. Cansancio y fatiga La vitamina B6, la vitamina B12, el \u00e1cido pantot\u00e9nico, el \u00e1cido f\u00f3lico (folato), la niacina y la vitamina C contribuyen a la reducci\u00f3n del cansancio y la fatiga.<\/p>\n<p>&nbsp;<\/p>\n<p><strong>SISTEMA NERVIOSO<\/strong><\/p>\n<p>La vitamina B1 (tiamina), la vitamina B6, la vitamina B12, la niacina y la vitamina C contribuyen al funcionamiento normal del sistema nervioso.<\/p>\n<p>&nbsp;<\/p>\n<p><strong>ANTIOXIDANTE<\/strong><\/p>\n<p>La vitamina C y el zinc contribuyen a la protecci\u00f3n de las c\u00e9lulas contra la oxidaci\u00f3n indeseable.<\/p>\n<p>&nbsp;<\/p>\n<p><strong>PRESENTACI\u00d3N<\/strong><\/p>\n<p>30 c\u00e1psulas<\/p>\n<p>&nbsp;<\/p>\n<p><strong>BENEFICIOS VITAMINERALES ENERGY<\/strong><\/p>\n<p>Suministro de deficiencias en vitaminas y minerales;<\/p>\n<p>Apoyo nutricional para el rendimiento mental normal, la funci\u00f3n cognitiva y la memoria;<\/p>\n<p>Reducir el cansancio y la fatiga;<\/p>\n<p>Equilibrio del cuerpo, es decir, contribuir al funcionamiento normal del sistema nervioso;<\/p>\n<p>Acci\u00f3n antioxidante, contribuyendo a la protecci\u00f3n de las c\u00e9lulas frente a oxidaciones indeseables.<\/p>\n<p>&nbsp;<\/p>\n","protected":false},"excerpt":{"rendered":"<p>Suplemento multivitam\u00ednico natural que le aporta energ\u00eda, mejora el rendimiento f\u00edsico y mental, y tambi\u00e9n es un excelente antioxidante. [&#8230;]<\/p>\n<p><a class=\"btn btn-secondary understrap-read-more-link\" href=\"https:\/\/www.lifenatura.com\/es\/produto\/vitamineral-energy-pack3-dietmed\/\">Leer m\u00e1s&#8230;<span class=\"screen-reader-text\"> from Vitamineral Energy Pack3 &#8211; Dietmed<\/span><\/a><\/p>\n","protected":false},"featured_media":18518,"template":"","meta":{"_acf_changed":false},"product_brand":[8509],"product_cat":[7236,7238,7707,7659,7263,7179],"product_tag":[],"class_list":{"0":"post-36911","1":"product","2":"type-product","3":"status-publish","4":"has-post-thumbnail","6":"product_brand-dietmed-es","7":"product_cat-antioxidantes-salud","8":"product_cat-energizante-natural","9":"product_cat-ginseng-es","10":"product_cat-ingrediente-natural-bio","11":"product_cat-packs-de-salud","12":"product_cat-salud","14":"first","15":"instock","16":"sale","17":"shipping-taxable","18":"purchasable","19":"product-type-woosb","20":"add-to-wishlist-before_image"},"acf":[],"yoast_head":"<!-- This site is optimized with the Yoast SEO Premium plugin v27.1 (Yoast SEO v27.5) - https:\/\/yoast.com\/product\/yoast-seo-premium-wordpress\/ -->\n<title>Vitamineral Energy Pack3 - Dietmed - Na Lifenatura ao Melhor Pre\u00e7o | Envio em 48h<\/title>\n<meta name=\"description\" content=\"Suplemento multivitam\u00ednico natural que le aporta energ\u00eda, mejora el rendimiento f\u00edsico y mental, y tambi\u00e9n es un excelente antioxidante.\" \/>\n<meta name=\"robots\" content=\"index, follow, max-snippet:-1, max-image-preview:large, max-video-preview:-1\" \/>\n<link rel=\"canonical\" href=\"https:\/\/www.lifenatura.com\/es\/produto\/vitamineral-energy-pack3-dietmed\/\" \/>\n<meta property=\"og:locale\" content=\"es_ES\" \/>\n<meta property=\"og:type\" content=\"article\" \/>\n<meta property=\"og:title\" content=\"Vitamineral Energy Pack3 - Dietmed - Na Lifenatura ao Melhor Pre\u00e7o | Envio 48h\" \/>\n<meta property=\"og:description\" content=\"Compre Vitamineral Energy Pack3 - Dietmed com envio r\u00e1pido. Entrega em 48h e portes gr\u00e1tis em compras &gt;35\u20ac. Aproveite j\u00e1 na Lifenatura\" \/>\n<meta property=\"og:url\" content=\"https:\/\/www.lifenatura.com\/es\/produto\/vitamineral-energy-pack3-dietmed\/\" \/>\n<meta property=\"og:site_name\" content=\"Lifenatura\" \/>\n<meta property=\"article:publisher\" content=\"https:\/\/www.facebook.com\/lifenatura\" \/>\n<meta property=\"article:modified_time\" content=\"2026-03-29T22:38:59+00:00\" \/>\n<meta property=\"og:image\" content=\"https:\/\/www.lifenatura.com\/wp-content\/uploads\/2021\/09\/gd_vitamineral_energy_pack_dietmed.jpg\" \/>\n\t<meta property=\"og:image:width\" content=\"1000\" \/>\n\t<meta property=\"og:image:height\" content=\"1000\" \/>\n\t<meta property=\"og:image:type\" content=\"image\/jpeg\" \/>\n<meta name=\"twitter:card\" content=\"summary_large_image\" \/>\n<meta name=\"twitter:label1\" content=\"Precio\" \/>\n\t<meta name=\"twitter:data1\" content=\"32,07&nbsp;&euro;\" \/>\n\t<meta name=\"twitter:label2\" content=\"Disponibilidad\" \/>\n\t<meta name=\"twitter:data2\" content=\"Disponible\" \/>\n<script type=\"application\/ld+json\" class=\"yoast-schema-graph\">{\"@context\":\"https:\\\/\\\/schema.org\",\"@graph\":[{\"@type\":\"WebPage\",\"@id\":\"https:\\\/\\\/www.lifenatura.com\\\/es\\\/produto\\\/vitamineral-energy-pack3-dietmed\\\/\",\"url\":\"https:\\\/\\\/www.lifenatura.com\\\/es\\\/produto\\\/vitamineral-energy-pack3-dietmed\\\/\",\"name\":\"Vitamineral Energy Pack3 - Dietmed - Na Lifenatura ao Melhor Pre\u00e7o | Envio em 48h\",\"isPartOf\":{\"@id\":\"https:\\\/\\\/www.lifenatura.com\\\/es\\\/#website\"},\"primaryImageOfPage\":{\"@id\":\"https:\\\/\\\/www.lifenatura.com\\\/es\\\/produto\\\/vitamineral-energy-pack3-dietmed\\\/#primaryimage\"},\"image\":{\"@id\":\"https:\\\/\\\/www.lifenatura.com\\\/es\\\/produto\\\/vitamineral-energy-pack3-dietmed\\\/#primaryimage\"},\"thumbnailUrl\":\"https:\\\/\\\/www.lifenatura.com\\\/wp-content\\\/uploads\\\/2021\\\/09\\\/gd_vitamineral_energy_pack_dietmed.jpg\",\"datePublished\":\"2021-09-30T09:39:27+00:00\",\"dateModified\":\"2026-03-29T22:38:59+00:00\",\"description\":\"Suplemento multivitam\u00ednico natural que le aporta energ\u00eda, mejora el rendimiento f\u00edsico y mental, y tambi\u00e9n es un excelente antioxidante.\",\"breadcrumb\":{\"@id\":\"https:\\\/\\\/www.lifenatura.com\\\/es\\\/produto\\\/vitamineral-energy-pack3-dietmed\\\/#breadcrumb\"},\"inLanguage\":\"es\",\"potentialAction\":[{\"@type\":\"ReadAction\",\"target\":[\"https:\\\/\\\/www.lifenatura.com\\\/es\\\/produto\\\/vitamineral-energy-pack3-dietmed\\\/\"]}]},{\"@type\":\"ImageObject\",\"inLanguage\":\"es\",\"@id\":\"https:\\\/\\\/www.lifenatura.com\\\/es\\\/produto\\\/vitamineral-energy-pack3-dietmed\\\/#primaryimage\",\"url\":\"https:\\\/\\\/www.lifenatura.com\\\/wp-content\\\/uploads\\\/2021\\\/09\\\/gd_vitamineral_energy_pack_dietmed.jpg\",\"contentUrl\":\"https:\\\/\\\/www.lifenatura.com\\\/wp-content\\\/uploads\\\/2021\\\/09\\\/gd_vitamineral_energy_pack_dietmed.jpg\",\"width\":1000,\"height\":1000,\"caption\":\"Vitamineral Energy Pack3 - Dietmed\"},{\"@type\":\"BreadcrumbList\",\"@id\":\"https:\\\/\\\/www.lifenatura.com\\\/es\\\/produto\\\/vitamineral-energy-pack3-dietmed\\\/#breadcrumb\",\"itemListElement\":[{\"@type\":\"ListItem\",\"position\":1,\"name\":\"In\u00edcio\",\"item\":\"https:\\\/\\\/www.lifenatura.com\\\/es\\\/\"},{\"@type\":\"ListItem\",\"position\":2,\"name\":\"Todos los Productos\",\"item\":\"https:\\\/\\\/www.lifenatura.com\\\/es\\\/tienda\\\/\"},{\"@type\":\"ListItem\",\"position\":3,\"name\":\"Vitamineral Energy Pack3 &#8211; Dietmed\"}]},{\"@type\":\"WebSite\",\"@id\":\"https:\\\/\\\/www.lifenatura.com\\\/es\\\/#website\",\"url\":\"https:\\\/\\\/www.lifenatura.com\\\/es\\\/\",\"name\":\"Lifenatura\",\"description\":\"A Lifenatura \u00e9 uma loja de produtos naturais, cosm\u00e9tica natural e alimenta\u00e7\u00e3o Biol\u00f3gica.\",\"publisher\":{\"@id\":\"https:\\\/\\\/www.lifenatura.com\\\/es\\\/#organization\"},\"potentialAction\":[{\"@type\":\"SearchAction\",\"target\":{\"@type\":\"EntryPoint\",\"urlTemplate\":\"https:\\\/\\\/www.lifenatura.com\\\/es\\\/?s={search_term_string}\"},\"query-input\":{\"@type\":\"PropertyValueSpecification\",\"valueRequired\":true,\"valueName\":\"search_term_string\"}}],\"inLanguage\":\"es\"},{\"@type\":\"Organization\",\"@id\":\"https:\\\/\\\/www.lifenatura.com\\\/es\\\/#organization\",\"name\":\"Lifenatura\",\"url\":\"https:\\\/\\\/www.lifenatura.com\\\/es\\\/\",\"logo\":{\"@type\":\"ImageObject\",\"inLanguage\":\"es\",\"@id\":\"https:\\\/\\\/www.lifenatura.com\\\/es\\\/#\\\/schema\\\/logo\\\/image\\\/\",\"url\":\"https:\\\/\\\/www.lifenatura.com\\\/wp-content\\\/uploads\\\/2021\\\/07\\\/logo.png\",\"contentUrl\":\"https:\\\/\\\/www.lifenatura.com\\\/wp-content\\\/uploads\\\/2021\\\/07\\\/logo.png\",\"width\":175,\"height\":55,\"caption\":\"Lifenatura\"},\"image\":{\"@id\":\"https:\\\/\\\/www.lifenatura.com\\\/es\\\/#\\\/schema\\\/logo\\\/image\\\/\"},\"sameAs\":[\"https:\\\/\\\/www.facebook.com\\\/lifenatura\",\"https:\\\/\\\/www.instagram.com\\\/lifenaturapt\\\/\"],\"hasMerchantReturnPolicy\":{\"@type\":\"MerchantReturnPolicy\",\"merchantReturnLink\":\"https:\\\/\\\/www.lifenatura.com\\\/termos-condicoes-lifenatura\\\/\"}}]}<\/script>\n<meta property=\"product:price:amount\" content=\"32.07\" \/>\n<meta property=\"product:price:currency\" content=\"EUR\" \/>\n<meta property=\"og:availability\" content=\"instock\" \/>\n<meta property=\"product:availability\" content=\"instock\" \/>\n<meta property=\"product:retailer_item_id\" content=\"56054811079799\" \/>\n<meta property=\"product:condition\" content=\"new\" \/>\n<!-- \/ Yoast SEO Premium plugin. -->","yoast_head_json":{"title":"Vitamineral Energy Pack3 - Dietmed - Na Lifenatura ao Melhor Pre\u00e7o | Envio em 48h","description":"Suplemento multivitam\u00ednico natural que le aporta energ\u00eda, mejora el rendimiento f\u00edsico y mental, y tambi\u00e9n es un excelente antioxidante.","robots":{"index":"index","follow":"follow","max-snippet":"max-snippet:-1","max-image-preview":"max-image-preview:large","max-video-preview":"max-video-preview:-1"},"canonical":"https:\/\/www.lifenatura.com\/es\/produto\/vitamineral-energy-pack3-dietmed\/","og_locale":"es_ES","og_type":"article","og_title":"Vitamineral Energy Pack3 - Dietmed - Na Lifenatura ao Melhor Pre\u00e7o | Envio 48h","og_description":"Compre Vitamineral Energy Pack3 - Dietmed com envio r\u00e1pido. Entrega em 48h e portes gr\u00e1tis em compras >35\u20ac. Aproveite j\u00e1 na Lifenatura","og_url":"https:\/\/www.lifenatura.com\/es\/produto\/vitamineral-energy-pack3-dietmed\/","og_site_name":"Lifenatura","article_publisher":"https:\/\/www.facebook.com\/lifenatura","article_modified_time":"2026-03-29T22:38:59+00:00","og_image":[{"width":1000,"height":1000,"url":"https:\/\/www.lifenatura.com\/wp-content\/uploads\/2021\/09\/gd_vitamineral_energy_pack_dietmed.jpg","type":"image\/jpeg"}],"twitter_card":"summary_large_image","twitter_misc":{"Precio":"32,07&nbsp;&euro;","Disponibilidad":"Disponible"},"schema":{"@context":"https:\/\/schema.org","@graph":[{"@type":"WebPage","@id":"https:\/\/www.lifenatura.com\/es\/produto\/vitamineral-energy-pack3-dietmed\/","url":"https:\/\/www.lifenatura.com\/es\/produto\/vitamineral-energy-pack3-dietmed\/","name":"Vitamineral Energy Pack3 - Dietmed - Na Lifenatura ao Melhor Pre\u00e7o | Envio em 48h","isPartOf":{"@id":"https:\/\/www.lifenatura.com\/es\/#website"},"primaryImageOfPage":{"@id":"https:\/\/www.lifenatura.com\/es\/produto\/vitamineral-energy-pack3-dietmed\/#primaryimage"},"image":{"@id":"https:\/\/www.lifenatura.com\/es\/produto\/vitamineral-energy-pack3-dietmed\/#primaryimage"},"thumbnailUrl":"https:\/\/www.lifenatura.com\/wp-content\/uploads\/2021\/09\/gd_vitamineral_energy_pack_dietmed.jpg","datePublished":"2021-09-30T09:39:27+00:00","dateModified":"2026-03-29T22:38:59+00:00","description":"Suplemento multivitam\u00ednico natural que le aporta energ\u00eda, mejora el rendimiento f\u00edsico y mental, y tambi\u00e9n es un excelente antioxidante.","breadcrumb":{"@id":"https:\/\/www.lifenatura.com\/es\/produto\/vitamineral-energy-pack3-dietmed\/#breadcrumb"},"inLanguage":"es","potentialAction":[{"@type":"ReadAction","target":["https:\/\/www.lifenatura.com\/es\/produto\/vitamineral-energy-pack3-dietmed\/"]}]},{"@type":"ImageObject","inLanguage":"es","@id":"https:\/\/www.lifenatura.com\/es\/produto\/vitamineral-energy-pack3-dietmed\/#primaryimage","url":"https:\/\/www.lifenatura.com\/wp-content\/uploads\/2021\/09\/gd_vitamineral_energy_pack_dietmed.jpg","contentUrl":"https:\/\/www.lifenatura.com\/wp-content\/uploads\/2021\/09\/gd_vitamineral_energy_pack_dietmed.jpg","width":1000,"height":1000,"caption":"Vitamineral Energy Pack3 - Dietmed"},{"@type":"BreadcrumbList","@id":"https:\/\/www.lifenatura.com\/es\/produto\/vitamineral-energy-pack3-dietmed\/#breadcrumb","itemListElement":[{"@type":"ListItem","position":1,"name":"In\u00edcio","item":"https:\/\/www.lifenatura.com\/es\/"},{"@type":"ListItem","position":2,"name":"Todos los Productos","item":"https:\/\/www.lifenatura.com\/es\/tienda\/"},{"@type":"ListItem","position":3,"name":"Vitamineral Energy Pack3 &#8211; Dietmed"}]},{"@type":"WebSite","@id":"https:\/\/www.lifenatura.com\/es\/#website","url":"https:\/\/www.lifenatura.com\/es\/","name":"Lifenatura","description":"A Lifenatura \u00e9 uma loja de produtos naturais, cosm\u00e9tica natural e alimenta\u00e7\u00e3o Biol\u00f3gica.","publisher":{"@id":"https:\/\/www.lifenatura.com\/es\/#organization"},"potentialAction":[{"@type":"SearchAction","target":{"@type":"EntryPoint","urlTemplate":"https:\/\/www.lifenatura.com\/es\/?s={search_term_string}"},"query-input":{"@type":"PropertyValueSpecification","valueRequired":true,"valueName":"search_term_string"}}],"inLanguage":"es"},{"@type":"Organization","@id":"https:\/\/www.lifenatura.com\/es\/#organization","name":"Lifenatura","url":"https:\/\/www.lifenatura.com\/es\/","logo":{"@type":"ImageObject","inLanguage":"es","@id":"https:\/\/www.lifenatura.com\/es\/#\/schema\/logo\/image\/","url":"https:\/\/www.lifenatura.com\/wp-content\/uploads\/2021\/07\/logo.png","contentUrl":"https:\/\/www.lifenatura.com\/wp-content\/uploads\/2021\/07\/logo.png","width":175,"height":55,"caption":"Lifenatura"},"image":{"@id":"https:\/\/www.lifenatura.com\/es\/#\/schema\/logo\/image\/"},"sameAs":["https:\/\/www.facebook.com\/lifenatura","https:\/\/www.instagram.com\/lifenaturapt\/"],"hasMerchantReturnPolicy":{"@type":"MerchantReturnPolicy","merchantReturnLink":"https:\/\/www.lifenatura.com\/termos-condicoes-lifenatura\/"}}]},"product_price_amount":"32.07","product_price_currency":"EUR","og_availability":"instock","product_availability":"instock","product_retailer_item_id":"56054811079799","product_condition":"new"},"df_price":32.07,"df_sale_price":32.06,"df_regular_price":53.42999999999999,"df_image_link":"https:\/\/www.lifenatura.com\/wp-content\/uploads\/2021\/09\/gd_vitamineral_energy_pack_dietmed-300x300.jpg","_links":{"self":[{"href":"https:\/\/www.lifenatura.com\/es\/wp-json\/wp\/v2\/product\/36911","targetHints":{"allow":["GET"]}}],"collection":[{"href":"https:\/\/www.lifenatura.com\/es\/wp-json\/wp\/v2\/product"}],"about":[{"href":"https:\/\/www.lifenatura.com\/es\/wp-json\/wp\/v2\/types\/product"}],"wp:featuredmedia":[{"embeddable":true,"href":"https:\/\/www.lifenatura.com\/es\/wp-json\/wp\/v2\/media\/18518"}],"wp:attachment":[{"href":"https:\/\/www.lifenatura.com\/es\/wp-json\/wp\/v2\/media?parent=36911"}],"wp:term":[{"taxonomy":"product_brand","embeddable":true,"href":"https:\/\/www.lifenatura.com\/es\/wp-json\/wp\/v2\/product_brand?post=36911"},{"taxonomy":"product_cat","embeddable":true,"href":"https:\/\/www.lifenatura.com\/es\/wp-json\/wp\/v2\/product_cat?post=36911"},{"taxonomy":"product_tag","embeddable":true,"href":"https:\/\/www.lifenatura.com\/es\/wp-json\/wp\/v2\/product_tag?post=36911"}],"curies":[{"name":"wp","href":"https:\/\/api.w.org\/{rel}","templated":true}]}}