{"id":36908,"date":"2021-09-30T09:39:27","date_gmt":"2021-09-30T09:39:27","guid":{"rendered":"https:\/\/lifenatura.dev.agenciagetdigital.com\/produto\/curcumega-complex-12-500-mg-30-sticks-leve-3-pague-2\/"},"modified":"2026-03-29T19:06:24","modified_gmt":"2026-03-29T19:06:24","slug":"curcumega-complex-pack-dietmed","status":"publish","type":"product","link":"https:\/\/www.lifenatura.com\/es\/produto\/curcumega-complex-pack-dietmed\/","title":{"rendered":"Curcumega Complex 12.500 mg Sticks Lleva 4 Pago 3"},"content":{"rendered":"<h2 style=\"text-align: left;\"><strong>Curcumega Complex indicado para fortalecer las articulaciones Lleva 4 Pago 3<\/strong><\/h2>\n<p>&nbsp;<\/p>\n<p>El complejo Curcumega complex ahora en pack de 3 unidades, contiene Curcuma, Vitamina C y Zinc que contribuyen a la protecci\u00f3n de las c\u00e9lulas frente a oxidaciones indeseables y al funcionamiento normal del sistema inmunol\u00f3gico.<\/p>\n<p>La c\u00farcuma, rica en curcumina, tiene propiedades antiinflamatorias y antioxidantes. El jengibre complementa esta acci\u00f3n, mientras que la pimienta negra (Bioperine\u00ae) mejora la absorci\u00f3n de la curcumina, potenciando sus efectos. La vitamina C y el zinc contribuyen al funcionamiento normal del sistema inmunitario y a la protecci\u00f3n de las c\u00e9lulas contra la oxidaci\u00f3n indeseable.<\/p>\n<p><strong>Principales beneficios:<\/strong><\/p>\n<ul>\n<li>Acci\u00f3n antioxidante que protege las c\u00e9lulas frente al estr\u00e9s oxidativo<\/li>\n<li>Contribuye al funcionamiento normal del sistema inmunitario<\/li>\n<li>Favorece la salud articular y la funci\u00f3n hep\u00e1tica<\/li>\n<li>Favorece el bienestar general y la vitalidad<\/li>\n<\/ul>\n<p><strong>Adecuado para:<\/strong><\/p>\n<ul>\n<li>Personas que desean reforzar su sistema inmunitario<\/li>\n<li>Personas que necesitan apoyo antioxidante<\/li>\n<li>Personas que desean mantener la salud de las articulaciones y el h\u00edgado<\/li>\n<li>Adultos que desean complementar su dieta con nutrientes esenciales<\/li>\n<\/ul>\n<p>La vitamina C contribuye a la formaci\u00f3n normal de col\u00e1geno para la funci\u00f3n normal del cart\u00edlago. Esta f\u00f3rmula de Curcumega tiene una mayor cantidad de Curcuma y ahora est\u00e1 enriquecida con Jengibre, otro superalimento antioxidante.<\/p>\n<p><strong>PRESENTACI\u00d3N <\/strong><\/p>\n<p>30 palos x 4<\/p>\n<p class=\"p1\"><b>Consejos de Salud:<\/b> <a href=\"https:\/\/www.lifenatura.com\/es\/dicas\/curcumega-beneficios\/\"><span class=\"s1\">Curcumega: Beneficios y por qu\u00e9 no deber\u00eda perd\u00e9rselo<\/span><\/a><\/p>\n<p>&nbsp;<\/p>\n","protected":false},"excerpt":{"rendered":"<p>El complejo Curcumega complex ahora en pack Lleva 4 Paga 3, contiene Curcuma, Vitamina C y Zinc que contribuyen a la protecci\u00f3n de las c\u00e9lulas frente a oxidaciones [&#8230;]<\/p>\n<p><a class=\"btn btn-secondary understrap-read-more-link\" href=\"https:\/\/www.lifenatura.com\/es\/produto\/curcumega-complex-pack-dietmed\/\">Leer m\u00e1s&#8230;<span class=\"screen-reader-text\"> from Curcumega Complex 12.500 mg Sticks Lleva 4 Pago 3<\/span><\/a><\/p>\n","protected":false},"featured_media":112478,"template":"","meta":{"_acf_changed":false},"product_brand":[8509],"product_cat":[7999,7236,7695,7268,7659,7165,7263,8048,7179,7883],"product_tag":[],"class_list":{"0":"post-36908","1":"product","2":"type-product","3":"status-publish","4":"has-post-thumbnail","6":"product_brand-dietmed-es","7":"product_cat-antiinflamatorio-natural","8":"product_cat-antioxidantes-salud","9":"product_cat-curcuma-bio","10":"product_cat-curcumega-packs-salud","11":"product_cat-ingrediente-natural-bio","12":"product_cat-jengibre","13":"product_cat-packs-de-salud","14":"product_cat-paga-3-lleva-4","15":"product_cat-salud","16":"product_cat-suplementos-alimenticios","17":"pa_dicas-curcumega-beneficios","19":"first","20":"instock","21":"sale","22":"shipping-taxable","23":"purchasable","24":"product-type-woosb","25":"add-to-wishlist-before_image"},"acf":[],"yoast_head":"<!-- This site is optimized with the Yoast SEO Premium plugin v27.1 (Yoast SEO v27.5) - https:\/\/yoast.com\/product\/yoast-seo-premium-wordpress\/ -->\n<title>Curcumega Complex Pack Lleva 4 Pago 3 - Lifenatura<\/title>\n<meta name=\"description\" content=\"Curcuma complex en pack Lleva 4 Pago 3 contiene curcuma, vitamina C y zinc, fuerta antioxidante e refuerza la inmunidad de forma natural.\" \/>\n<meta name=\"robots\" content=\"index, follow, max-snippet:-1, max-image-preview:large, max-video-preview:-1\" \/>\n<link rel=\"canonical\" href=\"https:\/\/www.lifenatura.com\/es\/produto\/curcumega-complex-pack-dietmed\/\" \/>\n<meta property=\"og:locale\" content=\"es_ES\" \/>\n<meta property=\"og:type\" content=\"article\" \/>\n<meta property=\"og:title\" content=\"Curcumega Complex 12.500 mg Sticks Lleva 4 Pago 3 - Na Lifenatura ao Melhor Pre\u00e7o | Envio 48h\" \/>\n<meta property=\"og:description\" content=\"Compre Curcumega Complex 12.500 mg Sticks Lleva 4 Pago 3 com envio r\u00e1pido. Entrega em 48h e portes gr\u00e1tis em compras &gt;35\u20ac. Aproveite j\u00e1 na Lifenatura\" \/>\n<meta property=\"og:url\" content=\"https:\/\/www.lifenatura.com\/es\/produto\/curcumega-complex-pack-dietmed\/\" \/>\n<meta property=\"og:site_name\" content=\"Lifenatura\" \/>\n<meta property=\"article:publisher\" content=\"https:\/\/www.facebook.com\/lifenatura\" \/>\n<meta property=\"article:modified_time\" content=\"2026-03-29T19:06:24+00:00\" \/>\n<meta property=\"og:image\" content=\"https:\/\/www.lifenatura.com\/wp-content\/uploads\/2021\/09\/curcumega-complex-l4p3.jpg\" \/>\n\t<meta property=\"og:image:width\" content=\"1000\" \/>\n\t<meta property=\"og:image:height\" content=\"1000\" \/>\n\t<meta property=\"og:image:type\" content=\"image\/jpeg\" \/>\n<meta name=\"twitter:card\" content=\"summary_large_image\" \/>\n<meta name=\"twitter:label1\" content=\"Precio\" \/>\n\t<meta name=\"twitter:data1\" content=\"80,68&nbsp;&euro;\" \/>\n\t<meta name=\"twitter:label2\" content=\"Disponibilidad\" \/>\n\t<meta name=\"twitter:data2\" content=\"Disponible\" \/>\n<script type=\"application\/ld+json\" class=\"yoast-schema-graph\">{\"@context\":\"https:\\\/\\\/schema.org\",\"@graph\":[{\"@type\":\"WebPage\",\"@id\":\"https:\\\/\\\/www.lifenatura.com\\\/es\\\/produto\\\/curcumega-complex-pack-dietmed\\\/\",\"url\":\"https:\\\/\\\/www.lifenatura.com\\\/es\\\/produto\\\/curcumega-complex-pack-dietmed\\\/\",\"name\":\"Curcumega Complex Pack Lleva 4 Pago 3 - Lifenatura\",\"isPartOf\":{\"@id\":\"https:\\\/\\\/www.lifenatura.com\\\/es\\\/#website\"},\"primaryImageOfPage\":{\"@id\":\"https:\\\/\\\/www.lifenatura.com\\\/es\\\/produto\\\/curcumega-complex-pack-dietmed\\\/#primaryimage\"},\"image\":{\"@id\":\"https:\\\/\\\/www.lifenatura.com\\\/es\\\/produto\\\/curcumega-complex-pack-dietmed\\\/#primaryimage\"},\"thumbnailUrl\":\"https:\\\/\\\/www.lifenatura.com\\\/wp-content\\\/uploads\\\/2021\\\/09\\\/curcumega-complex-l4p3.jpg\",\"datePublished\":\"2021-09-30T09:39:27+00:00\",\"dateModified\":\"2026-03-29T19:06:24+00:00\",\"description\":\"Curcuma complex en pack Lleva 4 Pago 3 contiene curcuma, vitamina C y zinc, fuerta antioxidante e refuerza la inmunidad de forma natural.\",\"breadcrumb\":{\"@id\":\"https:\\\/\\\/www.lifenatura.com\\\/es\\\/produto\\\/curcumega-complex-pack-dietmed\\\/#breadcrumb\"},\"inLanguage\":\"es\",\"potentialAction\":[{\"@type\":\"ReadAction\",\"target\":[\"https:\\\/\\\/www.lifenatura.com\\\/es\\\/produto\\\/curcumega-complex-pack-dietmed\\\/\"]}]},{\"@type\":\"ImageObject\",\"inLanguage\":\"es\",\"@id\":\"https:\\\/\\\/www.lifenatura.com\\\/es\\\/produto\\\/curcumega-complex-pack-dietmed\\\/#primaryimage\",\"url\":\"https:\\\/\\\/www.lifenatura.com\\\/wp-content\\\/uploads\\\/2021\\\/09\\\/curcumega-complex-l4p3.jpg\",\"contentUrl\":\"https:\\\/\\\/www.lifenatura.com\\\/wp-content\\\/uploads\\\/2021\\\/09\\\/curcumega-complex-l4p3.jpg\",\"width\":1000,\"height\":1000,\"caption\":\"Curcumega complex agora com pack leve 4 pague 3\"},{\"@type\":\"BreadcrumbList\",\"@id\":\"https:\\\/\\\/www.lifenatura.com\\\/es\\\/produto\\\/curcumega-complex-pack-dietmed\\\/#breadcrumb\",\"itemListElement\":[{\"@type\":\"ListItem\",\"position\":1,\"name\":\"In\u00edcio\",\"item\":\"https:\\\/\\\/www.lifenatura.com\\\/es\\\/\"},{\"@type\":\"ListItem\",\"position\":2,\"name\":\"Todos los Productos\",\"item\":\"https:\\\/\\\/www.lifenatura.com\\\/es\\\/tienda\\\/\"},{\"@type\":\"ListItem\",\"position\":3,\"name\":\"Curcumega Complex 12.500 mg Sticks Lleva 4 Pago 3\"}]},{\"@type\":\"WebSite\",\"@id\":\"https:\\\/\\\/www.lifenatura.com\\\/es\\\/#website\",\"url\":\"https:\\\/\\\/www.lifenatura.com\\\/es\\\/\",\"name\":\"Lifenatura\",\"description\":\"A Lifenatura \u00e9 uma loja de produtos naturais, cosm\u00e9tica natural e alimenta\u00e7\u00e3o Biol\u00f3gica.\",\"publisher\":{\"@id\":\"https:\\\/\\\/www.lifenatura.com\\\/es\\\/#organization\"},\"potentialAction\":[{\"@type\":\"SearchAction\",\"target\":{\"@type\":\"EntryPoint\",\"urlTemplate\":\"https:\\\/\\\/www.lifenatura.com\\\/es\\\/?s={search_term_string}\"},\"query-input\":{\"@type\":\"PropertyValueSpecification\",\"valueRequired\":true,\"valueName\":\"search_term_string\"}}],\"inLanguage\":\"es\"},{\"@type\":\"Organization\",\"@id\":\"https:\\\/\\\/www.lifenatura.com\\\/es\\\/#organization\",\"name\":\"Lifenatura\",\"url\":\"https:\\\/\\\/www.lifenatura.com\\\/es\\\/\",\"logo\":{\"@type\":\"ImageObject\",\"inLanguage\":\"es\",\"@id\":\"https:\\\/\\\/www.lifenatura.com\\\/es\\\/#\\\/schema\\\/logo\\\/image\\\/\",\"url\":\"https:\\\/\\\/www.lifenatura.com\\\/wp-content\\\/uploads\\\/2021\\\/07\\\/logo.png\",\"contentUrl\":\"https:\\\/\\\/www.lifenatura.com\\\/wp-content\\\/uploads\\\/2021\\\/07\\\/logo.png\",\"width\":175,\"height\":55,\"caption\":\"Lifenatura\"},\"image\":{\"@id\":\"https:\\\/\\\/www.lifenatura.com\\\/es\\\/#\\\/schema\\\/logo\\\/image\\\/\"},\"sameAs\":[\"https:\\\/\\\/www.facebook.com\\\/lifenatura\",\"https:\\\/\\\/www.instagram.com\\\/lifenaturapt\\\/\"],\"hasMerchantReturnPolicy\":{\"@type\":\"MerchantReturnPolicy\",\"merchantReturnLink\":\"https:\\\/\\\/www.lifenatura.com\\\/termos-condicoes-lifenatura\\\/\"}}]}<\/script>\n<meta property=\"product:price:amount\" content=\"80.68\" \/>\n<meta property=\"product:price:currency\" content=\"EUR\" \/>\n<meta property=\"og:availability\" content=\"instock\" \/>\n<meta property=\"product:availability\" content=\"instock\" \/>\n<meta property=\"product:retailer_item_id\" content=\"56054811125533\" \/>\n<meta property=\"product:condition\" content=\"new\" \/>\n<!-- \/ Yoast SEO Premium plugin. -->","yoast_head_json":{"title":"Curcumega Complex Pack Lleva 4 Pago 3 - Lifenatura","description":"Curcuma complex en pack Lleva 4 Pago 3 contiene curcuma, vitamina C y zinc, fuerta antioxidante e refuerza la inmunidad de forma natural.","robots":{"index":"index","follow":"follow","max-snippet":"max-snippet:-1","max-image-preview":"max-image-preview:large","max-video-preview":"max-video-preview:-1"},"canonical":"https:\/\/www.lifenatura.com\/es\/produto\/curcumega-complex-pack-dietmed\/","og_locale":"es_ES","og_type":"article","og_title":"Curcumega Complex 12.500 mg Sticks Lleva 4 Pago 3 - Na Lifenatura ao Melhor Pre\u00e7o | Envio 48h","og_description":"Compre Curcumega Complex 12.500 mg Sticks Lleva 4 Pago 3 com envio r\u00e1pido. Entrega em 48h e portes gr\u00e1tis em compras >35\u20ac. Aproveite j\u00e1 na Lifenatura","og_url":"https:\/\/www.lifenatura.com\/es\/produto\/curcumega-complex-pack-dietmed\/","og_site_name":"Lifenatura","article_publisher":"https:\/\/www.facebook.com\/lifenatura","article_modified_time":"2026-03-29T19:06:24+00:00","og_image":[{"width":1000,"height":1000,"url":"https:\/\/www.lifenatura.com\/wp-content\/uploads\/2021\/09\/curcumega-complex-l4p3.jpg","type":"image\/jpeg"}],"twitter_card":"summary_large_image","twitter_misc":{"Precio":"80,68&nbsp;&euro;","Disponibilidad":"Disponible"},"schema":{"@context":"https:\/\/schema.org","@graph":[{"@type":"WebPage","@id":"https:\/\/www.lifenatura.com\/es\/produto\/curcumega-complex-pack-dietmed\/","url":"https:\/\/www.lifenatura.com\/es\/produto\/curcumega-complex-pack-dietmed\/","name":"Curcumega Complex Pack Lleva 4 Pago 3 - Lifenatura","isPartOf":{"@id":"https:\/\/www.lifenatura.com\/es\/#website"},"primaryImageOfPage":{"@id":"https:\/\/www.lifenatura.com\/es\/produto\/curcumega-complex-pack-dietmed\/#primaryimage"},"image":{"@id":"https:\/\/www.lifenatura.com\/es\/produto\/curcumega-complex-pack-dietmed\/#primaryimage"},"thumbnailUrl":"https:\/\/www.lifenatura.com\/wp-content\/uploads\/2021\/09\/curcumega-complex-l4p3.jpg","datePublished":"2021-09-30T09:39:27+00:00","dateModified":"2026-03-29T19:06:24+00:00","description":"Curcuma complex en pack Lleva 4 Pago 3 contiene curcuma, vitamina C y zinc, fuerta antioxidante e refuerza la inmunidad de forma natural.","breadcrumb":{"@id":"https:\/\/www.lifenatura.com\/es\/produto\/curcumega-complex-pack-dietmed\/#breadcrumb"},"inLanguage":"es","potentialAction":[{"@type":"ReadAction","target":["https:\/\/www.lifenatura.com\/es\/produto\/curcumega-complex-pack-dietmed\/"]}]},{"@type":"ImageObject","inLanguage":"es","@id":"https:\/\/www.lifenatura.com\/es\/produto\/curcumega-complex-pack-dietmed\/#primaryimage","url":"https:\/\/www.lifenatura.com\/wp-content\/uploads\/2021\/09\/curcumega-complex-l4p3.jpg","contentUrl":"https:\/\/www.lifenatura.com\/wp-content\/uploads\/2021\/09\/curcumega-complex-l4p3.jpg","width":1000,"height":1000,"caption":"Curcumega complex agora com pack leve 4 pague 3"},{"@type":"BreadcrumbList","@id":"https:\/\/www.lifenatura.com\/es\/produto\/curcumega-complex-pack-dietmed\/#breadcrumb","itemListElement":[{"@type":"ListItem","position":1,"name":"In\u00edcio","item":"https:\/\/www.lifenatura.com\/es\/"},{"@type":"ListItem","position":2,"name":"Todos los Productos","item":"https:\/\/www.lifenatura.com\/es\/tienda\/"},{"@type":"ListItem","position":3,"name":"Curcumega Complex 12.500 mg Sticks Lleva 4 Pago 3"}]},{"@type":"WebSite","@id":"https:\/\/www.lifenatura.com\/es\/#website","url":"https:\/\/www.lifenatura.com\/es\/","name":"Lifenatura","description":"A Lifenatura \u00e9 uma loja de produtos naturais, cosm\u00e9tica natural e alimenta\u00e7\u00e3o Biol\u00f3gica.","publisher":{"@id":"https:\/\/www.lifenatura.com\/es\/#organization"},"potentialAction":[{"@type":"SearchAction","target":{"@type":"EntryPoint","urlTemplate":"https:\/\/www.lifenatura.com\/es\/?s={search_term_string}"},"query-input":{"@type":"PropertyValueSpecification","valueRequired":true,"valueName":"search_term_string"}}],"inLanguage":"es"},{"@type":"Organization","@id":"https:\/\/www.lifenatura.com\/es\/#organization","name":"Lifenatura","url":"https:\/\/www.lifenatura.com\/es\/","logo":{"@type":"ImageObject","inLanguage":"es","@id":"https:\/\/www.lifenatura.com\/es\/#\/schema\/logo\/image\/","url":"https:\/\/www.lifenatura.com\/wp-content\/uploads\/2021\/07\/logo.png","contentUrl":"https:\/\/www.lifenatura.com\/wp-content\/uploads\/2021\/07\/logo.png","width":175,"height":55,"caption":"Lifenatura"},"image":{"@id":"https:\/\/www.lifenatura.com\/es\/#\/schema\/logo\/image\/"},"sameAs":["https:\/\/www.facebook.com\/lifenatura","https:\/\/www.instagram.com\/lifenaturapt\/"],"hasMerchantReturnPolicy":{"@type":"MerchantReturnPolicy","merchantReturnLink":"https:\/\/www.lifenatura.com\/termos-condicoes-lifenatura\/"}}]},"product_price_amount":"80.68","product_price_currency":"EUR","og_availability":"instock","product_availability":"instock","product_retailer_item_id":"56054811125533","product_condition":"new"},"df_price":80.68,"df_sale_price":80.67,"df_regular_price":134.44,"df_image_link":"https:\/\/www.lifenatura.com\/wp-content\/uploads\/2021\/09\/curcumega-complex-l4p3-300x300.jpg","_links":{"self":[{"href":"https:\/\/www.lifenatura.com\/es\/wp-json\/wp\/v2\/product\/36908","targetHints":{"allow":["GET"]}}],"collection":[{"href":"https:\/\/www.lifenatura.com\/es\/wp-json\/wp\/v2\/product"}],"about":[{"href":"https:\/\/www.lifenatura.com\/es\/wp-json\/wp\/v2\/types\/product"}],"wp:featuredmedia":[{"embeddable":true,"href":"https:\/\/www.lifenatura.com\/es\/wp-json\/wp\/v2\/media\/112478"}],"wp:attachment":[{"href":"https:\/\/www.lifenatura.com\/es\/wp-json\/wp\/v2\/media?parent=36908"}],"wp:term":[{"taxonomy":"product_brand","embeddable":true,"href":"https:\/\/www.lifenatura.com\/es\/wp-json\/wp\/v2\/product_brand?post=36908"},{"taxonomy":"product_cat","embeddable":true,"href":"https:\/\/www.lifenatura.com\/es\/wp-json\/wp\/v2\/product_cat?post=36908"},{"taxonomy":"product_tag","embeddable":true,"href":"https:\/\/www.lifenatura.com\/es\/wp-json\/wp\/v2\/product_tag?post=36908"}],"curies":[{"name":"wp","href":"https:\/\/api.w.org\/{rel}","templated":true}]}}