{"id":36906,"date":"2021-09-30T09:39:27","date_gmt":"2021-09-30T09:39:27","guid":{"rendered":"https:\/\/lifenatura.dev.agenciagetdigital.com\/produto\/curcumega-max-30-capsulas-pack3-dietmed\/"},"modified":"2026-04-16T12:58:22","modified_gmt":"2026-04-16T12:58:22","slug":"curcumega-max-30-capsulas-pack3-dietmed","status":"publish","type":"product","link":"https:\/\/www.lifenatura.com\/es\/produto\/curcumega-max-30-capsulas-pack3-dietmed\/","title":{"rendered":"Curcumega Max 30 c\u00e1psulas Lleva 4 Paga 3"},"content":{"rendered":"<h2 style=\"text-align: left;\"><strong>Curcumega Max Mezcla de c\u00farcuma para potenciar los antioxidantes &#8211; Lleva 4 Paga 3<\/strong><\/h2>\n<p>&nbsp;<\/p>\n<p>Curcumega Max de Dietmed es un complemento natural de C\u00farcuma, Vitamina C y Zinc que contribuyen a la protecci\u00f3n de las c\u00e9lulas frente a oxidaciones indeseables y al normal funcionamiento del sistema inmunol\u00f3gico.<\/p>\n<p><strong>Ahora disponible en pack promoci\u00f3n de Lleve 4 Pago 3<\/strong><\/p>\n<p>Curcumega Max 10.000 mg es un complemento alimenticio altamente concentrado dise\u00f1ado para proporcionar una eficaz acci\u00f3n antioxidante y antiinflamatoria. Formulado con extracto de c\u00farcuma (Curcuma longa), pimienta negra (Piper nigrum), vitamina C y zinc, este complemento favorece el funcionamiento normal del sistema inmunitario y ayuda a proteger las c\u00e9lulas contra el estr\u00e9s oxidativo.<\/p>\n<p>La c\u00farcuma, rica en curcumina, es reconocida por sus propiedades antiinflamatorias y antioxidantes. La pimienta negra mejora la absorci\u00f3n de la curcumina, potenciando sus efectos. La vitamina C y el zinc son esenciales para mantener un sistema inmunitario sano y para la protecci\u00f3n celular.<\/p>\n<p><strong>Principales beneficios:<\/strong><\/p>\n<ul>\n<li>Acci\u00f3n antioxidante que protege las c\u00e9lulas contra el estr\u00e9s oxidativo.<\/li>\n<li>Contribuye al funcionamiento normal del sistema inmunitario<\/li>\n<li>Favorece la salud articular y la funci\u00f3n hep\u00e1tica<\/li>\n<li>Favorece el bienestar general y la vitalidad<\/li>\n<\/ul>\n<p><strong>Adecuado para:<\/strong><\/p>\n<ul>\n<li>Personas que desean reforzar su sistema inmunitario<\/li>\n<li>Personas que necesitan apoyo antioxidante<\/li>\n<li>Personas que desean mantener la salud de las articulaciones y el h\u00edgado<\/li>\n<li>Adultos que desean complementar su dieta con nutrientes esenciales<\/li>\n<\/ul>\n<p>La c\u00farcuma se considera un superalimento con varias propiedades, pero una de las principales es su capacidad para dar un antiinflamatorio natural, pero tambi\u00e9n es un excelente anticancer\u00edgeno y m\u00e1s.<\/p>\n<p><strong>PRESENTACI\u00d3N <\/strong><\/p>\n<p>30 c\u00e1psulas x 4<\/p>\n<p class=\"p1\"><b>Consejos de Salud:<\/b> <a href=\"https:\/\/www.lifenatura.com\/es\/dicas\/curcumega-beneficios\/\"><span class=\"s1\">Curcumega: Beneficios y por qu\u00e9 no deber\u00eda perd\u00e9rselo<\/span><\/a><\/p>\n<p>&nbsp;<\/p>\n","protected":false},"excerpt":{"rendered":"<p>Curcumega Max de Dietmed ahora el pack Lleva 4 Paga 3 un complemento natural de C\u00farcuma, Vitamina C y Zinc un Antioxidante refuerza la Imunidad. [&#8230;]<\/p>\n<p><a class=\"btn btn-secondary understrap-read-more-link\" href=\"https:\/\/www.lifenatura.com\/es\/produto\/curcumega-max-30-capsulas-pack3-dietmed\/\">Leer m\u00e1s&#8230;<span class=\"screen-reader-text\"> from Curcumega Max 30 c\u00e1psulas Lleva 4 Paga 3<\/span><\/a><\/p>\n","protected":false},"featured_media":112482,"template":"","meta":{"_acf_changed":false},"product_brand":[8509],"product_cat":[7999,7236,7695,7268,7659,7263,8048,7179,7883],"product_tag":[],"class_list":{"0":"post-36906","1":"product","2":"type-product","3":"status-publish","4":"has-post-thumbnail","6":"product_brand-dietmed-es","7":"product_cat-antiinflamatorio-natural","8":"product_cat-antioxidantes-salud","9":"product_cat-curcuma-bio","10":"product_cat-curcumega-packs-salud","11":"product_cat-ingrediente-natural-bio","12":"product_cat-packs-de-salud","13":"product_cat-paga-3-lleva-4","14":"product_cat-salud","15":"product_cat-suplementos-alimenticios","16":"pa_dicas-curcumega-beneficios","18":"first","19":"instock","20":"sale","21":"shipping-taxable","22":"purchasable","23":"product-type-woosb","24":"add-to-wishlist-before_image"},"acf":[],"yoast_head":"<!-- This site is optimized with the Yoast SEO Premium plugin v27.1 (Yoast SEO v27.4) - https:\/\/yoast.com\/product\/yoast-seo-premium-wordpress\/ -->\n<title>Curcumega Max 30 c\u00e1psulas Lleva 4 Paga 3 - Lifenatura<\/title>\n<meta name=\"description\" content=\"Curcumega Max de Dietmed ahora el pack Lleva 4 Paga 3 un complemento natural de C\u00farcuma, Vitamina C y Zinc un Antioxidante refuerza la Imunidad.\" \/>\n<meta name=\"robots\" content=\"index, follow, max-snippet:-1, max-image-preview:large, max-video-preview:-1\" \/>\n<link rel=\"canonical\" href=\"https:\/\/www.lifenatura.com\/es\/produto\/curcumega-max-30-capsulas-pack3-dietmed\/\" \/>\n<meta property=\"og:locale\" content=\"es_ES\" \/>\n<meta property=\"og:type\" content=\"article\" \/>\n<meta property=\"og:title\" content=\"Curcumega Max 30 c\u00e1psulas Lleva 4 Paga 3 - Lifenatura\" \/>\n<meta property=\"og:description\" content=\"Compre aqui o seu Curcumega Max 30 c\u00e1psulas Lleva 4 Paga 3 e a Lifenatura Online envia em 48 H com Portes Gratis &gt;35\u20ac de Pedido.\" \/>\n<meta property=\"og:url\" content=\"https:\/\/www.lifenatura.com\/es\/produto\/curcumega-max-30-capsulas-pack3-dietmed\/\" \/>\n<meta property=\"og:site_name\" content=\"Lifenatura\" \/>\n<meta property=\"article:publisher\" content=\"https:\/\/www.facebook.com\/lifenatura\" \/>\n<meta property=\"article:modified_time\" content=\"2026-04-16T12:58:22+00:00\" \/>\n<meta property=\"og:image\" content=\"https:\/\/www.lifenatura.com\/wp-content\/uploads\/2021\/09\/curcumega-max-30caps-l4p3.jpg\" \/>\n\t<meta property=\"og:image:width\" content=\"1000\" \/>\n\t<meta property=\"og:image:height\" content=\"1000\" \/>\n\t<meta property=\"og:image:type\" content=\"image\/jpeg\" \/>\n<meta name=\"twitter:card\" content=\"summary_large_image\" \/>\n<meta name=\"twitter:label1\" content=\"Precio\" \/>\n\t<meta name=\"twitter:data1\" content=\"48,28&nbsp;&euro;\" \/>\n\t<meta name=\"twitter:label2\" content=\"Disponibilidad\" \/>\n\t<meta name=\"twitter:data2\" content=\"Disponible\" \/>\n<meta property=\"product:price:amount\" content=\"48.28\" \/>\n<meta property=\"product:price:currency\" content=\"EUR\" \/>\n<meta property=\"og:availability\" content=\"instock\" \/>\n<meta property=\"product:availability\" content=\"instock\" \/>\n<meta property=\"product:retailer_item_id\" content=\"56054811076899\" \/>\n<meta property=\"product:condition\" content=\"new\" \/>\n<!-- \/ Yoast SEO Premium plugin. -->","yoast_head_json":{"title":"Curcumega Max 30 c\u00e1psulas Lleva 4 Paga 3 - Lifenatura","description":"Curcumega Max de Dietmed ahora el pack Lleva 4 Paga 3 un complemento natural de C\u00farcuma, Vitamina C y Zinc un Antioxidante refuerza la Imunidad.","robots":{"index":"index","follow":"follow","max-snippet":"max-snippet:-1","max-image-preview":"max-image-preview:large","max-video-preview":"max-video-preview:-1"},"canonical":"https:\/\/www.lifenatura.com\/es\/produto\/curcumega-max-30-capsulas-pack3-dietmed\/","og_locale":"es_ES","og_type":"article","og_title":"Curcumega Max 30 c\u00e1psulas Lleva 4 Paga 3 - Lifenatura","og_description":"Compre aqui o seu Curcumega Max 30 c\u00e1psulas Lleva 4 Paga 3 e a Lifenatura Online envia em 48 H com Portes Gratis >35\u20ac de Pedido.","og_url":"https:\/\/www.lifenatura.com\/es\/produto\/curcumega-max-30-capsulas-pack3-dietmed\/","og_site_name":"Lifenatura","article_publisher":"https:\/\/www.facebook.com\/lifenatura","article_modified_time":"2026-04-16T12:58:22+00:00","og_image":[{"width":1000,"height":1000,"url":"https:\/\/www.lifenatura.com\/wp-content\/uploads\/2021\/09\/curcumega-max-30caps-l4p3.jpg","type":"image\/jpeg"}],"twitter_card":"summary_large_image","twitter_misc":{"Precio":"48,28&nbsp;&euro;","Disponibilidad":"Disponible"},"schema":{"@context":"https:\/\/schema.org","@graph":[{"@type":"WebPage","@id":"https:\/\/www.lifenatura.com\/es\/produto\/curcumega-max-30-capsulas-pack3-dietmed\/","url":"https:\/\/www.lifenatura.com\/es\/produto\/curcumega-max-30-capsulas-pack3-dietmed\/","name":"Curcumega Max 30 c\u00e1psulas Lleva 4 Paga 3 - Lifenatura","isPartOf":{"@id":"https:\/\/www.lifenatura.com\/es\/#website"},"primaryImageOfPage":{"@id":"https:\/\/www.lifenatura.com\/es\/produto\/curcumega-max-30-capsulas-pack3-dietmed\/#primaryimage"},"image":{"@id":"https:\/\/www.lifenatura.com\/es\/produto\/curcumega-max-30-capsulas-pack3-dietmed\/#primaryimage"},"thumbnailUrl":"https:\/\/www.lifenatura.com\/wp-content\/uploads\/2021\/09\/curcumega-max-30caps-l4p3.jpg","datePublished":"2021-09-30T09:39:27+00:00","dateModified":"2026-04-16T12:58:22+00:00","description":"Curcumega Max de Dietmed ahora el pack Lleva 4 Paga 3 un complemento natural de C\u00farcuma, Vitamina C y Zinc un Antioxidante refuerza la Imunidad.","breadcrumb":{"@id":"https:\/\/www.lifenatura.com\/es\/produto\/curcumega-max-30-capsulas-pack3-dietmed\/#breadcrumb"},"inLanguage":"es","potentialAction":[{"@type":"ReadAction","target":["https:\/\/www.lifenatura.com\/es\/produto\/curcumega-max-30-capsulas-pack3-dietmed\/"]}]},{"@type":"ImageObject","inLanguage":"es","@id":"https:\/\/www.lifenatura.com\/es\/produto\/curcumega-max-30-capsulas-pack3-dietmed\/#primaryimage","url":"https:\/\/www.lifenatura.com\/wp-content\/uploads\/2021\/09\/curcumega-max-30caps-l4p3.jpg","contentUrl":"https:\/\/www.lifenatura.com\/wp-content\/uploads\/2021\/09\/curcumega-max-30caps-l4p3.jpg","width":1000,"height":1000,"caption":"Curcumega Max de 30 Caps em pack Leve 4 Pague 3"},{"@type":"BreadcrumbList","@id":"https:\/\/www.lifenatura.com\/es\/produto\/curcumega-max-30-capsulas-pack3-dietmed\/#breadcrumb","itemListElement":[{"@type":"ListItem","position":1,"name":"In\u00edcio","item":"https:\/\/www.lifenatura.com\/es\/"},{"@type":"ListItem","position":2,"name":"Todos los Productos","item":"https:\/\/www.lifenatura.com\/es\/tienda\/"},{"@type":"ListItem","position":3,"name":"Curcumega Max 30 c\u00e1psulas Lleva 4 Paga 3"}]},{"@type":"WebSite","@id":"https:\/\/www.lifenatura.com\/es\/#website","url":"https:\/\/www.lifenatura.com\/es\/","name":"Lifenatura","description":"A Lifenatura \u00e9 uma loja de produtos naturais, cosm\u00e9tica natural e alimenta\u00e7\u00e3o Biol\u00f3gica.","publisher":{"@id":"https:\/\/www.lifenatura.com\/es\/#organization"},"potentialAction":[{"@type":"SearchAction","target":{"@type":"EntryPoint","urlTemplate":"https:\/\/www.lifenatura.com\/es\/?s={search_term_string}"},"query-input":{"@type":"PropertyValueSpecification","valueRequired":true,"valueName":"search_term_string"}}],"inLanguage":"es"},{"@type":"Organization","@id":"https:\/\/www.lifenatura.com\/es\/#organization","name":"Lifenatura","url":"https:\/\/www.lifenatura.com\/es\/","logo":{"@type":"ImageObject","inLanguage":"es","@id":"https:\/\/www.lifenatura.com\/es\/#\/schema\/logo\/image\/","url":"https:\/\/www.lifenatura.com\/wp-content\/uploads\/2021\/11\/logo.png","contentUrl":"https:\/\/www.lifenatura.com\/wp-content\/uploads\/2021\/11\/logo.png","width":175,"height":55,"caption":"Lifenatura"},"image":{"@id":"https:\/\/www.lifenatura.com\/es\/#\/schema\/logo\/image\/"},"sameAs":["https:\/\/www.facebook.com\/lifenatura","https:\/\/www.instagram.com\/lifenaturapt\/"]}]},"product_price_amount":"48.28","product_price_currency":"EUR","og_availability":"instock","product_availability":"instock","product_retailer_item_id":"56054811076899","product_condition":"new"},"df_price":48.28,"df_sale_price":80.49,"df_regular_price":134.16,"df_image_link":"https:\/\/www.lifenatura.com\/wp-content\/uploads\/2021\/09\/curcumega-max-30caps-l4p3-300x300.jpg","_links":{"self":[{"href":"https:\/\/www.lifenatura.com\/es\/wp-json\/wp\/v2\/product\/36906","targetHints":{"allow":["GET"]}}],"collection":[{"href":"https:\/\/www.lifenatura.com\/es\/wp-json\/wp\/v2\/product"}],"about":[{"href":"https:\/\/www.lifenatura.com\/es\/wp-json\/wp\/v2\/types\/product"}],"wp:featuredmedia":[{"embeddable":true,"href":"https:\/\/www.lifenatura.com\/es\/wp-json\/wp\/v2\/media\/112482"}],"wp:attachment":[{"href":"https:\/\/www.lifenatura.com\/es\/wp-json\/wp\/v2\/media?parent=36906"}],"wp:term":[{"taxonomy":"product_brand","embeddable":true,"href":"https:\/\/www.lifenatura.com\/es\/wp-json\/wp\/v2\/product_brand?post=36906"},{"taxonomy":"product_cat","embeddable":true,"href":"https:\/\/www.lifenatura.com\/es\/wp-json\/wp\/v2\/product_cat?post=36906"},{"taxonomy":"product_tag","embeddable":true,"href":"https:\/\/www.lifenatura.com\/es\/wp-json\/wp\/v2\/product_tag?post=36906"}],"curies":[{"name":"wp","href":"https:\/\/api.w.org\/{rel}","templated":true}]}}