{"id":36892,"date":"2021-09-30T09:39:05","date_gmt":"2021-09-30T09:39:05","guid":{"rendered":"https:\/\/lifenatura.dev.agenciagetdigital.com\/produto\/cannabiron-30-capsulas-30-comprimidos-dietmed\/"},"modified":"2026-01-22T06:44:40","modified_gmt":"2026-01-22T06:44:40","slug":"cannabiron-30-capsulas-30-comprimidos-dietmed","status":"publish","type":"product","link":"https:\/\/www.lifenatura.com\/es\/produto\/cannabiron-30-capsulas-30-comprimidos-dietmed\/","title":{"rendered":"Cannabiron 30 c\u00e1psulas + 30 comprimidos &#8211; Dietmed"},"content":{"rendered":"<h2 style=\"text-align: left;\"><strong>Cannabiron: <\/strong><strong>Acci\u00f3n antiinflamatoria y analg\u00e9sica<\/strong><\/h2>\n<p>&nbsp;<\/p>\n<p>Cannabiron est\u00e1 indicado para el mantenimiento de la salud musculoesquel\u00e9tica, reduce el dolor musculoesquel\u00e9tico y la inflamaci\u00f3n, y es \u00fatil en condiciones de dolor cr\u00f3nico.<\/p>\n<p>Contiene Boswellia que contribuye a la funci\u00f3n normal del cart\u00edlago. El T\u00e9 Verde ayuda a vigorizar el organismo y a proteger las c\u00e9lulas contra la oxidaci\u00f3n indeseable. El jengibre contribuye al funcionamiento normal del sistema inmunitario.<\/p>\n<p>Cannabiron es un complemento alimenticio innovador que combina los beneficios naturales del aceite de semillas de c\u00e1\u00f1amo con el hierro y otras vitaminas esenciales. Desarrollado para favorecer el bienestar general, este producto favorece el equilibrio del organismo, combate el cansancio y refuerza el sistema inmunitario.<\/p>\n<p>Rico en \u00e1cidos grasos esenciales (omega 3 y 6), vitaminas B6 y B12, y hierro, Cannabiron es una soluci\u00f3n natural y eficaz para cualquier persona que desee cuidar su salud de forma integral.<\/p>\n<p><strong>Principales beneficios:<\/strong><\/p>\n<ul>\n<li><strong>Energ\u00eda y vitalidad:<\/strong> El hierro y las vitaminas B6 y B12 ayudan a reducir el cansancio y la fatiga, favoreciendo una mayor energ\u00eda en el d\u00eda a d\u00eda.<\/li>\n<li><strong>Refuerza el sistema inmunitario:<\/strong> Contribuye al funcionamiento normal del sistema inmunitario, protegiendo el organismo.<\/li>\n<li><strong>Equilibrio y bienestar:<\/strong> El aceite de c\u00e1\u00f1amo, rico en \u00e1cidos grasos esenciales, favorece el equilibrio f\u00edsico y mental.<\/li>\n<li><strong>Salud cardiovascular:<\/strong> Los omegas 3 y 6 contribuyen a mantener el funcionamiento normal del coraz\u00f3n.<\/li>\n<li><strong>F\u00e1cil de usar:<\/strong> Suplemento en un pr\u00e1ctico formato para complementar una dieta equilibrada.<\/li>\n<\/ul>\n<p><strong>Adecuado para:<\/strong><\/p>\n<p>Personas que experimentan fatiga o bajos niveles de energ\u00eda.<br \/>\nPersonas con carencias nutricionales de hierro y vitaminas esenciales.<br \/>\nCualquier persona que busque un suplemento natural para reforzar el sistema inmunitario.<br \/>\nIdeal para complementar una dieta sana y equilibrada.<\/p>\n<p><strong>Cart\u00edlago<\/strong><\/p>\n<p>La Boswellia contribuye al funcionamiento normal del cart\u00edlago.<\/p>\n<p><strong>Vigorizante y antioxidante<\/strong><\/p>\n<p>El T\u00e9 Verde contribuye a tonificar el organismo y a proteger las c\u00e9lulas contra la oxidaci\u00f3n indeseable.<\/p>\n<p><strong>Inmunidad<\/strong><\/p>\n<p>El Jengibre contribuye al funcionamiento normal del sistema inmunitario.<\/p>\n<p><strong>PRESENTACI\u00d3N<\/strong><\/p>\n<p>30 c\u00e1psulas + 30 comprimidos<\/p>\n<p>&nbsp;<\/p>\n","protected":false},"excerpt":{"rendered":"<p>Cannabiron tiene una acci\u00f3n antiinflamatoria y analg\u00e9sica y combina aceite de c\u00e1\u00f1amo, hierro y vitaminas para aportar energ\u00eda, inmunidad y bienestar. [&#8230;]<\/p>\n<p><a class=\"btn btn-secondary understrap-read-more-link\" href=\"https:\/\/www.lifenatura.com\/es\/produto\/cannabiron-30-capsulas-30-comprimidos-dietmed\/\">Leer m\u00e1s&#8230;<span class=\"screen-reader-text\"> from Cannabiron 30 c\u00e1psulas + 30 comprimidos &#8211; Dietmed<\/span><\/a><\/p>\n","protected":false},"featured_media":106210,"template":"","meta":{"_acf_changed":false},"product_brand":[8509],"product_cat":[7205,7211,7179],"product_tag":[],"class_list":{"0":"post-36892","1":"product","2":"type-product","3":"status-publish","4":"has-post-thumbnail","6":"product_brand-dietmed-es","7":"product_cat-articulaciones","8":"product_cat-reforza-la-inmunidad-salud","9":"product_cat-salud","11":"first","12":"instock","13":"sale","14":"shipping-taxable","15":"purchasable","16":"product-type-simple","17":"add-to-wishlist-before_image"},"acf":[],"yoast_head":"<!-- This site is optimized with the Yoast SEO Premium plugin v27.1 (Yoast SEO v27.6) - https:\/\/yoast.com\/product\/yoast-seo-premium-wordpress\/ -->\n<title>Cannabiron 30 c\u00e1psulas + 30 comprimidos - Dietmed<\/title>\n<meta name=\"description\" content=\"Cannabiron tiene una acci\u00f3n antiinflamatoria y analg\u00e9sica y combina aceite de c\u00e1\u00f1amo, hierro y vitaminas para aportar energ\u00eda, inmunidad y bienestar.\" \/>\n<meta name=\"robots\" content=\"index, follow, max-snippet:-1, max-image-preview:large, max-video-preview:-1\" \/>\n<link rel=\"canonical\" href=\"https:\/\/www.lifenatura.com\/es\/produto\/cannabiron-30-capsulas-30-comprimidos-dietmed\/\" \/>\n<meta property=\"og:locale\" content=\"es_ES\" \/>\n<meta property=\"og:type\" content=\"article\" \/>\n<meta property=\"og:title\" content=\"Cannabiron 30 c\u00e1psulas + 30 comprimidos - Dietmed - Na Lifenatura ao Melhor Pre\u00e7o | Envio 48h\" \/>\n<meta property=\"og:description\" content=\"Compre Cannabiron 30 c\u00e1psulas + 30 comprimidos - Dietmed com envio r\u00e1pido. Entrega em 48h e portes gr\u00e1tis em compras &gt;35\u20ac. Aproveite j\u00e1 na Lifenatura\" \/>\n<meta property=\"og:url\" content=\"https:\/\/www.lifenatura.com\/es\/produto\/cannabiron-30-capsulas-30-comprimidos-dietmed\/\" \/>\n<meta property=\"og:site_name\" content=\"Lifenatura\" \/>\n<meta property=\"article:publisher\" content=\"https:\/\/www.facebook.com\/lifenatura\" \/>\n<meta property=\"article:modified_time\" content=\"2026-01-22T06:44:40+00:00\" \/>\n<meta property=\"og:image\" content=\"https:\/\/www.lifenatura.com\/wp-content\/uploads\/2021\/09\/cannabiron-duo-dietmed.jpg\" \/>\n\t<meta property=\"og:image:width\" content=\"1000\" \/>\n\t<meta property=\"og:image:height\" content=\"1000\" \/>\n\t<meta property=\"og:image:type\" content=\"image\/jpeg\" \/>\n<meta name=\"twitter:card\" content=\"summary_large_image\" \/>\n<meta name=\"twitter:label1\" content=\"Precio\" \/>\n\t<meta name=\"twitter:data1\" content=\"32,29&nbsp;&euro;\" \/>\n\t<meta name=\"twitter:label2\" content=\"Disponibilidad\" \/>\n\t<meta name=\"twitter:data2\" content=\"Disponible\" \/>\n<script type=\"application\/ld+json\" class=\"yoast-schema-graph\">{\"@context\":\"https:\\\/\\\/schema.org\",\"@graph\":[{\"@type\":\"WebPage\",\"@id\":\"https:\\\/\\\/www.lifenatura.com\\\/es\\\/produto\\\/cannabiron-30-capsulas-30-comprimidos-dietmed\\\/\",\"url\":\"https:\\\/\\\/www.lifenatura.com\\\/es\\\/produto\\\/cannabiron-30-capsulas-30-comprimidos-dietmed\\\/\",\"name\":\"Cannabiron 30 c\u00e1psulas + 30 comprimidos - Dietmed\",\"isPartOf\":{\"@id\":\"https:\\\/\\\/www.lifenatura.com\\\/es\\\/#website\"},\"primaryImageOfPage\":{\"@id\":\"https:\\\/\\\/www.lifenatura.com\\\/es\\\/produto\\\/cannabiron-30-capsulas-30-comprimidos-dietmed\\\/#primaryimage\"},\"image\":{\"@id\":\"https:\\\/\\\/www.lifenatura.com\\\/es\\\/produto\\\/cannabiron-30-capsulas-30-comprimidos-dietmed\\\/#primaryimage\"},\"thumbnailUrl\":\"https:\\\/\\\/www.lifenatura.com\\\/wp-content\\\/uploads\\\/2021\\\/09\\\/cannabiron-duo-dietmed.jpg\",\"datePublished\":\"2021-09-30T09:39:05+00:00\",\"dateModified\":\"2026-01-22T06:44:40+00:00\",\"description\":\"Cannabiron tiene una acci\u00f3n antiinflamatoria y analg\u00e9sica y combina aceite de c\u00e1\u00f1amo, hierro y vitaminas para aportar energ\u00eda, inmunidad y bienestar.\",\"breadcrumb\":{\"@id\":\"https:\\\/\\\/www.lifenatura.com\\\/es\\\/produto\\\/cannabiron-30-capsulas-30-comprimidos-dietmed\\\/#breadcrumb\"},\"inLanguage\":\"es\",\"potentialAction\":[{\"@type\":\"ReadAction\",\"target\":[\"https:\\\/\\\/www.lifenatura.com\\\/es\\\/produto\\\/cannabiron-30-capsulas-30-comprimidos-dietmed\\\/\"]}]},{\"@type\":\"ImageObject\",\"inLanguage\":\"es\",\"@id\":\"https:\\\/\\\/www.lifenatura.com\\\/es\\\/produto\\\/cannabiron-30-capsulas-30-comprimidos-dietmed\\\/#primaryimage\",\"url\":\"https:\\\/\\\/www.lifenatura.com\\\/wp-content\\\/uploads\\\/2021\\\/09\\\/cannabiron-duo-dietmed.jpg\",\"contentUrl\":\"https:\\\/\\\/www.lifenatura.com\\\/wp-content\\\/uploads\\\/2021\\\/09\\\/cannabiron-duo-dietmed.jpg\",\"width\":1000,\"height\":1000,\"caption\":\"cannabiron duo da dietmed\"},{\"@type\":\"BreadcrumbList\",\"@id\":\"https:\\\/\\\/www.lifenatura.com\\\/es\\\/produto\\\/cannabiron-30-capsulas-30-comprimidos-dietmed\\\/#breadcrumb\",\"itemListElement\":[{\"@type\":\"ListItem\",\"position\":1,\"name\":\"In\u00edcio\",\"item\":\"https:\\\/\\\/www.lifenatura.com\\\/es\\\/\"},{\"@type\":\"ListItem\",\"position\":2,\"name\":\"Todos los Productos\",\"item\":\"https:\\\/\\\/www.lifenatura.com\\\/es\\\/tienda\\\/\"},{\"@type\":\"ListItem\",\"position\":3,\"name\":\"Cannabiron 30 c\u00e1psulas + 30 comprimidos &#8211; Dietmed\"}]},{\"@type\":\"WebSite\",\"@id\":\"https:\\\/\\\/www.lifenatura.com\\\/es\\\/#website\",\"url\":\"https:\\\/\\\/www.lifenatura.com\\\/es\\\/\",\"name\":\"Lifenatura\",\"description\":\"A Lifenatura \u00e9 uma loja de produtos naturais, cosm\u00e9tica natural e alimenta\u00e7\u00e3o Biol\u00f3gica.\",\"publisher\":{\"@id\":\"https:\\\/\\\/www.lifenatura.com\\\/es\\\/#organization\"},\"potentialAction\":[{\"@type\":\"SearchAction\",\"target\":{\"@type\":\"EntryPoint\",\"urlTemplate\":\"https:\\\/\\\/www.lifenatura.com\\\/es\\\/?s={search_term_string}\"},\"query-input\":{\"@type\":\"PropertyValueSpecification\",\"valueRequired\":true,\"valueName\":\"search_term_string\"}}],\"inLanguage\":\"es\"},{\"@type\":\"Organization\",\"@id\":\"https:\\\/\\\/www.lifenatura.com\\\/es\\\/#organization\",\"name\":\"Lifenatura\",\"url\":\"https:\\\/\\\/www.lifenatura.com\\\/es\\\/\",\"logo\":{\"@type\":\"ImageObject\",\"inLanguage\":\"es\",\"@id\":\"https:\\\/\\\/www.lifenatura.com\\\/es\\\/#\\\/schema\\\/logo\\\/image\\\/\",\"url\":\"https:\\\/\\\/www.lifenatura.com\\\/wp-content\\\/uploads\\\/2021\\\/07\\\/logo.png\",\"contentUrl\":\"https:\\\/\\\/www.lifenatura.com\\\/wp-content\\\/uploads\\\/2021\\\/07\\\/logo.png\",\"width\":175,\"height\":55,\"caption\":\"Lifenatura\"},\"image\":{\"@id\":\"https:\\\/\\\/www.lifenatura.com\\\/es\\\/#\\\/schema\\\/logo\\\/image\\\/\"},\"sameAs\":[\"https:\\\/\\\/www.facebook.com\\\/lifenatura\",\"https:\\\/\\\/www.instagram.com\\\/lifenaturapt\\\/\"],\"hasMerchantReturnPolicy\":{\"@type\":\"MerchantReturnPolicy\",\"merchantReturnLink\":\"https:\\\/\\\/www.lifenatura.com\\\/termos-condicoes-lifenatura\\\/\"}}]}<\/script>\n<meta property=\"product:price:amount\" content=\"32.29\" \/>\n<meta property=\"product:price:currency\" content=\"EUR\" \/>\n<meta property=\"og:availability\" content=\"instock\" \/>\n<meta property=\"product:availability\" content=\"instock\" \/>\n<meta property=\"product:retailer_item_id\" content=\"5605481407918\" \/>\n<meta property=\"product:condition\" content=\"new\" \/>\n<!-- \/ Yoast SEO Premium plugin. -->","yoast_head_json":{"title":"Cannabiron 30 c\u00e1psulas + 30 comprimidos - Dietmed","description":"Cannabiron tiene una acci\u00f3n antiinflamatoria y analg\u00e9sica y combina aceite de c\u00e1\u00f1amo, hierro y vitaminas para aportar energ\u00eda, inmunidad y bienestar.","robots":{"index":"index","follow":"follow","max-snippet":"max-snippet:-1","max-image-preview":"max-image-preview:large","max-video-preview":"max-video-preview:-1"},"canonical":"https:\/\/www.lifenatura.com\/es\/produto\/cannabiron-30-capsulas-30-comprimidos-dietmed\/","og_locale":"es_ES","og_type":"article","og_title":"Cannabiron 30 c\u00e1psulas + 30 comprimidos - Dietmed - Na Lifenatura ao Melhor Pre\u00e7o | Envio 48h","og_description":"Compre Cannabiron 30 c\u00e1psulas + 30 comprimidos - Dietmed com envio r\u00e1pido. Entrega em 48h e portes gr\u00e1tis em compras >35\u20ac. Aproveite j\u00e1 na Lifenatura","og_url":"https:\/\/www.lifenatura.com\/es\/produto\/cannabiron-30-capsulas-30-comprimidos-dietmed\/","og_site_name":"Lifenatura","article_publisher":"https:\/\/www.facebook.com\/lifenatura","article_modified_time":"2026-01-22T06:44:40+00:00","og_image":[{"width":1000,"height":1000,"url":"https:\/\/www.lifenatura.com\/wp-content\/uploads\/2021\/09\/cannabiron-duo-dietmed.jpg","type":"image\/jpeg"}],"twitter_card":"summary_large_image","twitter_misc":{"Precio":"32,29&nbsp;&euro;","Disponibilidad":"Disponible"},"schema":{"@context":"https:\/\/schema.org","@graph":[{"@type":"WebPage","@id":"https:\/\/www.lifenatura.com\/es\/produto\/cannabiron-30-capsulas-30-comprimidos-dietmed\/","url":"https:\/\/www.lifenatura.com\/es\/produto\/cannabiron-30-capsulas-30-comprimidos-dietmed\/","name":"Cannabiron 30 c\u00e1psulas + 30 comprimidos - Dietmed","isPartOf":{"@id":"https:\/\/www.lifenatura.com\/es\/#website"},"primaryImageOfPage":{"@id":"https:\/\/www.lifenatura.com\/es\/produto\/cannabiron-30-capsulas-30-comprimidos-dietmed\/#primaryimage"},"image":{"@id":"https:\/\/www.lifenatura.com\/es\/produto\/cannabiron-30-capsulas-30-comprimidos-dietmed\/#primaryimage"},"thumbnailUrl":"https:\/\/www.lifenatura.com\/wp-content\/uploads\/2021\/09\/cannabiron-duo-dietmed.jpg","datePublished":"2021-09-30T09:39:05+00:00","dateModified":"2026-01-22T06:44:40+00:00","description":"Cannabiron tiene una acci\u00f3n antiinflamatoria y analg\u00e9sica y combina aceite de c\u00e1\u00f1amo, hierro y vitaminas para aportar energ\u00eda, inmunidad y bienestar.","breadcrumb":{"@id":"https:\/\/www.lifenatura.com\/es\/produto\/cannabiron-30-capsulas-30-comprimidos-dietmed\/#breadcrumb"},"inLanguage":"es","potentialAction":[{"@type":"ReadAction","target":["https:\/\/www.lifenatura.com\/es\/produto\/cannabiron-30-capsulas-30-comprimidos-dietmed\/"]}]},{"@type":"ImageObject","inLanguage":"es","@id":"https:\/\/www.lifenatura.com\/es\/produto\/cannabiron-30-capsulas-30-comprimidos-dietmed\/#primaryimage","url":"https:\/\/www.lifenatura.com\/wp-content\/uploads\/2021\/09\/cannabiron-duo-dietmed.jpg","contentUrl":"https:\/\/www.lifenatura.com\/wp-content\/uploads\/2021\/09\/cannabiron-duo-dietmed.jpg","width":1000,"height":1000,"caption":"cannabiron duo da dietmed"},{"@type":"BreadcrumbList","@id":"https:\/\/www.lifenatura.com\/es\/produto\/cannabiron-30-capsulas-30-comprimidos-dietmed\/#breadcrumb","itemListElement":[{"@type":"ListItem","position":1,"name":"In\u00edcio","item":"https:\/\/www.lifenatura.com\/es\/"},{"@type":"ListItem","position":2,"name":"Todos los Productos","item":"https:\/\/www.lifenatura.com\/es\/tienda\/"},{"@type":"ListItem","position":3,"name":"Cannabiron 30 c\u00e1psulas + 30 comprimidos &#8211; Dietmed"}]},{"@type":"WebSite","@id":"https:\/\/www.lifenatura.com\/es\/#website","url":"https:\/\/www.lifenatura.com\/es\/","name":"Lifenatura","description":"A Lifenatura \u00e9 uma loja de produtos naturais, cosm\u00e9tica natural e alimenta\u00e7\u00e3o Biol\u00f3gica.","publisher":{"@id":"https:\/\/www.lifenatura.com\/es\/#organization"},"potentialAction":[{"@type":"SearchAction","target":{"@type":"EntryPoint","urlTemplate":"https:\/\/www.lifenatura.com\/es\/?s={search_term_string}"},"query-input":{"@type":"PropertyValueSpecification","valueRequired":true,"valueName":"search_term_string"}}],"inLanguage":"es"},{"@type":"Organization","@id":"https:\/\/www.lifenatura.com\/es\/#organization","name":"Lifenatura","url":"https:\/\/www.lifenatura.com\/es\/","logo":{"@type":"ImageObject","inLanguage":"es","@id":"https:\/\/www.lifenatura.com\/es\/#\/schema\/logo\/image\/","url":"https:\/\/www.lifenatura.com\/wp-content\/uploads\/2021\/07\/logo.png","contentUrl":"https:\/\/www.lifenatura.com\/wp-content\/uploads\/2021\/07\/logo.png","width":175,"height":55,"caption":"Lifenatura"},"image":{"@id":"https:\/\/www.lifenatura.com\/es\/#\/schema\/logo\/image\/"},"sameAs":["https:\/\/www.facebook.com\/lifenatura","https:\/\/www.instagram.com\/lifenaturapt\/"],"hasMerchantReturnPolicy":{"@type":"MerchantReturnPolicy","merchantReturnLink":"https:\/\/www.lifenatura.com\/termos-condicoes-lifenatura\/"}}]},"product_price_amount":"32.29","product_price_currency":"EUR","og_availability":"instock","product_availability":"instock","product_retailer_item_id":"5605481407918","product_condition":"new"},"df_price":32.29,"df_sale_price":32.29,"df_regular_price":40.36,"df_image_link":"https:\/\/www.lifenatura.com\/wp-content\/uploads\/2021\/09\/cannabiron-duo-dietmed-300x300.jpg","_links":{"self":[{"href":"https:\/\/www.lifenatura.com\/es\/wp-json\/wp\/v2\/product\/36892","targetHints":{"allow":["GET"]}}],"collection":[{"href":"https:\/\/www.lifenatura.com\/es\/wp-json\/wp\/v2\/product"}],"about":[{"href":"https:\/\/www.lifenatura.com\/es\/wp-json\/wp\/v2\/types\/product"}],"wp:featuredmedia":[{"embeddable":true,"href":"https:\/\/www.lifenatura.com\/es\/wp-json\/wp\/v2\/media\/106210"}],"wp:attachment":[{"href":"https:\/\/www.lifenatura.com\/es\/wp-json\/wp\/v2\/media?parent=36892"}],"wp:term":[{"taxonomy":"product_brand","embeddable":true,"href":"https:\/\/www.lifenatura.com\/es\/wp-json\/wp\/v2\/product_brand?post=36892"},{"taxonomy":"product_cat","embeddable":true,"href":"https:\/\/www.lifenatura.com\/es\/wp-json\/wp\/v2\/product_cat?post=36892"},{"taxonomy":"product_tag","embeddable":true,"href":"https:\/\/www.lifenatura.com\/es\/wp-json\/wp\/v2\/product_tag?post=36892"}],"curies":[{"name":"wp","href":"https:\/\/api.w.org\/{rel}","templated":true}]}}