{"id":36889,"date":"2021-09-30T09:39:05","date_gmt":"2021-09-30T09:39:05","guid":{"rendered":"https:\/\/lifenatura.dev.agenciagetdigital.com\/produto\/nectar-vitae-500-ml-dietmed\/"},"modified":"2026-01-22T06:44:37","modified_gmt":"2026-01-22T06:44:37","slug":"nectar-vitae-500-ml-dietmed","status":"publish","type":"product","link":"https:\/\/www.lifenatura.com\/es\/produto\/nectar-vitae-500-ml-dietmed\/","title":{"rendered":"Nectar Vitae 500 ml &#8211; Dietmed"},"content":{"rendered":"<h2 style=\"text-align: left\"><strong>Indicado para el Sistema Inmunitario<\/strong><\/h2>\n<p>&nbsp;<\/p>\n<p>Nectar Vitae no es s\u00f3lo un suplemento alimenticio. Es toda una nueva forma de encarar la vida, en la b\u00fasqueda de un equilibrio saludable que nos permita vivir con m\u00e1s calidad y durante m\u00e1s tiempo. El gran secreto de Nectar Vitae se basa en su Extracto Concentrado Exclusivo, una selecci\u00f3n de polifenoles de 22 extractos naturales caracter\u00edsticos de las Zonas Azules, combinados en las proporciones ciertas con otros ingredientes con reconocida acci\u00f3n en m\u00faltiples situaciones. Inspirados en las Zonas Azules, seleccionamos y combinamos los nutrientes m\u00e1s importantes de cada una de las 5 regiones en una poderosa f\u00f3rmula que ofrece m\u00faltiples beneficios y una sensaci\u00f3n de bienestar general.<\/p>\n<p>&nbsp;<\/p>\n<p><strong>PRESENTACI\u00d3N<\/strong><\/p>\n<p>500ml<\/p>\n<p>&nbsp;<\/p>\n","protected":false},"excerpt":{"rendered":"<p>Es toda una nueva forma de encarar la vida, en la b\u00fasqueda de un equilibrio saludable que nos permita vivir con m\u00e1s calidad. [&#8230;]<\/p>\n<p><a class=\"btn btn-secondary understrap-read-more-link\" href=\"https:\/\/www.lifenatura.com\/es\/produto\/nectar-vitae-500-ml-dietmed\/\">Leer m\u00e1s&#8230;<span class=\"screen-reader-text\"> from Nectar Vitae 500 ml &#8211; Dietmed<\/span><\/a><\/p>\n","protected":false},"featured_media":18497,"template":"","meta":{"_acf_changed":false},"product_brand":[8509],"product_cat":[7659,7779,7179],"product_tag":[],"class_list":{"0":"post-36889","1":"product","2":"type-product","3":"status-publish","4":"has-post-thumbnail","6":"product_brand-dietmed-es","7":"product_cat-ingrediente-natural-bio","8":"product_cat-resveratrol-es","9":"product_cat-salud","11":"first","12":"instock","13":"sale","14":"shipping-taxable","15":"purchasable","16":"product-type-simple","17":"add-to-wishlist-before_image"},"acf":[],"yoast_head":"<!-- This site is optimized with the Yoast SEO Premium plugin v27.1 (Yoast SEO v27.4) - https:\/\/yoast.com\/product\/yoast-seo-premium-wordpress\/ -->\n<title>Nectar Vitae 500 ml - Dietmed<\/title>\n<meta name=\"description\" content=\"Es toda una nueva forma de encarar la vida, en la b\u00fasqueda de un equilibrio saludable que nos permita vivir con m\u00e1s calidad.\" \/>\n<meta name=\"robots\" content=\"index, follow, max-snippet:-1, max-image-preview:large, max-video-preview:-1\" \/>\n<link rel=\"canonical\" href=\"https:\/\/www.lifenatura.com\/es\/produto\/nectar-vitae-500-ml-dietmed\/\" \/>\n<meta property=\"og:locale\" content=\"es_ES\" \/>\n<meta property=\"og:type\" content=\"article\" \/>\n<meta property=\"og:title\" content=\"Nectar Vitae 500 ml - Dietmed - Lifenatura\" \/>\n<meta property=\"og:description\" content=\"Compre aqui o seu Nectar Vitae 500 ml - Dietmed e a Lifenatura Online envia em 48 H com Portes Gratis &gt;35\u20ac de Pedido.\" \/>\n<meta property=\"og:url\" content=\"https:\/\/www.lifenatura.com\/es\/produto\/nectar-vitae-500-ml-dietmed\/\" \/>\n<meta property=\"og:site_name\" content=\"Lifenatura\" \/>\n<meta property=\"article:publisher\" content=\"https:\/\/www.facebook.com\/lifenatura\" \/>\n<meta property=\"article:modified_time\" content=\"2026-01-22T06:44:37+00:00\" \/>\n<meta property=\"og:image\" content=\"https:\/\/www.lifenatura.com\/wp-content\/uploads\/2021\/09\/gd_nectar-vitae-500-ml-dietmed.jpg\" \/>\n\t<meta property=\"og:image:width\" content=\"1000\" \/>\n\t<meta property=\"og:image:height\" content=\"1000\" \/>\n\t<meta property=\"og:image:type\" content=\"image\/jpeg\" \/>\n<meta name=\"twitter:card\" content=\"summary_large_image\" \/>\n<meta name=\"twitter:label1\" content=\"Precio\" \/>\n\t<meta name=\"twitter:data1\" content=\"21,41&nbsp;&euro;\" \/>\n\t<meta name=\"twitter:label2\" content=\"Disponibilidad\" \/>\n\t<meta name=\"twitter:data2\" content=\"Disponible\" \/>\n<meta property=\"product:price:amount\" content=\"21.41\" \/>\n<meta property=\"product:price:currency\" content=\"EUR\" \/>\n<meta property=\"og:availability\" content=\"instock\" \/>\n<meta property=\"product:availability\" content=\"instock\" \/>\n<meta property=\"product:retailer_item_id\" content=\"5605481102332\" \/>\n<meta property=\"product:condition\" content=\"new\" \/>\n<!-- \/ Yoast SEO Premium plugin. -->","yoast_head_json":{"title":"Nectar Vitae 500 ml - Dietmed","description":"Es toda una nueva forma de encarar la vida, en la b\u00fasqueda de un equilibrio saludable que nos permita vivir con m\u00e1s calidad.","robots":{"index":"index","follow":"follow","max-snippet":"max-snippet:-1","max-image-preview":"max-image-preview:large","max-video-preview":"max-video-preview:-1"},"canonical":"https:\/\/www.lifenatura.com\/es\/produto\/nectar-vitae-500-ml-dietmed\/","og_locale":"es_ES","og_type":"article","og_title":"Nectar Vitae 500 ml - Dietmed - Lifenatura","og_description":"Compre aqui o seu Nectar Vitae 500 ml - Dietmed e a Lifenatura Online envia em 48 H com Portes Gratis >35\u20ac de Pedido.","og_url":"https:\/\/www.lifenatura.com\/es\/produto\/nectar-vitae-500-ml-dietmed\/","og_site_name":"Lifenatura","article_publisher":"https:\/\/www.facebook.com\/lifenatura","article_modified_time":"2026-01-22T06:44:37+00:00","og_image":[{"width":1000,"height":1000,"url":"https:\/\/www.lifenatura.com\/wp-content\/uploads\/2021\/09\/gd_nectar-vitae-500-ml-dietmed.jpg","type":"image\/jpeg"}],"twitter_card":"summary_large_image","twitter_misc":{"Precio":"21,41&nbsp;&euro;","Disponibilidad":"Disponible"},"schema":{"@context":"https:\/\/schema.org","@graph":[{"@type":"WebPage","@id":"https:\/\/www.lifenatura.com\/es\/produto\/nectar-vitae-500-ml-dietmed\/","url":"https:\/\/www.lifenatura.com\/es\/produto\/nectar-vitae-500-ml-dietmed\/","name":"Nectar Vitae 500 ml - Dietmed","isPartOf":{"@id":"https:\/\/www.lifenatura.com\/es\/#website"},"primaryImageOfPage":{"@id":"https:\/\/www.lifenatura.com\/es\/produto\/nectar-vitae-500-ml-dietmed\/#primaryimage"},"image":{"@id":"https:\/\/www.lifenatura.com\/es\/produto\/nectar-vitae-500-ml-dietmed\/#primaryimage"},"thumbnailUrl":"https:\/\/www.lifenatura.com\/wp-content\/uploads\/2021\/09\/gd_nectar-vitae-500-ml-dietmed.jpg","datePublished":"2021-09-30T09:39:05+00:00","dateModified":"2026-01-22T06:44:37+00:00","description":"Es toda una nueva forma de encarar la vida, en la b\u00fasqueda de un equilibrio saludable que nos permita vivir con m\u00e1s calidad.","breadcrumb":{"@id":"https:\/\/www.lifenatura.com\/es\/produto\/nectar-vitae-500-ml-dietmed\/#breadcrumb"},"inLanguage":"es","potentialAction":[{"@type":"ReadAction","target":["https:\/\/www.lifenatura.com\/es\/produto\/nectar-vitae-500-ml-dietmed\/"]}]},{"@type":"ImageObject","inLanguage":"es","@id":"https:\/\/www.lifenatura.com\/es\/produto\/nectar-vitae-500-ml-dietmed\/#primaryimage","url":"https:\/\/www.lifenatura.com\/wp-content\/uploads\/2021\/09\/gd_nectar-vitae-500-ml-dietmed.jpg","contentUrl":"https:\/\/www.lifenatura.com\/wp-content\/uploads\/2021\/09\/gd_nectar-vitae-500-ml-dietmed.jpg","width":1000,"height":1000,"caption":"Nectar Vitae 500 ml - Dietmed"},{"@type":"BreadcrumbList","@id":"https:\/\/www.lifenatura.com\/es\/produto\/nectar-vitae-500-ml-dietmed\/#breadcrumb","itemListElement":[{"@type":"ListItem","position":1,"name":"In\u00edcio","item":"https:\/\/www.lifenatura.com\/es\/"},{"@type":"ListItem","position":2,"name":"Todos los Productos","item":"https:\/\/www.lifenatura.com\/es\/tienda\/"},{"@type":"ListItem","position":3,"name":"Nectar Vitae 500 ml &#8211; Dietmed"}]},{"@type":"WebSite","@id":"https:\/\/www.lifenatura.com\/es\/#website","url":"https:\/\/www.lifenatura.com\/es\/","name":"Lifenatura","description":"A Lifenatura \u00e9 uma loja de produtos naturais, cosm\u00e9tica natural e alimenta\u00e7\u00e3o Biol\u00f3gica.","publisher":{"@id":"https:\/\/www.lifenatura.com\/es\/#organization"},"potentialAction":[{"@type":"SearchAction","target":{"@type":"EntryPoint","urlTemplate":"https:\/\/www.lifenatura.com\/es\/?s={search_term_string}"},"query-input":{"@type":"PropertyValueSpecification","valueRequired":true,"valueName":"search_term_string"}}],"inLanguage":"es"},{"@type":"Organization","@id":"https:\/\/www.lifenatura.com\/es\/#organization","name":"Lifenatura","url":"https:\/\/www.lifenatura.com\/es\/","logo":{"@type":"ImageObject","inLanguage":"es","@id":"https:\/\/www.lifenatura.com\/es\/#\/schema\/logo\/image\/","url":"https:\/\/www.lifenatura.com\/wp-content\/uploads\/2021\/11\/logo.png","contentUrl":"https:\/\/www.lifenatura.com\/wp-content\/uploads\/2021\/11\/logo.png","width":175,"height":55,"caption":"Lifenatura"},"image":{"@id":"https:\/\/www.lifenatura.com\/es\/#\/schema\/logo\/image\/"},"sameAs":["https:\/\/www.facebook.com\/lifenatura","https:\/\/www.instagram.com\/lifenaturapt\/"]}]},"product_price_amount":"21.41","product_price_currency":"EUR","og_availability":"instock","product_availability":"instock","product_retailer_item_id":"5605481102332","product_condition":"new"},"df_price":21.41,"df_sale_price":21.41,"df_regular_price":26.76,"df_image_link":"https:\/\/www.lifenatura.com\/wp-content\/uploads\/2021\/09\/gd_nectar-vitae-500-ml-dietmed-300x300.jpg","_links":{"self":[{"href":"https:\/\/www.lifenatura.com\/es\/wp-json\/wp\/v2\/product\/36889","targetHints":{"allow":["GET"]}}],"collection":[{"href":"https:\/\/www.lifenatura.com\/es\/wp-json\/wp\/v2\/product"}],"about":[{"href":"https:\/\/www.lifenatura.com\/es\/wp-json\/wp\/v2\/types\/product"}],"wp:featuredmedia":[{"embeddable":true,"href":"https:\/\/www.lifenatura.com\/es\/wp-json\/wp\/v2\/media\/18497"}],"wp:attachment":[{"href":"https:\/\/www.lifenatura.com\/es\/wp-json\/wp\/v2\/media?parent=36889"}],"wp:term":[{"taxonomy":"product_brand","embeddable":true,"href":"https:\/\/www.lifenatura.com\/es\/wp-json\/wp\/v2\/product_brand?post=36889"},{"taxonomy":"product_cat","embeddable":true,"href":"https:\/\/www.lifenatura.com\/es\/wp-json\/wp\/v2\/product_cat?post=36889"},{"taxonomy":"product_tag","embeddable":true,"href":"https:\/\/www.lifenatura.com\/es\/wp-json\/wp\/v2\/product_tag?post=36889"}],"curies":[{"name":"wp","href":"https:\/\/api.w.org\/{rel}","templated":true}]}}