{"id":36863,"date":"2021-09-30T09:38:44","date_gmt":"2021-09-30T09:38:44","guid":{"rendered":"https:\/\/lifenatura.dev.agenciagetdigital.com\/produto\/propotuss-infantil-250-ml-dietmed\/"},"modified":"2025-07-31T00:06:40","modified_gmt":"2025-07-31T00:06:40","slug":"propotuss-infantil-250-ml-dietmed","status":"publish","type":"product","link":"https:\/\/www.lifenatura.com\/es\/produto\/propotuss-infantil-250-ml-dietmed\/","title":{"rendered":"Propotuss Infantil 250 ml &#8211; Dietmed"},"content":{"rendered":"<h2 style=\"text-align: left;\"><strong>Propotuss alivia la tos en los ni\u00f1os<\/strong><\/h2>\n<p>&nbsp;<\/p>\n<p>Propotuss infant es un jarabe que est\u00e1 indicado para la tos de los m\u00e1s peque\u00f1os, protege el tracto respiratorio de la acci\u00f3n de agentes infecciosos, estimula el sistema inmunol\u00f3gico, tiene un papel importante en gripes, resfriados y en periodos de convalecencia.<\/p>\n<p>Este jarabe con Prop\u00f3leo, Alteia y Miel tiene una acci\u00f3n calmante de la tos, facilitando la expectoraci\u00f3n. Tambi\u00e9n juega un papel importante como descongestionante en las v\u00edas respiratorias de los ni\u00f1os.<\/p>\n<p>Con una combinaci\u00f3n de ingredientes como prop\u00f3leo, malvavisco, sa\u00faco, acerola, miel, eucalipto, vitamina C, vitamina D y zinc, este suplemento ofrece un apoyo eficaz y seguro para el sistema respiratorio infantil.<\/p>\n<p><strong>Principales beneficios:<\/strong><\/p>\n<ul>\n<li><strong>Acci\u00f3n calmante de la tos:<\/strong> La malva y la miel tienen propiedades emolientes que ayudan a suavizar la garganta irritada, aliviando la tos.<\/li>\n<li><strong>Estimulaci\u00f3n del sistema inmunitario:<\/strong> La vitamina C, la vitamina D y el zinc contribuyen al funcionamiento normal del sistema inmunitario de los ni\u00f1os.<\/li>\n<li><strong>Protecci\u00f3n contra agentes infecciosos:<\/strong> El prop\u00f3leo y el sa\u00faco tienen propiedades antimicrobianas que ayudan a proteger el aparato respiratorio.<\/li>\n<li><strong>Facilitaci\u00f3n de la expectoraci\u00f3n:<\/strong> El eucalipto act\u00faa como descongestionante natural, facilitando la expulsi\u00f3n de la mucosidad.<\/li>\n<\/ul>\n<p><strong>Indicaci\u00f3n:<\/strong><\/p>\n<p>Este jarabe est\u00e1 indicado para ni\u00f1os de entre 1 y 5 a\u00f1os, para aliviar la tos y apoyar el sistema respiratorio. Es especialmente \u00fatil durante los periodos de gripe y resfriados.<\/p>\n<p><strong>PRESENTACI\u00d3N<\/strong><\/p>\n<p>250ml<\/p>\n<p>&nbsp;<\/p>\n","protected":false},"excerpt":{"rendered":"<p>Propotuss Infantil Dietmed es un jarabe natural que alivia la tos de los ni\u00f1os, combinando prop\u00f3leo, sa\u00faco, acerola, miel, eucalipto y vitaminas C y D. [&#8230;]<\/p>\n<p><a class=\"btn btn-secondary understrap-read-more-link\" href=\"https:\/\/www.lifenatura.com\/es\/produto\/propotuss-infantil-250-ml-dietmed\/\">Leer m\u00e1s&#8230;<span class=\"screen-reader-text\"> from Propotuss Infantil 250 ml &#8211; Dietmed<\/span><\/a><\/p>\n","protected":false},"featured_media":114172,"template":"","meta":{"_acf_changed":false},"product_brand":[8509],"product_cat":[7659,7773,7179],"product_tag":[],"class_list":{"0":"post-36863","1":"product","2":"type-product","3":"status-publish","4":"has-post-thumbnail","6":"product_brand-dietmed-es","7":"product_cat-ingrediente-natural-bio","8":"product_cat-propolis-es","9":"product_cat-salud","11":"first","12":"instock","13":"sale","14":"shipping-taxable","15":"purchasable","16":"product-type-simple","17":"add-to-wishlist-before_image"},"acf":[],"yoast_head":"<!-- This site is optimized with the Yoast SEO Premium plugin v27.1 (Yoast SEO v27.5) - https:\/\/yoast.com\/product\/yoast-seo-premium-wordpress\/ -->\n<title>Propotuss xarope Infantil Dietmed - Lifenatura<\/title>\n<meta name=\"description\" content=\"Propotuss Infantil Dietmed es un jarabe natural que alivia la tos de los ni\u00f1os, combinando prop\u00f3leo, sa\u00faco, acerola, miel, eucalipto y vitaminas C y D.\" \/>\n<meta name=\"robots\" content=\"index, follow, max-snippet:-1, max-image-preview:large, max-video-preview:-1\" \/>\n<link rel=\"canonical\" href=\"https:\/\/www.lifenatura.com\/es\/produto\/propotuss-infantil-250-ml-dietmed\/\" \/>\n<meta property=\"og:locale\" content=\"es_ES\" \/>\n<meta property=\"og:type\" content=\"article\" \/>\n<meta property=\"og:title\" content=\"Propotuss Infantil 250 ml - Dietmed - Na Lifenatura ao Melhor Pre\u00e7o | Envio 48h\" \/>\n<meta property=\"og:description\" content=\"Compre Propotuss Infantil 250 ml - Dietmed com envio r\u00e1pido. Entrega em 48h e portes gr\u00e1tis em compras &gt;35\u20ac. Aproveite j\u00e1 na Lifenatura\" \/>\n<meta property=\"og:url\" content=\"https:\/\/www.lifenatura.com\/es\/produto\/propotuss-infantil-250-ml-dietmed\/\" \/>\n<meta property=\"og:site_name\" content=\"Lifenatura\" \/>\n<meta property=\"article:publisher\" content=\"https:\/\/www.facebook.com\/lifenatura\" \/>\n<meta property=\"article:modified_time\" content=\"2025-07-31T00:06:40+00:00\" \/>\n<meta property=\"og:image\" content=\"https:\/\/www.lifenatura.com\/wp-content\/uploads\/2021\/09\/propotuss-infantil-250ml-dietmed.jpg\" \/>\n\t<meta property=\"og:image:width\" content=\"1000\" \/>\n\t<meta property=\"og:image:height\" content=\"1000\" \/>\n\t<meta property=\"og:image:type\" content=\"image\/jpeg\" \/>\n<meta name=\"twitter:card\" content=\"summary_large_image\" \/>\n<meta name=\"twitter:label1\" content=\"Precio\" \/>\n\t<meta name=\"twitter:data1\" content=\"13,41&nbsp;&euro;\" \/>\n\t<meta name=\"twitter:label2\" content=\"Disponibilidad\" \/>\n\t<meta name=\"twitter:data2\" content=\"Disponible\" \/>\n<script type=\"application\/ld+json\" class=\"yoast-schema-graph\">{\"@context\":\"https:\\\/\\\/schema.org\",\"@graph\":[{\"@type\":\"WebPage\",\"@id\":\"https:\\\/\\\/www.lifenatura.com\\\/es\\\/produto\\\/propotuss-infantil-250-ml-dietmed\\\/\",\"url\":\"https:\\\/\\\/www.lifenatura.com\\\/es\\\/produto\\\/propotuss-infantil-250-ml-dietmed\\\/\",\"name\":\"Propotuss xarope Infantil Dietmed - Lifenatura\",\"isPartOf\":{\"@id\":\"https:\\\/\\\/www.lifenatura.com\\\/es\\\/#website\"},\"primaryImageOfPage\":{\"@id\":\"https:\\\/\\\/www.lifenatura.com\\\/es\\\/produto\\\/propotuss-infantil-250-ml-dietmed\\\/#primaryimage\"},\"image\":{\"@id\":\"https:\\\/\\\/www.lifenatura.com\\\/es\\\/produto\\\/propotuss-infantil-250-ml-dietmed\\\/#primaryimage\"},\"thumbnailUrl\":\"https:\\\/\\\/www.lifenatura.com\\\/wp-content\\\/uploads\\\/2021\\\/09\\\/propotuss-infantil-250ml-dietmed.jpg\",\"datePublished\":\"2021-09-30T09:38:44+00:00\",\"dateModified\":\"2025-07-31T00:06:40+00:00\",\"description\":\"Propotuss Infantil Dietmed es un jarabe natural que alivia la tos de los ni\u00f1os, combinando prop\u00f3leo, sa\u00faco, acerola, miel, eucalipto y vitaminas C y D.\",\"breadcrumb\":{\"@id\":\"https:\\\/\\\/www.lifenatura.com\\\/es\\\/produto\\\/propotuss-infantil-250-ml-dietmed\\\/#breadcrumb\"},\"inLanguage\":\"es\",\"potentialAction\":[{\"@type\":\"ReadAction\",\"target\":[\"https:\\\/\\\/www.lifenatura.com\\\/es\\\/produto\\\/propotuss-infantil-250-ml-dietmed\\\/\"]}]},{\"@type\":\"ImageObject\",\"inLanguage\":\"es\",\"@id\":\"https:\\\/\\\/www.lifenatura.com\\\/es\\\/produto\\\/propotuss-infantil-250-ml-dietmed\\\/#primaryimage\",\"url\":\"https:\\\/\\\/www.lifenatura.com\\\/wp-content\\\/uploads\\\/2021\\\/09\\\/propotuss-infantil-250ml-dietmed.jpg\",\"contentUrl\":\"https:\\\/\\\/www.lifenatura.com\\\/wp-content\\\/uploads\\\/2021\\\/09\\\/propotuss-infantil-250ml-dietmed.jpg\",\"width\":1000,\"height\":1000,\"caption\":\"Propotuss infantil\"},{\"@type\":\"BreadcrumbList\",\"@id\":\"https:\\\/\\\/www.lifenatura.com\\\/es\\\/produto\\\/propotuss-infantil-250-ml-dietmed\\\/#breadcrumb\",\"itemListElement\":[{\"@type\":\"ListItem\",\"position\":1,\"name\":\"In\u00edcio\",\"item\":\"https:\\\/\\\/www.lifenatura.com\\\/es\\\/\"},{\"@type\":\"ListItem\",\"position\":2,\"name\":\"Todos los Productos\",\"item\":\"https:\\\/\\\/www.lifenatura.com\\\/es\\\/tienda\\\/\"},{\"@type\":\"ListItem\",\"position\":3,\"name\":\"Propotuss Infantil 250 ml &#8211; Dietmed\"}]},{\"@type\":\"WebSite\",\"@id\":\"https:\\\/\\\/www.lifenatura.com\\\/es\\\/#website\",\"url\":\"https:\\\/\\\/www.lifenatura.com\\\/es\\\/\",\"name\":\"Lifenatura\",\"description\":\"A Lifenatura \u00e9 uma loja de produtos naturais, cosm\u00e9tica natural e alimenta\u00e7\u00e3o Biol\u00f3gica.\",\"publisher\":{\"@id\":\"https:\\\/\\\/www.lifenatura.com\\\/es\\\/#organization\"},\"potentialAction\":[{\"@type\":\"SearchAction\",\"target\":{\"@type\":\"EntryPoint\",\"urlTemplate\":\"https:\\\/\\\/www.lifenatura.com\\\/es\\\/?s={search_term_string}\"},\"query-input\":{\"@type\":\"PropertyValueSpecification\",\"valueRequired\":true,\"valueName\":\"search_term_string\"}}],\"inLanguage\":\"es\"},{\"@type\":\"Organization\",\"@id\":\"https:\\\/\\\/www.lifenatura.com\\\/es\\\/#organization\",\"name\":\"Lifenatura\",\"url\":\"https:\\\/\\\/www.lifenatura.com\\\/es\\\/\",\"logo\":{\"@type\":\"ImageObject\",\"inLanguage\":\"es\",\"@id\":\"https:\\\/\\\/www.lifenatura.com\\\/es\\\/#\\\/schema\\\/logo\\\/image\\\/\",\"url\":\"https:\\\/\\\/www.lifenatura.com\\\/wp-content\\\/uploads\\\/2021\\\/07\\\/logo.png\",\"contentUrl\":\"https:\\\/\\\/www.lifenatura.com\\\/wp-content\\\/uploads\\\/2021\\\/07\\\/logo.png\",\"width\":175,\"height\":55,\"caption\":\"Lifenatura\"},\"image\":{\"@id\":\"https:\\\/\\\/www.lifenatura.com\\\/es\\\/#\\\/schema\\\/logo\\\/image\\\/\"},\"sameAs\":[\"https:\\\/\\\/www.facebook.com\\\/lifenatura\",\"https:\\\/\\\/www.instagram.com\\\/lifenaturapt\\\/\"],\"hasMerchantReturnPolicy\":{\"@type\":\"MerchantReturnPolicy\",\"merchantReturnLink\":\"https:\\\/\\\/www.lifenatura.com\\\/termos-condicoes-lifenatura\\\/\"}}]}<\/script>\n<meta property=\"product:price:amount\" content=\"13.41\" \/>\n<meta property=\"product:price:currency\" content=\"EUR\" \/>\n<meta property=\"og:availability\" content=\"instock\" \/>\n<meta property=\"product:availability\" content=\"instock\" \/>\n<meta property=\"product:retailer_item_id\" content=\"5605481104121\" \/>\n<meta property=\"product:condition\" content=\"new\" \/>\n<!-- \/ Yoast SEO Premium plugin. -->","yoast_head_json":{"title":"Propotuss xarope Infantil Dietmed - Lifenatura","description":"Propotuss Infantil Dietmed es un jarabe natural que alivia la tos de los ni\u00f1os, combinando prop\u00f3leo, sa\u00faco, acerola, miel, eucalipto y vitaminas C y D.","robots":{"index":"index","follow":"follow","max-snippet":"max-snippet:-1","max-image-preview":"max-image-preview:large","max-video-preview":"max-video-preview:-1"},"canonical":"https:\/\/www.lifenatura.com\/es\/produto\/propotuss-infantil-250-ml-dietmed\/","og_locale":"es_ES","og_type":"article","og_title":"Propotuss Infantil 250 ml - Dietmed - Na Lifenatura ao Melhor Pre\u00e7o | Envio 48h","og_description":"Compre Propotuss Infantil 250 ml - Dietmed com envio r\u00e1pido. Entrega em 48h e portes gr\u00e1tis em compras >35\u20ac. Aproveite j\u00e1 na Lifenatura","og_url":"https:\/\/www.lifenatura.com\/es\/produto\/propotuss-infantil-250-ml-dietmed\/","og_site_name":"Lifenatura","article_publisher":"https:\/\/www.facebook.com\/lifenatura","article_modified_time":"2025-07-31T00:06:40+00:00","og_image":[{"width":1000,"height":1000,"url":"https:\/\/www.lifenatura.com\/wp-content\/uploads\/2021\/09\/propotuss-infantil-250ml-dietmed.jpg","type":"image\/jpeg"}],"twitter_card":"summary_large_image","twitter_misc":{"Precio":"13,41&nbsp;&euro;","Disponibilidad":"Disponible"},"schema":{"@context":"https:\/\/schema.org","@graph":[{"@type":"WebPage","@id":"https:\/\/www.lifenatura.com\/es\/produto\/propotuss-infantil-250-ml-dietmed\/","url":"https:\/\/www.lifenatura.com\/es\/produto\/propotuss-infantil-250-ml-dietmed\/","name":"Propotuss xarope Infantil Dietmed - Lifenatura","isPartOf":{"@id":"https:\/\/www.lifenatura.com\/es\/#website"},"primaryImageOfPage":{"@id":"https:\/\/www.lifenatura.com\/es\/produto\/propotuss-infantil-250-ml-dietmed\/#primaryimage"},"image":{"@id":"https:\/\/www.lifenatura.com\/es\/produto\/propotuss-infantil-250-ml-dietmed\/#primaryimage"},"thumbnailUrl":"https:\/\/www.lifenatura.com\/wp-content\/uploads\/2021\/09\/propotuss-infantil-250ml-dietmed.jpg","datePublished":"2021-09-30T09:38:44+00:00","dateModified":"2025-07-31T00:06:40+00:00","description":"Propotuss Infantil Dietmed es un jarabe natural que alivia la tos de los ni\u00f1os, combinando prop\u00f3leo, sa\u00faco, acerola, miel, eucalipto y vitaminas C y D.","breadcrumb":{"@id":"https:\/\/www.lifenatura.com\/es\/produto\/propotuss-infantil-250-ml-dietmed\/#breadcrumb"},"inLanguage":"es","potentialAction":[{"@type":"ReadAction","target":["https:\/\/www.lifenatura.com\/es\/produto\/propotuss-infantil-250-ml-dietmed\/"]}]},{"@type":"ImageObject","inLanguage":"es","@id":"https:\/\/www.lifenatura.com\/es\/produto\/propotuss-infantil-250-ml-dietmed\/#primaryimage","url":"https:\/\/www.lifenatura.com\/wp-content\/uploads\/2021\/09\/propotuss-infantil-250ml-dietmed.jpg","contentUrl":"https:\/\/www.lifenatura.com\/wp-content\/uploads\/2021\/09\/propotuss-infantil-250ml-dietmed.jpg","width":1000,"height":1000,"caption":"Propotuss infantil"},{"@type":"BreadcrumbList","@id":"https:\/\/www.lifenatura.com\/es\/produto\/propotuss-infantil-250-ml-dietmed\/#breadcrumb","itemListElement":[{"@type":"ListItem","position":1,"name":"In\u00edcio","item":"https:\/\/www.lifenatura.com\/es\/"},{"@type":"ListItem","position":2,"name":"Todos los Productos","item":"https:\/\/www.lifenatura.com\/es\/tienda\/"},{"@type":"ListItem","position":3,"name":"Propotuss Infantil 250 ml &#8211; Dietmed"}]},{"@type":"WebSite","@id":"https:\/\/www.lifenatura.com\/es\/#website","url":"https:\/\/www.lifenatura.com\/es\/","name":"Lifenatura","description":"A Lifenatura \u00e9 uma loja de produtos naturais, cosm\u00e9tica natural e alimenta\u00e7\u00e3o Biol\u00f3gica.","publisher":{"@id":"https:\/\/www.lifenatura.com\/es\/#organization"},"potentialAction":[{"@type":"SearchAction","target":{"@type":"EntryPoint","urlTemplate":"https:\/\/www.lifenatura.com\/es\/?s={search_term_string}"},"query-input":{"@type":"PropertyValueSpecification","valueRequired":true,"valueName":"search_term_string"}}],"inLanguage":"es"},{"@type":"Organization","@id":"https:\/\/www.lifenatura.com\/es\/#organization","name":"Lifenatura","url":"https:\/\/www.lifenatura.com\/es\/","logo":{"@type":"ImageObject","inLanguage":"es","@id":"https:\/\/www.lifenatura.com\/es\/#\/schema\/logo\/image\/","url":"https:\/\/www.lifenatura.com\/wp-content\/uploads\/2021\/07\/logo.png","contentUrl":"https:\/\/www.lifenatura.com\/wp-content\/uploads\/2021\/07\/logo.png","width":175,"height":55,"caption":"Lifenatura"},"image":{"@id":"https:\/\/www.lifenatura.com\/es\/#\/schema\/logo\/image\/"},"sameAs":["https:\/\/www.facebook.com\/lifenatura","https:\/\/www.instagram.com\/lifenaturapt\/"],"hasMerchantReturnPolicy":{"@type":"MerchantReturnPolicy","merchantReturnLink":"https:\/\/www.lifenatura.com\/termos-condicoes-lifenatura\/"}}]},"product_price_amount":"13.41","product_price_currency":"EUR","og_availability":"instock","product_availability":"instock","product_retailer_item_id":"5605481104121","product_condition":"new"},"df_price":13.41,"df_sale_price":13.41,"df_regular_price":16.76,"df_image_link":"https:\/\/www.lifenatura.com\/wp-content\/uploads\/2021\/09\/propotuss-infantil-250ml-dietmed-300x300.jpg","_links":{"self":[{"href":"https:\/\/www.lifenatura.com\/es\/wp-json\/wp\/v2\/product\/36863","targetHints":{"allow":["GET"]}}],"collection":[{"href":"https:\/\/www.lifenatura.com\/es\/wp-json\/wp\/v2\/product"}],"about":[{"href":"https:\/\/www.lifenatura.com\/es\/wp-json\/wp\/v2\/types\/product"}],"wp:featuredmedia":[{"embeddable":true,"href":"https:\/\/www.lifenatura.com\/es\/wp-json\/wp\/v2\/media\/114172"}],"wp:attachment":[{"href":"https:\/\/www.lifenatura.com\/es\/wp-json\/wp\/v2\/media?parent=36863"}],"wp:term":[{"taxonomy":"product_brand","embeddable":true,"href":"https:\/\/www.lifenatura.com\/es\/wp-json\/wp\/v2\/product_brand?post=36863"},{"taxonomy":"product_cat","embeddable":true,"href":"https:\/\/www.lifenatura.com\/es\/wp-json\/wp\/v2\/product_cat?post=36863"},{"taxonomy":"product_tag","embeddable":true,"href":"https:\/\/www.lifenatura.com\/es\/wp-json\/wp\/v2\/product_tag?post=36863"}],"curies":[{"name":"wp","href":"https:\/\/api.w.org\/{rel}","templated":true}]}}