{"id":36845,"date":"2021-09-30T09:38:23","date_gmt":"2021-09-30T09:38:23","guid":{"rendered":"https:\/\/lifenatura.dev.agenciagetdigital.com\/produto\/mega-royal-infans-20-ampolas-dietmed\/"},"modified":"2025-06-16T17:23:19","modified_gmt":"2025-06-16T17:23:19","slug":"mega-royal-infans-20-ampolas-dietmed","status":"publish","type":"product","link":"https:\/\/www.lifenatura.com\/es\/produto\/mega-royal-infans-20-ampolas-dietmed\/","title":{"rendered":"Mega Royal Infans 20 ampolas &#8211; Dietmed"},"content":{"rendered":"<h2 style=\"text-align: left;\"><strong>Megaroyal Infans &#8211; Suplemento Inmunol\u00f3gico Infantil por Dietmed<\/strong><\/h2>\n<p>&nbsp;<\/p>\n<p>MegaRoyal es una l\u00ednea basada en Jalea Real de alta calidad, combinada con los ingredientes adecuados para producir diferentes efectos seg\u00fan las necesidades de cada individuo.<\/p>\n<p>MegaRoyal para ni\u00f1os se completa con Jalea Real, Prop\u00f3leo y Lactobacillus. Rico en vitamina B6, B12, hierro y zinc.<\/p>\n<p>Megaroyal Infans de Dietmed es un complemento alimenticio especialmente formulado para las necesidades de los ni\u00f1os, con el objetivo de reforzar el sistema inmunitario y apoyar la salud general. Elaborado con jalea real, vitamina C, zinc y prop\u00f3leo, este producto es ideal para reforzar las defensas naturales de los ni\u00f1os, especialmente en \u00e9pocas de mayor vulnerabilidad, como el invierno o los periodos de alta exposici\u00f3n a virus e infecciones.<\/p>\n<p>La jalea real es un superalimento rico en nutrientes esenciales que favorece el bienestar y la vitalidad. La vitamina C y el zinc son esenciales para el buen funcionamiento del sistema inmunitario, contribuyendo a aumentar la resistencia del organismo a las infecciones.<\/p>\n<p>El prop\u00f3leo, con sus propiedades antibacterianas y antiinflamatorias, ayuda a proteger las v\u00edas respiratorias y a prevenir las infecciones. Esta f\u00f3rmula ha sido dise\u00f1ada para garantizar la m\u00e1xima seguridad y eficacia para los ni\u00f1os, con una dosificaci\u00f3n adaptada a sus necesidades nutricionales.<\/p>\n<p><strong>Principales beneficios:<\/strong><\/p>\n<ul>\n<li><strong>Refuerzo del sistema inmunitario<\/strong>: La combinaci\u00f3n de vitamina C, zinc y pr\u00f3polis refuerza las defensas naturales de los ni\u00f1os, haci\u00e9ndolos m\u00e1s protegidos frente a las infecciones.<\/li>\n<li><strong>Apoyo a la salud respiratoria:<\/strong> El pr\u00f3polis y la jalea real tienen efectos beneficiosos en la protecci\u00f3n de las v\u00edas respiratorias, ayudando a prevenir resfriados y otras infecciones.<\/li>\n<li><strong>Acci\u00f3n antioxidante:<\/strong> la vitamina C ayuda a proteger las c\u00e9lulas contra el estr\u00e9s oxidativo, favoreciendo la salud celular.<\/li>\n<li><strong>Desarrollo saludable:<\/strong> La jalea real y los nutrientes adicionales favorecen el crecimiento y desarrollo general del ni\u00f1o, asegur\u00e1ndole m\u00e1s energ\u00eda y vitalidad.<\/li>\n<\/ul>\n<p><strong>Indicaci\u00f3n:<\/strong><\/p>\n<ul>\n<li>Megaroyal Infans est\u00e1 indicado para ni\u00f1os a partir de 3 a\u00f1os, especialmente en \u00e9pocas de mayor exposici\u00f3n a infecciones, cambios estacionales o periodos de cansancio f\u00edsico. Ideal para cualquier persona que desee reforzar la salud de su sistema inmunitario y garantizar una protecci\u00f3n natural contra virus y bacterias.<\/li>\n<\/ul>\n<p><strong>PRESENTACI\u00d3N<\/strong><\/p>\n<p>20 ampollas.<\/p>\n<p>&nbsp;<\/p>\n","protected":false},"excerpt":{"rendered":"<p>Megaroyal Infans es un complemento inmunitario para ni\u00f1os, formulado con jalea real, vitamina C, zinc y prop\u00f3leo para reforzar las defensas naturales. [&#8230;]<\/p>\n<p><a class=\"btn btn-secondary understrap-read-more-link\" href=\"https:\/\/www.lifenatura.com\/es\/produto\/mega-royal-infans-20-ampolas-dietmed\/\">Leer m\u00e1s&#8230;<span class=\"screen-reader-text\"> from Mega Royal Infans 20 ampolas &#8211; Dietmed<\/span><\/a><\/p>\n","protected":false},"featured_media":113502,"template":"","meta":{"_acf_changed":false},"product_brand":[8509],"product_cat":[7659,7164,7180,7183,7179],"product_tag":[],"class_list":{"0":"post-36845","1":"product","2":"type-product","3":"status-publish","4":"has-post-thumbnail","6":"product_brand-dietmed-es","7":"product_cat-ingrediente-natural-bio","8":"product_cat-jalea-real","9":"product_cat-para-los-ninos","10":"product_cat-reforza-la-inmunidad","11":"product_cat-salud","13":"first","14":"instock","15":"sale","16":"shipping-taxable","17":"purchasable","18":"product-type-simple","19":"add-to-wishlist-before_image"},"acf":[],"yoast_head":"<!-- This site is optimized with the Yoast SEO Premium plugin v27.1 (Yoast SEO v27.5) - https:\/\/yoast.com\/product\/yoast-seo-premium-wordpress\/ -->\n<title>Mega Royal Infans Dietmed - Lifenatura<\/title>\n<meta name=\"description\" content=\"Megaroyal Infans es un complemento inmunitario para ni\u00f1os, formulado con jalea real, vitamina C, zinc y prop\u00f3leo para reforzar las defensas naturales.\" \/>\n<meta name=\"robots\" content=\"index, follow, max-snippet:-1, max-image-preview:large, max-video-preview:-1\" \/>\n<link rel=\"canonical\" href=\"https:\/\/www.lifenatura.com\/es\/produto\/mega-royal-infans-20-ampolas-dietmed\/\" \/>\n<meta property=\"og:locale\" content=\"es_ES\" \/>\n<meta property=\"og:type\" content=\"article\" \/>\n<meta property=\"og:title\" content=\"Mega Royal Infans 20 ampolas - Dietmed - Na Lifenatura ao Melhor Pre\u00e7o | Envio 48h\" \/>\n<meta property=\"og:description\" content=\"Compre Mega Royal Infans 20 ampolas - Dietmed com envio r\u00e1pido. Entrega em 48h e portes gr\u00e1tis em compras &gt;35\u20ac. Aproveite j\u00e1 na Lifenatura\" \/>\n<meta property=\"og:url\" content=\"https:\/\/www.lifenatura.com\/es\/produto\/mega-royal-infans-20-ampolas-dietmed\/\" \/>\n<meta property=\"og:site_name\" content=\"Lifenatura\" \/>\n<meta property=\"article:publisher\" content=\"https:\/\/www.facebook.com\/lifenatura\" \/>\n<meta property=\"article:modified_time\" content=\"2025-06-16T17:23:19+00:00\" \/>\n<meta property=\"og:image\" content=\"https:\/\/www.lifenatura.com\/wp-content\/uploads\/2021\/09\/megaroyal-enfans.jpg\" \/>\n\t<meta property=\"og:image:width\" content=\"1000\" \/>\n\t<meta property=\"og:image:height\" content=\"1000\" \/>\n\t<meta property=\"og:image:type\" content=\"image\/jpeg\" \/>\n<meta name=\"twitter:card\" content=\"summary_large_image\" \/>\n<meta name=\"twitter:label1\" content=\"Precio\" \/>\n\t<meta name=\"twitter:data1\" content=\"23,66&nbsp;&euro;\" \/>\n\t<meta name=\"twitter:label2\" content=\"Disponibilidad\" \/>\n\t<meta name=\"twitter:data2\" content=\"Disponible\" \/>\n<script type=\"application\/ld+json\" class=\"yoast-schema-graph\">{\"@context\":\"https:\\\/\\\/schema.org\",\"@graph\":[{\"@type\":\"WebPage\",\"@id\":\"https:\\\/\\\/www.lifenatura.com\\\/es\\\/produto\\\/mega-royal-infans-20-ampolas-dietmed\\\/\",\"url\":\"https:\\\/\\\/www.lifenatura.com\\\/es\\\/produto\\\/mega-royal-infans-20-ampolas-dietmed\\\/\",\"name\":\"Mega Royal Infans Dietmed - Lifenatura\",\"isPartOf\":{\"@id\":\"https:\\\/\\\/www.lifenatura.com\\\/es\\\/#website\"},\"primaryImageOfPage\":{\"@id\":\"https:\\\/\\\/www.lifenatura.com\\\/es\\\/produto\\\/mega-royal-infans-20-ampolas-dietmed\\\/#primaryimage\"},\"image\":{\"@id\":\"https:\\\/\\\/www.lifenatura.com\\\/es\\\/produto\\\/mega-royal-infans-20-ampolas-dietmed\\\/#primaryimage\"},\"thumbnailUrl\":\"https:\\\/\\\/www.lifenatura.com\\\/wp-content\\\/uploads\\\/2021\\\/09\\\/megaroyal-enfans.jpg\",\"datePublished\":\"2021-09-30T09:38:23+00:00\",\"dateModified\":\"2025-06-16T17:23:19+00:00\",\"description\":\"Megaroyal Infans es un complemento inmunitario para ni\u00f1os, formulado con jalea real, vitamina C, zinc y prop\u00f3leo para reforzar las defensas naturales.\",\"breadcrumb\":{\"@id\":\"https:\\\/\\\/www.lifenatura.com\\\/es\\\/produto\\\/mega-royal-infans-20-ampolas-dietmed\\\/#breadcrumb\"},\"inLanguage\":\"es\",\"potentialAction\":[{\"@type\":\"ReadAction\",\"target\":[\"https:\\\/\\\/www.lifenatura.com\\\/es\\\/produto\\\/mega-royal-infans-20-ampolas-dietmed\\\/\"]}]},{\"@type\":\"ImageObject\",\"inLanguage\":\"es\",\"@id\":\"https:\\\/\\\/www.lifenatura.com\\\/es\\\/produto\\\/mega-royal-infans-20-ampolas-dietmed\\\/#primaryimage\",\"url\":\"https:\\\/\\\/www.lifenatura.com\\\/wp-content\\\/uploads\\\/2021\\\/09\\\/megaroyal-enfans.jpg\",\"contentUrl\":\"https:\\\/\\\/www.lifenatura.com\\\/wp-content\\\/uploads\\\/2021\\\/09\\\/megaroyal-enfans.jpg\",\"width\":1000,\"height\":1000,\"caption\":\"Megaroyal enfans\"},{\"@type\":\"BreadcrumbList\",\"@id\":\"https:\\\/\\\/www.lifenatura.com\\\/es\\\/produto\\\/mega-royal-infans-20-ampolas-dietmed\\\/#breadcrumb\",\"itemListElement\":[{\"@type\":\"ListItem\",\"position\":1,\"name\":\"In\u00edcio\",\"item\":\"https:\\\/\\\/www.lifenatura.com\\\/es\\\/\"},{\"@type\":\"ListItem\",\"position\":2,\"name\":\"Todos los Productos\",\"item\":\"https:\\\/\\\/www.lifenatura.com\\\/es\\\/tienda\\\/\"},{\"@type\":\"ListItem\",\"position\":3,\"name\":\"Mega Royal Infans 20 ampolas &#8211; Dietmed\"}]},{\"@type\":\"WebSite\",\"@id\":\"https:\\\/\\\/www.lifenatura.com\\\/es\\\/#website\",\"url\":\"https:\\\/\\\/www.lifenatura.com\\\/es\\\/\",\"name\":\"Lifenatura\",\"description\":\"A Lifenatura \u00e9 uma loja de produtos naturais, cosm\u00e9tica natural e alimenta\u00e7\u00e3o Biol\u00f3gica.\",\"publisher\":{\"@id\":\"https:\\\/\\\/www.lifenatura.com\\\/es\\\/#organization\"},\"potentialAction\":[{\"@type\":\"SearchAction\",\"target\":{\"@type\":\"EntryPoint\",\"urlTemplate\":\"https:\\\/\\\/www.lifenatura.com\\\/es\\\/?s={search_term_string}\"},\"query-input\":{\"@type\":\"PropertyValueSpecification\",\"valueRequired\":true,\"valueName\":\"search_term_string\"}}],\"inLanguage\":\"es\"},{\"@type\":\"Organization\",\"@id\":\"https:\\\/\\\/www.lifenatura.com\\\/es\\\/#organization\",\"name\":\"Lifenatura\",\"url\":\"https:\\\/\\\/www.lifenatura.com\\\/es\\\/\",\"logo\":{\"@type\":\"ImageObject\",\"inLanguage\":\"es\",\"@id\":\"https:\\\/\\\/www.lifenatura.com\\\/es\\\/#\\\/schema\\\/logo\\\/image\\\/\",\"url\":\"https:\\\/\\\/www.lifenatura.com\\\/wp-content\\\/uploads\\\/2021\\\/07\\\/logo.png\",\"contentUrl\":\"https:\\\/\\\/www.lifenatura.com\\\/wp-content\\\/uploads\\\/2021\\\/07\\\/logo.png\",\"width\":175,\"height\":55,\"caption\":\"Lifenatura\"},\"image\":{\"@id\":\"https:\\\/\\\/www.lifenatura.com\\\/es\\\/#\\\/schema\\\/logo\\\/image\\\/\"},\"sameAs\":[\"https:\\\/\\\/www.facebook.com\\\/lifenatura\",\"https:\\\/\\\/www.instagram.com\\\/lifenaturapt\\\/\"],\"hasMerchantReturnPolicy\":{\"@type\":\"MerchantReturnPolicy\",\"merchantReturnLink\":\"https:\\\/\\\/www.lifenatura.com\\\/termos-condicoes-lifenatura\\\/\"}}]}<\/script>\n<meta property=\"product:price:amount\" content=\"23.66\" \/>\n<meta property=\"product:price:currency\" content=\"EUR\" \/>\n<meta property=\"og:availability\" content=\"instock\" \/>\n<meta property=\"product:availability\" content=\"instock\" \/>\n<meta property=\"product:retailer_item_id\" content=\"5605481101250\" \/>\n<meta property=\"product:condition\" content=\"new\" \/>\n<!-- \/ Yoast SEO Premium plugin. -->","yoast_head_json":{"title":"Mega Royal Infans Dietmed - Lifenatura","description":"Megaroyal Infans es un complemento inmunitario para ni\u00f1os, formulado con jalea real, vitamina C, zinc y prop\u00f3leo para reforzar las defensas naturales.","robots":{"index":"index","follow":"follow","max-snippet":"max-snippet:-1","max-image-preview":"max-image-preview:large","max-video-preview":"max-video-preview:-1"},"canonical":"https:\/\/www.lifenatura.com\/es\/produto\/mega-royal-infans-20-ampolas-dietmed\/","og_locale":"es_ES","og_type":"article","og_title":"Mega Royal Infans 20 ampolas - Dietmed - Na Lifenatura ao Melhor Pre\u00e7o | Envio 48h","og_description":"Compre Mega Royal Infans 20 ampolas - Dietmed com envio r\u00e1pido. Entrega em 48h e portes gr\u00e1tis em compras >35\u20ac. Aproveite j\u00e1 na Lifenatura","og_url":"https:\/\/www.lifenatura.com\/es\/produto\/mega-royal-infans-20-ampolas-dietmed\/","og_site_name":"Lifenatura","article_publisher":"https:\/\/www.facebook.com\/lifenatura","article_modified_time":"2025-06-16T17:23:19+00:00","og_image":[{"width":1000,"height":1000,"url":"https:\/\/www.lifenatura.com\/wp-content\/uploads\/2021\/09\/megaroyal-enfans.jpg","type":"image\/jpeg"}],"twitter_card":"summary_large_image","twitter_misc":{"Precio":"23,66&nbsp;&euro;","Disponibilidad":"Disponible"},"schema":{"@context":"https:\/\/schema.org","@graph":[{"@type":"WebPage","@id":"https:\/\/www.lifenatura.com\/es\/produto\/mega-royal-infans-20-ampolas-dietmed\/","url":"https:\/\/www.lifenatura.com\/es\/produto\/mega-royal-infans-20-ampolas-dietmed\/","name":"Mega Royal Infans Dietmed - Lifenatura","isPartOf":{"@id":"https:\/\/www.lifenatura.com\/es\/#website"},"primaryImageOfPage":{"@id":"https:\/\/www.lifenatura.com\/es\/produto\/mega-royal-infans-20-ampolas-dietmed\/#primaryimage"},"image":{"@id":"https:\/\/www.lifenatura.com\/es\/produto\/mega-royal-infans-20-ampolas-dietmed\/#primaryimage"},"thumbnailUrl":"https:\/\/www.lifenatura.com\/wp-content\/uploads\/2021\/09\/megaroyal-enfans.jpg","datePublished":"2021-09-30T09:38:23+00:00","dateModified":"2025-06-16T17:23:19+00:00","description":"Megaroyal Infans es un complemento inmunitario para ni\u00f1os, formulado con jalea real, vitamina C, zinc y prop\u00f3leo para reforzar las defensas naturales.","breadcrumb":{"@id":"https:\/\/www.lifenatura.com\/es\/produto\/mega-royal-infans-20-ampolas-dietmed\/#breadcrumb"},"inLanguage":"es","potentialAction":[{"@type":"ReadAction","target":["https:\/\/www.lifenatura.com\/es\/produto\/mega-royal-infans-20-ampolas-dietmed\/"]}]},{"@type":"ImageObject","inLanguage":"es","@id":"https:\/\/www.lifenatura.com\/es\/produto\/mega-royal-infans-20-ampolas-dietmed\/#primaryimage","url":"https:\/\/www.lifenatura.com\/wp-content\/uploads\/2021\/09\/megaroyal-enfans.jpg","contentUrl":"https:\/\/www.lifenatura.com\/wp-content\/uploads\/2021\/09\/megaroyal-enfans.jpg","width":1000,"height":1000,"caption":"Megaroyal enfans"},{"@type":"BreadcrumbList","@id":"https:\/\/www.lifenatura.com\/es\/produto\/mega-royal-infans-20-ampolas-dietmed\/#breadcrumb","itemListElement":[{"@type":"ListItem","position":1,"name":"In\u00edcio","item":"https:\/\/www.lifenatura.com\/es\/"},{"@type":"ListItem","position":2,"name":"Todos los Productos","item":"https:\/\/www.lifenatura.com\/es\/tienda\/"},{"@type":"ListItem","position":3,"name":"Mega Royal Infans 20 ampolas &#8211; Dietmed"}]},{"@type":"WebSite","@id":"https:\/\/www.lifenatura.com\/es\/#website","url":"https:\/\/www.lifenatura.com\/es\/","name":"Lifenatura","description":"A Lifenatura \u00e9 uma loja de produtos naturais, cosm\u00e9tica natural e alimenta\u00e7\u00e3o Biol\u00f3gica.","publisher":{"@id":"https:\/\/www.lifenatura.com\/es\/#organization"},"potentialAction":[{"@type":"SearchAction","target":{"@type":"EntryPoint","urlTemplate":"https:\/\/www.lifenatura.com\/es\/?s={search_term_string}"},"query-input":{"@type":"PropertyValueSpecification","valueRequired":true,"valueName":"search_term_string"}}],"inLanguage":"es"},{"@type":"Organization","@id":"https:\/\/www.lifenatura.com\/es\/#organization","name":"Lifenatura","url":"https:\/\/www.lifenatura.com\/es\/","logo":{"@type":"ImageObject","inLanguage":"es","@id":"https:\/\/www.lifenatura.com\/es\/#\/schema\/logo\/image\/","url":"https:\/\/www.lifenatura.com\/wp-content\/uploads\/2021\/07\/logo.png","contentUrl":"https:\/\/www.lifenatura.com\/wp-content\/uploads\/2021\/07\/logo.png","width":175,"height":55,"caption":"Lifenatura"},"image":{"@id":"https:\/\/www.lifenatura.com\/es\/#\/schema\/logo\/image\/"},"sameAs":["https:\/\/www.facebook.com\/lifenatura","https:\/\/www.instagram.com\/lifenaturapt\/"],"hasMerchantReturnPolicy":{"@type":"MerchantReturnPolicy","merchantReturnLink":"https:\/\/www.lifenatura.com\/termos-condicoes-lifenatura\/"}}]},"product_price_amount":"23.66","product_price_currency":"EUR","og_availability":"instock","product_availability":"instock","product_retailer_item_id":"5605481101250","product_condition":"new"},"df_price":23.66,"df_sale_price":23.66,"df_regular_price":29.58,"df_image_link":"https:\/\/www.lifenatura.com\/wp-content\/uploads\/2021\/09\/megaroyal-enfans-300x300.jpg","_links":{"self":[{"href":"https:\/\/www.lifenatura.com\/es\/wp-json\/wp\/v2\/product\/36845","targetHints":{"allow":["GET"]}}],"collection":[{"href":"https:\/\/www.lifenatura.com\/es\/wp-json\/wp\/v2\/product"}],"about":[{"href":"https:\/\/www.lifenatura.com\/es\/wp-json\/wp\/v2\/types\/product"}],"wp:featuredmedia":[{"embeddable":true,"href":"https:\/\/www.lifenatura.com\/es\/wp-json\/wp\/v2\/media\/113502"}],"wp:attachment":[{"href":"https:\/\/www.lifenatura.com\/es\/wp-json\/wp\/v2\/media?parent=36845"}],"wp:term":[{"taxonomy":"product_brand","embeddable":true,"href":"https:\/\/www.lifenatura.com\/es\/wp-json\/wp\/v2\/product_brand?post=36845"},{"taxonomy":"product_cat","embeddable":true,"href":"https:\/\/www.lifenatura.com\/es\/wp-json\/wp\/v2\/product_cat?post=36845"},{"taxonomy":"product_tag","embeddable":true,"href":"https:\/\/www.lifenatura.com\/es\/wp-json\/wp\/v2\/product_tag?post=36845"}],"curies":[{"name":"wp","href":"https:\/\/api.w.org\/{rel}","templated":true}]}}