{"id":36844,"date":"2021-09-30T09:38:23","date_gmt":"2021-09-30T09:38:23","guid":{"rendered":"https:\/\/lifenatura.dev.agenciagetdigital.com\/produto\/mega-royal-immunitas-20-ampolas-dietmed\/"},"modified":"2025-06-16T17:12:17","modified_gmt":"2025-06-16T17:12:17","slug":"mega-royal-immunitas-20-ampolas-dietmed","status":"publish","type":"product","link":"https:\/\/www.lifenatura.com\/es\/produto\/mega-royal-immunitas-20-ampolas-dietmed\/","title":{"rendered":"Mega Royal Immunitas 20 ampolas &#8211; Dietmed"},"content":{"rendered":"<h2 style=\"text-align: left;\"><strong>Megaroyal Immunitas &#8211; Suplemento inmunol\u00f3gico de Dietmed<\/strong><\/h2>\n<p>&nbsp;<\/p>\n<p>Mega Royal Immunitas es una l\u00ednea basada en jalea real de alta calidad, combinada con los ingredientes adecuados para producir diferentes efectos seg\u00fan las necesidades de cada persona.<\/p>\n<p>Mega Royal Immunitas tambi\u00e9n contiene reishi, shiitake y equin\u00e1cea, y es un suplemento ideal para reforzar el sistema inmunitario. Tiene un gran valor nutricional en vitaminas B6, B12 y C.<\/p>\n<p>Megaroyal Immunitas de Dietmed es un innovador complemento alimenticio, desarrollado para reforzar el sistema inmunitario y mejorar la resistencia natural del organismo. Con una f\u00f3rmula exclusiva a base de jalea real, vitamina C, zinc y prop\u00f3leo, este producto es una excelente opci\u00f3n para quienes desean mantener el cuerpo sano y protegido contra las agresiones externas, especialmente durante los periodos de mayor vulnerabilidad.<\/p>\n<p>La jalea real, conocida por sus propiedades nutricionales y revitalizantes, se combina con la vitamina C y el zinc, dos potentes nutrientes que contribuyen al buen funcionamiento del sistema inmunitario. El prop\u00f3leo, con sus cualidades antibacterianas y antiinflamatorias, tambi\u00e9n es un ingrediente fundamental para fortalecer las defensas naturales del organismo. Esta combinaci\u00f3n \u00fanica hace que Megaroyal Immunitas sea ideal para quienes buscan un suplemento natural para reforzar sus defensas y mantenerse sanos.<\/p>\n<p><strong>Principales beneficios:<\/strong><\/p>\n<ul>\n<li><strong>Refuerzo del sistema inmunitario:<\/strong> la f\u00f3rmula rica en vitamina C, zinc y prop\u00f3leo ayuda a fortalecer las defensas naturales del organismo, haci\u00e9ndolo m\u00e1s resistente a las infecciones.<\/li>\n<li><strong>Propiedades antiinflamatorias y antibacterianas:<\/strong> el prop\u00f3leo y la jalea real tienen efectos beneficiosos en la lucha contra las inflamaciones e infecciones, favoreciendo una recuperaci\u00f3n m\u00e1s r\u00e1pida.<\/li>\n<li><strong>Acci\u00f3n antioxidante:<\/strong> La vitamina C ayuda a combatir los radicales libres, promoviendo la protecci\u00f3n celular y la salud general del organismo.<\/li>\n<li><strong>Revitalizaci\u00f3n general:<\/strong> La jalea real proporciona una sensaci\u00f3n de bienestar y energ\u00eda, ayudando a mantener el equilibrio del cuerpo y la mente.<\/li>\n<\/ul>\n<p><strong>Indicaci\u00f3n:<\/strong><\/p>\n<ul>\n<li>Megaroyal Immunitas est\u00e1 indicado para adultos que desean fortalecer su sistema inmunitario y protegerse contra las infecciones. Se recomienda especialmente para personas en per\u00edodos de mayor desgaste f\u00edsico, como durante los cambios de estaci\u00f3n, per\u00edodos de mayor estr\u00e9s o fatiga.<\/li>\n<\/ul>\n<p><strong>PRESENTACI\u00d3N<\/strong><\/p>\n<p>20 ampollas.<\/p>\n<p>&nbsp;<\/p>\n","protected":false},"excerpt":{"rendered":"<p>Megaroyal Immunitas es un suplemento que fortalece el sistema inmunitario, combinando jalea real, vitamina C, zinc y prop\u00f3leo, para proteger el organismo. [&#8230;]<\/p>\n<p><a class=\"btn btn-secondary understrap-read-more-link\" href=\"https:\/\/www.lifenatura.com\/es\/produto\/mega-royal-immunitas-20-ampolas-dietmed\/\">Leer m\u00e1s&#8230;<span class=\"screen-reader-text\"> from Mega Royal Immunitas 20 ampolas &#8211; Dietmed<\/span><\/a><\/p>\n","protected":false},"featured_media":113497,"template":"","meta":{"_acf_changed":false},"product_brand":[8509],"product_cat":[7659,7164,7263,7179],"product_tag":[],"class_list":{"0":"post-36844","1":"product","2":"type-product","3":"status-publish","4":"has-post-thumbnail","6":"product_brand-dietmed-es","7":"product_cat-ingrediente-natural-bio","8":"product_cat-jalea-real","9":"product_cat-packs-de-salud","10":"product_cat-salud","12":"first","13":"instock","14":"sale","15":"shipping-taxable","16":"purchasable","17":"product-type-simple","18":"add-to-wishlist-before_image"},"acf":[],"yoast_head":"<!-- This site is optimized with the Yoast SEO Premium plugin v27.1 (Yoast SEO v27.5) - https:\/\/yoast.com\/product\/yoast-seo-premium-wordpress\/ -->\n<title>Mega Royal Immunitas Dietmed - Lifenatura<\/title>\n<meta name=\"description\" content=\"Megaroyal Immunitas es un suplemento que fortalece el sistema inmunitario, combinando jalea real, vitamina C, zinc y prop\u00f3leo, para proteger el organismo.\" \/>\n<meta name=\"robots\" content=\"index, follow, max-snippet:-1, max-image-preview:large, max-video-preview:-1\" \/>\n<link rel=\"canonical\" href=\"https:\/\/www.lifenatura.com\/es\/produto\/mega-royal-immunitas-20-ampolas-dietmed\/\" \/>\n<meta property=\"og:locale\" content=\"es_ES\" \/>\n<meta property=\"og:type\" content=\"article\" \/>\n<meta property=\"og:title\" content=\"Mega Royal Immunitas 20 ampolas - Dietmed - Na Lifenatura ao Melhor Pre\u00e7o | Envio 48h\" \/>\n<meta property=\"og:description\" content=\"Compre Mega Royal Immunitas 20 ampolas - Dietmed com envio r\u00e1pido. Entrega em 48h e portes gr\u00e1tis em compras &gt;35\u20ac. Aproveite j\u00e1 na Lifenatura\" \/>\n<meta property=\"og:url\" content=\"https:\/\/www.lifenatura.com\/es\/produto\/mega-royal-immunitas-20-ampolas-dietmed\/\" \/>\n<meta property=\"og:site_name\" content=\"Lifenatura\" \/>\n<meta property=\"article:publisher\" content=\"https:\/\/www.facebook.com\/lifenatura\" \/>\n<meta property=\"article:modified_time\" content=\"2025-06-16T17:12:17+00:00\" \/>\n<meta property=\"og:image\" content=\"https:\/\/www.lifenatura.com\/wp-content\/uploads\/2021\/09\/megaroyal-immunitas.jpg\" \/>\n\t<meta property=\"og:image:width\" content=\"1000\" \/>\n\t<meta property=\"og:image:height\" content=\"1000\" \/>\n\t<meta property=\"og:image:type\" content=\"image\/jpeg\" \/>\n<meta name=\"twitter:card\" content=\"summary_large_image\" \/>\n<meta name=\"twitter:label1\" content=\"Precio\" \/>\n\t<meta name=\"twitter:data1\" content=\"24,49&nbsp;&euro;\" \/>\n\t<meta name=\"twitter:label2\" content=\"Disponibilidad\" \/>\n\t<meta name=\"twitter:data2\" content=\"Disponible\" \/>\n<script type=\"application\/ld+json\" class=\"yoast-schema-graph\">{\"@context\":\"https:\\\/\\\/schema.org\",\"@graph\":[{\"@type\":\"WebPage\",\"@id\":\"https:\\\/\\\/www.lifenatura.com\\\/es\\\/produto\\\/mega-royal-immunitas-20-ampolas-dietmed\\\/\",\"url\":\"https:\\\/\\\/www.lifenatura.com\\\/es\\\/produto\\\/mega-royal-immunitas-20-ampolas-dietmed\\\/\",\"name\":\"Mega Royal Immunitas Dietmed - Lifenatura\",\"isPartOf\":{\"@id\":\"https:\\\/\\\/www.lifenatura.com\\\/es\\\/#website\"},\"primaryImageOfPage\":{\"@id\":\"https:\\\/\\\/www.lifenatura.com\\\/es\\\/produto\\\/mega-royal-immunitas-20-ampolas-dietmed\\\/#primaryimage\"},\"image\":{\"@id\":\"https:\\\/\\\/www.lifenatura.com\\\/es\\\/produto\\\/mega-royal-immunitas-20-ampolas-dietmed\\\/#primaryimage\"},\"thumbnailUrl\":\"https:\\\/\\\/www.lifenatura.com\\\/wp-content\\\/uploads\\\/2021\\\/09\\\/megaroyal-immunitas.jpg\",\"datePublished\":\"2021-09-30T09:38:23+00:00\",\"dateModified\":\"2025-06-16T17:12:17+00:00\",\"description\":\"Megaroyal Immunitas es un suplemento que fortalece el sistema inmunitario, combinando jalea real, vitamina C, zinc y prop\u00f3leo, para proteger el organismo.\",\"breadcrumb\":{\"@id\":\"https:\\\/\\\/www.lifenatura.com\\\/es\\\/produto\\\/mega-royal-immunitas-20-ampolas-dietmed\\\/#breadcrumb\"},\"inLanguage\":\"es\",\"potentialAction\":[{\"@type\":\"ReadAction\",\"target\":[\"https:\\\/\\\/www.lifenatura.com\\\/es\\\/produto\\\/mega-royal-immunitas-20-ampolas-dietmed\\\/\"]}]},{\"@type\":\"ImageObject\",\"inLanguage\":\"es\",\"@id\":\"https:\\\/\\\/www.lifenatura.com\\\/es\\\/produto\\\/mega-royal-immunitas-20-ampolas-dietmed\\\/#primaryimage\",\"url\":\"https:\\\/\\\/www.lifenatura.com\\\/wp-content\\\/uploads\\\/2021\\\/09\\\/megaroyal-immunitas.jpg\",\"contentUrl\":\"https:\\\/\\\/www.lifenatura.com\\\/wp-content\\\/uploads\\\/2021\\\/09\\\/megaroyal-immunitas.jpg\",\"width\":1000,\"height\":1000,\"caption\":\"Megaroyal Immunitas\"},{\"@type\":\"BreadcrumbList\",\"@id\":\"https:\\\/\\\/www.lifenatura.com\\\/es\\\/produto\\\/mega-royal-immunitas-20-ampolas-dietmed\\\/#breadcrumb\",\"itemListElement\":[{\"@type\":\"ListItem\",\"position\":1,\"name\":\"In\u00edcio\",\"item\":\"https:\\\/\\\/www.lifenatura.com\\\/es\\\/\"},{\"@type\":\"ListItem\",\"position\":2,\"name\":\"Todos los Productos\",\"item\":\"https:\\\/\\\/www.lifenatura.com\\\/es\\\/tienda\\\/\"},{\"@type\":\"ListItem\",\"position\":3,\"name\":\"Mega Royal Immunitas 20 ampolas &#8211; Dietmed\"}]},{\"@type\":\"WebSite\",\"@id\":\"https:\\\/\\\/www.lifenatura.com\\\/es\\\/#website\",\"url\":\"https:\\\/\\\/www.lifenatura.com\\\/es\\\/\",\"name\":\"Lifenatura\",\"description\":\"A Lifenatura \u00e9 uma loja de produtos naturais, cosm\u00e9tica natural e alimenta\u00e7\u00e3o Biol\u00f3gica.\",\"publisher\":{\"@id\":\"https:\\\/\\\/www.lifenatura.com\\\/es\\\/#organization\"},\"potentialAction\":[{\"@type\":\"SearchAction\",\"target\":{\"@type\":\"EntryPoint\",\"urlTemplate\":\"https:\\\/\\\/www.lifenatura.com\\\/es\\\/?s={search_term_string}\"},\"query-input\":{\"@type\":\"PropertyValueSpecification\",\"valueRequired\":true,\"valueName\":\"search_term_string\"}}],\"inLanguage\":\"es\"},{\"@type\":\"Organization\",\"@id\":\"https:\\\/\\\/www.lifenatura.com\\\/es\\\/#organization\",\"name\":\"Lifenatura\",\"url\":\"https:\\\/\\\/www.lifenatura.com\\\/es\\\/\",\"logo\":{\"@type\":\"ImageObject\",\"inLanguage\":\"es\",\"@id\":\"https:\\\/\\\/www.lifenatura.com\\\/es\\\/#\\\/schema\\\/logo\\\/image\\\/\",\"url\":\"https:\\\/\\\/www.lifenatura.com\\\/wp-content\\\/uploads\\\/2021\\\/07\\\/logo.png\",\"contentUrl\":\"https:\\\/\\\/www.lifenatura.com\\\/wp-content\\\/uploads\\\/2021\\\/07\\\/logo.png\",\"width\":175,\"height\":55,\"caption\":\"Lifenatura\"},\"image\":{\"@id\":\"https:\\\/\\\/www.lifenatura.com\\\/es\\\/#\\\/schema\\\/logo\\\/image\\\/\"},\"sameAs\":[\"https:\\\/\\\/www.facebook.com\\\/lifenatura\",\"https:\\\/\\\/www.instagram.com\\\/lifenaturapt\\\/\"],\"hasMerchantReturnPolicy\":{\"@type\":\"MerchantReturnPolicy\",\"merchantReturnLink\":\"https:\\\/\\\/www.lifenatura.com\\\/termos-condicoes-lifenatura\\\/\"}}]}<\/script>\n<meta property=\"product:price:amount\" content=\"24.49\" \/>\n<meta property=\"product:price:currency\" content=\"EUR\" \/>\n<meta property=\"og:availability\" content=\"instock\" \/>\n<meta property=\"product:availability\" content=\"instock\" \/>\n<meta property=\"product:retailer_item_id\" content=\"5605481101267\" \/>\n<meta property=\"product:condition\" content=\"new\" \/>\n<!-- \/ Yoast SEO Premium plugin. -->","yoast_head_json":{"title":"Mega Royal Immunitas Dietmed - Lifenatura","description":"Megaroyal Immunitas es un suplemento que fortalece el sistema inmunitario, combinando jalea real, vitamina C, zinc y prop\u00f3leo, para proteger el organismo.","robots":{"index":"index","follow":"follow","max-snippet":"max-snippet:-1","max-image-preview":"max-image-preview:large","max-video-preview":"max-video-preview:-1"},"canonical":"https:\/\/www.lifenatura.com\/es\/produto\/mega-royal-immunitas-20-ampolas-dietmed\/","og_locale":"es_ES","og_type":"article","og_title":"Mega Royal Immunitas 20 ampolas - Dietmed - Na Lifenatura ao Melhor Pre\u00e7o | Envio 48h","og_description":"Compre Mega Royal Immunitas 20 ampolas - Dietmed com envio r\u00e1pido. Entrega em 48h e portes gr\u00e1tis em compras >35\u20ac. Aproveite j\u00e1 na Lifenatura","og_url":"https:\/\/www.lifenatura.com\/es\/produto\/mega-royal-immunitas-20-ampolas-dietmed\/","og_site_name":"Lifenatura","article_publisher":"https:\/\/www.facebook.com\/lifenatura","article_modified_time":"2025-06-16T17:12:17+00:00","og_image":[{"width":1000,"height":1000,"url":"https:\/\/www.lifenatura.com\/wp-content\/uploads\/2021\/09\/megaroyal-immunitas.jpg","type":"image\/jpeg"}],"twitter_card":"summary_large_image","twitter_misc":{"Precio":"24,49&nbsp;&euro;","Disponibilidad":"Disponible"},"schema":{"@context":"https:\/\/schema.org","@graph":[{"@type":"WebPage","@id":"https:\/\/www.lifenatura.com\/es\/produto\/mega-royal-immunitas-20-ampolas-dietmed\/","url":"https:\/\/www.lifenatura.com\/es\/produto\/mega-royal-immunitas-20-ampolas-dietmed\/","name":"Mega Royal Immunitas Dietmed - Lifenatura","isPartOf":{"@id":"https:\/\/www.lifenatura.com\/es\/#website"},"primaryImageOfPage":{"@id":"https:\/\/www.lifenatura.com\/es\/produto\/mega-royal-immunitas-20-ampolas-dietmed\/#primaryimage"},"image":{"@id":"https:\/\/www.lifenatura.com\/es\/produto\/mega-royal-immunitas-20-ampolas-dietmed\/#primaryimage"},"thumbnailUrl":"https:\/\/www.lifenatura.com\/wp-content\/uploads\/2021\/09\/megaroyal-immunitas.jpg","datePublished":"2021-09-30T09:38:23+00:00","dateModified":"2025-06-16T17:12:17+00:00","description":"Megaroyal Immunitas es un suplemento que fortalece el sistema inmunitario, combinando jalea real, vitamina C, zinc y prop\u00f3leo, para proteger el organismo.","breadcrumb":{"@id":"https:\/\/www.lifenatura.com\/es\/produto\/mega-royal-immunitas-20-ampolas-dietmed\/#breadcrumb"},"inLanguage":"es","potentialAction":[{"@type":"ReadAction","target":["https:\/\/www.lifenatura.com\/es\/produto\/mega-royal-immunitas-20-ampolas-dietmed\/"]}]},{"@type":"ImageObject","inLanguage":"es","@id":"https:\/\/www.lifenatura.com\/es\/produto\/mega-royal-immunitas-20-ampolas-dietmed\/#primaryimage","url":"https:\/\/www.lifenatura.com\/wp-content\/uploads\/2021\/09\/megaroyal-immunitas.jpg","contentUrl":"https:\/\/www.lifenatura.com\/wp-content\/uploads\/2021\/09\/megaroyal-immunitas.jpg","width":1000,"height":1000,"caption":"Megaroyal Immunitas"},{"@type":"BreadcrumbList","@id":"https:\/\/www.lifenatura.com\/es\/produto\/mega-royal-immunitas-20-ampolas-dietmed\/#breadcrumb","itemListElement":[{"@type":"ListItem","position":1,"name":"In\u00edcio","item":"https:\/\/www.lifenatura.com\/es\/"},{"@type":"ListItem","position":2,"name":"Todos los Productos","item":"https:\/\/www.lifenatura.com\/es\/tienda\/"},{"@type":"ListItem","position":3,"name":"Mega Royal Immunitas 20 ampolas &#8211; Dietmed"}]},{"@type":"WebSite","@id":"https:\/\/www.lifenatura.com\/es\/#website","url":"https:\/\/www.lifenatura.com\/es\/","name":"Lifenatura","description":"A Lifenatura \u00e9 uma loja de produtos naturais, cosm\u00e9tica natural e alimenta\u00e7\u00e3o Biol\u00f3gica.","publisher":{"@id":"https:\/\/www.lifenatura.com\/es\/#organization"},"potentialAction":[{"@type":"SearchAction","target":{"@type":"EntryPoint","urlTemplate":"https:\/\/www.lifenatura.com\/es\/?s={search_term_string}"},"query-input":{"@type":"PropertyValueSpecification","valueRequired":true,"valueName":"search_term_string"}}],"inLanguage":"es"},{"@type":"Organization","@id":"https:\/\/www.lifenatura.com\/es\/#organization","name":"Lifenatura","url":"https:\/\/www.lifenatura.com\/es\/","logo":{"@type":"ImageObject","inLanguage":"es","@id":"https:\/\/www.lifenatura.com\/es\/#\/schema\/logo\/image\/","url":"https:\/\/www.lifenatura.com\/wp-content\/uploads\/2021\/07\/logo.png","contentUrl":"https:\/\/www.lifenatura.com\/wp-content\/uploads\/2021\/07\/logo.png","width":175,"height":55,"caption":"Lifenatura"},"image":{"@id":"https:\/\/www.lifenatura.com\/es\/#\/schema\/logo\/image\/"},"sameAs":["https:\/\/www.facebook.com\/lifenatura","https:\/\/www.instagram.com\/lifenaturapt\/"],"hasMerchantReturnPolicy":{"@type":"MerchantReturnPolicy","merchantReturnLink":"https:\/\/www.lifenatura.com\/termos-condicoes-lifenatura\/"}}]},"product_price_amount":"24.49","product_price_currency":"EUR","og_availability":"instock","product_availability":"instock","product_retailer_item_id":"5605481101267","product_condition":"new"},"df_price":24.49,"df_sale_price":24.49,"df_regular_price":30.62,"df_image_link":"https:\/\/www.lifenatura.com\/wp-content\/uploads\/2021\/09\/megaroyal-immunitas-300x300.jpg","_links":{"self":[{"href":"https:\/\/www.lifenatura.com\/es\/wp-json\/wp\/v2\/product\/36844","targetHints":{"allow":["GET"]}}],"collection":[{"href":"https:\/\/www.lifenatura.com\/es\/wp-json\/wp\/v2\/product"}],"about":[{"href":"https:\/\/www.lifenatura.com\/es\/wp-json\/wp\/v2\/types\/product"}],"wp:featuredmedia":[{"embeddable":true,"href":"https:\/\/www.lifenatura.com\/es\/wp-json\/wp\/v2\/media\/113497"}],"wp:attachment":[{"href":"https:\/\/www.lifenatura.com\/es\/wp-json\/wp\/v2\/media?parent=36844"}],"wp:term":[{"taxonomy":"product_brand","embeddable":true,"href":"https:\/\/www.lifenatura.com\/es\/wp-json\/wp\/v2\/product_brand?post=36844"},{"taxonomy":"product_cat","embeddable":true,"href":"https:\/\/www.lifenatura.com\/es\/wp-json\/wp\/v2\/product_cat?post=36844"},{"taxonomy":"product_tag","embeddable":true,"href":"https:\/\/www.lifenatura.com\/es\/wp-json\/wp\/v2\/product_tag?post=36844"}],"curies":[{"name":"wp","href":"https:\/\/api.w.org\/{rel}","templated":true}]}}