{"id":36843,"date":"2021-09-30T09:38:23","date_gmt":"2021-09-30T09:38:23","guid":{"rendered":"https:\/\/lifenatura.dev.agenciagetdigital.com\/produto\/mega-royal-dynamica-20-ampolas-dietmed\/"},"modified":"2025-06-16T16:58:22","modified_gmt":"2025-06-16T16:58:22","slug":"mega-royal-dynamica-20-ampolas-dietmed","status":"publish","type":"product","link":"https:\/\/www.lifenatura.com\/es\/produto\/mega-royal-dynamica-20-ampolas-dietmed\/","title":{"rendered":"Mega Royal Dynamica 20 ampolas &#8211; Dietmed"},"content":{"rendered":"<h2 style=\"text-align: left;\"><strong>Megaroyal Dynamica &#8211; Suplemento energ\u00e9tico y revitalizante<\/strong><\/h2>\n<p>&nbsp;<\/p>\n<p>MegaRoyal es una l\u00ednea basada en jalea real de alta calidad, combinada con los ingredientes adecuados para producir diferentes efectos seg\u00fan las necesidades de cada persona.<\/p>\n<p>Megaroyal Dynamica de la marca Dietmed es un innovador complemento alimenticio, formulado con extracto de jalea real, vitaminas y minerales, dise\u00f1ado para promover una sensaci\u00f3n de bienestar, vitalidad y energ\u00eda. Este suplemento de alta calidad est\u00e1 especialmente desarrollado para ayudar a combatir el cansancio f\u00edsico y mental, reforzar el sistema inmunol\u00f3gico y mejorar el rendimiento diario, proporcionando una sensaci\u00f3n de renovaci\u00f3n y equilibrio al organismo.<\/p>\n<p>La jalea real, ingrediente principal, es un superalimento natural conocido por sus propiedades revitalizantes y nutritivas, y se utiliza tradicionalmente para aumentar la energ\u00eda, fortalecer la resistencia y mejorar la salud en general. Megaroyal Dynamica tambi\u00e9n combina vitaminas esenciales, como las del complejo B, y minerales que refuerzan la funci\u00f3n del sistema nervioso, el metabolismo energ\u00e9tico y el sistema inmunol\u00f3gico, por lo que es una opci\u00f3n ideal para quienes necesitan un impulso extra en su rutina diaria.<\/p>\n<p><strong>Principales beneficios:<\/strong><\/p>\n<ul>\n<li>Aumento de la energ\u00eda y la vitalidad: Megaroyal Dynamica combate la fatiga f\u00edsica y mental, proporcionando m\u00e1s energ\u00eda y disposici\u00f3n a lo largo del d\u00eda.<\/li>\n<li>Fortalecimiento del sistema inmunol\u00f3gico: gracias a la combinaci\u00f3n de vitaminas y minerales, ayuda a reforzar las defensas naturales del organismo.<\/li>\n<li>Mejora del rendimiento mental y f\u00edsico: contribuye a aumentar la concentraci\u00f3n, reducir el estr\u00e9s y mejorar el rendimiento diario.<\/li>\n<li>Propiedades revitalizantes: La jalea real favorece una recuperaci\u00f3n m\u00e1s r\u00e1pida tras momentos de cansancio, fortaleciendo el cuerpo y la mente.<\/li>\n<\/ul>\n<p><strong>Indicaciones:<\/strong><br \/>\nEste suplemento est\u00e1 indicado para adultos que buscan aumentar sus niveles de energ\u00eda, mejorar su rendimiento f\u00edsico y mental o reforzar su inmunidad. Ideal para personas con una rutina exigente, estudiantes, profesionales y aquellos que sienten la necesidad de un refuerzo natural para combatir el cansancio y aumentar la vitalidad.<\/p>\n<p>Dynamica es completo porque tambi\u00e9n contiene ginseng, guaran\u00e1 y rodiola, lo que lo convierte en un estimulante energ\u00e9tico ideal. Adem\u00e1s, este suplemento es rico en vitaminas B1, B6, B12, C y zinc, por lo que es eficaz para combatir la fatiga f\u00edsica y ps\u00edquica.<\/p>\n<p><strong>PRESENTACI\u00d3N<\/strong><\/p>\n<p>20 ampollas.<\/p>\n<p>&nbsp;<\/p>\n","protected":false},"excerpt":{"rendered":"<p>Megaroyal Dynamica de Dietmed es un suplemento energ\u00e9tico y revitalizante con jalea real, vitaminas y minerales, para combatir la fatiga, aumentar energ\u00eda. [&#8230;]<\/p>\n<p><a class=\"btn btn-secondary understrap-read-more-link\" href=\"https:\/\/www.lifenatura.com\/es\/produto\/mega-royal-dynamica-20-ampolas-dietmed\/\">Leer m\u00e1s&#8230;<span class=\"screen-reader-text\"> from Mega Royal Dynamica 20 ampolas &#8211; Dietmed<\/span><\/a><\/p>\n","protected":false},"featured_media":113494,"template":"","meta":{"_acf_changed":false},"product_brand":[8509],"product_cat":[7238,7659,7164,7179],"product_tag":[],"class_list":{"0":"post-36843","1":"product","2":"type-product","3":"status-publish","4":"has-post-thumbnail","6":"product_brand-dietmed-es","7":"product_cat-energizante-natural","8":"product_cat-ingrediente-natural-bio","9":"product_cat-jalea-real","10":"product_cat-salud","12":"first","13":"instock","14":"sale","15":"shipping-taxable","16":"purchasable","17":"product-type-simple","18":"add-to-wishlist-before_image"},"acf":[],"yoast_head":"<!-- This site is optimized with the Yoast SEO Premium plugin v27.1 (Yoast SEO v27.4) - https:\/\/yoast.com\/product\/yoast-seo-premium-wordpress\/ -->\n<title>Mega Royal Dynamica Dietmed - Lifenatura<\/title>\n<meta name=\"description\" content=\"Megaroyal Dynamica de Dietmed es un suplemento energ\u00e9tico y revitalizante con jalea real, vitaminas y minerales, para combatir la fatiga, aumentar energ\u00eda.\" \/>\n<meta name=\"robots\" content=\"index, follow, max-snippet:-1, max-image-preview:large, max-video-preview:-1\" \/>\n<link rel=\"canonical\" href=\"https:\/\/www.lifenatura.com\/es\/produto\/mega-royal-dynamica-20-ampolas-dietmed\/\" \/>\n<meta property=\"og:locale\" content=\"es_ES\" \/>\n<meta property=\"og:type\" content=\"article\" \/>\n<meta property=\"og:title\" content=\"Mega Royal Dynamica 20 ampolas - Dietmed - Lifenatura\" \/>\n<meta property=\"og:description\" content=\"Compre aqui o seu Mega Royal Dynamica 20 ampolas - Dietmed e a Lifenatura Online envia em 48 H com Portes Gratis &gt;35\u20ac de Pedido.\" \/>\n<meta property=\"og:url\" content=\"https:\/\/www.lifenatura.com\/es\/produto\/mega-royal-dynamica-20-ampolas-dietmed\/\" \/>\n<meta property=\"og:site_name\" content=\"Lifenatura\" \/>\n<meta property=\"article:publisher\" content=\"https:\/\/www.facebook.com\/lifenatura\" \/>\n<meta property=\"article:modified_time\" content=\"2025-06-16T16:58:22+00:00\" \/>\n<meta property=\"og:image\" content=\"https:\/\/www.lifenatura.com\/wp-content\/uploads\/2021\/09\/megaroyal-dynamica.jpg\" \/>\n\t<meta property=\"og:image:width\" content=\"1000\" \/>\n\t<meta property=\"og:image:height\" content=\"1000\" \/>\n\t<meta property=\"og:image:type\" content=\"image\/jpeg\" \/>\n<meta name=\"twitter:card\" content=\"summary_large_image\" \/>\n<meta name=\"twitter:label1\" content=\"Precio\" \/>\n\t<meta name=\"twitter:data1\" content=\"24,49&nbsp;&euro;\" \/>\n\t<meta name=\"twitter:label2\" content=\"Disponibilidad\" \/>\n\t<meta name=\"twitter:data2\" content=\"Disponible\" \/>\n<meta property=\"product:price:amount\" content=\"24.49\" \/>\n<meta property=\"product:price:currency\" content=\"EUR\" \/>\n<meta property=\"og:availability\" content=\"instock\" \/>\n<meta property=\"product:availability\" content=\"instock\" \/>\n<meta property=\"product:retailer_item_id\" content=\"5605481101298\" \/>\n<meta property=\"product:condition\" content=\"new\" \/>\n<!-- \/ Yoast SEO Premium plugin. -->","yoast_head_json":{"title":"Mega Royal Dynamica Dietmed - Lifenatura","description":"Megaroyal Dynamica de Dietmed es un suplemento energ\u00e9tico y revitalizante con jalea real, vitaminas y minerales, para combatir la fatiga, aumentar energ\u00eda.","robots":{"index":"index","follow":"follow","max-snippet":"max-snippet:-1","max-image-preview":"max-image-preview:large","max-video-preview":"max-video-preview:-1"},"canonical":"https:\/\/www.lifenatura.com\/es\/produto\/mega-royal-dynamica-20-ampolas-dietmed\/","og_locale":"es_ES","og_type":"article","og_title":"Mega Royal Dynamica 20 ampolas - Dietmed - Lifenatura","og_description":"Compre aqui o seu Mega Royal Dynamica 20 ampolas - Dietmed e a Lifenatura Online envia em 48 H com Portes Gratis >35\u20ac de Pedido.","og_url":"https:\/\/www.lifenatura.com\/es\/produto\/mega-royal-dynamica-20-ampolas-dietmed\/","og_site_name":"Lifenatura","article_publisher":"https:\/\/www.facebook.com\/lifenatura","article_modified_time":"2025-06-16T16:58:22+00:00","og_image":[{"width":1000,"height":1000,"url":"https:\/\/www.lifenatura.com\/wp-content\/uploads\/2021\/09\/megaroyal-dynamica.jpg","type":"image\/jpeg"}],"twitter_card":"summary_large_image","twitter_misc":{"Precio":"24,49&nbsp;&euro;","Disponibilidad":"Disponible"},"schema":{"@context":"https:\/\/schema.org","@graph":[{"@type":"WebPage","@id":"https:\/\/www.lifenatura.com\/es\/produto\/mega-royal-dynamica-20-ampolas-dietmed\/","url":"https:\/\/www.lifenatura.com\/es\/produto\/mega-royal-dynamica-20-ampolas-dietmed\/","name":"Mega Royal Dynamica Dietmed - Lifenatura","isPartOf":{"@id":"https:\/\/www.lifenatura.com\/#website"},"primaryImageOfPage":{"@id":"https:\/\/www.lifenatura.com\/es\/produto\/mega-royal-dynamica-20-ampolas-dietmed\/#primaryimage"},"image":{"@id":"https:\/\/www.lifenatura.com\/es\/produto\/mega-royal-dynamica-20-ampolas-dietmed\/#primaryimage"},"thumbnailUrl":"https:\/\/www.lifenatura.com\/wp-content\/uploads\/2021\/09\/megaroyal-dynamica.jpg","datePublished":"2021-09-30T09:38:23+00:00","dateModified":"2025-06-16T16:58:22+00:00","description":"Megaroyal Dynamica de Dietmed es un suplemento energ\u00e9tico y revitalizante con jalea real, vitaminas y minerales, para combatir la fatiga, aumentar energ\u00eda.","breadcrumb":{"@id":"https:\/\/www.lifenatura.com\/es\/produto\/mega-royal-dynamica-20-ampolas-dietmed\/#breadcrumb"},"inLanguage":"es","potentialAction":[{"@type":"ReadAction","target":["https:\/\/www.lifenatura.com\/es\/produto\/mega-royal-dynamica-20-ampolas-dietmed\/"]}]},{"@type":"ImageObject","inLanguage":"es","@id":"https:\/\/www.lifenatura.com\/es\/produto\/mega-royal-dynamica-20-ampolas-dietmed\/#primaryimage","url":"https:\/\/www.lifenatura.com\/wp-content\/uploads\/2021\/09\/megaroyal-dynamica.jpg","contentUrl":"https:\/\/www.lifenatura.com\/wp-content\/uploads\/2021\/09\/megaroyal-dynamica.jpg","width":1000,"height":1000,"caption":"MegaRoyal Dynamica da marca Dietmed"},{"@type":"BreadcrumbList","@id":"https:\/\/www.lifenatura.com\/es\/produto\/mega-royal-dynamica-20-ampolas-dietmed\/#breadcrumb","itemListElement":[{"@type":"ListItem","position":1,"name":"In\u00edcio","item":"https:\/\/www.lifenatura.com\/es\/"},{"@type":"ListItem","position":2,"name":"Todos los Productos","item":"https:\/\/www.lifenatura.com\/es\/tienda\/"},{"@type":"ListItem","position":3,"name":"Mega Royal Dynamica 20 ampolas &#8211; Dietmed"}]},{"@type":"WebSite","@id":"https:\/\/www.lifenatura.com\/#website","url":"https:\/\/www.lifenatura.com\/","name":"Lifenatura","description":"A Lifenatura \u00e9 uma loja de produtos naturais, cosm\u00e9tica natural e alimenta\u00e7\u00e3o Biol\u00f3gica.","publisher":{"@id":"https:\/\/www.lifenatura.com\/#organization"},"potentialAction":[{"@type":"SearchAction","target":{"@type":"EntryPoint","urlTemplate":"https:\/\/www.lifenatura.com\/?s={search_term_string}"},"query-input":{"@type":"PropertyValueSpecification","valueRequired":true,"valueName":"search_term_string"}}],"inLanguage":"es"},{"@type":"Organization","@id":"https:\/\/www.lifenatura.com\/#organization","name":"Lifenatura","url":"https:\/\/www.lifenatura.com\/","logo":{"@type":"ImageObject","inLanguage":"es","@id":"https:\/\/www.lifenatura.com\/#\/schema\/logo\/image\/","url":"https:\/\/www.lifenatura.com\/wp-content\/uploads\/2021\/11\/logo.png","contentUrl":"https:\/\/www.lifenatura.com\/wp-content\/uploads\/2021\/11\/logo.png","width":175,"height":55,"caption":"Lifenatura"},"image":{"@id":"https:\/\/www.lifenatura.com\/#\/schema\/logo\/image\/"},"sameAs":["https:\/\/www.facebook.com\/lifenatura","https:\/\/www.instagram.com\/lifenaturapt\/"]}]},"product_price_amount":"24.49","product_price_currency":"EUR","og_availability":"instock","product_availability":"instock","product_retailer_item_id":"5605481101298","product_condition":"new"},"df_price":24.49,"df_sale_price":24.49,"df_regular_price":30.62,"df_image_link":"https:\/\/www.lifenatura.com\/wp-content\/uploads\/2021\/09\/megaroyal-dynamica-300x300.jpg","_links":{"self":[{"href":"https:\/\/www.lifenatura.com\/es\/wp-json\/wp\/v2\/product\/36843","targetHints":{"allow":["GET"]}}],"collection":[{"href":"https:\/\/www.lifenatura.com\/es\/wp-json\/wp\/v2\/product"}],"about":[{"href":"https:\/\/www.lifenatura.com\/es\/wp-json\/wp\/v2\/types\/product"}],"wp:featuredmedia":[{"embeddable":true,"href":"https:\/\/www.lifenatura.com\/es\/wp-json\/wp\/v2\/media\/113494"}],"wp:attachment":[{"href":"https:\/\/www.lifenatura.com\/es\/wp-json\/wp\/v2\/media?parent=36843"}],"wp:term":[{"taxonomy":"product_brand","embeddable":true,"href":"https:\/\/www.lifenatura.com\/es\/wp-json\/wp\/v2\/product_brand?post=36843"},{"taxonomy":"product_cat","embeddable":true,"href":"https:\/\/www.lifenatura.com\/es\/wp-json\/wp\/v2\/product_cat?post=36843"},{"taxonomy":"product_tag","embeddable":true,"href":"https:\/\/www.lifenatura.com\/es\/wp-json\/wp\/v2\/product_tag?post=36843"}],"curies":[{"name":"wp","href":"https:\/\/api.w.org\/{rel}","templated":true}]}}