{"id":36842,"date":"2021-09-30T09:38:23","date_gmt":"2021-09-30T09:38:23","guid":{"rendered":"https:\/\/lifenatura.dev.agenciagetdigital.com\/produto\/magriform-cha-tisana-150-gr-dietmed\/"},"modified":"2025-07-01T16:45:18","modified_gmt":"2025-07-01T16:45:18","slug":"magriform-cha-tisana-150-gr-dietmed","status":"publish","type":"product","link":"https:\/\/www.lifenatura.com\/es\/produto\/magriform-cha-tisana-150-gr-dietmed\/","title":{"rendered":"Magriform Ch\u00e1 Tisana 150 gr &#8211; Dietmed"},"content":{"rendered":"<h2 style=\"text-align: left;\"><strong>T\u00e9 Tisana para bajar de peso<\/strong><\/h2>\n<p>&nbsp;<\/p>\n<p>Magriform ayuda a combatir el exceso de peso, asociado siempre a una alimentaci\u00f3n sana y equilibrada. Este preparado a base de plantas seleccionadas, constituye una forma agradable de eliminar la celulitis y las grasas superfluas del organismo, reduciendo al mismo tiempo el apetito. Est\u00e1n indicados como &#8220;regulador intestinal&#8221;, teniendo una acci\u00f3n laxante suave.<\/p>\n<p>Compuesto por una combinaci\u00f3n de plantas seleccionadas, como cola de caballo, hinojo y diente de le\u00f3n, este t\u00e9 ofrece una forma agradable y natural de apoyar los procesos de adelgazamiento y promover el bienestar general.<\/p>\n<p><strong>Principales beneficios:<\/strong><\/p>\n<ul>\n<li><strong>Acci\u00f3n diur\u00e9tica y depurativa:<\/strong> El cola de caballo y el diente de le\u00f3n ayudan a eliminar los l\u00edquidos y toxinas acumulados, contribuyendo a reducir la retenci\u00f3n de l\u00edquidos.<\/li>\n<li><strong>Apoyo al metabolismo:<\/strong> El hinojo y el boldo ayudan a la digesti\u00f3n y al metabolismo de las grasas, facilitando el proceso de adelgazamiento.<\/li>\n<li><strong>Reducci\u00f3n del apetito:<\/strong> La combinaci\u00f3n de plantas presentes en la infusi\u00f3n puede ayudar a controlar la sensaci\u00f3n de hambre, lo que facilita el cumplimiento de dietas equilibradas.<\/li>\n<\/ul>\n<p><strong>Indicaci\u00f3n:<\/strong><\/p>\n<p>Este producto est\u00e1 indicado para adultos que desean complementar su dieta con un enfoque natural para el control del peso. Es especialmente \u00fatil para quienes buscan una soluci\u00f3n suave y eficaz que ayude a eliminar grasas y toxinas, manteniendo un estilo de vida saludable.<\/p>\n<p><strong>PRESENTACI\u00d3N<\/strong><\/p>\n<p>150g<\/p>\n<p>&nbsp;<\/p>\n","protected":false},"excerpt":{"rendered":"<p>Constituye una forma agradable de eliminar la celulitis y las grasas superfluas del organismo, reduciendo al mismo tiempo el apetito. [&#8230;]<\/p>\n<p><a class=\"btn btn-secondary understrap-read-more-link\" href=\"https:\/\/www.lifenatura.com\/es\/produto\/magriform-cha-tisana-150-gr-dietmed\/\">Leer m\u00e1s&#8230;<span class=\"screen-reader-text\"> from Magriform Ch\u00e1 Tisana 150 gr &#8211; Dietmed<\/span><\/a><\/p>\n","protected":false},"featured_media":49306,"template":"","meta":{"_acf_changed":false},"product_brand":[8509],"product_cat":[7064,7156,7659,7071],"product_tag":[],"class_list":{"0":"post-36842","1":"product","2":"type-product","3":"status-publish","4":"has-post-thumbnail","6":"product_brand-dietmed-es","7":"product_cat-alimentacion-sana","8":"product_cat-cola-de-caballo","9":"product_cat-ingrediente-natural-bio","10":"product_cat-tes-y-infusiones","12":"first","13":"instock","14":"sale","15":"shipping-taxable","16":"purchasable","17":"product-type-simple","18":"add-to-wishlist-before_image"},"acf":[],"yoast_head":"<!-- This site is optimized with the Yoast SEO Premium plugin v27.1 (Yoast SEO v27.5) - https:\/\/yoast.com\/product\/yoast-seo-premium-wordpress\/ -->\n<title>Magriform Ch\u00e1 Tisana - Dietmed - Lifenatura<\/title>\n<meta name=\"description\" content=\"Constituye una forma agradable de eliminar la celulitis y las grasas superfluas del organismo, reduciendo al mismo tiempo el apetito.\" \/>\n<meta name=\"robots\" content=\"index, follow, max-snippet:-1, max-image-preview:large, max-video-preview:-1\" \/>\n<link rel=\"canonical\" href=\"https:\/\/www.lifenatura.com\/es\/produto\/magriform-cha-tisana-150-gr-dietmed\/\" \/>\n<meta property=\"og:locale\" content=\"es_ES\" \/>\n<meta property=\"og:type\" content=\"article\" \/>\n<meta property=\"og:title\" content=\"Magriform Ch\u00e1 Tisana 150 gr - Dietmed - Na Lifenatura ao Melhor Pre\u00e7o | Envio 48h\" \/>\n<meta property=\"og:description\" content=\"Compre Magriform Ch\u00e1 Tisana 150 gr - Dietmed com envio r\u00e1pido. Entrega em 48h e portes gr\u00e1tis em compras &gt;35\u20ac. Aproveite j\u00e1 na Lifenatura\" \/>\n<meta property=\"og:url\" content=\"https:\/\/www.lifenatura.com\/es\/produto\/magriform-cha-tisana-150-gr-dietmed\/\" \/>\n<meta property=\"og:site_name\" content=\"Lifenatura\" \/>\n<meta property=\"article:publisher\" content=\"https:\/\/www.facebook.com\/lifenatura\" \/>\n<meta property=\"article:modified_time\" content=\"2025-07-01T16:45:18+00:00\" \/>\n<meta property=\"og:image\" content=\"https:\/\/www.lifenatura.com\/wp-content\/uploads\/2021\/09\/Magriform-Carteiras-dietmed.jpg\" \/>\n\t<meta property=\"og:image:width\" content=\"1000\" \/>\n\t<meta property=\"og:image:height\" content=\"1000\" \/>\n\t<meta property=\"og:image:type\" content=\"image\/jpeg\" \/>\n<meta name=\"twitter:card\" content=\"summary_large_image\" \/>\n<meta name=\"twitter:label1\" content=\"Precio\" \/>\n\t<meta name=\"twitter:data1\" content=\"8,02&nbsp;&euro;\" \/>\n\t<meta name=\"twitter:label2\" content=\"Disponibilidad\" \/>\n\t<meta name=\"twitter:data2\" content=\"Disponible\" \/>\n<script type=\"application\/ld+json\" class=\"yoast-schema-graph\">{\"@context\":\"https:\\\/\\\/schema.org\",\"@graph\":[{\"@type\":\"WebPage\",\"@id\":\"https:\\\/\\\/www.lifenatura.com\\\/es\\\/produto\\\/magriform-cha-tisana-150-gr-dietmed\\\/\",\"url\":\"https:\\\/\\\/www.lifenatura.com\\\/es\\\/produto\\\/magriform-cha-tisana-150-gr-dietmed\\\/\",\"name\":\"Magriform Ch\u00e1 Tisana - Dietmed - Lifenatura\",\"isPartOf\":{\"@id\":\"https:\\\/\\\/www.lifenatura.com\\\/es\\\/#website\"},\"primaryImageOfPage\":{\"@id\":\"https:\\\/\\\/www.lifenatura.com\\\/es\\\/produto\\\/magriform-cha-tisana-150-gr-dietmed\\\/#primaryimage\"},\"image\":{\"@id\":\"https:\\\/\\\/www.lifenatura.com\\\/es\\\/produto\\\/magriform-cha-tisana-150-gr-dietmed\\\/#primaryimage\"},\"thumbnailUrl\":\"https:\\\/\\\/www.lifenatura.com\\\/wp-content\\\/uploads\\\/2021\\\/09\\\/Magriform-Carteiras-dietmed.jpg\",\"datePublished\":\"2021-09-30T09:38:23+00:00\",\"dateModified\":\"2025-07-01T16:45:18+00:00\",\"description\":\"Constituye una forma agradable de eliminar la celulitis y las grasas superfluas del organismo, reduciendo al mismo tiempo el apetito.\",\"breadcrumb\":{\"@id\":\"https:\\\/\\\/www.lifenatura.com\\\/es\\\/produto\\\/magriform-cha-tisana-150-gr-dietmed\\\/#breadcrumb\"},\"inLanguage\":\"es\",\"potentialAction\":[{\"@type\":\"ReadAction\",\"target\":[\"https:\\\/\\\/www.lifenatura.com\\\/es\\\/produto\\\/magriform-cha-tisana-150-gr-dietmed\\\/\"]}]},{\"@type\":\"ImageObject\",\"inLanguage\":\"es\",\"@id\":\"https:\\\/\\\/www.lifenatura.com\\\/es\\\/produto\\\/magriform-cha-tisana-150-gr-dietmed\\\/#primaryimage\",\"url\":\"https:\\\/\\\/www.lifenatura.com\\\/wp-content\\\/uploads\\\/2021\\\/09\\\/Magriform-Carteiras-dietmed.jpg\",\"contentUrl\":\"https:\\\/\\\/www.lifenatura.com\\\/wp-content\\\/uploads\\\/2021\\\/09\\\/Magriform-Carteiras-dietmed.jpg\",\"width\":1000,\"height\":1000,\"caption\":\"Magriform carteiras da Dietmed\"},{\"@type\":\"BreadcrumbList\",\"@id\":\"https:\\\/\\\/www.lifenatura.com\\\/es\\\/produto\\\/magriform-cha-tisana-150-gr-dietmed\\\/#breadcrumb\",\"itemListElement\":[{\"@type\":\"ListItem\",\"position\":1,\"name\":\"In\u00edcio\",\"item\":\"https:\\\/\\\/www.lifenatura.com\\\/es\\\/\"},{\"@type\":\"ListItem\",\"position\":2,\"name\":\"Todos los Productos\",\"item\":\"https:\\\/\\\/www.lifenatura.com\\\/es\\\/tienda\\\/\"},{\"@type\":\"ListItem\",\"position\":3,\"name\":\"Magriform Ch\u00e1 Tisana 150 gr &#8211; Dietmed\"}]},{\"@type\":\"WebSite\",\"@id\":\"https:\\\/\\\/www.lifenatura.com\\\/es\\\/#website\",\"url\":\"https:\\\/\\\/www.lifenatura.com\\\/es\\\/\",\"name\":\"Lifenatura\",\"description\":\"A Lifenatura \u00e9 uma loja de produtos naturais, cosm\u00e9tica natural e alimenta\u00e7\u00e3o Biol\u00f3gica.\",\"publisher\":{\"@id\":\"https:\\\/\\\/www.lifenatura.com\\\/es\\\/#organization\"},\"potentialAction\":[{\"@type\":\"SearchAction\",\"target\":{\"@type\":\"EntryPoint\",\"urlTemplate\":\"https:\\\/\\\/www.lifenatura.com\\\/es\\\/?s={search_term_string}\"},\"query-input\":{\"@type\":\"PropertyValueSpecification\",\"valueRequired\":true,\"valueName\":\"search_term_string\"}}],\"inLanguage\":\"es\"},{\"@type\":\"Organization\",\"@id\":\"https:\\\/\\\/www.lifenatura.com\\\/es\\\/#organization\",\"name\":\"Lifenatura\",\"url\":\"https:\\\/\\\/www.lifenatura.com\\\/es\\\/\",\"logo\":{\"@type\":\"ImageObject\",\"inLanguage\":\"es\",\"@id\":\"https:\\\/\\\/www.lifenatura.com\\\/es\\\/#\\\/schema\\\/logo\\\/image\\\/\",\"url\":\"https:\\\/\\\/www.lifenatura.com\\\/wp-content\\\/uploads\\\/2021\\\/07\\\/logo.png\",\"contentUrl\":\"https:\\\/\\\/www.lifenatura.com\\\/wp-content\\\/uploads\\\/2021\\\/07\\\/logo.png\",\"width\":175,\"height\":55,\"caption\":\"Lifenatura\"},\"image\":{\"@id\":\"https:\\\/\\\/www.lifenatura.com\\\/es\\\/#\\\/schema\\\/logo\\\/image\\\/\"},\"sameAs\":[\"https:\\\/\\\/www.facebook.com\\\/lifenatura\",\"https:\\\/\\\/www.instagram.com\\\/lifenaturapt\\\/\"],\"hasMerchantReturnPolicy\":{\"@type\":\"MerchantReturnPolicy\",\"merchantReturnLink\":\"https:\\\/\\\/www.lifenatura.com\\\/termos-condicoes-lifenatura\\\/\"}}]}<\/script>\n<meta property=\"product:price:amount\" content=\"8.02\" \/>\n<meta property=\"product:price:currency\" content=\"EUR\" \/>\n<meta property=\"og:availability\" content=\"instock\" \/>\n<meta property=\"product:availability\" content=\"instock\" \/>\n<meta property=\"product:retailer_item_id\" content=\"5605481111013\" \/>\n<meta property=\"product:condition\" content=\"new\" \/>\n<!-- \/ Yoast SEO Premium plugin. -->","yoast_head_json":{"title":"Magriform Ch\u00e1 Tisana - Dietmed - Lifenatura","description":"Constituye una forma agradable de eliminar la celulitis y las grasas superfluas del organismo, reduciendo al mismo tiempo el apetito.","robots":{"index":"index","follow":"follow","max-snippet":"max-snippet:-1","max-image-preview":"max-image-preview:large","max-video-preview":"max-video-preview:-1"},"canonical":"https:\/\/www.lifenatura.com\/es\/produto\/magriform-cha-tisana-150-gr-dietmed\/","og_locale":"es_ES","og_type":"article","og_title":"Magriform Ch\u00e1 Tisana 150 gr - Dietmed - Na Lifenatura ao Melhor Pre\u00e7o | Envio 48h","og_description":"Compre Magriform Ch\u00e1 Tisana 150 gr - Dietmed com envio r\u00e1pido. Entrega em 48h e portes gr\u00e1tis em compras >35\u20ac. Aproveite j\u00e1 na Lifenatura","og_url":"https:\/\/www.lifenatura.com\/es\/produto\/magriform-cha-tisana-150-gr-dietmed\/","og_site_name":"Lifenatura","article_publisher":"https:\/\/www.facebook.com\/lifenatura","article_modified_time":"2025-07-01T16:45:18+00:00","og_image":[{"width":1000,"height":1000,"url":"https:\/\/www.lifenatura.com\/wp-content\/uploads\/2021\/09\/Magriform-Carteiras-dietmed.jpg","type":"image\/jpeg"}],"twitter_card":"summary_large_image","twitter_misc":{"Precio":"8,02&nbsp;&euro;","Disponibilidad":"Disponible"},"schema":{"@context":"https:\/\/schema.org","@graph":[{"@type":"WebPage","@id":"https:\/\/www.lifenatura.com\/es\/produto\/magriform-cha-tisana-150-gr-dietmed\/","url":"https:\/\/www.lifenatura.com\/es\/produto\/magriform-cha-tisana-150-gr-dietmed\/","name":"Magriform Ch\u00e1 Tisana - Dietmed - Lifenatura","isPartOf":{"@id":"https:\/\/www.lifenatura.com\/es\/#website"},"primaryImageOfPage":{"@id":"https:\/\/www.lifenatura.com\/es\/produto\/magriform-cha-tisana-150-gr-dietmed\/#primaryimage"},"image":{"@id":"https:\/\/www.lifenatura.com\/es\/produto\/magriform-cha-tisana-150-gr-dietmed\/#primaryimage"},"thumbnailUrl":"https:\/\/www.lifenatura.com\/wp-content\/uploads\/2021\/09\/Magriform-Carteiras-dietmed.jpg","datePublished":"2021-09-30T09:38:23+00:00","dateModified":"2025-07-01T16:45:18+00:00","description":"Constituye una forma agradable de eliminar la celulitis y las grasas superfluas del organismo, reduciendo al mismo tiempo el apetito.","breadcrumb":{"@id":"https:\/\/www.lifenatura.com\/es\/produto\/magriform-cha-tisana-150-gr-dietmed\/#breadcrumb"},"inLanguage":"es","potentialAction":[{"@type":"ReadAction","target":["https:\/\/www.lifenatura.com\/es\/produto\/magriform-cha-tisana-150-gr-dietmed\/"]}]},{"@type":"ImageObject","inLanguage":"es","@id":"https:\/\/www.lifenatura.com\/es\/produto\/magriform-cha-tisana-150-gr-dietmed\/#primaryimage","url":"https:\/\/www.lifenatura.com\/wp-content\/uploads\/2021\/09\/Magriform-Carteiras-dietmed.jpg","contentUrl":"https:\/\/www.lifenatura.com\/wp-content\/uploads\/2021\/09\/Magriform-Carteiras-dietmed.jpg","width":1000,"height":1000,"caption":"Magriform carteiras da Dietmed"},{"@type":"BreadcrumbList","@id":"https:\/\/www.lifenatura.com\/es\/produto\/magriform-cha-tisana-150-gr-dietmed\/#breadcrumb","itemListElement":[{"@type":"ListItem","position":1,"name":"In\u00edcio","item":"https:\/\/www.lifenatura.com\/es\/"},{"@type":"ListItem","position":2,"name":"Todos los Productos","item":"https:\/\/www.lifenatura.com\/es\/tienda\/"},{"@type":"ListItem","position":3,"name":"Magriform Ch\u00e1 Tisana 150 gr &#8211; Dietmed"}]},{"@type":"WebSite","@id":"https:\/\/www.lifenatura.com\/es\/#website","url":"https:\/\/www.lifenatura.com\/es\/","name":"Lifenatura","description":"A Lifenatura \u00e9 uma loja de produtos naturais, cosm\u00e9tica natural e alimenta\u00e7\u00e3o Biol\u00f3gica.","publisher":{"@id":"https:\/\/www.lifenatura.com\/es\/#organization"},"potentialAction":[{"@type":"SearchAction","target":{"@type":"EntryPoint","urlTemplate":"https:\/\/www.lifenatura.com\/es\/?s={search_term_string}"},"query-input":{"@type":"PropertyValueSpecification","valueRequired":true,"valueName":"search_term_string"}}],"inLanguage":"es"},{"@type":"Organization","@id":"https:\/\/www.lifenatura.com\/es\/#organization","name":"Lifenatura","url":"https:\/\/www.lifenatura.com\/es\/","logo":{"@type":"ImageObject","inLanguage":"es","@id":"https:\/\/www.lifenatura.com\/es\/#\/schema\/logo\/image\/","url":"https:\/\/www.lifenatura.com\/wp-content\/uploads\/2021\/07\/logo.png","contentUrl":"https:\/\/www.lifenatura.com\/wp-content\/uploads\/2021\/07\/logo.png","width":175,"height":55,"caption":"Lifenatura"},"image":{"@id":"https:\/\/www.lifenatura.com\/es\/#\/schema\/logo\/image\/"},"sameAs":["https:\/\/www.facebook.com\/lifenatura","https:\/\/www.instagram.com\/lifenaturapt\/"],"hasMerchantReturnPolicy":{"@type":"MerchantReturnPolicy","merchantReturnLink":"https:\/\/www.lifenatura.com\/termos-condicoes-lifenatura\/"}}]},"product_price_amount":"8.02","product_price_currency":"EUR","og_availability":"instock","product_availability":"instock","product_retailer_item_id":"5605481111013","product_condition":"new"},"df_price":8.02,"df_sale_price":8.02,"df_regular_price":10.29,"df_image_link":"https:\/\/www.lifenatura.com\/wp-content\/uploads\/2021\/09\/Magriform-Carteiras-dietmed-300x300.jpg","_links":{"self":[{"href":"https:\/\/www.lifenatura.com\/es\/wp-json\/wp\/v2\/product\/36842","targetHints":{"allow":["GET"]}}],"collection":[{"href":"https:\/\/www.lifenatura.com\/es\/wp-json\/wp\/v2\/product"}],"about":[{"href":"https:\/\/www.lifenatura.com\/es\/wp-json\/wp\/v2\/types\/product"}],"wp:featuredmedia":[{"embeddable":true,"href":"https:\/\/www.lifenatura.com\/es\/wp-json\/wp\/v2\/media\/49306"}],"wp:attachment":[{"href":"https:\/\/www.lifenatura.com\/es\/wp-json\/wp\/v2\/media?parent=36842"}],"wp:term":[{"taxonomy":"product_brand","embeddable":true,"href":"https:\/\/www.lifenatura.com\/es\/wp-json\/wp\/v2\/product_brand?post=36842"},{"taxonomy":"product_cat","embeddable":true,"href":"https:\/\/www.lifenatura.com\/es\/wp-json\/wp\/v2\/product_cat?post=36842"},{"taxonomy":"product_tag","embeddable":true,"href":"https:\/\/www.lifenatura.com\/es\/wp-json\/wp\/v2\/product_tag?post=36842"}],"curies":[{"name":"wp","href":"https:\/\/api.w.org\/{rel}","templated":true}]}}