{"id":36824,"date":"2021-09-30T09:38:04","date_gmt":"2021-09-30T09:38:04","guid":{"rendered":"https:\/\/lifenatura.dev.agenciagetdigital.com\/produto\/ginex-330-ml-dietmed\/"},"modified":"2025-06-16T22:42:31","modified_gmt":"2025-06-16T22:42:31","slug":"ginex-330-ml-dietmed","status":"publish","type":"product","link":"https:\/\/www.lifenatura.com\/es\/produto\/ginex-330-ml-dietmed\/","title":{"rendered":"Ginex jab\u00f3n liquido 300ml &#8211; Dietmed"},"content":{"rendered":"<h2 style=\"text-align: left;\"><strong>Ginex Jab\u00f3n L\u00edquido para la Higiene \u00cdntima Femenina por Dietmed<\/strong><\/h2>\n<p>&nbsp;<\/p>\n<p>Ginex es un jab\u00f3n l\u00edquido suavemente formulado con diversos extractos de plantas que favorecen el bienestar y la higiene \u00edntima de la mujer. Ginex regenera, suaviza y protege la piel, adem\u00e1s de proporcionar una agradable acci\u00f3n desodorante.<\/p>\n<p>Ideal para las epidermis m\u00e1s sensibles, posee una acci\u00f3n cicatrizante, antibacteriana y antiinflamatoria, adem\u00e1s de desodorizante.<\/p>\n<p>Ginex de Dietmed es un jab\u00f3n l\u00edquido suave desarrollado para la higiene \u00edntima femenina, con una f\u00f3rmula enriquecida con multiextractos de plantas, como malva, aloe vera, manzanilla, hip\u00e9rico, altea, aquilea y algas. Esta combinaci\u00f3n \u00fanica act\u00faa en sinergia para proporcionar una sensaci\u00f3n de bienestar, respetando el equilibrio natural de la piel y ofreciendo protecci\u00f3n y suavidad a la zona \u00edntima femenina.<\/p>\n<p>Ideal para pieles sensibles, Ginex regenera y suaviza la piel, al tiempo que ejerce una agradable acci\u00f3n desodorante, lo que lo convierte en una elecci\u00f3n fiable para el cuidado diario de la higiene \u00edntima.<\/p>\n<p><strong>Principales beneficios:<\/strong><\/p>\n<ul>\n<li>Higiene \u00edntima suave y eficaz: Su delicada f\u00f3rmula limpia sin da\u00f1ar la piel, manteniendo el equilibrio natural de la zona \u00edntima.<\/li>\n<li>Propiedades regeneradoras y suavizantes: Los extractos vegetales ayudan a regenerar y suavizar la piel, proporcionando confort y bienestar.<\/li>\n<li>Acci\u00f3n desodorante natural: Contribuye a una sensaci\u00f3n de frescor y protecci\u00f3n durante todo el d\u00eda.<\/li>\n<li>Apto para pieles sensibles: Sin colorantes, parabenos ni siliconas, ideal para pieles delicadas con tendencia a la irritaci\u00f3n.<\/li>\n<\/ul>\n<p><strong>Indicaciones:<\/strong><\/p>\n<p>Ginex est\u00e1 recomendado para mujeres que buscan un producto de higiene \u00edntima suave, eficaz y natural, especialmente indicado para pieles sensibles o en periodos de mayor vulnerabilidad, como el embarazo, la menstruaci\u00f3n o la menopausia.<\/p>\n<p>Alrededor del 75% de las mujeres sufren o han sufrido una infecci\u00f3n vaginal al menos una vez en su vida. La higiene es un tema que ocupa gran parte de la rutina diaria. Las mujeres deben prestar especial atenci\u00f3n a este aspecto.<br \/>\nElegir un producto adecuado es muy importante si no se quiere da\u00f1ar la flora vaginal.<\/p>\n<p>La flora vaginal debe mantenerse para protegerse de los microorganismos pat\u00f3genos.<\/p>\n<p><strong>PRESENTACI\u00d3N<\/strong><\/p>\n<p>300 ml<\/p>\n<p>&nbsp;<\/p>\n","protected":false},"excerpt":{"rendered":"<p>Jab\u00f3n l\u00edquido con una formulaci\u00f3n suave con diversos extractos vegetales, que promueven el bienestar e higiene \u00edntima de la mujer. [&#8230;]<\/p>\n<p><a class=\"btn btn-secondary understrap-read-more-link\" href=\"https:\/\/www.lifenatura.com\/es\/produto\/ginex-330-ml-dietmed\/\">Leer m\u00e1s&#8230;<span class=\"screen-reader-text\"> from Ginex jab\u00f3n liquido 300ml &#8211; Dietmed<\/span><\/a><\/p>\n","protected":false},"featured_media":113519,"template":"","meta":{"_acf_changed":false},"product_brand":[8509],"product_cat":[7653,7102,7110],"product_tag":[],"class_list":{"0":"post-36824","1":"product","2":"type-product","3":"status-publish","4":"has-post-thumbnail","6":"product_brand-dietmed-es","7":"product_cat-cosmetica-natural-lifenatura","8":"product_cat-cuidado-del-cuerpo","9":"product_cat-higiene-intima-bio","11":"first","12":"instock","13":"sale","14":"shipping-taxable","15":"purchasable","16":"product-type-simple","17":"add-to-wishlist-before_image"},"acf":[],"yoast_head":"<!-- This site is optimized with the Yoast SEO Premium plugin v27.1 (Yoast SEO v27.6) - https:\/\/yoast.com\/product\/yoast-seo-premium-wordpress\/ -->\n<title>Ginex jab\u00f3n liquido 300ml Dietmed - Lifenatura<\/title>\n<meta name=\"description\" content=\"Jab\u00f3n l\u00edquido con una formulaci\u00f3n suave con diversos extractos vegetales, que promueven el bienestar e higiene \u00edntima de la mujer.\" \/>\n<meta name=\"robots\" content=\"index, follow, max-snippet:-1, max-image-preview:large, max-video-preview:-1\" \/>\n<link rel=\"canonical\" href=\"https:\/\/www.lifenatura.com\/es\/produto\/ginex-330-ml-dietmed\/\" \/>\n<meta property=\"og:locale\" content=\"es_ES\" \/>\n<meta property=\"og:type\" content=\"article\" \/>\n<meta property=\"og:title\" content=\"Ginex jab\u00f3n liquido 300ml - Dietmed - Na Lifenatura ao Melhor Pre\u00e7o | Envio 48h\" \/>\n<meta property=\"og:description\" content=\"Compre Ginex jab\u00f3n liquido 300ml - Dietmed com envio r\u00e1pido. Entrega em 48h e portes gr\u00e1tis em compras &gt;35\u20ac. Aproveite j\u00e1 na Lifenatura\" \/>\n<meta property=\"og:url\" content=\"https:\/\/www.lifenatura.com\/es\/produto\/ginex-330-ml-dietmed\/\" \/>\n<meta property=\"og:site_name\" content=\"Lifenatura\" \/>\n<meta property=\"article:publisher\" content=\"https:\/\/www.facebook.com\/lifenatura\" \/>\n<meta property=\"article:modified_time\" content=\"2025-06-16T22:42:31+00:00\" \/>\n<meta property=\"og:image\" content=\"https:\/\/www.lifenatura.com\/wp-content\/uploads\/2021\/09\/ginex-300ml-dietmed.jpg\" \/>\n\t<meta property=\"og:image:width\" content=\"1000\" \/>\n\t<meta property=\"og:image:height\" content=\"1000\" \/>\n\t<meta property=\"og:image:type\" content=\"image\/jpeg\" \/>\n<meta name=\"twitter:card\" content=\"summary_large_image\" \/>\n<meta name=\"twitter:label1\" content=\"Precio\" \/>\n\t<meta name=\"twitter:data1\" content=\"8,20&nbsp;&euro;\" \/>\n\t<meta name=\"twitter:label2\" content=\"Disponibilidad\" \/>\n\t<meta name=\"twitter:data2\" content=\"Disponible\" \/>\n<script type=\"application\/ld+json\" class=\"yoast-schema-graph\">{\"@context\":\"https:\\\/\\\/schema.org\",\"@graph\":[{\"@type\":\"WebPage\",\"@id\":\"https:\\\/\\\/www.lifenatura.com\\\/es\\\/produto\\\/ginex-330-ml-dietmed\\\/\",\"url\":\"https:\\\/\\\/www.lifenatura.com\\\/es\\\/produto\\\/ginex-330-ml-dietmed\\\/\",\"name\":\"Ginex jab\u00f3n liquido 300ml Dietmed - Lifenatura\",\"isPartOf\":{\"@id\":\"https:\\\/\\\/www.lifenatura.com\\\/es\\\/#website\"},\"primaryImageOfPage\":{\"@id\":\"https:\\\/\\\/www.lifenatura.com\\\/es\\\/produto\\\/ginex-330-ml-dietmed\\\/#primaryimage\"},\"image\":{\"@id\":\"https:\\\/\\\/www.lifenatura.com\\\/es\\\/produto\\\/ginex-330-ml-dietmed\\\/#primaryimage\"},\"thumbnailUrl\":\"https:\\\/\\\/www.lifenatura.com\\\/wp-content\\\/uploads\\\/2021\\\/09\\\/ginex-300ml-dietmed.jpg\",\"datePublished\":\"2021-09-30T09:38:04+00:00\",\"dateModified\":\"2025-06-16T22:42:31+00:00\",\"description\":\"Jab\u00f3n l\u00edquido con una formulaci\u00f3n suave con diversos extractos vegetales, que promueven el bienestar e higiene \u00edntima de la mujer.\",\"breadcrumb\":{\"@id\":\"https:\\\/\\\/www.lifenatura.com\\\/es\\\/produto\\\/ginex-330-ml-dietmed\\\/#breadcrumb\"},\"inLanguage\":\"es\",\"potentialAction\":[{\"@type\":\"ReadAction\",\"target\":[\"https:\\\/\\\/www.lifenatura.com\\\/es\\\/produto\\\/ginex-330-ml-dietmed\\\/\"]}]},{\"@type\":\"ImageObject\",\"inLanguage\":\"es\",\"@id\":\"https:\\\/\\\/www.lifenatura.com\\\/es\\\/produto\\\/ginex-330-ml-dietmed\\\/#primaryimage\",\"url\":\"https:\\\/\\\/www.lifenatura.com\\\/wp-content\\\/uploads\\\/2021\\\/09\\\/ginex-300ml-dietmed.jpg\",\"contentUrl\":\"https:\\\/\\\/www.lifenatura.com\\\/wp-content\\\/uploads\\\/2021\\\/09\\\/ginex-300ml-dietmed.jpg\",\"width\":1000,\"height\":1000,\"caption\":\"Ginex de 300ml da Dietmed\"},{\"@type\":\"BreadcrumbList\",\"@id\":\"https:\\\/\\\/www.lifenatura.com\\\/es\\\/produto\\\/ginex-330-ml-dietmed\\\/#breadcrumb\",\"itemListElement\":[{\"@type\":\"ListItem\",\"position\":1,\"name\":\"In\u00edcio\",\"item\":\"https:\\\/\\\/www.lifenatura.com\\\/es\\\/\"},{\"@type\":\"ListItem\",\"position\":2,\"name\":\"Todos los Productos\",\"item\":\"https:\\\/\\\/www.lifenatura.com\\\/es\\\/tienda\\\/\"},{\"@type\":\"ListItem\",\"position\":3,\"name\":\"Ginex jab\u00f3n liquido 300ml &#8211; Dietmed\"}]},{\"@type\":\"WebSite\",\"@id\":\"https:\\\/\\\/www.lifenatura.com\\\/es\\\/#website\",\"url\":\"https:\\\/\\\/www.lifenatura.com\\\/es\\\/\",\"name\":\"Lifenatura\",\"description\":\"A Lifenatura \u00e9 uma loja de produtos naturais, cosm\u00e9tica natural e alimenta\u00e7\u00e3o Biol\u00f3gica.\",\"publisher\":{\"@id\":\"https:\\\/\\\/www.lifenatura.com\\\/es\\\/#organization\"},\"potentialAction\":[{\"@type\":\"SearchAction\",\"target\":{\"@type\":\"EntryPoint\",\"urlTemplate\":\"https:\\\/\\\/www.lifenatura.com\\\/es\\\/?s={search_term_string}\"},\"query-input\":{\"@type\":\"PropertyValueSpecification\",\"valueRequired\":true,\"valueName\":\"search_term_string\"}}],\"inLanguage\":\"es\"},{\"@type\":\"Organization\",\"@id\":\"https:\\\/\\\/www.lifenatura.com\\\/es\\\/#organization\",\"name\":\"Lifenatura\",\"url\":\"https:\\\/\\\/www.lifenatura.com\\\/es\\\/\",\"logo\":{\"@type\":\"ImageObject\",\"inLanguage\":\"es\",\"@id\":\"https:\\\/\\\/www.lifenatura.com\\\/es\\\/#\\\/schema\\\/logo\\\/image\\\/\",\"url\":\"https:\\\/\\\/www.lifenatura.com\\\/wp-content\\\/uploads\\\/2021\\\/07\\\/logo.png\",\"contentUrl\":\"https:\\\/\\\/www.lifenatura.com\\\/wp-content\\\/uploads\\\/2021\\\/07\\\/logo.png\",\"width\":175,\"height\":55,\"caption\":\"Lifenatura\"},\"image\":{\"@id\":\"https:\\\/\\\/www.lifenatura.com\\\/es\\\/#\\\/schema\\\/logo\\\/image\\\/\"},\"sameAs\":[\"https:\\\/\\\/www.facebook.com\\\/lifenatura\",\"https:\\\/\\\/www.instagram.com\\\/lifenaturapt\\\/\"],\"hasMerchantReturnPolicy\":{\"@type\":\"MerchantReturnPolicy\",\"merchantReturnLink\":\"https:\\\/\\\/www.lifenatura.com\\\/termos-condicoes-lifenatura\\\/\"}}]}<\/script>\n<meta property=\"product:price:amount\" content=\"8.20\" \/>\n<meta property=\"product:price:currency\" content=\"EUR\" \/>\n<meta property=\"og:availability\" content=\"instock\" \/>\n<meta property=\"product:availability\" content=\"instock\" \/>\n<meta property=\"product:retailer_item_id\" content=\"5605481112065\" \/>\n<meta property=\"product:condition\" content=\"new\" \/>\n<!-- \/ Yoast SEO Premium plugin. -->","yoast_head_json":{"title":"Ginex jab\u00f3n liquido 300ml Dietmed - Lifenatura","description":"Jab\u00f3n l\u00edquido con una formulaci\u00f3n suave con diversos extractos vegetales, que promueven el bienestar e higiene \u00edntima de la mujer.","robots":{"index":"index","follow":"follow","max-snippet":"max-snippet:-1","max-image-preview":"max-image-preview:large","max-video-preview":"max-video-preview:-1"},"canonical":"https:\/\/www.lifenatura.com\/es\/produto\/ginex-330-ml-dietmed\/","og_locale":"es_ES","og_type":"article","og_title":"Ginex jab\u00f3n liquido 300ml - Dietmed - Na Lifenatura ao Melhor Pre\u00e7o | Envio 48h","og_description":"Compre Ginex jab\u00f3n liquido 300ml - Dietmed com envio r\u00e1pido. Entrega em 48h e portes gr\u00e1tis em compras >35\u20ac. Aproveite j\u00e1 na Lifenatura","og_url":"https:\/\/www.lifenatura.com\/es\/produto\/ginex-330-ml-dietmed\/","og_site_name":"Lifenatura","article_publisher":"https:\/\/www.facebook.com\/lifenatura","article_modified_time":"2025-06-16T22:42:31+00:00","og_image":[{"width":1000,"height":1000,"url":"https:\/\/www.lifenatura.com\/wp-content\/uploads\/2021\/09\/ginex-300ml-dietmed.jpg","type":"image\/jpeg"}],"twitter_card":"summary_large_image","twitter_misc":{"Precio":"8,20&nbsp;&euro;","Disponibilidad":"Disponible"},"schema":{"@context":"https:\/\/schema.org","@graph":[{"@type":"WebPage","@id":"https:\/\/www.lifenatura.com\/es\/produto\/ginex-330-ml-dietmed\/","url":"https:\/\/www.lifenatura.com\/es\/produto\/ginex-330-ml-dietmed\/","name":"Ginex jab\u00f3n liquido 300ml Dietmed - Lifenatura","isPartOf":{"@id":"https:\/\/www.lifenatura.com\/es\/#website"},"primaryImageOfPage":{"@id":"https:\/\/www.lifenatura.com\/es\/produto\/ginex-330-ml-dietmed\/#primaryimage"},"image":{"@id":"https:\/\/www.lifenatura.com\/es\/produto\/ginex-330-ml-dietmed\/#primaryimage"},"thumbnailUrl":"https:\/\/www.lifenatura.com\/wp-content\/uploads\/2021\/09\/ginex-300ml-dietmed.jpg","datePublished":"2021-09-30T09:38:04+00:00","dateModified":"2025-06-16T22:42:31+00:00","description":"Jab\u00f3n l\u00edquido con una formulaci\u00f3n suave con diversos extractos vegetales, que promueven el bienestar e higiene \u00edntima de la mujer.","breadcrumb":{"@id":"https:\/\/www.lifenatura.com\/es\/produto\/ginex-330-ml-dietmed\/#breadcrumb"},"inLanguage":"es","potentialAction":[{"@type":"ReadAction","target":["https:\/\/www.lifenatura.com\/es\/produto\/ginex-330-ml-dietmed\/"]}]},{"@type":"ImageObject","inLanguage":"es","@id":"https:\/\/www.lifenatura.com\/es\/produto\/ginex-330-ml-dietmed\/#primaryimage","url":"https:\/\/www.lifenatura.com\/wp-content\/uploads\/2021\/09\/ginex-300ml-dietmed.jpg","contentUrl":"https:\/\/www.lifenatura.com\/wp-content\/uploads\/2021\/09\/ginex-300ml-dietmed.jpg","width":1000,"height":1000,"caption":"Ginex de 300ml da Dietmed"},{"@type":"BreadcrumbList","@id":"https:\/\/www.lifenatura.com\/es\/produto\/ginex-330-ml-dietmed\/#breadcrumb","itemListElement":[{"@type":"ListItem","position":1,"name":"In\u00edcio","item":"https:\/\/www.lifenatura.com\/es\/"},{"@type":"ListItem","position":2,"name":"Todos los Productos","item":"https:\/\/www.lifenatura.com\/es\/tienda\/"},{"@type":"ListItem","position":3,"name":"Ginex jab\u00f3n liquido 300ml &#8211; Dietmed"}]},{"@type":"WebSite","@id":"https:\/\/www.lifenatura.com\/es\/#website","url":"https:\/\/www.lifenatura.com\/es\/","name":"Lifenatura","description":"A Lifenatura \u00e9 uma loja de produtos naturais, cosm\u00e9tica natural e alimenta\u00e7\u00e3o Biol\u00f3gica.","publisher":{"@id":"https:\/\/www.lifenatura.com\/es\/#organization"},"potentialAction":[{"@type":"SearchAction","target":{"@type":"EntryPoint","urlTemplate":"https:\/\/www.lifenatura.com\/es\/?s={search_term_string}"},"query-input":{"@type":"PropertyValueSpecification","valueRequired":true,"valueName":"search_term_string"}}],"inLanguage":"es"},{"@type":"Organization","@id":"https:\/\/www.lifenatura.com\/es\/#organization","name":"Lifenatura","url":"https:\/\/www.lifenatura.com\/es\/","logo":{"@type":"ImageObject","inLanguage":"es","@id":"https:\/\/www.lifenatura.com\/es\/#\/schema\/logo\/image\/","url":"https:\/\/www.lifenatura.com\/wp-content\/uploads\/2021\/07\/logo.png","contentUrl":"https:\/\/www.lifenatura.com\/wp-content\/uploads\/2021\/07\/logo.png","width":175,"height":55,"caption":"Lifenatura"},"image":{"@id":"https:\/\/www.lifenatura.com\/es\/#\/schema\/logo\/image\/"},"sameAs":["https:\/\/www.facebook.com\/lifenatura","https:\/\/www.instagram.com\/lifenaturapt\/"],"hasMerchantReturnPolicy":{"@type":"MerchantReturnPolicy","merchantReturnLink":"https:\/\/www.lifenatura.com\/termos-condicoes-lifenatura\/"}}]},"product_price_amount":"8.20","product_price_currency":"EUR","og_availability":"instock","product_availability":"instock","product_retailer_item_id":"5605481112065","product_condition":"new"},"df_price":8.2,"df_sale_price":8.2,"df_regular_price":10.25,"df_image_link":"https:\/\/www.lifenatura.com\/wp-content\/uploads\/2021\/09\/ginex-300ml-dietmed-300x300.jpg","_links":{"self":[{"href":"https:\/\/www.lifenatura.com\/es\/wp-json\/wp\/v2\/product\/36824","targetHints":{"allow":["GET"]}}],"collection":[{"href":"https:\/\/www.lifenatura.com\/es\/wp-json\/wp\/v2\/product"}],"about":[{"href":"https:\/\/www.lifenatura.com\/es\/wp-json\/wp\/v2\/types\/product"}],"wp:featuredmedia":[{"embeddable":true,"href":"https:\/\/www.lifenatura.com\/es\/wp-json\/wp\/v2\/media\/113519"}],"wp:attachment":[{"href":"https:\/\/www.lifenatura.com\/es\/wp-json\/wp\/v2\/media?parent=36824"}],"wp:term":[{"taxonomy":"product_brand","embeddable":true,"href":"https:\/\/www.lifenatura.com\/es\/wp-json\/wp\/v2\/product_brand?post=36824"},{"taxonomy":"product_cat","embeddable":true,"href":"https:\/\/www.lifenatura.com\/es\/wp-json\/wp\/v2\/product_cat?post=36824"},{"taxonomy":"product_tag","embeddable":true,"href":"https:\/\/www.lifenatura.com\/es\/wp-json\/wp\/v2\/product_tag?post=36824"}],"curies":[{"name":"wp","href":"https:\/\/api.w.org\/{rel}","templated":true}]}}