{"id":36782,"date":"2021-09-30T09:37:23","date_gmt":"2021-09-30T09:37:23","guid":{"rendered":"https:\/\/lifenatura.dev.agenciagetdigital.com\/produto\/dietlimao-h-60-capsulas-natiris\/"},"modified":"2026-03-23T01:04:54","modified_gmt":"2026-03-23T01:04:54","slug":"dietlimao-h-60-capsulas-natiris","status":"publish","type":"product","link":"https:\/\/www.lifenatura.com\/es\/produto\/dietlimao-h-60-capsulas-natiris\/","title":{"rendered":"Dietlim\u00e3o H 60 c\u00e1psulas &#8211; Natiris"},"content":{"rendered":"<p>Reduce el Per\u00edmetro Abdominal de los Hombres Dietlim\u00f3n H contiene jengibre, que mejora la liberaci\u00f3n de los jugos digestivos. El ginseng contiene panaxanos, sustancias conocidas por disminuir los niveles de az\u00facar en la sangre. El guaran\u00e1, rico en cafe\u00edna, es un revitalizante. Dietlim\u00f3n H reduce el per\u00edmetro abdominal y consecuentemente el riesgo de accidente cerebrovascular y infarto de miocardio. PRESENTACI\u00d3N 60 C\u00e1psulas.<\/p>\n","protected":false},"excerpt":{"rendered":"<p>Reduce el Per\u00edmetro Abdominal de los Hombres Dietlim\u00f3n H contiene jengibre, que mejora la liberaci\u00f3n de los jugos digestivos. El ginseng contiene panaxanos, sustancias conocidas por disminuir los niveles de az\u00facar en la sangre. El guaran\u00e1, rico en cafe\u00edna, es un revitalizante. Dietlim\u00f3n H reduce el per\u00edmetro abdominal y consecuentemente el riesgo de accidente cerebrovascular [&#8230;]<\/p>\n<p><a class=\"btn btn-secondary understrap-read-more-link\" href=\"https:\/\/www.lifenatura.com\/es\/produto\/dietlimao-h-60-capsulas-natiris\/\">Leer m\u00e1s&#8230;<span class=\"screen-reader-text\"> from Dietlim\u00e3o H 60 c\u00e1psulas &#8211; Natiris<\/span><\/a><\/p>\n","protected":false},"featured_media":130627,"template":"","meta":{"_acf_changed":false},"product_brand":[8551],"product_cat":[7190,7683,7659,7195,7179],"product_tag":[8701],"class_list":{"0":"post-36782","1":"product","2":"type-product","3":"status-publish","4":"has-post-thumbnail","6":"product_brand-dietlimao","7":"product_cat-adelgazar","8":"product_cat-cla-natural","9":"product_cat-ingrediente-natural-bio","10":"product_cat-quemagrasas","11":"product_cat-salud","12":"product_tag-natiris","14":"first","15":"instock","16":"sale","17":"featured","18":"shipping-taxable","19":"purchasable","20":"product-type-simple","21":"add-to-wishlist-before_image"},"acf":[],"yoast_head":"<!-- This site is optimized with the Yoast SEO Premium plugin v27.1 (Yoast SEO v27.4) - https:\/\/yoast.com\/product\/yoast-seo-premium-wordpress\/ -->\n<title>Dietlim\u00e3o H 60 c\u00e1psulas - Natiris<\/title>\n<meta name=\"description\" content=\"Dietlim\u00f3n H reduce el per\u00edmetro abdominal y consecuentemente el riesgo de accidente cerebrovascular y infarto de miocardio.\" \/>\n<meta name=\"robots\" content=\"index, follow, max-snippet:-1, max-image-preview:large, max-video-preview:-1\" \/>\n<link rel=\"canonical\" href=\"https:\/\/www.lifenatura.com\/es\/produto\/dietlimao-h-60-capsulas-natiris\/\" \/>\n<meta property=\"og:locale\" content=\"es_ES\" \/>\n<meta property=\"og:type\" content=\"article\" \/>\n<meta property=\"og:title\" content=\"Dietlim\u00e3o H 60 c\u00e1psulas - Natiris - Lifenatura\" \/>\n<meta property=\"og:description\" content=\"Compre aqui o seu Dietlim\u00e3o H 60 c\u00e1psulas - Natiris e a Lifenatura Online envia em 48 H com Portes Gratis &gt;35\u20ac de Pedido.\" \/>\n<meta property=\"og:url\" content=\"https:\/\/www.lifenatura.com\/es\/produto\/dietlimao-h-60-capsulas-natiris\/\" \/>\n<meta property=\"og:site_name\" content=\"Lifenatura\" \/>\n<meta property=\"article:publisher\" content=\"https:\/\/www.facebook.com\/lifenatura\" \/>\n<meta property=\"article:modified_time\" content=\"2026-03-23T01:04:54+00:00\" \/>\n<meta property=\"og:image\" content=\"https:\/\/www.lifenatura.com\/wp-content\/uploads\/2021\/09\/gd_dietlimao-h-comprimidos.jpg\" \/>\n\t<meta property=\"og:image:width\" content=\"1000\" \/>\n\t<meta property=\"og:image:height\" content=\"1000\" \/>\n\t<meta property=\"og:image:type\" content=\"image\/jpeg\" \/>\n<meta name=\"twitter:card\" content=\"summary_large_image\" \/>\n<meta name=\"twitter:label1\" content=\"Precio\" \/>\n\t<meta name=\"twitter:data1\" content=\"27,21&nbsp;&euro;\" \/>\n\t<meta name=\"twitter:label2\" content=\"Disponibilidad\" \/>\n\t<meta name=\"twitter:data2\" content=\"Disponible\" \/>\n<meta property=\"product:price:amount\" content=\"27.21\" \/>\n<meta property=\"product:price:currency\" content=\"EUR\" \/>\n<meta property=\"og:availability\" content=\"instock\" \/>\n<meta property=\"product:availability\" content=\"instock\" \/>\n<meta property=\"product:retailer_item_id\" content=\"5601436106806\" \/>\n<meta property=\"product:condition\" content=\"new\" \/>\n<!-- \/ Yoast SEO Premium plugin. -->","yoast_head_json":{"title":"Dietlim\u00e3o H 60 c\u00e1psulas - Natiris","description":"Dietlim\u00f3n H reduce el per\u00edmetro abdominal y consecuentemente el riesgo de accidente cerebrovascular y infarto de miocardio.","robots":{"index":"index","follow":"follow","max-snippet":"max-snippet:-1","max-image-preview":"max-image-preview:large","max-video-preview":"max-video-preview:-1"},"canonical":"https:\/\/www.lifenatura.com\/es\/produto\/dietlimao-h-60-capsulas-natiris\/","og_locale":"es_ES","og_type":"article","og_title":"Dietlim\u00e3o H 60 c\u00e1psulas - Natiris - Lifenatura","og_description":"Compre aqui o seu Dietlim\u00e3o H 60 c\u00e1psulas - Natiris e a Lifenatura Online envia em 48 H com Portes Gratis >35\u20ac de Pedido.","og_url":"https:\/\/www.lifenatura.com\/es\/produto\/dietlimao-h-60-capsulas-natiris\/","og_site_name":"Lifenatura","article_publisher":"https:\/\/www.facebook.com\/lifenatura","article_modified_time":"2026-03-23T01:04:54+00:00","og_image":[{"width":1000,"height":1000,"url":"https:\/\/www.lifenatura.com\/wp-content\/uploads\/2021\/09\/gd_dietlimao-h-comprimidos.jpg","type":"image\/jpeg"}],"twitter_card":"summary_large_image","twitter_misc":{"Precio":"27,21&nbsp;&euro;","Disponibilidad":"Disponible"},"schema":{"@context":"https:\/\/schema.org","@graph":[{"@type":"WebPage","@id":"https:\/\/www.lifenatura.com\/es\/produto\/dietlimao-h-60-capsulas-natiris\/","url":"https:\/\/www.lifenatura.com\/es\/produto\/dietlimao-h-60-capsulas-natiris\/","name":"Dietlim\u00e3o H 60 c\u00e1psulas - Natiris","isPartOf":{"@id":"https:\/\/www.lifenatura.com\/es\/#website"},"primaryImageOfPage":{"@id":"https:\/\/www.lifenatura.com\/es\/produto\/dietlimao-h-60-capsulas-natiris\/#primaryimage"},"image":{"@id":"https:\/\/www.lifenatura.com\/es\/produto\/dietlimao-h-60-capsulas-natiris\/#primaryimage"},"thumbnailUrl":"https:\/\/www.lifenatura.com\/wp-content\/uploads\/2026\/03\/DIETLIMAO_H.jpg","datePublished":"2021-09-30T09:37:23+00:00","dateModified":"2026-03-23T01:04:54+00:00","description":"Dietlim\u00f3n H reduce el per\u00edmetro abdominal y consecuentemente el riesgo de accidente cerebrovascular y infarto de miocardio.","breadcrumb":{"@id":"https:\/\/www.lifenatura.com\/es\/produto\/dietlimao-h-60-capsulas-natiris\/#breadcrumb"},"inLanguage":"es","potentialAction":[{"@type":"ReadAction","target":["https:\/\/www.lifenatura.com\/es\/produto\/dietlimao-h-60-capsulas-natiris\/"]}]},{"@type":"ImageObject","inLanguage":"es","@id":"https:\/\/www.lifenatura.com\/es\/produto\/dietlimao-h-60-capsulas-natiris\/#primaryimage","url":"https:\/\/www.lifenatura.com\/wp-content\/uploads\/2026\/03\/DIETLIMAO_H.jpg","contentUrl":"https:\/\/www.lifenatura.com\/wp-content\/uploads\/2026\/03\/DIETLIMAO_H.jpg","width":600,"height":600},{"@type":"BreadcrumbList","@id":"https:\/\/www.lifenatura.com\/es\/produto\/dietlimao-h-60-capsulas-natiris\/#breadcrumb","itemListElement":[{"@type":"ListItem","position":1,"name":"In\u00edcio","item":"https:\/\/www.lifenatura.com\/es\/"},{"@type":"ListItem","position":2,"name":"Todos los Productos","item":"https:\/\/www.lifenatura.com\/es\/tienda\/"},{"@type":"ListItem","position":3,"name":"Dietlim\u00e3o H 60 c\u00e1psulas &#8211; Natiris"}]},{"@type":"WebSite","@id":"https:\/\/www.lifenatura.com\/es\/#website","url":"https:\/\/www.lifenatura.com\/es\/","name":"Lifenatura","description":"A Lifenatura \u00e9 uma loja de produtos naturais, cosm\u00e9tica natural e alimenta\u00e7\u00e3o Biol\u00f3gica.","publisher":{"@id":"https:\/\/www.lifenatura.com\/es\/#organization"},"potentialAction":[{"@type":"SearchAction","target":{"@type":"EntryPoint","urlTemplate":"https:\/\/www.lifenatura.com\/es\/?s={search_term_string}"},"query-input":{"@type":"PropertyValueSpecification","valueRequired":true,"valueName":"search_term_string"}}],"inLanguage":"es"},{"@type":"Organization","@id":"https:\/\/www.lifenatura.com\/es\/#organization","name":"Lifenatura","url":"https:\/\/www.lifenatura.com\/es\/","logo":{"@type":"ImageObject","inLanguage":"es","@id":"https:\/\/www.lifenatura.com\/es\/#\/schema\/logo\/image\/","url":"https:\/\/www.lifenatura.com\/wp-content\/uploads\/2021\/11\/logo.png","contentUrl":"https:\/\/www.lifenatura.com\/wp-content\/uploads\/2021\/11\/logo.png","width":175,"height":55,"caption":"Lifenatura"},"image":{"@id":"https:\/\/www.lifenatura.com\/es\/#\/schema\/logo\/image\/"},"sameAs":["https:\/\/www.facebook.com\/lifenatura","https:\/\/www.instagram.com\/lifenaturapt\/"]}]},"product_price_amount":"27.21","product_price_currency":"EUR","og_availability":"instock","product_availability":"instock","product_retailer_item_id":"5601436106806","product_condition":"new"},"df_price":27.21,"df_sale_price":27.21,"df_regular_price":41.85,"df_image_link":"https:\/\/www.lifenatura.com\/wp-content\/uploads\/2026\/03\/DIETLIMAO_H-300x300.jpg","_links":{"self":[{"href":"https:\/\/www.lifenatura.com\/es\/wp-json\/wp\/v2\/product\/36782","targetHints":{"allow":["GET"]}}],"collection":[{"href":"https:\/\/www.lifenatura.com\/es\/wp-json\/wp\/v2\/product"}],"about":[{"href":"https:\/\/www.lifenatura.com\/es\/wp-json\/wp\/v2\/types\/product"}],"wp:featuredmedia":[{"embeddable":true,"href":"https:\/\/www.lifenatura.com\/es\/wp-json\/wp\/v2\/media\/130627"}],"wp:attachment":[{"href":"https:\/\/www.lifenatura.com\/es\/wp-json\/wp\/v2\/media?parent=36782"}],"wp:term":[{"taxonomy":"product_brand","embeddable":true,"href":"https:\/\/www.lifenatura.com\/es\/wp-json\/wp\/v2\/product_brand?post=36782"},{"taxonomy":"product_cat","embeddable":true,"href":"https:\/\/www.lifenatura.com\/es\/wp-json\/wp\/v2\/product_cat?post=36782"},{"taxonomy":"product_tag","embeddable":true,"href":"https:\/\/www.lifenatura.com\/es\/wp-json\/wp\/v2\/product_tag?post=36782"}],"curies":[{"name":"wp","href":"https:\/\/api.w.org\/{rel}","templated":true}]}}