{"id":36776,"date":"2021-09-30T09:37:02","date_gmt":"2021-09-30T09:37:02","guid":{"rendered":"https:\/\/lifenatura.dev.agenciagetdigital.com\/produto\/super-eritritol-500-g-diet-food\/"},"modified":"2026-03-30T00:10:44","modified_gmt":"2026-03-30T00:10:44","slug":"super-eritritol-500-g-diet-food","status":"publish","type":"product","link":"https:\/\/www.lifenatura.com\/es\/produto\/super-eritritol-500-g-diet-food\/","title":{"rendered":"Super Eritritol 500 g &#8211; Diet-Food"},"content":{"rendered":"<p>Alternativa Saludable al Az\u00facar El valor cal\u00f3rico del Eritritol es casi cero, y es r\u00e1pidamente absorbido en el intestino delgado y eliminado por el organismo (24 horas). Presenta un \u00edndice gluc\u00e9mico bajo por lo que no afecta los niveles de glucosa en la sangre, por lo que es bien tolerado por los diab\u00e9ticos. No es perjudicial para los dientes, no es cariog\u00e9nico. \u00a1Casi que podemos considerar un super\u00e1vit! PRESENTACI\u00d3N 500 g.<\/p>\n","protected":false},"excerpt":{"rendered":"<p>Alternativa Saludable al Az\u00facar El valor cal\u00f3rico del Eritritol es casi cero, y es r\u00e1pidamente absorbido en el intestino delgado y eliminado por el organismo (24 horas). Presenta un \u00edndice gluc\u00e9mico bajo por lo que no afecta los niveles de glucosa en la sangre, por lo que es bien tolerado por los diab\u00e9ticos. No es [&#8230;]<\/p>\n<p><a class=\"btn btn-secondary understrap-read-more-link\" href=\"https:\/\/www.lifenatura.com\/es\/produto\/super-eritritol-500-g-diet-food\/\">Leer m\u00e1s&#8230;<span class=\"screen-reader-text\"> from Super Eritritol 500 g &#8211; Diet-Food<\/span><\/a><\/p>\n","protected":false},"featured_media":18384,"template":"","meta":{"_acf_changed":false},"product_brand":[8510],"product_cat":[7064,7289,7074],"product_tag":[],"class_list":{"0":"post-36776","1":"product","2":"type-product","3":"status-publish","4":"has-post-thumbnail","6":"product_brand-diet-food","7":"product_cat-alimentacion-sana","8":"product_cat-azucar-edulcorantes","9":"product_cat-productos-alimenticios","11":"first","12":"instock","13":"shipping-taxable","14":"purchasable","15":"product-type-simple","16":"add-to-wishlist-before_image"},"acf":[],"yoast_head":"<!-- This site is optimized with the Yoast SEO Premium plugin v27.1 (Yoast SEO v27.4) - https:\/\/yoast.com\/product\/yoast-seo-premium-wordpress\/ -->\n<title>Super Eritritol 500 g - Diet-Food<\/title>\n<meta name=\"description\" content=\"El valor cal\u00f3rico del Eritritol es casi cero, y es r\u00e1pidamente absorbido en el intestino delgado y eliminado por el organismo (24 horas).\" \/>\n<meta name=\"robots\" content=\"index, follow, max-snippet:-1, max-image-preview:large, max-video-preview:-1\" \/>\n<link rel=\"canonical\" href=\"https:\/\/www.lifenatura.com\/es\/produto\/super-eritritol-500-g-diet-food\/\" \/>\n<meta property=\"og:locale\" content=\"es_ES\" \/>\n<meta property=\"og:type\" content=\"article\" \/>\n<meta property=\"og:title\" content=\"Super Eritritol 500 g - Diet-Food - Lifenatura\" \/>\n<meta property=\"og:description\" content=\"Compre aqui o seu Super Eritritol 500 g - Diet-Food e a Lifenatura Online envia em 48 H com Portes Gratis &gt;35\u20ac de Pedido.\" \/>\n<meta property=\"og:url\" content=\"https:\/\/www.lifenatura.com\/es\/produto\/super-eritritol-500-g-diet-food\/\" \/>\n<meta property=\"og:site_name\" content=\"Lifenatura\" \/>\n<meta property=\"article:publisher\" content=\"https:\/\/www.facebook.com\/lifenatura\" \/>\n<meta property=\"article:modified_time\" content=\"2026-03-30T00:10:44+00:00\" \/>\n<meta property=\"og:image\" content=\"https:\/\/www.lifenatura.com\/wp-content\/uploads\/2021\/09\/gd_super-eritritol-500-g-diet-food.jpg\" \/>\n\t<meta property=\"og:image:width\" content=\"1000\" \/>\n\t<meta property=\"og:image:height\" content=\"1000\" \/>\n\t<meta property=\"og:image:type\" content=\"image\/jpeg\" \/>\n<meta name=\"twitter:card\" content=\"summary_large_image\" \/>\n<meta name=\"twitter:label1\" content=\"Precio\" \/>\n\t<meta name=\"twitter:data1\" content=\"14,71&nbsp;&euro;\" \/>\n\t<meta name=\"twitter:label2\" content=\"Disponibilidad\" \/>\n\t<meta name=\"twitter:data2\" content=\"Disponible\" \/>\n<meta property=\"product:price:amount\" content=\"14.71\" \/>\n<meta property=\"product:price:currency\" content=\"EUR\" \/>\n<meta property=\"og:availability\" content=\"instock\" \/>\n<meta property=\"product:availability\" content=\"instock\" \/>\n<meta property=\"product:retailer_item_id\" content=\"5906395147076\" \/>\n<meta property=\"product:condition\" content=\"new\" \/>\n<!-- \/ Yoast SEO Premium plugin. -->","yoast_head_json":{"title":"Super Eritritol 500 g - Diet-Food","description":"El valor cal\u00f3rico del Eritritol es casi cero, y es r\u00e1pidamente absorbido en el intestino delgado y eliminado por el organismo (24 horas).","robots":{"index":"index","follow":"follow","max-snippet":"max-snippet:-1","max-image-preview":"max-image-preview:large","max-video-preview":"max-video-preview:-1"},"canonical":"https:\/\/www.lifenatura.com\/es\/produto\/super-eritritol-500-g-diet-food\/","og_locale":"es_ES","og_type":"article","og_title":"Super Eritritol 500 g - Diet-Food - Lifenatura","og_description":"Compre aqui o seu Super Eritritol 500 g - Diet-Food e a Lifenatura Online envia em 48 H com Portes Gratis >35\u20ac de Pedido.","og_url":"https:\/\/www.lifenatura.com\/es\/produto\/super-eritritol-500-g-diet-food\/","og_site_name":"Lifenatura","article_publisher":"https:\/\/www.facebook.com\/lifenatura","article_modified_time":"2026-03-30T00:10:44+00:00","og_image":[{"width":1000,"height":1000,"url":"https:\/\/www.lifenatura.com\/wp-content\/uploads\/2021\/09\/gd_super-eritritol-500-g-diet-food.jpg","type":"image\/jpeg"}],"twitter_card":"summary_large_image","twitter_misc":{"Precio":"14,71&nbsp;&euro;","Disponibilidad":"Disponible"},"schema":{"@context":"https:\/\/schema.org","@graph":[{"@type":"WebPage","@id":"https:\/\/www.lifenatura.com\/es\/produto\/super-eritritol-500-g-diet-food\/","url":"https:\/\/www.lifenatura.com\/es\/produto\/super-eritritol-500-g-diet-food\/","name":"Super Eritritol 500 g - Diet-Food","isPartOf":{"@id":"https:\/\/www.lifenatura.com\/es\/#website"},"primaryImageOfPage":{"@id":"https:\/\/www.lifenatura.com\/es\/produto\/super-eritritol-500-g-diet-food\/#primaryimage"},"image":{"@id":"https:\/\/www.lifenatura.com\/es\/produto\/super-eritritol-500-g-diet-food\/#primaryimage"},"thumbnailUrl":"https:\/\/www.lifenatura.com\/wp-content\/uploads\/2021\/09\/gd_super-eritritol-500-g-diet-food.jpg","datePublished":"2021-09-30T09:37:02+00:00","dateModified":"2026-03-30T00:10:44+00:00","description":"El valor cal\u00f3rico del Eritritol es casi cero, y es r\u00e1pidamente absorbido en el intestino delgado y eliminado por el organismo (24 horas).","breadcrumb":{"@id":"https:\/\/www.lifenatura.com\/es\/produto\/super-eritritol-500-g-diet-food\/#breadcrumb"},"inLanguage":"es","potentialAction":[{"@type":"ReadAction","target":["https:\/\/www.lifenatura.com\/es\/produto\/super-eritritol-500-g-diet-food\/"]}]},{"@type":"ImageObject","inLanguage":"es","@id":"https:\/\/www.lifenatura.com\/es\/produto\/super-eritritol-500-g-diet-food\/#primaryimage","url":"https:\/\/www.lifenatura.com\/wp-content\/uploads\/2021\/09\/gd_super-eritritol-500-g-diet-food.jpg","contentUrl":"https:\/\/www.lifenatura.com\/wp-content\/uploads\/2021\/09\/gd_super-eritritol-500-g-diet-food.jpg","width":1000,"height":1000,"caption":"Super Eritritol 500 g - Diet-Food"},{"@type":"BreadcrumbList","@id":"https:\/\/www.lifenatura.com\/es\/produto\/super-eritritol-500-g-diet-food\/#breadcrumb","itemListElement":[{"@type":"ListItem","position":1,"name":"In\u00edcio","item":"https:\/\/www.lifenatura.com\/es\/"},{"@type":"ListItem","position":2,"name":"Todos los Productos","item":"https:\/\/www.lifenatura.com\/es\/tienda\/"},{"@type":"ListItem","position":3,"name":"Super Eritritol 500 g &#8211; Diet-Food"}]},{"@type":"WebSite","@id":"https:\/\/www.lifenatura.com\/es\/#website","url":"https:\/\/www.lifenatura.com\/es\/","name":"Lifenatura","description":"A Lifenatura \u00e9 uma loja de produtos naturais, cosm\u00e9tica natural e alimenta\u00e7\u00e3o Biol\u00f3gica.","publisher":{"@id":"https:\/\/www.lifenatura.com\/es\/#organization"},"potentialAction":[{"@type":"SearchAction","target":{"@type":"EntryPoint","urlTemplate":"https:\/\/www.lifenatura.com\/es\/?s={search_term_string}"},"query-input":{"@type":"PropertyValueSpecification","valueRequired":true,"valueName":"search_term_string"}}],"inLanguage":"es"},{"@type":"Organization","@id":"https:\/\/www.lifenatura.com\/es\/#organization","name":"Lifenatura","url":"https:\/\/www.lifenatura.com\/es\/","logo":{"@type":"ImageObject","inLanguage":"es","@id":"https:\/\/www.lifenatura.com\/es\/#\/schema\/logo\/image\/","url":"https:\/\/www.lifenatura.com\/wp-content\/uploads\/2021\/11\/logo.png","contentUrl":"https:\/\/www.lifenatura.com\/wp-content\/uploads\/2021\/11\/logo.png","width":175,"height":55,"caption":"Lifenatura"},"image":{"@id":"https:\/\/www.lifenatura.com\/es\/#\/schema\/logo\/image\/"},"sameAs":["https:\/\/www.facebook.com\/lifenatura","https:\/\/www.instagram.com\/lifenaturapt\/"]}]},"product_price_amount":"14.71","product_price_currency":"EUR","og_availability":"instock","product_availability":"instock","product_retailer_item_id":"5906395147076","product_condition":"new"},"df_price":14.71,"df_sale_price":14.71,"df_regular_price":17.31,"df_image_link":"https:\/\/www.lifenatura.com\/wp-content\/uploads\/2021\/09\/gd_super-eritritol-500-g-diet-food-300x300.jpg","_links":{"self":[{"href":"https:\/\/www.lifenatura.com\/es\/wp-json\/wp\/v2\/product\/36776","targetHints":{"allow":["GET"]}}],"collection":[{"href":"https:\/\/www.lifenatura.com\/es\/wp-json\/wp\/v2\/product"}],"about":[{"href":"https:\/\/www.lifenatura.com\/es\/wp-json\/wp\/v2\/types\/product"}],"wp:featuredmedia":[{"embeddable":true,"href":"https:\/\/www.lifenatura.com\/es\/wp-json\/wp\/v2\/media\/18384"}],"wp:attachment":[{"href":"https:\/\/www.lifenatura.com\/es\/wp-json\/wp\/v2\/media?parent=36776"}],"wp:term":[{"taxonomy":"product_brand","embeddable":true,"href":"https:\/\/www.lifenatura.com\/es\/wp-json\/wp\/v2\/product_brand?post=36776"},{"taxonomy":"product_cat","embeddable":true,"href":"https:\/\/www.lifenatura.com\/es\/wp-json\/wp\/v2\/product_cat?post=36776"},{"taxonomy":"product_tag","embeddable":true,"href":"https:\/\/www.lifenatura.com\/es\/wp-json\/wp\/v2\/product_tag?post=36776"}],"curies":[{"name":"wp","href":"https:\/\/api.w.org\/{rel}","templated":true}]}}