{"id":36741,"date":"2021-09-30T09:36:40","date_gmt":"2021-09-30T09:36:40","guid":{"rendered":"https:\/\/lifenatura.dev.agenciagetdigital.com\/produto\/tofu-ahumado-redondo-bio-250-gr-daflori\/"},"modified":"2025-10-29T14:38:17","modified_gmt":"2025-10-29T14:38:17","slug":"tofu-ahumado-redondo-bio-250-gr-daflori","status":"publish","type":"product","link":"https:\/\/www.lifenatura.com\/es\/produto\/tofu-ahumado-redondo-bio-250-gr-daflori\/","title":{"rendered":"Tofu Ahumado Redondo Bio 250 gr &#8211; DaFlori"},"content":{"rendered":"<h2 style=\"text-align: left;\"><strong>Tofu ahumado redondo Daflori: prote\u00edna vegetal con sabor intenso y natural<\/strong><\/h2>\n<p>&nbsp;<\/p>\n<p>El tofu ahumado redondo de Daflori es una deliciosa alternativa vegetal a la prote\u00edna animal, ideal para quienes buscan una alimentaci\u00f3n sana, equilibrada y sabrosa. Elaborado a partir de soja ecol\u00f3gica y ahumado de forma tradicional, este tofu destaca por su rico sabor y aroma aut\u00e9ntico, perfecto para enriquecer tus comidas diarias.<\/p>\n<p>Fuente natural de prote\u00edna vegetal de alta calidad, el tofu ahumado Daflori tambi\u00e9n es rico en hierro, calcio y otros nutrientes esenciales. El proceso de ahumado le confiere una textura firme y un sabor ligeramente ahumado, lo que lo convierte en una excelente opci\u00f3n para salteados, pastas, ensaladas, wraps o platos principales vegetarianos y veganos.<\/p>\n<p>Sin gluten, sin conservantes y 100 % vegetal, es un alimento vers\u00e1til que se puede consumir fr\u00edo o caliente, integr\u00e1ndose f\u00e1cilmente en una dieta sana y equilibrada.<\/p>\n<h3><strong>Principales beneficios del Tofu Ahumado Redondo Daflori:<\/strong><\/h3>\n<ul>\n<li>Fuente completa de prote\u00edna vegetal, ideal para dietas vegetarianas y veganas.<\/li>\n<li>Rico en minerales como hierro, calcio y magnesio.<\/li>\n<li>Sabor ahumado aut\u00e9ntico y natural, que realza cualquier plato.<\/li>\n<li>Bajo contenido en grasas saturadas y sin colesterol.<\/li>\n<li>Producto ecol\u00f3gico, natural y sin gluten.<\/li>\n<\/ul>\n<h3><strong>\u00bfPara qui\u00e9n est\u00e1 indicado?<\/strong><\/h3>\n<p>El Tofu Ahumado Redondo Daflori est\u00e1 indicado para vegetarianos, veganos, deportistas y todas aquellas personas que desean adoptar una alimentaci\u00f3n m\u00e1s saludable y equilibrada, sin renunciar al sabor. Es ideal como alternativa a la carne, para aumentar la ingesta de prote\u00ednas vegetales y apoyar una dieta sostenible.<\/p>\n<p>Con su sabor caracter\u00edstico y su textura firme, es el ingrediente perfecto para crear comidas nutritivas, deliciosas y 100 % vegetales.<\/p>\n<p>El tofu ahumado DaFlori es un alimento elaborado a partir de la selecci\u00f3n del mejor tofu ecol\u00f3gico (grains de soja procedentes de la agricultura ecol\u00f3gica). El tofu ahumado es una alternativa saludable al queso, con un alto contenido en prote\u00ednas vegetales, para una alimentaci\u00f3n m\u00e1s equilibrada. Listo para consumir en cualquier momento, solo o a\u00f1adido a recetas para darles un delicioso sabor ahumado.<\/p>\n<p><strong>PRESENTACI\u00d3N<\/strong><\/p>\n<p>250 g<\/p>\n<p>&nbsp;<\/p>\n","protected":false},"excerpt":{"rendered":"<p>El Tofu fumado redondo es una sana alternativa al queso, con un alto contenido de prote\u00edna vegetal, para una alimentaci\u00f3n m\u00e1s equilibrada. [&#8230;]<\/p>\n<p><a class=\"btn btn-secondary understrap-read-more-link\" href=\"https:\/\/www.lifenatura.com\/es\/produto\/tofu-ahumado-redondo-bio-250-gr-daflori\/\">Leer m\u00e1s&#8230;<span class=\"screen-reader-text\"> from Tofu Ahumado Redondo Bio 250 gr &#8211; DaFlori<\/span><\/a><\/p>\n","protected":false},"featured_media":18349,"template":"","meta":{"_acf_changed":false},"product_brand":[8511],"product_cat":[7064,7074,7098],"product_tag":[],"class_list":{"0":"post-36741","1":"product","2":"type-product","3":"status-publish","4":"has-post-thumbnail","6":"product_brand-daflori","7":"product_cat-alimentacion-sana","8":"product_cat-productos-alimenticios","9":"product_cat-seitan-y-tofu","11":"first","12":"instock","13":"shipping-taxable","14":"purchasable","15":"product-type-simple","16":"add-to-wishlist-before_image"},"acf":[],"yoast_head":"<!-- This site is optimized with the Yoast SEO Premium plugin v27.1 (Yoast SEO v27.5) - https:\/\/yoast.com\/product\/yoast-seo-premium-wordpress\/ -->\n<title>Tofu Ahumado Redondo Bio 250 gr - DaFlori - Na Lifenatura ao Melhor Pre\u00e7o | Envio em 48h<\/title>\n<meta name=\"description\" content=\"El Tofu fumado redondo es una sana alternativa al queso, con un alto contenido de prote\u00edna vegetal, para una alimentaci\u00f3n m\u00e1s equilibrada.\" \/>\n<meta name=\"robots\" content=\"index, follow, max-snippet:-1, max-image-preview:large, max-video-preview:-1\" \/>\n<link rel=\"canonical\" href=\"https:\/\/www.lifenatura.com\/es\/produto\/tofu-ahumado-redondo-bio-250-gr-daflori\/\" \/>\n<meta property=\"og:locale\" content=\"es_ES\" \/>\n<meta property=\"og:type\" content=\"article\" \/>\n<meta property=\"og:title\" content=\"Tofu Ahumado Redondo Bio 250 gr - DaFlori - Na Lifenatura ao Melhor Pre\u00e7o | Envio 48h\" \/>\n<meta property=\"og:description\" content=\"Compre Tofu Ahumado Redondo Bio 250 gr - DaFlori com envio r\u00e1pido. Entrega em 48h e portes gr\u00e1tis em compras &gt;35\u20ac. Aproveite j\u00e1 na Lifenatura\" \/>\n<meta property=\"og:url\" content=\"https:\/\/www.lifenatura.com\/es\/produto\/tofu-ahumado-redondo-bio-250-gr-daflori\/\" \/>\n<meta property=\"og:site_name\" content=\"Lifenatura\" \/>\n<meta property=\"article:publisher\" content=\"https:\/\/www.facebook.com\/lifenatura\" \/>\n<meta property=\"article:modified_time\" content=\"2025-10-29T14:38:17+00:00\" \/>\n<meta property=\"og:image\" content=\"https:\/\/www.lifenatura.com\/wp-content\/uploads\/2021\/09\/gd_tofu-fumado-redondo.jpg\" \/>\n\t<meta property=\"og:image:width\" content=\"1000\" \/>\n\t<meta property=\"og:image:height\" content=\"1000\" \/>\n\t<meta property=\"og:image:type\" content=\"image\/jpeg\" \/>\n<meta name=\"twitter:card\" content=\"summary_large_image\" \/>\n<meta name=\"twitter:label1\" content=\"Precio\" \/>\n\t<meta name=\"twitter:data1\" content=\"4,38&nbsp;&euro;\" \/>\n\t<meta name=\"twitter:label2\" content=\"Disponibilidad\" \/>\n\t<meta name=\"twitter:data2\" content=\"Disponible\" \/>\n<script type=\"application\/ld+json\" class=\"yoast-schema-graph\">{\"@context\":\"https:\\\/\\\/schema.org\",\"@graph\":[{\"@type\":\"WebPage\",\"@id\":\"https:\\\/\\\/www.lifenatura.com\\\/es\\\/produto\\\/tofu-ahumado-redondo-bio-250-gr-daflori\\\/\",\"url\":\"https:\\\/\\\/www.lifenatura.com\\\/es\\\/produto\\\/tofu-ahumado-redondo-bio-250-gr-daflori\\\/\",\"name\":\"Tofu Ahumado Redondo Bio 250 gr - DaFlori - Na Lifenatura ao Melhor Pre\u00e7o | Envio em 48h\",\"isPartOf\":{\"@id\":\"https:\\\/\\\/www.lifenatura.com\\\/es\\\/#website\"},\"primaryImageOfPage\":{\"@id\":\"https:\\\/\\\/www.lifenatura.com\\\/es\\\/produto\\\/tofu-ahumado-redondo-bio-250-gr-daflori\\\/#primaryimage\"},\"image\":{\"@id\":\"https:\\\/\\\/www.lifenatura.com\\\/es\\\/produto\\\/tofu-ahumado-redondo-bio-250-gr-daflori\\\/#primaryimage\"},\"thumbnailUrl\":\"https:\\\/\\\/www.lifenatura.com\\\/wp-content\\\/uploads\\\/2021\\\/09\\\/gd_tofu-fumado-redondo.jpg\",\"datePublished\":\"2021-09-30T09:36:40+00:00\",\"dateModified\":\"2025-10-29T14:38:17+00:00\",\"description\":\"El Tofu fumado redondo es una sana alternativa al queso, con un alto contenido de prote\u00edna vegetal, para una alimentaci\u00f3n m\u00e1s equilibrada.\",\"breadcrumb\":{\"@id\":\"https:\\\/\\\/www.lifenatura.com\\\/es\\\/produto\\\/tofu-ahumado-redondo-bio-250-gr-daflori\\\/#breadcrumb\"},\"inLanguage\":\"es\",\"potentialAction\":[{\"@type\":\"ReadAction\",\"target\":[\"https:\\\/\\\/www.lifenatura.com\\\/es\\\/produto\\\/tofu-ahumado-redondo-bio-250-gr-daflori\\\/\"]}]},{\"@type\":\"ImageObject\",\"inLanguage\":\"es\",\"@id\":\"https:\\\/\\\/www.lifenatura.com\\\/es\\\/produto\\\/tofu-ahumado-redondo-bio-250-gr-daflori\\\/#primaryimage\",\"url\":\"https:\\\/\\\/www.lifenatura.com\\\/wp-content\\\/uploads\\\/2021\\\/09\\\/gd_tofu-fumado-redondo.jpg\",\"contentUrl\":\"https:\\\/\\\/www.lifenatura.com\\\/wp-content\\\/uploads\\\/2021\\\/09\\\/gd_tofu-fumado-redondo.jpg\",\"width\":1000,\"height\":1000,\"caption\":\"Tofu Ahumado Redondo Bio 250 gr - DaFlori\"},{\"@type\":\"BreadcrumbList\",\"@id\":\"https:\\\/\\\/www.lifenatura.com\\\/es\\\/produto\\\/tofu-ahumado-redondo-bio-250-gr-daflori\\\/#breadcrumb\",\"itemListElement\":[{\"@type\":\"ListItem\",\"position\":1,\"name\":\"In\u00edcio\",\"item\":\"https:\\\/\\\/www.lifenatura.com\\\/es\\\/\"},{\"@type\":\"ListItem\",\"position\":2,\"name\":\"Todos los Productos\",\"item\":\"https:\\\/\\\/www.lifenatura.com\\\/es\\\/tienda\\\/\"},{\"@type\":\"ListItem\",\"position\":3,\"name\":\"Tofu Ahumado Redondo Bio 250 gr &#8211; DaFlori\"}]},{\"@type\":\"WebSite\",\"@id\":\"https:\\\/\\\/www.lifenatura.com\\\/es\\\/#website\",\"url\":\"https:\\\/\\\/www.lifenatura.com\\\/es\\\/\",\"name\":\"Lifenatura\",\"description\":\"A Lifenatura \u00e9 uma loja de produtos naturais, cosm\u00e9tica natural e alimenta\u00e7\u00e3o Biol\u00f3gica.\",\"publisher\":{\"@id\":\"https:\\\/\\\/www.lifenatura.com\\\/es\\\/#organization\"},\"potentialAction\":[{\"@type\":\"SearchAction\",\"target\":{\"@type\":\"EntryPoint\",\"urlTemplate\":\"https:\\\/\\\/www.lifenatura.com\\\/es\\\/?s={search_term_string}\"},\"query-input\":{\"@type\":\"PropertyValueSpecification\",\"valueRequired\":true,\"valueName\":\"search_term_string\"}}],\"inLanguage\":\"es\"},{\"@type\":\"Organization\",\"@id\":\"https:\\\/\\\/www.lifenatura.com\\\/es\\\/#organization\",\"name\":\"Lifenatura\",\"url\":\"https:\\\/\\\/www.lifenatura.com\\\/es\\\/\",\"logo\":{\"@type\":\"ImageObject\",\"inLanguage\":\"es\",\"@id\":\"https:\\\/\\\/www.lifenatura.com\\\/es\\\/#\\\/schema\\\/logo\\\/image\\\/\",\"url\":\"https:\\\/\\\/www.lifenatura.com\\\/wp-content\\\/uploads\\\/2021\\\/07\\\/logo.png\",\"contentUrl\":\"https:\\\/\\\/www.lifenatura.com\\\/wp-content\\\/uploads\\\/2021\\\/07\\\/logo.png\",\"width\":175,\"height\":55,\"caption\":\"Lifenatura\"},\"image\":{\"@id\":\"https:\\\/\\\/www.lifenatura.com\\\/es\\\/#\\\/schema\\\/logo\\\/image\\\/\"},\"sameAs\":[\"https:\\\/\\\/www.facebook.com\\\/lifenatura\",\"https:\\\/\\\/www.instagram.com\\\/lifenaturapt\\\/\"],\"hasMerchantReturnPolicy\":{\"@type\":\"MerchantReturnPolicy\",\"merchantReturnLink\":\"https:\\\/\\\/www.lifenatura.com\\\/termos-condicoes-lifenatura\\\/\"}}]}<\/script>\n<meta property=\"product:price:amount\" content=\"4.38\" \/>\n<meta property=\"product:price:currency\" content=\"EUR\" \/>\n<meta property=\"og:availability\" content=\"instock\" \/>\n<meta property=\"product:availability\" content=\"instock\" \/>\n<meta property=\"product:retailer_item_id\" content=\"5600378778157\" \/>\n<meta property=\"product:condition\" content=\"new\" \/>\n<!-- \/ Yoast SEO Premium plugin. -->","yoast_head_json":{"title":"Tofu Ahumado Redondo Bio 250 gr - DaFlori - Na Lifenatura ao Melhor Pre\u00e7o | Envio em 48h","description":"El Tofu fumado redondo es una sana alternativa al queso, con un alto contenido de prote\u00edna vegetal, para una alimentaci\u00f3n m\u00e1s equilibrada.","robots":{"index":"index","follow":"follow","max-snippet":"max-snippet:-1","max-image-preview":"max-image-preview:large","max-video-preview":"max-video-preview:-1"},"canonical":"https:\/\/www.lifenatura.com\/es\/produto\/tofu-ahumado-redondo-bio-250-gr-daflori\/","og_locale":"es_ES","og_type":"article","og_title":"Tofu Ahumado Redondo Bio 250 gr - DaFlori - Na Lifenatura ao Melhor Pre\u00e7o | Envio 48h","og_description":"Compre Tofu Ahumado Redondo Bio 250 gr - DaFlori com envio r\u00e1pido. Entrega em 48h e portes gr\u00e1tis em compras >35\u20ac. Aproveite j\u00e1 na Lifenatura","og_url":"https:\/\/www.lifenatura.com\/es\/produto\/tofu-ahumado-redondo-bio-250-gr-daflori\/","og_site_name":"Lifenatura","article_publisher":"https:\/\/www.facebook.com\/lifenatura","article_modified_time":"2025-10-29T14:38:17+00:00","og_image":[{"width":1000,"height":1000,"url":"https:\/\/www.lifenatura.com\/wp-content\/uploads\/2021\/09\/gd_tofu-fumado-redondo.jpg","type":"image\/jpeg"}],"twitter_card":"summary_large_image","twitter_misc":{"Precio":"4,38&nbsp;&euro;","Disponibilidad":"Disponible"},"schema":{"@context":"https:\/\/schema.org","@graph":[{"@type":"WebPage","@id":"https:\/\/www.lifenatura.com\/es\/produto\/tofu-ahumado-redondo-bio-250-gr-daflori\/","url":"https:\/\/www.lifenatura.com\/es\/produto\/tofu-ahumado-redondo-bio-250-gr-daflori\/","name":"Tofu Ahumado Redondo Bio 250 gr - DaFlori - Na Lifenatura ao Melhor Pre\u00e7o | Envio em 48h","isPartOf":{"@id":"https:\/\/www.lifenatura.com\/es\/#website"},"primaryImageOfPage":{"@id":"https:\/\/www.lifenatura.com\/es\/produto\/tofu-ahumado-redondo-bio-250-gr-daflori\/#primaryimage"},"image":{"@id":"https:\/\/www.lifenatura.com\/es\/produto\/tofu-ahumado-redondo-bio-250-gr-daflori\/#primaryimage"},"thumbnailUrl":"https:\/\/www.lifenatura.com\/wp-content\/uploads\/2021\/09\/gd_tofu-fumado-redondo.jpg","datePublished":"2021-09-30T09:36:40+00:00","dateModified":"2025-10-29T14:38:17+00:00","description":"El Tofu fumado redondo es una sana alternativa al queso, con un alto contenido de prote\u00edna vegetal, para una alimentaci\u00f3n m\u00e1s equilibrada.","breadcrumb":{"@id":"https:\/\/www.lifenatura.com\/es\/produto\/tofu-ahumado-redondo-bio-250-gr-daflori\/#breadcrumb"},"inLanguage":"es","potentialAction":[{"@type":"ReadAction","target":["https:\/\/www.lifenatura.com\/es\/produto\/tofu-ahumado-redondo-bio-250-gr-daflori\/"]}]},{"@type":"ImageObject","inLanguage":"es","@id":"https:\/\/www.lifenatura.com\/es\/produto\/tofu-ahumado-redondo-bio-250-gr-daflori\/#primaryimage","url":"https:\/\/www.lifenatura.com\/wp-content\/uploads\/2021\/09\/gd_tofu-fumado-redondo.jpg","contentUrl":"https:\/\/www.lifenatura.com\/wp-content\/uploads\/2021\/09\/gd_tofu-fumado-redondo.jpg","width":1000,"height":1000,"caption":"Tofu Ahumado Redondo Bio 250 gr - DaFlori"},{"@type":"BreadcrumbList","@id":"https:\/\/www.lifenatura.com\/es\/produto\/tofu-ahumado-redondo-bio-250-gr-daflori\/#breadcrumb","itemListElement":[{"@type":"ListItem","position":1,"name":"In\u00edcio","item":"https:\/\/www.lifenatura.com\/es\/"},{"@type":"ListItem","position":2,"name":"Todos los Productos","item":"https:\/\/www.lifenatura.com\/es\/tienda\/"},{"@type":"ListItem","position":3,"name":"Tofu Ahumado Redondo Bio 250 gr &#8211; DaFlori"}]},{"@type":"WebSite","@id":"https:\/\/www.lifenatura.com\/es\/#website","url":"https:\/\/www.lifenatura.com\/es\/","name":"Lifenatura","description":"A Lifenatura \u00e9 uma loja de produtos naturais, cosm\u00e9tica natural e alimenta\u00e7\u00e3o Biol\u00f3gica.","publisher":{"@id":"https:\/\/www.lifenatura.com\/es\/#organization"},"potentialAction":[{"@type":"SearchAction","target":{"@type":"EntryPoint","urlTemplate":"https:\/\/www.lifenatura.com\/es\/?s={search_term_string}"},"query-input":{"@type":"PropertyValueSpecification","valueRequired":true,"valueName":"search_term_string"}}],"inLanguage":"es"},{"@type":"Organization","@id":"https:\/\/www.lifenatura.com\/es\/#organization","name":"Lifenatura","url":"https:\/\/www.lifenatura.com\/es\/","logo":{"@type":"ImageObject","inLanguage":"es","@id":"https:\/\/www.lifenatura.com\/es\/#\/schema\/logo\/image\/","url":"https:\/\/www.lifenatura.com\/wp-content\/uploads\/2021\/07\/logo.png","contentUrl":"https:\/\/www.lifenatura.com\/wp-content\/uploads\/2021\/07\/logo.png","width":175,"height":55,"caption":"Lifenatura"},"image":{"@id":"https:\/\/www.lifenatura.com\/es\/#\/schema\/logo\/image\/"},"sameAs":["https:\/\/www.facebook.com\/lifenatura","https:\/\/www.instagram.com\/lifenaturapt\/"],"hasMerchantReturnPolicy":{"@type":"MerchantReturnPolicy","merchantReturnLink":"https:\/\/www.lifenatura.com\/termos-condicoes-lifenatura\/"}}]},"product_price_amount":"4.38","product_price_currency":"EUR","og_availability":"instock","product_availability":"instock","product_retailer_item_id":"5600378778157","product_condition":"new"},"df_price":4.38,"df_sale_price":"","df_regular_price":4.38,"df_image_link":"https:\/\/www.lifenatura.com\/wp-content\/uploads\/2021\/09\/gd_tofu-fumado-redondo-300x300.jpg","_links":{"self":[{"href":"https:\/\/www.lifenatura.com\/es\/wp-json\/wp\/v2\/product\/36741","targetHints":{"allow":["GET"]}}],"collection":[{"href":"https:\/\/www.lifenatura.com\/es\/wp-json\/wp\/v2\/product"}],"about":[{"href":"https:\/\/www.lifenatura.com\/es\/wp-json\/wp\/v2\/types\/product"}],"wp:featuredmedia":[{"embeddable":true,"href":"https:\/\/www.lifenatura.com\/es\/wp-json\/wp\/v2\/media\/18349"}],"wp:attachment":[{"href":"https:\/\/www.lifenatura.com\/es\/wp-json\/wp\/v2\/media?parent=36741"}],"wp:term":[{"taxonomy":"product_brand","embeddable":true,"href":"https:\/\/www.lifenatura.com\/es\/wp-json\/wp\/v2\/product_brand?post=36741"},{"taxonomy":"product_cat","embeddable":true,"href":"https:\/\/www.lifenatura.com\/es\/wp-json\/wp\/v2\/product_cat?post=36741"},{"taxonomy":"product_tag","embeddable":true,"href":"https:\/\/www.lifenatura.com\/es\/wp-json\/wp\/v2\/product_tag?post=36741"}],"curies":[{"name":"wp","href":"https:\/\/api.w.org\/{rel}","templated":true}]}}