{"id":36732,"date":"2021-09-30T09:36:19","date_gmt":"2021-09-30T09:36:19","guid":{"rendered":"https:\/\/lifenatura.dev.agenciagetdigital.com\/produto\/cynasine-detox-capsulas-pack-3\/"},"modified":"2026-03-29T11:14:19","modified_gmt":"2026-03-29T11:14:19","slug":"cynasine-detox-capsulas-pack-3","status":"publish","type":"product","link":"https:\/\/www.lifenatura.com\/es\/produto\/cynasine-detox-capsulas-pack-3\/","title":{"rendered":"Cynasine Detox c\u00e1psulas Llevo 4 Pago 3"},"content":{"rendered":"<h2 style=\"text-align: left;\"><strong>Cynasine Detox Pack, r\u00e1pida eliminaci\u00f3n de toxinas<\/strong><\/h2>\n<p><strong>OFERTA Llevo 4 Pago 3<\/strong><\/p>\n<p>El pack de tabletas detox Cynasine de 3 unidades es un complemento natural a base de Alcachofa, Cardo Mariano y Brassicare, sustancia patentada que es un extracto de br\u00f3coli.<\/p>\n<p>Esta f\u00f3rmula tiene una acci\u00f3n desintoxicante. Las tabletas Cynasine Detox act\u00faan en ambas fases del metabolismo hep\u00e1tico, favoreciendo la eliminaci\u00f3n m\u00e1s r\u00e1pida de toxinas y radicales libres.<\/p>\n<p>Tambi\u00e9n tiene colina que contribuye al metabolismo normal de los l\u00edpidos y al mantenimiento de la funci\u00f3n hep\u00e1tica normal.<\/p>\n<p>Con una combinaci\u00f3n \u00fanica de ingredientes naturales como la alcachofa, el cardo mariano y el diente de le\u00f3n, este producto ayuda a proteger y regenerar el h\u00edgado, promoviendo una funci\u00f3n hep\u00e1tica sana y el bienestar general.<\/p>\n<p><strong>Principales beneficios:<\/strong><\/p>\n<p><strong>Desintoxicaci\u00f3n hep\u00e1tica:<\/strong> Ayuda a eliminar las toxinas acumuladas, favoreciendo la limpieza del organismo.<br \/>\n<strong>Apoyo digestivo<\/strong>: Mejora la digesti\u00f3n y el metabolismo de las grasas.<br \/>\n<strong>Protecci\u00f3n hep\u00e1tica:<\/strong> Ayuda a regenerar las c\u00e9lulas del h\u00edgado, protegi\u00e9ndolo contra las agresiones externas.<br \/>\n<strong>Bienestar general:<\/strong> Alivia la sensaci\u00f3n de cansancio y favorece una mayor energ\u00eda en el d\u00eda a d\u00eda.<\/p>\n<p><strong>Indicado para:<\/strong><\/p>\n<p>Personas que buscan una soluci\u00f3n natural para desintoxicar el organismo.<br \/>\nPersonas con h\u00e1bitos alimentarios desequilibrados o expuestas a sustancias t\u00f3xicas (como el alcohol y los medicamentos).<br \/>\nQuienes experimentan fatiga frecuente o molestias digestivas.<br \/>\nQuienes deseen proteger el h\u00edgado y mejorar su funci\u00f3n.<\/p>\n<p><strong>PRESENTACI\u00d3N<\/strong><\/p>\n<p>60 c\u00e1psulas x 4<\/p>\n<p class=\"p1\">Ahora puede consultar m\u00e1s <a href=\"https:\/\/www.lifenatura.com\/es\/categoria-produto\/salud\/packs-de-salud\/cynasine-packs-salud\/\"><span class=\"s1\">packs promocionales de la marca Cynasine aqu\u00ed &gt;<\/span><\/a><\/p>\n<p>&nbsp;<\/p>\n","protected":false},"excerpt":{"rendered":"<p>Cynasine Detox comprimidos ahora en oferta Llevo 4 Pago 3 apoya la desintoxicaci\u00f3n del organismo y protege el h\u00edgado, con Alcachofa y Cardo Mariano. [&#8230;]<\/p>\n<p><a class=\"btn btn-secondary understrap-read-more-link\" href=\"https:\/\/www.lifenatura.com\/es\/produto\/cynasine-detox-capsulas-pack-3\/\">Leer m\u00e1s&#8230;<span class=\"screen-reader-text\"> from Cynasine Detox c\u00e1psulas Llevo 4 Pago 3<\/span><\/a><\/p>\n","protected":false},"featured_media":105606,"template":"","meta":{"_acf_changed":false},"product_brand":[8512],"product_cat":[7145,7677,7269,7254,7659,7263,8048,7179],"product_tag":[],"class_list":{"0":"post-36732","1":"product","2":"type-product","3":"status-publish","4":"has-post-thumbnail","6":"product_brand-cynasine","7":"product_cat-alcachofa","8":"product_cat-cardo-mariano-bio","9":"product_cat-cynasine-packs-salud","10":"product_cat-higado-vesicula","11":"product_cat-ingrediente-natural-bio","12":"product_cat-packs-de-salud","13":"product_cat-paga-3-lleva-4","14":"product_cat-salud","15":"pa_dicas-cynasine-detox-ayuda-adelgazar","17":"first","18":"instock","19":"sale","20":"shipping-taxable","21":"purchasable","22":"product-type-woosb","23":"add-to-wishlist-before_image"},"acf":[],"yoast_head":"<!-- This site is optimized with the Yoast SEO Premium plugin v27.1 (Yoast SEO v27.5) - https:\/\/yoast.com\/product\/yoast-seo-premium-wordpress\/ -->\n<title>Cynasine Detox c\u00e1psulas Llevo 4 Pago 3 - Lifenatura<\/title>\n<meta name=\"description\" content=\"Cynasine Detox comprimidos ahora en oferta Llevo 4 Pago 3 apoya la desintoxicaci\u00f3n del organismo y protege el h\u00edgado, con Alcachofa y Cardo Mariano.\" \/>\n<meta name=\"robots\" content=\"index, follow, max-snippet:-1, max-image-preview:large, max-video-preview:-1\" \/>\n<link rel=\"canonical\" href=\"https:\/\/www.lifenatura.com\/es\/produto\/cynasine-detox-capsulas-pack-3\/\" \/>\n<meta property=\"og:locale\" content=\"es_ES\" \/>\n<meta property=\"og:type\" content=\"article\" \/>\n<meta property=\"og:title\" content=\"Cynasine Detox c\u00e1psulas Llevo 4 Pago 3 - Na Lifenatura ao Melhor Pre\u00e7o | Envio 48h\" \/>\n<meta property=\"og:description\" content=\"Compre Cynasine Detox c\u00e1psulas Llevo 4 Pago 3 com envio r\u00e1pido. Entrega em 48h e portes gr\u00e1tis em compras &gt;35\u20ac. Aproveite j\u00e1 na Lifenatura\" \/>\n<meta property=\"og:url\" content=\"https:\/\/www.lifenatura.com\/es\/produto\/cynasine-detox-capsulas-pack-3\/\" \/>\n<meta property=\"og:site_name\" content=\"Lifenatura\" \/>\n<meta property=\"article:publisher\" content=\"https:\/\/www.facebook.com\/lifenatura\" \/>\n<meta property=\"article:modified_time\" content=\"2026-03-29T11:14:19+00:00\" \/>\n<meta property=\"og:image\" content=\"https:\/\/www.lifenatura.com\/wp-content\/uploads\/2021\/09\/cynasine-detox-comp-l4p3.jpg\" \/>\n\t<meta property=\"og:image:width\" content=\"1000\" \/>\n\t<meta property=\"og:image:height\" content=\"1000\" \/>\n\t<meta property=\"og:image:type\" content=\"image\/jpeg\" \/>\n<meta name=\"twitter:card\" content=\"summary_large_image\" \/>\n<meta name=\"twitter:label1\" content=\"Precio\" \/>\n\t<meta name=\"twitter:data1\" content=\"61,08&nbsp;&euro;\" \/>\n\t<meta name=\"twitter:label2\" content=\"Disponibilidad\" \/>\n\t<meta name=\"twitter:data2\" content=\"Disponible\" \/>\n<script type=\"application\/ld+json\" class=\"yoast-schema-graph\">{\"@context\":\"https:\\\/\\\/schema.org\",\"@graph\":[{\"@type\":\"WebPage\",\"@id\":\"https:\\\/\\\/www.lifenatura.com\\\/es\\\/produto\\\/cynasine-detox-capsulas-pack-3\\\/\",\"url\":\"https:\\\/\\\/www.lifenatura.com\\\/es\\\/produto\\\/cynasine-detox-capsulas-pack-3\\\/\",\"name\":\"Cynasine Detox c\u00e1psulas Llevo 4 Pago 3 - Lifenatura\",\"isPartOf\":{\"@id\":\"https:\\\/\\\/www.lifenatura.com\\\/es\\\/#website\"},\"primaryImageOfPage\":{\"@id\":\"https:\\\/\\\/www.lifenatura.com\\\/es\\\/produto\\\/cynasine-detox-capsulas-pack-3\\\/#primaryimage\"},\"image\":{\"@id\":\"https:\\\/\\\/www.lifenatura.com\\\/es\\\/produto\\\/cynasine-detox-capsulas-pack-3\\\/#primaryimage\"},\"thumbnailUrl\":\"https:\\\/\\\/www.lifenatura.com\\\/wp-content\\\/uploads\\\/2021\\\/09\\\/cynasine-detox-comp-l4p3.jpg\",\"datePublished\":\"2021-09-30T09:36:19+00:00\",\"dateModified\":\"2026-03-29T11:14:19+00:00\",\"description\":\"Cynasine Detox comprimidos ahora en oferta Llevo 4 Pago 3 apoya la desintoxicaci\u00f3n del organismo y protege el h\u00edgado, con Alcachofa y Cardo Mariano.\",\"breadcrumb\":{\"@id\":\"https:\\\/\\\/www.lifenatura.com\\\/es\\\/produto\\\/cynasine-detox-capsulas-pack-3\\\/#breadcrumb\"},\"inLanguage\":\"es\",\"potentialAction\":[{\"@type\":\"ReadAction\",\"target\":[\"https:\\\/\\\/www.lifenatura.com\\\/es\\\/produto\\\/cynasine-detox-capsulas-pack-3\\\/\"]}]},{\"@type\":\"ImageObject\",\"inLanguage\":\"es\",\"@id\":\"https:\\\/\\\/www.lifenatura.com\\\/es\\\/produto\\\/cynasine-detox-capsulas-pack-3\\\/#primaryimage\",\"url\":\"https:\\\/\\\/www.lifenatura.com\\\/wp-content\\\/uploads\\\/2021\\\/09\\\/cynasine-detox-comp-l4p3.jpg\",\"contentUrl\":\"https:\\\/\\\/www.lifenatura.com\\\/wp-content\\\/uploads\\\/2021\\\/09\\\/cynasine-detox-comp-l4p3.jpg\",\"width\":1000,\"height\":1000,\"caption\":\"Cynasine detox em comprimidos pack Levo 4 pago 3\"},{\"@type\":\"BreadcrumbList\",\"@id\":\"https:\\\/\\\/www.lifenatura.com\\\/es\\\/produto\\\/cynasine-detox-capsulas-pack-3\\\/#breadcrumb\",\"itemListElement\":[{\"@type\":\"ListItem\",\"position\":1,\"name\":\"In\u00edcio\",\"item\":\"https:\\\/\\\/www.lifenatura.com\\\/es\\\/\"},{\"@type\":\"ListItem\",\"position\":2,\"name\":\"Todos los Productos\",\"item\":\"https:\\\/\\\/www.lifenatura.com\\\/es\\\/tienda\\\/\"},{\"@type\":\"ListItem\",\"position\":3,\"name\":\"Cynasine Detox c\u00e1psulas Llevo 4 Pago 3\"}]},{\"@type\":\"WebSite\",\"@id\":\"https:\\\/\\\/www.lifenatura.com\\\/es\\\/#website\",\"url\":\"https:\\\/\\\/www.lifenatura.com\\\/es\\\/\",\"name\":\"Lifenatura\",\"description\":\"A Lifenatura \u00e9 uma loja de produtos naturais, cosm\u00e9tica natural e alimenta\u00e7\u00e3o Biol\u00f3gica.\",\"publisher\":{\"@id\":\"https:\\\/\\\/www.lifenatura.com\\\/es\\\/#organization\"},\"potentialAction\":[{\"@type\":\"SearchAction\",\"target\":{\"@type\":\"EntryPoint\",\"urlTemplate\":\"https:\\\/\\\/www.lifenatura.com\\\/es\\\/?s={search_term_string}\"},\"query-input\":{\"@type\":\"PropertyValueSpecification\",\"valueRequired\":true,\"valueName\":\"search_term_string\"}}],\"inLanguage\":\"es\"},{\"@type\":\"Organization\",\"@id\":\"https:\\\/\\\/www.lifenatura.com\\\/es\\\/#organization\",\"name\":\"Lifenatura\",\"url\":\"https:\\\/\\\/www.lifenatura.com\\\/es\\\/\",\"logo\":{\"@type\":\"ImageObject\",\"inLanguage\":\"es\",\"@id\":\"https:\\\/\\\/www.lifenatura.com\\\/es\\\/#\\\/schema\\\/logo\\\/image\\\/\",\"url\":\"https:\\\/\\\/www.lifenatura.com\\\/wp-content\\\/uploads\\\/2021\\\/07\\\/logo.png\",\"contentUrl\":\"https:\\\/\\\/www.lifenatura.com\\\/wp-content\\\/uploads\\\/2021\\\/07\\\/logo.png\",\"width\":175,\"height\":55,\"caption\":\"Lifenatura\"},\"image\":{\"@id\":\"https:\\\/\\\/www.lifenatura.com\\\/es\\\/#\\\/schema\\\/logo\\\/image\\\/\"},\"sameAs\":[\"https:\\\/\\\/www.facebook.com\\\/lifenatura\",\"https:\\\/\\\/www.instagram.com\\\/lifenaturapt\\\/\"],\"hasMerchantReturnPolicy\":{\"@type\":\"MerchantReturnPolicy\",\"merchantReturnLink\":\"https:\\\/\\\/www.lifenatura.com\\\/termos-condicoes-lifenatura\\\/\"}}]}<\/script>\n<meta property=\"product:price:amount\" content=\"61.08\" \/>\n<meta property=\"product:price:currency\" content=\"EUR\" \/>\n<meta property=\"og:availability\" content=\"instock\" \/>\n<meta property=\"product:availability\" content=\"instock\" \/>\n<meta property=\"product:retailer_item_id\" content=\"56054811075977\" \/>\n<meta property=\"product:condition\" content=\"new\" \/>\n<!-- \/ Yoast SEO Premium plugin. -->","yoast_head_json":{"title":"Cynasine Detox c\u00e1psulas Llevo 4 Pago 3 - Lifenatura","description":"Cynasine Detox comprimidos ahora en oferta Llevo 4 Pago 3 apoya la desintoxicaci\u00f3n del organismo y protege el h\u00edgado, con Alcachofa y Cardo Mariano.","robots":{"index":"index","follow":"follow","max-snippet":"max-snippet:-1","max-image-preview":"max-image-preview:large","max-video-preview":"max-video-preview:-1"},"canonical":"https:\/\/www.lifenatura.com\/es\/produto\/cynasine-detox-capsulas-pack-3\/","og_locale":"es_ES","og_type":"article","og_title":"Cynasine Detox c\u00e1psulas Llevo 4 Pago 3 - Na Lifenatura ao Melhor Pre\u00e7o | Envio 48h","og_description":"Compre Cynasine Detox c\u00e1psulas Llevo 4 Pago 3 com envio r\u00e1pido. Entrega em 48h e portes gr\u00e1tis em compras >35\u20ac. Aproveite j\u00e1 na Lifenatura","og_url":"https:\/\/www.lifenatura.com\/es\/produto\/cynasine-detox-capsulas-pack-3\/","og_site_name":"Lifenatura","article_publisher":"https:\/\/www.facebook.com\/lifenatura","article_modified_time":"2026-03-29T11:14:19+00:00","og_image":[{"width":1000,"height":1000,"url":"https:\/\/www.lifenatura.com\/wp-content\/uploads\/2021\/09\/cynasine-detox-comp-l4p3.jpg","type":"image\/jpeg"}],"twitter_card":"summary_large_image","twitter_misc":{"Precio":"61,08&nbsp;&euro;","Disponibilidad":"Disponible"},"schema":{"@context":"https:\/\/schema.org","@graph":[{"@type":"WebPage","@id":"https:\/\/www.lifenatura.com\/es\/produto\/cynasine-detox-capsulas-pack-3\/","url":"https:\/\/www.lifenatura.com\/es\/produto\/cynasine-detox-capsulas-pack-3\/","name":"Cynasine Detox c\u00e1psulas Llevo 4 Pago 3 - Lifenatura","isPartOf":{"@id":"https:\/\/www.lifenatura.com\/es\/#website"},"primaryImageOfPage":{"@id":"https:\/\/www.lifenatura.com\/es\/produto\/cynasine-detox-capsulas-pack-3\/#primaryimage"},"image":{"@id":"https:\/\/www.lifenatura.com\/es\/produto\/cynasine-detox-capsulas-pack-3\/#primaryimage"},"thumbnailUrl":"https:\/\/www.lifenatura.com\/wp-content\/uploads\/2021\/09\/cynasine-detox-comp-l4p3.jpg","datePublished":"2021-09-30T09:36:19+00:00","dateModified":"2026-03-29T11:14:19+00:00","description":"Cynasine Detox comprimidos ahora en oferta Llevo 4 Pago 3 apoya la desintoxicaci\u00f3n del organismo y protege el h\u00edgado, con Alcachofa y Cardo Mariano.","breadcrumb":{"@id":"https:\/\/www.lifenatura.com\/es\/produto\/cynasine-detox-capsulas-pack-3\/#breadcrumb"},"inLanguage":"es","potentialAction":[{"@type":"ReadAction","target":["https:\/\/www.lifenatura.com\/es\/produto\/cynasine-detox-capsulas-pack-3\/"]}]},{"@type":"ImageObject","inLanguage":"es","@id":"https:\/\/www.lifenatura.com\/es\/produto\/cynasine-detox-capsulas-pack-3\/#primaryimage","url":"https:\/\/www.lifenatura.com\/wp-content\/uploads\/2021\/09\/cynasine-detox-comp-l4p3.jpg","contentUrl":"https:\/\/www.lifenatura.com\/wp-content\/uploads\/2021\/09\/cynasine-detox-comp-l4p3.jpg","width":1000,"height":1000,"caption":"Cynasine detox em comprimidos pack Levo 4 pago 3"},{"@type":"BreadcrumbList","@id":"https:\/\/www.lifenatura.com\/es\/produto\/cynasine-detox-capsulas-pack-3\/#breadcrumb","itemListElement":[{"@type":"ListItem","position":1,"name":"In\u00edcio","item":"https:\/\/www.lifenatura.com\/es\/"},{"@type":"ListItem","position":2,"name":"Todos los Productos","item":"https:\/\/www.lifenatura.com\/es\/tienda\/"},{"@type":"ListItem","position":3,"name":"Cynasine Detox c\u00e1psulas Llevo 4 Pago 3"}]},{"@type":"WebSite","@id":"https:\/\/www.lifenatura.com\/es\/#website","url":"https:\/\/www.lifenatura.com\/es\/","name":"Lifenatura","description":"A Lifenatura \u00e9 uma loja de produtos naturais, cosm\u00e9tica natural e alimenta\u00e7\u00e3o Biol\u00f3gica.","publisher":{"@id":"https:\/\/www.lifenatura.com\/es\/#organization"},"potentialAction":[{"@type":"SearchAction","target":{"@type":"EntryPoint","urlTemplate":"https:\/\/www.lifenatura.com\/es\/?s={search_term_string}"},"query-input":{"@type":"PropertyValueSpecification","valueRequired":true,"valueName":"search_term_string"}}],"inLanguage":"es"},{"@type":"Organization","@id":"https:\/\/www.lifenatura.com\/es\/#organization","name":"Lifenatura","url":"https:\/\/www.lifenatura.com\/es\/","logo":{"@type":"ImageObject","inLanguage":"es","@id":"https:\/\/www.lifenatura.com\/es\/#\/schema\/logo\/image\/","url":"https:\/\/www.lifenatura.com\/wp-content\/uploads\/2021\/07\/logo.png","contentUrl":"https:\/\/www.lifenatura.com\/wp-content\/uploads\/2021\/07\/logo.png","width":175,"height":55,"caption":"Lifenatura"},"image":{"@id":"https:\/\/www.lifenatura.com\/es\/#\/schema\/logo\/image\/"},"sameAs":["https:\/\/www.facebook.com\/lifenatura","https:\/\/www.instagram.com\/lifenaturapt\/"],"hasMerchantReturnPolicy":{"@type":"MerchantReturnPolicy","merchantReturnLink":"https:\/\/www.lifenatura.com\/termos-condicoes-lifenatura\/"}}]},"product_price_amount":"61.08","product_price_currency":"EUR","og_availability":"instock","product_availability":"instock","product_retailer_item_id":"56054811075977","product_condition":"new"},"df_price":61.08,"df_sale_price":61.08,"df_regular_price":108.56,"df_image_link":"https:\/\/www.lifenatura.com\/wp-content\/uploads\/2021\/09\/cynasine-detox-comp-l4p3-300x300.jpg","_links":{"self":[{"href":"https:\/\/www.lifenatura.com\/es\/wp-json\/wp\/v2\/product\/36732","targetHints":{"allow":["GET"]}}],"collection":[{"href":"https:\/\/www.lifenatura.com\/es\/wp-json\/wp\/v2\/product"}],"about":[{"href":"https:\/\/www.lifenatura.com\/es\/wp-json\/wp\/v2\/types\/product"}],"wp:featuredmedia":[{"embeddable":true,"href":"https:\/\/www.lifenatura.com\/es\/wp-json\/wp\/v2\/media\/105606"}],"wp:attachment":[{"href":"https:\/\/www.lifenatura.com\/es\/wp-json\/wp\/v2\/media?parent=36732"}],"wp:term":[{"taxonomy":"product_brand","embeddable":true,"href":"https:\/\/www.lifenatura.com\/es\/wp-json\/wp\/v2\/product_brand?post=36732"},{"taxonomy":"product_cat","embeddable":true,"href":"https:\/\/www.lifenatura.com\/es\/wp-json\/wp\/v2\/product_cat?post=36732"},{"taxonomy":"product_tag","embeddable":true,"href":"https:\/\/www.lifenatura.com\/es\/wp-json\/wp\/v2\/product_tag?post=36732"}],"curies":[{"name":"wp","href":"https:\/\/api.w.org\/{rel}","templated":true}]}}