{"id":36725,"date":"2021-09-30T09:36:19","date_gmt":"2021-09-30T09:36:19","guid":{"rendered":"https:\/\/lifenatura.dev.agenciagetdigital.com\/produto\/cynasine-detox-500-ml-dietmed\/"},"modified":"2025-07-31T00:06:31","modified_gmt":"2025-07-31T00:06:31","slug":"cynasine-detox-500-ml-dietmed","status":"publish","type":"product","link":"https:\/\/www.lifenatura.com\/es\/produto\/cynasine-detox-500-ml-dietmed\/","title":{"rendered":"Cynasine Detox 500 ml"},"content":{"rendered":"<h2 style=\"text-align: left;\"><strong>Cynasine Detox Soluci\u00f3n Oral &#8211; Desintoxicaci\u00f3n natural para el bienestar del h\u00edgado<\/strong><\/h2>\n<p>&nbsp;<\/p>\n<p>Cynasine Detox Soluci\u00f3n Oral es un complemento alimenticio ideal para apoyar el proceso de desintoxicaci\u00f3n del organismo, con una f\u00f3rmula natural y eficaz que combina los beneficios de la alcachofa, el cardo mariano, el r\u00e1bano picante y el diente de le\u00f3n. Desarrollado para favorecer la salud del h\u00edgado y la eliminaci\u00f3n de toxinas, este producto destaca por su acci\u00f3n depurativa y protectora.<\/p>\n<p>La soluci\u00f3n oral es f\u00e1cil de usar y el organismo la absorbe r\u00e1pidamente, ayudando a regenerar las c\u00e9lulas hep\u00e1ticas y a mejorar el funcionamiento del aparato digestivo. Tambi\u00e9n ayuda a aliviar molestias como la hinchaz\u00f3n abdominal y las digestiones dif\u00edciles, al tiempo que favorece la eliminaci\u00f3n de l\u00edquidos y toxinas acumuladas.<\/p>\n<p>Cynasine Detox Soluci\u00f3n Oral es ideal para quienes desean restablecer el equilibrio interno tras periodos de alimentaci\u00f3n poco saludable, consumo excesivo de alcohol o exposici\u00f3n a toxinas. Un poderoso aliado para cualquiera que busque revitalizar su organismo y mejorar su sensaci\u00f3n de bienestar.<\/p>\n<p><strong>Principales beneficios:<\/strong><\/p>\n<ul>\n<li><strong>Acci\u00f3n desintoxicante:<\/strong> Eliminaci\u00f3n eficaz de las toxinas del h\u00edgado y los ri\u00f1ones.<\/li>\n<li><strong>Salud hep\u00e1tica:<\/strong> Regenera y protege las c\u00e9lulas del h\u00edgado.<\/li>\n<li><strong>Mejora digestiva:<\/strong> Alivio de la hinchaz\u00f3n y de las digestiones dif\u00edciles.<\/li>\n<li><strong>Practicidad:<\/strong> Soluci\u00f3n oral de f\u00e1cil administraci\u00f3n y r\u00e1pida absorci\u00f3n.<\/li>\n<\/ul>\n<p><strong>Indicado para:<\/strong><\/p>\n<p>Personas que desean desintoxicar el organismo, apoyar la funci\u00f3n hep\u00e1tica y mejorar la digesti\u00f3n, especialmente despu\u00e9s de haber comido en exceso o de periodos de mayor estr\u00e9s en el organismo.<\/p>\n<p><strong>PRESENTACI\u00d3N<\/strong><\/p>\n<p>500 ml<\/p>\n<p>&nbsp;<\/p>\n","protected":false},"excerpt":{"rendered":"<p>Cynasine Detox Soluci\u00f3n Oral desintoxicaci\u00f3n eficaz con alcachofa y cardo mariano para el cuidado hep\u00e1tico y digestivo para un organismo equilibrado. [&#8230;]<\/p>\n<p><a class=\"btn btn-secondary understrap-read-more-link\" href=\"https:\/\/www.lifenatura.com\/es\/produto\/cynasine-detox-500-ml-dietmed\/\">Leer m\u00e1s&#8230;<span class=\"screen-reader-text\"> from Cynasine Detox 500 ml<\/span><\/a><\/p>\n","protected":false},"featured_media":105600,"template":"","meta":{"_acf_changed":false},"product_brand":[8512],"product_cat":[7145,7677,7254,7659,7179],"product_tag":[],"class_list":{"0":"post-36725","1":"product","2":"type-product","3":"status-publish","4":"has-post-thumbnail","6":"product_brand-cynasine","7":"product_cat-alcachofa","8":"product_cat-cardo-mariano-bio","9":"product_cat-higado-vesicula","10":"product_cat-ingrediente-natural-bio","11":"product_cat-salud","12":"pa_dicas-cynasine-detox-ayuda-adelgazar","14":"first","15":"instock","16":"sale","17":"shipping-taxable","18":"purchasable","19":"product-type-simple","20":"add-to-wishlist-before_image"},"acf":[],"yoast_head":"<!-- This site is optimized with the Yoast SEO Premium plugin v27.1 (Yoast SEO v27.5) - https:\/\/yoast.com\/product\/yoast-seo-premium-wordpress\/ -->\n<title>Cynasine Detox Soluci\u00f3n Oral - Lifenatura<\/title>\n<meta name=\"description\" content=\"Cynasine Detox Soluci\u00f3n Oral desintoxicaci\u00f3n eficaz con alcachofa y cardo mariano para el cuidado hep\u00e1tico y digestivo para un organismo equilibrado.\" \/>\n<meta name=\"robots\" content=\"index, follow, max-snippet:-1, max-image-preview:large, max-video-preview:-1\" \/>\n<link rel=\"canonical\" href=\"https:\/\/www.lifenatura.com\/es\/produto\/cynasine-detox-500-ml-dietmed\/\" \/>\n<meta property=\"og:locale\" content=\"es_ES\" \/>\n<meta property=\"og:type\" content=\"article\" \/>\n<meta property=\"og:title\" content=\"Cynasine Detox 500 ml - Na Lifenatura ao Melhor Pre\u00e7o | Envio 48h\" \/>\n<meta property=\"og:description\" content=\"Compre Cynasine Detox 500 ml com envio r\u00e1pido. Entrega em 48h e portes gr\u00e1tis em compras &gt;35\u20ac. Aproveite j\u00e1 na Lifenatura\" \/>\n<meta property=\"og:url\" content=\"https:\/\/www.lifenatura.com\/es\/produto\/cynasine-detox-500-ml-dietmed\/\" \/>\n<meta property=\"og:site_name\" content=\"Lifenatura\" \/>\n<meta property=\"article:publisher\" content=\"https:\/\/www.facebook.com\/lifenatura\" \/>\n<meta property=\"article:modified_time\" content=\"2025-07-31T00:06:31+00:00\" \/>\n<meta property=\"og:image\" content=\"https:\/\/www.lifenatura.com\/wp-content\/uploads\/2021\/09\/cynasine-detox-500ml.jpg\" \/>\n\t<meta property=\"og:image:width\" content=\"1000\" \/>\n\t<meta property=\"og:image:height\" content=\"1000\" \/>\n\t<meta property=\"og:image:type\" content=\"image\/jpeg\" \/>\n<meta name=\"twitter:card\" content=\"summary_large_image\" \/>\n<meta name=\"twitter:label1\" content=\"Precio\" \/>\n\t<meta name=\"twitter:data1\" content=\"27,80&nbsp;&euro;\" \/>\n\t<meta name=\"twitter:label2\" content=\"Disponibilidad\" \/>\n\t<meta name=\"twitter:data2\" content=\"Disponible\" \/>\n<script type=\"application\/ld+json\" class=\"yoast-schema-graph\">{\"@context\":\"https:\\\/\\\/schema.org\",\"@graph\":[{\"@type\":\"WebPage\",\"@id\":\"https:\\\/\\\/www.lifenatura.com\\\/es\\\/produto\\\/cynasine-detox-500-ml-dietmed\\\/\",\"url\":\"https:\\\/\\\/www.lifenatura.com\\\/es\\\/produto\\\/cynasine-detox-500-ml-dietmed\\\/\",\"name\":\"Cynasine Detox Soluci\u00f3n Oral - Lifenatura\",\"isPartOf\":{\"@id\":\"https:\\\/\\\/www.lifenatura.com\\\/es\\\/#website\"},\"primaryImageOfPage\":{\"@id\":\"https:\\\/\\\/www.lifenatura.com\\\/es\\\/produto\\\/cynasine-detox-500-ml-dietmed\\\/#primaryimage\"},\"image\":{\"@id\":\"https:\\\/\\\/www.lifenatura.com\\\/es\\\/produto\\\/cynasine-detox-500-ml-dietmed\\\/#primaryimage\"},\"thumbnailUrl\":\"https:\\\/\\\/www.lifenatura.com\\\/wp-content\\\/uploads\\\/2021\\\/09\\\/cynasine-detox-500ml.jpg\",\"datePublished\":\"2021-09-30T09:36:19+00:00\",\"dateModified\":\"2025-07-31T00:06:31+00:00\",\"description\":\"Cynasine Detox Soluci\u00f3n Oral desintoxicaci\u00f3n eficaz con alcachofa y cardo mariano para el cuidado hep\u00e1tico y digestivo para un organismo equilibrado.\",\"breadcrumb\":{\"@id\":\"https:\\\/\\\/www.lifenatura.com\\\/es\\\/produto\\\/cynasine-detox-500-ml-dietmed\\\/#breadcrumb\"},\"inLanguage\":\"es\",\"potentialAction\":[{\"@type\":\"ReadAction\",\"target\":[\"https:\\\/\\\/www.lifenatura.com\\\/es\\\/produto\\\/cynasine-detox-500-ml-dietmed\\\/\"]}]},{\"@type\":\"ImageObject\",\"inLanguage\":\"es\",\"@id\":\"https:\\\/\\\/www.lifenatura.com\\\/es\\\/produto\\\/cynasine-detox-500-ml-dietmed\\\/#primaryimage\",\"url\":\"https:\\\/\\\/www.lifenatura.com\\\/wp-content\\\/uploads\\\/2021\\\/09\\\/cynasine-detox-500ml.jpg\",\"contentUrl\":\"https:\\\/\\\/www.lifenatura.com\\\/wp-content\\\/uploads\\\/2021\\\/09\\\/cynasine-detox-500ml.jpg\",\"width\":1000,\"height\":1000,\"caption\":\"Cynasine detox solu\u00e7\u00e3o oral\"},{\"@type\":\"BreadcrumbList\",\"@id\":\"https:\\\/\\\/www.lifenatura.com\\\/es\\\/produto\\\/cynasine-detox-500-ml-dietmed\\\/#breadcrumb\",\"itemListElement\":[{\"@type\":\"ListItem\",\"position\":1,\"name\":\"In\u00edcio\",\"item\":\"https:\\\/\\\/www.lifenatura.com\\\/es\\\/\"},{\"@type\":\"ListItem\",\"position\":2,\"name\":\"Todos los Productos\",\"item\":\"https:\\\/\\\/www.lifenatura.com\\\/es\\\/tienda\\\/\"},{\"@type\":\"ListItem\",\"position\":3,\"name\":\"Cynasine Detox 500 ml\"}]},{\"@type\":\"WebSite\",\"@id\":\"https:\\\/\\\/www.lifenatura.com\\\/es\\\/#website\",\"url\":\"https:\\\/\\\/www.lifenatura.com\\\/es\\\/\",\"name\":\"Lifenatura\",\"description\":\"A Lifenatura \u00e9 uma loja de produtos naturais, cosm\u00e9tica natural e alimenta\u00e7\u00e3o Biol\u00f3gica.\",\"publisher\":{\"@id\":\"https:\\\/\\\/www.lifenatura.com\\\/es\\\/#organization\"},\"potentialAction\":[{\"@type\":\"SearchAction\",\"target\":{\"@type\":\"EntryPoint\",\"urlTemplate\":\"https:\\\/\\\/www.lifenatura.com\\\/es\\\/?s={search_term_string}\"},\"query-input\":{\"@type\":\"PropertyValueSpecification\",\"valueRequired\":true,\"valueName\":\"search_term_string\"}}],\"inLanguage\":\"es\"},{\"@type\":\"Organization\",\"@id\":\"https:\\\/\\\/www.lifenatura.com\\\/es\\\/#organization\",\"name\":\"Lifenatura\",\"url\":\"https:\\\/\\\/www.lifenatura.com\\\/es\\\/\",\"logo\":{\"@type\":\"ImageObject\",\"inLanguage\":\"es\",\"@id\":\"https:\\\/\\\/www.lifenatura.com\\\/es\\\/#\\\/schema\\\/logo\\\/image\\\/\",\"url\":\"https:\\\/\\\/www.lifenatura.com\\\/wp-content\\\/uploads\\\/2021\\\/07\\\/logo.png\",\"contentUrl\":\"https:\\\/\\\/www.lifenatura.com\\\/wp-content\\\/uploads\\\/2021\\\/07\\\/logo.png\",\"width\":175,\"height\":55,\"caption\":\"Lifenatura\"},\"image\":{\"@id\":\"https:\\\/\\\/www.lifenatura.com\\\/es\\\/#\\\/schema\\\/logo\\\/image\\\/\"},\"sameAs\":[\"https:\\\/\\\/www.facebook.com\\\/lifenatura\",\"https:\\\/\\\/www.instagram.com\\\/lifenaturapt\\\/\"],\"hasMerchantReturnPolicy\":{\"@type\":\"MerchantReturnPolicy\",\"merchantReturnLink\":\"https:\\\/\\\/www.lifenatura.com\\\/termos-condicoes-lifenatura\\\/\"}}]}<\/script>\n<meta property=\"product:price:amount\" content=\"27.80\" \/>\n<meta property=\"product:price:currency\" content=\"EUR\" \/>\n<meta property=\"og:availability\" content=\"instock\" \/>\n<meta property=\"product:availability\" content=\"instock\" \/>\n<meta property=\"product:retailer_item_id\" content=\"5605481102226\" \/>\n<meta property=\"product:condition\" content=\"new\" \/>\n<!-- \/ Yoast SEO Premium plugin. -->","yoast_head_json":{"title":"Cynasine Detox Soluci\u00f3n Oral - Lifenatura","description":"Cynasine Detox Soluci\u00f3n Oral desintoxicaci\u00f3n eficaz con alcachofa y cardo mariano para el cuidado hep\u00e1tico y digestivo para un organismo equilibrado.","robots":{"index":"index","follow":"follow","max-snippet":"max-snippet:-1","max-image-preview":"max-image-preview:large","max-video-preview":"max-video-preview:-1"},"canonical":"https:\/\/www.lifenatura.com\/es\/produto\/cynasine-detox-500-ml-dietmed\/","og_locale":"es_ES","og_type":"article","og_title":"Cynasine Detox 500 ml - Na Lifenatura ao Melhor Pre\u00e7o | Envio 48h","og_description":"Compre Cynasine Detox 500 ml com envio r\u00e1pido. Entrega em 48h e portes gr\u00e1tis em compras >35\u20ac. Aproveite j\u00e1 na Lifenatura","og_url":"https:\/\/www.lifenatura.com\/es\/produto\/cynasine-detox-500-ml-dietmed\/","og_site_name":"Lifenatura","article_publisher":"https:\/\/www.facebook.com\/lifenatura","article_modified_time":"2025-07-31T00:06:31+00:00","og_image":[{"width":1000,"height":1000,"url":"https:\/\/www.lifenatura.com\/wp-content\/uploads\/2021\/09\/cynasine-detox-500ml.jpg","type":"image\/jpeg"}],"twitter_card":"summary_large_image","twitter_misc":{"Precio":"27,80&nbsp;&euro;","Disponibilidad":"Disponible"},"schema":{"@context":"https:\/\/schema.org","@graph":[{"@type":"WebPage","@id":"https:\/\/www.lifenatura.com\/es\/produto\/cynasine-detox-500-ml-dietmed\/","url":"https:\/\/www.lifenatura.com\/es\/produto\/cynasine-detox-500-ml-dietmed\/","name":"Cynasine Detox Soluci\u00f3n Oral - Lifenatura","isPartOf":{"@id":"https:\/\/www.lifenatura.com\/es\/#website"},"primaryImageOfPage":{"@id":"https:\/\/www.lifenatura.com\/es\/produto\/cynasine-detox-500-ml-dietmed\/#primaryimage"},"image":{"@id":"https:\/\/www.lifenatura.com\/es\/produto\/cynasine-detox-500-ml-dietmed\/#primaryimage"},"thumbnailUrl":"https:\/\/www.lifenatura.com\/wp-content\/uploads\/2021\/09\/cynasine-detox-500ml.jpg","datePublished":"2021-09-30T09:36:19+00:00","dateModified":"2025-07-31T00:06:31+00:00","description":"Cynasine Detox Soluci\u00f3n Oral desintoxicaci\u00f3n eficaz con alcachofa y cardo mariano para el cuidado hep\u00e1tico y digestivo para un organismo equilibrado.","breadcrumb":{"@id":"https:\/\/www.lifenatura.com\/es\/produto\/cynasine-detox-500-ml-dietmed\/#breadcrumb"},"inLanguage":"es","potentialAction":[{"@type":"ReadAction","target":["https:\/\/www.lifenatura.com\/es\/produto\/cynasine-detox-500-ml-dietmed\/"]}]},{"@type":"ImageObject","inLanguage":"es","@id":"https:\/\/www.lifenatura.com\/es\/produto\/cynasine-detox-500-ml-dietmed\/#primaryimage","url":"https:\/\/www.lifenatura.com\/wp-content\/uploads\/2021\/09\/cynasine-detox-500ml.jpg","contentUrl":"https:\/\/www.lifenatura.com\/wp-content\/uploads\/2021\/09\/cynasine-detox-500ml.jpg","width":1000,"height":1000,"caption":"Cynasine detox solu\u00e7\u00e3o oral"},{"@type":"BreadcrumbList","@id":"https:\/\/www.lifenatura.com\/es\/produto\/cynasine-detox-500-ml-dietmed\/#breadcrumb","itemListElement":[{"@type":"ListItem","position":1,"name":"In\u00edcio","item":"https:\/\/www.lifenatura.com\/es\/"},{"@type":"ListItem","position":2,"name":"Todos los Productos","item":"https:\/\/www.lifenatura.com\/es\/tienda\/"},{"@type":"ListItem","position":3,"name":"Cynasine Detox 500 ml"}]},{"@type":"WebSite","@id":"https:\/\/www.lifenatura.com\/es\/#website","url":"https:\/\/www.lifenatura.com\/es\/","name":"Lifenatura","description":"A Lifenatura \u00e9 uma loja de produtos naturais, cosm\u00e9tica natural e alimenta\u00e7\u00e3o Biol\u00f3gica.","publisher":{"@id":"https:\/\/www.lifenatura.com\/es\/#organization"},"potentialAction":[{"@type":"SearchAction","target":{"@type":"EntryPoint","urlTemplate":"https:\/\/www.lifenatura.com\/es\/?s={search_term_string}"},"query-input":{"@type":"PropertyValueSpecification","valueRequired":true,"valueName":"search_term_string"}}],"inLanguage":"es"},{"@type":"Organization","@id":"https:\/\/www.lifenatura.com\/es\/#organization","name":"Lifenatura","url":"https:\/\/www.lifenatura.com\/es\/","logo":{"@type":"ImageObject","inLanguage":"es","@id":"https:\/\/www.lifenatura.com\/es\/#\/schema\/logo\/image\/","url":"https:\/\/www.lifenatura.com\/wp-content\/uploads\/2021\/07\/logo.png","contentUrl":"https:\/\/www.lifenatura.com\/wp-content\/uploads\/2021\/07\/logo.png","width":175,"height":55,"caption":"Lifenatura"},"image":{"@id":"https:\/\/www.lifenatura.com\/es\/#\/schema\/logo\/image\/"},"sameAs":["https:\/\/www.facebook.com\/lifenatura","https:\/\/www.instagram.com\/lifenaturapt\/"],"hasMerchantReturnPolicy":{"@type":"MerchantReturnPolicy","merchantReturnLink":"https:\/\/www.lifenatura.com\/termos-condicoes-lifenatura\/"}}]},"product_price_amount":"27.80","product_price_currency":"EUR","og_availability":"instock","product_availability":"instock","product_retailer_item_id":"5605481102226","product_condition":"new"},"df_price":27.8,"df_sale_price":27.8,"df_regular_price":34.75,"df_image_link":"https:\/\/www.lifenatura.com\/wp-content\/uploads\/2021\/09\/cynasine-detox-500ml-300x300.jpg","_links":{"self":[{"href":"https:\/\/www.lifenatura.com\/es\/wp-json\/wp\/v2\/product\/36725","targetHints":{"allow":["GET"]}}],"collection":[{"href":"https:\/\/www.lifenatura.com\/es\/wp-json\/wp\/v2\/product"}],"about":[{"href":"https:\/\/www.lifenatura.com\/es\/wp-json\/wp\/v2\/types\/product"}],"wp:featuredmedia":[{"embeddable":true,"href":"https:\/\/www.lifenatura.com\/es\/wp-json\/wp\/v2\/media\/105600"}],"wp:attachment":[{"href":"https:\/\/www.lifenatura.com\/es\/wp-json\/wp\/v2\/media?parent=36725"}],"wp:term":[{"taxonomy":"product_brand","embeddable":true,"href":"https:\/\/www.lifenatura.com\/es\/wp-json\/wp\/v2\/product_brand?post=36725"},{"taxonomy":"product_cat","embeddable":true,"href":"https:\/\/www.lifenatura.com\/es\/wp-json\/wp\/v2\/product_cat?post=36725"},{"taxonomy":"product_tag","embeddable":true,"href":"https:\/\/www.lifenatura.com\/es\/wp-json\/wp\/v2\/product_tag?post=36725"}],"curies":[{"name":"wp","href":"https:\/\/api.w.org\/{rel}","templated":true}]}}