{"id":36723,"date":"2021-09-30T09:36:19","date_gmt":"2021-09-30T09:36:19","guid":{"rendered":"https:\/\/lifenatura.dev.agenciagetdigital.com\/produto\/cynasine-gotas-50-ml-dietmed\/"},"modified":"2025-07-31T00:06:30","modified_gmt":"2025-07-31T00:06:30","slug":"cynasine-gotas-50-ml-dietmed","status":"publish","type":"product","link":"https:\/\/www.lifenatura.com\/es\/produto\/cynasine-gotas-50-ml-dietmed\/","title":{"rendered":"Cynasine Gotas 50 ml"},"content":{"rendered":"<h2 style=\"text-align: left;\"><strong>Cynasine en gotas acci\u00f3n desintoxicante del h\u00edgado<\/strong><\/h2>\n<p>&nbsp;<\/p>\n<p>La cinasina en gotas tiene una acci\u00f3n colagoga que favorece la digesti\u00f3n, especialmente despu\u00e9s de un periodo de excesos alimentarios como Navidad y Fin de A\u00f1o. La cinasina en gotas pertenece a una gama de productos con acci\u00f3n desintoxicante que benefician la digesti\u00f3n favoreciendo la secreci\u00f3n biliar.<\/p>\n<p>Para una funci\u00f3n g\u00e1strica normal, favorece la eliminaci\u00f3n de los gases y ejerce una acci\u00f3n protectora y regeneradora del h\u00edgado. La colina, uno de los componentes de este complemento, contribuye al metabolismo normal de los l\u00edpidos y al mantenimiento de la funci\u00f3n hep\u00e1tica normal.<\/p>\n<p>Su f\u00f3rmula l\u00edquida combina ingredientes naturales de alta calidad como la alcachofa, el cardo mariano, el diente de le\u00f3n y la c\u00farcuma, conocidos por sus propiedades desintoxicantes y regeneradoras. Ideal para quienes buscan una soluci\u00f3n pr\u00e1ctica y eficaz para promover la salud del h\u00edgado y el bienestar general.<\/p>\n<p><strong>Principales beneficios:<\/strong><\/p>\n<p><strong>Desintoxicaci\u00f3n completa:<\/strong> Ayuda a eliminar las toxinas acumuladas, promoviendo una limpieza eficaz del organismo.<br \/>\n<strong>Apoyo hep\u00e1tico<\/strong>: Ayuda a regenerar las c\u00e9lulas hep\u00e1ticas y mejora la funci\u00f3n del h\u00edgado.<br \/>\n<strong>Mejora la digesti\u00f3n:<\/strong> Facilita la digesti\u00f3n y el metabolismo de las grasas, aliviando las molestias digestivas.<br \/>\n<strong>Practicidad:<\/strong> La presentaci\u00f3n en gotas permite un uso f\u00e1cil y personalizado a sus necesidades diarias.<\/p>\n<p><strong>Indicado para:<\/strong><\/p>\n<p>Personas que necesitan desintoxicar el organismo debido a malos h\u00e1bitos alimenticios o exposici\u00f3n a toxinas.<br \/>\nQuienes sufren de cansancio frecuente y desean mejorar sus niveles de energ\u00eda.<br \/>\nPersonas que desean proteger el h\u00edgado y mejorar la digesti\u00f3n.<br \/>\nIdeal para quienes prefieren los suplementos l\u00edquidos por su r\u00e1pida absorci\u00f3n y facilidad de uso.<\/p>\n<p><strong>PRESENTACI\u00d3N<\/strong><\/p>\n<p>50ml<\/p>\n<p>&nbsp;<\/p>\n","protected":false},"excerpt":{"rendered":"<p>Cynasine Detox gotas favorecen la desintoxicaci\u00f3n y protegen el h\u00edgado. Con ingredientes naturales que favorecen el bienestar y una digesti\u00f3n saludable. [&#8230;]<\/p>\n<p><a class=\"btn btn-secondary understrap-read-more-link\" href=\"https:\/\/www.lifenatura.com\/es\/produto\/cynasine-gotas-50-ml-dietmed\/\">Leer m\u00e1s&#8230;<span class=\"screen-reader-text\"> from Cynasine Gotas 50 ml<\/span><\/a><\/p>\n","protected":false},"featured_media":105610,"template":"","meta":{"_acf_changed":false},"product_brand":[8512],"product_cat":[7145,7677,7254,7659,7179],"product_tag":[],"class_list":{"0":"post-36723","1":"product","2":"type-product","3":"status-publish","4":"has-post-thumbnail","6":"product_brand-cynasine","7":"product_cat-alcachofa","8":"product_cat-cardo-mariano-bio","9":"product_cat-higado-vesicula","10":"product_cat-ingrediente-natural-bio","11":"product_cat-salud","13":"first","14":"instock","15":"sale","16":"shipping-taxable","17":"purchasable","18":"product-type-simple","19":"add-to-wishlist-before_image"},"acf":[],"yoast_head":"<!-- This site is optimized with the Yoast SEO Premium plugin v27.1 (Yoast SEO v27.5) - https:\/\/yoast.com\/product\/yoast-seo-premium-wordpress\/ -->\n<title>Cynasine Gotas - Lifenatura<\/title>\n<meta name=\"description\" content=\"Cynasine Detox gotas favorecen la desintoxicaci\u00f3n y protegen el h\u00edgado. Con ingredientes naturales que favorecen el bienestar y una digesti\u00f3n saludable.\" \/>\n<meta name=\"robots\" content=\"index, follow, max-snippet:-1, max-image-preview:large, max-video-preview:-1\" \/>\n<link rel=\"canonical\" href=\"https:\/\/www.lifenatura.com\/es\/produto\/cynasine-gotas-50-ml-dietmed\/\" \/>\n<meta property=\"og:locale\" content=\"es_ES\" \/>\n<meta property=\"og:type\" content=\"article\" \/>\n<meta property=\"og:title\" content=\"Cynasine Gotas 50 ml - Na Lifenatura ao Melhor Pre\u00e7o | Envio 48h\" \/>\n<meta property=\"og:description\" content=\"Compre Cynasine Gotas 50 ml com envio r\u00e1pido. Entrega em 48h e portes gr\u00e1tis em compras &gt;35\u20ac. Aproveite j\u00e1 na Lifenatura\" \/>\n<meta property=\"og:url\" content=\"https:\/\/www.lifenatura.com\/es\/produto\/cynasine-gotas-50-ml-dietmed\/\" \/>\n<meta property=\"og:site_name\" content=\"Lifenatura\" \/>\n<meta property=\"article:publisher\" content=\"https:\/\/www.facebook.com\/lifenatura\" \/>\n<meta property=\"article:modified_time\" content=\"2025-07-31T00:06:30+00:00\" \/>\n<meta property=\"og:image\" content=\"https:\/\/www.lifenatura.com\/wp-content\/uploads\/2021\/09\/cynasine-gotas-50ml.jpg\" \/>\n\t<meta property=\"og:image:width\" content=\"1000\" \/>\n\t<meta property=\"og:image:height\" content=\"1000\" \/>\n\t<meta property=\"og:image:type\" content=\"image\/jpeg\" \/>\n<meta name=\"twitter:card\" content=\"summary_large_image\" \/>\n<meta name=\"twitter:label1\" content=\"Precio\" \/>\n\t<meta name=\"twitter:data1\" content=\"12,46&nbsp;&euro;\" \/>\n\t<meta name=\"twitter:label2\" content=\"Disponibilidad\" \/>\n\t<meta name=\"twitter:data2\" content=\"Disponible\" \/>\n<script type=\"application\/ld+json\" class=\"yoast-schema-graph\">{\"@context\":\"https:\\\/\\\/schema.org\",\"@graph\":[{\"@type\":\"WebPage\",\"@id\":\"https:\\\/\\\/www.lifenatura.com\\\/es\\\/produto\\\/cynasine-gotas-50-ml-dietmed\\\/\",\"url\":\"https:\\\/\\\/www.lifenatura.com\\\/es\\\/produto\\\/cynasine-gotas-50-ml-dietmed\\\/\",\"name\":\"Cynasine Gotas - Lifenatura\",\"isPartOf\":{\"@id\":\"https:\\\/\\\/www.lifenatura.com\\\/es\\\/#website\"},\"primaryImageOfPage\":{\"@id\":\"https:\\\/\\\/www.lifenatura.com\\\/es\\\/produto\\\/cynasine-gotas-50-ml-dietmed\\\/#primaryimage\"},\"image\":{\"@id\":\"https:\\\/\\\/www.lifenatura.com\\\/es\\\/produto\\\/cynasine-gotas-50-ml-dietmed\\\/#primaryimage\"},\"thumbnailUrl\":\"https:\\\/\\\/www.lifenatura.com\\\/wp-content\\\/uploads\\\/2021\\\/09\\\/cynasine-gotas-50ml.jpg\",\"datePublished\":\"2021-09-30T09:36:19+00:00\",\"dateModified\":\"2025-07-31T00:06:30+00:00\",\"description\":\"Cynasine Detox gotas favorecen la desintoxicaci\u00f3n y protegen el h\u00edgado. Con ingredientes naturales que favorecen el bienestar y una digesti\u00f3n saludable.\",\"breadcrumb\":{\"@id\":\"https:\\\/\\\/www.lifenatura.com\\\/es\\\/produto\\\/cynasine-gotas-50-ml-dietmed\\\/#breadcrumb\"},\"inLanguage\":\"es\",\"potentialAction\":[{\"@type\":\"ReadAction\",\"target\":[\"https:\\\/\\\/www.lifenatura.com\\\/es\\\/produto\\\/cynasine-gotas-50-ml-dietmed\\\/\"]}]},{\"@type\":\"ImageObject\",\"inLanguage\":\"es\",\"@id\":\"https:\\\/\\\/www.lifenatura.com\\\/es\\\/produto\\\/cynasine-gotas-50-ml-dietmed\\\/#primaryimage\",\"url\":\"https:\\\/\\\/www.lifenatura.com\\\/wp-content\\\/uploads\\\/2021\\\/09\\\/cynasine-gotas-50ml.jpg\",\"contentUrl\":\"https:\\\/\\\/www.lifenatura.com\\\/wp-content\\\/uploads\\\/2021\\\/09\\\/cynasine-gotas-50ml.jpg\",\"width\":1000,\"height\":1000,\"caption\":\"Cynasine detox em gotas\"},{\"@type\":\"BreadcrumbList\",\"@id\":\"https:\\\/\\\/www.lifenatura.com\\\/es\\\/produto\\\/cynasine-gotas-50-ml-dietmed\\\/#breadcrumb\",\"itemListElement\":[{\"@type\":\"ListItem\",\"position\":1,\"name\":\"In\u00edcio\",\"item\":\"https:\\\/\\\/www.lifenatura.com\\\/es\\\/\"},{\"@type\":\"ListItem\",\"position\":2,\"name\":\"Todos los Productos\",\"item\":\"https:\\\/\\\/www.lifenatura.com\\\/es\\\/tienda\\\/\"},{\"@type\":\"ListItem\",\"position\":3,\"name\":\"Cynasine Gotas 50 ml\"}]},{\"@type\":\"WebSite\",\"@id\":\"https:\\\/\\\/www.lifenatura.com\\\/es\\\/#website\",\"url\":\"https:\\\/\\\/www.lifenatura.com\\\/es\\\/\",\"name\":\"Lifenatura\",\"description\":\"A Lifenatura \u00e9 uma loja de produtos naturais, cosm\u00e9tica natural e alimenta\u00e7\u00e3o Biol\u00f3gica.\",\"publisher\":{\"@id\":\"https:\\\/\\\/www.lifenatura.com\\\/es\\\/#organization\"},\"potentialAction\":[{\"@type\":\"SearchAction\",\"target\":{\"@type\":\"EntryPoint\",\"urlTemplate\":\"https:\\\/\\\/www.lifenatura.com\\\/es\\\/?s={search_term_string}\"},\"query-input\":{\"@type\":\"PropertyValueSpecification\",\"valueRequired\":true,\"valueName\":\"search_term_string\"}}],\"inLanguage\":\"es\"},{\"@type\":\"Organization\",\"@id\":\"https:\\\/\\\/www.lifenatura.com\\\/es\\\/#organization\",\"name\":\"Lifenatura\",\"url\":\"https:\\\/\\\/www.lifenatura.com\\\/es\\\/\",\"logo\":{\"@type\":\"ImageObject\",\"inLanguage\":\"es\",\"@id\":\"https:\\\/\\\/www.lifenatura.com\\\/es\\\/#\\\/schema\\\/logo\\\/image\\\/\",\"url\":\"https:\\\/\\\/www.lifenatura.com\\\/wp-content\\\/uploads\\\/2021\\\/07\\\/logo.png\",\"contentUrl\":\"https:\\\/\\\/www.lifenatura.com\\\/wp-content\\\/uploads\\\/2021\\\/07\\\/logo.png\",\"width\":175,\"height\":55,\"caption\":\"Lifenatura\"},\"image\":{\"@id\":\"https:\\\/\\\/www.lifenatura.com\\\/es\\\/#\\\/schema\\\/logo\\\/image\\\/\"},\"sameAs\":[\"https:\\\/\\\/www.facebook.com\\\/lifenatura\",\"https:\\\/\\\/www.instagram.com\\\/lifenaturapt\\\/\"],\"hasMerchantReturnPolicy\":{\"@type\":\"MerchantReturnPolicy\",\"merchantReturnLink\":\"https:\\\/\\\/www.lifenatura.com\\\/termos-condicoes-lifenatura\\\/\"}}]}<\/script>\n<meta property=\"product:price:amount\" content=\"12.46\" \/>\n<meta property=\"product:price:currency\" content=\"EUR\" \/>\n<meta property=\"og:availability\" content=\"instock\" \/>\n<meta property=\"product:availability\" content=\"instock\" \/>\n<meta property=\"product:retailer_item_id\" content=\"5605481103018\" \/>\n<meta property=\"product:condition\" content=\"new\" \/>\n<!-- \/ Yoast SEO Premium plugin. -->","yoast_head_json":{"title":"Cynasine Gotas - Lifenatura","description":"Cynasine Detox gotas favorecen la desintoxicaci\u00f3n y protegen el h\u00edgado. Con ingredientes naturales que favorecen el bienestar y una digesti\u00f3n saludable.","robots":{"index":"index","follow":"follow","max-snippet":"max-snippet:-1","max-image-preview":"max-image-preview:large","max-video-preview":"max-video-preview:-1"},"canonical":"https:\/\/www.lifenatura.com\/es\/produto\/cynasine-gotas-50-ml-dietmed\/","og_locale":"es_ES","og_type":"article","og_title":"Cynasine Gotas 50 ml - Na Lifenatura ao Melhor Pre\u00e7o | Envio 48h","og_description":"Compre Cynasine Gotas 50 ml com envio r\u00e1pido. Entrega em 48h e portes gr\u00e1tis em compras >35\u20ac. Aproveite j\u00e1 na Lifenatura","og_url":"https:\/\/www.lifenatura.com\/es\/produto\/cynasine-gotas-50-ml-dietmed\/","og_site_name":"Lifenatura","article_publisher":"https:\/\/www.facebook.com\/lifenatura","article_modified_time":"2025-07-31T00:06:30+00:00","og_image":[{"width":1000,"height":1000,"url":"https:\/\/www.lifenatura.com\/wp-content\/uploads\/2021\/09\/cynasine-gotas-50ml.jpg","type":"image\/jpeg"}],"twitter_card":"summary_large_image","twitter_misc":{"Precio":"12,46&nbsp;&euro;","Disponibilidad":"Disponible"},"schema":{"@context":"https:\/\/schema.org","@graph":[{"@type":"WebPage","@id":"https:\/\/www.lifenatura.com\/es\/produto\/cynasine-gotas-50-ml-dietmed\/","url":"https:\/\/www.lifenatura.com\/es\/produto\/cynasine-gotas-50-ml-dietmed\/","name":"Cynasine Gotas - Lifenatura","isPartOf":{"@id":"https:\/\/www.lifenatura.com\/es\/#website"},"primaryImageOfPage":{"@id":"https:\/\/www.lifenatura.com\/es\/produto\/cynasine-gotas-50-ml-dietmed\/#primaryimage"},"image":{"@id":"https:\/\/www.lifenatura.com\/es\/produto\/cynasine-gotas-50-ml-dietmed\/#primaryimage"},"thumbnailUrl":"https:\/\/www.lifenatura.com\/wp-content\/uploads\/2021\/09\/cynasine-gotas-50ml.jpg","datePublished":"2021-09-30T09:36:19+00:00","dateModified":"2025-07-31T00:06:30+00:00","description":"Cynasine Detox gotas favorecen la desintoxicaci\u00f3n y protegen el h\u00edgado. Con ingredientes naturales que favorecen el bienestar y una digesti\u00f3n saludable.","breadcrumb":{"@id":"https:\/\/www.lifenatura.com\/es\/produto\/cynasine-gotas-50-ml-dietmed\/#breadcrumb"},"inLanguage":"es","potentialAction":[{"@type":"ReadAction","target":["https:\/\/www.lifenatura.com\/es\/produto\/cynasine-gotas-50-ml-dietmed\/"]}]},{"@type":"ImageObject","inLanguage":"es","@id":"https:\/\/www.lifenatura.com\/es\/produto\/cynasine-gotas-50-ml-dietmed\/#primaryimage","url":"https:\/\/www.lifenatura.com\/wp-content\/uploads\/2021\/09\/cynasine-gotas-50ml.jpg","contentUrl":"https:\/\/www.lifenatura.com\/wp-content\/uploads\/2021\/09\/cynasine-gotas-50ml.jpg","width":1000,"height":1000,"caption":"Cynasine detox em gotas"},{"@type":"BreadcrumbList","@id":"https:\/\/www.lifenatura.com\/es\/produto\/cynasine-gotas-50-ml-dietmed\/#breadcrumb","itemListElement":[{"@type":"ListItem","position":1,"name":"In\u00edcio","item":"https:\/\/www.lifenatura.com\/es\/"},{"@type":"ListItem","position":2,"name":"Todos los Productos","item":"https:\/\/www.lifenatura.com\/es\/tienda\/"},{"@type":"ListItem","position":3,"name":"Cynasine Gotas 50 ml"}]},{"@type":"WebSite","@id":"https:\/\/www.lifenatura.com\/es\/#website","url":"https:\/\/www.lifenatura.com\/es\/","name":"Lifenatura","description":"A Lifenatura \u00e9 uma loja de produtos naturais, cosm\u00e9tica natural e alimenta\u00e7\u00e3o Biol\u00f3gica.","publisher":{"@id":"https:\/\/www.lifenatura.com\/es\/#organization"},"potentialAction":[{"@type":"SearchAction","target":{"@type":"EntryPoint","urlTemplate":"https:\/\/www.lifenatura.com\/es\/?s={search_term_string}"},"query-input":{"@type":"PropertyValueSpecification","valueRequired":true,"valueName":"search_term_string"}}],"inLanguage":"es"},{"@type":"Organization","@id":"https:\/\/www.lifenatura.com\/es\/#organization","name":"Lifenatura","url":"https:\/\/www.lifenatura.com\/es\/","logo":{"@type":"ImageObject","inLanguage":"es","@id":"https:\/\/www.lifenatura.com\/es\/#\/schema\/logo\/image\/","url":"https:\/\/www.lifenatura.com\/wp-content\/uploads\/2021\/07\/logo.png","contentUrl":"https:\/\/www.lifenatura.com\/wp-content\/uploads\/2021\/07\/logo.png","width":175,"height":55,"caption":"Lifenatura"},"image":{"@id":"https:\/\/www.lifenatura.com\/es\/#\/schema\/logo\/image\/"},"sameAs":["https:\/\/www.facebook.com\/lifenatura","https:\/\/www.instagram.com\/lifenaturapt\/"],"hasMerchantReturnPolicy":{"@type":"MerchantReturnPolicy","merchantReturnLink":"https:\/\/www.lifenatura.com\/termos-condicoes-lifenatura\/"}}]},"product_price_amount":"12.46","product_price_currency":"EUR","og_availability":"instock","product_availability":"instock","product_retailer_item_id":"5605481103018","product_condition":"new"},"df_price":12.46,"df_sale_price":12.46,"df_regular_price":15.57,"df_image_link":"https:\/\/www.lifenatura.com\/wp-content\/uploads\/2021\/09\/cynasine-gotas-50ml-300x300.jpg","_links":{"self":[{"href":"https:\/\/www.lifenatura.com\/es\/wp-json\/wp\/v2\/product\/36723","targetHints":{"allow":["GET"]}}],"collection":[{"href":"https:\/\/www.lifenatura.com\/es\/wp-json\/wp\/v2\/product"}],"about":[{"href":"https:\/\/www.lifenatura.com\/es\/wp-json\/wp\/v2\/types\/product"}],"wp:featuredmedia":[{"embeddable":true,"href":"https:\/\/www.lifenatura.com\/es\/wp-json\/wp\/v2\/media\/105610"}],"wp:attachment":[{"href":"https:\/\/www.lifenatura.com\/es\/wp-json\/wp\/v2\/media?parent=36723"}],"wp:term":[{"taxonomy":"product_brand","embeddable":true,"href":"https:\/\/www.lifenatura.com\/es\/wp-json\/wp\/v2\/product_brand?post=36723"},{"taxonomy":"product_cat","embeddable":true,"href":"https:\/\/www.lifenatura.com\/es\/wp-json\/wp\/v2\/product_cat?post=36723"},{"taxonomy":"product_tag","embeddable":true,"href":"https:\/\/www.lifenatura.com\/es\/wp-json\/wp\/v2\/product_tag?post=36723"}],"curies":[{"name":"wp","href":"https:\/\/api.w.org\/{rel}","templated":true}]}}