{"id":36706,"date":"2021-09-30T09:35:59","date_gmt":"2021-09-30T09:35:59","guid":{"rendered":"https:\/\/lifenatura.dev.agenciagetdigital.com\/produto\/desodorante-cristal-mineral-60-gr-corpore-sano\/"},"modified":"2026-01-21T07:34:41","modified_gmt":"2026-01-21T07:34:41","slug":"desodorante-cristal-mineral-60-gr-corpore-sano","status":"publish","type":"product","link":"https:\/\/www.lifenatura.com\/es\/produto\/desodorante-cristal-mineral-60-gr-corpore-sano\/","title":{"rendered":"Desodorante cristal mineral 60 gr &#8211; Corpore Sano"},"content":{"rendered":"<p>Desodorante mineral de Potasio Este desodorante mineral de la Corpore Sano puede durar 1 a\u00f1o, es natural y no mancha. Este desodorante es poco soluble en agua y tiene propiedades astringentes sobre la piel. Por su parte, su acci\u00f3n astringente permite disminuir la transpiraci\u00f3n de la piel y, por otra, su car\u00e1cter \u00e1cido act\u00faa, inhibiendo el desarrollo de los microorganismos que se encuentran en la piel y que son los causantes de la aparici\u00f3n del mal olor, por la descomposici\u00f3n bacteriana del producto, sudar. Los desodorantes minerales Corpore Sano son naturales y no manchan. Su acci\u00f3n astringente ayuda a reducir la la transpiraci\u00f3n de la piel y su car\u00e1cter \u00e1cido act\u00faa contra el mal olor. No contiene clorhidrato de aluminio, conservantes parabenos, alergenos o perfumes. PRESENTACI\u00d3N 60g.<\/p>\n","protected":false},"excerpt":{"rendered":"<p>Desodorante mineral de Potasio Este desodorante mineral de la Corpore Sano puede durar 1 a\u00f1o, es natural y no mancha. Este desodorante es poco soluble en agua y tiene propiedades astringentes sobre la piel. Por su parte, su acci\u00f3n astringente permite disminuir la transpiraci\u00f3n de la piel y, por otra, su car\u00e1cter \u00e1cido act\u00faa, inhibiendo [&#8230;]<\/p>\n<p><a class=\"btn btn-secondary understrap-read-more-link\" href=\"https:\/\/www.lifenatura.com\/es\/produto\/desodorante-cristal-mineral-60-gr-corpore-sano\/\">Leer m\u00e1s&#8230;<span class=\"screen-reader-text\"> from Desodorante cristal mineral 60 gr &#8211; Corpore Sano<\/span><\/a><\/p>\n","protected":false},"featured_media":18317,"template":"","meta":{"_acf_changed":false},"product_brand":[8513],"product_cat":[7653,7102,7107],"product_tag":[],"class_list":{"0":"post-36706","1":"product","2":"type-product","3":"status-publish","4":"has-post-thumbnail","6":"product_brand-corpore-sano","7":"product_cat-cosmetica-natural-lifenatura","8":"product_cat-cuidado-del-cuerpo","9":"product_cat-desodorantes","11":"first","12":"instock","13":"sale","14":"shipping-taxable","15":"purchasable","16":"product-type-simple","17":"add-to-wishlist-before_image"},"acf":[],"yoast_head":"<!-- This site is optimized with the Yoast SEO Premium plugin v27.1 (Yoast SEO v27.3) - https:\/\/yoast.com\/product\/yoast-seo-premium-wordpress\/ -->\n<title>Desodorante cristal mineral 60 gr - Corpore Sano<\/title>\n<meta name=\"description\" content=\"Este desodorante mineral de la Corpore Sano puede durar 1 a\u00f1o, es natural y no mancha. Este desodorante es poco soluble en agua y tiene propiedades astringentes sobre la piel.\" \/>\n<meta name=\"robots\" content=\"index, follow, max-snippet:-1, max-image-preview:large, max-video-preview:-1\" \/>\n<link rel=\"canonical\" href=\"https:\/\/www.lifenatura.com\/es\/produto\/desodorante-cristal-mineral-60-gr-corpore-sano\/\" \/>\n<meta property=\"og:locale\" content=\"es_ES\" \/>\n<meta property=\"og:type\" content=\"article\" \/>\n<meta property=\"og:title\" content=\"Desodorante cristal mineral 60 gr - Corpore Sano - Lifenatura\" \/>\n<meta property=\"og:description\" content=\"Compre aqui o seu Desodorante cristal mineral 60 gr - Corpore Sano e a Lifenatura Online envia em 48 H com Portes Gratis &gt;35\u20ac de Pedido.\" \/>\n<meta property=\"og:url\" content=\"https:\/\/www.lifenatura.com\/es\/produto\/desodorante-cristal-mineral-60-gr-corpore-sano\/\" \/>\n<meta property=\"og:site_name\" content=\"Lifenatura\" \/>\n<meta property=\"article:publisher\" content=\"https:\/\/www.facebook.com\/lifenatura\" \/>\n<meta property=\"article:modified_time\" content=\"2026-01-21T07:34:41+00:00\" \/>\n<meta property=\"og:image\" content=\"https:\/\/www.lifenatura.com\/wp-content\/uploads\/2021\/09\/gd_desororizante-cristal-mineral-60gr-corpore-sano.jpg\" \/>\n\t<meta property=\"og:image:width\" content=\"1000\" \/>\n\t<meta property=\"og:image:height\" content=\"1000\" \/>\n\t<meta property=\"og:image:type\" content=\"image\/jpeg\" \/>\n<meta name=\"twitter:card\" content=\"summary_large_image\" \/>\n<meta name=\"twitter:label1\" content=\"Precio\" \/>\n\t<meta name=\"twitter:data1\" content=\"4,59&nbsp;&euro;\" \/>\n\t<meta name=\"twitter:label2\" content=\"Disponibilidad\" \/>\n\t<meta name=\"twitter:data2\" content=\"Disponible\" \/>\n<meta property=\"product:price:amount\" content=\"4.59\" \/>\n<meta property=\"product:price:currency\" content=\"EUR\" \/>\n<meta property=\"og:availability\" content=\"instock\" \/>\n<meta property=\"product:availability\" content=\"instock\" \/>\n<meta property=\"product:retailer_item_id\" content=\"8414002085002\" \/>\n<meta property=\"product:condition\" content=\"new\" \/>\n<!-- \/ Yoast SEO Premium plugin. -->","yoast_head_json":{"title":"Desodorante cristal mineral 60 gr - Corpore Sano","description":"Este desodorante mineral de la Corpore Sano puede durar 1 a\u00f1o, es natural y no mancha. Este desodorante es poco soluble en agua y tiene propiedades astringentes sobre la piel.","robots":{"index":"index","follow":"follow","max-snippet":"max-snippet:-1","max-image-preview":"max-image-preview:large","max-video-preview":"max-video-preview:-1"},"canonical":"https:\/\/www.lifenatura.com\/es\/produto\/desodorante-cristal-mineral-60-gr-corpore-sano\/","og_locale":"es_ES","og_type":"article","og_title":"Desodorante cristal mineral 60 gr - Corpore Sano - Lifenatura","og_description":"Compre aqui o seu Desodorante cristal mineral 60 gr - Corpore Sano e a Lifenatura Online envia em 48 H com Portes Gratis >35\u20ac de Pedido.","og_url":"https:\/\/www.lifenatura.com\/es\/produto\/desodorante-cristal-mineral-60-gr-corpore-sano\/","og_site_name":"Lifenatura","article_publisher":"https:\/\/www.facebook.com\/lifenatura","article_modified_time":"2026-01-21T07:34:41+00:00","og_image":[{"width":1000,"height":1000,"url":"https:\/\/www.lifenatura.com\/wp-content\/uploads\/2021\/09\/gd_desororizante-cristal-mineral-60gr-corpore-sano.jpg","type":"image\/jpeg"}],"twitter_card":"summary_large_image","twitter_misc":{"Precio":"4,59&nbsp;&euro;","Disponibilidad":"Disponible"},"schema":{"@context":"https:\/\/schema.org","@graph":[{"@type":"WebPage","@id":"https:\/\/www.lifenatura.com\/es\/produto\/desodorante-cristal-mineral-60-gr-corpore-sano\/","url":"https:\/\/www.lifenatura.com\/es\/produto\/desodorante-cristal-mineral-60-gr-corpore-sano\/","name":"Desodorante cristal mineral 60 gr - Corpore Sano","isPartOf":{"@id":"https:\/\/www.lifenatura.com\/es\/#website"},"primaryImageOfPage":{"@id":"https:\/\/www.lifenatura.com\/es\/produto\/desodorante-cristal-mineral-60-gr-corpore-sano\/#primaryimage"},"image":{"@id":"https:\/\/www.lifenatura.com\/es\/produto\/desodorante-cristal-mineral-60-gr-corpore-sano\/#primaryimage"},"thumbnailUrl":"https:\/\/www.lifenatura.com\/wp-content\/uploads\/2021\/09\/gd_desororizante-cristal-mineral-60gr-corpore-sano.jpg","datePublished":"2021-09-30T09:35:59+00:00","dateModified":"2026-01-21T07:34:41+00:00","description":"Este desodorante mineral de la Corpore Sano puede durar 1 a\u00f1o, es natural y no mancha. Este desodorante es poco soluble en agua y tiene propiedades astringentes sobre la piel.","breadcrumb":{"@id":"https:\/\/www.lifenatura.com\/es\/produto\/desodorante-cristal-mineral-60-gr-corpore-sano\/#breadcrumb"},"inLanguage":"es","potentialAction":[{"@type":"ReadAction","target":["https:\/\/www.lifenatura.com\/es\/produto\/desodorante-cristal-mineral-60-gr-corpore-sano\/"]}]},{"@type":"ImageObject","inLanguage":"es","@id":"https:\/\/www.lifenatura.com\/es\/produto\/desodorante-cristal-mineral-60-gr-corpore-sano\/#primaryimage","url":"https:\/\/www.lifenatura.com\/wp-content\/uploads\/2021\/09\/gd_desororizante-cristal-mineral-60gr-corpore-sano.jpg","contentUrl":"https:\/\/www.lifenatura.com\/wp-content\/uploads\/2021\/09\/gd_desororizante-cristal-mineral-60gr-corpore-sano.jpg","width":1000,"height":1000,"caption":"Desodorante cristal mineral 60 gr - Corpore Sano"},{"@type":"BreadcrumbList","@id":"https:\/\/www.lifenatura.com\/es\/produto\/desodorante-cristal-mineral-60-gr-corpore-sano\/#breadcrumb","itemListElement":[{"@type":"ListItem","position":1,"name":"In\u00edcio","item":"https:\/\/www.lifenatura.com\/es\/"},{"@type":"ListItem","position":2,"name":"Todos los Productos","item":"https:\/\/www.lifenatura.com\/es\/tienda\/"},{"@type":"ListItem","position":3,"name":"Desodorante cristal mineral 60 gr &#8211; Corpore Sano"}]},{"@type":"WebSite","@id":"https:\/\/www.lifenatura.com\/es\/#website","url":"https:\/\/www.lifenatura.com\/es\/","name":"Lifenatura","description":"A Lifenatura \u00e9 uma loja de produtos naturais, cosm\u00e9tica natural e alimenta\u00e7\u00e3o Biol\u00f3gica.","publisher":{"@id":"https:\/\/www.lifenatura.com\/es\/#organization"},"potentialAction":[{"@type":"SearchAction","target":{"@type":"EntryPoint","urlTemplate":"https:\/\/www.lifenatura.com\/es\/?s={search_term_string}"},"query-input":{"@type":"PropertyValueSpecification","valueRequired":true,"valueName":"search_term_string"}}],"inLanguage":"es"},{"@type":"Organization","@id":"https:\/\/www.lifenatura.com\/es\/#organization","name":"Lifenatura","url":"https:\/\/www.lifenatura.com\/es\/","logo":{"@type":"ImageObject","inLanguage":"es","@id":"https:\/\/www.lifenatura.com\/es\/#\/schema\/logo\/image\/","url":"https:\/\/www.lifenatura.com\/wp-content\/uploads\/2021\/11\/logo.png","contentUrl":"https:\/\/www.lifenatura.com\/wp-content\/uploads\/2021\/11\/logo.png","width":175,"height":55,"caption":"Lifenatura"},"image":{"@id":"https:\/\/www.lifenatura.com\/es\/#\/schema\/logo\/image\/"},"sameAs":["https:\/\/www.facebook.com\/lifenatura","https:\/\/www.instagram.com\/lifenaturapt\/"]}]},"product_price_amount":"4.59","product_price_currency":"EUR","og_availability":"instock","product_availability":"instock","product_retailer_item_id":"8414002085002","product_condition":"new"},"df_price":4.59,"df_sale_price":4.59,"df_regular_price":5.1,"df_image_link":"https:\/\/www.lifenatura.com\/wp-content\/uploads\/2021\/09\/gd_desororizante-cristal-mineral-60gr-corpore-sano-300x300.jpg","_links":{"self":[{"href":"https:\/\/www.lifenatura.com\/es\/wp-json\/wp\/v2\/product\/36706","targetHints":{"allow":["GET"]}}],"collection":[{"href":"https:\/\/www.lifenatura.com\/es\/wp-json\/wp\/v2\/product"}],"about":[{"href":"https:\/\/www.lifenatura.com\/es\/wp-json\/wp\/v2\/types\/product"}],"wp:featuredmedia":[{"embeddable":true,"href":"https:\/\/www.lifenatura.com\/es\/wp-json\/wp\/v2\/media\/18317"}],"wp:attachment":[{"href":"https:\/\/www.lifenatura.com\/es\/wp-json\/wp\/v2\/media?parent=36706"}],"wp:term":[{"taxonomy":"product_brand","embeddable":true,"href":"https:\/\/www.lifenatura.com\/es\/wp-json\/wp\/v2\/product_brand?post=36706"},{"taxonomy":"product_cat","embeddable":true,"href":"https:\/\/www.lifenatura.com\/es\/wp-json\/wp\/v2\/product_cat?post=36706"},{"taxonomy":"product_tag","embeddable":true,"href":"https:\/\/www.lifenatura.com\/es\/wp-json\/wp\/v2\/product_tag?post=36706"}],"curies":[{"name":"wp","href":"https:\/\/api.w.org\/{rel}","templated":true}]}}