{"id":36697,"date":"2021-09-30T09:35:38","date_gmt":"2021-09-30T09:35:38","guid":{"rendered":"https:\/\/lifenatura.dev.agenciagetdigital.com\/produto\/tonico-facial-micelar-piel-mista-200-ml-corpore-sano\/"},"modified":"2026-01-21T07:34:35","modified_gmt":"2026-01-21T07:34:35","slug":"tonico-facial-micelar-piel-mista-200-ml-corpore-sano","status":"publish","type":"product","link":"https:\/\/www.lifenatura.com\/es\/produto\/tonico-facial-micelar-piel-mista-200-ml-corpore-sano\/","title":{"rendered":"T\u00f3nico facial micelar piel mista 200 ml &#8211; Corpore Sano"},"content":{"rendered":"<p>T\u00f3nico de limpieza de rostro: pieles mixtas T\u00f3nico Micelar Pieles mixtas de la Corpore Sano presenta extractos de Rom\u00e1n y Hamam\u00e9lis es ideal para la limpieza de la piel de impurezas, quitar los vestigios de maquillaje y tonificar e hidratar la piel. El T\u00f3nico Micelar se puede utilizar diariamente y el n\u00famero de veces necesario en la medida en que no irrita ni da\u00f1a la piel. El t\u00f3nico es fundamental para mejorar la textura de la tez: no s\u00f3lo cierra los poros y elimina cualquier vestigio de impurezas, como tambi\u00e9n prepara la piel dej\u00e1ndola en condiciones \u00f3ptimas para recibir la crema hidratante o nutritiva. Sin parabenes, colorantes ni siliconas. PRESENTACI\u00d3N 200ml<\/p>\n","protected":false},"excerpt":{"rendered":"<p>T\u00f3nico de limpieza de rostro: pieles mixtas T\u00f3nico Micelar Pieles mixtas de la Corpore Sano presenta extractos de Rom\u00e1n y Hamam\u00e9lis es ideal para la limpieza de la piel de impurezas, quitar los vestigios de maquillaje y tonificar e hidratar la piel. El T\u00f3nico Micelar se puede utilizar diariamente y el n\u00famero de veces necesario [&#8230;]<\/p>\n<p><a class=\"btn btn-secondary understrap-read-more-link\" href=\"https:\/\/www.lifenatura.com\/es\/produto\/tonico-facial-micelar-piel-mista-200-ml-corpore-sano\/\">Leer m\u00e1s&#8230;<span class=\"screen-reader-text\"> from T\u00f3nico facial micelar piel mista 200 ml &#8211; Corpore Sano<\/span><\/a><\/p>\n","protected":false},"featured_media":18308,"template":"","meta":{"_acf_changed":false},"product_brand":[8513],"product_cat":[7653,7115,7122],"product_tag":[],"class_list":{"0":"post-36697","1":"product","2":"type-product","3":"status-publish","4":"has-post-thumbnail","6":"product_brand-corpore-sano","7":"product_cat-cosmetica-natural-lifenatura","8":"product_cat-cuidado-de-la-cara","9":"product_cat-limpieza-facial","11":"first","12":"instock","13":"shipping-taxable","14":"purchasable","15":"product-type-simple","16":"add-to-wishlist-before_image"},"acf":[],"yoast_head":"<!-- This site is optimized with the Yoast SEO Premium plugin v27.1 (Yoast SEO v27.5) - https:\/\/yoast.com\/product\/yoast-seo-premium-wordpress\/ -->\n<title>T\u00f3nico facial micelar piel mista 200 ml - Corpore Sano - Na Lifenatura ao Melhor Pre\u00e7o | Envio em 48h<\/title>\n<meta name=\"description\" content=\"T\u00f3nico Micelar Pieles mixtas de la Corpore Sano presenta extractos de Rom\u00e1n y Hamam\u00e9lis es ideal para la limpieza de la piel de impurezas\" \/>\n<meta name=\"robots\" content=\"index, follow, max-snippet:-1, max-image-preview:large, max-video-preview:-1\" \/>\n<link rel=\"canonical\" href=\"https:\/\/www.lifenatura.com\/es\/produto\/tonico-facial-micelar-piel-mista-200-ml-corpore-sano\/\" \/>\n<meta property=\"og:locale\" content=\"es_ES\" \/>\n<meta property=\"og:type\" content=\"article\" \/>\n<meta property=\"og:title\" content=\"T\u00f3nico facial micelar piel mista 200 ml - Corpore Sano - Na Lifenatura ao Melhor Pre\u00e7o | Envio 48h\" \/>\n<meta property=\"og:description\" content=\"Compre T\u00f3nico facial micelar piel mista 200 ml - Corpore Sano com envio r\u00e1pido. Entrega em 48h e portes gr\u00e1tis em compras &gt;35\u20ac. Aproveite j\u00e1 na Lifenatura\" \/>\n<meta property=\"og:url\" content=\"https:\/\/www.lifenatura.com\/es\/produto\/tonico-facial-micelar-piel-mista-200-ml-corpore-sano\/\" \/>\n<meta property=\"og:site_name\" content=\"Lifenatura\" \/>\n<meta property=\"article:publisher\" content=\"https:\/\/www.facebook.com\/lifenatura\" \/>\n<meta property=\"article:modified_time\" content=\"2026-01-21T07:34:35+00:00\" \/>\n<meta property=\"og:image\" content=\"https:\/\/www.lifenatura.com\/wp-content\/uploads\/2021\/09\/gd_tonico-facial-micelar-peles-mistas-200ml-corpore-sano.jpg\" \/>\n\t<meta property=\"og:image:width\" content=\"1000\" \/>\n\t<meta property=\"og:image:height\" content=\"1000\" \/>\n\t<meta property=\"og:image:type\" content=\"image\/jpeg\" \/>\n<meta name=\"twitter:card\" content=\"summary_large_image\" \/>\n<meta name=\"twitter:label1\" content=\"Precio\" \/>\n\t<meta name=\"twitter:data1\" content=\"10,70&nbsp;&euro;\" \/>\n\t<meta name=\"twitter:label2\" content=\"Disponibilidad\" \/>\n\t<meta name=\"twitter:data2\" content=\"Disponible\" \/>\n<script type=\"application\/ld+json\" class=\"yoast-schema-graph\">{\"@context\":\"https:\\\/\\\/schema.org\",\"@graph\":[{\"@type\":\"WebPage\",\"@id\":\"https:\\\/\\\/www.lifenatura.com\\\/es\\\/produto\\\/tonico-facial-micelar-piel-mista-200-ml-corpore-sano\\\/\",\"url\":\"https:\\\/\\\/www.lifenatura.com\\\/es\\\/produto\\\/tonico-facial-micelar-piel-mista-200-ml-corpore-sano\\\/\",\"name\":\"T\u00f3nico facial micelar piel mista 200 ml - Corpore Sano - Na Lifenatura ao Melhor Pre\u00e7o | Envio em 48h\",\"isPartOf\":{\"@id\":\"https:\\\/\\\/www.lifenatura.com\\\/es\\\/#website\"},\"primaryImageOfPage\":{\"@id\":\"https:\\\/\\\/www.lifenatura.com\\\/es\\\/produto\\\/tonico-facial-micelar-piel-mista-200-ml-corpore-sano\\\/#primaryimage\"},\"image\":{\"@id\":\"https:\\\/\\\/www.lifenatura.com\\\/es\\\/produto\\\/tonico-facial-micelar-piel-mista-200-ml-corpore-sano\\\/#primaryimage\"},\"thumbnailUrl\":\"https:\\\/\\\/www.lifenatura.com\\\/wp-content\\\/uploads\\\/2021\\\/09\\\/gd_tonico-facial-micelar-peles-mistas-200ml-corpore-sano.jpg\",\"datePublished\":\"2021-09-30T09:35:38+00:00\",\"dateModified\":\"2026-01-21T07:34:35+00:00\",\"description\":\"T\u00f3nico Micelar Pieles mixtas de la Corpore Sano presenta extractos de Rom\u00e1n y Hamam\u00e9lis es ideal para la limpieza de la piel de impurezas\",\"breadcrumb\":{\"@id\":\"https:\\\/\\\/www.lifenatura.com\\\/es\\\/produto\\\/tonico-facial-micelar-piel-mista-200-ml-corpore-sano\\\/#breadcrumb\"},\"inLanguage\":\"es\",\"potentialAction\":[{\"@type\":\"ReadAction\",\"target\":[\"https:\\\/\\\/www.lifenatura.com\\\/es\\\/produto\\\/tonico-facial-micelar-piel-mista-200-ml-corpore-sano\\\/\"]}]},{\"@type\":\"ImageObject\",\"inLanguage\":\"es\",\"@id\":\"https:\\\/\\\/www.lifenatura.com\\\/es\\\/produto\\\/tonico-facial-micelar-piel-mista-200-ml-corpore-sano\\\/#primaryimage\",\"url\":\"https:\\\/\\\/www.lifenatura.com\\\/wp-content\\\/uploads\\\/2021\\\/09\\\/gd_tonico-facial-micelar-peles-mistas-200ml-corpore-sano.jpg\",\"contentUrl\":\"https:\\\/\\\/www.lifenatura.com\\\/wp-content\\\/uploads\\\/2021\\\/09\\\/gd_tonico-facial-micelar-peles-mistas-200ml-corpore-sano.jpg\",\"width\":1000,\"height\":1000,\"caption\":\"T\u00f3nico facial micelar piel mista 200 ml - Corpore Sano\"},{\"@type\":\"BreadcrumbList\",\"@id\":\"https:\\\/\\\/www.lifenatura.com\\\/es\\\/produto\\\/tonico-facial-micelar-piel-mista-200-ml-corpore-sano\\\/#breadcrumb\",\"itemListElement\":[{\"@type\":\"ListItem\",\"position\":1,\"name\":\"In\u00edcio\",\"item\":\"https:\\\/\\\/www.lifenatura.com\\\/es\\\/\"},{\"@type\":\"ListItem\",\"position\":2,\"name\":\"Todos los Productos\",\"item\":\"https:\\\/\\\/www.lifenatura.com\\\/es\\\/tienda\\\/\"},{\"@type\":\"ListItem\",\"position\":3,\"name\":\"T\u00f3nico facial micelar piel mista 200 ml &#8211; Corpore Sano\"}]},{\"@type\":\"WebSite\",\"@id\":\"https:\\\/\\\/www.lifenatura.com\\\/es\\\/#website\",\"url\":\"https:\\\/\\\/www.lifenatura.com\\\/es\\\/\",\"name\":\"Lifenatura\",\"description\":\"A Lifenatura \u00e9 uma loja de produtos naturais, cosm\u00e9tica natural e alimenta\u00e7\u00e3o Biol\u00f3gica.\",\"publisher\":{\"@id\":\"https:\\\/\\\/www.lifenatura.com\\\/es\\\/#organization\"},\"potentialAction\":[{\"@type\":\"SearchAction\",\"target\":{\"@type\":\"EntryPoint\",\"urlTemplate\":\"https:\\\/\\\/www.lifenatura.com\\\/es\\\/?s={search_term_string}\"},\"query-input\":{\"@type\":\"PropertyValueSpecification\",\"valueRequired\":true,\"valueName\":\"search_term_string\"}}],\"inLanguage\":\"es\"},{\"@type\":\"Organization\",\"@id\":\"https:\\\/\\\/www.lifenatura.com\\\/es\\\/#organization\",\"name\":\"Lifenatura\",\"url\":\"https:\\\/\\\/www.lifenatura.com\\\/es\\\/\",\"logo\":{\"@type\":\"ImageObject\",\"inLanguage\":\"es\",\"@id\":\"https:\\\/\\\/www.lifenatura.com\\\/es\\\/#\\\/schema\\\/logo\\\/image\\\/\",\"url\":\"https:\\\/\\\/www.lifenatura.com\\\/wp-content\\\/uploads\\\/2021\\\/07\\\/logo.png\",\"contentUrl\":\"https:\\\/\\\/www.lifenatura.com\\\/wp-content\\\/uploads\\\/2021\\\/07\\\/logo.png\",\"width\":175,\"height\":55,\"caption\":\"Lifenatura\"},\"image\":{\"@id\":\"https:\\\/\\\/www.lifenatura.com\\\/es\\\/#\\\/schema\\\/logo\\\/image\\\/\"},\"sameAs\":[\"https:\\\/\\\/www.facebook.com\\\/lifenatura\",\"https:\\\/\\\/www.instagram.com\\\/lifenaturapt\\\/\"],\"hasMerchantReturnPolicy\":{\"@type\":\"MerchantReturnPolicy\",\"merchantReturnLink\":\"https:\\\/\\\/www.lifenatura.com\\\/termos-condicoes-lifenatura\\\/\"}}]}<\/script>\n<meta property=\"product:price:amount\" content=\"10.70\" \/>\n<meta property=\"product:price:currency\" content=\"EUR\" \/>\n<meta property=\"og:availability\" content=\"instock\" \/>\n<meta property=\"product:availability\" content=\"instock\" \/>\n<meta property=\"product:retailer_item_id\" content=\"8414002084999\" \/>\n<meta property=\"product:condition\" content=\"new\" \/>\n<!-- \/ Yoast SEO Premium plugin. -->","yoast_head_json":{"title":"T\u00f3nico facial micelar piel mista 200 ml - Corpore Sano - Na Lifenatura ao Melhor Pre\u00e7o | Envio em 48h","description":"T\u00f3nico Micelar Pieles mixtas de la Corpore Sano presenta extractos de Rom\u00e1n y Hamam\u00e9lis es ideal para la limpieza de la piel de impurezas","robots":{"index":"index","follow":"follow","max-snippet":"max-snippet:-1","max-image-preview":"max-image-preview:large","max-video-preview":"max-video-preview:-1"},"canonical":"https:\/\/www.lifenatura.com\/es\/produto\/tonico-facial-micelar-piel-mista-200-ml-corpore-sano\/","og_locale":"es_ES","og_type":"article","og_title":"T\u00f3nico facial micelar piel mista 200 ml - Corpore Sano - Na Lifenatura ao Melhor Pre\u00e7o | Envio 48h","og_description":"Compre T\u00f3nico facial micelar piel mista 200 ml - Corpore Sano com envio r\u00e1pido. Entrega em 48h e portes gr\u00e1tis em compras >35\u20ac. Aproveite j\u00e1 na Lifenatura","og_url":"https:\/\/www.lifenatura.com\/es\/produto\/tonico-facial-micelar-piel-mista-200-ml-corpore-sano\/","og_site_name":"Lifenatura","article_publisher":"https:\/\/www.facebook.com\/lifenatura","article_modified_time":"2026-01-21T07:34:35+00:00","og_image":[{"width":1000,"height":1000,"url":"https:\/\/www.lifenatura.com\/wp-content\/uploads\/2021\/09\/gd_tonico-facial-micelar-peles-mistas-200ml-corpore-sano.jpg","type":"image\/jpeg"}],"twitter_card":"summary_large_image","twitter_misc":{"Precio":"10,70&nbsp;&euro;","Disponibilidad":"Disponible"},"schema":{"@context":"https:\/\/schema.org","@graph":[{"@type":"WebPage","@id":"https:\/\/www.lifenatura.com\/es\/produto\/tonico-facial-micelar-piel-mista-200-ml-corpore-sano\/","url":"https:\/\/www.lifenatura.com\/es\/produto\/tonico-facial-micelar-piel-mista-200-ml-corpore-sano\/","name":"T\u00f3nico facial micelar piel mista 200 ml - Corpore Sano - Na Lifenatura ao Melhor Pre\u00e7o | Envio em 48h","isPartOf":{"@id":"https:\/\/www.lifenatura.com\/es\/#website"},"primaryImageOfPage":{"@id":"https:\/\/www.lifenatura.com\/es\/produto\/tonico-facial-micelar-piel-mista-200-ml-corpore-sano\/#primaryimage"},"image":{"@id":"https:\/\/www.lifenatura.com\/es\/produto\/tonico-facial-micelar-piel-mista-200-ml-corpore-sano\/#primaryimage"},"thumbnailUrl":"https:\/\/www.lifenatura.com\/wp-content\/uploads\/2021\/09\/gd_tonico-facial-micelar-peles-mistas-200ml-corpore-sano.jpg","datePublished":"2021-09-30T09:35:38+00:00","dateModified":"2026-01-21T07:34:35+00:00","description":"T\u00f3nico Micelar Pieles mixtas de la Corpore Sano presenta extractos de Rom\u00e1n y Hamam\u00e9lis es ideal para la limpieza de la piel de impurezas","breadcrumb":{"@id":"https:\/\/www.lifenatura.com\/es\/produto\/tonico-facial-micelar-piel-mista-200-ml-corpore-sano\/#breadcrumb"},"inLanguage":"es","potentialAction":[{"@type":"ReadAction","target":["https:\/\/www.lifenatura.com\/es\/produto\/tonico-facial-micelar-piel-mista-200-ml-corpore-sano\/"]}]},{"@type":"ImageObject","inLanguage":"es","@id":"https:\/\/www.lifenatura.com\/es\/produto\/tonico-facial-micelar-piel-mista-200-ml-corpore-sano\/#primaryimage","url":"https:\/\/www.lifenatura.com\/wp-content\/uploads\/2021\/09\/gd_tonico-facial-micelar-peles-mistas-200ml-corpore-sano.jpg","contentUrl":"https:\/\/www.lifenatura.com\/wp-content\/uploads\/2021\/09\/gd_tonico-facial-micelar-peles-mistas-200ml-corpore-sano.jpg","width":1000,"height":1000,"caption":"T\u00f3nico facial micelar piel mista 200 ml - Corpore Sano"},{"@type":"BreadcrumbList","@id":"https:\/\/www.lifenatura.com\/es\/produto\/tonico-facial-micelar-piel-mista-200-ml-corpore-sano\/#breadcrumb","itemListElement":[{"@type":"ListItem","position":1,"name":"In\u00edcio","item":"https:\/\/www.lifenatura.com\/es\/"},{"@type":"ListItem","position":2,"name":"Todos los Productos","item":"https:\/\/www.lifenatura.com\/es\/tienda\/"},{"@type":"ListItem","position":3,"name":"T\u00f3nico facial micelar piel mista 200 ml &#8211; Corpore Sano"}]},{"@type":"WebSite","@id":"https:\/\/www.lifenatura.com\/es\/#website","url":"https:\/\/www.lifenatura.com\/es\/","name":"Lifenatura","description":"A Lifenatura \u00e9 uma loja de produtos naturais, cosm\u00e9tica natural e alimenta\u00e7\u00e3o Biol\u00f3gica.","publisher":{"@id":"https:\/\/www.lifenatura.com\/es\/#organization"},"potentialAction":[{"@type":"SearchAction","target":{"@type":"EntryPoint","urlTemplate":"https:\/\/www.lifenatura.com\/es\/?s={search_term_string}"},"query-input":{"@type":"PropertyValueSpecification","valueRequired":true,"valueName":"search_term_string"}}],"inLanguage":"es"},{"@type":"Organization","@id":"https:\/\/www.lifenatura.com\/es\/#organization","name":"Lifenatura","url":"https:\/\/www.lifenatura.com\/es\/","logo":{"@type":"ImageObject","inLanguage":"es","@id":"https:\/\/www.lifenatura.com\/es\/#\/schema\/logo\/image\/","url":"https:\/\/www.lifenatura.com\/wp-content\/uploads\/2021\/07\/logo.png","contentUrl":"https:\/\/www.lifenatura.com\/wp-content\/uploads\/2021\/07\/logo.png","width":175,"height":55,"caption":"Lifenatura"},"image":{"@id":"https:\/\/www.lifenatura.com\/es\/#\/schema\/logo\/image\/"},"sameAs":["https:\/\/www.facebook.com\/lifenatura","https:\/\/www.instagram.com\/lifenaturapt\/"],"hasMerchantReturnPolicy":{"@type":"MerchantReturnPolicy","merchantReturnLink":"https:\/\/www.lifenatura.com\/termos-condicoes-lifenatura\/"}}]},"product_price_amount":"10.70","product_price_currency":"EUR","og_availability":"instock","product_availability":"instock","product_retailer_item_id":"8414002084999","product_condition":"new"},"df_price":10.7,"df_sale_price":"","df_regular_price":10.7,"df_image_link":"https:\/\/www.lifenatura.com\/wp-content\/uploads\/2021\/09\/gd_tonico-facial-micelar-peles-mistas-200ml-corpore-sano-300x300.jpg","_links":{"self":[{"href":"https:\/\/www.lifenatura.com\/es\/wp-json\/wp\/v2\/product\/36697","targetHints":{"allow":["GET"]}}],"collection":[{"href":"https:\/\/www.lifenatura.com\/es\/wp-json\/wp\/v2\/product"}],"about":[{"href":"https:\/\/www.lifenatura.com\/es\/wp-json\/wp\/v2\/types\/product"}],"wp:featuredmedia":[{"embeddable":true,"href":"https:\/\/www.lifenatura.com\/es\/wp-json\/wp\/v2\/media\/18308"}],"wp:attachment":[{"href":"https:\/\/www.lifenatura.com\/es\/wp-json\/wp\/v2\/media?parent=36697"}],"wp:term":[{"taxonomy":"product_brand","embeddable":true,"href":"https:\/\/www.lifenatura.com\/es\/wp-json\/wp\/v2\/product_brand?post=36697"},{"taxonomy":"product_cat","embeddable":true,"href":"https:\/\/www.lifenatura.com\/es\/wp-json\/wp\/v2\/product_cat?post=36697"},{"taxonomy":"product_tag","embeddable":true,"href":"https:\/\/www.lifenatura.com\/es\/wp-json\/wp\/v2\/product_tag?post=36697"}],"curies":[{"name":"wp","href":"https:\/\/api.w.org\/{rel}","templated":true}]}}