{"id":36678,"date":"2021-09-30T09:35:15","date_gmt":"2021-09-30T09:35:15","guid":{"rendered":"https:\/\/lifenatura.dev.agenciagetdigital.com\/produto\/coloracion-semi-permanente-de-cabello-castano-60-ml-corpore-sano\/"},"modified":"2026-01-21T07:34:29","modified_gmt":"2026-01-21T07:34:29","slug":"coloracion-semi-permanente-de-cabello-castano-60-ml-corpore-sano","status":"publish","type":"product","link":"https:\/\/www.lifenatura.com\/es\/produto\/coloracion-semi-permanente-de-cabello-castano-60-ml-corpore-sano\/","title":{"rendered":"Coloraci\u00f3n semi-permanente de cabello casta\u00f1o 60 ml &#8211; Corpore Sano"},"content":{"rendered":"<p>Tinta semi-permanente sin amon\u00edaco o agua oxigenada: Color casta\u00f1o La tinta semi-permanente de color marr\u00f3n de la Corpore Sano es formulada a base de extracto de hena, proporciona tonos y brillos intensos de color, disfraza los cabellos blancos y cubre el cabello sin estropear el interior. Los reflejos de color desaparecen progresivamente con los lavados (entre 5 y 7 lavados), pudiendo prolongarlos con el uso del champ\u00fa de hena. Por ser una tinta a base de extractos naturales y no contener blanqueadores, no es posible pintar el pelo de tono oscuro para un tono m\u00e1s claro. Estos colores se pueden mezclar entre s\u00ed para obtener tonos intermedios. Es aconsejable realizar siempre una prueba de sensibilidad antes de su uso. PRESENTACI\u00d3N 60ml.<\/p>\n","protected":false},"excerpt":{"rendered":"<p>Tinta semi-permanente sin amon\u00edaco o agua oxigenada: Color casta\u00f1o La tinta semi-permanente de color marr\u00f3n de la Corpore Sano es formulada a base de extracto de hena, proporciona tonos y brillos intensos de color, disfraza los cabellos blancos y cubre el cabello sin estropear el interior. Los reflejos de color desaparecen progresivamente con los lavados [&#8230;]<\/p>\n<p><a class=\"btn btn-secondary understrap-read-more-link\" href=\"https:\/\/www.lifenatura.com\/es\/produto\/coloracion-semi-permanente-de-cabello-castano-60-ml-corpore-sano\/\">Leer m\u00e1s&#8230;<span class=\"screen-reader-text\"> from Coloraci\u00f3n semi-permanente de cabello casta\u00f1o 60 ml &#8211; Corpore Sano<\/span><\/a><\/p>\n","protected":false},"featured_media":18289,"template":"","meta":{"_acf_changed":false},"product_brand":[8513],"product_cat":[7124,7653,7128],"product_tag":[],"class_list":{"0":"post-36678","1":"product","2":"type-product","3":"status-publish","4":"has-post-thumbnail","6":"product_brand-corpore-sano","7":"product_cat-cabello","8":"product_cat-cosmetica-natural-lifenatura","9":"product_cat-tintes-sin-amoniaco","11":"first","12":"instock","13":"shipping-taxable","14":"purchasable","15":"product-type-simple","16":"add-to-wishlist-before_image"},"acf":[],"yoast_head":"<!-- This site is optimized with the Yoast SEO Premium plugin v27.1 (Yoast SEO v27.3) - https:\/\/yoast.com\/product\/yoast-seo-premium-wordpress\/ -->\n<title>Coloraci\u00f3n semi-permanente de cabello casta\u00f1o 60 ml - Corpore Sano<\/title>\n<meta name=\"description\" content=\"La tinta semi-permanente de color marr\u00f3n de la Corpore Sano es formulada a base de extracto de hena, proporciona tonos y brillos intensos de color,\" \/>\n<meta name=\"robots\" content=\"index, follow, max-snippet:-1, max-image-preview:large, max-video-preview:-1\" \/>\n<link rel=\"canonical\" href=\"https:\/\/www.lifenatura.com\/es\/produto\/coloracion-semi-permanente-de-cabello-castano-60-ml-corpore-sano\/\" \/>\n<meta property=\"og:locale\" content=\"es_ES\" \/>\n<meta property=\"og:type\" content=\"article\" \/>\n<meta property=\"og:title\" content=\"Coloraci\u00f3n semi-permanente de cabello casta\u00f1o 60 ml - Corpore Sano - Lifenatura\" \/>\n<meta property=\"og:description\" content=\"Compre aqui o seu Coloraci\u00f3n semi-permanente de cabello casta\u00f1o 60 ml - Corpore Sano e a Lifenatura Online envia em 48 H com Portes Gratis &gt;35\u20ac de Pedido.\" \/>\n<meta property=\"og:url\" content=\"https:\/\/www.lifenatura.com\/es\/produto\/coloracion-semi-permanente-de-cabello-castano-60-ml-corpore-sano\/\" \/>\n<meta property=\"og:site_name\" content=\"Lifenatura\" \/>\n<meta property=\"article:publisher\" content=\"https:\/\/www.facebook.com\/lifenatura\" \/>\n<meta property=\"article:modified_time\" content=\"2026-01-21T07:34:29+00:00\" \/>\n<meta property=\"og:image\" content=\"https:\/\/www.lifenatura.com\/wp-content\/uploads\/2021\/09\/gd_coloracao-semi-permanente-cabelo-castanho-60ml-corpore-sano.jpg\" \/>\n\t<meta property=\"og:image:width\" content=\"1000\" \/>\n\t<meta property=\"og:image:height\" content=\"1000\" \/>\n\t<meta property=\"og:image:type\" content=\"image\/jpeg\" \/>\n<meta name=\"twitter:card\" content=\"summary_large_image\" \/>\n<meta name=\"twitter:label1\" content=\"Precio\" \/>\n\t<meta name=\"twitter:data1\" content=\"8,90&nbsp;&euro;\" \/>\n\t<meta name=\"twitter:label2\" content=\"Disponibilidad\" \/>\n\t<meta name=\"twitter:data2\" content=\"Disponible\" \/>\n<meta property=\"product:price:amount\" content=\"8.90\" \/>\n<meta property=\"product:price:currency\" content=\"EUR\" \/>\n<meta property=\"og:availability\" content=\"instock\" \/>\n<meta property=\"product:availability\" content=\"instock\" \/>\n<meta property=\"product:retailer_item_id\" content=\"8491\" \/>\n<meta property=\"product:condition\" content=\"new\" \/>\n<!-- \/ Yoast SEO Premium plugin. -->","yoast_head_json":{"title":"Coloraci\u00f3n semi-permanente de cabello casta\u00f1o 60 ml - Corpore Sano","description":"La tinta semi-permanente de color marr\u00f3n de la Corpore Sano es formulada a base de extracto de hena, proporciona tonos y brillos intensos de color,","robots":{"index":"index","follow":"follow","max-snippet":"max-snippet:-1","max-image-preview":"max-image-preview:large","max-video-preview":"max-video-preview:-1"},"canonical":"https:\/\/www.lifenatura.com\/es\/produto\/coloracion-semi-permanente-de-cabello-castano-60-ml-corpore-sano\/","og_locale":"es_ES","og_type":"article","og_title":"Coloraci\u00f3n semi-permanente de cabello casta\u00f1o 60 ml - Corpore Sano - Lifenatura","og_description":"Compre aqui o seu Coloraci\u00f3n semi-permanente de cabello casta\u00f1o 60 ml - Corpore Sano e a Lifenatura Online envia em 48 H com Portes Gratis >35\u20ac de Pedido.","og_url":"https:\/\/www.lifenatura.com\/es\/produto\/coloracion-semi-permanente-de-cabello-castano-60-ml-corpore-sano\/","og_site_name":"Lifenatura","article_publisher":"https:\/\/www.facebook.com\/lifenatura","article_modified_time":"2026-01-21T07:34:29+00:00","og_image":[{"width":1000,"height":1000,"url":"https:\/\/www.lifenatura.com\/wp-content\/uploads\/2021\/09\/gd_coloracao-semi-permanente-cabelo-castanho-60ml-corpore-sano.jpg","type":"image\/jpeg"}],"twitter_card":"summary_large_image","twitter_misc":{"Precio":"8,90&nbsp;&euro;","Disponibilidad":"Disponible"},"schema":{"@context":"https:\/\/schema.org","@graph":[{"@type":"WebPage","@id":"https:\/\/www.lifenatura.com\/es\/produto\/coloracion-semi-permanente-de-cabello-castano-60-ml-corpore-sano\/","url":"https:\/\/www.lifenatura.com\/es\/produto\/coloracion-semi-permanente-de-cabello-castano-60-ml-corpore-sano\/","name":"Coloraci\u00f3n semi-permanente de cabello casta\u00f1o 60 ml - Corpore Sano","isPartOf":{"@id":"https:\/\/www.lifenatura.com\/es\/#website"},"primaryImageOfPage":{"@id":"https:\/\/www.lifenatura.com\/es\/produto\/coloracion-semi-permanente-de-cabello-castano-60-ml-corpore-sano\/#primaryimage"},"image":{"@id":"https:\/\/www.lifenatura.com\/es\/produto\/coloracion-semi-permanente-de-cabello-castano-60-ml-corpore-sano\/#primaryimage"},"thumbnailUrl":"https:\/\/www.lifenatura.com\/wp-content\/uploads\/2021\/09\/gd_coloracao-semi-permanente-cabelo-castanho-60ml-corpore-sano.jpg","datePublished":"2021-09-30T09:35:15+00:00","dateModified":"2026-01-21T07:34:29+00:00","description":"La tinta semi-permanente de color marr\u00f3n de la Corpore Sano es formulada a base de extracto de hena, proporciona tonos y brillos intensos de color,","breadcrumb":{"@id":"https:\/\/www.lifenatura.com\/es\/produto\/coloracion-semi-permanente-de-cabello-castano-60-ml-corpore-sano\/#breadcrumb"},"inLanguage":"es","potentialAction":[{"@type":"ReadAction","target":["https:\/\/www.lifenatura.com\/es\/produto\/coloracion-semi-permanente-de-cabello-castano-60-ml-corpore-sano\/"]}]},{"@type":"ImageObject","inLanguage":"es","@id":"https:\/\/www.lifenatura.com\/es\/produto\/coloracion-semi-permanente-de-cabello-castano-60-ml-corpore-sano\/#primaryimage","url":"https:\/\/www.lifenatura.com\/wp-content\/uploads\/2021\/09\/gd_coloracao-semi-permanente-cabelo-castanho-60ml-corpore-sano.jpg","contentUrl":"https:\/\/www.lifenatura.com\/wp-content\/uploads\/2021\/09\/gd_coloracao-semi-permanente-cabelo-castanho-60ml-corpore-sano.jpg","width":1000,"height":1000,"caption":"Coloraci\u00f3n semi-permanente de cabello casta\u00f1o 60 ml - Corpore Sano"},{"@type":"BreadcrumbList","@id":"https:\/\/www.lifenatura.com\/es\/produto\/coloracion-semi-permanente-de-cabello-castano-60-ml-corpore-sano\/#breadcrumb","itemListElement":[{"@type":"ListItem","position":1,"name":"In\u00edcio","item":"https:\/\/www.lifenatura.com\/es\/"},{"@type":"ListItem","position":2,"name":"Todos los Productos","item":"https:\/\/www.lifenatura.com\/es\/tienda\/"},{"@type":"ListItem","position":3,"name":"Coloraci\u00f3n semi-permanente de cabello casta\u00f1o 60 ml &#8211; Corpore Sano"}]},{"@type":"WebSite","@id":"https:\/\/www.lifenatura.com\/es\/#website","url":"https:\/\/www.lifenatura.com\/es\/","name":"Lifenatura","description":"A Lifenatura \u00e9 uma loja de produtos naturais, cosm\u00e9tica natural e alimenta\u00e7\u00e3o Biol\u00f3gica.","publisher":{"@id":"https:\/\/www.lifenatura.com\/es\/#organization"},"potentialAction":[{"@type":"SearchAction","target":{"@type":"EntryPoint","urlTemplate":"https:\/\/www.lifenatura.com\/es\/?s={search_term_string}"},"query-input":{"@type":"PropertyValueSpecification","valueRequired":true,"valueName":"search_term_string"}}],"inLanguage":"es"},{"@type":"Organization","@id":"https:\/\/www.lifenatura.com\/es\/#organization","name":"Lifenatura","url":"https:\/\/www.lifenatura.com\/es\/","logo":{"@type":"ImageObject","inLanguage":"es","@id":"https:\/\/www.lifenatura.com\/es\/#\/schema\/logo\/image\/","url":"https:\/\/www.lifenatura.com\/wp-content\/uploads\/2021\/11\/logo.png","contentUrl":"https:\/\/www.lifenatura.com\/wp-content\/uploads\/2021\/11\/logo.png","width":175,"height":55,"caption":"Lifenatura"},"image":{"@id":"https:\/\/www.lifenatura.com\/es\/#\/schema\/logo\/image\/"},"sameAs":["https:\/\/www.facebook.com\/lifenatura","https:\/\/www.instagram.com\/lifenaturapt\/"]}]},"product_price_amount":"8.90","product_price_currency":"EUR","og_availability":"instock","product_availability":"instock","product_retailer_item_id":"8491","product_condition":"new"},"df_price":8.9,"df_sale_price":"","df_regular_price":8.9,"df_image_link":"https:\/\/www.lifenatura.com\/wp-content\/uploads\/2021\/09\/gd_coloracao-semi-permanente-cabelo-castanho-60ml-corpore-sano-300x300.jpg","_links":{"self":[{"href":"https:\/\/www.lifenatura.com\/es\/wp-json\/wp\/v2\/product\/36678","targetHints":{"allow":["GET"]}}],"collection":[{"href":"https:\/\/www.lifenatura.com\/es\/wp-json\/wp\/v2\/product"}],"about":[{"href":"https:\/\/www.lifenatura.com\/es\/wp-json\/wp\/v2\/types\/product"}],"wp:featuredmedia":[{"embeddable":true,"href":"https:\/\/www.lifenatura.com\/es\/wp-json\/wp\/v2\/media\/18289"}],"wp:attachment":[{"href":"https:\/\/www.lifenatura.com\/es\/wp-json\/wp\/v2\/media?parent=36678"}],"wp:term":[{"taxonomy":"product_brand","embeddable":true,"href":"https:\/\/www.lifenatura.com\/es\/wp-json\/wp\/v2\/product_brand?post=36678"},{"taxonomy":"product_cat","embeddable":true,"href":"https:\/\/www.lifenatura.com\/es\/wp-json\/wp\/v2\/product_cat?post=36678"},{"taxonomy":"product_tag","embeddable":true,"href":"https:\/\/www.lifenatura.com\/es\/wp-json\/wp\/v2\/product_tag?post=36678"}],"curies":[{"name":"wp","href":"https:\/\/api.w.org\/{rel}","templated":true}]}}