{"id":36608,"date":"2021-09-30T09:34:16","date_gmt":"2021-09-30T09:34:16","guid":{"rendered":"https:\/\/lifenatura.dev.agenciagetdigital.com\/produto\/collaforce-skin-piel-cabello-y-unas-pack3-dietmed\/"},"modified":"2026-03-29T19:02:45","modified_gmt":"2026-03-29T19:02:45","slug":"collaforce-skin-piel-cabello-y-unas-pack3-dietmed","status":"publish","type":"product","link":"https:\/\/www.lifenatura.com\/es\/produto\/collaforce-skin-piel-cabello-y-unas-pack3-dietmed\/","title":{"rendered":"Collaforce Skin Piel, Cabello y U\u00f1as Lleve 4 Paga 3 &#8211; Dietmed"},"content":{"rendered":"<h2 style=\"text-align: left;\"><strong>Collaforce Skin fortalece tu cabello, piel y u\u00f1as con col\u00e1geno<\/strong><\/h2>\n<p>&nbsp;<\/p>\n<p>Collaforce Skin, Hair and Nails de Dietmed es un complemento alimenticio natural que contiene Vitamina C que contribuye a la formaci\u00f3n normal de col\u00e1geno para el funcionamiento normal de la piel. Tambi\u00e9n contiene biotina y zinc que contribuyen al mantenimiento de la piel y las u\u00f1as normales.<\/p>\n<p><strong>Ahora disponible en Pack promoci\u00f3n Lleve 4 Paga 3<\/strong><\/p>\n<p>Este suplemento de Col\u00e1geno m\u00e1s \u00c1cido Hialur\u00f3nico tiene como funci\u00f3n principal hacer el cabello m\u00e1s saludable, las u\u00f1as m\u00e1s resistentes y la piel m\u00e1s firme.<\/p>\n<p>Collaforce Piel, Cabello y U\u00f1as, ideal para quienes buscan un cuidado de belleza integral desde el interior, es la elecci\u00f3n perfecta para conseguir un aspecto joven y revitalizado.<\/p>\n<p><strong>Principales beneficios de Collaforce Piel, U\u00f1as y Cabello:<\/strong><\/p>\n<ul>\n<li><strong>Piel radiante e hidratada:<\/strong> El col\u00e1geno hidrolizado y el \u00e1cido hialur\u00f3nico proporcionan una hidrataci\u00f3n profunda, mejorando la elasticidad y firmeza de la piel y reduciendo las l\u00edneas finas y las arrugas.<\/li>\n<li><strong>Cabello fuerte y brillante:<\/strong> Las vitaminas y minerales de la f\u00f3rmula ayudan a fortalecer el cabello, favoreciendo un crecimiento sano y aumentando el brillo natural.<\/li>\n<li><strong>U\u00f1as sanas y resistentes:<\/strong> Contribuye a unas u\u00f1as m\u00e1s fuertes y menos quebradizas, favoreciendo un crecimiento sano y previniendo la fragilidad.<\/li>\n<\/ul>\n<p>Collaforce Piel, Cabello y U\u00f1as es un complemento alimenticio completo dise\u00f1ado para promover la salud y la belleza de la piel, fortalecer el cabello y reforzar las u\u00f1as. Su f\u00f3rmula combina col\u00e1geno hidrolizado, \u00e1cido hialur\u00f3nico, vitamina C, biotina, zinc y selenio, ingredientes esenciales para mantener la estructura, resistencia y vitalidad de los tejidos.<\/p>\n<p><strong>PRESENTACI\u00d3N <\/strong><\/p>\n<p>20 ampollas x 4<\/p>\n<p>&nbsp;<\/p>\n","protected":false},"excerpt":{"rendered":"<p>Collaforce Piel, Cabello y U\u00f1as ahora en un pack Lleve 4 Paga 3 con \u00c1cido Hialur\u00f3nico, Biotina y Vitamina C para un cabello m\u00e1s sano. [&#8230;]<\/p>\n<p><a class=\"btn btn-secondary understrap-read-more-link\" href=\"https:\/\/www.lifenatura.com\/es\/produto\/collaforce-skin-piel-cabello-y-unas-pack3-dietmed\/\">Leer m\u00e1s&#8230;<span class=\"screen-reader-text\"> from Collaforce Skin Piel, Cabello y U\u00f1as Lleve 4 Paga 3 &#8211; Dietmed<\/span><\/a><\/p>\n","protected":false},"featured_media":112321,"template":"","meta":{"_acf_changed":false},"product_brand":[8515],"product_cat":[7665,7689,7267,7659,7263,8048,7237,7239,7179],"product_tag":[],"class_list":{"0":"post-36608","1":"product","2":"type-product","3":"status-publish","4":"has-post-thumbnail","6":"product_brand-collaforce","7":"product_cat-acido-hialuronico-bio","8":"product_cat-colagenio-natural","9":"product_cat-collaforce-packs-salud","10":"product_cat-ingrediente-natural-bio","11":"product_cat-packs-de-salud","12":"product_cat-paga-3-lleva-4","13":"product_cat-pelo-unas","14":"product_cat-cuidado-de-la-piel","15":"product_cat-salud","16":"pa_dicas-collaforce-skin-para-que-sirve","18":"first","19":"instock","20":"sale","21":"shipping-taxable","22":"purchasable","23":"product-type-woosb","24":"add-to-wishlist-before_image"},"acf":[],"yoast_head":"<!-- This site is optimized with the Yoast SEO Premium plugin v27.1 (Yoast SEO v27.5) - https:\/\/yoast.com\/product\/yoast-seo-premium-wordpress\/ -->\n<title>Collaforce Skin, Cabello y U\u00f1as Lleve 4 Paga 3 - Lifenatura<\/title>\n<meta name=\"description\" content=\"Collaforce Piel, Cabello y U\u00f1as ahora en un pack Lleve 4 Paga 3 con \u00c1cido Hialur\u00f3nico, Biotina y Vitamina C para un cabello m\u00e1s sano.\" \/>\n<meta name=\"robots\" content=\"index, follow, max-snippet:-1, max-image-preview:large, max-video-preview:-1\" \/>\n<link rel=\"canonical\" href=\"https:\/\/www.lifenatura.com\/es\/produto\/collaforce-skin-piel-cabello-y-unas-pack3-dietmed\/\" \/>\n<meta property=\"og:locale\" content=\"es_ES\" \/>\n<meta property=\"og:type\" content=\"article\" \/>\n<meta property=\"og:title\" content=\"Collaforce Skin Piel, Cabello y U\u00f1as Lleve 4 Paga 3 - Dietmed - Na Lifenatura ao Melhor Pre\u00e7o | Envio 48h\" \/>\n<meta property=\"og:description\" content=\"Compre Collaforce Skin Piel, Cabello y U\u00f1as Lleve 4 Paga 3 - Dietmed com envio r\u00e1pido. Entrega em 48h e portes gr\u00e1tis em compras &gt;35\u20ac. Aproveite j\u00e1 na Lifenatura\" \/>\n<meta property=\"og:url\" content=\"https:\/\/www.lifenatura.com\/es\/produto\/collaforce-skin-piel-cabello-y-unas-pack3-dietmed\/\" \/>\n<meta property=\"og:site_name\" content=\"Lifenatura\" \/>\n<meta property=\"article:publisher\" content=\"https:\/\/www.facebook.com\/lifenatura\" \/>\n<meta property=\"article:modified_time\" content=\"2026-03-29T19:02:45+00:00\" \/>\n<meta property=\"og:image\" content=\"https:\/\/www.lifenatura.com\/wp-content\/uploads\/2025\/05\/collaforce-skin-nails-l4p3.jpg\" \/>\n\t<meta property=\"og:image:width\" content=\"1000\" \/>\n\t<meta property=\"og:image:height\" content=\"1000\" \/>\n\t<meta property=\"og:image:type\" content=\"image\/jpeg\" \/>\n<meta name=\"twitter:card\" content=\"summary_large_image\" \/>\n<meta name=\"twitter:label1\" content=\"Precio\" \/>\n\t<meta name=\"twitter:data1\" content=\"88,36&nbsp;&euro;\" \/>\n\t<meta name=\"twitter:label2\" content=\"Disponibilidad\" \/>\n\t<meta name=\"twitter:data2\" content=\"Disponible\" \/>\n<script type=\"application\/ld+json\" class=\"yoast-schema-graph\">{\"@context\":\"https:\\\/\\\/schema.org\",\"@graph\":[{\"@type\":\"WebPage\",\"@id\":\"https:\\\/\\\/www.lifenatura.com\\\/es\\\/produto\\\/collaforce-skin-piel-cabello-y-unas-pack3-dietmed\\\/\",\"url\":\"https:\\\/\\\/www.lifenatura.com\\\/es\\\/produto\\\/collaforce-skin-piel-cabello-y-unas-pack3-dietmed\\\/\",\"name\":\"Collaforce Skin, Cabello y U\u00f1as Lleve 4 Paga 3 - Lifenatura\",\"isPartOf\":{\"@id\":\"https:\\\/\\\/www.lifenatura.com\\\/es\\\/#website\"},\"primaryImageOfPage\":{\"@id\":\"https:\\\/\\\/www.lifenatura.com\\\/es\\\/produto\\\/collaforce-skin-piel-cabello-y-unas-pack3-dietmed\\\/#primaryimage\"},\"image\":{\"@id\":\"https:\\\/\\\/www.lifenatura.com\\\/es\\\/produto\\\/collaforce-skin-piel-cabello-y-unas-pack3-dietmed\\\/#primaryimage\"},\"thumbnailUrl\":\"https:\\\/\\\/www.lifenatura.com\\\/wp-content\\\/uploads\\\/2025\\\/05\\\/collaforce-skin-nails-l4p3.jpg\",\"datePublished\":\"2021-09-30T09:34:16+00:00\",\"dateModified\":\"2026-03-29T19:02:45+00:00\",\"description\":\"Collaforce Piel, Cabello y U\u00f1as ahora en un pack Lleve 4 Paga 3 con \u00c1cido Hialur\u00f3nico, Biotina y Vitamina C para un cabello m\u00e1s sano.\",\"breadcrumb\":{\"@id\":\"https:\\\/\\\/www.lifenatura.com\\\/es\\\/produto\\\/collaforce-skin-piel-cabello-y-unas-pack3-dietmed\\\/#breadcrumb\"},\"inLanguage\":\"es\",\"potentialAction\":[{\"@type\":\"ReadAction\",\"target\":[\"https:\\\/\\\/www.lifenatura.com\\\/es\\\/produto\\\/collaforce-skin-piel-cabello-y-unas-pack3-dietmed\\\/\"]}]},{\"@type\":\"ImageObject\",\"inLanguage\":\"es\",\"@id\":\"https:\\\/\\\/www.lifenatura.com\\\/es\\\/produto\\\/collaforce-skin-piel-cabello-y-unas-pack3-dietmed\\\/#primaryimage\",\"url\":\"https:\\\/\\\/www.lifenatura.com\\\/wp-content\\\/uploads\\\/2025\\\/05\\\/collaforce-skin-nails-l4p3.jpg\",\"contentUrl\":\"https:\\\/\\\/www.lifenatura.com\\\/wp-content\\\/uploads\\\/2025\\\/05\\\/collaforce-skin-nails-l4p3.jpg\",\"width\":1000,\"height\":1000,\"caption\":\"Collaforce skin pele, unhas e cabelo com pack Leve 4 Pague 3\"},{\"@type\":\"BreadcrumbList\",\"@id\":\"https:\\\/\\\/www.lifenatura.com\\\/es\\\/produto\\\/collaforce-skin-piel-cabello-y-unas-pack3-dietmed\\\/#breadcrumb\",\"itemListElement\":[{\"@type\":\"ListItem\",\"position\":1,\"name\":\"In\u00edcio\",\"item\":\"https:\\\/\\\/www.lifenatura.com\\\/es\\\/\"},{\"@type\":\"ListItem\",\"position\":2,\"name\":\"Todos los Productos\",\"item\":\"https:\\\/\\\/www.lifenatura.com\\\/es\\\/tienda\\\/\"},{\"@type\":\"ListItem\",\"position\":3,\"name\":\"Collaforce Skin Piel, Cabello y U\u00f1as Lleve 4 Paga 3 &#8211; Dietmed\"}]},{\"@type\":\"WebSite\",\"@id\":\"https:\\\/\\\/www.lifenatura.com\\\/es\\\/#website\",\"url\":\"https:\\\/\\\/www.lifenatura.com\\\/es\\\/\",\"name\":\"Lifenatura\",\"description\":\"A Lifenatura \u00e9 uma loja de produtos naturais, cosm\u00e9tica natural e alimenta\u00e7\u00e3o Biol\u00f3gica.\",\"publisher\":{\"@id\":\"https:\\\/\\\/www.lifenatura.com\\\/es\\\/#organization\"},\"potentialAction\":[{\"@type\":\"SearchAction\",\"target\":{\"@type\":\"EntryPoint\",\"urlTemplate\":\"https:\\\/\\\/www.lifenatura.com\\\/es\\\/?s={search_term_string}\"},\"query-input\":{\"@type\":\"PropertyValueSpecification\",\"valueRequired\":true,\"valueName\":\"search_term_string\"}}],\"inLanguage\":\"es\"},{\"@type\":\"Organization\",\"@id\":\"https:\\\/\\\/www.lifenatura.com\\\/es\\\/#organization\",\"name\":\"Lifenatura\",\"url\":\"https:\\\/\\\/www.lifenatura.com\\\/es\\\/\",\"logo\":{\"@type\":\"ImageObject\",\"inLanguage\":\"es\",\"@id\":\"https:\\\/\\\/www.lifenatura.com\\\/es\\\/#\\\/schema\\\/logo\\\/image\\\/\",\"url\":\"https:\\\/\\\/www.lifenatura.com\\\/wp-content\\\/uploads\\\/2021\\\/07\\\/logo.png\",\"contentUrl\":\"https:\\\/\\\/www.lifenatura.com\\\/wp-content\\\/uploads\\\/2021\\\/07\\\/logo.png\",\"width\":175,\"height\":55,\"caption\":\"Lifenatura\"},\"image\":{\"@id\":\"https:\\\/\\\/www.lifenatura.com\\\/es\\\/#\\\/schema\\\/logo\\\/image\\\/\"},\"sameAs\":[\"https:\\\/\\\/www.facebook.com\\\/lifenatura\",\"https:\\\/\\\/www.instagram.com\\\/lifenaturapt\\\/\"],\"hasMerchantReturnPolicy\":{\"@type\":\"MerchantReturnPolicy\",\"merchantReturnLink\":\"https:\\\/\\\/www.lifenatura.com\\\/termos-condicoes-lifenatura\\\/\"}}]}<\/script>\n<meta property=\"product:price:amount\" content=\"88.36\" \/>\n<meta property=\"product:price:currency\" content=\"EUR\" \/>\n<meta property=\"og:availability\" content=\"instock\" \/>\n<meta property=\"product:availability\" content=\"instock\" \/>\n<meta property=\"product:retailer_item_id\" content=\"56054811014722\" \/>\n<meta property=\"product:condition\" content=\"new\" \/>\n<!-- \/ Yoast SEO Premium plugin. -->","yoast_head_json":{"title":"Collaforce Skin, Cabello y U\u00f1as Lleve 4 Paga 3 - Lifenatura","description":"Collaforce Piel, Cabello y U\u00f1as ahora en un pack Lleve 4 Paga 3 con \u00c1cido Hialur\u00f3nico, Biotina y Vitamina C para un cabello m\u00e1s sano.","robots":{"index":"index","follow":"follow","max-snippet":"max-snippet:-1","max-image-preview":"max-image-preview:large","max-video-preview":"max-video-preview:-1"},"canonical":"https:\/\/www.lifenatura.com\/es\/produto\/collaforce-skin-piel-cabello-y-unas-pack3-dietmed\/","og_locale":"es_ES","og_type":"article","og_title":"Collaforce Skin Piel, Cabello y U\u00f1as Lleve 4 Paga 3 - Dietmed - Na Lifenatura ao Melhor Pre\u00e7o | Envio 48h","og_description":"Compre Collaforce Skin Piel, Cabello y U\u00f1as Lleve 4 Paga 3 - Dietmed com envio r\u00e1pido. Entrega em 48h e portes gr\u00e1tis em compras >35\u20ac. Aproveite j\u00e1 na Lifenatura","og_url":"https:\/\/www.lifenatura.com\/es\/produto\/collaforce-skin-piel-cabello-y-unas-pack3-dietmed\/","og_site_name":"Lifenatura","article_publisher":"https:\/\/www.facebook.com\/lifenatura","article_modified_time":"2026-03-29T19:02:45+00:00","og_image":[{"width":1000,"height":1000,"url":"https:\/\/www.lifenatura.com\/wp-content\/uploads\/2025\/05\/collaforce-skin-nails-l4p3.jpg","type":"image\/jpeg"}],"twitter_card":"summary_large_image","twitter_misc":{"Precio":"88,36&nbsp;&euro;","Disponibilidad":"Disponible"},"schema":{"@context":"https:\/\/schema.org","@graph":[{"@type":"WebPage","@id":"https:\/\/www.lifenatura.com\/es\/produto\/collaforce-skin-piel-cabello-y-unas-pack3-dietmed\/","url":"https:\/\/www.lifenatura.com\/es\/produto\/collaforce-skin-piel-cabello-y-unas-pack3-dietmed\/","name":"Collaforce Skin, Cabello y U\u00f1as Lleve 4 Paga 3 - Lifenatura","isPartOf":{"@id":"https:\/\/www.lifenatura.com\/es\/#website"},"primaryImageOfPage":{"@id":"https:\/\/www.lifenatura.com\/es\/produto\/collaforce-skin-piel-cabello-y-unas-pack3-dietmed\/#primaryimage"},"image":{"@id":"https:\/\/www.lifenatura.com\/es\/produto\/collaforce-skin-piel-cabello-y-unas-pack3-dietmed\/#primaryimage"},"thumbnailUrl":"https:\/\/www.lifenatura.com\/wp-content\/uploads\/2025\/05\/collaforce-skin-nails-l4p3.jpg","datePublished":"2021-09-30T09:34:16+00:00","dateModified":"2026-03-29T19:02:45+00:00","description":"Collaforce Piel, Cabello y U\u00f1as ahora en un pack Lleve 4 Paga 3 con \u00c1cido Hialur\u00f3nico, Biotina y Vitamina C para un cabello m\u00e1s sano.","breadcrumb":{"@id":"https:\/\/www.lifenatura.com\/es\/produto\/collaforce-skin-piel-cabello-y-unas-pack3-dietmed\/#breadcrumb"},"inLanguage":"es","potentialAction":[{"@type":"ReadAction","target":["https:\/\/www.lifenatura.com\/es\/produto\/collaforce-skin-piel-cabello-y-unas-pack3-dietmed\/"]}]},{"@type":"ImageObject","inLanguage":"es","@id":"https:\/\/www.lifenatura.com\/es\/produto\/collaforce-skin-piel-cabello-y-unas-pack3-dietmed\/#primaryimage","url":"https:\/\/www.lifenatura.com\/wp-content\/uploads\/2025\/05\/collaforce-skin-nails-l4p3.jpg","contentUrl":"https:\/\/www.lifenatura.com\/wp-content\/uploads\/2025\/05\/collaforce-skin-nails-l4p3.jpg","width":1000,"height":1000,"caption":"Collaforce skin pele, unhas e cabelo com pack Leve 4 Pague 3"},{"@type":"BreadcrumbList","@id":"https:\/\/www.lifenatura.com\/es\/produto\/collaforce-skin-piel-cabello-y-unas-pack3-dietmed\/#breadcrumb","itemListElement":[{"@type":"ListItem","position":1,"name":"In\u00edcio","item":"https:\/\/www.lifenatura.com\/es\/"},{"@type":"ListItem","position":2,"name":"Todos los Productos","item":"https:\/\/www.lifenatura.com\/es\/tienda\/"},{"@type":"ListItem","position":3,"name":"Collaforce Skin Piel, Cabello y U\u00f1as Lleve 4 Paga 3 &#8211; Dietmed"}]},{"@type":"WebSite","@id":"https:\/\/www.lifenatura.com\/es\/#website","url":"https:\/\/www.lifenatura.com\/es\/","name":"Lifenatura","description":"A Lifenatura \u00e9 uma loja de produtos naturais, cosm\u00e9tica natural e alimenta\u00e7\u00e3o Biol\u00f3gica.","publisher":{"@id":"https:\/\/www.lifenatura.com\/es\/#organization"},"potentialAction":[{"@type":"SearchAction","target":{"@type":"EntryPoint","urlTemplate":"https:\/\/www.lifenatura.com\/es\/?s={search_term_string}"},"query-input":{"@type":"PropertyValueSpecification","valueRequired":true,"valueName":"search_term_string"}}],"inLanguage":"es"},{"@type":"Organization","@id":"https:\/\/www.lifenatura.com\/es\/#organization","name":"Lifenatura","url":"https:\/\/www.lifenatura.com\/es\/","logo":{"@type":"ImageObject","inLanguage":"es","@id":"https:\/\/www.lifenatura.com\/es\/#\/schema\/logo\/image\/","url":"https:\/\/www.lifenatura.com\/wp-content\/uploads\/2021\/07\/logo.png","contentUrl":"https:\/\/www.lifenatura.com\/wp-content\/uploads\/2021\/07\/logo.png","width":175,"height":55,"caption":"Lifenatura"},"image":{"@id":"https:\/\/www.lifenatura.com\/es\/#\/schema\/logo\/image\/"},"sameAs":["https:\/\/www.facebook.com\/lifenatura","https:\/\/www.instagram.com\/lifenaturapt\/"],"hasMerchantReturnPolicy":{"@type":"MerchantReturnPolicy","merchantReturnLink":"https:\/\/www.lifenatura.com\/termos-condicoes-lifenatura\/"}}]},"product_price_amount":"88.36","product_price_currency":"EUR","og_availability":"instock","product_availability":"instock","product_retailer_item_id":"56054811014722","product_condition":"new"},"df_price":88.36,"df_sale_price":88.38,"df_regular_price":147.28,"df_image_link":"https:\/\/www.lifenatura.com\/wp-content\/uploads\/2025\/05\/collaforce-skin-nails-l4p3-300x300.jpg","_links":{"self":[{"href":"https:\/\/www.lifenatura.com\/es\/wp-json\/wp\/v2\/product\/36608","targetHints":{"allow":["GET"]}}],"collection":[{"href":"https:\/\/www.lifenatura.com\/es\/wp-json\/wp\/v2\/product"}],"about":[{"href":"https:\/\/www.lifenatura.com\/es\/wp-json\/wp\/v2\/types\/product"}],"wp:featuredmedia":[{"embeddable":true,"href":"https:\/\/www.lifenatura.com\/es\/wp-json\/wp\/v2\/media\/112321"}],"wp:attachment":[{"href":"https:\/\/www.lifenatura.com\/es\/wp-json\/wp\/v2\/media?parent=36608"}],"wp:term":[{"taxonomy":"product_brand","embeddable":true,"href":"https:\/\/www.lifenatura.com\/es\/wp-json\/wp\/v2\/product_brand?post=36608"},{"taxonomy":"product_cat","embeddable":true,"href":"https:\/\/www.lifenatura.com\/es\/wp-json\/wp\/v2\/product_cat?post=36608"},{"taxonomy":"product_tag","embeddable":true,"href":"https:\/\/www.lifenatura.com\/es\/wp-json\/wp\/v2\/product_tag?post=36608"}],"curies":[{"name":"wp","href":"https:\/\/api.w.org\/{rel}","templated":true}]}}