{"id":36607,"date":"2021-09-30T09:34:16","date_gmt":"2021-09-30T09:34:16","guid":{"rendered":"https:\/\/lifenatura.dev.agenciagetdigital.com\/produto\/super-collaforce-10000-pack-3-dietmed\/"},"modified":"2026-03-29T19:02:25","modified_gmt":"2026-03-29T19:02:25","slug":"super-collaforce-10000-pack-3-dietmed","status":"publish","type":"product","link":"https:\/\/www.lifenatura.com\/es\/produto\/super-collaforce-10000-pack-3-dietmed\/","title":{"rendered":"Super Collaforce 10000 Pack Lleve 4 Pago 3"},"content":{"rendered":"<h2 style=\"text-align: left;\"><strong>Collaforce Super aumenta los niveles de col\u00e1geno &#8211; Lleve 4 Pago 3<\/strong><\/h2>\n<p>&nbsp;<\/p>\n<p>Super Collaforce contiene col\u00e1geno que es una prote\u00edna de fundamental importancia en la formaci\u00f3n de la matriz celular del tejido conectivo, siendo responsable de la gran mayor\u00eda de sus propiedades f\u00edsicas.<\/p>\n<p><strong>Ahora disponible en pack promoci\u00f3n Lleve 4 Pago 3<\/strong><\/p>\n<p>El col\u00e1geno se considera el cemento del organismo, por su estructura y funciones de soporte. Para la salud, el col\u00e1geno adquiere importancia en la definici\u00f3n de la estructura de la piel, tejido conectivo, tendones, huesos y cart\u00edlagos.<\/p>\n<p>La vitamina C contribuye a la formaci\u00f3n normal de col\u00e1geno para el funcionamiento normal del cart\u00edlago, el funcionamiento normal de los huesos y el funcionamiento normal de la piel.<\/p>\n<p>Con una f\u00f3rmula enriquecida con vitaminas y minerales esenciales, Super Collaforce 10000 es perfecto para integrarlo en su rutina diaria de cuidado de la salud.<\/p>\n<p><strong>Principales beneficios de Super Collaforce 10000:<\/strong><\/p>\n<ul>\n<li><strong>Alta Concentraci\u00f3n de Col\u00e1geno:<\/strong> Con 10000 mg de col\u00e1geno hidrolizado por dosis, ofrece un s\u00f3lido apoyo para la regeneraci\u00f3n del cart\u00edlago y la mejora de la elasticidad de la piel.<\/li>\n<li><strong>Salud articular:<\/strong> Ayuda a mantener las articulaciones sanas y flexibles, favoreciendo la regeneraci\u00f3n del cart\u00edlago y reduciendo el dolor y las molestias.<\/li>\n<li><strong>Fortalecimiento \u00f3seo:<\/strong> Ayuda a mantener unos huesos fuertes y resistentes, previniendo la osteoporosis y otras afecciones \u00f3seas.<\/li>\n<\/ul>\n<p><strong>PRESENTACI\u00d3N <\/strong><\/p>\n<p>450 g x 4<\/p>\n<p>&nbsp;<\/p>\n","protected":false},"excerpt":{"rendered":"<p>Super Collaforce Lleve 4 Pago 3 contiene el col\u00e1geno que es una prote\u00edna con importancia en la constituci\u00f3n de la matriz celular del tejido conectivo. [&#8230;]<\/p>\n<p><a class=\"btn btn-secondary understrap-read-more-link\" href=\"https:\/\/www.lifenatura.com\/es\/produto\/super-collaforce-10000-pack-3-dietmed\/\">Leer m\u00e1s&#8230;<span class=\"screen-reader-text\"> from Super Collaforce 10000 Pack Lleve 4 Pago 3<\/span><\/a><\/p>\n","protected":false},"featured_media":112325,"template":"","meta":{"_acf_changed":false},"product_brand":[8515],"product_cat":[7665,7205,7689,7267,7659,7263,8048,7179],"product_tag":[],"class_list":{"0":"post-36607","1":"product","2":"type-product","3":"status-publish","4":"has-post-thumbnail","6":"product_brand-collaforce","7":"product_cat-acido-hialuronico-bio","8":"product_cat-articulaciones","9":"product_cat-colagenio-natural","10":"product_cat-collaforce-packs-salud","11":"product_cat-ingrediente-natural-bio","12":"product_cat-packs-de-salud","13":"product_cat-paga-3-lleva-4","14":"product_cat-salud","15":"pa_dicas-collaforce-10000-para-que-sirve","17":"first","18":"instock","19":"sale","20":"shipping-taxable","21":"purchasable","22":"product-type-woosb","23":"add-to-wishlist-before_image"},"acf":[],"yoast_head":"<!-- This site is optimized with the Yoast SEO Premium plugin v27.1 (Yoast SEO v27.5) - https:\/\/yoast.com\/product\/yoast-seo-premium-wordpress\/ -->\n<title>Super Collaforce 10000 Pack Lleve 4 Pago 3 - Na Lifenatura ao Melhor Pre\u00e7o | Envio em 48h<\/title>\n<meta name=\"description\" content=\"Super Collaforce ahora en pack Lleve 4 Pago 3 contiene el col\u00e1geno que es una prote\u00edna con importancia en la constituci\u00f3n de la matriz celular del tejido.\" \/>\n<meta name=\"robots\" content=\"index, follow, max-snippet:-1, max-image-preview:large, max-video-preview:-1\" \/>\n<link rel=\"canonical\" href=\"https:\/\/www.lifenatura.com\/es\/produto\/super-collaforce-10000-pack-3-dietmed\/\" \/>\n<meta property=\"og:locale\" content=\"es_ES\" \/>\n<meta property=\"og:type\" content=\"article\" \/>\n<meta property=\"og:title\" content=\"Super Collaforce 10000 Pack Lleve 4 Pago 3 - Na Lifenatura ao Melhor Pre\u00e7o | Envio 48h\" \/>\n<meta property=\"og:description\" content=\"Compre Super Collaforce 10000 Pack Lleve 4 Pago 3 com envio r\u00e1pido. Entrega em 48h e portes gr\u00e1tis em compras &gt;35\u20ac. Aproveite j\u00e1 na Lifenatura\" \/>\n<meta property=\"og:url\" content=\"https:\/\/www.lifenatura.com\/es\/produto\/super-collaforce-10000-pack-3-dietmed\/\" \/>\n<meta property=\"og:site_name\" content=\"Lifenatura\" \/>\n<meta property=\"article:publisher\" content=\"https:\/\/www.facebook.com\/lifenatura\" \/>\n<meta property=\"article:modified_time\" content=\"2026-03-29T19:02:25+00:00\" \/>\n<meta property=\"og:image\" content=\"https:\/\/www.lifenatura.com\/wp-content\/uploads\/2025\/05\/collaforce-super-l4p3.jpg\" \/>\n\t<meta property=\"og:image:width\" content=\"1000\" \/>\n\t<meta property=\"og:image:height\" content=\"1000\" \/>\n\t<meta property=\"og:image:type\" content=\"image\/jpeg\" \/>\n<meta name=\"twitter:card\" content=\"summary_large_image\" \/>\n<meta name=\"twitter:label1\" content=\"Precio\" \/>\n\t<meta name=\"twitter:data1\" content=\"72,52&nbsp;&euro;\" \/>\n\t<meta name=\"twitter:label2\" content=\"Disponibilidad\" \/>\n\t<meta name=\"twitter:data2\" content=\"Disponible\" \/>\n<script type=\"application\/ld+json\" class=\"yoast-schema-graph\">{\"@context\":\"https:\\\/\\\/schema.org\",\"@graph\":[{\"@type\":\"WebPage\",\"@id\":\"https:\\\/\\\/www.lifenatura.com\\\/es\\\/produto\\\/super-collaforce-10000-pack-3-dietmed\\\/\",\"url\":\"https:\\\/\\\/www.lifenatura.com\\\/es\\\/produto\\\/super-collaforce-10000-pack-3-dietmed\\\/\",\"name\":\"Super Collaforce 10000 Pack Lleve 4 Pago 3 - Na Lifenatura ao Melhor Pre\u00e7o | Envio em 48h\",\"isPartOf\":{\"@id\":\"https:\\\/\\\/www.lifenatura.com\\\/es\\\/#website\"},\"primaryImageOfPage\":{\"@id\":\"https:\\\/\\\/www.lifenatura.com\\\/es\\\/produto\\\/super-collaforce-10000-pack-3-dietmed\\\/#primaryimage\"},\"image\":{\"@id\":\"https:\\\/\\\/www.lifenatura.com\\\/es\\\/produto\\\/super-collaforce-10000-pack-3-dietmed\\\/#primaryimage\"},\"thumbnailUrl\":\"https:\\\/\\\/www.lifenatura.com\\\/wp-content\\\/uploads\\\/2025\\\/05\\\/collaforce-super-l4p3.jpg\",\"datePublished\":\"2021-09-30T09:34:16+00:00\",\"dateModified\":\"2026-03-29T19:02:25+00:00\",\"description\":\"Super Collaforce ahora en pack Lleve 4 Pago 3 contiene el col\u00e1geno que es una prote\u00edna con importancia en la constituci\u00f3n de la matriz celular del tejido.\",\"breadcrumb\":{\"@id\":\"https:\\\/\\\/www.lifenatura.com\\\/es\\\/produto\\\/super-collaforce-10000-pack-3-dietmed\\\/#breadcrumb\"},\"inLanguage\":\"es\",\"potentialAction\":[{\"@type\":\"ReadAction\",\"target\":[\"https:\\\/\\\/www.lifenatura.com\\\/es\\\/produto\\\/super-collaforce-10000-pack-3-dietmed\\\/\"]}]},{\"@type\":\"ImageObject\",\"inLanguage\":\"es\",\"@id\":\"https:\\\/\\\/www.lifenatura.com\\\/es\\\/produto\\\/super-collaforce-10000-pack-3-dietmed\\\/#primaryimage\",\"url\":\"https:\\\/\\\/www.lifenatura.com\\\/wp-content\\\/uploads\\\/2025\\\/05\\\/collaforce-super-l4p3.jpg\",\"contentUrl\":\"https:\\\/\\\/www.lifenatura.com\\\/wp-content\\\/uploads\\\/2025\\\/05\\\/collaforce-super-l4p3.jpg\",\"width\":1000,\"height\":1000,\"caption\":\"Collaforce super Leve 4 pague 3\"},{\"@type\":\"BreadcrumbList\",\"@id\":\"https:\\\/\\\/www.lifenatura.com\\\/es\\\/produto\\\/super-collaforce-10000-pack-3-dietmed\\\/#breadcrumb\",\"itemListElement\":[{\"@type\":\"ListItem\",\"position\":1,\"name\":\"In\u00edcio\",\"item\":\"https:\\\/\\\/www.lifenatura.com\\\/es\\\/\"},{\"@type\":\"ListItem\",\"position\":2,\"name\":\"Todos los Productos\",\"item\":\"https:\\\/\\\/www.lifenatura.com\\\/es\\\/tienda\\\/\"},{\"@type\":\"ListItem\",\"position\":3,\"name\":\"Super Collaforce 10000 Pack Lleve 4 Pago 3\"}]},{\"@type\":\"WebSite\",\"@id\":\"https:\\\/\\\/www.lifenatura.com\\\/es\\\/#website\",\"url\":\"https:\\\/\\\/www.lifenatura.com\\\/es\\\/\",\"name\":\"Lifenatura\",\"description\":\"A Lifenatura \u00e9 uma loja de produtos naturais, cosm\u00e9tica natural e alimenta\u00e7\u00e3o Biol\u00f3gica.\",\"publisher\":{\"@id\":\"https:\\\/\\\/www.lifenatura.com\\\/es\\\/#organization\"},\"potentialAction\":[{\"@type\":\"SearchAction\",\"target\":{\"@type\":\"EntryPoint\",\"urlTemplate\":\"https:\\\/\\\/www.lifenatura.com\\\/es\\\/?s={search_term_string}\"},\"query-input\":{\"@type\":\"PropertyValueSpecification\",\"valueRequired\":true,\"valueName\":\"search_term_string\"}}],\"inLanguage\":\"es\"},{\"@type\":\"Organization\",\"@id\":\"https:\\\/\\\/www.lifenatura.com\\\/es\\\/#organization\",\"name\":\"Lifenatura\",\"url\":\"https:\\\/\\\/www.lifenatura.com\\\/es\\\/\",\"logo\":{\"@type\":\"ImageObject\",\"inLanguage\":\"es\",\"@id\":\"https:\\\/\\\/www.lifenatura.com\\\/es\\\/#\\\/schema\\\/logo\\\/image\\\/\",\"url\":\"https:\\\/\\\/www.lifenatura.com\\\/wp-content\\\/uploads\\\/2021\\\/07\\\/logo.png\",\"contentUrl\":\"https:\\\/\\\/www.lifenatura.com\\\/wp-content\\\/uploads\\\/2021\\\/07\\\/logo.png\",\"width\":175,\"height\":55,\"caption\":\"Lifenatura\"},\"image\":{\"@id\":\"https:\\\/\\\/www.lifenatura.com\\\/es\\\/#\\\/schema\\\/logo\\\/image\\\/\"},\"sameAs\":[\"https:\\\/\\\/www.facebook.com\\\/lifenatura\",\"https:\\\/\\\/www.instagram.com\\\/lifenaturapt\\\/\"],\"hasMerchantReturnPolicy\":{\"@type\":\"MerchantReturnPolicy\",\"merchantReturnLink\":\"https:\\\/\\\/www.lifenatura.com\\\/termos-condicoes-lifenatura\\\/\"}}]}<\/script>\n<meta property=\"product:price:amount\" content=\"72.52\" \/>\n<meta property=\"product:price:currency\" content=\"EUR\" \/>\n<meta property=\"og:availability\" content=\"instock\" \/>\n<meta property=\"product:availability\" content=\"instock\" \/>\n<meta property=\"product:retailer_item_id\" content=\"56054811124233\" \/>\n<meta property=\"product:condition\" content=\"new\" \/>\n<!-- \/ Yoast SEO Premium plugin. -->","yoast_head_json":{"title":"Super Collaforce 10000 Pack Lleve 4 Pago 3 - Na Lifenatura ao Melhor Pre\u00e7o | Envio em 48h","description":"Super Collaforce ahora en pack Lleve 4 Pago 3 contiene el col\u00e1geno que es una prote\u00edna con importancia en la constituci\u00f3n de la matriz celular del tejido.","robots":{"index":"index","follow":"follow","max-snippet":"max-snippet:-1","max-image-preview":"max-image-preview:large","max-video-preview":"max-video-preview:-1"},"canonical":"https:\/\/www.lifenatura.com\/es\/produto\/super-collaforce-10000-pack-3-dietmed\/","og_locale":"es_ES","og_type":"article","og_title":"Super Collaforce 10000 Pack Lleve 4 Pago 3 - Na Lifenatura ao Melhor Pre\u00e7o | Envio 48h","og_description":"Compre Super Collaforce 10000 Pack Lleve 4 Pago 3 com envio r\u00e1pido. Entrega em 48h e portes gr\u00e1tis em compras >35\u20ac. Aproveite j\u00e1 na Lifenatura","og_url":"https:\/\/www.lifenatura.com\/es\/produto\/super-collaforce-10000-pack-3-dietmed\/","og_site_name":"Lifenatura","article_publisher":"https:\/\/www.facebook.com\/lifenatura","article_modified_time":"2026-03-29T19:02:25+00:00","og_image":[{"width":1000,"height":1000,"url":"https:\/\/www.lifenatura.com\/wp-content\/uploads\/2025\/05\/collaforce-super-l4p3.jpg","type":"image\/jpeg"}],"twitter_card":"summary_large_image","twitter_misc":{"Precio":"72,52&nbsp;&euro;","Disponibilidad":"Disponible"},"schema":{"@context":"https:\/\/schema.org","@graph":[{"@type":"WebPage","@id":"https:\/\/www.lifenatura.com\/es\/produto\/super-collaforce-10000-pack-3-dietmed\/","url":"https:\/\/www.lifenatura.com\/es\/produto\/super-collaforce-10000-pack-3-dietmed\/","name":"Super Collaforce 10000 Pack Lleve 4 Pago 3 - Na Lifenatura ao Melhor Pre\u00e7o | Envio em 48h","isPartOf":{"@id":"https:\/\/www.lifenatura.com\/es\/#website"},"primaryImageOfPage":{"@id":"https:\/\/www.lifenatura.com\/es\/produto\/super-collaforce-10000-pack-3-dietmed\/#primaryimage"},"image":{"@id":"https:\/\/www.lifenatura.com\/es\/produto\/super-collaforce-10000-pack-3-dietmed\/#primaryimage"},"thumbnailUrl":"https:\/\/www.lifenatura.com\/wp-content\/uploads\/2025\/05\/collaforce-super-l4p3.jpg","datePublished":"2021-09-30T09:34:16+00:00","dateModified":"2026-03-29T19:02:25+00:00","description":"Super Collaforce ahora en pack Lleve 4 Pago 3 contiene el col\u00e1geno que es una prote\u00edna con importancia en la constituci\u00f3n de la matriz celular del tejido.","breadcrumb":{"@id":"https:\/\/www.lifenatura.com\/es\/produto\/super-collaforce-10000-pack-3-dietmed\/#breadcrumb"},"inLanguage":"es","potentialAction":[{"@type":"ReadAction","target":["https:\/\/www.lifenatura.com\/es\/produto\/super-collaforce-10000-pack-3-dietmed\/"]}]},{"@type":"ImageObject","inLanguage":"es","@id":"https:\/\/www.lifenatura.com\/es\/produto\/super-collaforce-10000-pack-3-dietmed\/#primaryimage","url":"https:\/\/www.lifenatura.com\/wp-content\/uploads\/2025\/05\/collaforce-super-l4p3.jpg","contentUrl":"https:\/\/www.lifenatura.com\/wp-content\/uploads\/2025\/05\/collaforce-super-l4p3.jpg","width":1000,"height":1000,"caption":"Collaforce super Leve 4 pague 3"},{"@type":"BreadcrumbList","@id":"https:\/\/www.lifenatura.com\/es\/produto\/super-collaforce-10000-pack-3-dietmed\/#breadcrumb","itemListElement":[{"@type":"ListItem","position":1,"name":"In\u00edcio","item":"https:\/\/www.lifenatura.com\/es\/"},{"@type":"ListItem","position":2,"name":"Todos los Productos","item":"https:\/\/www.lifenatura.com\/es\/tienda\/"},{"@type":"ListItem","position":3,"name":"Super Collaforce 10000 Pack Lleve 4 Pago 3"}]},{"@type":"WebSite","@id":"https:\/\/www.lifenatura.com\/es\/#website","url":"https:\/\/www.lifenatura.com\/es\/","name":"Lifenatura","description":"A Lifenatura \u00e9 uma loja de produtos naturais, cosm\u00e9tica natural e alimenta\u00e7\u00e3o Biol\u00f3gica.","publisher":{"@id":"https:\/\/www.lifenatura.com\/es\/#organization"},"potentialAction":[{"@type":"SearchAction","target":{"@type":"EntryPoint","urlTemplate":"https:\/\/www.lifenatura.com\/es\/?s={search_term_string}"},"query-input":{"@type":"PropertyValueSpecification","valueRequired":true,"valueName":"search_term_string"}}],"inLanguage":"es"},{"@type":"Organization","@id":"https:\/\/www.lifenatura.com\/es\/#organization","name":"Lifenatura","url":"https:\/\/www.lifenatura.com\/es\/","logo":{"@type":"ImageObject","inLanguage":"es","@id":"https:\/\/www.lifenatura.com\/es\/#\/schema\/logo\/image\/","url":"https:\/\/www.lifenatura.com\/wp-content\/uploads\/2021\/07\/logo.png","contentUrl":"https:\/\/www.lifenatura.com\/wp-content\/uploads\/2021\/07\/logo.png","width":175,"height":55,"caption":"Lifenatura"},"image":{"@id":"https:\/\/www.lifenatura.com\/es\/#\/schema\/logo\/image\/"},"sameAs":["https:\/\/www.facebook.com\/lifenatura","https:\/\/www.instagram.com\/lifenaturapt\/"],"hasMerchantReturnPolicy":{"@type":"MerchantReturnPolicy","merchantReturnLink":"https:\/\/www.lifenatura.com\/termos-condicoes-lifenatura\/"}}]},"product_price_amount":"72.52","product_price_currency":"EUR","og_availability":"instock","product_availability":"instock","product_retailer_item_id":"56054811124233","product_condition":"new"},"df_price":72.52,"df_sale_price":72.51,"df_regular_price":120.84,"df_image_link":"https:\/\/www.lifenatura.com\/wp-content\/uploads\/2025\/05\/collaforce-super-l4p3-300x300.jpg","_links":{"self":[{"href":"https:\/\/www.lifenatura.com\/es\/wp-json\/wp\/v2\/product\/36607","targetHints":{"allow":["GET"]}}],"collection":[{"href":"https:\/\/www.lifenatura.com\/es\/wp-json\/wp\/v2\/product"}],"about":[{"href":"https:\/\/www.lifenatura.com\/es\/wp-json\/wp\/v2\/types\/product"}],"wp:featuredmedia":[{"embeddable":true,"href":"https:\/\/www.lifenatura.com\/es\/wp-json\/wp\/v2\/media\/112325"}],"wp:attachment":[{"href":"https:\/\/www.lifenatura.com\/es\/wp-json\/wp\/v2\/media?parent=36607"}],"wp:term":[{"taxonomy":"product_brand","embeddable":true,"href":"https:\/\/www.lifenatura.com\/es\/wp-json\/wp\/v2\/product_brand?post=36607"},{"taxonomy":"product_cat","embeddable":true,"href":"https:\/\/www.lifenatura.com\/es\/wp-json\/wp\/v2\/product_cat?post=36607"},{"taxonomy":"product_tag","embeddable":true,"href":"https:\/\/www.lifenatura.com\/es\/wp-json\/wp\/v2\/product_tag?post=36607"}],"curies":[{"name":"wp","href":"https:\/\/api.w.org\/{rel}","templated":true}]}}