{"id":36601,"date":"2021-09-30T09:34:16","date_gmt":"2021-09-30T09:34:16","guid":{"rendered":"https:\/\/lifenatura.dev.agenciagetdigital.com\/produto\/collaforce-pack-skin-30-desconto-dietmed\/"},"modified":"2026-03-29T19:03:23","modified_gmt":"2026-03-29T19:03:23","slug":"collaforce-pack-skin-30-desconto-dietmed","status":"publish","type":"product","link":"https:\/\/www.lifenatura.com\/es\/produto\/collaforce-pack-skin-30-desconto-dietmed\/","title":{"rendered":"Collaforce Skin Pack Crema antiarrugas &#8211; Dietmed"},"content":{"rendered":"<h2 style=\"text-align: left;\"><strong>Pack antiarrugas de la marca Collaforce<\/strong><\/h2>\n<p>&nbsp;<\/p>\n<p>Este pack de piel Collaforce re\u00fane dos productos que se pueden utilizar al mismo tiempo, por un lado las carteras para la piel Collaforce y por otro la crema para la piel Collaforce para una aplicaci\u00f3n m\u00e1s local.<\/p>\n<p>Collaforce Skin sobres te permiten reforzar los niveles de col\u00e1geno, ayudando a reducir algunos efectos del envejecimiento, como la piel fina, seca e inmaculada con cierta p\u00e9rdida de elasticidad.<\/p>\n<p>Colaforce Skin crema es una crema facial de d\u00eda y de noche con col\u00e1geno y \u00e1cido hialur\u00f3nico, por lo que se considera un excelente humectante antiarrugas.<\/p>\n<p><strong>Principales beneficios de la crema Collaforce Skin<\/strong><\/p>\n<p><strong>Hidrataci\u00f3n intensa:<\/strong> Proporciona una hidrataci\u00f3n profunda y duradera, manteniendo la piel suave y bien hidratada durante todo el d\u00eda.<br \/>\n<strong>Mayor firmeza y elasticidad:<\/strong> El col\u00e1geno hidrolizado ayuda a mejorar la firmeza y elasticidad de la piel, haci\u00e9ndola m\u00e1s tonificada y suave.<br \/>\n<strong>Reduce las arrugas y las l\u00edneas de expresi\u00f3n:<\/strong> La combinaci\u00f3n de col\u00e1geno y \u00e1cido hialur\u00f3nico reduce visiblemente las arrugas y las l\u00edneas de expresi\u00f3n, proporcionando un aspecto m\u00e1s joven.<br \/>\n<strong>Protecci\u00f3n antioxidante:<\/strong> La vitamina C proporciona protecci\u00f3n contra el da\u00f1o de los radicales libres, ayudando a prevenir el envejecimiento prematuro de la piel.<\/p>\n<p><strong>PRESENTACI\u00d3N <\/strong><\/p>\n<p>30 carteras + 50ml crema<\/p>\n<p>&nbsp;<\/p>\n","protected":false},"excerpt":{"rendered":"<p>Este pack de piel Collaforce re\u00fane dos productos que se pueden utilizar al mismo tiempo, por un lado las carteras para la piel Collaforce. [&#8230;]<\/p>\n<p><a class=\"btn btn-secondary understrap-read-more-link\" href=\"https:\/\/www.lifenatura.com\/es\/produto\/collaforce-pack-skin-30-desconto-dietmed\/\">Leer m\u00e1s&#8230;<span class=\"screen-reader-text\"> from Collaforce Skin Pack Crema antiarrugas &#8211; Dietmed<\/span><\/a><\/p>\n","protected":false},"featured_media":93342,"template":"","meta":{"_acf_changed":false},"product_brand":[8515],"product_cat":[7116,7267,7653,7144,7115,7263,7179],"product_tag":[],"class_list":{"0":"post-36601","1":"product","2":"type-product","3":"status-publish","4":"has-post-thumbnail","6":"product_brand-collaforce","7":"product_cat-antiedad","8":"product_cat-collaforce-packs-salud","9":"product_cat-cosmetica-natural-lifenatura","10":"product_cat-cosmetica-natural-packs-cosmetica-natural-lifenatura","11":"product_cat-cuidado-de-la-cara","12":"product_cat-packs-de-salud","13":"product_cat-salud","14":"pa_dicas-collaforce-skin-para-que-sirve","16":"first","17":"instock","18":"sale","19":"shipping-taxable","20":"purchasable","21":"product-type-woosb","22":"add-to-wishlist-before_image"},"acf":[],"yoast_head":"<!-- This site is optimized with the Yoast SEO Premium plugin v27.1 (Yoast SEO v27.5) - https:\/\/yoast.com\/product\/yoast-seo-premium-wordpress\/ -->\n<title>Collaforce Skin Pack Crema antiarrugas - Lifenatura<\/title>\n<meta name=\"description\" content=\"Este pack de piel Collaforce re\u00fane dos productos que se pueden utilizar al mismo tiempo, por un lado las carteras para la piel Collaforce.\" \/>\n<meta name=\"robots\" content=\"index, follow, max-snippet:-1, max-image-preview:large, max-video-preview:-1\" \/>\n<link rel=\"canonical\" href=\"https:\/\/www.lifenatura.com\/es\/produto\/collaforce-pack-skin-30-desconto-dietmed\/\" \/>\n<meta property=\"og:locale\" content=\"es_ES\" \/>\n<meta property=\"og:type\" content=\"article\" \/>\n<meta property=\"og:title\" content=\"Collaforce Skin Pack Crema antiarrugas - Dietmed - Na Lifenatura ao Melhor Pre\u00e7o | Envio 48h\" \/>\n<meta property=\"og:description\" content=\"Compre Collaforce Skin Pack Crema antiarrugas - Dietmed com envio r\u00e1pido. Entrega em 48h e portes gr\u00e1tis em compras &gt;35\u20ac. Aproveite j\u00e1 na Lifenatura\" \/>\n<meta property=\"og:url\" content=\"https:\/\/www.lifenatura.com\/es\/produto\/collaforce-pack-skin-30-desconto-dietmed\/\" \/>\n<meta property=\"og:site_name\" content=\"Lifenatura\" \/>\n<meta property=\"article:publisher\" content=\"https:\/\/www.facebook.com\/lifenatura\" \/>\n<meta property=\"article:modified_time\" content=\"2026-03-29T19:03:23+00:00\" \/>\n<meta property=\"og:image\" content=\"https:\/\/www.lifenatura.com\/wp-content\/uploads\/2021\/09\/collaforce-skin-creme-carteiras.jpg\" \/>\n\t<meta property=\"og:image:width\" content=\"1000\" \/>\n\t<meta property=\"og:image:height\" content=\"1000\" \/>\n\t<meta property=\"og:image:type\" content=\"image\/jpeg\" \/>\n<meta name=\"twitter:card\" content=\"summary_large_image\" \/>\n<meta name=\"twitter:label1\" content=\"Precio\" \/>\n\t<meta name=\"twitter:data1\" content=\"40,35&nbsp;&euro;\" \/>\n\t<meta name=\"twitter:label2\" content=\"Disponibilidad\" \/>\n\t<meta name=\"twitter:data2\" content=\"Disponible\" \/>\n<script type=\"application\/ld+json\" class=\"yoast-schema-graph\">{\"@context\":\"https:\\\/\\\/schema.org\",\"@graph\":[{\"@type\":\"WebPage\",\"@id\":\"https:\\\/\\\/www.lifenatura.com\\\/es\\\/produto\\\/collaforce-pack-skin-30-desconto-dietmed\\\/\",\"url\":\"https:\\\/\\\/www.lifenatura.com\\\/es\\\/produto\\\/collaforce-pack-skin-30-desconto-dietmed\\\/\",\"name\":\"Collaforce Skin Pack Crema antiarrugas - Lifenatura\",\"isPartOf\":{\"@id\":\"https:\\\/\\\/www.lifenatura.com\\\/es\\\/#website\"},\"primaryImageOfPage\":{\"@id\":\"https:\\\/\\\/www.lifenatura.com\\\/es\\\/produto\\\/collaforce-pack-skin-30-desconto-dietmed\\\/#primaryimage\"},\"image\":{\"@id\":\"https:\\\/\\\/www.lifenatura.com\\\/es\\\/produto\\\/collaforce-pack-skin-30-desconto-dietmed\\\/#primaryimage\"},\"thumbnailUrl\":\"https:\\\/\\\/www.lifenatura.com\\\/wp-content\\\/uploads\\\/2021\\\/09\\\/collaforce-skin-creme-carteiras.jpg\",\"datePublished\":\"2021-09-30T09:34:16+00:00\",\"dateModified\":\"2026-03-29T19:03:23+00:00\",\"description\":\"Este pack de piel Collaforce re\u00fane dos productos que se pueden utilizar al mismo tiempo, por un lado las carteras para la piel Collaforce.\",\"breadcrumb\":{\"@id\":\"https:\\\/\\\/www.lifenatura.com\\\/es\\\/produto\\\/collaforce-pack-skin-30-desconto-dietmed\\\/#breadcrumb\"},\"inLanguage\":\"es\",\"potentialAction\":[{\"@type\":\"ReadAction\",\"target\":[\"https:\\\/\\\/www.lifenatura.com\\\/es\\\/produto\\\/collaforce-pack-skin-30-desconto-dietmed\\\/\"]}]},{\"@type\":\"ImageObject\",\"inLanguage\":\"es\",\"@id\":\"https:\\\/\\\/www.lifenatura.com\\\/es\\\/produto\\\/collaforce-pack-skin-30-desconto-dietmed\\\/#primaryimage\",\"url\":\"https:\\\/\\\/www.lifenatura.com\\\/wp-content\\\/uploads\\\/2021\\\/09\\\/collaforce-skin-creme-carteiras.jpg\",\"contentUrl\":\"https:\\\/\\\/www.lifenatura.com\\\/wp-content\\\/uploads\\\/2021\\\/09\\\/collaforce-skin-creme-carteiras.jpg\",\"width\":1000,\"height\":1000,\"caption\":\"Colla\"},{\"@type\":\"BreadcrumbList\",\"@id\":\"https:\\\/\\\/www.lifenatura.com\\\/es\\\/produto\\\/collaforce-pack-skin-30-desconto-dietmed\\\/#breadcrumb\",\"itemListElement\":[{\"@type\":\"ListItem\",\"position\":1,\"name\":\"In\u00edcio\",\"item\":\"https:\\\/\\\/www.lifenatura.com\\\/es\\\/\"},{\"@type\":\"ListItem\",\"position\":2,\"name\":\"Todos los Productos\",\"item\":\"https:\\\/\\\/www.lifenatura.com\\\/es\\\/tienda\\\/\"},{\"@type\":\"ListItem\",\"position\":3,\"name\":\"Collaforce Skin Pack Crema antiarrugas &#8211; Dietmed\"}]},{\"@type\":\"WebSite\",\"@id\":\"https:\\\/\\\/www.lifenatura.com\\\/es\\\/#website\",\"url\":\"https:\\\/\\\/www.lifenatura.com\\\/es\\\/\",\"name\":\"Lifenatura\",\"description\":\"A Lifenatura \u00e9 uma loja de produtos naturais, cosm\u00e9tica natural e alimenta\u00e7\u00e3o Biol\u00f3gica.\",\"publisher\":{\"@id\":\"https:\\\/\\\/www.lifenatura.com\\\/es\\\/#organization\"},\"potentialAction\":[{\"@type\":\"SearchAction\",\"target\":{\"@type\":\"EntryPoint\",\"urlTemplate\":\"https:\\\/\\\/www.lifenatura.com\\\/es\\\/?s={search_term_string}\"},\"query-input\":{\"@type\":\"PropertyValueSpecification\",\"valueRequired\":true,\"valueName\":\"search_term_string\"}}],\"inLanguage\":\"es\"},{\"@type\":\"Organization\",\"@id\":\"https:\\\/\\\/www.lifenatura.com\\\/es\\\/#organization\",\"name\":\"Lifenatura\",\"url\":\"https:\\\/\\\/www.lifenatura.com\\\/es\\\/\",\"logo\":{\"@type\":\"ImageObject\",\"inLanguage\":\"es\",\"@id\":\"https:\\\/\\\/www.lifenatura.com\\\/es\\\/#\\\/schema\\\/logo\\\/image\\\/\",\"url\":\"https:\\\/\\\/www.lifenatura.com\\\/wp-content\\\/uploads\\\/2021\\\/07\\\/logo.png\",\"contentUrl\":\"https:\\\/\\\/www.lifenatura.com\\\/wp-content\\\/uploads\\\/2021\\\/07\\\/logo.png\",\"width\":175,\"height\":55,\"caption\":\"Lifenatura\"},\"image\":{\"@id\":\"https:\\\/\\\/www.lifenatura.com\\\/es\\\/#\\\/schema\\\/logo\\\/image\\\/\"},\"sameAs\":[\"https:\\\/\\\/www.facebook.com\\\/lifenatura\",\"https:\\\/\\\/www.instagram.com\\\/lifenaturapt\\\/\"],\"hasMerchantReturnPolicy\":{\"@type\":\"MerchantReturnPolicy\",\"merchantReturnLink\":\"https:\\\/\\\/www.lifenatura.com\\\/termos-condicoes-lifenatura\\\/\"}}]}<\/script>\n<meta property=\"product:price:amount\" content=\"40.35\" \/>\n<meta property=\"product:price:currency\" content=\"EUR\" \/>\n<meta property=\"og:availability\" content=\"instock\" \/>\n<meta property=\"product:availability\" content=\"instock\" \/>\n<meta property=\"product:retailer_item_id\" content=\"560548111243000\" \/>\n<meta property=\"product:condition\" content=\"new\" \/>\n<!-- \/ Yoast SEO Premium plugin. -->","yoast_head_json":{"title":"Collaforce Skin Pack Crema antiarrugas - Lifenatura","description":"Este pack de piel Collaforce re\u00fane dos productos que se pueden utilizar al mismo tiempo, por un lado las carteras para la piel Collaforce.","robots":{"index":"index","follow":"follow","max-snippet":"max-snippet:-1","max-image-preview":"max-image-preview:large","max-video-preview":"max-video-preview:-1"},"canonical":"https:\/\/www.lifenatura.com\/es\/produto\/collaforce-pack-skin-30-desconto-dietmed\/","og_locale":"es_ES","og_type":"article","og_title":"Collaforce Skin Pack Crema antiarrugas - Dietmed - Na Lifenatura ao Melhor Pre\u00e7o | Envio 48h","og_description":"Compre Collaforce Skin Pack Crema antiarrugas - Dietmed com envio r\u00e1pido. Entrega em 48h e portes gr\u00e1tis em compras >35\u20ac. Aproveite j\u00e1 na Lifenatura","og_url":"https:\/\/www.lifenatura.com\/es\/produto\/collaforce-pack-skin-30-desconto-dietmed\/","og_site_name":"Lifenatura","article_publisher":"https:\/\/www.facebook.com\/lifenatura","article_modified_time":"2026-03-29T19:03:23+00:00","og_image":[{"width":1000,"height":1000,"url":"https:\/\/www.lifenatura.com\/wp-content\/uploads\/2021\/09\/collaforce-skin-creme-carteiras.jpg","type":"image\/jpeg"}],"twitter_card":"summary_large_image","twitter_misc":{"Precio":"40,35&nbsp;&euro;","Disponibilidad":"Disponible"},"schema":{"@context":"https:\/\/schema.org","@graph":[{"@type":"WebPage","@id":"https:\/\/www.lifenatura.com\/es\/produto\/collaforce-pack-skin-30-desconto-dietmed\/","url":"https:\/\/www.lifenatura.com\/es\/produto\/collaforce-pack-skin-30-desconto-dietmed\/","name":"Collaforce Skin Pack Crema antiarrugas - Lifenatura","isPartOf":{"@id":"https:\/\/www.lifenatura.com\/es\/#website"},"primaryImageOfPage":{"@id":"https:\/\/www.lifenatura.com\/es\/produto\/collaforce-pack-skin-30-desconto-dietmed\/#primaryimage"},"image":{"@id":"https:\/\/www.lifenatura.com\/es\/produto\/collaforce-pack-skin-30-desconto-dietmed\/#primaryimage"},"thumbnailUrl":"https:\/\/www.lifenatura.com\/wp-content\/uploads\/2021\/09\/collaforce-skin-creme-carteiras.jpg","datePublished":"2021-09-30T09:34:16+00:00","dateModified":"2026-03-29T19:03:23+00:00","description":"Este pack de piel Collaforce re\u00fane dos productos que se pueden utilizar al mismo tiempo, por un lado las carteras para la piel Collaforce.","breadcrumb":{"@id":"https:\/\/www.lifenatura.com\/es\/produto\/collaforce-pack-skin-30-desconto-dietmed\/#breadcrumb"},"inLanguage":"es","potentialAction":[{"@type":"ReadAction","target":["https:\/\/www.lifenatura.com\/es\/produto\/collaforce-pack-skin-30-desconto-dietmed\/"]}]},{"@type":"ImageObject","inLanguage":"es","@id":"https:\/\/www.lifenatura.com\/es\/produto\/collaforce-pack-skin-30-desconto-dietmed\/#primaryimage","url":"https:\/\/www.lifenatura.com\/wp-content\/uploads\/2021\/09\/collaforce-skin-creme-carteiras.jpg","contentUrl":"https:\/\/www.lifenatura.com\/wp-content\/uploads\/2021\/09\/collaforce-skin-creme-carteiras.jpg","width":1000,"height":1000,"caption":"Colla"},{"@type":"BreadcrumbList","@id":"https:\/\/www.lifenatura.com\/es\/produto\/collaforce-pack-skin-30-desconto-dietmed\/#breadcrumb","itemListElement":[{"@type":"ListItem","position":1,"name":"In\u00edcio","item":"https:\/\/www.lifenatura.com\/es\/"},{"@type":"ListItem","position":2,"name":"Todos los Productos","item":"https:\/\/www.lifenatura.com\/es\/tienda\/"},{"@type":"ListItem","position":3,"name":"Collaforce Skin Pack Crema antiarrugas &#8211; Dietmed"}]},{"@type":"WebSite","@id":"https:\/\/www.lifenatura.com\/es\/#website","url":"https:\/\/www.lifenatura.com\/es\/","name":"Lifenatura","description":"A Lifenatura \u00e9 uma loja de produtos naturais, cosm\u00e9tica natural e alimenta\u00e7\u00e3o Biol\u00f3gica.","publisher":{"@id":"https:\/\/www.lifenatura.com\/es\/#organization"},"potentialAction":[{"@type":"SearchAction","target":{"@type":"EntryPoint","urlTemplate":"https:\/\/www.lifenatura.com\/es\/?s={search_term_string}"},"query-input":{"@type":"PropertyValueSpecification","valueRequired":true,"valueName":"search_term_string"}}],"inLanguage":"es"},{"@type":"Organization","@id":"https:\/\/www.lifenatura.com\/es\/#organization","name":"Lifenatura","url":"https:\/\/www.lifenatura.com\/es\/","logo":{"@type":"ImageObject","inLanguage":"es","@id":"https:\/\/www.lifenatura.com\/es\/#\/schema\/logo\/image\/","url":"https:\/\/www.lifenatura.com\/wp-content\/uploads\/2021\/07\/logo.png","contentUrl":"https:\/\/www.lifenatura.com\/wp-content\/uploads\/2021\/07\/logo.png","width":175,"height":55,"caption":"Lifenatura"},"image":{"@id":"https:\/\/www.lifenatura.com\/es\/#\/schema\/logo\/image\/"},"sameAs":["https:\/\/www.facebook.com\/lifenatura","https:\/\/www.instagram.com\/lifenaturapt\/"],"hasMerchantReturnPolicy":{"@type":"MerchantReturnPolicy","merchantReturnLink":"https:\/\/www.lifenatura.com\/termos-condicoes-lifenatura\/"}}]},"product_price_amount":"40.35","product_price_currency":"EUR","og_availability":"instock","product_availability":"instock","product_retailer_item_id":"560548111243000","product_condition":"new"},"df_price":40.35,"df_sale_price":40.35,"df_regular_price":63.05,"df_image_link":"https:\/\/www.lifenatura.com\/wp-content\/uploads\/2021\/09\/collaforce-skin-creme-carteiras-300x300.jpg","_links":{"self":[{"href":"https:\/\/www.lifenatura.com\/es\/wp-json\/wp\/v2\/product\/36601","targetHints":{"allow":["GET"]}}],"collection":[{"href":"https:\/\/www.lifenatura.com\/es\/wp-json\/wp\/v2\/product"}],"about":[{"href":"https:\/\/www.lifenatura.com\/es\/wp-json\/wp\/v2\/types\/product"}],"wp:featuredmedia":[{"embeddable":true,"href":"https:\/\/www.lifenatura.com\/es\/wp-json\/wp\/v2\/media\/93342"}],"wp:attachment":[{"href":"https:\/\/www.lifenatura.com\/es\/wp-json\/wp\/v2\/media?parent=36601"}],"wp:term":[{"taxonomy":"product_brand","embeddable":true,"href":"https:\/\/www.lifenatura.com\/es\/wp-json\/wp\/v2\/product_brand?post=36601"},{"taxonomy":"product_cat","embeddable":true,"href":"https:\/\/www.lifenatura.com\/es\/wp-json\/wp\/v2\/product_cat?post=36601"},{"taxonomy":"product_tag","embeddable":true,"href":"https:\/\/www.lifenatura.com\/es\/wp-json\/wp\/v2\/product_tag?post=36601"}],"curies":[{"name":"wp","href":"https:\/\/api.w.org\/{rel}","templated":true}]}}