{"id":36579,"date":"2021-09-30T09:33:34","date_gmt":"2021-09-30T09:33:34","guid":{"rendered":"https:\/\/lifenatura.dev.agenciagetdigital.com\/produto\/reumalone-active-plus-2010-ampollas-chi\/"},"modified":"2026-01-16T13:10:15","modified_gmt":"2026-01-16T13:10:15","slug":"reumalone-active-plus-2010-ampollas-chi","status":"publish","type":"product","link":"https:\/\/www.lifenatura.com\/es\/produto\/reumalone-active-plus-2010-ampollas-chi\/","title":{"rendered":"Reumalone Active Plus 20+10 ampollas &#8211; Chi"},"content":{"rendered":"<p>Indicado para el sistema muscular Reumalone Plus contiene la glucosamina y la condroitina que forman parte de la estructura del cart\u00edlago. Su presencia simult\u00e1nea aumenta la s\u00edntesis de \u00e1cido hialur\u00f3nico en el l\u00edquido sinovial, lo que permite una mejor lubricaci\u00f3n de las articulaciones y mejora la osteoporosis, el dolor y la movilidad. Presentaci\u00f3n 20 + 10 ampollas bebibles.<\/p>\n","protected":false},"excerpt":{"rendered":"<p>Indicado para el sistema muscular Reumalone Plus contiene la glucosamina y la condroitina que forman parte de la estructura del cart\u00edlago. Su presencia simult\u00e1nea aumenta la s\u00edntesis de \u00e1cido hialur\u00f3nico en el l\u00edquido sinovial, lo que permite una mejor lubricaci\u00f3n de las articulaciones y mejora la osteoporosis, el dolor y la movilidad. Presentaci\u00f3n 20 + [&#8230;]<\/p>\n<p><a class=\"btn btn-secondary understrap-read-more-link\" href=\"https:\/\/www.lifenatura.com\/es\/produto\/reumalone-active-plus-2010-ampollas-chi\/\">Leer m\u00e1s&#8230;<span class=\"screen-reader-text\"> from Reumalone Active Plus 20+10 ampollas &#8211; Chi<\/span><\/a><\/p>\n","protected":false},"featured_media":18211,"template":"","meta":{"_acf_changed":false},"product_brand":[8517],"product_cat":[7205,7689,7713,7659,7740,7179],"product_tag":[],"class_list":{"0":"post-36579","1":"product","2":"type-product","3":"status-publish","4":"has-post-thumbnail","6":"product_brand-chi","7":"product_cat-articulaciones","8":"product_cat-colagenio-natural","9":"product_cat-glucosamina-es","10":"product_cat-ingrediente-natural-bio","11":"product_cat-magnesio-es","12":"product_cat-salud","14":"first","15":"instock","16":"shipping-taxable","17":"purchasable","18":"product-type-simple","19":"add-to-wishlist-before_image"},"acf":[],"yoast_head":"<!-- This site is optimized with the Yoast SEO Premium plugin v27.1 (Yoast SEO v27.4) - https:\/\/yoast.com\/product\/yoast-seo-premium-wordpress\/ -->\n<title>Reumalone Active Plus 20+10 ampollas - Chi<\/title>\n<meta name=\"description\" content=\"Reumalone Plus contiene la glucosamina y la condroitina que forman parte de la estructura del cart\u00edlago, lo que ayuda a mejorar las articulaciones.\" \/>\n<meta name=\"robots\" content=\"index, follow, max-snippet:-1, max-image-preview:large, max-video-preview:-1\" \/>\n<link rel=\"canonical\" href=\"https:\/\/www.lifenatura.com\/es\/produto\/reumalone-active-plus-2010-ampollas-chi\/\" \/>\n<meta property=\"og:locale\" content=\"es_ES\" \/>\n<meta property=\"og:type\" content=\"article\" \/>\n<meta property=\"og:title\" content=\"Reumalone Active Plus 20+10 ampollas - Chi - Lifenatura\" \/>\n<meta property=\"og:description\" content=\"Compre aqui o seu Reumalone Active Plus 20+10 ampollas - Chi e a Lifenatura Online envia em 48 H com Portes Gratis &gt;35\u20ac de Pedido.\" \/>\n<meta property=\"og:url\" content=\"https:\/\/www.lifenatura.com\/es\/produto\/reumalone-active-plus-2010-ampollas-chi\/\" \/>\n<meta property=\"og:site_name\" content=\"Lifenatura\" \/>\n<meta property=\"article:publisher\" content=\"https:\/\/www.facebook.com\/lifenatura\" \/>\n<meta property=\"article:modified_time\" content=\"2026-01-16T13:10:15+00:00\" \/>\n<meta property=\"og:image\" content=\"https:\/\/www.lifenatura.com\/wp-content\/uploads\/2021\/09\/gd_reumalone_activ_plus_30_ampolas_chi.jpg\" \/>\n\t<meta property=\"og:image:width\" content=\"1000\" \/>\n\t<meta property=\"og:image:height\" content=\"1000\" \/>\n\t<meta property=\"og:image:type\" content=\"image\/jpeg\" \/>\n<meta name=\"twitter:card\" content=\"summary_large_image\" \/>\n<meta name=\"twitter:label1\" content=\"Precio\" \/>\n\t<meta name=\"twitter:data1\" content=\"29,50&nbsp;&euro;\" \/>\n\t<meta name=\"twitter:label2\" content=\"Disponibilidad\" \/>\n\t<meta name=\"twitter:data2\" content=\"Disponible\" \/>\n<meta property=\"product:price:amount\" content=\"29.50\" \/>\n<meta property=\"product:price:currency\" content=\"EUR\" \/>\n<meta property=\"og:availability\" content=\"instock\" \/>\n<meta property=\"product:availability\" content=\"instock\" \/>\n<meta property=\"product:retailer_item_id\" content=\"5603807101281\" \/>\n<meta property=\"product:condition\" content=\"new\" \/>\n<!-- \/ Yoast SEO Premium plugin. -->","yoast_head_json":{"title":"Reumalone Active Plus 20+10 ampollas - Chi","description":"Reumalone Plus contiene la glucosamina y la condroitina que forman parte de la estructura del cart\u00edlago, lo que ayuda a mejorar las articulaciones.","robots":{"index":"index","follow":"follow","max-snippet":"max-snippet:-1","max-image-preview":"max-image-preview:large","max-video-preview":"max-video-preview:-1"},"canonical":"https:\/\/www.lifenatura.com\/es\/produto\/reumalone-active-plus-2010-ampollas-chi\/","og_locale":"es_ES","og_type":"article","og_title":"Reumalone Active Plus 20+10 ampollas - Chi - Lifenatura","og_description":"Compre aqui o seu Reumalone Active Plus 20+10 ampollas - Chi e a Lifenatura Online envia em 48 H com Portes Gratis >35\u20ac de Pedido.","og_url":"https:\/\/www.lifenatura.com\/es\/produto\/reumalone-active-plus-2010-ampollas-chi\/","og_site_name":"Lifenatura","article_publisher":"https:\/\/www.facebook.com\/lifenatura","article_modified_time":"2026-01-16T13:10:15+00:00","og_image":[{"width":1000,"height":1000,"url":"https:\/\/www.lifenatura.com\/wp-content\/uploads\/2021\/09\/gd_reumalone_activ_plus_30_ampolas_chi.jpg","type":"image\/jpeg"}],"twitter_card":"summary_large_image","twitter_misc":{"Precio":"29,50&nbsp;&euro;","Disponibilidad":"Disponible"},"schema":{"@context":"https:\/\/schema.org","@graph":[{"@type":"WebPage","@id":"https:\/\/www.lifenatura.com\/es\/produto\/reumalone-active-plus-2010-ampollas-chi\/","url":"https:\/\/www.lifenatura.com\/es\/produto\/reumalone-active-plus-2010-ampollas-chi\/","name":"Reumalone Active Plus 20+10 ampollas - Chi","isPartOf":{"@id":"https:\/\/www.lifenatura.com\/#website"},"primaryImageOfPage":{"@id":"https:\/\/www.lifenatura.com\/es\/produto\/reumalone-active-plus-2010-ampollas-chi\/#primaryimage"},"image":{"@id":"https:\/\/www.lifenatura.com\/es\/produto\/reumalone-active-plus-2010-ampollas-chi\/#primaryimage"},"thumbnailUrl":"https:\/\/www.lifenatura.com\/wp-content\/uploads\/2021\/09\/gd_reumalone_activ_plus_30_ampolas_chi.jpg","datePublished":"2021-09-30T09:33:34+00:00","dateModified":"2026-01-16T13:10:15+00:00","description":"Reumalone Plus contiene la glucosamina y la condroitina que forman parte de la estructura del cart\u00edlago, lo que ayuda a mejorar las articulaciones.","breadcrumb":{"@id":"https:\/\/www.lifenatura.com\/es\/produto\/reumalone-active-plus-2010-ampollas-chi\/#breadcrumb"},"inLanguage":"es","potentialAction":[{"@type":"ReadAction","target":["https:\/\/www.lifenatura.com\/es\/produto\/reumalone-active-plus-2010-ampollas-chi\/"]}]},{"@type":"ImageObject","inLanguage":"es","@id":"https:\/\/www.lifenatura.com\/es\/produto\/reumalone-active-plus-2010-ampollas-chi\/#primaryimage","url":"https:\/\/www.lifenatura.com\/wp-content\/uploads\/2021\/09\/gd_reumalone_activ_plus_30_ampolas_chi.jpg","contentUrl":"https:\/\/www.lifenatura.com\/wp-content\/uploads\/2021\/09\/gd_reumalone_activ_plus_30_ampolas_chi.jpg","width":1000,"height":1000,"caption":"Reumalone Active Plus 20+10 ampollas - Chi"},{"@type":"BreadcrumbList","@id":"https:\/\/www.lifenatura.com\/es\/produto\/reumalone-active-plus-2010-ampollas-chi\/#breadcrumb","itemListElement":[{"@type":"ListItem","position":1,"name":"In\u00edcio","item":"https:\/\/www.lifenatura.com\/es\/"},{"@type":"ListItem","position":2,"name":"Todos los Productos","item":"https:\/\/www.lifenatura.com\/es\/tienda\/"},{"@type":"ListItem","position":3,"name":"Reumalone Active Plus 20+10 ampollas &#8211; Chi"}]},{"@type":"WebSite","@id":"https:\/\/www.lifenatura.com\/#website","url":"https:\/\/www.lifenatura.com\/","name":"Lifenatura","description":"A Lifenatura \u00e9 uma loja de produtos naturais, cosm\u00e9tica natural e alimenta\u00e7\u00e3o Biol\u00f3gica.","publisher":{"@id":"https:\/\/www.lifenatura.com\/#organization"},"potentialAction":[{"@type":"SearchAction","target":{"@type":"EntryPoint","urlTemplate":"https:\/\/www.lifenatura.com\/?s={search_term_string}"},"query-input":{"@type":"PropertyValueSpecification","valueRequired":true,"valueName":"search_term_string"}}],"inLanguage":"es"},{"@type":"Organization","@id":"https:\/\/www.lifenatura.com\/#organization","name":"Lifenatura","url":"https:\/\/www.lifenatura.com\/","logo":{"@type":"ImageObject","inLanguage":"es","@id":"https:\/\/www.lifenatura.com\/#\/schema\/logo\/image\/","url":"https:\/\/www.lifenatura.com\/wp-content\/uploads\/2021\/11\/logo.png","contentUrl":"https:\/\/www.lifenatura.com\/wp-content\/uploads\/2021\/11\/logo.png","width":175,"height":55,"caption":"Lifenatura"},"image":{"@id":"https:\/\/www.lifenatura.com\/#\/schema\/logo\/image\/"},"sameAs":["https:\/\/www.facebook.com\/lifenatura","https:\/\/www.instagram.com\/lifenaturapt\/"]}]},"product_price_amount":"29.50","product_price_currency":"EUR","og_availability":"instock","product_availability":"instock","product_retailer_item_id":"5603807101281","product_condition":"new"},"df_price":29.5,"df_sale_price":"","df_regular_price":29.5,"df_image_link":"https:\/\/www.lifenatura.com\/wp-content\/uploads\/2021\/09\/gd_reumalone_activ_plus_30_ampolas_chi-300x300.jpg","_links":{"self":[{"href":"https:\/\/www.lifenatura.com\/es\/wp-json\/wp\/v2\/product\/36579","targetHints":{"allow":["GET"]}}],"collection":[{"href":"https:\/\/www.lifenatura.com\/es\/wp-json\/wp\/v2\/product"}],"about":[{"href":"https:\/\/www.lifenatura.com\/es\/wp-json\/wp\/v2\/types\/product"}],"wp:featuredmedia":[{"embeddable":true,"href":"https:\/\/www.lifenatura.com\/es\/wp-json\/wp\/v2\/media\/18211"}],"wp:attachment":[{"href":"https:\/\/www.lifenatura.com\/es\/wp-json\/wp\/v2\/media?parent=36579"}],"wp:term":[{"taxonomy":"product_brand","embeddable":true,"href":"https:\/\/www.lifenatura.com\/es\/wp-json\/wp\/v2\/product_brand?post=36579"},{"taxonomy":"product_cat","embeddable":true,"href":"https:\/\/www.lifenatura.com\/es\/wp-json\/wp\/v2\/product_cat?post=36579"},{"taxonomy":"product_tag","embeddable":true,"href":"https:\/\/www.lifenatura.com\/es\/wp-json\/wp\/v2\/product_tag?post=36579"}],"curies":[{"name":"wp","href":"https:\/\/api.w.org\/{rel}","templated":true}]}}