{"id":36564,"date":"2021-09-30T09:33:34","date_gmt":"2021-09-30T09:33:34","guid":{"rendered":"https:\/\/lifenatura.dev.agenciagetdigital.com\/produto\/biolax-plus-30-comprimidos-chi\/"},"modified":"2023-07-11T09:16:51","modified_gmt":"2023-07-11T09:16:51","slug":"biolax-plus-30-comprimidos-chi","status":"publish","type":"product","link":"https:\/\/www.lifenatura.com\/es\/produto\/biolax-plus-30-comprimidos-chi\/","title":{"rendered":"Biolax Plus con Psyllium 30 comprimidos &#8211; Chi"},"content":{"rendered":"<h2 style=\"text-align: left\"><strong>Biolax Plus para el estre\u00f1imiento<\/strong><\/h2>\n<p>&nbsp;<\/p>\n<p>Biolax Plus reforzado con Psyllium es un complemento alimenticio con acci\u00f3n laxante no agresiva, que contribuye al buen funcionamiento intestinal, d\u00eda tras d\u00eda.<\/p>\n<p><strong>MAGNESIO<\/strong><\/p>\n<p>El magnesio es uno de los laxantes m\u00e1s eficaces, ya que regulariza el ritmo intestinal sin irritar las paredes del tubo digestivo. Al mismo tiempo, gracias a su acci\u00f3n adsorbente, previene los trastornos causados por la fermentaci\u00f3n, tan frecuentes en el estre\u00f1imiento. El magnesio relaja los m\u00fasculos del tubo digestivo y aumenta el peristaltismo.<\/p>\n<p><strong>BOLDO<\/strong><\/p>\n<p>El Boldo tiene acci\u00f3n estomacal y carminativa, estimulando la secreci\u00f3n de bilis por la c\u00e9lula hep\u00e1tica y facilitando el funcionamiento de la ves\u00edcula biliar, mejorando el proceso digestivo y consecuentemente el tr\u00e1nsito intestinal.<\/p>\n<p><strong>C\u00c1SCARA SAGRADA<\/strong><\/p>\n<p>Constituida por compuestos antraquin\u00f3nicos que, en contacto con la mucosa intestinal, aumentan los movimientos perist\u00e1lticos, facilitando la eliminaci\u00f3n de las heces.<\/p>\n<p><strong>SENE<\/strong><\/p>\n<p>El sene es una planta medicinal muy utilizada por sus propiedades laxantes.<\/p>\n<p><strong>PSYLLIUM<\/strong><\/p>\n<p>El psyllium es una fibra soluble natural con una excelente acci\u00f3n laxante. Se obtiene de la cubierta de la semilla de la planta Plantago ovata, que pertenece al grupo de las gomas y muc\u00edlagos. Esta fibra es higrosc\u00f3pica, es decir, aumenta el volumen de agua, lo que contribuye a mejorar el volumen y el tr\u00e1nsito de las heces.<\/p>\n<p><strong>PRESENTACI\u00d3N<\/strong><\/p>\n<p>30 Comprimidos.<\/p>\n<p>&nbsp;<\/p>\n","protected":false},"excerpt":{"rendered":"<p>Biolax Plus reforzado con Psyllium es un complemento alimenticio con acci\u00f3n laxante no agresiva, que contribuye al buen funcionamiento intestinal. [&#8230;]<\/p>\n<p><a class=\"btn btn-secondary understrap-read-more-link\" href=\"https:\/\/www.lifenatura.com\/es\/produto\/biolax-plus-30-comprimidos-chi\/\">Leer m\u00e1s&#8230;<span class=\"screen-reader-text\"> from Biolax Plus con Psyllium 30 comprimidos &#8211; Chi<\/span><\/a><\/p>\n","protected":false},"featured_media":70363,"template":"","meta":{"_acf_changed":false},"product_brand":[8517],"product_cat":[7257,7179],"product_tag":[],"class_list":{"0":"post-36564","1":"product","2":"type-product","3":"status-publish","4":"has-post-thumbnail","6":"product_brand-chi","7":"product_cat-estrenimiento","8":"product_cat-salud","10":"first","11":"outofstock","12":"shipping-taxable","13":"purchasable","14":"product-type-simple","15":"add-to-wishlist-before_image"},"acf":[],"yoast_head":"<!-- This site is optimized with the Yoast SEO Premium plugin v27.1 (Yoast SEO v27.5) - https:\/\/yoast.com\/product\/yoast-seo-premium-wordpress\/ -->\n<title>Chi Biolax Plus con Psyllium 30 comprimidos - Lifenatura<\/title>\n<meta name=\"description\" content=\"Biolax Plus reforzado con Psyllium es un complemento alimenticio con acci\u00f3n laxante no agresiva, que contribuye al buen funcionamiento intestinal.\" \/>\n<meta name=\"robots\" content=\"index, follow, max-snippet:-1, max-image-preview:large, max-video-preview:-1\" \/>\n<link rel=\"canonical\" href=\"https:\/\/www.lifenatura.com\/es\/produto\/biolax-plus-30-comprimidos-chi\/\" \/>\n<meta property=\"og:locale\" content=\"es_ES\" \/>\n<meta property=\"og:type\" content=\"article\" \/>\n<meta property=\"og:title\" content=\"Biolax Plus con Psyllium 30 comprimidos - Chi - Na Lifenatura ao Melhor Pre\u00e7o | Envio 48h\" \/>\n<meta property=\"og:description\" content=\"Compre Biolax Plus con Psyllium 30 comprimidos - Chi com envio r\u00e1pido. Entrega em 48h e portes gr\u00e1tis em compras &gt;35\u20ac. Aproveite j\u00e1 na Lifenatura\" \/>\n<meta property=\"og:url\" content=\"https:\/\/www.lifenatura.com\/es\/produto\/biolax-plus-30-comprimidos-chi\/\" \/>\n<meta property=\"og:site_name\" content=\"Lifenatura\" \/>\n<meta property=\"article:publisher\" content=\"https:\/\/www.facebook.com\/lifenatura\" \/>\n<meta property=\"article:modified_time\" content=\"2023-07-11T09:16:51+00:00\" \/>\n<meta property=\"og:image\" content=\"https:\/\/www.lifenatura.com\/wp-content\/uploads\/2021\/09\/biolax-plus-psyllium-chi.jpg\" \/>\n\t<meta property=\"og:image:width\" content=\"1000\" \/>\n\t<meta property=\"og:image:height\" content=\"1000\" \/>\n\t<meta property=\"og:image:type\" content=\"image\/jpeg\" \/>\n<meta name=\"twitter:card\" content=\"summary_large_image\" \/>\n<meta name=\"twitter:label1\" content=\"Precio\" \/>\n\t<meta name=\"twitter:data1\" content=\"15,42&nbsp;&euro;\" \/>\n\t<meta name=\"twitter:label2\" content=\"Disponibilidad\" \/>\n\t<meta name=\"twitter:data2\" content=\"Sin existencias\" \/>\n<script type=\"application\/ld+json\" class=\"yoast-schema-graph\">{\"@context\":\"https:\\\/\\\/schema.org\",\"@graph\":[{\"@type\":\"WebPage\",\"@id\":\"https:\\\/\\\/www.lifenatura.com\\\/es\\\/produto\\\/biolax-plus-30-comprimidos-chi\\\/\",\"url\":\"https:\\\/\\\/www.lifenatura.com\\\/es\\\/produto\\\/biolax-plus-30-comprimidos-chi\\\/\",\"name\":\"Chi Biolax Plus con Psyllium 30 comprimidos - Lifenatura\",\"isPartOf\":{\"@id\":\"https:\\\/\\\/www.lifenatura.com\\\/es\\\/#website\"},\"primaryImageOfPage\":{\"@id\":\"https:\\\/\\\/www.lifenatura.com\\\/es\\\/produto\\\/biolax-plus-30-comprimidos-chi\\\/#primaryimage\"},\"image\":{\"@id\":\"https:\\\/\\\/www.lifenatura.com\\\/es\\\/produto\\\/biolax-plus-30-comprimidos-chi\\\/#primaryimage\"},\"thumbnailUrl\":\"https:\\\/\\\/www.lifenatura.com\\\/wp-content\\\/uploads\\\/2021\\\/09\\\/biolax-plus-psyllium-chi.jpg\",\"datePublished\":\"2021-09-30T09:33:34+00:00\",\"dateModified\":\"2023-07-11T09:16:51+00:00\",\"description\":\"Biolax Plus reforzado con Psyllium es un complemento alimenticio con acci\u00f3n laxante no agresiva, que contribuye al buen funcionamiento intestinal.\",\"breadcrumb\":{\"@id\":\"https:\\\/\\\/www.lifenatura.com\\\/es\\\/produto\\\/biolax-plus-30-comprimidos-chi\\\/#breadcrumb\"},\"inLanguage\":\"es\",\"potentialAction\":[{\"@type\":\"ReadAction\",\"target\":[\"https:\\\/\\\/www.lifenatura.com\\\/es\\\/produto\\\/biolax-plus-30-comprimidos-chi\\\/\"]}]},{\"@type\":\"ImageObject\",\"inLanguage\":\"es\",\"@id\":\"https:\\\/\\\/www.lifenatura.com\\\/es\\\/produto\\\/biolax-plus-30-comprimidos-chi\\\/#primaryimage\",\"url\":\"https:\\\/\\\/www.lifenatura.com\\\/wp-content\\\/uploads\\\/2021\\\/09\\\/biolax-plus-psyllium-chi.jpg\",\"contentUrl\":\"https:\\\/\\\/www.lifenatura.com\\\/wp-content\\\/uploads\\\/2021\\\/09\\\/biolax-plus-psyllium-chi.jpg\",\"width\":1000,\"height\":1000,\"caption\":\"Biolax plus da marca CHI\"},{\"@type\":\"BreadcrumbList\",\"@id\":\"https:\\\/\\\/www.lifenatura.com\\\/es\\\/produto\\\/biolax-plus-30-comprimidos-chi\\\/#breadcrumb\",\"itemListElement\":[{\"@type\":\"ListItem\",\"position\":1,\"name\":\"In\u00edcio\",\"item\":\"https:\\\/\\\/www.lifenatura.com\\\/es\\\/\"},{\"@type\":\"ListItem\",\"position\":2,\"name\":\"Todos los Productos\",\"item\":\"https:\\\/\\\/www.lifenatura.com\\\/es\\\/tienda\\\/\"},{\"@type\":\"ListItem\",\"position\":3,\"name\":\"Biolax Plus con Psyllium 30 comprimidos &#8211; Chi\"}]},{\"@type\":\"WebSite\",\"@id\":\"https:\\\/\\\/www.lifenatura.com\\\/es\\\/#website\",\"url\":\"https:\\\/\\\/www.lifenatura.com\\\/es\\\/\",\"name\":\"Lifenatura\",\"description\":\"A Lifenatura \u00e9 uma loja de produtos naturais, cosm\u00e9tica natural e alimenta\u00e7\u00e3o Biol\u00f3gica.\",\"publisher\":{\"@id\":\"https:\\\/\\\/www.lifenatura.com\\\/es\\\/#organization\"},\"potentialAction\":[{\"@type\":\"SearchAction\",\"target\":{\"@type\":\"EntryPoint\",\"urlTemplate\":\"https:\\\/\\\/www.lifenatura.com\\\/es\\\/?s={search_term_string}\"},\"query-input\":{\"@type\":\"PropertyValueSpecification\",\"valueRequired\":true,\"valueName\":\"search_term_string\"}}],\"inLanguage\":\"es\"},{\"@type\":\"Organization\",\"@id\":\"https:\\\/\\\/www.lifenatura.com\\\/es\\\/#organization\",\"name\":\"Lifenatura\",\"url\":\"https:\\\/\\\/www.lifenatura.com\\\/es\\\/\",\"logo\":{\"@type\":\"ImageObject\",\"inLanguage\":\"es\",\"@id\":\"https:\\\/\\\/www.lifenatura.com\\\/es\\\/#\\\/schema\\\/logo\\\/image\\\/\",\"url\":\"https:\\\/\\\/www.lifenatura.com\\\/wp-content\\\/uploads\\\/2021\\\/07\\\/logo.png\",\"contentUrl\":\"https:\\\/\\\/www.lifenatura.com\\\/wp-content\\\/uploads\\\/2021\\\/07\\\/logo.png\",\"width\":175,\"height\":55,\"caption\":\"Lifenatura\"},\"image\":{\"@id\":\"https:\\\/\\\/www.lifenatura.com\\\/es\\\/#\\\/schema\\\/logo\\\/image\\\/\"},\"sameAs\":[\"https:\\\/\\\/www.facebook.com\\\/lifenatura\",\"https:\\\/\\\/www.instagram.com\\\/lifenaturapt\\\/\"],\"hasMerchantReturnPolicy\":{\"@type\":\"MerchantReturnPolicy\",\"merchantReturnLink\":\"https:\\\/\\\/www.lifenatura.com\\\/termos-condicoes-lifenatura\\\/\"}}]}<\/script>\n<meta property=\"product:price:amount\" content=\"15.42\" \/>\n<meta property=\"product:price:currency\" content=\"EUR\" \/>\n<meta property=\"og:availability\" content=\"out of stock\" \/>\n<meta property=\"product:availability\" content=\"out of stock\" \/>\n<meta property=\"product:retailer_item_id\" content=\"5603807203008\" \/>\n<meta property=\"product:condition\" content=\"new\" \/>\n<!-- \/ Yoast SEO Premium plugin. -->","yoast_head_json":{"title":"Chi Biolax Plus con Psyllium 30 comprimidos - Lifenatura","description":"Biolax Plus reforzado con Psyllium es un complemento alimenticio con acci\u00f3n laxante no agresiva, que contribuye al buen funcionamiento intestinal.","robots":{"index":"index","follow":"follow","max-snippet":"max-snippet:-1","max-image-preview":"max-image-preview:large","max-video-preview":"max-video-preview:-1"},"canonical":"https:\/\/www.lifenatura.com\/es\/produto\/biolax-plus-30-comprimidos-chi\/","og_locale":"es_ES","og_type":"article","og_title":"Biolax Plus con Psyllium 30 comprimidos - Chi - Na Lifenatura ao Melhor Pre\u00e7o | Envio 48h","og_description":"Compre Biolax Plus con Psyllium 30 comprimidos - Chi com envio r\u00e1pido. Entrega em 48h e portes gr\u00e1tis em compras >35\u20ac. Aproveite j\u00e1 na Lifenatura","og_url":"https:\/\/www.lifenatura.com\/es\/produto\/biolax-plus-30-comprimidos-chi\/","og_site_name":"Lifenatura","article_publisher":"https:\/\/www.facebook.com\/lifenatura","article_modified_time":"2023-07-11T09:16:51+00:00","og_image":[{"width":1000,"height":1000,"url":"https:\/\/www.lifenatura.com\/wp-content\/uploads\/2021\/09\/biolax-plus-psyllium-chi.jpg","type":"image\/jpeg"}],"twitter_card":"summary_large_image","twitter_misc":{"Precio":"15,42&nbsp;&euro;","Disponibilidad":"Sin existencias"},"schema":{"@context":"https:\/\/schema.org","@graph":[{"@type":"WebPage","@id":"https:\/\/www.lifenatura.com\/es\/produto\/biolax-plus-30-comprimidos-chi\/","url":"https:\/\/www.lifenatura.com\/es\/produto\/biolax-plus-30-comprimidos-chi\/","name":"Chi Biolax Plus con Psyllium 30 comprimidos - Lifenatura","isPartOf":{"@id":"https:\/\/www.lifenatura.com\/es\/#website"},"primaryImageOfPage":{"@id":"https:\/\/www.lifenatura.com\/es\/produto\/biolax-plus-30-comprimidos-chi\/#primaryimage"},"image":{"@id":"https:\/\/www.lifenatura.com\/es\/produto\/biolax-plus-30-comprimidos-chi\/#primaryimage"},"thumbnailUrl":"https:\/\/www.lifenatura.com\/wp-content\/uploads\/2021\/09\/biolax-plus-psyllium-chi.jpg","datePublished":"2021-09-30T09:33:34+00:00","dateModified":"2023-07-11T09:16:51+00:00","description":"Biolax Plus reforzado con Psyllium es un complemento alimenticio con acci\u00f3n laxante no agresiva, que contribuye al buen funcionamiento intestinal.","breadcrumb":{"@id":"https:\/\/www.lifenatura.com\/es\/produto\/biolax-plus-30-comprimidos-chi\/#breadcrumb"},"inLanguage":"es","potentialAction":[{"@type":"ReadAction","target":["https:\/\/www.lifenatura.com\/es\/produto\/biolax-plus-30-comprimidos-chi\/"]}]},{"@type":"ImageObject","inLanguage":"es","@id":"https:\/\/www.lifenatura.com\/es\/produto\/biolax-plus-30-comprimidos-chi\/#primaryimage","url":"https:\/\/www.lifenatura.com\/wp-content\/uploads\/2021\/09\/biolax-plus-psyllium-chi.jpg","contentUrl":"https:\/\/www.lifenatura.com\/wp-content\/uploads\/2021\/09\/biolax-plus-psyllium-chi.jpg","width":1000,"height":1000,"caption":"Biolax plus da marca CHI"},{"@type":"BreadcrumbList","@id":"https:\/\/www.lifenatura.com\/es\/produto\/biolax-plus-30-comprimidos-chi\/#breadcrumb","itemListElement":[{"@type":"ListItem","position":1,"name":"In\u00edcio","item":"https:\/\/www.lifenatura.com\/es\/"},{"@type":"ListItem","position":2,"name":"Todos los Productos","item":"https:\/\/www.lifenatura.com\/es\/tienda\/"},{"@type":"ListItem","position":3,"name":"Biolax Plus con Psyllium 30 comprimidos &#8211; Chi"}]},{"@type":"WebSite","@id":"https:\/\/www.lifenatura.com\/es\/#website","url":"https:\/\/www.lifenatura.com\/es\/","name":"Lifenatura","description":"A Lifenatura \u00e9 uma loja de produtos naturais, cosm\u00e9tica natural e alimenta\u00e7\u00e3o Biol\u00f3gica.","publisher":{"@id":"https:\/\/www.lifenatura.com\/es\/#organization"},"potentialAction":[{"@type":"SearchAction","target":{"@type":"EntryPoint","urlTemplate":"https:\/\/www.lifenatura.com\/es\/?s={search_term_string}"},"query-input":{"@type":"PropertyValueSpecification","valueRequired":true,"valueName":"search_term_string"}}],"inLanguage":"es"},{"@type":"Organization","@id":"https:\/\/www.lifenatura.com\/es\/#organization","name":"Lifenatura","url":"https:\/\/www.lifenatura.com\/es\/","logo":{"@type":"ImageObject","inLanguage":"es","@id":"https:\/\/www.lifenatura.com\/es\/#\/schema\/logo\/image\/","url":"https:\/\/www.lifenatura.com\/wp-content\/uploads\/2021\/07\/logo.png","contentUrl":"https:\/\/www.lifenatura.com\/wp-content\/uploads\/2021\/07\/logo.png","width":175,"height":55,"caption":"Lifenatura"},"image":{"@id":"https:\/\/www.lifenatura.com\/es\/#\/schema\/logo\/image\/"},"sameAs":["https:\/\/www.facebook.com\/lifenatura","https:\/\/www.instagram.com\/lifenaturapt\/"],"hasMerchantReturnPolicy":{"@type":"MerchantReturnPolicy","merchantReturnLink":"https:\/\/www.lifenatura.com\/termos-condicoes-lifenatura\/"}}]},"product_price_amount":"15.42","product_price_currency":"EUR","og_availability":"out of stock","product_availability":"out of stock","product_retailer_item_id":"5603807203008","product_condition":"new"},"df_price":15.42,"df_sale_price":"","df_regular_price":15.42,"df_image_link":"https:\/\/www.lifenatura.com\/wp-content\/uploads\/2021\/09\/biolax-plus-psyllium-chi-300x300.jpg","_links":{"self":[{"href":"https:\/\/www.lifenatura.com\/es\/wp-json\/wp\/v2\/product\/36564","targetHints":{"allow":["GET"]}}],"collection":[{"href":"https:\/\/www.lifenatura.com\/es\/wp-json\/wp\/v2\/product"}],"about":[{"href":"https:\/\/www.lifenatura.com\/es\/wp-json\/wp\/v2\/types\/product"}],"wp:featuredmedia":[{"embeddable":true,"href":"https:\/\/www.lifenatura.com\/es\/wp-json\/wp\/v2\/media\/70363"}],"wp:attachment":[{"href":"https:\/\/www.lifenatura.com\/es\/wp-json\/wp\/v2\/media?parent=36564"}],"wp:term":[{"taxonomy":"product_brand","embeddable":true,"href":"https:\/\/www.lifenatura.com\/es\/wp-json\/wp\/v2\/product_brand?post=36564"},{"taxonomy":"product_cat","embeddable":true,"href":"https:\/\/www.lifenatura.com\/es\/wp-json\/wp\/v2\/product_cat?post=36564"},{"taxonomy":"product_tag","embeddable":true,"href":"https:\/\/www.lifenatura.com\/es\/wp-json\/wp\/v2\/product_tag?post=36564"}],"curies":[{"name":"wp","href":"https:\/\/api.w.org\/{rel}","templated":true}]}}