{"id":36537,"date":"2021-09-30T09:32:54","date_gmt":"2021-09-30T09:32:54","guid":{"rendered":"https:\/\/lifenatura.dev.agenciagetdigital.com\/produto\/cerebrum-advanced-com-cerosomas-30-capsulas-natiris\/"},"modified":"2026-03-23T01:04:53","modified_gmt":"2026-03-23T01:04:53","slug":"cerebrum-advanced-com-cerosomas-30-capsulas-natiris","status":"publish","type":"product","link":"https:\/\/www.lifenatura.com\/es\/produto\/cerebrum-advanced-com-cerosomas-30-capsulas-natiris\/","title":{"rendered":"Cerebrum Advanced Com Cerosomas 30 c\u00e1psulas &#8211; Natiris"},"content":{"rendered":"<p>Indicado para un rendimiento normal Cerebrum Advance es la mejor f\u00f3rmula t\u00f3nica para el cerebro con m\u00e1s de 20 ingredientes naturales tales como, alfa-GPC, omega-3, Bacopa monnieri, Rhodiola rosa, Huperzia sierra, que dan el impulso ideal para el cerebro, mejoran el rendimiento mental, fortalecen la memoria y la capacidad intelectual e incluso promueven un mejor estado de \u00e1nimo para la persona con actividades diarias exigentes, tanto en la vida profesional y \/ o personal. Sus principales ingredientes tienen la capacidad de: La vitamina B6 contribuye a la normal funci\u00f3n del sistema nervioso El cinc contribuye a una normal Funci\u00f3n Cognitiva La vitamina B5 contribuye a un rendimiento normal normal. PRESENTACI\u00d3N 30 C\u00e1psulas.<\/p>\n","protected":false},"excerpt":{"rendered":"<p>Indicado para un rendimiento normal Cerebrum Advance es la mejor f\u00f3rmula t\u00f3nica para el cerebro con m\u00e1s de 20 ingredientes naturales tales como, alfa-GPC, omega-3, Bacopa monnieri, Rhodiola rosa, Huperzia sierra, que dan el impulso ideal para el cerebro, mejoran el rendimiento mental, fortalecen la memoria y la capacidad intelectual e incluso promueven un mejor [&#8230;]<\/p>\n<p><a class=\"btn btn-secondary understrap-read-more-link\" href=\"https:\/\/www.lifenatura.com\/es\/produto\/cerebrum-advanced-com-cerosomas-30-capsulas-natiris\/\">Leer m\u00e1s&#8230;<span class=\"screen-reader-text\"> from Cerebrum Advanced Com Cerosomas 30 c\u00e1psulas &#8211; Natiris<\/span><\/a><\/p>\n","protected":false},"featured_media":130582,"template":"","meta":{"_acf_changed":false},"product_brand":[8518],"product_cat":[7223,7659,7755,7179],"product_tag":[8701],"class_list":{"0":"post-36537","1":"product","2":"type-product","3":"status-publish","4":"has-post-thumbnail","6":"product_brand-cerebrum","7":"product_cat-concentracion-memoria-salud","8":"product_cat-ingrediente-natural-bio","9":"product_cat-omega-3-es","10":"product_cat-salud","11":"product_tag-natiris","13":"first","14":"outofstock","15":"sale","16":"featured","17":"shipping-taxable","18":"purchasable","19":"product-type-simple","20":"add-to-wishlist-before_image"},"acf":[],"yoast_head":"<!-- This site is optimized with the Yoast SEO Premium plugin v27.1 (Yoast SEO v27.5) - https:\/\/yoast.com\/product\/yoast-seo-premium-wordpress\/ -->\n<title>Cerebrum Advanced Com Cerosomas 30 c\u00e1psulas - Natiris<\/title>\n<meta name=\"description\" content=\"Cerebrum Advance indicado para mejorar el desempe\u00f1o mental, fortalecer la memoria y la capacidad intelectual y promover un mejor estado de \u00e1nimo para la persona con actividades diarias exigentes.\" \/>\n<meta name=\"robots\" content=\"index, follow, max-snippet:-1, max-image-preview:large, max-video-preview:-1\" \/>\n<link rel=\"canonical\" href=\"https:\/\/www.lifenatura.com\/es\/produto\/cerebrum-advanced-com-cerosomas-30-capsulas-natiris\/\" \/>\n<meta property=\"og:locale\" content=\"es_ES\" \/>\n<meta property=\"og:type\" content=\"article\" \/>\n<meta property=\"og:title\" content=\"Cerebrum Advanced Com Cerosomas 30 c\u00e1psulas - Natiris - Na Lifenatura ao Melhor Pre\u00e7o | Envio 48h\" \/>\n<meta property=\"og:description\" content=\"Compre Cerebrum Advanced Com Cerosomas 30 c\u00e1psulas - Natiris com envio r\u00e1pido. Entrega em 48h e portes gr\u00e1tis em compras &gt;35\u20ac. Aproveite j\u00e1 na Lifenatura\" \/>\n<meta property=\"og:url\" content=\"https:\/\/www.lifenatura.com\/es\/produto\/cerebrum-advanced-com-cerosomas-30-capsulas-natiris\/\" \/>\n<meta property=\"og:site_name\" content=\"Lifenatura\" \/>\n<meta property=\"article:publisher\" content=\"https:\/\/www.facebook.com\/lifenatura\" \/>\n<meta property=\"article:modified_time\" content=\"2026-03-23T01:04:53+00:00\" \/>\n<meta property=\"og:image\" content=\"https:\/\/www.lifenatura.com\/wp-content\/uploads\/2021\/09\/gd_cerebrum-advanced-ceromonas-30-caps.jpg\" \/>\n\t<meta property=\"og:image:width\" content=\"1000\" \/>\n\t<meta property=\"og:image:height\" content=\"1000\" \/>\n\t<meta property=\"og:image:type\" content=\"image\/jpeg\" \/>\n<meta name=\"twitter:card\" content=\"summary_large_image\" \/>\n<meta name=\"twitter:label1\" content=\"Precio\" \/>\n\t<meta name=\"twitter:data1\" content=\"82,00&nbsp;&euro;\" \/>\n\t<meta name=\"twitter:label2\" content=\"Disponibilidad\" \/>\n\t<meta name=\"twitter:data2\" content=\"Sin existencias\" \/>\n<script type=\"application\/ld+json\" class=\"yoast-schema-graph\">{\"@context\":\"https:\\\/\\\/schema.org\",\"@graph\":[{\"@type\":\"WebPage\",\"@id\":\"https:\\\/\\\/www.lifenatura.com\\\/es\\\/produto\\\/cerebrum-advanced-com-cerosomas-30-capsulas-natiris\\\/\",\"url\":\"https:\\\/\\\/www.lifenatura.com\\\/es\\\/produto\\\/cerebrum-advanced-com-cerosomas-30-capsulas-natiris\\\/\",\"name\":\"Cerebrum Advanced Com Cerosomas 30 c\u00e1psulas - Natiris\",\"isPartOf\":{\"@id\":\"https:\\\/\\\/www.lifenatura.com\\\/es\\\/#website\"},\"primaryImageOfPage\":{\"@id\":\"https:\\\/\\\/www.lifenatura.com\\\/es\\\/produto\\\/cerebrum-advanced-com-cerosomas-30-capsulas-natiris\\\/#primaryimage\"},\"image\":{\"@id\":\"https:\\\/\\\/www.lifenatura.com\\\/es\\\/produto\\\/cerebrum-advanced-com-cerosomas-30-capsulas-natiris\\\/#primaryimage\"},\"thumbnailUrl\":\"https:\\\/\\\/www.lifenatura.com\\\/wp-content\\\/uploads\\\/2026\\\/03\\\/Cerebrum_Advance.jpg\",\"datePublished\":\"2021-09-30T09:32:54+00:00\",\"dateModified\":\"2026-03-23T01:04:53+00:00\",\"description\":\"Cerebrum Advance indicado para mejorar el desempe\u00f1o mental, fortalecer la memoria y la capacidad intelectual y promover un mejor estado de \u00e1nimo para la persona con actividades diarias exigentes.\",\"breadcrumb\":{\"@id\":\"https:\\\/\\\/www.lifenatura.com\\\/es\\\/produto\\\/cerebrum-advanced-com-cerosomas-30-capsulas-natiris\\\/#breadcrumb\"},\"inLanguage\":\"es\",\"potentialAction\":[{\"@type\":\"ReadAction\",\"target\":[\"https:\\\/\\\/www.lifenatura.com\\\/es\\\/produto\\\/cerebrum-advanced-com-cerosomas-30-capsulas-natiris\\\/\"]}]},{\"@type\":\"ImageObject\",\"inLanguage\":\"es\",\"@id\":\"https:\\\/\\\/www.lifenatura.com\\\/es\\\/produto\\\/cerebrum-advanced-com-cerosomas-30-capsulas-natiris\\\/#primaryimage\",\"url\":\"https:\\\/\\\/www.lifenatura.com\\\/wp-content\\\/uploads\\\/2026\\\/03\\\/Cerebrum_Advance.jpg\",\"contentUrl\":\"https:\\\/\\\/www.lifenatura.com\\\/wp-content\\\/uploads\\\/2026\\\/03\\\/Cerebrum_Advance.jpg\",\"width\":600,\"height\":600},{\"@type\":\"BreadcrumbList\",\"@id\":\"https:\\\/\\\/www.lifenatura.com\\\/es\\\/produto\\\/cerebrum-advanced-com-cerosomas-30-capsulas-natiris\\\/#breadcrumb\",\"itemListElement\":[{\"@type\":\"ListItem\",\"position\":1,\"name\":\"In\u00edcio\",\"item\":\"https:\\\/\\\/www.lifenatura.com\\\/es\\\/\"},{\"@type\":\"ListItem\",\"position\":2,\"name\":\"Todos los Productos\",\"item\":\"https:\\\/\\\/www.lifenatura.com\\\/es\\\/tienda\\\/\"},{\"@type\":\"ListItem\",\"position\":3,\"name\":\"Cerebrum Advanced Com Cerosomas 30 c\u00e1psulas &#8211; Natiris\"}]},{\"@type\":\"WebSite\",\"@id\":\"https:\\\/\\\/www.lifenatura.com\\\/es\\\/#website\",\"url\":\"https:\\\/\\\/www.lifenatura.com\\\/es\\\/\",\"name\":\"Lifenatura\",\"description\":\"A Lifenatura \u00e9 uma loja de produtos naturais, cosm\u00e9tica natural e alimenta\u00e7\u00e3o Biol\u00f3gica.\",\"publisher\":{\"@id\":\"https:\\\/\\\/www.lifenatura.com\\\/es\\\/#organization\"},\"potentialAction\":[{\"@type\":\"SearchAction\",\"target\":{\"@type\":\"EntryPoint\",\"urlTemplate\":\"https:\\\/\\\/www.lifenatura.com\\\/es\\\/?s={search_term_string}\"},\"query-input\":{\"@type\":\"PropertyValueSpecification\",\"valueRequired\":true,\"valueName\":\"search_term_string\"}}],\"inLanguage\":\"es\"},{\"@type\":\"Organization\",\"@id\":\"https:\\\/\\\/www.lifenatura.com\\\/es\\\/#organization\",\"name\":\"Lifenatura\",\"url\":\"https:\\\/\\\/www.lifenatura.com\\\/es\\\/\",\"logo\":{\"@type\":\"ImageObject\",\"inLanguage\":\"es\",\"@id\":\"https:\\\/\\\/www.lifenatura.com\\\/es\\\/#\\\/schema\\\/logo\\\/image\\\/\",\"url\":\"https:\\\/\\\/www.lifenatura.com\\\/wp-content\\\/uploads\\\/2021\\\/07\\\/logo.png\",\"contentUrl\":\"https:\\\/\\\/www.lifenatura.com\\\/wp-content\\\/uploads\\\/2021\\\/07\\\/logo.png\",\"width\":175,\"height\":55,\"caption\":\"Lifenatura\"},\"image\":{\"@id\":\"https:\\\/\\\/www.lifenatura.com\\\/es\\\/#\\\/schema\\\/logo\\\/image\\\/\"},\"sameAs\":[\"https:\\\/\\\/www.facebook.com\\\/lifenatura\",\"https:\\\/\\\/www.instagram.com\\\/lifenaturapt\\\/\"],\"hasMerchantReturnPolicy\":{\"@type\":\"MerchantReturnPolicy\",\"merchantReturnLink\":\"https:\\\/\\\/www.lifenatura.com\\\/termos-condicoes-lifenatura\\\/\"}}]}<\/script>\n<meta property=\"product:price:amount\" content=\"82.00\" \/>\n<meta property=\"product:price:currency\" content=\"EUR\" \/>\n<meta property=\"og:availability\" content=\"out of stock\" \/>\n<meta property=\"product:availability\" content=\"out of stock\" \/>\n<meta property=\"product:retailer_item_id\" content=\"5601436107551\" \/>\n<meta property=\"product:condition\" content=\"new\" \/>\n<!-- \/ Yoast SEO Premium plugin. -->","yoast_head_json":{"title":"Cerebrum Advanced Com Cerosomas 30 c\u00e1psulas - Natiris","description":"Cerebrum Advance indicado para mejorar el desempe\u00f1o mental, fortalecer la memoria y la capacidad intelectual y promover un mejor estado de \u00e1nimo para la persona con actividades diarias exigentes.","robots":{"index":"index","follow":"follow","max-snippet":"max-snippet:-1","max-image-preview":"max-image-preview:large","max-video-preview":"max-video-preview:-1"},"canonical":"https:\/\/www.lifenatura.com\/es\/produto\/cerebrum-advanced-com-cerosomas-30-capsulas-natiris\/","og_locale":"es_ES","og_type":"article","og_title":"Cerebrum Advanced Com Cerosomas 30 c\u00e1psulas - Natiris - Na Lifenatura ao Melhor Pre\u00e7o | Envio 48h","og_description":"Compre Cerebrum Advanced Com Cerosomas 30 c\u00e1psulas - Natiris com envio r\u00e1pido. Entrega em 48h e portes gr\u00e1tis em compras >35\u20ac. Aproveite j\u00e1 na Lifenatura","og_url":"https:\/\/www.lifenatura.com\/es\/produto\/cerebrum-advanced-com-cerosomas-30-capsulas-natiris\/","og_site_name":"Lifenatura","article_publisher":"https:\/\/www.facebook.com\/lifenatura","article_modified_time":"2026-03-23T01:04:53+00:00","og_image":[{"width":1000,"height":1000,"url":"https:\/\/www.lifenatura.com\/wp-content\/uploads\/2021\/09\/gd_cerebrum-advanced-ceromonas-30-caps.jpg","type":"image\/jpeg"}],"twitter_card":"summary_large_image","twitter_misc":{"Precio":"82,00&nbsp;&euro;","Disponibilidad":"Sin existencias"},"schema":{"@context":"https:\/\/schema.org","@graph":[{"@type":"WebPage","@id":"https:\/\/www.lifenatura.com\/es\/produto\/cerebrum-advanced-com-cerosomas-30-capsulas-natiris\/","url":"https:\/\/www.lifenatura.com\/es\/produto\/cerebrum-advanced-com-cerosomas-30-capsulas-natiris\/","name":"Cerebrum Advanced Com Cerosomas 30 c\u00e1psulas - Natiris","isPartOf":{"@id":"https:\/\/www.lifenatura.com\/es\/#website"},"primaryImageOfPage":{"@id":"https:\/\/www.lifenatura.com\/es\/produto\/cerebrum-advanced-com-cerosomas-30-capsulas-natiris\/#primaryimage"},"image":{"@id":"https:\/\/www.lifenatura.com\/es\/produto\/cerebrum-advanced-com-cerosomas-30-capsulas-natiris\/#primaryimage"},"thumbnailUrl":"https:\/\/www.lifenatura.com\/wp-content\/uploads\/2026\/03\/Cerebrum_Advance.jpg","datePublished":"2021-09-30T09:32:54+00:00","dateModified":"2026-03-23T01:04:53+00:00","description":"Cerebrum Advance indicado para mejorar el desempe\u00f1o mental, fortalecer la memoria y la capacidad intelectual y promover un mejor estado de \u00e1nimo para la persona con actividades diarias exigentes.","breadcrumb":{"@id":"https:\/\/www.lifenatura.com\/es\/produto\/cerebrum-advanced-com-cerosomas-30-capsulas-natiris\/#breadcrumb"},"inLanguage":"es","potentialAction":[{"@type":"ReadAction","target":["https:\/\/www.lifenatura.com\/es\/produto\/cerebrum-advanced-com-cerosomas-30-capsulas-natiris\/"]}]},{"@type":"ImageObject","inLanguage":"es","@id":"https:\/\/www.lifenatura.com\/es\/produto\/cerebrum-advanced-com-cerosomas-30-capsulas-natiris\/#primaryimage","url":"https:\/\/www.lifenatura.com\/wp-content\/uploads\/2026\/03\/Cerebrum_Advance.jpg","contentUrl":"https:\/\/www.lifenatura.com\/wp-content\/uploads\/2026\/03\/Cerebrum_Advance.jpg","width":600,"height":600},{"@type":"BreadcrumbList","@id":"https:\/\/www.lifenatura.com\/es\/produto\/cerebrum-advanced-com-cerosomas-30-capsulas-natiris\/#breadcrumb","itemListElement":[{"@type":"ListItem","position":1,"name":"In\u00edcio","item":"https:\/\/www.lifenatura.com\/es\/"},{"@type":"ListItem","position":2,"name":"Todos los Productos","item":"https:\/\/www.lifenatura.com\/es\/tienda\/"},{"@type":"ListItem","position":3,"name":"Cerebrum Advanced Com Cerosomas 30 c\u00e1psulas &#8211; Natiris"}]},{"@type":"WebSite","@id":"https:\/\/www.lifenatura.com\/es\/#website","url":"https:\/\/www.lifenatura.com\/es\/","name":"Lifenatura","description":"A Lifenatura \u00e9 uma loja de produtos naturais, cosm\u00e9tica natural e alimenta\u00e7\u00e3o Biol\u00f3gica.","publisher":{"@id":"https:\/\/www.lifenatura.com\/es\/#organization"},"potentialAction":[{"@type":"SearchAction","target":{"@type":"EntryPoint","urlTemplate":"https:\/\/www.lifenatura.com\/es\/?s={search_term_string}"},"query-input":{"@type":"PropertyValueSpecification","valueRequired":true,"valueName":"search_term_string"}}],"inLanguage":"es"},{"@type":"Organization","@id":"https:\/\/www.lifenatura.com\/es\/#organization","name":"Lifenatura","url":"https:\/\/www.lifenatura.com\/es\/","logo":{"@type":"ImageObject","inLanguage":"es","@id":"https:\/\/www.lifenatura.com\/es\/#\/schema\/logo\/image\/","url":"https:\/\/www.lifenatura.com\/wp-content\/uploads\/2021\/07\/logo.png","contentUrl":"https:\/\/www.lifenatura.com\/wp-content\/uploads\/2021\/07\/logo.png","width":175,"height":55,"caption":"Lifenatura"},"image":{"@id":"https:\/\/www.lifenatura.com\/es\/#\/schema\/logo\/image\/"},"sameAs":["https:\/\/www.facebook.com\/lifenatura","https:\/\/www.instagram.com\/lifenaturapt\/"],"hasMerchantReturnPolicy":{"@type":"MerchantReturnPolicy","merchantReturnLink":"https:\/\/www.lifenatura.com\/termos-condicoes-lifenatura\/"}}]},"product_price_amount":"82.00","product_price_currency":"EUR","og_availability":"out of stock","product_availability":"out of stock","product_retailer_item_id":"5601436107551","product_condition":"new"},"df_price":82,"df_sale_price":82,"df_regular_price":124.24,"df_image_link":"https:\/\/www.lifenatura.com\/wp-content\/uploads\/2026\/03\/Cerebrum_Advance-300x300.jpg","_links":{"self":[{"href":"https:\/\/www.lifenatura.com\/es\/wp-json\/wp\/v2\/product\/36537","targetHints":{"allow":["GET"]}}],"collection":[{"href":"https:\/\/www.lifenatura.com\/es\/wp-json\/wp\/v2\/product"}],"about":[{"href":"https:\/\/www.lifenatura.com\/es\/wp-json\/wp\/v2\/types\/product"}],"wp:featuredmedia":[{"embeddable":true,"href":"https:\/\/www.lifenatura.com\/es\/wp-json\/wp\/v2\/media\/130582"}],"wp:attachment":[{"href":"https:\/\/www.lifenatura.com\/es\/wp-json\/wp\/v2\/media?parent=36537"}],"wp:term":[{"taxonomy":"product_brand","embeddable":true,"href":"https:\/\/www.lifenatura.com\/es\/wp-json\/wp\/v2\/product_brand?post=36537"},{"taxonomy":"product_cat","embeddable":true,"href":"https:\/\/www.lifenatura.com\/es\/wp-json\/wp\/v2\/product_cat?post=36537"},{"taxonomy":"product_tag","embeddable":true,"href":"https:\/\/www.lifenatura.com\/es\/wp-json\/wp\/v2\/product_tag?post=36537"}],"curies":[{"name":"wp","href":"https:\/\/api.w.org\/{rel}","templated":true}]}}