{"id":36530,"date":"2021-09-30T09:32:54","date_gmt":"2021-09-30T09:32:54","guid":{"rendered":"https:\/\/lifenatura.dev.agenciagetdigital.com\/produto\/cerebrum-energy-30-ampollas-natiris\/"},"modified":"2026-03-23T01:04:52","modified_gmt":"2026-03-23T01:04:52","slug":"cerebrum-energy-30-ampollas-natiris","status":"publish","type":"product","link":"https:\/\/www.lifenatura.com\/es\/produto\/cerebrum-energy-30-ampollas-natiris\/","title":{"rendered":"Cerebrum Energy 30 ampollas &#8211; Natiris"},"content":{"rendered":"<p>Proporciona energ\u00eda naturalmente Cerebrum Energy es un suplemento alimentario indicado para optimizar y estimular las capacidades intelectuales, mantiene un alto nivel de energ\u00eda durante un esfuerzo intenso o de larga duraci\u00f3n. Tambi\u00e9n est\u00e1 indicado para mejorar la reactividad y la vigilancia reforzando las defensas naturales. La vitamina B6 contribuye al normal metabolismo productor de energ\u00eda y para la reducci\u00f3n del cansancio y la fatiga. PRESENTACI\u00d3N 30 Ampollas.<\/p>\n","protected":false},"excerpt":{"rendered":"<p>Proporciona energ\u00eda naturalmente Cerebrum Energy es un suplemento alimentario indicado para optimizar y estimular las capacidades intelectuales, mantiene un alto nivel de energ\u00eda durante un esfuerzo intenso o de larga duraci\u00f3n. Tambi\u00e9n est\u00e1 indicado para mejorar la reactividad y la vigilancia reforzando las defensas naturales. La vitamina B6 contribuye al normal metabolismo productor de energ\u00eda [&#8230;]<\/p>\n<p><a class=\"btn btn-secondary understrap-read-more-link\" href=\"https:\/\/www.lifenatura.com\/es\/produto\/cerebrum-energy-30-ampollas-natiris\/\">Leer m\u00e1s&#8230;<span class=\"screen-reader-text\"> from Cerebrum Energy 30 ampollas &#8211; Natiris<\/span><\/a><\/p>\n","protected":false},"featured_media":130586,"template":"","meta":{"_acf_changed":false},"product_brand":[8518],"product_cat":[7223,7179],"product_tag":[8701],"class_list":{"0":"post-36530","1":"product","2":"type-product","3":"status-publish","4":"has-post-thumbnail","6":"product_brand-cerebrum","7":"product_cat-concentracion-memoria-salud","8":"product_cat-salud","9":"product_tag-natiris","11":"first","12":"instock","13":"sale","14":"featured","15":"shipping-taxable","16":"purchasable","17":"product-type-simple","18":"add-to-wishlist-before_image"},"acf":[],"yoast_head":"<!-- This site is optimized with the Yoast SEO Premium plugin v27.1 (Yoast SEO v27.3) - https:\/\/yoast.com\/product\/yoast-seo-premium-wordpress\/ -->\n<title>Cerebrum Energy 30 ampollas - Natiris<\/title>\n<meta name=\"description\" content=\"Cerebrum Energy es un suplemento alimentario indicado para optimizar y estimular las capacidades intelectuales, mantiene un alto nivel de energ\u00eda durante un esfuerzo intenso o de larga duraci\u00f3n.\" \/>\n<meta name=\"robots\" content=\"index, follow, max-snippet:-1, max-image-preview:large, max-video-preview:-1\" \/>\n<link rel=\"canonical\" href=\"https:\/\/www.lifenatura.com\/es\/produto\/cerebrum-energy-30-ampollas-natiris\/\" \/>\n<meta property=\"og:locale\" content=\"es_ES\" \/>\n<meta property=\"og:type\" content=\"article\" \/>\n<meta property=\"og:title\" content=\"Cerebrum Energy 30 ampollas - Natiris - Lifenatura\" \/>\n<meta property=\"og:description\" content=\"Compre aqui o seu Cerebrum Energy 30 ampollas - Natiris e a Lifenatura Online envia em 48 H com Portes Gratis &gt;35\u20ac de Pedido.\" \/>\n<meta property=\"og:url\" content=\"https:\/\/www.lifenatura.com\/es\/produto\/cerebrum-energy-30-ampollas-natiris\/\" \/>\n<meta property=\"og:site_name\" content=\"Lifenatura\" \/>\n<meta property=\"article:publisher\" content=\"https:\/\/www.facebook.com\/lifenatura\" \/>\n<meta property=\"article:modified_time\" content=\"2026-03-23T01:04:52+00:00\" \/>\n<meta property=\"og:image\" content=\"https:\/\/www.lifenatura.com\/wp-content\/uploads\/2021\/09\/gd_cerebrum-energy-30-ampolas.jpg\" \/>\n\t<meta property=\"og:image:width\" content=\"1000\" \/>\n\t<meta property=\"og:image:height\" content=\"1000\" \/>\n\t<meta property=\"og:image:type\" content=\"image\/jpeg\" \/>\n<meta name=\"twitter:card\" content=\"summary_large_image\" \/>\n<meta name=\"twitter:label1\" content=\"Precio\" \/>\n\t<meta name=\"twitter:data1\" content=\"19,72&nbsp;&euro;\" \/>\n\t<meta name=\"twitter:label2\" content=\"Disponibilidad\" \/>\n\t<meta name=\"twitter:data2\" content=\"Disponible\" \/>\n<meta property=\"product:price:amount\" content=\"19.72\" \/>\n<meta property=\"product:price:currency\" content=\"EUR\" \/>\n<meta property=\"og:availability\" content=\"instock\" \/>\n<meta property=\"product:availability\" content=\"instock\" \/>\n<meta property=\"product:retailer_item_id\" content=\"5601436106820\" \/>\n<meta property=\"product:condition\" content=\"new\" \/>\n<!-- \/ Yoast SEO Premium plugin. -->","yoast_head_json":{"title":"Cerebrum Energy 30 ampollas - Natiris","description":"Cerebrum Energy es un suplemento alimentario indicado para optimizar y estimular las capacidades intelectuales, mantiene un alto nivel de energ\u00eda durante un esfuerzo intenso o de larga duraci\u00f3n.","robots":{"index":"index","follow":"follow","max-snippet":"max-snippet:-1","max-image-preview":"max-image-preview:large","max-video-preview":"max-video-preview:-1"},"canonical":"https:\/\/www.lifenatura.com\/es\/produto\/cerebrum-energy-30-ampollas-natiris\/","og_locale":"es_ES","og_type":"article","og_title":"Cerebrum Energy 30 ampollas - Natiris - Lifenatura","og_description":"Compre aqui o seu Cerebrum Energy 30 ampollas - Natiris e a Lifenatura Online envia em 48 H com Portes Gratis >35\u20ac de Pedido.","og_url":"https:\/\/www.lifenatura.com\/es\/produto\/cerebrum-energy-30-ampollas-natiris\/","og_site_name":"Lifenatura","article_publisher":"https:\/\/www.facebook.com\/lifenatura","article_modified_time":"2026-03-23T01:04:52+00:00","og_image":[{"width":1000,"height":1000,"url":"https:\/\/www.lifenatura.com\/wp-content\/uploads\/2021\/09\/gd_cerebrum-energy-30-ampolas.jpg","type":"image\/jpeg"}],"twitter_card":"summary_large_image","twitter_misc":{"Precio":"19,72&nbsp;&euro;","Disponibilidad":"Disponible"},"schema":{"@context":"https:\/\/schema.org","@graph":[{"@type":"WebPage","@id":"https:\/\/www.lifenatura.com\/es\/produto\/cerebrum-energy-30-ampollas-natiris\/","url":"https:\/\/www.lifenatura.com\/es\/produto\/cerebrum-energy-30-ampollas-natiris\/","name":"Cerebrum Energy 30 ampollas - Natiris","isPartOf":{"@id":"https:\/\/www.lifenatura.com\/es\/#website"},"primaryImageOfPage":{"@id":"https:\/\/www.lifenatura.com\/es\/produto\/cerebrum-energy-30-ampollas-natiris\/#primaryimage"},"image":{"@id":"https:\/\/www.lifenatura.com\/es\/produto\/cerebrum-energy-30-ampollas-natiris\/#primaryimage"},"thumbnailUrl":"https:\/\/www.lifenatura.com\/wp-content\/uploads\/2026\/03\/Cerebrum_Energy_30Amp.jpg","datePublished":"2021-09-30T09:32:54+00:00","dateModified":"2026-03-23T01:04:52+00:00","description":"Cerebrum Energy es un suplemento alimentario indicado para optimizar y estimular las capacidades intelectuales, mantiene un alto nivel de energ\u00eda durante un esfuerzo intenso o de larga duraci\u00f3n.","breadcrumb":{"@id":"https:\/\/www.lifenatura.com\/es\/produto\/cerebrum-energy-30-ampollas-natiris\/#breadcrumb"},"inLanguage":"es","potentialAction":[{"@type":"ReadAction","target":["https:\/\/www.lifenatura.com\/es\/produto\/cerebrum-energy-30-ampollas-natiris\/"]}]},{"@type":"ImageObject","inLanguage":"es","@id":"https:\/\/www.lifenatura.com\/es\/produto\/cerebrum-energy-30-ampollas-natiris\/#primaryimage","url":"https:\/\/www.lifenatura.com\/wp-content\/uploads\/2026\/03\/Cerebrum_Energy_30Amp.jpg","contentUrl":"https:\/\/www.lifenatura.com\/wp-content\/uploads\/2026\/03\/Cerebrum_Energy_30Amp.jpg","width":600,"height":600},{"@type":"BreadcrumbList","@id":"https:\/\/www.lifenatura.com\/es\/produto\/cerebrum-energy-30-ampollas-natiris\/#breadcrumb","itemListElement":[{"@type":"ListItem","position":1,"name":"In\u00edcio","item":"https:\/\/www.lifenatura.com\/es\/"},{"@type":"ListItem","position":2,"name":"Todos los Productos","item":"https:\/\/www.lifenatura.com\/es\/tienda\/"},{"@type":"ListItem","position":3,"name":"Cerebrum Energy 30 ampollas &#8211; Natiris"}]},{"@type":"WebSite","@id":"https:\/\/www.lifenatura.com\/es\/#website","url":"https:\/\/www.lifenatura.com\/es\/","name":"Lifenatura","description":"A Lifenatura \u00e9 uma loja de produtos naturais, cosm\u00e9tica natural e alimenta\u00e7\u00e3o Biol\u00f3gica.","publisher":{"@id":"https:\/\/www.lifenatura.com\/es\/#organization"},"potentialAction":[{"@type":"SearchAction","target":{"@type":"EntryPoint","urlTemplate":"https:\/\/www.lifenatura.com\/es\/?s={search_term_string}"},"query-input":{"@type":"PropertyValueSpecification","valueRequired":true,"valueName":"search_term_string"}}],"inLanguage":"es"},{"@type":"Organization","@id":"https:\/\/www.lifenatura.com\/es\/#organization","name":"Lifenatura","url":"https:\/\/www.lifenatura.com\/es\/","logo":{"@type":"ImageObject","inLanguage":"es","@id":"https:\/\/www.lifenatura.com\/es\/#\/schema\/logo\/image\/","url":"https:\/\/www.lifenatura.com\/wp-content\/uploads\/2021\/11\/logo.png","contentUrl":"https:\/\/www.lifenatura.com\/wp-content\/uploads\/2021\/11\/logo.png","width":175,"height":55,"caption":"Lifenatura"},"image":{"@id":"https:\/\/www.lifenatura.com\/es\/#\/schema\/logo\/image\/"},"sameAs":["https:\/\/www.facebook.com\/lifenatura","https:\/\/www.instagram.com\/lifenaturapt\/"]}]},"product_price_amount":"19.72","product_price_currency":"EUR","og_availability":"instock","product_availability":"instock","product_retailer_item_id":"5601436106820","product_condition":"new"},"df_price":19.72,"df_sale_price":19.72,"df_regular_price":35.85,"df_image_link":"https:\/\/www.lifenatura.com\/wp-content\/uploads\/2026\/03\/Cerebrum_Energy_30Amp-300x300.jpg","_links":{"self":[{"href":"https:\/\/www.lifenatura.com\/es\/wp-json\/wp\/v2\/product\/36530","targetHints":{"allow":["GET"]}}],"collection":[{"href":"https:\/\/www.lifenatura.com\/es\/wp-json\/wp\/v2\/product"}],"about":[{"href":"https:\/\/www.lifenatura.com\/es\/wp-json\/wp\/v2\/types\/product"}],"wp:featuredmedia":[{"embeddable":true,"href":"https:\/\/www.lifenatura.com\/es\/wp-json\/wp\/v2\/media\/130586"}],"wp:attachment":[{"href":"https:\/\/www.lifenatura.com\/es\/wp-json\/wp\/v2\/media?parent=36530"}],"wp:term":[{"taxonomy":"product_brand","embeddable":true,"href":"https:\/\/www.lifenatura.com\/es\/wp-json\/wp\/v2\/product_brand?post=36530"},{"taxonomy":"product_cat","embeddable":true,"href":"https:\/\/www.lifenatura.com\/es\/wp-json\/wp\/v2\/product_cat?post=36530"},{"taxonomy":"product_tag","embeddable":true,"href":"https:\/\/www.lifenatura.com\/es\/wp-json\/wp\/v2\/product_tag?post=36530"}],"curies":[{"name":"wp","href":"https:\/\/api.w.org\/{rel}","templated":true}]}}