{"id":36526,"date":"2021-09-30T09:32:54","date_gmt":"2021-09-30T09:32:54","guid":{"rendered":"https:\/\/lifenatura.dev.agenciagetdigital.com\/produto\/cerebrum-multivitaminas-e-minerais-30-comprimidos-natiris\/"},"modified":"2026-05-03T00:06:46","modified_gmt":"2026-05-03T00:06:46","slug":"cerebrum-multivitaminas-e-minerais-30-comprimidos-natiris","status":"publish","type":"product","link":"https:\/\/www.lifenatura.com\/es\/produto\/cerebrum-multivitaminas-e-minerais-30-comprimidos-natiris\/","title":{"rendered":"Cerebrum Multivitaminas e Minerais 30 comprimidos &#8211; Natiris"},"content":{"rendered":"<p>Indicado para la Concentraci\u00f3n y la Memoria Cerebrum Multivitaminas y Minerales es indicado para mantener el equilibrio de vitaminas y minerales en su organismo, puede ser necesaria una suplementaci\u00f3n alimenticia espec\u00edfica. Adem\u00e1s de todos los nutrientes esenciales, incluye Licopeno, un poderoso antioxidante natural y, en la mejor tradici\u00f3n Cerebrum, todav\u00eda ayuda a combatir casos de fatiga intelectual. PRESENTACI\u00d3N 30 comprimidos.<\/p>\n","protected":false},"excerpt":{"rendered":"<p>Indicado para la Concentraci\u00f3n y la Memoria Cerebrum Multivitaminas y Minerales es indicado para mantener el equilibrio de vitaminas y minerales en su organismo, puede ser necesaria una suplementaci\u00f3n alimenticia espec\u00edfica. Adem\u00e1s de todos los nutrientes esenciales, incluye Licopeno, un poderoso antioxidante natural y, en la mejor tradici\u00f3n Cerebrum, todav\u00eda ayuda a combatir casos de [&#8230;]<\/p>\n<p><a class=\"btn btn-secondary understrap-read-more-link\" href=\"https:\/\/www.lifenatura.com\/es\/produto\/cerebrum-multivitaminas-e-minerais-30-comprimidos-natiris\/\">Leer m\u00e1s&#8230;<span class=\"screen-reader-text\"> from Cerebrum Multivitaminas e Minerais 30 comprimidos &#8211; Natiris<\/span><\/a><\/p>\n","protected":false},"featured_media":130602,"template":"","meta":{"_acf_changed":false},"product_brand":[8518],"product_cat":[7259,7179],"product_tag":[8701],"class_list":{"0":"post-36526","1":"product","2":"type-product","3":"status-publish","4":"has-post-thumbnail","6":"product_brand-cerebrum","7":"product_cat-vitaminas-y-minerales","8":"product_cat-salud","9":"product_tag-natiris","11":"first","12":"instock","13":"sale","14":"featured","15":"shipping-taxable","16":"purchasable","17":"product-type-simple","18":"add-to-wishlist-before_image"},"acf":[],"yoast_head":"<!-- This site is optimized with the Yoast SEO Premium plugin v27.1 (Yoast SEO v27.6) - https:\/\/yoast.com\/product\/yoast-seo-premium-wordpress\/ -->\n<title>Cerebrum Multivitaminas e Minerais 30 comprimidos - Natiris<\/title>\n<meta name=\"description\" content=\"Cerebrum Multivitaminas y Minerales es indicado para mantener el equilibrio de vitaminas y minerales en su organismo, puede ser necesaria una suplementaci\u00f3n alimenticia espec\u00edfica.\" \/>\n<meta name=\"robots\" content=\"index, follow, max-snippet:-1, max-image-preview:large, max-video-preview:-1\" \/>\n<link rel=\"canonical\" href=\"https:\/\/www.lifenatura.com\/es\/produto\/cerebrum-multivitaminas-e-minerais-30-comprimidos-natiris\/\" \/>\n<meta property=\"og:locale\" content=\"es_ES\" \/>\n<meta property=\"og:type\" content=\"article\" \/>\n<meta property=\"og:title\" content=\"Cerebrum Multivitaminas e Minerais 30 comprimidos - Natiris - Na Lifenatura ao Melhor Pre\u00e7o | Envio 48h\" \/>\n<meta property=\"og:description\" content=\"Compre Cerebrum Multivitaminas e Minerais 30 comprimidos - Natiris com envio r\u00e1pido. Entrega em 48h e portes gr\u00e1tis em compras &gt;35\u20ac. Aproveite j\u00e1 na Lifenatura\" \/>\n<meta property=\"og:url\" content=\"https:\/\/www.lifenatura.com\/es\/produto\/cerebrum-multivitaminas-e-minerais-30-comprimidos-natiris\/\" \/>\n<meta property=\"og:site_name\" content=\"Lifenatura\" \/>\n<meta property=\"article:publisher\" content=\"https:\/\/www.facebook.com\/lifenatura\" \/>\n<meta property=\"article:modified_time\" content=\"2026-05-03T00:06:46+00:00\" \/>\n<meta property=\"og:image\" content=\"https:\/\/www.lifenatura.com\/wp-content\/uploads\/2021\/09\/gd_cerebrum-multivitaminicos-minerais.jpg\" \/>\n\t<meta property=\"og:image:width\" content=\"1000\" \/>\n\t<meta property=\"og:image:height\" content=\"1000\" \/>\n\t<meta property=\"og:image:type\" content=\"image\/jpeg\" \/>\n<meta name=\"twitter:card\" content=\"summary_large_image\" \/>\n<meta name=\"twitter:label1\" content=\"Precio\" \/>\n\t<meta name=\"twitter:data1\" content=\"11,91&nbsp;&euro;\" \/>\n\t<meta name=\"twitter:label2\" content=\"Disponibilidad\" \/>\n\t<meta name=\"twitter:data2\" content=\"Disponible\" \/>\n<script type=\"application\/ld+json\" class=\"yoast-schema-graph\">{\"@context\":\"https:\\\/\\\/schema.org\",\"@graph\":[{\"@type\":\"WebPage\",\"@id\":\"https:\\\/\\\/www.lifenatura.com\\\/es\\\/produto\\\/cerebrum-multivitaminas-e-minerais-30-comprimidos-natiris\\\/\",\"url\":\"https:\\\/\\\/www.lifenatura.com\\\/es\\\/produto\\\/cerebrum-multivitaminas-e-minerais-30-comprimidos-natiris\\\/\",\"name\":\"Cerebrum Multivitaminas e Minerais 30 comprimidos - Natiris\",\"isPartOf\":{\"@id\":\"https:\\\/\\\/www.lifenatura.com\\\/es\\\/#website\"},\"primaryImageOfPage\":{\"@id\":\"https:\\\/\\\/www.lifenatura.com\\\/es\\\/produto\\\/cerebrum-multivitaminas-e-minerais-30-comprimidos-natiris\\\/#primaryimage\"},\"image\":{\"@id\":\"https:\\\/\\\/www.lifenatura.com\\\/es\\\/produto\\\/cerebrum-multivitaminas-e-minerais-30-comprimidos-natiris\\\/#primaryimage\"},\"thumbnailUrl\":\"https:\\\/\\\/www.lifenatura.com\\\/wp-content\\\/uploads\\\/2026\\\/03\\\/Cerebrum_Multivitaminas-Minerais.jpg\",\"datePublished\":\"2021-09-30T09:32:54+00:00\",\"dateModified\":\"2026-05-03T00:06:46+00:00\",\"description\":\"Cerebrum Multivitaminas y Minerales es indicado para mantener el equilibrio de vitaminas y minerales en su organismo, puede ser necesaria una suplementaci\u00f3n alimenticia espec\u00edfica.\",\"breadcrumb\":{\"@id\":\"https:\\\/\\\/www.lifenatura.com\\\/es\\\/produto\\\/cerebrum-multivitaminas-e-minerais-30-comprimidos-natiris\\\/#breadcrumb\"},\"inLanguage\":\"es\",\"potentialAction\":[{\"@type\":\"ReadAction\",\"target\":[\"https:\\\/\\\/www.lifenatura.com\\\/es\\\/produto\\\/cerebrum-multivitaminas-e-minerais-30-comprimidos-natiris\\\/\"]}]},{\"@type\":\"ImageObject\",\"inLanguage\":\"es\",\"@id\":\"https:\\\/\\\/www.lifenatura.com\\\/es\\\/produto\\\/cerebrum-multivitaminas-e-minerais-30-comprimidos-natiris\\\/#primaryimage\",\"url\":\"https:\\\/\\\/www.lifenatura.com\\\/wp-content\\\/uploads\\\/2026\\\/03\\\/Cerebrum_Multivitaminas-Minerais.jpg\",\"contentUrl\":\"https:\\\/\\\/www.lifenatura.com\\\/wp-content\\\/uploads\\\/2026\\\/03\\\/Cerebrum_Multivitaminas-Minerais.jpg\",\"width\":600,\"height\":600},{\"@type\":\"BreadcrumbList\",\"@id\":\"https:\\\/\\\/www.lifenatura.com\\\/es\\\/produto\\\/cerebrum-multivitaminas-e-minerais-30-comprimidos-natiris\\\/#breadcrumb\",\"itemListElement\":[{\"@type\":\"ListItem\",\"position\":1,\"name\":\"In\u00edcio\",\"item\":\"https:\\\/\\\/www.lifenatura.com\\\/es\\\/\"},{\"@type\":\"ListItem\",\"position\":2,\"name\":\"Todos los Productos\",\"item\":\"https:\\\/\\\/www.lifenatura.com\\\/es\\\/tienda\\\/\"},{\"@type\":\"ListItem\",\"position\":3,\"name\":\"Cerebrum Multivitaminas e Minerais 30 comprimidos &#8211; Natiris\"}]},{\"@type\":\"WebSite\",\"@id\":\"https:\\\/\\\/www.lifenatura.com\\\/es\\\/#website\",\"url\":\"https:\\\/\\\/www.lifenatura.com\\\/es\\\/\",\"name\":\"Lifenatura\",\"description\":\"A Lifenatura \u00e9 uma loja de produtos naturais, cosm\u00e9tica natural e alimenta\u00e7\u00e3o Biol\u00f3gica.\",\"publisher\":{\"@id\":\"https:\\\/\\\/www.lifenatura.com\\\/es\\\/#organization\"},\"potentialAction\":[{\"@type\":\"SearchAction\",\"target\":{\"@type\":\"EntryPoint\",\"urlTemplate\":\"https:\\\/\\\/www.lifenatura.com\\\/es\\\/?s={search_term_string}\"},\"query-input\":{\"@type\":\"PropertyValueSpecification\",\"valueRequired\":true,\"valueName\":\"search_term_string\"}}],\"inLanguage\":\"es\"},{\"@type\":\"Organization\",\"@id\":\"https:\\\/\\\/www.lifenatura.com\\\/es\\\/#organization\",\"name\":\"Lifenatura\",\"url\":\"https:\\\/\\\/www.lifenatura.com\\\/es\\\/\",\"logo\":{\"@type\":\"ImageObject\",\"inLanguage\":\"es\",\"@id\":\"https:\\\/\\\/www.lifenatura.com\\\/es\\\/#\\\/schema\\\/logo\\\/image\\\/\",\"url\":\"https:\\\/\\\/www.lifenatura.com\\\/wp-content\\\/uploads\\\/2021\\\/07\\\/logo.png\",\"contentUrl\":\"https:\\\/\\\/www.lifenatura.com\\\/wp-content\\\/uploads\\\/2021\\\/07\\\/logo.png\",\"width\":175,\"height\":55,\"caption\":\"Lifenatura\"},\"image\":{\"@id\":\"https:\\\/\\\/www.lifenatura.com\\\/es\\\/#\\\/schema\\\/logo\\\/image\\\/\"},\"sameAs\":[\"https:\\\/\\\/www.facebook.com\\\/lifenatura\",\"https:\\\/\\\/www.instagram.com\\\/lifenaturapt\\\/\"],\"hasMerchantReturnPolicy\":{\"@type\":\"MerchantReturnPolicy\",\"merchantReturnLink\":\"https:\\\/\\\/www.lifenatura.com\\\/termos-condicoes-lifenatura\\\/\"}}]}<\/script>\n<meta property=\"product:price:amount\" content=\"11.91\" \/>\n<meta property=\"product:price:currency\" content=\"EUR\" \/>\n<meta property=\"og:availability\" content=\"instock\" \/>\n<meta property=\"product:availability\" content=\"instock\" \/>\n<meta property=\"product:retailer_item_id\" content=\"5601436105847\" \/>\n<meta property=\"product:condition\" content=\"new\" \/>\n<!-- \/ Yoast SEO Premium plugin. -->","yoast_head_json":{"title":"Cerebrum Multivitaminas e Minerais 30 comprimidos - Natiris","description":"Cerebrum Multivitaminas y Minerales es indicado para mantener el equilibrio de vitaminas y minerales en su organismo, puede ser necesaria una suplementaci\u00f3n alimenticia espec\u00edfica.","robots":{"index":"index","follow":"follow","max-snippet":"max-snippet:-1","max-image-preview":"max-image-preview:large","max-video-preview":"max-video-preview:-1"},"canonical":"https:\/\/www.lifenatura.com\/es\/produto\/cerebrum-multivitaminas-e-minerais-30-comprimidos-natiris\/","og_locale":"es_ES","og_type":"article","og_title":"Cerebrum Multivitaminas e Minerais 30 comprimidos - Natiris - Na Lifenatura ao Melhor Pre\u00e7o | Envio 48h","og_description":"Compre Cerebrum Multivitaminas e Minerais 30 comprimidos - Natiris com envio r\u00e1pido. Entrega em 48h e portes gr\u00e1tis em compras >35\u20ac. Aproveite j\u00e1 na Lifenatura","og_url":"https:\/\/www.lifenatura.com\/es\/produto\/cerebrum-multivitaminas-e-minerais-30-comprimidos-natiris\/","og_site_name":"Lifenatura","article_publisher":"https:\/\/www.facebook.com\/lifenatura","article_modified_time":"2026-05-03T00:06:46+00:00","og_image":[{"width":1000,"height":1000,"url":"https:\/\/www.lifenatura.com\/wp-content\/uploads\/2021\/09\/gd_cerebrum-multivitaminicos-minerais.jpg","type":"image\/jpeg"}],"twitter_card":"summary_large_image","twitter_misc":{"Precio":"11,91&nbsp;&euro;","Disponibilidad":"Disponible"},"schema":{"@context":"https:\/\/schema.org","@graph":[{"@type":"WebPage","@id":"https:\/\/www.lifenatura.com\/es\/produto\/cerebrum-multivitaminas-e-minerais-30-comprimidos-natiris\/","url":"https:\/\/www.lifenatura.com\/es\/produto\/cerebrum-multivitaminas-e-minerais-30-comprimidos-natiris\/","name":"Cerebrum Multivitaminas e Minerais 30 comprimidos - Natiris","isPartOf":{"@id":"https:\/\/www.lifenatura.com\/es\/#website"},"primaryImageOfPage":{"@id":"https:\/\/www.lifenatura.com\/es\/produto\/cerebrum-multivitaminas-e-minerais-30-comprimidos-natiris\/#primaryimage"},"image":{"@id":"https:\/\/www.lifenatura.com\/es\/produto\/cerebrum-multivitaminas-e-minerais-30-comprimidos-natiris\/#primaryimage"},"thumbnailUrl":"https:\/\/www.lifenatura.com\/wp-content\/uploads\/2026\/03\/Cerebrum_Multivitaminas-Minerais.jpg","datePublished":"2021-09-30T09:32:54+00:00","dateModified":"2026-05-03T00:06:46+00:00","description":"Cerebrum Multivitaminas y Minerales es indicado para mantener el equilibrio de vitaminas y minerales en su organismo, puede ser necesaria una suplementaci\u00f3n alimenticia espec\u00edfica.","breadcrumb":{"@id":"https:\/\/www.lifenatura.com\/es\/produto\/cerebrum-multivitaminas-e-minerais-30-comprimidos-natiris\/#breadcrumb"},"inLanguage":"es","potentialAction":[{"@type":"ReadAction","target":["https:\/\/www.lifenatura.com\/es\/produto\/cerebrum-multivitaminas-e-minerais-30-comprimidos-natiris\/"]}]},{"@type":"ImageObject","inLanguage":"es","@id":"https:\/\/www.lifenatura.com\/es\/produto\/cerebrum-multivitaminas-e-minerais-30-comprimidos-natiris\/#primaryimage","url":"https:\/\/www.lifenatura.com\/wp-content\/uploads\/2026\/03\/Cerebrum_Multivitaminas-Minerais.jpg","contentUrl":"https:\/\/www.lifenatura.com\/wp-content\/uploads\/2026\/03\/Cerebrum_Multivitaminas-Minerais.jpg","width":600,"height":600},{"@type":"BreadcrumbList","@id":"https:\/\/www.lifenatura.com\/es\/produto\/cerebrum-multivitaminas-e-minerais-30-comprimidos-natiris\/#breadcrumb","itemListElement":[{"@type":"ListItem","position":1,"name":"In\u00edcio","item":"https:\/\/www.lifenatura.com\/es\/"},{"@type":"ListItem","position":2,"name":"Todos los Productos","item":"https:\/\/www.lifenatura.com\/es\/tienda\/"},{"@type":"ListItem","position":3,"name":"Cerebrum Multivitaminas e Minerais 30 comprimidos &#8211; Natiris"}]},{"@type":"WebSite","@id":"https:\/\/www.lifenatura.com\/es\/#website","url":"https:\/\/www.lifenatura.com\/es\/","name":"Lifenatura","description":"A Lifenatura \u00e9 uma loja de produtos naturais, cosm\u00e9tica natural e alimenta\u00e7\u00e3o Biol\u00f3gica.","publisher":{"@id":"https:\/\/www.lifenatura.com\/es\/#organization"},"potentialAction":[{"@type":"SearchAction","target":{"@type":"EntryPoint","urlTemplate":"https:\/\/www.lifenatura.com\/es\/?s={search_term_string}"},"query-input":{"@type":"PropertyValueSpecification","valueRequired":true,"valueName":"search_term_string"}}],"inLanguage":"es"},{"@type":"Organization","@id":"https:\/\/www.lifenatura.com\/es\/#organization","name":"Lifenatura","url":"https:\/\/www.lifenatura.com\/es\/","logo":{"@type":"ImageObject","inLanguage":"es","@id":"https:\/\/www.lifenatura.com\/es\/#\/schema\/logo\/image\/","url":"https:\/\/www.lifenatura.com\/wp-content\/uploads\/2021\/07\/logo.png","contentUrl":"https:\/\/www.lifenatura.com\/wp-content\/uploads\/2021\/07\/logo.png","width":175,"height":55,"caption":"Lifenatura"},"image":{"@id":"https:\/\/www.lifenatura.com\/es\/#\/schema\/logo\/image\/"},"sameAs":["https:\/\/www.facebook.com\/lifenatura","https:\/\/www.instagram.com\/lifenaturapt\/"],"hasMerchantReturnPolicy":{"@type":"MerchantReturnPolicy","merchantReturnLink":"https:\/\/www.lifenatura.com\/termos-condicoes-lifenatura\/"}}]},"product_price_amount":"11.91","product_price_currency":"EUR","og_availability":"instock","product_availability":"instock","product_retailer_item_id":"5601436105847","product_condition":"new"},"df_price":11.91,"df_sale_price":11.91,"df_regular_price":19.86,"df_image_link":"https:\/\/www.lifenatura.com\/wp-content\/uploads\/2026\/03\/Cerebrum_Multivitaminas-Minerais-300x300.jpg","_links":{"self":[{"href":"https:\/\/www.lifenatura.com\/es\/wp-json\/wp\/v2\/product\/36526","targetHints":{"allow":["GET"]}}],"collection":[{"href":"https:\/\/www.lifenatura.com\/es\/wp-json\/wp\/v2\/product"}],"about":[{"href":"https:\/\/www.lifenatura.com\/es\/wp-json\/wp\/v2\/types\/product"}],"wp:featuredmedia":[{"embeddable":true,"href":"https:\/\/www.lifenatura.com\/es\/wp-json\/wp\/v2\/media\/130602"}],"wp:attachment":[{"href":"https:\/\/www.lifenatura.com\/es\/wp-json\/wp\/v2\/media?parent=36526"}],"wp:term":[{"taxonomy":"product_brand","embeddable":true,"href":"https:\/\/www.lifenatura.com\/es\/wp-json\/wp\/v2\/product_brand?post=36526"},{"taxonomy":"product_cat","embeddable":true,"href":"https:\/\/www.lifenatura.com\/es\/wp-json\/wp\/v2\/product_cat?post=36526"},{"taxonomy":"product_tag","embeddable":true,"href":"https:\/\/www.lifenatura.com\/es\/wp-json\/wp\/v2\/product_tag?post=36526"}],"curies":[{"name":"wp","href":"https:\/\/api.w.org\/{rel}","templated":true}]}}