{"id":36523,"date":"2021-09-30T09:32:54","date_gmt":"2021-09-30T09:32:54","guid":{"rendered":"https:\/\/lifenatura.dev.agenciagetdigital.com\/produto\/cerebrum-forte-con-cerosomas-20-ampollas-natiris\/"},"modified":"2026-01-16T13:09:59","modified_gmt":"2026-01-16T13:09:59","slug":"cerebrum-forte-con-cerosomas-20-ampollas-natiris","status":"publish","type":"product","link":"https:\/\/www.lifenatura.com\/es\/produto\/cerebrum-forte-con-cerosomas-20-ampollas-natiris\/","title":{"rendered":"Cerebrum Forte con Cerosomas 20 ampollas &#8211; Natiris"},"content":{"rendered":"<p>Indicado para la Concentraci\u00f3n y la Memoria El Cerebrum fuerte con Cerosomas combina la lecitina de soja con fosfatidilcolina, extractos de plantas (Vinca minor), amino\u00e1cidos, vitaminas del Complejo B y minerales para optimizar el desempe\u00f1o cerebral, especialmente para personas adultas y que sufren de sobrecarga de trabajo. Los cerosomas permiten &#8220;transportar&#8221; las sustancias nutritivas naturales, (oligoelementos, vitaminas y extractos vegetales) que componen Cerebrum Fuerte, liber\u00e1ndolas directamente en las c\u00e9lulas correspondientes, garantizando as\u00ed la eficacia deseada. La vitamina B1 contribuye al normal funcionamiento del Sistema Nervioso El magnesio contribuye al normal metabolismo productor de energ\u00eda y para la reducci\u00f3n del cansancio y la fatiga. El cinc contribuye a una normal funci\u00f3n cognitiva. PRESENTACI\u00d3N 20 Ampollas.<\/p>\n","protected":false},"excerpt":{"rendered":"<p>Indicado para la Concentraci\u00f3n y la Memoria El Cerebrum fuerte con Cerosomas combina la lecitina de soja con fosfatidilcolina, extractos de plantas (Vinca minor), amino\u00e1cidos, vitaminas del Complejo B y minerales para optimizar el desempe\u00f1o cerebral, especialmente para personas adultas y que sufren de sobrecarga de trabajo. Los cerosomas permiten &#8220;transportar&#8221; las sustancias nutritivas naturales, [&#8230;]<\/p>\n<p><a class=\"btn btn-secondary understrap-read-more-link\" href=\"https:\/\/www.lifenatura.com\/es\/produto\/cerebrum-forte-con-cerosomas-20-ampollas-natiris\/\">Leer m\u00e1s&#8230;<span class=\"screen-reader-text\"> from Cerebrum Forte con Cerosomas 20 ampollas &#8211; Natiris<\/span><\/a><\/p>\n","protected":false},"featured_media":18155,"template":"","meta":{"_acf_changed":false},"product_brand":[8518],"product_cat":[7223,7659,7740,7179],"product_tag":[],"class_list":{"0":"post-36523","1":"product","2":"type-product","3":"status-publish","4":"has-post-thumbnail","6":"product_brand-cerebrum","7":"product_cat-concentracion-memoria-salud","8":"product_cat-ingrediente-natural-bio","9":"product_cat-magnesio-es","10":"product_cat-salud","12":"first","13":"instock","14":"shipping-taxable","15":"purchasable","16":"product-type-simple","17":"add-to-wishlist-before_image"},"acf":[],"yoast_head":"<!-- This site is optimized with the Yoast SEO Premium plugin v27.1 (Yoast SEO v27.4) - https:\/\/yoast.com\/product\/yoast-seo-premium-wordpress\/ -->\n<title>Cerebrum Forte con Cerosomas 20 ampollas - Natiris<\/title>\n<meta name=\"description\" content=\"Cerebrum Fuerte con Cerosomas es indicado para ayudar a estimular las neuronas y la memoria.\" \/>\n<meta name=\"robots\" content=\"index, follow, max-snippet:-1, max-image-preview:large, max-video-preview:-1\" \/>\n<link rel=\"canonical\" href=\"https:\/\/www.lifenatura.com\/es\/produto\/cerebrum-forte-con-cerosomas-20-ampollas-natiris\/\" \/>\n<meta property=\"og:locale\" content=\"es_ES\" \/>\n<meta property=\"og:type\" content=\"article\" \/>\n<meta property=\"og:title\" content=\"Cerebrum Forte con Cerosomas 20 ampollas - Natiris - Na Lifenatura ao Melhor Pre\u00e7o | Envio 48h\" \/>\n<meta property=\"og:description\" content=\"Compre Cerebrum Forte con Cerosomas 20 ampollas - Natiris com envio r\u00e1pido. Entrega em 48h e portes gr\u00e1tis em compras &gt;35\u20ac. Aproveite j\u00e1 na Lifenatura\" \/>\n<meta property=\"og:url\" content=\"https:\/\/www.lifenatura.com\/es\/produto\/cerebrum-forte-con-cerosomas-20-ampollas-natiris\/\" \/>\n<meta property=\"og:site_name\" content=\"Lifenatura\" \/>\n<meta property=\"article:publisher\" content=\"https:\/\/www.facebook.com\/lifenatura\" \/>\n<meta property=\"article:modified_time\" content=\"2026-01-16T13:09:59+00:00\" \/>\n<meta property=\"og:image\" content=\"https:\/\/www.lifenatura.com\/wp-content\/uploads\/2021\/09\/gd_cerebrum-forte-20-ampolas.jpg\" \/>\n\t<meta property=\"og:image:width\" content=\"1000\" \/>\n\t<meta property=\"og:image:height\" content=\"1000\" \/>\n\t<meta property=\"og:image:type\" content=\"image\/jpeg\" \/>\n<meta name=\"twitter:card\" content=\"summary_large_image\" \/>\n<meta name=\"twitter:label1\" content=\"Precio\" \/>\n\t<meta name=\"twitter:data1\" content=\"32,13&nbsp;&euro;\" \/>\n\t<meta name=\"twitter:label2\" content=\"Disponibilidad\" \/>\n\t<meta name=\"twitter:data2\" content=\"Disponible\" \/>\n<script type=\"application\/ld+json\" class=\"yoast-schema-graph\">{\"@context\":\"https:\\\/\\\/schema.org\",\"@graph\":[{\"@type\":\"WebPage\",\"@id\":\"https:\\\/\\\/www.lifenatura.com\\\/es\\\/produto\\\/cerebrum-forte-con-cerosomas-20-ampollas-natiris\\\/\",\"url\":\"https:\\\/\\\/www.lifenatura.com\\\/es\\\/produto\\\/cerebrum-forte-con-cerosomas-20-ampollas-natiris\\\/\",\"name\":\"Cerebrum Forte con Cerosomas 20 ampollas - Natiris\",\"isPartOf\":{\"@id\":\"https:\\\/\\\/www.lifenatura.com\\\/es\\\/#website\"},\"primaryImageOfPage\":{\"@id\":\"https:\\\/\\\/www.lifenatura.com\\\/es\\\/produto\\\/cerebrum-forte-con-cerosomas-20-ampollas-natiris\\\/#primaryimage\"},\"image\":{\"@id\":\"https:\\\/\\\/www.lifenatura.com\\\/es\\\/produto\\\/cerebrum-forte-con-cerosomas-20-ampollas-natiris\\\/#primaryimage\"},\"thumbnailUrl\":\"https:\\\/\\\/www.lifenatura.com\\\/wp-content\\\/uploads\\\/2021\\\/09\\\/gd_cerebrum-forte-20-ampolas.jpg\",\"datePublished\":\"2021-09-30T09:32:54+00:00\",\"dateModified\":\"2026-01-16T13:09:59+00:00\",\"description\":\"Cerebrum Fuerte con Cerosomas es indicado para ayudar a estimular las neuronas y la memoria.\",\"breadcrumb\":{\"@id\":\"https:\\\/\\\/www.lifenatura.com\\\/es\\\/produto\\\/cerebrum-forte-con-cerosomas-20-ampollas-natiris\\\/#breadcrumb\"},\"inLanguage\":\"es\",\"potentialAction\":[{\"@type\":\"ReadAction\",\"target\":[\"https:\\\/\\\/www.lifenatura.com\\\/es\\\/produto\\\/cerebrum-forte-con-cerosomas-20-ampollas-natiris\\\/\"]}]},{\"@type\":\"ImageObject\",\"inLanguage\":\"es\",\"@id\":\"https:\\\/\\\/www.lifenatura.com\\\/es\\\/produto\\\/cerebrum-forte-con-cerosomas-20-ampollas-natiris\\\/#primaryimage\",\"url\":\"https:\\\/\\\/www.lifenatura.com\\\/wp-content\\\/uploads\\\/2021\\\/09\\\/gd_cerebrum-forte-20-ampolas.jpg\",\"contentUrl\":\"https:\\\/\\\/www.lifenatura.com\\\/wp-content\\\/uploads\\\/2021\\\/09\\\/gd_cerebrum-forte-20-ampolas.jpg\",\"width\":1000,\"height\":1000,\"caption\":\"Cerebrum Forte con Cerosomas 20 ampollas - Natiris\"},{\"@type\":\"BreadcrumbList\",\"@id\":\"https:\\\/\\\/www.lifenatura.com\\\/es\\\/produto\\\/cerebrum-forte-con-cerosomas-20-ampollas-natiris\\\/#breadcrumb\",\"itemListElement\":[{\"@type\":\"ListItem\",\"position\":1,\"name\":\"In\u00edcio\",\"item\":\"https:\\\/\\\/www.lifenatura.com\\\/es\\\/\"},{\"@type\":\"ListItem\",\"position\":2,\"name\":\"Todos los Productos\",\"item\":\"https:\\\/\\\/www.lifenatura.com\\\/es\\\/tienda\\\/\"},{\"@type\":\"ListItem\",\"position\":3,\"name\":\"Cerebrum Forte con Cerosomas 20 ampollas &#8211; Natiris\"}]},{\"@type\":\"WebSite\",\"@id\":\"https:\\\/\\\/www.lifenatura.com\\\/es\\\/#website\",\"url\":\"https:\\\/\\\/www.lifenatura.com\\\/es\\\/\",\"name\":\"Lifenatura\",\"description\":\"A Lifenatura \u00e9 uma loja de produtos naturais, cosm\u00e9tica natural e alimenta\u00e7\u00e3o Biol\u00f3gica.\",\"publisher\":{\"@id\":\"https:\\\/\\\/www.lifenatura.com\\\/es\\\/#organization\"},\"potentialAction\":[{\"@type\":\"SearchAction\",\"target\":{\"@type\":\"EntryPoint\",\"urlTemplate\":\"https:\\\/\\\/www.lifenatura.com\\\/es\\\/?s={search_term_string}\"},\"query-input\":{\"@type\":\"PropertyValueSpecification\",\"valueRequired\":true,\"valueName\":\"search_term_string\"}}],\"inLanguage\":\"es\"},{\"@type\":\"Organization\",\"@id\":\"https:\\\/\\\/www.lifenatura.com\\\/es\\\/#organization\",\"name\":\"Lifenatura\",\"url\":\"https:\\\/\\\/www.lifenatura.com\\\/es\\\/\",\"logo\":{\"@type\":\"ImageObject\",\"inLanguage\":\"es\",\"@id\":\"https:\\\/\\\/www.lifenatura.com\\\/es\\\/#\\\/schema\\\/logo\\\/image\\\/\",\"url\":\"https:\\\/\\\/www.lifenatura.com\\\/wp-content\\\/uploads\\\/2021\\\/07\\\/logo.png\",\"contentUrl\":\"https:\\\/\\\/www.lifenatura.com\\\/wp-content\\\/uploads\\\/2021\\\/07\\\/logo.png\",\"width\":175,\"height\":55,\"caption\":\"Lifenatura\"},\"image\":{\"@id\":\"https:\\\/\\\/www.lifenatura.com\\\/es\\\/#\\\/schema\\\/logo\\\/image\\\/\"},\"sameAs\":[\"https:\\\/\\\/www.facebook.com\\\/lifenatura\",\"https:\\\/\\\/www.instagram.com\\\/lifenaturapt\\\/\"],\"hasMerchantReturnPolicy\":{\"@type\":\"MerchantReturnPolicy\",\"merchantReturnLink\":\"https:\\\/\\\/www.lifenatura.com\\\/termos-condicoes-lifenatura\\\/\"}}]}<\/script>\n<meta property=\"product:price:amount\" content=\"32.13\" \/>\n<meta property=\"product:price:currency\" content=\"EUR\" \/>\n<meta property=\"og:availability\" content=\"instock\" \/>\n<meta property=\"product:availability\" content=\"instock\" \/>\n<meta property=\"product:retailer_item_id\" content=\"5600073259364\" \/>\n<meta property=\"product:condition\" content=\"new\" \/>\n<!-- \/ Yoast SEO Premium plugin. -->","yoast_head_json":{"title":"Cerebrum Forte con Cerosomas 20 ampollas - Natiris","description":"Cerebrum Fuerte con Cerosomas es indicado para ayudar a estimular las neuronas y la memoria.","robots":{"index":"index","follow":"follow","max-snippet":"max-snippet:-1","max-image-preview":"max-image-preview:large","max-video-preview":"max-video-preview:-1"},"canonical":"https:\/\/www.lifenatura.com\/es\/produto\/cerebrum-forte-con-cerosomas-20-ampollas-natiris\/","og_locale":"es_ES","og_type":"article","og_title":"Cerebrum Forte con Cerosomas 20 ampollas - Natiris - Na Lifenatura ao Melhor Pre\u00e7o | Envio 48h","og_description":"Compre Cerebrum Forte con Cerosomas 20 ampollas - Natiris com envio r\u00e1pido. Entrega em 48h e portes gr\u00e1tis em compras >35\u20ac. Aproveite j\u00e1 na Lifenatura","og_url":"https:\/\/www.lifenatura.com\/es\/produto\/cerebrum-forte-con-cerosomas-20-ampollas-natiris\/","og_site_name":"Lifenatura","article_publisher":"https:\/\/www.facebook.com\/lifenatura","article_modified_time":"2026-01-16T13:09:59+00:00","og_image":[{"width":1000,"height":1000,"url":"https:\/\/www.lifenatura.com\/wp-content\/uploads\/2021\/09\/gd_cerebrum-forte-20-ampolas.jpg","type":"image\/jpeg"}],"twitter_card":"summary_large_image","twitter_misc":{"Precio":"32,13&nbsp;&euro;","Disponibilidad":"Disponible"},"schema":{"@context":"https:\/\/schema.org","@graph":[{"@type":"WebPage","@id":"https:\/\/www.lifenatura.com\/es\/produto\/cerebrum-forte-con-cerosomas-20-ampollas-natiris\/","url":"https:\/\/www.lifenatura.com\/es\/produto\/cerebrum-forte-con-cerosomas-20-ampollas-natiris\/","name":"Cerebrum Forte con Cerosomas 20 ampollas - Natiris","isPartOf":{"@id":"https:\/\/www.lifenatura.com\/es\/#website"},"primaryImageOfPage":{"@id":"https:\/\/www.lifenatura.com\/es\/produto\/cerebrum-forte-con-cerosomas-20-ampollas-natiris\/#primaryimage"},"image":{"@id":"https:\/\/www.lifenatura.com\/es\/produto\/cerebrum-forte-con-cerosomas-20-ampollas-natiris\/#primaryimage"},"thumbnailUrl":"https:\/\/www.lifenatura.com\/wp-content\/uploads\/2021\/09\/gd_cerebrum-forte-20-ampolas.jpg","datePublished":"2021-09-30T09:32:54+00:00","dateModified":"2026-01-16T13:09:59+00:00","description":"Cerebrum Fuerte con Cerosomas es indicado para ayudar a estimular las neuronas y la memoria.","breadcrumb":{"@id":"https:\/\/www.lifenatura.com\/es\/produto\/cerebrum-forte-con-cerosomas-20-ampollas-natiris\/#breadcrumb"},"inLanguage":"es","potentialAction":[{"@type":"ReadAction","target":["https:\/\/www.lifenatura.com\/es\/produto\/cerebrum-forte-con-cerosomas-20-ampollas-natiris\/"]}]},{"@type":"ImageObject","inLanguage":"es","@id":"https:\/\/www.lifenatura.com\/es\/produto\/cerebrum-forte-con-cerosomas-20-ampollas-natiris\/#primaryimage","url":"https:\/\/www.lifenatura.com\/wp-content\/uploads\/2021\/09\/gd_cerebrum-forte-20-ampolas.jpg","contentUrl":"https:\/\/www.lifenatura.com\/wp-content\/uploads\/2021\/09\/gd_cerebrum-forte-20-ampolas.jpg","width":1000,"height":1000,"caption":"Cerebrum Forte con Cerosomas 20 ampollas - Natiris"},{"@type":"BreadcrumbList","@id":"https:\/\/www.lifenatura.com\/es\/produto\/cerebrum-forte-con-cerosomas-20-ampollas-natiris\/#breadcrumb","itemListElement":[{"@type":"ListItem","position":1,"name":"In\u00edcio","item":"https:\/\/www.lifenatura.com\/es\/"},{"@type":"ListItem","position":2,"name":"Todos los Productos","item":"https:\/\/www.lifenatura.com\/es\/tienda\/"},{"@type":"ListItem","position":3,"name":"Cerebrum Forte con Cerosomas 20 ampollas &#8211; Natiris"}]},{"@type":"WebSite","@id":"https:\/\/www.lifenatura.com\/es\/#website","url":"https:\/\/www.lifenatura.com\/es\/","name":"Lifenatura","description":"A Lifenatura \u00e9 uma loja de produtos naturais, cosm\u00e9tica natural e alimenta\u00e7\u00e3o Biol\u00f3gica.","publisher":{"@id":"https:\/\/www.lifenatura.com\/es\/#organization"},"potentialAction":[{"@type":"SearchAction","target":{"@type":"EntryPoint","urlTemplate":"https:\/\/www.lifenatura.com\/es\/?s={search_term_string}"},"query-input":{"@type":"PropertyValueSpecification","valueRequired":true,"valueName":"search_term_string"}}],"inLanguage":"es"},{"@type":"Organization","@id":"https:\/\/www.lifenatura.com\/es\/#organization","name":"Lifenatura","url":"https:\/\/www.lifenatura.com\/es\/","logo":{"@type":"ImageObject","inLanguage":"es","@id":"https:\/\/www.lifenatura.com\/es\/#\/schema\/logo\/image\/","url":"https:\/\/www.lifenatura.com\/wp-content\/uploads\/2021\/07\/logo.png","contentUrl":"https:\/\/www.lifenatura.com\/wp-content\/uploads\/2021\/07\/logo.png","width":175,"height":55,"caption":"Lifenatura"},"image":{"@id":"https:\/\/www.lifenatura.com\/es\/#\/schema\/logo\/image\/"},"sameAs":["https:\/\/www.facebook.com\/lifenatura","https:\/\/www.instagram.com\/lifenaturapt\/"],"hasMerchantReturnPolicy":{"@type":"MerchantReturnPolicy","merchantReturnLink":"https:\/\/www.lifenatura.com\/termos-condicoes-lifenatura\/"}}]},"product_price_amount":"32.13","product_price_currency":"EUR","og_availability":"instock","product_availability":"instock","product_retailer_item_id":"5600073259364","product_condition":"new"},"df_price":32.13,"df_sale_price":"","df_regular_price":32.13,"df_image_link":"https:\/\/www.lifenatura.com\/wp-content\/uploads\/2021\/09\/gd_cerebrum-forte-20-ampolas-300x300.jpg","_links":{"self":[{"href":"https:\/\/www.lifenatura.com\/es\/wp-json\/wp\/v2\/product\/36523","targetHints":{"allow":["GET"]}}],"collection":[{"href":"https:\/\/www.lifenatura.com\/es\/wp-json\/wp\/v2\/product"}],"about":[{"href":"https:\/\/www.lifenatura.com\/es\/wp-json\/wp\/v2\/types\/product"}],"wp:featuredmedia":[{"embeddable":true,"href":"https:\/\/www.lifenatura.com\/es\/wp-json\/wp\/v2\/media\/18155"}],"wp:attachment":[{"href":"https:\/\/www.lifenatura.com\/es\/wp-json\/wp\/v2\/media?parent=36523"}],"wp:term":[{"taxonomy":"product_brand","embeddable":true,"href":"https:\/\/www.lifenatura.com\/es\/wp-json\/wp\/v2\/product_brand?post=36523"},{"taxonomy":"product_cat","embeddable":true,"href":"https:\/\/www.lifenatura.com\/es\/wp-json\/wp\/v2\/product_cat?post=36523"},{"taxonomy":"product_tag","embeddable":true,"href":"https:\/\/www.lifenatura.com\/es\/wp-json\/wp\/v2\/product_tag?post=36523"}],"curies":[{"name":"wp","href":"https:\/\/api.w.org\/{rel}","templated":true}]}}