{"id":36507,"date":"2021-09-30T09:32:34","date_gmt":"2021-09-30T09:32:34","guid":{"rendered":"https:\/\/lifenatura.dev.agenciagetdigital.com\/produto\/arcilla-verde-pronta-aplicar-1350-g-cattier\/"},"modified":"2026-01-16T13:09:54","modified_gmt":"2026-01-16T13:09:54","slug":"arcilla-verde-pronta-aplicar-1350-g-cattier","status":"publish","type":"product","link":"https:\/\/www.lifenatura.com\/es\/produto\/arcilla-verde-pronta-aplicar-1350-g-cattier\/","title":{"rendered":"Arcilla verde &#8211; pronta aplicar 1350 g &#8211; Cattier"},"content":{"rendered":"<p>M\u00e1scara facial de Argila Verde La arcilla verde de Cattier es una arcilla naturalmente rica en sales minerales y oligoelementos y cuyas propiedades han sido mejoradas por la acci\u00f3n del sol. La arcilla verde se puede utilizar en m\u00e1scaras faciales y corporales as\u00ed como en cataplasmas sobre la piel. Tiene una acci\u00f3n purificadora, absorbente y regeneradora de la piel, limpiando los poros en profundidad. Es particularmente adecuada para pieles mixtas y grasas. Es natural que se produzca alg\u00fan enrojecimiento temporal inmediatamente despu\u00e9s de la utilizaci\u00f3n de la arcilla. Antes de la primera aplicaci\u00f3n se recomienda realizar una prueba de sensibilidad en la parte interior del brazo. No utilizar en caso de una reacci\u00f3n al\u00e9rgica m\u00e1s prolongada. PRESENTACI\u00d3N 1,35Kg.<\/p>\n","protected":false},"excerpt":{"rendered":"<p>M\u00e1scara facial de Argila Verde La arcilla verde de Cattier es una arcilla naturalmente rica en sales minerales y oligoelementos y cuyas propiedades han sido mejoradas por la acci\u00f3n del sol. La arcilla verde se puede utilizar en m\u00e1scaras faciales y corporales as\u00ed como en cataplasmas sobre la piel. Tiene una acci\u00f3n purificadora, absorbente y [&#8230;]<\/p>\n<p><a class=\"btn btn-secondary understrap-read-more-link\" href=\"https:\/\/www.lifenatura.com\/es\/produto\/arcilla-verde-pronta-aplicar-1350-g-cattier\/\">Leer m\u00e1s&#8230;<span class=\"screen-reader-text\"> from Arcilla verde &#8211; pronta aplicar 1350 g &#8211; Cattier<\/span><\/a><\/p>\n","protected":false},"featured_media":18139,"template":"","meta":{"_acf_changed":false},"product_brand":[8520],"product_cat":[7291],"product_tag":[],"class_list":{"0":"post-36507","1":"product","2":"type-product","3":"status-publish","4":"has-post-thumbnail","6":"product_brand-cattier","7":"product_cat-agotados","9":"first","10":"outofstock","11":"shipping-taxable","12":"purchasable","13":"product-type-simple","14":"add-to-wishlist-before_image"},"acf":[],"yoast_head":"<!-- This site is optimized with the Yoast SEO Premium plugin v27.1 (Yoast SEO v27.5) - https:\/\/yoast.com\/product\/yoast-seo-premium-wordpress\/ -->\n<title>Arcilla verde - pronta aplicar 1350 g - Cattier<\/title>\n<meta name=\"description\" content=\"La arcilla verde de Cattier es una arcilla naturalmente rica en sales minerales y oligoelementos y cuyas propiedades han sido mejoradas por la acci\u00f3n del sol.\" \/>\n<meta name=\"robots\" content=\"index, follow, max-snippet:-1, max-image-preview:large, max-video-preview:-1\" \/>\n<link rel=\"canonical\" href=\"https:\/\/www.lifenatura.com\/es\/produto\/arcilla-verde-pronta-aplicar-1350-g-cattier\/\" \/>\n<meta property=\"og:locale\" content=\"es_ES\" \/>\n<meta property=\"og:type\" content=\"article\" \/>\n<meta property=\"og:title\" content=\"Arcilla verde - pronta aplicar 1350 g - Cattier - Na Lifenatura ao Melhor Pre\u00e7o | Envio 48h\" \/>\n<meta property=\"og:description\" content=\"Compre Arcilla verde - pronta aplicar 1350 g - Cattier com envio r\u00e1pido. Entrega em 48h e portes gr\u00e1tis em compras &gt;35\u20ac. Aproveite j\u00e1 na Lifenatura\" \/>\n<meta property=\"og:url\" content=\"https:\/\/www.lifenatura.com\/es\/produto\/arcilla-verde-pronta-aplicar-1350-g-cattier\/\" \/>\n<meta property=\"og:site_name\" content=\"Lifenatura\" \/>\n<meta property=\"article:publisher\" content=\"https:\/\/www.facebook.com\/lifenatura\" \/>\n<meta property=\"article:modified_time\" content=\"2026-01-16T13:09:54+00:00\" \/>\n<meta property=\"og:image\" content=\"https:\/\/www.lifenatura.com\/wp-content\/uploads\/2021\/09\/gd_cattier-argila-verde-pronta-1350g.jpg\" \/>\n\t<meta property=\"og:image:width\" content=\"1000\" \/>\n\t<meta property=\"og:image:height\" content=\"1000\" \/>\n\t<meta property=\"og:image:type\" content=\"image\/jpeg\" \/>\n<meta name=\"twitter:card\" content=\"summary_large_image\" \/>\n<meta name=\"twitter:label1\" content=\"Precio\" \/>\n\t<meta name=\"twitter:data1\" content=\"16,50&nbsp;&euro;\" \/>\n\t<meta name=\"twitter:label2\" content=\"Disponibilidad\" \/>\n\t<meta name=\"twitter:data2\" content=\"Sin existencias\" \/>\n<script type=\"application\/ld+json\" class=\"yoast-schema-graph\">{\"@context\":\"https:\\\/\\\/schema.org\",\"@graph\":[{\"@type\":\"WebPage\",\"@id\":\"https:\\\/\\\/www.lifenatura.com\\\/es\\\/produto\\\/arcilla-verde-pronta-aplicar-1350-g-cattier\\\/\",\"url\":\"https:\\\/\\\/www.lifenatura.com\\\/es\\\/produto\\\/arcilla-verde-pronta-aplicar-1350-g-cattier\\\/\",\"name\":\"Arcilla verde - pronta aplicar 1350 g - Cattier\",\"isPartOf\":{\"@id\":\"https:\\\/\\\/www.lifenatura.com\\\/es\\\/#website\"},\"primaryImageOfPage\":{\"@id\":\"https:\\\/\\\/www.lifenatura.com\\\/es\\\/produto\\\/arcilla-verde-pronta-aplicar-1350-g-cattier\\\/#primaryimage\"},\"image\":{\"@id\":\"https:\\\/\\\/www.lifenatura.com\\\/es\\\/produto\\\/arcilla-verde-pronta-aplicar-1350-g-cattier\\\/#primaryimage\"},\"thumbnailUrl\":\"https:\\\/\\\/www.lifenatura.com\\\/wp-content\\\/uploads\\\/2021\\\/09\\\/gd_cattier-argila-verde-pronta-1350g.jpg\",\"datePublished\":\"2021-09-30T09:32:34+00:00\",\"dateModified\":\"2026-01-16T13:09:54+00:00\",\"description\":\"La arcilla verde de Cattier es una arcilla naturalmente rica en sales minerales y oligoelementos y cuyas propiedades han sido mejoradas por la acci\u00f3n del sol.\",\"breadcrumb\":{\"@id\":\"https:\\\/\\\/www.lifenatura.com\\\/es\\\/produto\\\/arcilla-verde-pronta-aplicar-1350-g-cattier\\\/#breadcrumb\"},\"inLanguage\":\"es\",\"potentialAction\":[{\"@type\":\"ReadAction\",\"target\":[\"https:\\\/\\\/www.lifenatura.com\\\/es\\\/produto\\\/arcilla-verde-pronta-aplicar-1350-g-cattier\\\/\"]}]},{\"@type\":\"ImageObject\",\"inLanguage\":\"es\",\"@id\":\"https:\\\/\\\/www.lifenatura.com\\\/es\\\/produto\\\/arcilla-verde-pronta-aplicar-1350-g-cattier\\\/#primaryimage\",\"url\":\"https:\\\/\\\/www.lifenatura.com\\\/wp-content\\\/uploads\\\/2021\\\/09\\\/gd_cattier-argila-verde-pronta-1350g.jpg\",\"contentUrl\":\"https:\\\/\\\/www.lifenatura.com\\\/wp-content\\\/uploads\\\/2021\\\/09\\\/gd_cattier-argila-verde-pronta-1350g.jpg\",\"width\":1000,\"height\":1000,\"caption\":\"Arcilla verde - pronta aplicar 1350 g - Cattier\"},{\"@type\":\"BreadcrumbList\",\"@id\":\"https:\\\/\\\/www.lifenatura.com\\\/es\\\/produto\\\/arcilla-verde-pronta-aplicar-1350-g-cattier\\\/#breadcrumb\",\"itemListElement\":[{\"@type\":\"ListItem\",\"position\":1,\"name\":\"In\u00edcio\",\"item\":\"https:\\\/\\\/www.lifenatura.com\\\/es\\\/\"},{\"@type\":\"ListItem\",\"position\":2,\"name\":\"Todos los Productos\",\"item\":\"https:\\\/\\\/www.lifenatura.com\\\/es\\\/tienda\\\/\"},{\"@type\":\"ListItem\",\"position\":3,\"name\":\"Arcilla verde &#8211; pronta aplicar 1350 g &#8211; Cattier\"}]},{\"@type\":\"WebSite\",\"@id\":\"https:\\\/\\\/www.lifenatura.com\\\/es\\\/#website\",\"url\":\"https:\\\/\\\/www.lifenatura.com\\\/es\\\/\",\"name\":\"Lifenatura\",\"description\":\"A Lifenatura \u00e9 uma loja de produtos naturais, cosm\u00e9tica natural e alimenta\u00e7\u00e3o Biol\u00f3gica.\",\"publisher\":{\"@id\":\"https:\\\/\\\/www.lifenatura.com\\\/es\\\/#organization\"},\"potentialAction\":[{\"@type\":\"SearchAction\",\"target\":{\"@type\":\"EntryPoint\",\"urlTemplate\":\"https:\\\/\\\/www.lifenatura.com\\\/es\\\/?s={search_term_string}\"},\"query-input\":{\"@type\":\"PropertyValueSpecification\",\"valueRequired\":true,\"valueName\":\"search_term_string\"}}],\"inLanguage\":\"es\"},{\"@type\":\"Organization\",\"@id\":\"https:\\\/\\\/www.lifenatura.com\\\/es\\\/#organization\",\"name\":\"Lifenatura\",\"url\":\"https:\\\/\\\/www.lifenatura.com\\\/es\\\/\",\"logo\":{\"@type\":\"ImageObject\",\"inLanguage\":\"es\",\"@id\":\"https:\\\/\\\/www.lifenatura.com\\\/es\\\/#\\\/schema\\\/logo\\\/image\\\/\",\"url\":\"https:\\\/\\\/www.lifenatura.com\\\/wp-content\\\/uploads\\\/2021\\\/07\\\/logo.png\",\"contentUrl\":\"https:\\\/\\\/www.lifenatura.com\\\/wp-content\\\/uploads\\\/2021\\\/07\\\/logo.png\",\"width\":175,\"height\":55,\"caption\":\"Lifenatura\"},\"image\":{\"@id\":\"https:\\\/\\\/www.lifenatura.com\\\/es\\\/#\\\/schema\\\/logo\\\/image\\\/\"},\"sameAs\":[\"https:\\\/\\\/www.facebook.com\\\/lifenatura\",\"https:\\\/\\\/www.instagram.com\\\/lifenaturapt\\\/\"],\"hasMerchantReturnPolicy\":{\"@type\":\"MerchantReturnPolicy\",\"merchantReturnLink\":\"https:\\\/\\\/www.lifenatura.com\\\/termos-condicoes-lifenatura\\\/\"}}]}<\/script>\n<meta property=\"product:price:amount\" content=\"16.50\" \/>\n<meta property=\"product:price:currency\" content=\"EUR\" \/>\n<meta property=\"og:availability\" content=\"out of stock\" \/>\n<meta property=\"product:availability\" content=\"out of stock\" \/>\n<meta property=\"product:retailer_item_id\" content=\"3283950011075\" \/>\n<meta property=\"product:condition\" content=\"new\" \/>\n<!-- \/ Yoast SEO Premium plugin. -->","yoast_head_json":{"title":"Arcilla verde - pronta aplicar 1350 g - Cattier","description":"La arcilla verde de Cattier es una arcilla naturalmente rica en sales minerales y oligoelementos y cuyas propiedades han sido mejoradas por la acci\u00f3n del sol.","robots":{"index":"index","follow":"follow","max-snippet":"max-snippet:-1","max-image-preview":"max-image-preview:large","max-video-preview":"max-video-preview:-1"},"canonical":"https:\/\/www.lifenatura.com\/es\/produto\/arcilla-verde-pronta-aplicar-1350-g-cattier\/","og_locale":"es_ES","og_type":"article","og_title":"Arcilla verde - pronta aplicar 1350 g - Cattier - Na Lifenatura ao Melhor Pre\u00e7o | Envio 48h","og_description":"Compre Arcilla verde - pronta aplicar 1350 g - Cattier com envio r\u00e1pido. Entrega em 48h e portes gr\u00e1tis em compras >35\u20ac. Aproveite j\u00e1 na Lifenatura","og_url":"https:\/\/www.lifenatura.com\/es\/produto\/arcilla-verde-pronta-aplicar-1350-g-cattier\/","og_site_name":"Lifenatura","article_publisher":"https:\/\/www.facebook.com\/lifenatura","article_modified_time":"2026-01-16T13:09:54+00:00","og_image":[{"width":1000,"height":1000,"url":"https:\/\/www.lifenatura.com\/wp-content\/uploads\/2021\/09\/gd_cattier-argila-verde-pronta-1350g.jpg","type":"image\/jpeg"}],"twitter_card":"summary_large_image","twitter_misc":{"Precio":"16,50&nbsp;&euro;","Disponibilidad":"Sin existencias"},"schema":{"@context":"https:\/\/schema.org","@graph":[{"@type":"WebPage","@id":"https:\/\/www.lifenatura.com\/es\/produto\/arcilla-verde-pronta-aplicar-1350-g-cattier\/","url":"https:\/\/www.lifenatura.com\/es\/produto\/arcilla-verde-pronta-aplicar-1350-g-cattier\/","name":"Arcilla verde - pronta aplicar 1350 g - Cattier","isPartOf":{"@id":"https:\/\/www.lifenatura.com\/es\/#website"},"primaryImageOfPage":{"@id":"https:\/\/www.lifenatura.com\/es\/produto\/arcilla-verde-pronta-aplicar-1350-g-cattier\/#primaryimage"},"image":{"@id":"https:\/\/www.lifenatura.com\/es\/produto\/arcilla-verde-pronta-aplicar-1350-g-cattier\/#primaryimage"},"thumbnailUrl":"https:\/\/www.lifenatura.com\/wp-content\/uploads\/2021\/09\/gd_cattier-argila-verde-pronta-1350g.jpg","datePublished":"2021-09-30T09:32:34+00:00","dateModified":"2026-01-16T13:09:54+00:00","description":"La arcilla verde de Cattier es una arcilla naturalmente rica en sales minerales y oligoelementos y cuyas propiedades han sido mejoradas por la acci\u00f3n del sol.","breadcrumb":{"@id":"https:\/\/www.lifenatura.com\/es\/produto\/arcilla-verde-pronta-aplicar-1350-g-cattier\/#breadcrumb"},"inLanguage":"es","potentialAction":[{"@type":"ReadAction","target":["https:\/\/www.lifenatura.com\/es\/produto\/arcilla-verde-pronta-aplicar-1350-g-cattier\/"]}]},{"@type":"ImageObject","inLanguage":"es","@id":"https:\/\/www.lifenatura.com\/es\/produto\/arcilla-verde-pronta-aplicar-1350-g-cattier\/#primaryimage","url":"https:\/\/www.lifenatura.com\/wp-content\/uploads\/2021\/09\/gd_cattier-argila-verde-pronta-1350g.jpg","contentUrl":"https:\/\/www.lifenatura.com\/wp-content\/uploads\/2021\/09\/gd_cattier-argila-verde-pronta-1350g.jpg","width":1000,"height":1000,"caption":"Arcilla verde - pronta aplicar 1350 g - Cattier"},{"@type":"BreadcrumbList","@id":"https:\/\/www.lifenatura.com\/es\/produto\/arcilla-verde-pronta-aplicar-1350-g-cattier\/#breadcrumb","itemListElement":[{"@type":"ListItem","position":1,"name":"In\u00edcio","item":"https:\/\/www.lifenatura.com\/es\/"},{"@type":"ListItem","position":2,"name":"Todos los Productos","item":"https:\/\/www.lifenatura.com\/es\/tienda\/"},{"@type":"ListItem","position":3,"name":"Arcilla verde &#8211; pronta aplicar 1350 g &#8211; Cattier"}]},{"@type":"WebSite","@id":"https:\/\/www.lifenatura.com\/es\/#website","url":"https:\/\/www.lifenatura.com\/es\/","name":"Lifenatura","description":"A Lifenatura \u00e9 uma loja de produtos naturais, cosm\u00e9tica natural e alimenta\u00e7\u00e3o Biol\u00f3gica.","publisher":{"@id":"https:\/\/www.lifenatura.com\/es\/#organization"},"potentialAction":[{"@type":"SearchAction","target":{"@type":"EntryPoint","urlTemplate":"https:\/\/www.lifenatura.com\/es\/?s={search_term_string}"},"query-input":{"@type":"PropertyValueSpecification","valueRequired":true,"valueName":"search_term_string"}}],"inLanguage":"es"},{"@type":"Organization","@id":"https:\/\/www.lifenatura.com\/es\/#organization","name":"Lifenatura","url":"https:\/\/www.lifenatura.com\/es\/","logo":{"@type":"ImageObject","inLanguage":"es","@id":"https:\/\/www.lifenatura.com\/es\/#\/schema\/logo\/image\/","url":"https:\/\/www.lifenatura.com\/wp-content\/uploads\/2021\/07\/logo.png","contentUrl":"https:\/\/www.lifenatura.com\/wp-content\/uploads\/2021\/07\/logo.png","width":175,"height":55,"caption":"Lifenatura"},"image":{"@id":"https:\/\/www.lifenatura.com\/es\/#\/schema\/logo\/image\/"},"sameAs":["https:\/\/www.facebook.com\/lifenatura","https:\/\/www.instagram.com\/lifenaturapt\/"],"hasMerchantReturnPolicy":{"@type":"MerchantReturnPolicy","merchantReturnLink":"https:\/\/www.lifenatura.com\/termos-condicoes-lifenatura\/"}}]},"product_price_amount":"16.50","product_price_currency":"EUR","og_availability":"out of stock","product_availability":"out of stock","product_retailer_item_id":"3283950011075","product_condition":"new"},"df_price":16.5,"df_sale_price":"","df_regular_price":16.5,"df_image_link":"https:\/\/www.lifenatura.com\/wp-content\/uploads\/2021\/09\/gd_cattier-argila-verde-pronta-1350g-300x300.jpg","_links":{"self":[{"href":"https:\/\/www.lifenatura.com\/es\/wp-json\/wp\/v2\/product\/36507","targetHints":{"allow":["GET"]}}],"collection":[{"href":"https:\/\/www.lifenatura.com\/es\/wp-json\/wp\/v2\/product"}],"about":[{"href":"https:\/\/www.lifenatura.com\/es\/wp-json\/wp\/v2\/types\/product"}],"wp:featuredmedia":[{"embeddable":true,"href":"https:\/\/www.lifenatura.com\/es\/wp-json\/wp\/v2\/media\/18139"}],"wp:attachment":[{"href":"https:\/\/www.lifenatura.com\/es\/wp-json\/wp\/v2\/media?parent=36507"}],"wp:term":[{"taxonomy":"product_brand","embeddable":true,"href":"https:\/\/www.lifenatura.com\/es\/wp-json\/wp\/v2\/product_brand?post=36507"},{"taxonomy":"product_cat","embeddable":true,"href":"https:\/\/www.lifenatura.com\/es\/wp-json\/wp\/v2\/product_cat?post=36507"},{"taxonomy":"product_tag","embeddable":true,"href":"https:\/\/www.lifenatura.com\/es\/wp-json\/wp\/v2\/product_tag?post=36507"}],"curies":[{"name":"wp","href":"https:\/\/api.w.org\/{rel}","templated":true}]}}