{"id":36480,"date":"2021-09-30T09:31:53","date_gmt":"2021-09-30T09:31:53","guid":{"rendered":"https:\/\/lifenatura.dev.agenciagetdigital.com\/produto\/cartilogen-20-carteiras-pack-3\/"},"modified":"2026-04-21T00:00:46","modified_gmt":"2026-04-21T00:00:46","slug":"cartilogen-20-carteiras-pack-3","status":"publish","type":"product","link":"https:\/\/www.lifenatura.com\/es\/produto\/cartilogen-20-carteiras-pack-3\/","title":{"rendered":"Cartilogen 20 Carteiras Lleve 4 Pago 3"},"content":{"rendered":"<h2 style=\"text-align: left;\"><strong>Cartilogen regenera el cart\u00edlago Promo Lleve 4 Pago 3<\/strong><\/h2>\n<p>&nbsp;<\/p>\n<p>Cartilogen Carteiras est\u00e1 indicado para mejorar la salud de tus articulaciones, est\u00e1 enriquecido con Calcio el cual contribuye eficazmente al crecimiento y mantenimiento de una estructura \u00f3sea saludable, ahora en un paquete de 3 unidades.<\/p>\n<p><strong>Ahora disponible el pack promoci\u00f3n Lleve 4 Pago 3<\/strong><\/p>\n<p><strong>Principales beneficios del Cartilogen:<\/strong><\/p>\n<ul>\n<li>Favorece la salud de articulaciones, cart\u00edlagos y huesos<\/li>\n<li>Favorece la movilidad, la flexibilidad y el confort articular<\/li>\n<li>Contribuye a la formaci\u00f3n de col\u00e1geno (gracias a la vitamina C)<\/li>\n<li>F\u00f3rmula completa con col\u00e1geno, glucosamina, condroitina y \u00e1cido hialur\u00f3nico<\/li>\n<li>Pr\u00e1ctico en monodosis &#8211; ideal para el uso diario<\/li>\n<\/ul>\n<p><strong>Adecuado para:<\/strong><\/p>\n<ul>\n<li>Personas con desgaste articular o dolor en las articulaciones<\/li>\n<li>Deportistas y personas que realizan ejercicio intenso<\/li>\n<li>Personas mayores o con rigidez articular<\/li>\n<li>Personas que desean prevenir el desgaste articular a largo plazo<\/li>\n<\/ul>\n<p>La ingesta adecuada de calcio ayuda a formar un esqueleto sano, lo que a su vez minimiza la p\u00e9rdida \u00f3sea en la edad adulta.<\/p>\n<p>Cartilogen Portfolios tambi\u00e9n contiene vitamina D3 esencial para la absorci\u00f3n eficiente de calcio, mineralizaci\u00f3n \u00f3sea y crecimiento y reparaci\u00f3n \u00f3sea.<\/p>\n<p><strong>PRESENTACI\u00d3N <\/strong><\/p>\n<p>20 carteras x 4<\/p>\n<p>&nbsp;<\/p>\n","protected":false},"excerpt":{"rendered":"<p>Cartilogen Pack de 3 unidades en Billeteras con Glucosamina, cart\u00edlago de tibur\u00f3n y silicona, promueve una sensaci\u00f3n de bienestar articular y muscular. [&#8230;]<\/p>\n<p><a class=\"btn btn-secondary understrap-read-more-link\" href=\"https:\/\/www.lifenatura.com\/es\/produto\/cartilogen-20-carteiras-pack-3\/\">Leer m\u00e1s&#8230;<span class=\"screen-reader-text\"> from Cartilogen 20 Carteiras Lleve 4 Pago 3<\/span><\/a><\/p>\n","protected":false},"featured_media":112251,"template":"","meta":{"_acf_changed":false},"product_brand":[8521],"product_cat":[7154,7265,7713,7659,7263,8048,7179],"product_tag":[],"class_list":{"0":"post-36480","1":"product","2":"type-product","3":"status-publish","4":"has-post-thumbnail","6":"product_brand-cartilogen","7":"product_cat-cartilago-de-tiburon","8":"product_cat-cartilogen-packs-salud","9":"product_cat-glucosamina-es","10":"product_cat-ingrediente-natural-bio","11":"product_cat-packs-de-salud","12":"product_cat-paga-3-lleva-4","13":"product_cat-salud","15":"first","16":"outofstock","17":"sale","18":"shipping-taxable","19":"purchasable","20":"product-type-woosb","21":"add-to-wishlist-before_image"},"acf":[],"yoast_head":"<!-- This site is optimized with the Yoast SEO Premium plugin v27.1 (Yoast SEO v27.5) - https:\/\/yoast.com\/product\/yoast-seo-premium-wordpress\/ -->\n<title>Cartilogen 20 Sobres Lleve 4 Pago 3 - Lifenatura<\/title>\n<meta name=\"description\" content=\"Cartilogen Pack Lleve 4 Pago 3 con Glucosamina, cart\u00edlago de tibur\u00f3n y silicona, promueve una sensaci\u00f3n de bienestar articular y muscular.\" \/>\n<meta name=\"robots\" content=\"index, follow, max-snippet:-1, max-image-preview:large, max-video-preview:-1\" \/>\n<link rel=\"canonical\" href=\"https:\/\/www.lifenatura.com\/es\/produto\/cartilogen-20-carteiras-pack-3\/\" \/>\n<meta property=\"og:locale\" content=\"es_ES\" \/>\n<meta property=\"og:type\" content=\"article\" \/>\n<meta property=\"og:title\" content=\"Cartilogen 20 Carteiras Lleve 4 Pago 3 - Na Lifenatura ao Melhor Pre\u00e7o | Envio 48h\" \/>\n<meta property=\"og:description\" content=\"Compre Cartilogen 20 Carteiras Lleve 4 Pago 3 com envio r\u00e1pido. Entrega em 48h e portes gr\u00e1tis em compras &gt;35\u20ac. Aproveite j\u00e1 na Lifenatura\" \/>\n<meta property=\"og:url\" content=\"https:\/\/www.lifenatura.com\/es\/produto\/cartilogen-20-carteiras-pack-3\/\" \/>\n<meta property=\"og:site_name\" content=\"Lifenatura\" \/>\n<meta property=\"article:publisher\" content=\"https:\/\/www.facebook.com\/lifenatura\" \/>\n<meta property=\"article:modified_time\" content=\"2026-04-21T00:00:46+00:00\" \/>\n<meta property=\"og:image\" content=\"https:\/\/www.lifenatura.com\/wp-content\/uploads\/2025\/05\/cartilogen-20carteiras-p3l4.jpg\" \/>\n\t<meta property=\"og:image:width\" content=\"1000\" \/>\n\t<meta property=\"og:image:height\" content=\"1000\" \/>\n\t<meta property=\"og:image:type\" content=\"image\/jpeg\" \/>\n<meta name=\"twitter:card\" content=\"summary_large_image\" \/>\n<meta name=\"twitter:label1\" content=\"Precio\" \/>\n\t<meta name=\"twitter:data1\" content=\"70,72&nbsp;&euro;\" \/>\n\t<meta name=\"twitter:label2\" content=\"Disponibilidad\" \/>\n\t<meta name=\"twitter:data2\" content=\"Sin existencias\" \/>\n<script type=\"application\/ld+json\" class=\"yoast-schema-graph\">{\"@context\":\"https:\\\/\\\/schema.org\",\"@graph\":[{\"@type\":\"WebPage\",\"@id\":\"https:\\\/\\\/www.lifenatura.com\\\/es\\\/produto\\\/cartilogen-20-carteiras-pack-3\\\/\",\"url\":\"https:\\\/\\\/www.lifenatura.com\\\/es\\\/produto\\\/cartilogen-20-carteiras-pack-3\\\/\",\"name\":\"Cartilogen 20 Sobres Lleve 4 Pago 3 - Lifenatura\",\"isPartOf\":{\"@id\":\"https:\\\/\\\/www.lifenatura.com\\\/es\\\/#website\"},\"primaryImageOfPage\":{\"@id\":\"https:\\\/\\\/www.lifenatura.com\\\/es\\\/produto\\\/cartilogen-20-carteiras-pack-3\\\/#primaryimage\"},\"image\":{\"@id\":\"https:\\\/\\\/www.lifenatura.com\\\/es\\\/produto\\\/cartilogen-20-carteiras-pack-3\\\/#primaryimage\"},\"thumbnailUrl\":\"https:\\\/\\\/www.lifenatura.com\\\/wp-content\\\/uploads\\\/2025\\\/05\\\/cartilogen-20carteiras-p3l4.jpg\",\"datePublished\":\"2021-09-30T09:31:53+00:00\",\"dateModified\":\"2026-04-21T00:00:46+00:00\",\"description\":\"Cartilogen Pack Lleve 4 Pago 3 con Glucosamina, cart\u00edlago de tibur\u00f3n y silicona, promueve una sensaci\u00f3n de bienestar articular y muscular.\",\"breadcrumb\":{\"@id\":\"https:\\\/\\\/www.lifenatura.com\\\/es\\\/produto\\\/cartilogen-20-carteiras-pack-3\\\/#breadcrumb\"},\"inLanguage\":\"es\",\"potentialAction\":[{\"@type\":\"ReadAction\",\"target\":[\"https:\\\/\\\/www.lifenatura.com\\\/es\\\/produto\\\/cartilogen-20-carteiras-pack-3\\\/\"]}]},{\"@type\":\"ImageObject\",\"inLanguage\":\"es\",\"@id\":\"https:\\\/\\\/www.lifenatura.com\\\/es\\\/produto\\\/cartilogen-20-carteiras-pack-3\\\/#primaryimage\",\"url\":\"https:\\\/\\\/www.lifenatura.com\\\/wp-content\\\/uploads\\\/2025\\\/05\\\/cartilogen-20carteiras-p3l4.jpg\",\"contentUrl\":\"https:\\\/\\\/www.lifenatura.com\\\/wp-content\\\/uploads\\\/2025\\\/05\\\/cartilogen-20carteiras-p3l4.jpg\",\"width\":1000,\"height\":1000,\"caption\":\"Cartilogen 20 carteiras Leve 4 Pague 3\"},{\"@type\":\"BreadcrumbList\",\"@id\":\"https:\\\/\\\/www.lifenatura.com\\\/es\\\/produto\\\/cartilogen-20-carteiras-pack-3\\\/#breadcrumb\",\"itemListElement\":[{\"@type\":\"ListItem\",\"position\":1,\"name\":\"In\u00edcio\",\"item\":\"https:\\\/\\\/www.lifenatura.com\\\/es\\\/\"},{\"@type\":\"ListItem\",\"position\":2,\"name\":\"Todos los Productos\",\"item\":\"https:\\\/\\\/www.lifenatura.com\\\/es\\\/tienda\\\/\"},{\"@type\":\"ListItem\",\"position\":3,\"name\":\"Cartilogen 20 Carteiras Lleve 4 Pago 3\"}]},{\"@type\":\"WebSite\",\"@id\":\"https:\\\/\\\/www.lifenatura.com\\\/es\\\/#website\",\"url\":\"https:\\\/\\\/www.lifenatura.com\\\/es\\\/\",\"name\":\"Lifenatura\",\"description\":\"A Lifenatura \u00e9 uma loja de produtos naturais, cosm\u00e9tica natural e alimenta\u00e7\u00e3o Biol\u00f3gica.\",\"publisher\":{\"@id\":\"https:\\\/\\\/www.lifenatura.com\\\/es\\\/#organization\"},\"potentialAction\":[{\"@type\":\"SearchAction\",\"target\":{\"@type\":\"EntryPoint\",\"urlTemplate\":\"https:\\\/\\\/www.lifenatura.com\\\/es\\\/?s={search_term_string}\"},\"query-input\":{\"@type\":\"PropertyValueSpecification\",\"valueRequired\":true,\"valueName\":\"search_term_string\"}}],\"inLanguage\":\"es\"},{\"@type\":\"Organization\",\"@id\":\"https:\\\/\\\/www.lifenatura.com\\\/es\\\/#organization\",\"name\":\"Lifenatura\",\"url\":\"https:\\\/\\\/www.lifenatura.com\\\/es\\\/\",\"logo\":{\"@type\":\"ImageObject\",\"inLanguage\":\"es\",\"@id\":\"https:\\\/\\\/www.lifenatura.com\\\/es\\\/#\\\/schema\\\/logo\\\/image\\\/\",\"url\":\"https:\\\/\\\/www.lifenatura.com\\\/wp-content\\\/uploads\\\/2021\\\/07\\\/logo.png\",\"contentUrl\":\"https:\\\/\\\/www.lifenatura.com\\\/wp-content\\\/uploads\\\/2021\\\/07\\\/logo.png\",\"width\":175,\"height\":55,\"caption\":\"Lifenatura\"},\"image\":{\"@id\":\"https:\\\/\\\/www.lifenatura.com\\\/es\\\/#\\\/schema\\\/logo\\\/image\\\/\"},\"sameAs\":[\"https:\\\/\\\/www.facebook.com\\\/lifenatura\",\"https:\\\/\\\/www.instagram.com\\\/lifenaturapt\\\/\"],\"hasMerchantReturnPolicy\":{\"@type\":\"MerchantReturnPolicy\",\"merchantReturnLink\":\"https:\\\/\\\/www.lifenatura.com\\\/termos-condicoes-lifenatura\\\/\"}}]}<\/script>\n<meta property=\"product:price:amount\" content=\"70.72\" \/>\n<meta property=\"product:price:currency\" content=\"EUR\" \/>\n<meta property=\"og:availability\" content=\"out of stock\" \/>\n<meta property=\"product:availability\" content=\"out of stock\" \/>\n<meta property=\"product:retailer_item_id\" content=\"56054811122944\" \/>\n<meta property=\"product:condition\" content=\"new\" \/>\n<!-- \/ Yoast SEO Premium plugin. -->","yoast_head_json":{"title":"Cartilogen 20 Sobres Lleve 4 Pago 3 - Lifenatura","description":"Cartilogen Pack Lleve 4 Pago 3 con Glucosamina, cart\u00edlago de tibur\u00f3n y silicona, promueve una sensaci\u00f3n de bienestar articular y muscular.","robots":{"index":"index","follow":"follow","max-snippet":"max-snippet:-1","max-image-preview":"max-image-preview:large","max-video-preview":"max-video-preview:-1"},"canonical":"https:\/\/www.lifenatura.com\/es\/produto\/cartilogen-20-carteiras-pack-3\/","og_locale":"es_ES","og_type":"article","og_title":"Cartilogen 20 Carteiras Lleve 4 Pago 3 - Na Lifenatura ao Melhor Pre\u00e7o | Envio 48h","og_description":"Compre Cartilogen 20 Carteiras Lleve 4 Pago 3 com envio r\u00e1pido. Entrega em 48h e portes gr\u00e1tis em compras >35\u20ac. Aproveite j\u00e1 na Lifenatura","og_url":"https:\/\/www.lifenatura.com\/es\/produto\/cartilogen-20-carteiras-pack-3\/","og_site_name":"Lifenatura","article_publisher":"https:\/\/www.facebook.com\/lifenatura","article_modified_time":"2026-04-21T00:00:46+00:00","og_image":[{"width":1000,"height":1000,"url":"https:\/\/www.lifenatura.com\/wp-content\/uploads\/2025\/05\/cartilogen-20carteiras-p3l4.jpg","type":"image\/jpeg"}],"twitter_card":"summary_large_image","twitter_misc":{"Precio":"70,72&nbsp;&euro;","Disponibilidad":"Sin existencias"},"schema":{"@context":"https:\/\/schema.org","@graph":[{"@type":"WebPage","@id":"https:\/\/www.lifenatura.com\/es\/produto\/cartilogen-20-carteiras-pack-3\/","url":"https:\/\/www.lifenatura.com\/es\/produto\/cartilogen-20-carteiras-pack-3\/","name":"Cartilogen 20 Sobres Lleve 4 Pago 3 - Lifenatura","isPartOf":{"@id":"https:\/\/www.lifenatura.com\/es\/#website"},"primaryImageOfPage":{"@id":"https:\/\/www.lifenatura.com\/es\/produto\/cartilogen-20-carteiras-pack-3\/#primaryimage"},"image":{"@id":"https:\/\/www.lifenatura.com\/es\/produto\/cartilogen-20-carteiras-pack-3\/#primaryimage"},"thumbnailUrl":"https:\/\/www.lifenatura.com\/wp-content\/uploads\/2025\/05\/cartilogen-20carteiras-p3l4.jpg","datePublished":"2021-09-30T09:31:53+00:00","dateModified":"2026-04-21T00:00:46+00:00","description":"Cartilogen Pack Lleve 4 Pago 3 con Glucosamina, cart\u00edlago de tibur\u00f3n y silicona, promueve una sensaci\u00f3n de bienestar articular y muscular.","breadcrumb":{"@id":"https:\/\/www.lifenatura.com\/es\/produto\/cartilogen-20-carteiras-pack-3\/#breadcrumb"},"inLanguage":"es","potentialAction":[{"@type":"ReadAction","target":["https:\/\/www.lifenatura.com\/es\/produto\/cartilogen-20-carteiras-pack-3\/"]}]},{"@type":"ImageObject","inLanguage":"es","@id":"https:\/\/www.lifenatura.com\/es\/produto\/cartilogen-20-carteiras-pack-3\/#primaryimage","url":"https:\/\/www.lifenatura.com\/wp-content\/uploads\/2025\/05\/cartilogen-20carteiras-p3l4.jpg","contentUrl":"https:\/\/www.lifenatura.com\/wp-content\/uploads\/2025\/05\/cartilogen-20carteiras-p3l4.jpg","width":1000,"height":1000,"caption":"Cartilogen 20 carteiras Leve 4 Pague 3"},{"@type":"BreadcrumbList","@id":"https:\/\/www.lifenatura.com\/es\/produto\/cartilogen-20-carteiras-pack-3\/#breadcrumb","itemListElement":[{"@type":"ListItem","position":1,"name":"In\u00edcio","item":"https:\/\/www.lifenatura.com\/es\/"},{"@type":"ListItem","position":2,"name":"Todos los Productos","item":"https:\/\/www.lifenatura.com\/es\/tienda\/"},{"@type":"ListItem","position":3,"name":"Cartilogen 20 Carteiras Lleve 4 Pago 3"}]},{"@type":"WebSite","@id":"https:\/\/www.lifenatura.com\/es\/#website","url":"https:\/\/www.lifenatura.com\/es\/","name":"Lifenatura","description":"A Lifenatura \u00e9 uma loja de produtos naturais, cosm\u00e9tica natural e alimenta\u00e7\u00e3o Biol\u00f3gica.","publisher":{"@id":"https:\/\/www.lifenatura.com\/es\/#organization"},"potentialAction":[{"@type":"SearchAction","target":{"@type":"EntryPoint","urlTemplate":"https:\/\/www.lifenatura.com\/es\/?s={search_term_string}"},"query-input":{"@type":"PropertyValueSpecification","valueRequired":true,"valueName":"search_term_string"}}],"inLanguage":"es"},{"@type":"Organization","@id":"https:\/\/www.lifenatura.com\/es\/#organization","name":"Lifenatura","url":"https:\/\/www.lifenatura.com\/es\/","logo":{"@type":"ImageObject","inLanguage":"es","@id":"https:\/\/www.lifenatura.com\/es\/#\/schema\/logo\/image\/","url":"https:\/\/www.lifenatura.com\/wp-content\/uploads\/2021\/07\/logo.png","contentUrl":"https:\/\/www.lifenatura.com\/wp-content\/uploads\/2021\/07\/logo.png","width":175,"height":55,"caption":"Lifenatura"},"image":{"@id":"https:\/\/www.lifenatura.com\/es\/#\/schema\/logo\/image\/"},"sameAs":["https:\/\/www.facebook.com\/lifenatura","https:\/\/www.instagram.com\/lifenaturapt\/"],"hasMerchantReturnPolicy":{"@type":"MerchantReturnPolicy","merchantReturnLink":"https:\/\/www.lifenatura.com\/termos-condicoes-lifenatura\/"}}]},"product_price_amount":"70.72","product_price_currency":"EUR","og_availability":"out of stock","product_availability":"out of stock","product_retailer_item_id":"56054811122944","product_condition":"new"},"df_price":70.72,"df_sale_price":70.74,"df_regular_price":117.92,"df_image_link":"https:\/\/www.lifenatura.com\/wp-content\/uploads\/2025\/05\/cartilogen-20carteiras-p3l4-300x300.jpg","_links":{"self":[{"href":"https:\/\/www.lifenatura.com\/es\/wp-json\/wp\/v2\/product\/36480","targetHints":{"allow":["GET"]}}],"collection":[{"href":"https:\/\/www.lifenatura.com\/es\/wp-json\/wp\/v2\/product"}],"about":[{"href":"https:\/\/www.lifenatura.com\/es\/wp-json\/wp\/v2\/types\/product"}],"wp:featuredmedia":[{"embeddable":true,"href":"https:\/\/www.lifenatura.com\/es\/wp-json\/wp\/v2\/media\/112251"}],"wp:attachment":[{"href":"https:\/\/www.lifenatura.com\/es\/wp-json\/wp\/v2\/media?parent=36480"}],"wp:term":[{"taxonomy":"product_brand","embeddable":true,"href":"https:\/\/www.lifenatura.com\/es\/wp-json\/wp\/v2\/product_brand?post=36480"},{"taxonomy":"product_cat","embeddable":true,"href":"https:\/\/www.lifenatura.com\/es\/wp-json\/wp\/v2\/product_cat?post=36480"},{"taxonomy":"product_tag","embeddable":true,"href":"https:\/\/www.lifenatura.com\/es\/wp-json\/wp\/v2\/product_tag?post=36480"}],"curies":[{"name":"wp","href":"https:\/\/api.w.org\/{rel}","templated":true}]}}